{"id":10,"date":"2014-09-03T20:09:13","date_gmt":"2014-09-03T18:09:13","guid":{"rendered":"http:\/\/www.h-its.org\/de\/news\/"},"modified":"2019-12-10T11:56:12","modified_gmt":"2019-12-10T10:56:12","slug":"aktuelles","status":"publish","type":"page","link":"https:\/\/www.h-its.org\/de\/aktuelles\/","title":{"rendered":"Aktuelles"},"content":{"rendered":"\n<p>Auf diesen Seiten finden sich die aktuellsten Meldungen aus dem HITS, seien es Forschungsnews oder aber wichtige Neuigkeiten aus dem Institut. In der Rubrik Veranstaltung gibt es eine \u00dcbersicht zu allen unseren HITS Veranstaltungen, wie etwa wissenschaftlichen Workshops, unsere Kolloquiums-Serie und viele mehr.<\/p>\n\n\n  <div class=\"hits-blocks hits-news-block section-wrapper with-background alignfull\">\n    <div class=\"section-wrapper--inner\">\n      <div class=\"section-wrapper--content\">\n\n\n              <div class=\"headline-button\">\n          <h2>News<\/h2>\n                      <div class=\"headline-button--button-wrapper\">\n              <a href=\"https:\/\/www.h-its.org\/de\/news\/blog\/\" class=\"button wp-block-button\">Alle News<\/a>\n            <\/div>\n                  <\/div>\n      \n              <div class=\"post-grid three-columns\">\n                    \n<div class=\"post-preview\">\n  <a href=\"https:\/\/www.h-its.org\/de\/2026\/04\/07\/simplaix-phase2\/\" aria-label=\"Post Beitrag Vorschau Bild\">\n          <img loading=\"lazy\" decoding=\"async\" width=\"420\" height=\"242\" src=\"https:\/\/www.h-its.org\/de\/wp-content\/uploads\/sites\/2\/2022\/04\/SIMPLAIX_Logo_no_institutes-420x242.png\" class=\"attachment-thumbnail size-thumbnail wp-post-image\" alt=\"\" 0=\"post-preview--post-thumbnail\" srcset=\"https:\/\/www.h-its.org\/de\/wp-content\/uploads\/sites\/2\/2022\/04\/SIMPLAIX_Logo_no_institutes-420x242.png 420w, https:\/\/www.h-its.org\/de\/wp-content\/uploads\/sites\/2\/2022\/04\/SIMPLAIX_Logo_no_institutes-1x1.png 1w\" sizes=\"auto, (max-width: 639px) 98vw, (max-width: 1199px) 64vw, 420px\" \/>      <\/a>\n  <p class=\"font-m font-normal font-primary\">SIMPLAIX: Der &#8222;Booster&#8220; f\u00fcr die Molek\u00fclforschung geht in die n\u00e4chste Phase<\/p>\n  <div class=\"meta\">\n    <div class=\"date\">7.04.2026<\/div>\n  <\/div>\n  <div class=\"show-for-medium\">\n    <p>Computersimulationen und K\u00fcnstliche Intelligenz sind die Hauptpfeiler der \u201eSIMPLAIX\u201c-Kooperation, initiiert vom Heidelberger Institut f\u00fcr Theoretische Studien (HITS). Gemeinsam &#8230;<\/p>\n  <\/div>\n  <a href=\"https:\/\/www.h-its.org\/de\/2026\/04\/07\/simplaix-phase2\/\" class=\"read-more-button\">Mehr erfahren<\/a>\n<\/div>\n                    \n<div class=\"post-preview\">\n  <a href=\"https:\/\/www.h-its.org\/de\/2026\/03\/24\/gneiting-wald-award\/\" aria-label=\"Post Beitrag Vorschau Bild\">\n          <img loading=\"lazy\" decoding=\"async\" width=\"420\" height=\"242\" src=\"https:\/\/www.h-its.org\/de\/wp-content\/uploads\/sites\/2\/2014\/10\/Google_a-420x242.jpg\" class=\"attachment-thumbnail size-thumbnail wp-post-image\" alt=\"\" 0=\"post-preview--post-thumbnail\" \/>      <\/a>\n  <p class=\"font-m font-normal font-primary\">Tilmann Gneiting erh\u00e4lt den \u201cWald Memorial Award\u201d<\/p>\n  <div class=\"meta\">\n    <div class=\"date\">24.03.2026<\/div>\n  <\/div>\n  <div class=\"show-for-medium\">\n    <p>Das Institute of Mathematical Statistics (IMS) zeichnet HITS-Gruppenleiter Tilmann Gneiting f\u00fcr seine Beitr\u00e4ge zur Entwicklung der Statistik mit dem \u201e&#8230;<\/p>\n  <\/div>\n  <a href=\"https:\/\/www.h-its.org\/de\/2026\/03\/24\/gneiting-wald-award\/\" class=\"read-more-button\">Mehr erfahren<\/a>\n<\/div>\n                    \n<div class=\"post-preview\">\n  <a href=\"https:\/\/www.h-its.org\/de\/2026\/03\/05\/habilitation-von-hitster-fabian-schneider\/\" aria-label=\"Post Beitrag Vorschau Bild\">\n          <img loading=\"lazy\" decoding=\"async\" width=\"420\" height=\"242\" src=\"https:\/\/www.h-its.org\/de\/wp-content\/uploads\/sites\/2\/2026\/03\/Fabian_Schneider_Habil_web-420x242.jpg\" class=\"attachment-thumbnail size-thumbnail wp-post-image\" alt=\"HITS Junior Gruppenleiter Fabian Schneider erh\u00e4lt seine Venia Legendi.\" 0=\"post-preview--post-thumbnail\" srcset=\"https:\/\/www.h-its.org\/de\/wp-content\/uploads\/sites\/2\/2026\/03\/Fabian_Schneider_Habil_web-420x242.jpg 420w, https:\/\/www.h-its.org\/de\/wp-content\/uploads\/sites\/2\/2026\/03\/Fabian_Schneider_Habil_web-1x1.jpg 1w\" sizes=\"auto, (max-width: 639px) 98vw, (max-width: 1199px) 64vw, 420px\" \/>      <\/a>\n  <p class=\"font-m font-normal font-primary\">Habilitation von HITSter Fabian Schneider<\/p>\n  <div class=\"meta\">\n    <div class=\"date\">5.03.2026<\/div>\n  <\/div>\n  <div class=\"show-for-medium\">\n    <p>HITS Junior Gruppenleiter Fabian Schneider hat seine Habilitation an der Fakult\u00e4t f\u00fcr Physik und Astronomie der Universit\u00e4t Heidelberg &#8230;<\/p>\n  <\/div>\n  <a href=\"https:\/\/www.h-its.org\/de\/2026\/03\/05\/habilitation-von-hitster-fabian-schneider\/\" class=\"read-more-button\">Mehr erfahren<\/a>\n<\/div>\n                  <\/div>\n              \n    <\/div>\n  <\/div>\n<\/div>\n\n\n      <div class=\"hits-blocks hits-events-block section-wrapper  alignfull\">\n      <div class=\"section-wrapper--inner\">\n        <div class=\"section-wrapper--content\">\n\n  \n                  <div class=\"headline-button\">\n            <h2>Veranstaltungen<\/h2>\n          <\/div>\n        \n        <div class=\"hits-event-list\">\n          \n<div class=\"event-preview\">\n  <div class=\"event-preview--date-time\">\n    <div class=\"from date-time--line\">\n      <div>\n        Von      <\/div>\n      <div>\n        4 Mai 2026      <\/div>\n      <div>\n        Bis      <\/div>\n      <div>\n        6 Mai 2026      <\/div>\n    <\/div>\n    <\/p>\n  <\/div>\n  <div class=\"event-preview--description\">\n    <a href=\"https:\/\/www.h-its.org\/de\/event\/sbmc-2026\/\">\n      <h3>Systems Biology of Mammalians Cells \u2013 SBMC2026 \u2013 From Data Model to E-Health<\/h3>\n    <\/a>\n          <p>Barockschloss Mannheim<\/p>\n      <\/div>\n<\/div>\n\n<div class=\"event-preview\">\n  <div class=\"event-preview--date-time\">\n    <div class=\"from date-time--line\">\n      <div>\n        Von      <\/div>\n      <div>\n        6 Mai 2026      <\/div>\n      <div>\n        Bis      <\/div>\n      <div>\n        8 Mai 2026      <\/div>\n    <\/div>\n    <\/p>\n  <\/div>\n  <div class=\"event-preview--description\">\n    <a href=\"https:\/\/www.h-its.org\/de\/event\/4th-simplaix-workshop-on-machine-learning-for-multiscale-molecular-modeling\/\">\n      <h3>4th SIMPLAIX Workshop on \u201cMachine Learning for Multiscale Molecular Modeling\u201d<\/h3>\n    <\/a>\n          <p>Studio Villa Bosch<\/p>\n      <\/div>\n<\/div>\n\n<div class=\"event-preview\">\n  <div class=\"event-preview--date-time\">\n    <div class=\"from date-time--line\">\n      <div>\n        Von      <\/div>\n      <div>\n        11 Mai 2026, 14:00 Uhr       <\/div>\n      <div>\n        Bis      <\/div>\n      <div>\n        11 Mai 2026, 15:00 Uhr      <\/div>\n    <\/div>\n    <\/p>\n  <\/div>\n  <div class=\"event-preview--description\">\n    <a href=\"https:\/\/www.h-its.org\/de\/event\/hits-colloquium-alexander-mader-flooding-the-zone-with-ai-brauchen-wir-noch-menschen-in-der-wissenschaftskommunikation\/\">\n      <h3>HITS Colloquium Alexander M\u00e4der: Flooding the zone with AI &#8211; brauchen wir noch Menschen in der Wissenschaftskommunikation?<\/h3>\n    <\/a>\n          <p>Studio Villa Bosch<\/p>\n      <\/div>\n<\/div>\n        <\/div>\n\n                    <a href=\"https:\/\/www.h-its.org\/de\/events\/\" class=\"button wp-block-button\">Alle Veranstaltungen<\/a>\n        \n        \n        <\/div>\n    <\/div>\n  <\/div>\n  ","protected":false},"excerpt":{"rendered":"<p>Auf diesen Seiten finden sich die aktuellsten Meldungen aus dem HITS, seien es Forschungsnews oder aber wichtige Neuigkeiten aus dem Institut. &#8230;<\/p>\n","protected":false},"author":1,"featured_media":40606,"parent":0,"menu_order":4,"comment_status":"closed","ping_status":"closed","template":"","meta":{"_acf_changed":false,"inline_featured_image":false,"footnotes":""},"hits-research-group":[1333],"class_list":["post-10","page","type-page","status-publish","has-post-thumbnail","hentry","hits-research-group-communications"],"acf":[],"yoast_head":"<!-- This site is optimized with the Yoast SEO plugin v27.2 - https:\/\/yoast.com\/product\/yoast-seo-wordpress\/ -->\n<title>Aktuelles - HITS gGmbH<\/title>\n<meta name=\"robots\" content=\"index, follow, max-snippet:-1, max-image-preview:large, max-video-preview:-1\" \/>\n<link rel=\"canonical\" href=\"https:\/\/www.h-its.org\/de\/aktuelles\/\" \/>\n<meta property=\"og:locale\" content=\"de_DE\" \/>\n<meta property=\"og:type\" content=\"article\" \/>\n<meta property=\"og:title\" content=\"Aktuelles - HITS gGmbH\" \/>\n<meta property=\"og:description\" content=\"Auf diesen Seiten finden sich die aktuellsten Meldungen aus dem HITS, seien es Forschungsnews oder aber wichtige Neuigkeiten aus dem Institut. ...\" \/>\n<meta property=\"og:url\" content=\"https:\/\/www.h-its.org\/de\/aktuelles\/\" \/>\n<meta property=\"og:site_name\" content=\"HITS gGmbH\" \/>\n<meta property=\"article:modified_time\" content=\"2019-12-10T10:56:12+00:00\" \/>\n<meta property=\"og:image\" content=\"https:\/\/www.h-its.org\/de\/wp-content\/uploads\/sites\/2\/2019\/12\/News.jpg\" \/>\n\t<meta property=\"og:image:width\" content=\"1340\" \/>\n\t<meta property=\"og:image:height\" content=\"450\" \/>\n\t<meta property=\"og:image:type\" content=\"image\/jpeg\" \/>\n<meta name=\"twitter:card\" content=\"summary_large_image\" \/>\n<script type=\"application\/ld+json\" class=\"yoast-schema-graph\">{\"@context\":\"https:\/\/schema.org\",\"@graph\":[{\"@type\":\"WebPage\",\"@id\":\"https:\/\/www.h-its.org\/de\/aktuelles\/\",\"url\":\"https:\/\/www.h-its.org\/de\/aktuelles\/\",\"name\":\"Aktuelles - HITS gGmbH\",\"isPartOf\":{\"@id\":\"https:\/\/www.h-its.org\/de\/#website\"},\"primaryImageOfPage\":{\"@id\":\"https:\/\/www.h-its.org\/de\/aktuelles\/#primaryimage\"},\"image\":{\"@id\":\"https:\/\/www.h-its.org\/de\/aktuelles\/#primaryimage\"},\"thumbnailUrl\":\"https:\/\/www.h-its.org\/de\/wp-content\/uploads\/sites\/2\/2019\/12\/News.jpg\",\"datePublished\":\"2014-09-03T18:09:13+00:00\",\"dateModified\":\"2019-12-10T10:56:12+00:00\",\"breadcrumb\":{\"@id\":\"https:\/\/www.h-its.org\/de\/aktuelles\/#breadcrumb\"},\"inLanguage\":\"de\",\"potentialAction\":[{\"@type\":\"ReadAction\",\"target\":[\"https:\/\/www.h-its.org\/de\/aktuelles\/\"]}]},{\"@type\":\"ImageObject\",\"inLanguage\":\"de\",\"@id\":\"https:\/\/www.h-its.org\/de\/aktuelles\/#primaryimage\",\"url\":\"https:\/\/www.h-its.org\/de\/wp-content\/uploads\/sites\/2\/2019\/12\/News.jpg\",\"contentUrl\":\"https:\/\/www.h-its.org\/de\/wp-content\/uploads\/sites\/2\/2019\/12\/News.jpg\",\"width\":1340,\"height\":450},{\"@type\":\"BreadcrumbList\",\"@id\":\"https:\/\/www.h-its.org\/de\/aktuelles\/#breadcrumb\",\"itemListElement\":[{\"@type\":\"ListItem\",\"position\":1,\"name\":\"Home\",\"item\":\"https:\/\/www.h-its.org\/de\/\"},{\"@type\":\"ListItem\",\"position\":2,\"name\":\"Aktuelles\"}]},{\"@type\":\"WebSite\",\"@id\":\"https:\/\/www.h-its.org\/de\/#website\",\"url\":\"https:\/\/www.h-its.org\/de\/\",\"name\":\"HITS gGmbH\",\"description\":\"Heidelberg Institute for Theoretical Studies\",\"potentialAction\":[{\"@type\":\"SearchAction\",\"target\":{\"@type\":\"EntryPoint\",\"urlTemplate\":\"https:\/\/www.h-its.org\/de\/?s={search_term_string}\"},\"query-input\":{\"@type\":\"PropertyValueSpecification\",\"valueRequired\":true,\"valueName\":\"search_term_string\"}}],\"inLanguage\":\"de\"}]}<\/script>\n<!-- \/ Yoast SEO plugin. -->","yoast_head_json":{"title":"Aktuelles - HITS gGmbH","robots":{"index":"index","follow":"follow","max-snippet":"max-snippet:-1","max-image-preview":"max-image-preview:large","max-video-preview":"max-video-preview:-1"},"canonical":"https:\/\/www.h-its.org\/de\/aktuelles\/","og_locale":"de_DE","og_type":"article","og_title":"Aktuelles - HITS gGmbH","og_description":"Auf diesen Seiten finden sich die aktuellsten Meldungen aus dem HITS, seien es Forschungsnews oder aber wichtige Neuigkeiten aus dem Institut. ...","og_url":"https:\/\/www.h-its.org\/de\/aktuelles\/","og_site_name":"HITS gGmbH","article_modified_time":"2019-12-10T10:56:12+00:00","og_image":[{"width":1340,"height":450,"url":"https:\/\/www.h-its.org\/de\/wp-content\/uploads\/sites\/2\/2019\/12\/News.jpg","type":"image\/jpeg"}],"twitter_card":"summary_large_image","schema":{"@context":"https:\/\/schema.org","@graph":[{"@type":"WebPage","@id":"https:\/\/www.h-its.org\/de\/aktuelles\/","url":"https:\/\/www.h-its.org\/de\/aktuelles\/","name":"Aktuelles - HITS gGmbH","isPartOf":{"@id":"https:\/\/www.h-its.org\/de\/#website"},"primaryImageOfPage":{"@id":"https:\/\/www.h-its.org\/de\/aktuelles\/#primaryimage"},"image":{"@id":"https:\/\/www.h-its.org\/de\/aktuelles\/#primaryimage"},"thumbnailUrl":"https:\/\/www.h-its.org\/de\/wp-content\/uploads\/sites\/2\/2019\/12\/News.jpg","datePublished":"2014-09-03T18:09:13+00:00","dateModified":"2019-12-10T10:56:12+00:00","breadcrumb":{"@id":"https:\/\/www.h-its.org\/de\/aktuelles\/#breadcrumb"},"inLanguage":"de","potentialAction":[{"@type":"ReadAction","target":["https:\/\/www.h-its.org\/de\/aktuelles\/"]}]},{"@type":"ImageObject","inLanguage":"de","@id":"https:\/\/www.h-its.org\/de\/aktuelles\/#primaryimage","url":"https:\/\/www.h-its.org\/de\/wp-content\/uploads\/sites\/2\/2019\/12\/News.jpg","contentUrl":"https:\/\/www.h-its.org\/de\/wp-content\/uploads\/sites\/2\/2019\/12\/News.jpg","width":1340,"height":450},{"@type":"BreadcrumbList","@id":"https:\/\/www.h-its.org\/de\/aktuelles\/#breadcrumb","itemListElement":[{"@type":"ListItem","position":1,"name":"Home","item":"https:\/\/www.h-its.org\/de\/"},{"@type":"ListItem","position":2,"name":"Aktuelles"}]},{"@type":"WebSite","@id":"https:\/\/www.h-its.org\/de\/#website","url":"https:\/\/www.h-its.org\/de\/","name":"HITS gGmbH","description":"Heidelberg Institute for Theoretical Studies","potentialAction":[{"@type":"SearchAction","target":{"@type":"EntryPoint","urlTemplate":"https:\/\/www.h-its.org\/de\/?s={search_term_string}"},"query-input":{"@type":"PropertyValueSpecification","valueRequired":true,"valueName":"search_term_string"}}],"inLanguage":"de"}]}},"publishpress_future_action":{"enabled":false,"date":"2026-04-16 16:03:36","action":"change-status","newStatus":"draft","terms":[],"taxonomy":"hits-research-group","extraData":[]},"publishpress_future_workflow_manual_trigger":{"enabledWorkflows":[]},"_links":{"self":[{"href":"https:\/\/www.h-its.org\/de\/wp-json\/wp\/v2\/pages\/10","targetHints":{"allow":["GET"]}}],"collection":[{"href":"https:\/\/www.h-its.org\/de\/wp-json\/wp\/v2\/pages"}],"about":[{"href":"https:\/\/www.h-its.org\/de\/wp-json\/wp\/v2\/types\/page"}],"author":[{"embeddable":true,"href":"https:\/\/www.h-its.org\/de\/wp-json\/wp\/v2\/users\/1"}],"replies":[{"embeddable":true,"href":"https:\/\/www.h-its.org\/de\/wp-json\/wp\/v2\/comments?post=10"}],"version-history":[{"count":23,"href":"https:\/\/www.h-its.org\/de\/wp-json\/wp\/v2\/pages\/10\/revisions"}],"predecessor-version":[{"id":40607,"href":"https:\/\/www.h-its.org\/de\/wp-json\/wp\/v2\/pages\/10\/revisions\/40607"}],"wp:featuredmedia":[{"embeddable":true,"href":"https:\/\/www.h-its.org\/de\/wp-json\/wp\/v2\/media\/40606"}],"wp:attachment":[{"href":"https:\/\/www.h-its.org\/de\/wp-json\/wp\/v2\/media?parent=10"}],"wp:term":[{"taxonomy":"hits-research-group","embeddable":true,"href":"https:\/\/www.h-its.org\/de\/wp-json\/wp\/v2\/hits-research-group?post=10"}],"curies":[{"name":"wp","href":"https:\/\/api.w.org\/{rel}","templated":true}]}}