{"id":10195,"date":"2015-08-21T13:50:12","date_gmt":"2015-08-21T11:50:12","guid":{"rendered":"http:\/\/www.h-its.org\/?page_id=10195"},"modified":"2019-06-06T14:10:54","modified_gmt":"2019-06-06T12:10:54","slug":"aktuelles","status":"publish","type":"page","link":"https:\/\/www.h-its.org\/de\/forschung\/grg\/aktuelles\/","title":{"rendered":"Aktuelles"},"content":{"rendered":"\n  <div class=\"hits-blocks hits-news-block\">\n\n\n      \n              <div class=\"post-grid two-columns\">\n                    \n<div class=\"post-preview\">\n  <a href=\"https:\/\/www.h-its.org\/de\/2023\/07\/13\/wienhard-hits-fellow\/\" aria-label=\"Post Beitrag Vorschau Bild\">\n          <img loading=\"lazy\" decoding=\"async\" width=\"420\" height=\"242\" src=\"https:\/\/www.h-its.org\/de\/wp-content\/uploads\/sites\/2\/2023\/07\/Wienhard_Gneiting_DSC_3079-420x242.jpg\" class=\"attachment-thumbnail size-thumbnail wp-post-image\" alt=\"\" 0=\"post-preview--post-thumbnail\" srcset=\"https:\/\/www.h-its.org\/de\/wp-content\/uploads\/sites\/2\/2023\/07\/Wienhard_Gneiting_DSC_3079-420x242.jpg 420w, https:\/\/www.h-its.org\/de\/wp-content\/uploads\/sites\/2\/2023\/07\/Wienhard_Gneiting_DSC_3079-2x1.jpg 2w\" sizes=\"auto, (max-width: 639px) 98vw, (max-width: 1199px) 64vw, 420px\" \/>      <\/a>\n  <p class=\"font-m font-normal font-primary\">Ein Kolloquium mit Auszeichnung<\/p>\n  <div class=\"meta\">\n    <div class=\"date\">13.07.2023<\/div>\n  <\/div>\n  <div class=\"show-for-medium\">\n    <p>Die Mathematikerin und fr\u00fchere HITS-Gruppenleiterin Anna Wienhard wurde zum &#8222;HITS Fellow&#8220; ernannt, der h\u00f6chsten Auszeichnung, die das Institut vergibt. &#8230;<\/p>\n  <\/div>\n  <a href=\"https:\/\/www.h-its.org\/de\/2023\/07\/13\/wienhard-hits-fellow\/\" class=\"read-more-button\">Mehr erfahren<\/a>\n<\/div>\n                    \n<div class=\"post-preview\">\n  <a href=\"https:\/\/www.h-its.org\/de\/2022\/11\/04\/anna-wienhard-mpi\/\" aria-label=\"Post Beitrag Vorschau Bild\">\n          <img loading=\"lazy\" decoding=\"async\" width=\"420\" height=\"242\" src=\"https:\/\/www.h-its.org\/de\/wp-content\/uploads\/sites\/2\/2019\/05\/Anna_Wienhard_HITS-scaled-420x242.jpg\" class=\"attachment-thumbnail size-thumbnail wp-post-image\" alt=\"\" 0=\"post-preview--post-thumbnail\" srcset=\"https:\/\/www.h-its.org\/de\/wp-content\/uploads\/sites\/2\/2019\/05\/Anna_Wienhard_HITS-scaled-420x242.jpg 420w, https:\/\/www.h-its.org\/de\/wp-content\/uploads\/sites\/2\/2019\/05\/Anna_Wienhard_HITS-scaled-1x1.jpg 1w\" sizes=\"auto, (max-width: 639px) 98vw, (max-width: 1199px) 64vw, 420px\" \/>      <\/a>\n  <p class=\"font-m font-normal font-primary\">HITS-Gruppenleiterin Anna Wienhard zur Direktorin am Max-Planck-Institut f\u00fcr Mathematik in den Naturwissenschaften berufen<\/p>\n  <div class=\"meta\">\n    <div class=\"date\">4.11.2022<\/div>\n  <\/div>\n  <div class=\"show-for-medium\">\n    <p>Das Leipziger Max-Planck-Institut f\u00fcr Mathematik in den Naturwissenschaften begr\u00fc\u00dft Anna Wienhard als neue Direktorin. Unter ihrer Leitung startet zeitgleich &#8230;<\/p>\n  <\/div>\n  <a href=\"https:\/\/www.h-its.org\/de\/2022\/11\/04\/anna-wienhard-mpi\/\" class=\"read-more-button\">Mehr erfahren<\/a>\n<\/div>\n                    \n<div class=\"post-preview\">\n  <a href=\"https:\/\/www.h-its.org\/de\/2022\/04\/21\/radiobeitrag-campus-report-anna-wienhard\/\" aria-label=\"Post Beitrag Vorschau Bild\">\n          <img loading=\"lazy\" decoding=\"async\" width=\"420\" height=\"242\" src=\"https:\/\/www.h-its.org\/de\/wp-content\/uploads\/sites\/2\/2022\/04\/Matheatics-420x242.jpg\" class=\"attachment-thumbnail size-thumbnail wp-post-image\" alt=\"\" 0=\"post-preview--post-thumbnail\" srcset=\"https:\/\/www.h-its.org\/de\/wp-content\/uploads\/sites\/2\/2022\/04\/Matheatics-420x242.jpg 420w, https:\/\/www.h-its.org\/de\/wp-content\/uploads\/sites\/2\/2022\/04\/Matheatics-2x1.jpg 2w\" sizes=\"auto, (max-width: 639px) 98vw, (max-width: 1199px) 64vw, 420px\" \/>      <\/a>\n  <p class=\"font-m font-normal font-primary\">Die Relevanz der Mathematik im Alltag: Radiobeitrag bei Campus Report<\/p>\n  <div class=\"meta\">\n    <div class=\"date\">21.04.2022<\/div>\n  <\/div>\n  <div class=\"show-for-medium\">\n    <p>F\u00fcr viele spielt die Mathematik im Alltag vermeintlich keine Rolle mehr. Man beherrscht das Rechnen, mehr oder weniger, aber etwas &#8230;<\/p>\n  <\/div>\n  <a href=\"https:\/\/www.h-its.org\/de\/2022\/04\/21\/radiobeitrag-campus-report-anna-wienhard\/\" class=\"read-more-button\">Mehr erfahren<\/a>\n<\/div>\n                    \n<div class=\"post-preview\">\n  <a href=\"https:\/\/www.h-its.org\/de\/2021\/04\/22\/erc-grant-anna-wienhard\/\" aria-label=\"Post Beitrag Vorschau Bild\">\n          <img loading=\"lazy\" decoding=\"async\" width=\"420\" height=\"242\" src=\"https:\/\/www.h-its.org\/de\/wp-content\/uploads\/sites\/2\/2019\/05\/Anna_Wienhard_HITS-scaled-420x242.jpg\" class=\"attachment-thumbnail size-thumbnail wp-post-image\" alt=\"\" 0=\"post-preview--post-thumbnail\" srcset=\"https:\/\/www.h-its.org\/de\/wp-content\/uploads\/sites\/2\/2019\/05\/Anna_Wienhard_HITS-scaled-420x242.jpg 420w, https:\/\/www.h-its.org\/de\/wp-content\/uploads\/sites\/2\/2019\/05\/Anna_Wienhard_HITS-scaled-1x1.jpg 1w\" sizes=\"auto, (max-width: 639px) 98vw, (max-width: 1199px) 64vw, 420px\" \/>      <\/a>\n  <p class=\"font-m font-normal font-primary\">ERC Advanced Grant f\u00fcr HITS-Forscherin<\/p>\n  <div class=\"meta\">\n    <div class=\"date\">22.04.2021<\/div>\n  <\/div>\n  <div class=\"show-for-medium\">\n    <p>Die Mathematikerin Anna Wienhard erh\u00e4lt vom Europ\u00e4ischen Forschungsrat (ERC) einen ERC Advanced Grant. Sie ist Leiterin der Gruppe \u201eGroups &#8230;<\/p>\n  <\/div>\n  <a href=\"https:\/\/www.h-its.org\/de\/2021\/04\/22\/erc-grant-anna-wienhard\/\" class=\"read-more-button\">Mehr erfahren<\/a>\n<\/div>\n                    \n<div class=\"post-preview\">\n  <a href=\"https:\/\/www.h-its.org\/de\/2020\/10\/08\/anna-wienhard-vorsitzende-hlff\/\" aria-label=\"Post Beitrag Vorschau Bild\">\n          <img loading=\"lazy\" decoding=\"async\" width=\"420\" height=\"242\" src=\"https:\/\/www.h-its.org\/de\/wp-content\/uploads\/sites\/2\/2019\/05\/Anna_Wienhard_HITS-scaled-420x242.jpg\" class=\"attachment-thumbnail size-thumbnail wp-post-image\" alt=\"\" 0=\"post-preview--post-thumbnail\" srcset=\"https:\/\/www.h-its.org\/de\/wp-content\/uploads\/sites\/2\/2019\/05\/Anna_Wienhard_HITS-scaled-420x242.jpg 420w, https:\/\/www.h-its.org\/de\/wp-content\/uploads\/sites\/2\/2019\/05\/Anna_Wienhard_HITS-scaled-1x1.jpg 1w\" sizes=\"auto, (max-width: 639px) 98vw, (max-width: 1199px) 64vw, 420px\" \/>      <\/a>\n  <p class=\"font-m font-normal font-primary\">Anna Wienhard neuer Wissenschaftlicher Vorstand der Heidelberg Laureate Forum Foundation<\/p>\n  <div class=\"meta\">\n    <div class=\"date\">8.10.2020<\/div>\n  <\/div>\n  <div class=\"show-for-medium\">\n    <p>Die Mathematikerin Anna Wienhard, Gruppenleiterin am HITS und Professorin an der Universit\u00e4t Heidelberg, ist seit 1. Oktober Wissenschaftlicher Vorstand der Heidelberg &#8230;<\/p>\n  <\/div>\n  <a href=\"https:\/\/www.h-its.org\/de\/2020\/10\/08\/anna-wienhard-vorsitzende-hlff\/\" class=\"read-more-button\">Mehr erfahren<\/a>\n<\/div>\n                    \n<div class=\"post-preview\">\n  <a href=\"https:\/\/www.h-its.org\/de\/2019\/12\/06\/anna-wienhard-bbaw-de\/\" aria-label=\"Post Beitrag Vorschau Bild\">\n          <img loading=\"lazy\" decoding=\"async\" width=\"420\" height=\"242\" src=\"https:\/\/www.h-its.org\/de\/wp-content\/uploads\/sites\/2\/2019\/12\/Anna_Wienhard-scaled-420x242.jpg\" class=\"attachment-thumbnail size-thumbnail wp-post-image\" alt=\"\" 0=\"post-preview--post-thumbnail\" srcset=\"https:\/\/www.h-its.org\/de\/wp-content\/uploads\/sites\/2\/2019\/12\/Anna_Wienhard-scaled-420x242.jpg 420w, https:\/\/www.h-its.org\/de\/wp-content\/uploads\/sites\/2\/2019\/12\/Anna_Wienhard-scaled-1x1.jpg 1w\" sizes=\"auto, (max-width: 639px) 98vw, (max-width: 1199px) 64vw, 420px\" \/>      <\/a>\n  <p class=\"font-m font-normal font-primary\">Ehrung f\u00fcr Anna Wienhard<\/p>\n  <div class=\"meta\">\n    <div class=\"date\">6.12.2019<\/div>\n  <\/div>\n  <div class=\"show-for-medium\">\n    <p>Anna Wienhard, HITS Gruppenleiterin und Professorin am Mathematischen Institut der Universit\u00e4t Heidelberg, ist zum Ordentlichen Mitglied der Berlin-Brandenburgischen Akademie der &#8230;<\/p>\n  <\/div>\n  <a href=\"https:\/\/www.h-its.org\/de\/2019\/12\/06\/anna-wienhard-bbaw-de\/\" class=\"read-more-button\">Mehr erfahren<\/a>\n<\/div>\n                    \n<div class=\"post-preview\">\n  <a href=\"https:\/\/www.h-its.org\/de\/2019\/07\/26\/hits-gesellschafterinnen-sind-exzellent\/\" aria-label=\"Post Beitrag Vorschau Bild\">\n          <img loading=\"lazy\" decoding=\"async\" width=\"420\" height=\"242\" src=\"https:\/\/www.h-its.org\/de\/wp-content\/uploads\/sites\/2\/2019\/07\/Exzellenzstrategie-scaled-420x242.jpg\" class=\"attachment-thumbnail size-thumbnail wp-post-image\" alt=\"\" 0=\"post-preview--post-thumbnail\" srcset=\"https:\/\/www.h-its.org\/de\/wp-content\/uploads\/sites\/2\/2019\/07\/Exzellenzstrategie-scaled-420x242.jpg 420w, https:\/\/www.h-its.org\/de\/wp-content\/uploads\/sites\/2\/2019\/07\/Exzellenzstrategie-scaled-2x1.jpg 2w\" sizes=\"auto, (max-width: 639px) 98vw, (max-width: 1199px) 64vw, 420px\" \/>      <\/a>\n  <p class=\"font-m font-normal font-primary\">HITS-Gesellschafterinnen Universit\u00e4t Heidelberg und KIT sind \u201eexzellent\u201c<\/p>\n  <div class=\"meta\">\n    <div class=\"date\">26.07.2019<\/div>\n  <\/div>\n  <div class=\"show-for-medium\">\n    <p>Der Wissenschaftsrat und die Deutsche Forschungsgemeinschaft haben die Universit\u00e4t Heidelberg und das Karlsruher Institut f\u00fcr Technologie (KIT) als Exzellenzuniversit\u00e4&#8230;<\/p>\n  <\/div>\n  <a href=\"https:\/\/www.h-its.org\/de\/2019\/07\/26\/hits-gesellschafterinnen-sind-exzellent\/\" class=\"read-more-button\">Mehr erfahren<\/a>\n<\/div>\n                    \n<div class=\"post-preview\">\n  <a href=\"https:\/\/www.h-its.org\/de\/2019\/03\/26\/anna-wienhard-receives-scholarship-from-the-american-clay-mathematics-institute\/\" aria-label=\"Post Beitrag Vorschau Bild\">\n          <img loading=\"lazy\" decoding=\"async\" width=\"420\" height=\"242\" src=\"https:\/\/www.h-its.org\/de\/wp-content\/uploads\/sites\/2\/2019\/05\/Anna_Wienhard_HITS-scaled-420x242.jpg\" class=\"attachment-thumbnail size-thumbnail wp-post-image\" alt=\"\" 0=\"post-preview--post-thumbnail\" srcset=\"https:\/\/www.h-its.org\/de\/wp-content\/uploads\/sites\/2\/2019\/05\/Anna_Wienhard_HITS-scaled-420x242.jpg 420w, https:\/\/www.h-its.org\/de\/wp-content\/uploads\/sites\/2\/2019\/05\/Anna_Wienhard_HITS-scaled-1x1.jpg 1w\" sizes=\"auto, (max-width: 639px) 98vw, (max-width: 1199px) 64vw, 420px\" \/>      <\/a>\n  <p class=\"font-m font-normal font-primary\">Anna Wienhard erh\u00e4lt Stipendium des amerikanischen Clay Mathematics Institute<\/p>\n  <div class=\"meta\">\n    <div class=\"date\">26.03.2019<\/div>\n  <\/div>\n  <div class=\"show-for-medium\">\n    <p>Prof. Dr. Anna Wienhard, Wissenschaftlerin am Mathematischen Institut der Universit\u00e4t Heidelberg, erh\u00e4lt ein Forschungsstipendium des amerikanischen Clay Mathematics Institute (&#8230;<\/p>\n  <\/div>\n  <a href=\"https:\/\/www.h-its.org\/de\/2019\/03\/26\/anna-wienhard-receives-scholarship-from-the-american-clay-mathematics-institute\/\" class=\"read-more-button\">Mehr erfahren<\/a>\n<\/div>\n                    \n<div class=\"post-preview\">\n  <a href=\"https:\/\/www.h-its.org\/de\/2017\/08\/16\/anna-wienhard\/\" aria-label=\"Post Beitrag Vorschau Bild\">\n          <img loading=\"lazy\" decoding=\"async\" width=\"420\" height=\"242\" src=\"https:\/\/www.h-its.org\/de\/wp-content\/uploads\/sites\/2\/2014\/10\/Anna_Wienhard_QF_DSC_0818_1a-420x242.jpg\" class=\"attachment-thumbnail size-thumbnail wp-post-image\" alt=\"\" 0=\"post-preview--post-thumbnail\" \/>      <\/a>\n  <p class=\"font-m font-normal font-primary\">Prof. Dr. Anna Wienhard<\/p>\n  <div class=\"meta\">\n    <div class=\"date\">16.08.2017<\/div>\n  <\/div>\n  <div class=\"show-for-medium\">\n    <p>Gruppenleiterin \u201eGroups and Geometry\u201c am HITS Professorin f\u00fcr Mathematik an der Universit\u00e4t Heidelberg Forschungsinteressen Ich interesse mich f\u00fcr &#8230;<\/p>\n  <\/div>\n  <a href=\"https:\/\/www.h-its.org\/de\/2017\/08\/16\/anna-wienhard\/\" class=\"read-more-button\">Mehr erfahren<\/a>\n<\/div>\n                    \n<div class=\"post-preview\">\n  <a href=\"https:\/\/www.h-its.org\/de\/2017\/07\/04\/anna-wienhard-beim-icm-2018\/\" aria-label=\"Post Beitrag Vorschau Bild\">\n          <img loading=\"lazy\" decoding=\"async\" width=\"420\" height=\"242\" src=\"https:\/\/www.h-its.org\/de\/wp-content\/uploads\/sites\/2\/2017\/07\/Anna-Wienhard-420x242.jpg\" class=\"attachment-thumbnail size-thumbnail wp-post-image\" alt=\"\" 0=\"post-preview--post-thumbnail\" \/>      <\/a>\n  <p class=\"font-m font-normal font-primary\">HITS Wissenschaftlerin Anna Wienhard erh\u00e4lt Einladung zum ICM<\/p>\n  <div class=\"meta\">\n    <div class=\"date\">4.07.2017<\/div>\n  <\/div>\n  <div class=\"show-for-medium\">\n    <p>\u201eGroups and Geometry\u201c (GRG) Gruppenleiterin Prof. Anna Wienhard ist Rednerin beim anstehenden \u201eInternational Congress of Mathematicians\u201d (ICM). Der Kongress findet vom 1&#8230;.<\/p>\n  <\/div>\n  <a href=\"https:\/\/www.h-its.org\/de\/2017\/07\/04\/anna-wienhard-beim-icm-2018\/\" class=\"read-more-button\">Mehr erfahren<\/a>\n<\/div>\n                  <\/div>\n        <ul class='pagination text-center' aria-label='Pagination'>\n\t<li><span aria-current=\"page\" class=\" current\">1<\/a><\/li>\n\t<li><a class=\"\" href=\"https:\/\/www.h-its.org\/de\/wp-json\/wp\/v2\/pages\/10195\/page\/2\/\">2<\/a><\/li>\n\t<li><a class=\"next\" href=\"https:\/\/www.h-its.org\/de\/wp-json\/wp\/v2\/pages\/10195\/page\/2\/\">&raquo;<\/a><\/li>\n<\/ul>\n      \n  <\/div>\n","protected":false},"excerpt":{"rendered":"","protected":false},"author":6,"featured_media":40644,"parent":9086,"menu_order":1,"comment_status":"closed","ping_status":"closed","template":"page-templates\/group.php","meta":{"_acf_changed":false,"inline_featured_image":false,"footnotes":""},"hits-research-group":[1293],"class_list":["post-10195","page","type-page","status-publish","has-post-thumbnail","hentry","hits-research-group-grg-de"],"acf":[],"yoast_head":"<!-- This site is optimized with the Yoast SEO plugin v27.4 - https:\/\/yoast.com\/product\/yoast-seo-wordpress\/ -->\n<title>Aktuelles - HITS gGmbH<\/title>\n<meta name=\"robots\" content=\"index, follow, max-snippet:-1, max-image-preview:large, max-video-preview:-1\" \/>\n<link rel=\"canonical\" href=\"https:\/\/www.h-its.org\/de\/forschung\/grg\/aktuelles\/\" \/>\n<meta property=\"og:locale\" content=\"de_DE\" \/>\n<meta property=\"og:type\" content=\"article\" \/>\n<meta property=\"og:title\" content=\"Aktuelles - HITS gGmbH\" \/>\n<meta property=\"og:url\" content=\"https:\/\/www.h-its.org\/de\/forschung\/grg\/aktuelles\/\" \/>\n<meta property=\"og:site_name\" content=\"HITS gGmbH\" \/>\n<meta property=\"article:modified_time\" content=\"2019-06-06T12:10:54+00:00\" \/>\n<meta property=\"og:image\" content=\"https:\/\/www.h-its.org\/de\/wp-content\/uploads\/sites\/2\/2019\/12\/GRG.jpg\" \/>\n\t<meta property=\"og:image:width\" content=\"1340\" \/>\n\t<meta property=\"og:image:height\" content=\"1340\" \/>\n\t<meta property=\"og:image:type\" content=\"image\/jpeg\" \/>\n<meta name=\"twitter:card\" content=\"summary_large_image\" \/>\n<script type=\"application\/ld+json\" class=\"yoast-schema-graph\">{\"@context\":\"https:\\\/\\\/schema.org\",\"@graph\":[{\"@type\":\"WebPage\",\"@id\":\"https:\\\/\\\/www.h-its.org\\\/de\\\/forschung\\\/grg\\\/aktuelles\\\/\",\"url\":\"https:\\\/\\\/www.h-its.org\\\/de\\\/forschung\\\/grg\\\/aktuelles\\\/\",\"name\":\"Aktuelles - HITS gGmbH\",\"isPartOf\":{\"@id\":\"https:\\\/\\\/www.h-its.org\\\/de\\\/#website\"},\"primaryImageOfPage\":{\"@id\":\"https:\\\/\\\/www.h-its.org\\\/de\\\/forschung\\\/grg\\\/aktuelles\\\/#primaryimage\"},\"image\":{\"@id\":\"https:\\\/\\\/www.h-its.org\\\/de\\\/forschung\\\/grg\\\/aktuelles\\\/#primaryimage\"},\"thumbnailUrl\":\"https:\\\/\\\/www.h-its.org\\\/de\\\/wp-content\\\/uploads\\\/sites\\\/2\\\/2019\\\/12\\\/GRG.jpg\",\"datePublished\":\"2015-08-21T11:50:12+00:00\",\"dateModified\":\"2019-06-06T12:10:54+00:00\",\"breadcrumb\":{\"@id\":\"https:\\\/\\\/www.h-its.org\\\/de\\\/forschung\\\/grg\\\/aktuelles\\\/#breadcrumb\"},\"inLanguage\":\"de\",\"potentialAction\":[{\"@type\":\"ReadAction\",\"target\":[\"https:\\\/\\\/www.h-its.org\\\/de\\\/forschung\\\/grg\\\/aktuelles\\\/\"]}]},{\"@type\":\"ImageObject\",\"inLanguage\":\"de\",\"@id\":\"https:\\\/\\\/www.h-its.org\\\/de\\\/forschung\\\/grg\\\/aktuelles\\\/#primaryimage\",\"url\":\"https:\\\/\\\/www.h-its.org\\\/de\\\/wp-content\\\/uploads\\\/sites\\\/2\\\/2019\\\/12\\\/GRG.jpg\",\"contentUrl\":\"https:\\\/\\\/www.h-its.org\\\/de\\\/wp-content\\\/uploads\\\/sites\\\/2\\\/2019\\\/12\\\/GRG.jpg\",\"width\":1340,\"height\":1340},{\"@type\":\"BreadcrumbList\",\"@id\":\"https:\\\/\\\/www.h-its.org\\\/de\\\/forschung\\\/grg\\\/aktuelles\\\/#breadcrumb\",\"itemListElement\":[{\"@type\":\"ListItem\",\"position\":1,\"name\":\"Home\",\"item\":\"https:\\\/\\\/www.h-its.org\\\/de\\\/\"},{\"@type\":\"ListItem\",\"position\":2,\"name\":\"Forschung am HITS\",\"item\":\"https:\\\/\\\/www.h-its.org\\\/de\\\/forschung\\\/\"},{\"@type\":\"ListItem\",\"position\":3,\"name\":\"Groups and Geometry (GRG)\",\"item\":\"https:\\\/\\\/www.h-its.org\\\/de\\\/forschung\\\/grg\\\/\"},{\"@type\":\"ListItem\",\"position\":4,\"name\":\"Aktuelles\"}]},{\"@type\":\"WebSite\",\"@id\":\"https:\\\/\\\/www.h-its.org\\\/de\\\/#website\",\"url\":\"https:\\\/\\\/www.h-its.org\\\/de\\\/\",\"name\":\"HITS gGmbH\",\"description\":\"Heidelberg Institute for Theoretical Studies\",\"potentialAction\":[{\"@type\":\"SearchAction\",\"target\":{\"@type\":\"EntryPoint\",\"urlTemplate\":\"https:\\\/\\\/www.h-its.org\\\/de\\\/?s={search_term_string}\"},\"query-input\":{\"@type\":\"PropertyValueSpecification\",\"valueRequired\":true,\"valueName\":\"search_term_string\"}}],\"inLanguage\":\"de\"}]}<\/script>\n<!-- \/ Yoast SEO plugin. -->","yoast_head_json":{"title":"Aktuelles - HITS gGmbH","robots":{"index":"index","follow":"follow","max-snippet":"max-snippet:-1","max-image-preview":"max-image-preview:large","max-video-preview":"max-video-preview:-1"},"canonical":"https:\/\/www.h-its.org\/de\/forschung\/grg\/aktuelles\/","og_locale":"de_DE","og_type":"article","og_title":"Aktuelles - HITS gGmbH","og_url":"https:\/\/www.h-its.org\/de\/forschung\/grg\/aktuelles\/","og_site_name":"HITS gGmbH","article_modified_time":"2019-06-06T12:10:54+00:00","og_image":[{"width":1340,"height":1340,"url":"https:\/\/www.h-its.org\/de\/wp-content\/uploads\/sites\/2\/2019\/12\/GRG.jpg","type":"image\/jpeg"}],"twitter_card":"summary_large_image","schema":{"@context":"https:\/\/schema.org","@graph":[{"@type":"WebPage","@id":"https:\/\/www.h-its.org\/de\/forschung\/grg\/aktuelles\/","url":"https:\/\/www.h-its.org\/de\/forschung\/grg\/aktuelles\/","name":"Aktuelles - HITS gGmbH","isPartOf":{"@id":"https:\/\/www.h-its.org\/de\/#website"},"primaryImageOfPage":{"@id":"https:\/\/www.h-its.org\/de\/forschung\/grg\/aktuelles\/#primaryimage"},"image":{"@id":"https:\/\/www.h-its.org\/de\/forschung\/grg\/aktuelles\/#primaryimage"},"thumbnailUrl":"https:\/\/www.h-its.org\/de\/wp-content\/uploads\/sites\/2\/2019\/12\/GRG.jpg","datePublished":"2015-08-21T11:50:12+00:00","dateModified":"2019-06-06T12:10:54+00:00","breadcrumb":{"@id":"https:\/\/www.h-its.org\/de\/forschung\/grg\/aktuelles\/#breadcrumb"},"inLanguage":"de","potentialAction":[{"@type":"ReadAction","target":["https:\/\/www.h-its.org\/de\/forschung\/grg\/aktuelles\/"]}]},{"@type":"ImageObject","inLanguage":"de","@id":"https:\/\/www.h-its.org\/de\/forschung\/grg\/aktuelles\/#primaryimage","url":"https:\/\/www.h-its.org\/de\/wp-content\/uploads\/sites\/2\/2019\/12\/GRG.jpg","contentUrl":"https:\/\/www.h-its.org\/de\/wp-content\/uploads\/sites\/2\/2019\/12\/GRG.jpg","width":1340,"height":1340},{"@type":"BreadcrumbList","@id":"https:\/\/www.h-its.org\/de\/forschung\/grg\/aktuelles\/#breadcrumb","itemListElement":[{"@type":"ListItem","position":1,"name":"Home","item":"https:\/\/www.h-its.org\/de\/"},{"@type":"ListItem","position":2,"name":"Forschung am HITS","item":"https:\/\/www.h-its.org\/de\/forschung\/"},{"@type":"ListItem","position":3,"name":"Groups and Geometry (GRG)","item":"https:\/\/www.h-its.org\/de\/forschung\/grg\/"},{"@type":"ListItem","position":4,"name":"Aktuelles"}]},{"@type":"WebSite","@id":"https:\/\/www.h-its.org\/de\/#website","url":"https:\/\/www.h-its.org\/de\/","name":"HITS gGmbH","description":"Heidelberg Institute for Theoretical Studies","potentialAction":[{"@type":"SearchAction","target":{"@type":"EntryPoint","urlTemplate":"https:\/\/www.h-its.org\/de\/?s={search_term_string}"},"query-input":{"@type":"PropertyValueSpecification","valueRequired":true,"valueName":"search_term_string"}}],"inLanguage":"de"}]}},"publishpress_future_action":{"enabled":false,"date":"2026-05-23 17:59:41","action":"change-status","newStatus":"draft","terms":[],"taxonomy":"hits-research-group","extraData":[]},"publishpress_future_workflow_manual_trigger":{"enabledWorkflows":[]},"_links":{"self":[{"href":"https:\/\/www.h-its.org\/de\/wp-json\/wp\/v2\/pages\/10195","targetHints":{"allow":["GET"]}}],"collection":[{"href":"https:\/\/www.h-its.org\/de\/wp-json\/wp\/v2\/pages"}],"about":[{"href":"https:\/\/www.h-its.org\/de\/wp-json\/wp\/v2\/types\/page"}],"author":[{"embeddable":true,"href":"https:\/\/www.h-its.org\/de\/wp-json\/wp\/v2\/users\/6"}],"replies":[{"embeddable":true,"href":"https:\/\/www.h-its.org\/de\/wp-json\/wp\/v2\/comments?post=10195"}],"version-history":[{"count":11,"href":"https:\/\/www.h-its.org\/de\/wp-json\/wp\/v2\/pages\/10195\/revisions"}],"predecessor-version":[{"id":37253,"href":"https:\/\/www.h-its.org\/de\/wp-json\/wp\/v2\/pages\/10195\/revisions\/37253"}],"up":[{"embeddable":true,"href":"https:\/\/www.h-its.org\/de\/wp-json\/wp\/v2\/pages\/9086"}],"wp:featuredmedia":[{"embeddable":true,"href":"https:\/\/www.h-its.org\/de\/wp-json\/wp\/v2\/media\/40644"}],"wp:attachment":[{"href":"https:\/\/www.h-its.org\/de\/wp-json\/wp\/v2\/media?parent=10195"}],"wp:term":[{"taxonomy":"hits-research-group","embeddable":true,"href":"https:\/\/www.h-its.org\/de\/wp-json\/wp\/v2\/hits-research-group?post=10195"}],"curies":[{"name":"wp","href":"https:\/\/api.w.org\/{rel}","templated":true}]}}