{"id":110,"date":"2014-09-03T20:12:01","date_gmt":"2014-09-03T18:12:01","guid":{"rendered":"http:\/\/www.h-its.org\/de\/press\/annualreport\/"},"modified":"2025-06-03T11:00:12","modified_gmt":"2025-06-03T09:00:12","slug":"jahresbericht","status":"publish","type":"page","link":"https:\/\/www.h-its.org\/de\/medien\/jahresbericht\/","title":{"rendered":"Jahresbericht"},"content":{"rendered":"\n<p>Wenn Sie den HITS-Jahresbericht in digitaler Form erhalten m\u00f6chten, nutzen Sie bitte dieses Formular: <a href=\"https:\/\/www.h-its.org\/de\/registration\/\" target=\"_blank\" rel=\"noreferrer noopener\">https:\/\/www.h-its.org\/de\/registration\/<\/a><\/p>\n\n\n\n<p><strong>Unser Jahresbericht 2024 &#8211; Vorwort<\/strong><\/p>\n\n\n\n<p>Die Wissenschaft ist ein dynamisches und st\u00e4ndig wachsendes Feld. Jede Entdeckung, jede neue Theorie wirft neue Fragen auf und er\u00f6ffnet neue Perspektiven.<\/p>\n\n\n\n<p>Die Dynamik in der Wissenschaft spiegelte sich 2024 auch am HITS wider:<\/p>\n\n\n\n<p>Ganna (Anya) Gryn&#8217;ova, Leiterin der Nachwuchsgruppe Computational Carbon Chemistry (CCC), bekam ein Angebot f\u00fcr eine Stelle als Associate Professor f\u00fcr Computational Chemistry an der Universit\u00e4t Birmingham, Gro\u00dfbritannien, und verlie\u00df das HITS im April 2024 (siehe Kapitel 2.2).<\/p>\n\n\n\n<p>Nach f\u00fcnfzehn Jahren erfolgreicher Arbeit als Leiterin der Arbeitsgruppe Molekulare Biomechanik (MBM) am HITS wechselte <a href=\"https:\/\/www.h-its.org\/de\/2024\/12\/19\/frauke-graeter-farewell\/\" target=\"_blank\" rel=\"noreferrer noopener\">Frauke Gr\u00e4ter im Januar 2025 als Direktorin ans Max-Planck-Institut f\u00fcr Polymerforschung <\/a>in Mainz (siehe Kapitel 2.7).<\/p>\n\n\n\n<p>Adele Goldberg und Gert-Martin Greuel schieden nach zehn Jahren engagierter Arbeit aus dem <a href=\"https:\/\/www.h-its.org\/de\/institut\/wissenschaftlicher-beirat\/\" target=\"_blank\" rel=\"noreferrer noopener\">wissenschaftlichen Beirat (SAB) <\/a>des HITS aus. Im gleichen Jahr durften wir unsere neuen SAB-Mitglieder Viola Vogel, Biophysikerin an der ETH Z\u00fcrich und Barbara Ercolano, Astrophysikerin an der LMU M\u00fcnchen, begr\u00fc\u00dfen (siehe Kapitel 11).<\/p>\n\n\n\n<p>Und schlie\u00dflich ist Wilfried Juling im November 2023 als Direktor der HITS-Stiftung zur\u00fcckgetreten. Ihm zu Ehren haben wir im M\u00e4rz 2024 ein Symposium zum Thema K\u00fcnstliche Intelligenz am HITS veranstaltet (siehe Kapitel 5.3). &nbsp;<\/p>\n\n\n\n<p>Wir sind unseren ehemaligen Kolleg*innen und Gremienmitgliedern sehr dankbar f\u00fcr ihre Leistungen und ihr Engagement f\u00fcr unser Institut und w\u00fcnschen ihnen alles Gute f\u00fcr ihre Zukunft. Die neuen Positionen der beiden Forscherinnen sprechen f\u00fcr die au\u00dfergew\u00f6hnlich hohe Qualit\u00e4t der wissenschaftlichen Arbeit am HITS. Zugleich freuen wir uns \u00fcber unsere neuen SAB-Mitglieder, die unsere Forschung mit ihrer Erfahrung und Expertise begleiten.<\/p>\n\n\n\n<p>Allen Ver\u00e4nderungen zum Trotz: Das HITS konzentriert sich weiterhin auf Spitzenforschung in den Natur-, Mathematik- und Computerwissenschaften. Wir stellen hier einige Highlights vor:<\/p>\n\n\n\n<p>Frauke Gr\u00e4ter erhielt gemeinsam mit Ronen Zaidel-Bar (Tel Aviv University, Israel) und Alexander Dunn (Stanford University, USA) ein <a href=\"https:\/\/www.h-its.org\/de\/2024\/05\/22\/hfsp-award-graeter\/\" target=\"_blank\" rel=\"noreferrer noopener\">Forschungsstipendium des Human Frontier Science Program<\/a>, um die Auswirkungen von physischer Kraft auf extrazellul\u00e4res Kollagen in M\u00e4usen und <em>C. elegans <\/em>zu untersuchen.<\/p>\n\n\n\n<p>Tilmann Gneiting erhielt den <a href=\"https:\/\/www.h-its.org\/de\/2023\/10\/30\/gneiting-grenander\/\" target=\"_blank\" rel=\"noreferrer noopener\">Ulf-Grenander-Preis 2024 f\u00fcr stochastische Theorie und Modellierun<\/a>g. Der Preis wird alle drei Jahre von der American Mathematical Society verliehen und w\u00fcrdigt bahnbrechende Arbeiten in den Bereichen probabilistische Modellierung, statistische Inferenz oder verwandte Computeralgorithmen, insbesondere f\u00fcr die Analyse komplexer oder hochdimensionaler Systeme (siehe Kapitel 10.5).<\/p>\n\n\n\n<p>Zum neunten Mal in Folge wurde Alexandros Stamatakis von Clarivate Analytics als <a href=\"https:\/\/www.h-its.org\/de\/2024\/11\/20\/stamatakis-highly-cited-2024\/\" target=\"_blank\" rel=\"noreferrer noopener\">\u201eHighly Cited Researcher\u201c <\/a>ausgezeichnet (siehe Kapitel 10.5).<\/p>\n\n\n\n<p>Guillermo Cabrera-Vives, Informatiker an der Universit\u00e4t Concepci\u00f3n in Chile, war ab September 2024 als f\u00fcnfter Klaus Tschira Gastprofessor am HITS. Guillermo nutzte die Zeit am Institut, um seine Zusammenarbeit mit der Astroinformatik-Gruppe (AIN) zu intensivieren, <a href=\"https:\/\/youtu.be\/ojLK4-mDf90?si=mQq7wu8CYt0qpCCy\" target=\"_blank\" rel=\"noreferrer noopener\">pr\u00e4sentierte seine Forschung im Rahmen eines HITS-Kolloquiums<\/a> und tauschte sich mit vielen anderen HITStern aus (siehe Kapitel 6.1).<\/p>\n\n\n\n<p><a href=\"https:\/\/www.h-its.org\/de\/2024\/11\/27\/felicitas-mokler-journalist-in-residence-2024\/\" target=\"_blank\" rel=\"noreferrer noopener\">Felicitas Mokler<\/a>, eine deutsche Wissenschaftsjournalistin, war von April bis September 2024 im Rahmen des HITS Journalist in Residence-Programms am Institut. W\u00e4hrend ihres Aufenthalts stand Felicitas in engem Kontakt mit den HITS-Forschenden und hielt einen \u00f6ffentlichen Vortrag in der Mathematik-Informatik-Station (MAINS) in Heidelberg \u00fcber Wissenschaftsjournalismus und Wissenschaftskommunikation (siehe Kapitel 4).<\/p>\n\n\n\n<p>Jede Ver\u00e4nderung &#8211; ob gro\u00df oder klein &#8211; ist eine Gelegenheit, aus der Vergangenheit zu lernen und dies f\u00fcr die Zukunft zu nutzen. Dabei werden wir an unseren Kernzielen, der wissenschaftlichen Exzellenz und der innovativen Forschung, festhalten. Zugleich hat sich am HITS die einzigartige Kombination aus unterschiedlichen Forschungsbereichen, exzellenten Wissenschaftler*innen und perfekten Rahmenbedingungen f\u00fcr interdisziplin\u00e4ren Austausch bew\u00e4hrt. Unter dieser Pr\u00e4misse diskutieren und planen wir aktuell mehrere neue Forschungsgruppen und sind dankbar, damit unsere Themengebiete erweitern und neue Forschungsans\u00e4tze entwickeln zu k\u00f6nnen.<\/p>\n\n\n\n<p>Wir w\u00fcnschen Ihnen beim Lesen des Jahresberichts viel Vergn\u00fcgen!<\/p>\n\n\n\n<p>Dr. Gesa Sch\u00f6nberger, Gesch\u00e4ftsf\u00fchrerin<\/p>\n\n\n\n<p>Prof. Dr. Tilmann Gneiting, Wissenschaftlicher Direktor, 2023 &amp; 2024<\/p>\n\n\n\n<p><a href=\"https:\/\/www.h-its.org\/de\/wp-content\/uploads\/sites\/2\/2025\/06\/HITS_Annual_Report_2024_web.pdf\" target=\"_blank\" rel=\"noreferrer noopener\">Hier gibt es den HITS-Jahresbericht 2024 als PDF:<\/a><\/p>\n\n\n\n<div class=\"wp-block-hits-pdf-block hits-pdf-block undefined with-flipbook\"><div class=\"hits-pdf-block--iframe-container\"><iframe src=\"https:\/\/www.h-its.org\/de\/wp-content\/uploads\/sites\/2\/2025\/06\/HITS_Annual_Report_2024_web.pdf\" frameborder=\"0\"><\/iframe><\/div><a href=\"https:\/\/www.h-its.org\/de\/wp-content\/uploads\/sites\/2\/2025\/06\/HITS_Annual_Report_2024_web.pdf\" class=\"pdf-download-button\">Download PDF<\/a><\/div>\n","protected":false},"excerpt":{"rendered":"<p>Wenn Sie den HITS-Jahresbericht in digitaler Form erhalten m\u00f6chten, nutzen Sie bitte dieses Formular: https:\/\/www.h-its.org\/de\/registration\/ &#8230;<\/p>\n","protected":false},"author":1,"featured_media":49965,"parent":31309,"menu_order":0,"comment_status":"closed","ping_status":"closed","template":"","meta":{"_acf_changed":false,"inline_featured_image":false,"footnotes":""},"hits-research-group":[1333],"class_list":["post-110","page","type-page","status-publish","has-post-thumbnail","hentry","hits-research-group-communications"],"acf":[],"yoast_head":"<!-- This site is optimized with the Yoast SEO plugin v27.2 - https:\/\/yoast.com\/product\/yoast-seo-wordpress\/ -->\n<title>Jahresbericht - HITS gGmbH<\/title>\n<meta name=\"robots\" content=\"index, follow, max-snippet:-1, max-image-preview:large, max-video-preview:-1\" \/>\n<link rel=\"canonical\" href=\"https:\/\/www.h-its.org\/de\/medien\/jahresbericht\/\" \/>\n<meta property=\"og:locale\" content=\"de_DE\" \/>\n<meta property=\"og:type\" content=\"article\" \/>\n<meta property=\"og:title\" content=\"Jahresbericht - HITS gGmbH\" \/>\n<meta property=\"og:description\" content=\"Wenn Sie den HITS-Jahresbericht in digitaler Form erhalten m\u00f6chten, nutzen Sie bitte dieses Formular: https:\/\/www.h-its.org\/de\/registration\/ ...\" \/>\n<meta property=\"og:url\" content=\"https:\/\/www.h-its.org\/de\/medien\/jahresbericht\/\" \/>\n<meta property=\"og:site_name\" content=\"HITS gGmbH\" \/>\n<meta property=\"article:modified_time\" content=\"2025-06-03T09:00:12+00:00\" \/>\n<meta property=\"og:image\" content=\"https:\/\/www.h-its.org\/de\/wp-content\/uploads\/sites\/2\/2025\/06\/AnnualReport_2024_Banner_hits-pattern-2.png\" \/>\n\t<meta property=\"og:image:width\" content=\"1496\" \/>\n\t<meta property=\"og:image:height\" content=\"706\" \/>\n\t<meta property=\"og:image:type\" content=\"image\/png\" \/>\n<meta name=\"twitter:card\" content=\"summary_large_image\" \/>\n<meta name=\"twitter:label1\" content=\"Gesch\u00e4tzte Lesezeit\" \/>\n\t<meta name=\"twitter:data1\" content=\"4\u00a0Minuten\" \/>\n<script type=\"application\/ld+json\" class=\"yoast-schema-graph\">{\"@context\":\"https:\/\/schema.org\",\"@graph\":[{\"@type\":\"WebPage\",\"@id\":\"https:\/\/www.h-its.org\/de\/medien\/jahresbericht\/\",\"url\":\"https:\/\/www.h-its.org\/de\/medien\/jahresbericht\/\",\"name\":\"Jahresbericht - HITS gGmbH\",\"isPartOf\":{\"@id\":\"https:\/\/www.h-its.org\/de\/#website\"},\"primaryImageOfPage\":{\"@id\":\"https:\/\/www.h-its.org\/de\/medien\/jahresbericht\/#primaryimage\"},\"image\":{\"@id\":\"https:\/\/www.h-its.org\/de\/medien\/jahresbericht\/#primaryimage\"},\"thumbnailUrl\":\"https:\/\/www.h-its.org\/de\/wp-content\/uploads\/sites\/2\/2025\/06\/AnnualReport_2024_Banner_hits-pattern-2.png\",\"datePublished\":\"2014-09-03T18:12:01+00:00\",\"dateModified\":\"2025-06-03T09:00:12+00:00\",\"breadcrumb\":{\"@id\":\"https:\/\/www.h-its.org\/de\/medien\/jahresbericht\/#breadcrumb\"},\"inLanguage\":\"de\",\"potentialAction\":[{\"@type\":\"ReadAction\",\"target\":[\"https:\/\/www.h-its.org\/de\/medien\/jahresbericht\/\"]}]},{\"@type\":\"ImageObject\",\"inLanguage\":\"de\",\"@id\":\"https:\/\/www.h-its.org\/de\/medien\/jahresbericht\/#primaryimage\",\"url\":\"https:\/\/www.h-its.org\/de\/wp-content\/uploads\/sites\/2\/2025\/06\/AnnualReport_2024_Banner_hits-pattern-2.png\",\"contentUrl\":\"https:\/\/www.h-its.org\/de\/wp-content\/uploads\/sites\/2\/2025\/06\/AnnualReport_2024_Banner_hits-pattern-2.png\",\"width\":1496,\"height\":706,\"caption\":\"Titelbild Annual Report 2024 - ein Motiv aus dem Machine Learning-Gebiet\"},{\"@type\":\"BreadcrumbList\",\"@id\":\"https:\/\/www.h-its.org\/de\/medien\/jahresbericht\/#breadcrumb\",\"itemListElement\":[{\"@type\":\"ListItem\",\"position\":1,\"name\":\"Home\",\"item\":\"https:\/\/www.h-its.org\/de\/\"},{\"@type\":\"ListItem\",\"position\":2,\"name\":\"HITS-Kommunikation\",\"item\":\"https:\/\/www.h-its.org\/de\/medien\/\"},{\"@type\":\"ListItem\",\"position\":3,\"name\":\"Jahresbericht\"}]},{\"@type\":\"WebSite\",\"@id\":\"https:\/\/www.h-its.org\/de\/#website\",\"url\":\"https:\/\/www.h-its.org\/de\/\",\"name\":\"HITS gGmbH\",\"description\":\"Heidelberg Institute for Theoretical Studies\",\"potentialAction\":[{\"@type\":\"SearchAction\",\"target\":{\"@type\":\"EntryPoint\",\"urlTemplate\":\"https:\/\/www.h-its.org\/de\/?s={search_term_string}\"},\"query-input\":{\"@type\":\"PropertyValueSpecification\",\"valueRequired\":true,\"valueName\":\"search_term_string\"}}],\"inLanguage\":\"de\"}]}<\/script>\n<!-- \/ Yoast SEO plugin. -->","yoast_head_json":{"title":"Jahresbericht - HITS gGmbH","robots":{"index":"index","follow":"follow","max-snippet":"max-snippet:-1","max-image-preview":"max-image-preview:large","max-video-preview":"max-video-preview:-1"},"canonical":"https:\/\/www.h-its.org\/de\/medien\/jahresbericht\/","og_locale":"de_DE","og_type":"article","og_title":"Jahresbericht - HITS gGmbH","og_description":"Wenn Sie den HITS-Jahresbericht in digitaler Form erhalten m\u00f6chten, nutzen Sie bitte dieses Formular: https:\/\/www.h-its.org\/de\/registration\/ ...","og_url":"https:\/\/www.h-its.org\/de\/medien\/jahresbericht\/","og_site_name":"HITS gGmbH","article_modified_time":"2025-06-03T09:00:12+00:00","og_image":[{"width":1496,"height":706,"url":"https:\/\/www.h-its.org\/de\/wp-content\/uploads\/sites\/2\/2025\/06\/AnnualReport_2024_Banner_hits-pattern-2.png","type":"image\/png"}],"twitter_card":"summary_large_image","twitter_misc":{"Gesch\u00e4tzte Lesezeit":"4\u00a0Minuten"},"schema":{"@context":"https:\/\/schema.org","@graph":[{"@type":"WebPage","@id":"https:\/\/www.h-its.org\/de\/medien\/jahresbericht\/","url":"https:\/\/www.h-its.org\/de\/medien\/jahresbericht\/","name":"Jahresbericht - HITS gGmbH","isPartOf":{"@id":"https:\/\/www.h-its.org\/de\/#website"},"primaryImageOfPage":{"@id":"https:\/\/www.h-its.org\/de\/medien\/jahresbericht\/#primaryimage"},"image":{"@id":"https:\/\/www.h-its.org\/de\/medien\/jahresbericht\/#primaryimage"},"thumbnailUrl":"https:\/\/www.h-its.org\/de\/wp-content\/uploads\/sites\/2\/2025\/06\/AnnualReport_2024_Banner_hits-pattern-2.png","datePublished":"2014-09-03T18:12:01+00:00","dateModified":"2025-06-03T09:00:12+00:00","breadcrumb":{"@id":"https:\/\/www.h-its.org\/de\/medien\/jahresbericht\/#breadcrumb"},"inLanguage":"de","potentialAction":[{"@type":"ReadAction","target":["https:\/\/www.h-its.org\/de\/medien\/jahresbericht\/"]}]},{"@type":"ImageObject","inLanguage":"de","@id":"https:\/\/www.h-its.org\/de\/medien\/jahresbericht\/#primaryimage","url":"https:\/\/www.h-its.org\/de\/wp-content\/uploads\/sites\/2\/2025\/06\/AnnualReport_2024_Banner_hits-pattern-2.png","contentUrl":"https:\/\/www.h-its.org\/de\/wp-content\/uploads\/sites\/2\/2025\/06\/AnnualReport_2024_Banner_hits-pattern-2.png","width":1496,"height":706,"caption":"Titelbild Annual Report 2024 - ein Motiv aus dem Machine Learning-Gebiet"},{"@type":"BreadcrumbList","@id":"https:\/\/www.h-its.org\/de\/medien\/jahresbericht\/#breadcrumb","itemListElement":[{"@type":"ListItem","position":1,"name":"Home","item":"https:\/\/www.h-its.org\/de\/"},{"@type":"ListItem","position":2,"name":"HITS-Kommunikation","item":"https:\/\/www.h-its.org\/de\/medien\/"},{"@type":"ListItem","position":3,"name":"Jahresbericht"}]},{"@type":"WebSite","@id":"https:\/\/www.h-its.org\/de\/#website","url":"https:\/\/www.h-its.org\/de\/","name":"HITS gGmbH","description":"Heidelberg Institute for Theoretical Studies","potentialAction":[{"@type":"SearchAction","target":{"@type":"EntryPoint","urlTemplate":"https:\/\/www.h-its.org\/de\/?s={search_term_string}"},"query-input":{"@type":"PropertyValueSpecification","valueRequired":true,"valueName":"search_term_string"}}],"inLanguage":"de"}]}},"publishpress_future_action":{"enabled":false,"date":"2026-04-21 20:23:38","action":"change-status","newStatus":"draft","terms":[],"taxonomy":"hits-research-group","extraData":[]},"publishpress_future_workflow_manual_trigger":{"enabledWorkflows":[]},"_links":{"self":[{"href":"https:\/\/www.h-its.org\/de\/wp-json\/wp\/v2\/pages\/110","targetHints":{"allow":["GET"]}}],"collection":[{"href":"https:\/\/www.h-its.org\/de\/wp-json\/wp\/v2\/pages"}],"about":[{"href":"https:\/\/www.h-its.org\/de\/wp-json\/wp\/v2\/types\/page"}],"author":[{"embeddable":true,"href":"https:\/\/www.h-its.org\/de\/wp-json\/wp\/v2\/users\/1"}],"replies":[{"embeddable":true,"href":"https:\/\/www.h-its.org\/de\/wp-json\/wp\/v2\/comments?post=110"}],"version-history":[{"count":41,"href":"https:\/\/www.h-its.org\/de\/wp-json\/wp\/v2\/pages\/110\/revisions"}],"predecessor-version":[{"id":49966,"href":"https:\/\/www.h-its.org\/de\/wp-json\/wp\/v2\/pages\/110\/revisions\/49966"}],"up":[{"embeddable":true,"href":"https:\/\/www.h-its.org\/de\/wp-json\/wp\/v2\/pages\/31309"}],"wp:featuredmedia":[{"embeddable":true,"href":"https:\/\/www.h-its.org\/de\/wp-json\/wp\/v2\/media\/49965"}],"wp:attachment":[{"href":"https:\/\/www.h-its.org\/de\/wp-json\/wp\/v2\/media?parent=110"}],"wp:term":[{"taxonomy":"hits-research-group","embeddable":true,"href":"https:\/\/www.h-its.org\/de\/wp-json\/wp\/v2\/hits-research-group?post=110"}],"curies":[{"name":"wp","href":"https:\/\/api.w.org\/{rel}","templated":true}]}}