{"id":1206,"date":"2014-10-20T18:35:15","date_gmt":"2014-10-20T16:35:15","guid":{"rendered":"http:\/\/www.h-its.org\/?page_id=1206"},"modified":"2021-11-16T13:42:24","modified_gmt":"2021-11-16T12:42:24","slug":"team","status":"publish","type":"page","link":"https:\/\/www.h-its.org\/de\/forschung\/cme\/team\/","title":{"rendered":"Team"},"content":{"rendered":"  <div class=\"hits-block hits-people-block\">\n      <div class=\"people-block-grid \">\n        <div class=\"member-preview\">\n    <div class=\"profile-image\">\n              <img loading=\"lazy\" decoding=\"async\" width=\"116\" height=\"174\" src=\"https:\/\/www.h-its.org\/de\/wp-content\/uploads\/sites\/2\/2019\/02\/Alexandros_Stamatakis-scaled.jpg\" class=\"attachment-member-preview size-member-preview wp-post-image\" alt=\"\" \/>          <\/div>\n  <div class=\"member-preview--content\">\n    <a href=\"https:\/\/www.h-its.org\/de\/people\/prof-dr-alexandros-stamatakis\/\"><p class=\"font-m font-normal font-primary\">Prof. Dr. Alexandros Stamatakis<\/p><\/a>\n          <p class=\"job\">Gruppenleiter<\/p>\n                <div class=\"member-social\">\n              <a href=\"mailto:ale&#120;%61&#110;%64ro&#115;&#46;s&#116;&#97;&#109;&#97;%74a&#107;i%73%40&#104;-%69t&#115;%2e&#111;%72g\" class=\"iconbutton small mail\" aria-label=\"Soziale medien link\"><\/a>\n                                                                      <\/div>\n      <a href=\"https:\/\/www.h-its.org\/de\/people\/prof-dr-alexandros-stamatakis\/\">Mehr Informationen<\/a>\n\n  <\/div>\n<\/div>\n      <\/div>\n  <\/div>\n\n\n  <div class=\"hits-block hits-people-block\">\n      <div class=\"people-block-grid \">\n        <div class=\"member-preview\">\n    <div class=\"profile-image\">\n              <img loading=\"lazy\" decoding=\"async\" width=\"130\" height=\"174\" src=\"https:\/\/www.h-its.org\/de\/wp-content\/uploads\/sites\/2\/2020\/05\/Alexey_Kozlov-1-scaled-130x174.jpg\" class=\"attachment-member-preview size-member-preview wp-post-image\" alt=\"\" srcset=\"https:\/\/www.h-its.org\/de\/wp-content\/uploads\/sites\/2\/2020\/05\/Alexey_Kozlov-1-scaled-130x174.jpg 130w, https:\/\/www.h-its.org\/de\/wp-content\/uploads\/sites\/2\/2020\/05\/Alexey_Kozlov-1-scaled-1x1.jpg 1w\" sizes=\"auto, (max-width: 639px) 98vw, (max-width: 1199px) 64vw, 130px\" \/>          <\/div>\n  <div class=\"member-preview--content\">\n    <a href=\"https:\/\/www.h-its.org\/de\/people\/alexey-kozlov\/\"><p class=\"font-m font-normal font-primary\">Dr. Alexey Kozlov<\/p><\/a>\n          <p class=\"job\">Staff Scientist<\/p>\n              <p class=\"phone\">Telefon: +49 6221 \u2013 533 \u2013 264<\/p>\n            <div class=\"member-social\">\n              <a href=\"mailto:%41%6c%65&#120;e&#121;&#46;K&#111;zlov&#64;&#104;%2d%69&#116;s&#46;o&#114;g\" class=\"iconbutton small mail\" aria-label=\"Soziale medien link\"><\/a>\n                                                                      <\/div>\n      <a href=\"https:\/\/www.h-its.org\/de\/people\/alexey-kozlov\/\">Mehr Informationen<\/a>\n\n  <\/div>\n<\/div>\n<div class=\"member-preview\">\n    <div class=\"profile-image\">\n              <img loading=\"lazy\" decoding=\"async\" width=\"130\" height=\"174\" src=\"https:\/\/www.h-its.org\/de\/wp-content\/uploads\/sites\/2\/2019\/05\/people-fallback-image.jpg\" class=\"attachment-member-preview size-member-preview\" alt=\"\" \/>          <\/div>\n  <div class=\"member-preview--content\">\n    <a href=\"https:\/\/www.h-its.org\/de\/people\/christoph-stelz\/\"><p class=\"font-m font-normal font-primary\">Christoph Stelz<\/p><\/a>\n          <p class=\"job\">PhD Student<\/p>\n                <div class=\"member-social\">\n              <a href=\"mailto:&#67;hri%73%74o%70&#104;%2e&#83;%74%65&#108;%7a&#64;h-&#105;t%73&#46;%6f&#114;%67\" class=\"iconbutton small mail\" aria-label=\"Soziale medien link\"><\/a>\n                                                                      <\/div>\n      <a href=\"https:\/\/www.h-its.org\/de\/people\/christoph-stelz\/\">Mehr Informationen<\/a>\n\n  <\/div>\n<\/div>\n<div class=\"member-preview\">\n    <div class=\"profile-image\">\n              <img loading=\"lazy\" decoding=\"async\" width=\"130\" height=\"174\" src=\"https:\/\/www.h-its.org\/de\/wp-content\/uploads\/sites\/2\/2019\/05\/people-fallback-image.jpg\" class=\"attachment-member-preview size-member-preview\" alt=\"\" \/>          <\/div>\n  <div class=\"member-preview--content\">\n    <a href=\"https:\/\/www.h-its.org\/de\/people\/dimitri-hohler\/\"><p class=\"font-m font-normal font-primary\">Dimitri H\u00f6hler<\/p><\/a>\n          <p class=\"job\">PhD Student<\/p>\n              <p class=\"phone\">Telefon: +49 (0)6221 \u2013 533 \u2013 264<\/p>\n            <div class=\"member-social\">\n              <a href=\"mailto:%44%69&#109;&#105;&#116;&#114;&#105;.H&#195;%b6&#104;%6c%65r&#64;%68%2d&#105;%74s.o&#114;g\" class=\"iconbutton small mail\" aria-label=\"Soziale medien link\"><\/a>\n                                                                      <\/div>\n      <a href=\"https:\/\/www.h-its.org\/de\/people\/dimitri-hohler\/\">Mehr Informationen<\/a>\n\n  <\/div>\n<\/div>\n<div class=\"member-preview\">\n    <div class=\"profile-image\">\n              <img loading=\"lazy\" decoding=\"async\" width=\"130\" height=\"174\" src=\"https:\/\/www.h-its.org\/de\/wp-content\/uploads\/sites\/2\/2019\/05\/people-fallback-image.jpg\" class=\"attachment-member-preview size-member-preview\" alt=\"\" \/>          <\/div>\n  <div class=\"member-preview--content\">\n    <a href=\"https:\/\/www.h-its.org\/de\/people\/johannes-hengstler\/\"><p class=\"font-m font-normal font-primary\">Johannes Hengstler<\/p><\/a>\n          <p class=\"job\">PhD Student<\/p>\n                <div class=\"member-social\">\n              <a href=\"mailto:%4a&#111;&#104;&#97;nne&#115;%2eHen&#103;%73%74&#108;%65&#114;%40h&#45;i%74&#115;&#46;%6f&#114;%67\" class=\"iconbutton small mail\" aria-label=\"Soziale medien link\"><\/a>\n                                                                      <\/div>\n      <a href=\"https:\/\/www.h-its.org\/de\/people\/johannes-hengstler\/\">Mehr Informationen<\/a>\n\n  <\/div>\n<\/div>\n<div class=\"member-preview\">\n    <div class=\"profile-image\">\n              <img loading=\"lazy\" decoding=\"async\" width=\"130\" height=\"174\" src=\"https:\/\/www.h-its.org\/de\/wp-content\/uploads\/sites\/2\/2019\/05\/people-fallback-image.jpg\" class=\"attachment-member-preview size-member-preview\" alt=\"\" \/>          <\/div>\n  <div class=\"member-preview--content\">\n    <a href=\"https:\/\/www.h-its.org\/de\/people\/jonatan-ziegler\/\"><p class=\"font-m font-normal font-primary\">Jonatan Ziegler<\/p><\/a>\n          <p class=\"job\">Student Worker<\/p>\n                <div class=\"member-social\">\n              <a href=\"mailto:&#74;&#111;%6ea%74&#97;%6e%2e&#90;ie&#103;l%65r%40h%2d%69%74&#115;.&#111;&#114;%67\" class=\"iconbutton small mail\" aria-label=\"Soziale medien link\"><\/a>\n                                                                      <\/div>\n      <a href=\"https:\/\/www.h-its.org\/de\/people\/jonatan-ziegler\/\">Mehr Informationen<\/a>\n\n  <\/div>\n<\/div>\n<div class=\"member-preview\">\n    <div class=\"profile-image\">\n              <img loading=\"lazy\" decoding=\"async\" width=\"130\" height=\"174\" src=\"https:\/\/www.h-its.org\/de\/wp-content\/uploads\/sites\/2\/2019\/05\/people-fallback-image.jpg\" class=\"attachment-member-preview size-member-preview\" alt=\"\" \/>          <\/div>\n  <div class=\"member-preview--content\">\n    <a href=\"https:\/\/www.h-its.org\/de\/people\/lucia-martin-fernandez\/\"><p class=\"font-m font-normal font-primary\">Luc\u00eda Mart\u00edn Fern\u00e1ndez<\/p><\/a>\n          <p class=\"job\">Visiting Scientist<\/p>\n                <div class=\"member-social\">\n              <a href=\"mailto:&#76;u%63%69%61%2e%46e%72%6ea%6e%64e%7a&#64;h&#45;%69&#116;&#115;.o%72%67\" class=\"iconbutton small mail\" aria-label=\"Soziale medien link\"><\/a>\n                                                                      <\/div>\n      <a href=\"https:\/\/www.h-its.org\/de\/people\/lucia-martin-fernandez\/\">Mehr Informationen<\/a>\n\n  <\/div>\n<\/div>\n<div class=\"member-preview\">\n    <div class=\"profile-image\">\n              <img loading=\"lazy\" decoding=\"async\" width=\"130\" height=\"174\" src=\"https:\/\/www.h-its.org\/de\/wp-content\/uploads\/sites\/2\/2019\/05\/people-fallback-image.jpg\" class=\"attachment-member-preview size-member-preview\" alt=\"\" \/>          <\/div>\n  <div class=\"member-preview--content\">\n    <a href=\"https:\/\/www.h-its.org\/de\/people\/luise-hauser\/\"><p class=\"font-m font-normal font-primary\">Luise H\u00e4user<\/p><\/a>\n          <p class=\"job\">PhD Student (HITS Scholarship)<\/p>\n              <p class=\"phone\">Telefon: +49 (0)6221 \u2013 533 \u2013 264<\/p>\n            <div class=\"member-social\">\n              <a href=\"mailto:Lu%69&#115;%65.&#72;a%65&#117;&#115;&#101;r%40&#104;%2d&#105;&#116;&#115;%2eo&#114;&#103;\" class=\"iconbutton small mail\" aria-label=\"Soziale medien link\"><\/a>\n                                                                      <\/div>\n      <a href=\"https:\/\/www.h-its.org\/de\/people\/luise-hauser\/\">Mehr Informationen<\/a>\n\n  <\/div>\n<\/div>\n<div class=\"member-preview\">\n    <div class=\"profile-image\">\n              <img loading=\"lazy\" decoding=\"async\" width=\"130\" height=\"174\" src=\"https:\/\/www.h-its.org\/de\/wp-content\/uploads\/sites\/2\/2019\/05\/people-fallback-image.jpg\" class=\"attachment-member-preview size-member-preview\" alt=\"\" \/>          <\/div>\n  <div class=\"member-preview--content\">\n    <a href=\"https:\/\/www.h-its.org\/de\/people\/dr-nikolaos-psonis\/\"><p class=\"font-m font-normal font-primary\">Dr. Nikolaos Psonis<\/p><\/a>\n          <p class=\"job\">Visiting Scientist (IMBB, FORTH, Hellas)<\/p>\n                <div class=\"member-social\">\n              <a href=\"mailto:Ni&#107;%6fl%61&#111;s&#46;&#80;s%6fni%73&#64;h-&#105;&#116;&#115;&#46;o&#114;%67\" class=\"iconbutton small mail\" aria-label=\"Soziale medien link\"><\/a>\n                                                                      <\/div>\n      <a href=\"https:\/\/www.h-its.org\/de\/people\/dr-nikolaos-psonis\/\">Mehr Informationen<\/a>\n\n  <\/div>\n<\/div>\n<div class=\"member-preview\">\n    <div class=\"profile-image\">\n              <img loading=\"lazy\" decoding=\"async\" width=\"130\" height=\"174\" src=\"https:\/\/www.h-its.org\/de\/wp-content\/uploads\/sites\/2\/2019\/05\/people-fallback-image.jpg\" class=\"attachment-member-preview size-member-preview\" alt=\"\" \/>          <\/div>\n  <div class=\"member-preview--content\">\n    <a href=\"https:\/\/www.h-its.org\/de\/people\/sofia-lipaeva\/\"><p class=\"font-m font-normal font-primary\">Sofia Lipaeva<\/p><\/a>\n          <p class=\"job\">Student Worker<\/p>\n                <div class=\"member-social\">\n              <a href=\"mailto:%53&#111;%66i%61%2eL&#105;&#112;%61e&#118;a%40&#104;-%69&#116;%73.o&#114;g\" class=\"iconbutton small mail\" aria-label=\"Soziale medien link\"><\/a>\n                                                                      <\/div>\n      <a href=\"https:\/\/www.h-its.org\/de\/people\/sofia-lipaeva\/\">Mehr Informationen<\/a>\n\n  <\/div>\n<\/div>\n      <\/div>\n  <\/div>\n","protected":false},"excerpt":{"rendered":"","protected":false},"author":3,"featured_media":30301,"parent":46,"menu_order":2,"comment_status":"closed","ping_status":"closed","template":"page-templates\/group.php","meta":{"_acf_changed":false,"inline_featured_image":false,"footnotes":""},"hits-research-group":[1282],"class_list":["post-1206","page","type-page","status-publish","has-post-thumbnail","hentry","hits-research-group-cme-de"],"acf":[],"yoast_head":"<!-- This site is optimized with the Yoast SEO plugin v27.2 - https:\/\/yoast.com\/product\/yoast-seo-wordpress\/ -->\n<title>Team - HITS gGmbH<\/title>\n<meta name=\"robots\" content=\"index, follow, max-snippet:-1, max-image-preview:large, max-video-preview:-1\" \/>\n<link rel=\"canonical\" href=\"https:\/\/www.h-its.org\/de\/forschung\/cme\/team\/\" \/>\n<meta property=\"og:locale\" content=\"de_DE\" \/>\n<meta property=\"og:type\" content=\"article\" \/>\n<meta property=\"og:title\" content=\"Team - HITS gGmbH\" \/>\n<meta property=\"og:url\" content=\"https:\/\/www.h-its.org\/de\/forschung\/cme\/team\/\" \/>\n<meta property=\"og:site_name\" content=\"HITS gGmbH\" \/>\n<meta property=\"article:modified_time\" content=\"2021-11-16T12:42:24+00:00\" \/>\n<meta property=\"og:image\" content=\"https:\/\/www.h-its.org\/de\/wp-content\/uploads\/sites\/2\/2018\/12\/CME_Team_2017-scaled.jpg\" \/>\n\t<meta property=\"og:image:width\" content=\"2560\" \/>\n\t<meta property=\"og:image:height\" content=\"1136\" \/>\n\t<meta property=\"og:image:type\" content=\"image\/jpeg\" \/>\n<meta name=\"twitter:card\" content=\"summary_large_image\" \/>\n<script type=\"application\/ld+json\" class=\"yoast-schema-graph\">{\"@context\":\"https:\/\/schema.org\",\"@graph\":[{\"@type\":\"WebPage\",\"@id\":\"https:\/\/www.h-its.org\/de\/forschung\/cme\/team\/\",\"url\":\"https:\/\/www.h-its.org\/de\/forschung\/cme\/team\/\",\"name\":\"Team - HITS gGmbH\",\"isPartOf\":{\"@id\":\"https:\/\/www.h-its.org\/de\/#website\"},\"primaryImageOfPage\":{\"@id\":\"https:\/\/www.h-its.org\/de\/forschung\/cme\/team\/#primaryimage\"},\"image\":{\"@id\":\"https:\/\/www.h-its.org\/de\/forschung\/cme\/team\/#primaryimage\"},\"thumbnailUrl\":\"https:\/\/www.h-its.org\/de\/wp-content\/uploads\/sites\/2\/2018\/12\/CME_Team_2017-scaled.jpg\",\"datePublished\":\"2014-10-20T16:35:15+00:00\",\"dateModified\":\"2021-11-16T12:42:24+00:00\",\"breadcrumb\":{\"@id\":\"https:\/\/www.h-its.org\/de\/forschung\/cme\/team\/#breadcrumb\"},\"inLanguage\":\"de\",\"potentialAction\":[{\"@type\":\"ReadAction\",\"target\":[\"https:\/\/www.h-its.org\/de\/forschung\/cme\/team\/\"]}]},{\"@type\":\"ImageObject\",\"inLanguage\":\"de\",\"@id\":\"https:\/\/www.h-its.org\/de\/forschung\/cme\/team\/#primaryimage\",\"url\":\"https:\/\/www.h-its.org\/de\/wp-content\/uploads\/sites\/2\/2018\/12\/CME_Team_2017-scaled.jpg\",\"contentUrl\":\"https:\/\/www.h-its.org\/de\/wp-content\/uploads\/sites\/2\/2018\/12\/CME_Team_2017-scaled.jpg\",\"width\":2560,\"height\":1136},{\"@type\":\"BreadcrumbList\",\"@id\":\"https:\/\/www.h-its.org\/de\/forschung\/cme\/team\/#breadcrumb\",\"itemListElement\":[{\"@type\":\"ListItem\",\"position\":1,\"name\":\"Home\",\"item\":\"https:\/\/www.h-its.org\/de\/\"},{\"@type\":\"ListItem\",\"position\":2,\"name\":\"Forschung am HITS\",\"item\":\"https:\/\/www.h-its.org\/de\/forschung\/\"},{\"@type\":\"ListItem\",\"position\":3,\"name\":\"Computational Molecular Evolution (CME)\",\"item\":\"https:\/\/www.h-its.org\/de\/forschung\/cme\/\"},{\"@type\":\"ListItem\",\"position\":4,\"name\":\"Team\"}]},{\"@type\":\"WebSite\",\"@id\":\"https:\/\/www.h-its.org\/de\/#website\",\"url\":\"https:\/\/www.h-its.org\/de\/\",\"name\":\"HITS gGmbH\",\"description\":\"Heidelberg Institute for Theoretical Studies\",\"potentialAction\":[{\"@type\":\"SearchAction\",\"target\":{\"@type\":\"EntryPoint\",\"urlTemplate\":\"https:\/\/www.h-its.org\/de\/?s={search_term_string}\"},\"query-input\":{\"@type\":\"PropertyValueSpecification\",\"valueRequired\":true,\"valueName\":\"search_term_string\"}}],\"inLanguage\":\"de\"}]}<\/script>\n<!-- \/ Yoast SEO plugin. -->","yoast_head_json":{"title":"Team - HITS gGmbH","robots":{"index":"index","follow":"follow","max-snippet":"max-snippet:-1","max-image-preview":"max-image-preview:large","max-video-preview":"max-video-preview:-1"},"canonical":"https:\/\/www.h-its.org\/de\/forschung\/cme\/team\/","og_locale":"de_DE","og_type":"article","og_title":"Team - HITS gGmbH","og_url":"https:\/\/www.h-its.org\/de\/forschung\/cme\/team\/","og_site_name":"HITS gGmbH","article_modified_time":"2021-11-16T12:42:24+00:00","og_image":[{"width":2560,"height":1136,"url":"https:\/\/www.h-its.org\/de\/wp-content\/uploads\/sites\/2\/2018\/12\/CME_Team_2017-scaled.jpg","type":"image\/jpeg"}],"twitter_card":"summary_large_image","schema":{"@context":"https:\/\/schema.org","@graph":[{"@type":"WebPage","@id":"https:\/\/www.h-its.org\/de\/forschung\/cme\/team\/","url":"https:\/\/www.h-its.org\/de\/forschung\/cme\/team\/","name":"Team - HITS gGmbH","isPartOf":{"@id":"https:\/\/www.h-its.org\/de\/#website"},"primaryImageOfPage":{"@id":"https:\/\/www.h-its.org\/de\/forschung\/cme\/team\/#primaryimage"},"image":{"@id":"https:\/\/www.h-its.org\/de\/forschung\/cme\/team\/#primaryimage"},"thumbnailUrl":"https:\/\/www.h-its.org\/de\/wp-content\/uploads\/sites\/2\/2018\/12\/CME_Team_2017-scaled.jpg","datePublished":"2014-10-20T16:35:15+00:00","dateModified":"2021-11-16T12:42:24+00:00","breadcrumb":{"@id":"https:\/\/www.h-its.org\/de\/forschung\/cme\/team\/#breadcrumb"},"inLanguage":"de","potentialAction":[{"@type":"ReadAction","target":["https:\/\/www.h-its.org\/de\/forschung\/cme\/team\/"]}]},{"@type":"ImageObject","inLanguage":"de","@id":"https:\/\/www.h-its.org\/de\/forschung\/cme\/team\/#primaryimage","url":"https:\/\/www.h-its.org\/de\/wp-content\/uploads\/sites\/2\/2018\/12\/CME_Team_2017-scaled.jpg","contentUrl":"https:\/\/www.h-its.org\/de\/wp-content\/uploads\/sites\/2\/2018\/12\/CME_Team_2017-scaled.jpg","width":2560,"height":1136},{"@type":"BreadcrumbList","@id":"https:\/\/www.h-its.org\/de\/forschung\/cme\/team\/#breadcrumb","itemListElement":[{"@type":"ListItem","position":1,"name":"Home","item":"https:\/\/www.h-its.org\/de\/"},{"@type":"ListItem","position":2,"name":"Forschung am HITS","item":"https:\/\/www.h-its.org\/de\/forschung\/"},{"@type":"ListItem","position":3,"name":"Computational Molecular Evolution (CME)","item":"https:\/\/www.h-its.org\/de\/forschung\/cme\/"},{"@type":"ListItem","position":4,"name":"Team"}]},{"@type":"WebSite","@id":"https:\/\/www.h-its.org\/de\/#website","url":"https:\/\/www.h-its.org\/de\/","name":"HITS gGmbH","description":"Heidelberg Institute for Theoretical Studies","potentialAction":[{"@type":"SearchAction","target":{"@type":"EntryPoint","urlTemplate":"https:\/\/www.h-its.org\/de\/?s={search_term_string}"},"query-input":{"@type":"PropertyValueSpecification","valueRequired":true,"valueName":"search_term_string"}}],"inLanguage":"de"}]}},"publishpress_future_action":{"enabled":false,"date":"2026-04-20 01:02:19","action":"change-status","newStatus":"draft","terms":[],"taxonomy":"hits-research-group","extraData":[]},"publishpress_future_workflow_manual_trigger":{"enabledWorkflows":[]},"_links":{"self":[{"href":"https:\/\/www.h-its.org\/de\/wp-json\/wp\/v2\/pages\/1206","targetHints":{"allow":["GET"]}}],"collection":[{"href":"https:\/\/www.h-its.org\/de\/wp-json\/wp\/v2\/pages"}],"about":[{"href":"https:\/\/www.h-its.org\/de\/wp-json\/wp\/v2\/types\/page"}],"author":[{"embeddable":true,"href":"https:\/\/www.h-its.org\/de\/wp-json\/wp\/v2\/users\/3"}],"replies":[{"embeddable":true,"href":"https:\/\/www.h-its.org\/de\/wp-json\/wp\/v2\/comments?post=1206"}],"version-history":[{"count":22,"href":"https:\/\/www.h-its.org\/de\/wp-json\/wp\/v2\/pages\/1206\/revisions"}],"predecessor-version":[{"id":44682,"href":"https:\/\/www.h-its.org\/de\/wp-json\/wp\/v2\/pages\/1206\/revisions\/44682"}],"up":[{"embeddable":true,"href":"https:\/\/www.h-its.org\/de\/wp-json\/wp\/v2\/pages\/46"}],"wp:featuredmedia":[{"embeddable":true,"href":"https:\/\/www.h-its.org\/de\/wp-json\/wp\/v2\/media\/30301"}],"wp:attachment":[{"href":"https:\/\/www.h-its.org\/de\/wp-json\/wp\/v2\/media?parent=1206"}],"wp:term":[{"taxonomy":"hits-research-group","embeddable":true,"href":"https:\/\/www.h-its.org\/de\/wp-json\/wp\/v2\/hits-research-group?post=1206"}],"curies":[{"name":"wp","href":"https:\/\/api.w.org\/{rel}","templated":true}]}}