{"id":1408,"date":"2014-10-21T18:30:09","date_gmt":"2014-10-21T16:30:09","guid":{"rendered":"http:\/\/www.h-its.org\/?page_id=1408"},"modified":"2019-12-10T13:00:29","modified_gmt":"2019-12-10T12:00:29","slug":"projekte","status":"publish","type":"page","link":"https:\/\/www.h-its.org\/de\/forschung\/cst\/projekte\/","title":{"rendered":"Projekte"},"content":{"rendered":"<div class=\"hits-blocks hits-projects-block \">\n        <div class=\"project-grid three-columns\">\n                  \n<div class=\"project-preview\">\n      <div class=\"image\">\n      <img loading=\"lazy\" decoding=\"async\" width=\"300\" height=\"300\" src=\"https:\/\/www.h-its.org\/de\/wp-content\/uploads\/sites\/2\/2015\/06\/Weltkugel-300x300.jpg\" class=\"attachment-medium size-medium wp-post-image\" alt=\"\" 0=\"project-preview--post-thumbnail\" srcset=\"https:\/\/www.h-its.org\/de\/wp-content\/uploads\/sites\/2\/2015\/06\/Weltkugel-300x300.jpg 300w, https:\/\/www.h-its.org\/de\/wp-content\/uploads\/sites\/2\/2015\/06\/Weltkugel-1024x1024.jpg 1024w, https:\/\/www.h-its.org\/de\/wp-content\/uploads\/sites\/2\/2015\/06\/Weltkugel-768x768.jpg 768w, https:\/\/www.h-its.org\/de\/wp-content\/uploads\/sites\/2\/2015\/06\/Weltkugel-1536x1536.jpg 1536w, https:\/\/www.h-its.org\/de\/wp-content\/uploads\/sites\/2\/2015\/06\/Weltkugel-640x640.jpg 640w, https:\/\/www.h-its.org\/de\/wp-content\/uploads\/sites\/2\/2015\/06\/Weltkugel-1200x1200.jpg 1200w, https:\/\/www.h-its.org\/de\/wp-content\/uploads\/sites\/2\/2015\/06\/Weltkugel-420x420.jpg 420w, https:\/\/www.h-its.org\/de\/wp-content\/uploads\/sites\/2\/2015\/06\/Weltkugel-1x1.jpg 1w, https:\/\/www.h-its.org\/de\/wp-content\/uploads\/sites\/2\/2015\/06\/Weltkugel-610x610.jpg 610w, https:\/\/www.h-its.org\/de\/wp-content\/uploads\/sites\/2\/2015\/06\/Weltkugel.jpg 1920w\" sizes=\"auto, (max-width: 639px) 98vw, (max-width: 1199px) 64vw, 300px\" \/>    <\/div>\n    <div class=\"project-preview--content\">\n    <p class=\"font-m font-normal font-primary\">Zusammenarbeit mit dem Europ\u00e4ischen Zentrum f\u00fcr mittelfristige Wettervorhersage<\/p>\n    <div class=\"meta\">\n      <div class=\"date\">11.06.2015<\/div>\n    <\/div>\n    <p>Das Europ\u00e4ische Zentrum f\u00fcr mittelfristige Wettervorhersage (EZMW) in Reading (England) ist eine unabh\u00e4ngige zwischenstaatliche Organisation. Das Zentrum ist &#8230;<\/p>\n    <a href=\"https:\/\/www.h-its.org\/de\/projects\/ezmw\/\">Mehr erfahren<\/a>\n  <\/div>\n<\/div>\n        \n      <\/div>\n\n    <\/div>\n\n\n\n<h2 class=\"wp-block-heading\">Vergangene Projekte<\/h2>\n\n\n<div class=\"hits-blocks hits-projects-block \">\n        <div class=\"project-grid three-columns\">\n                  \n<div class=\"project-preview\">\n      <div class=\"image\">\n      <img loading=\"lazy\" decoding=\"async\" width=\"300\" height=\"200\" src=\"https:\/\/www.h-its.org\/de\/wp-content\/uploads\/sites\/2\/2014\/10\/Rechnung-300x200.jpg\" class=\"attachment-medium size-medium wp-post-image\" alt=\"\" 0=\"project-preview--post-thumbnail\" srcset=\"https:\/\/www.h-its.org\/de\/wp-content\/uploads\/sites\/2\/2014\/10\/Rechnung-300x200.jpg 300w, https:\/\/www.h-its.org\/de\/wp-content\/uploads\/sites\/2\/2014\/10\/Rechnung-1024x683.jpg 1024w, https:\/\/www.h-its.org\/de\/wp-content\/uploads\/sites\/2\/2014\/10\/Rechnung-768x512.jpg 768w, https:\/\/www.h-its.org\/de\/wp-content\/uploads\/sites\/2\/2014\/10\/Rechnung-1536x1024.jpg 1536w, https:\/\/www.h-its.org\/de\/wp-content\/uploads\/sites\/2\/2014\/10\/Rechnung-640x427.jpg 640w, https:\/\/www.h-its.org\/de\/wp-content\/uploads\/sites\/2\/2014\/10\/Rechnung-1200x800.jpg 1200w, https:\/\/www.h-its.org\/de\/wp-content\/uploads\/sites\/2\/2014\/10\/Rechnung-2x1.jpg 2w, https:\/\/www.h-its.org\/de\/wp-content\/uploads\/sites\/2\/2014\/10\/Rechnung-420x280.jpg 420w, https:\/\/www.h-its.org\/de\/wp-content\/uploads\/sites\/2\/2014\/10\/Rechnung-610x407.jpg 610w, https:\/\/www.h-its.org\/de\/wp-content\/uploads\/sites\/2\/2014\/10\/Rechnung.jpg 1920w\" sizes=\"auto, (max-width: 639px) 98vw, (max-width: 1199px) 64vw, 300px\" \/>    <\/div>\n    <div class=\"project-preview--content\">\n    <p class=\"font-m font-normal font-primary\">ERC Advanced Grant ScienceFore &#8211; Die Wissenschaft der Vorhersage<\/p>\n    <div class=\"meta\">\n      <div class=\"date\">14.10.2014<\/div>\n    <\/div>\n    <p>Im Angesicht unvermeidbarer Unsicherheiten sollten Vorhersagen probabilistisch sein, d.h., Prognosen sollten die Form von Wahrscheinlichkeitsverteilungen \u00fcber zuk\u00fcnftige Ereignisse und &#8230;<\/p>\n    <a href=\"https:\/\/www.h-its.org\/de\/projects\/erc-sciencefore-2\/\">Mehr erfahren<\/a>\n  <\/div>\n<\/div>\n                  \n<div class=\"project-preview\">\n      <div class=\"image\">\n      <img loading=\"lazy\" decoding=\"async\" width=\"300\" height=\"200\" src=\"https:\/\/www.h-its.org\/de\/wp-content\/uploads\/sites\/2\/2014\/10\/Unwetter-scaled-300x200.jpg\" class=\"attachment-medium size-medium wp-post-image\" alt=\"\" 0=\"project-preview--post-thumbnail\" srcset=\"https:\/\/www.h-its.org\/de\/wp-content\/uploads\/sites\/2\/2014\/10\/Unwetter-scaled-300x200.jpg 300w, https:\/\/www.h-its.org\/de\/wp-content\/uploads\/sites\/2\/2014\/10\/Unwetter-scaled-1024x683.jpg 1024w, https:\/\/www.h-its.org\/de\/wp-content\/uploads\/sites\/2\/2014\/10\/Unwetter-scaled-768x512.jpg 768w, https:\/\/www.h-its.org\/de\/wp-content\/uploads\/sites\/2\/2014\/10\/Unwetter-scaled-1536x1024.jpg 1536w, https:\/\/www.h-its.org\/de\/wp-content\/uploads\/sites\/2\/2014\/10\/Unwetter-scaled-2048x1366.jpg 2048w, https:\/\/www.h-its.org\/de\/wp-content\/uploads\/sites\/2\/2014\/10\/Unwetter-scaled-640x427.jpg 640w, https:\/\/www.h-its.org\/de\/wp-content\/uploads\/sites\/2\/2014\/10\/Unwetter-scaled-1200x800.jpg 1200w, https:\/\/www.h-its.org\/de\/wp-content\/uploads\/sites\/2\/2014\/10\/Unwetter-scaled-1920x1280.jpg 1920w, https:\/\/www.h-its.org\/de\/wp-content\/uploads\/sites\/2\/2014\/10\/Unwetter-scaled-1x1.jpg 1w, https:\/\/www.h-its.org\/de\/wp-content\/uploads\/sites\/2\/2014\/10\/Unwetter-scaled-420x280.jpg 420w, https:\/\/www.h-its.org\/de\/wp-content\/uploads\/sites\/2\/2014\/10\/Unwetter-scaled-610x407.jpg 610w\" sizes=\"auto, (max-width: 639px) 98vw, (max-width: 1199px) 64vw, 300px\" \/>    <\/div>\n    <div class=\"project-preview--content\">\n    <p class=\"font-m font-normal font-primary\">Mesoskalige Wetterextreme &#8211; Theorie, r\u00e4umliche Modellierung und Vorhersage<\/p>\n    <div class=\"meta\">\n      <div class=\"date\">14.10.2014<\/div>\n    <\/div>\n    <p>Extreme Wetterereignisse, wie etwa Starkregen oder St\u00fcrme, sind h\u00e4ufig mit intensiven atmosph\u00e4rischen Fronten assoziiert. Derartige Ereignisse werden durch &#8230;<\/p>\n    <a href=\"https:\/\/www.h-its.org\/de\/projects\/wex-mop\/\">Mehr erfahren<\/a>\n  <\/div>\n<\/div>\n        \n      <\/div>\n\n    <\/div>\n","protected":false},"excerpt":{"rendered":"<p>Vergangene Projekte<\/p>\n","protected":false},"author":3,"featured_media":40715,"parent":36,"menu_order":3,"comment_status":"closed","ping_status":"closed","template":"page-templates\/group.php","meta":{"_acf_changed":false,"inline_featured_image":false,"footnotes":""},"hits-research-group":[1285],"class_list":["post-1408","page","type-page","status-publish","has-post-thumbnail","hentry","hits-research-group-cst-de"],"acf":[],"yoast_head":"<!-- This site is optimized with the Yoast SEO plugin v27.4 - https:\/\/yoast.com\/product\/yoast-seo-wordpress\/ -->\n<title>Projekte - HITS gGmbH<\/title>\n<meta name=\"robots\" content=\"index, follow, max-snippet:-1, max-image-preview:large, max-video-preview:-1\" \/>\n<link rel=\"canonical\" href=\"https:\/\/www.h-its.org\/de\/forschung\/cst\/projekte\/\" \/>\n<meta property=\"og:locale\" content=\"de_DE\" \/>\n<meta property=\"og:type\" content=\"article\" \/>\n<meta property=\"og:title\" content=\"Projekte - HITS gGmbH\" \/>\n<meta property=\"og:description\" content=\"Vergangene Projekte\" \/>\n<meta property=\"og:url\" content=\"https:\/\/www.h-its.org\/de\/forschung\/cst\/projekte\/\" \/>\n<meta property=\"og:site_name\" content=\"HITS gGmbH\" \/>\n<meta property=\"article:modified_time\" content=\"2019-12-10T12:00:29+00:00\" \/>\n<meta property=\"og:image\" content=\"https:\/\/www.h-its.org\/de\/wp-content\/uploads\/sites\/2\/2019\/12\/cst-header.jpg\" \/>\n\t<meta property=\"og:image:width\" content=\"1340\" \/>\n\t<meta property=\"og:image:height\" content=\"1340\" \/>\n\t<meta property=\"og:image:type\" content=\"image\/jpeg\" \/>\n<meta name=\"twitter:card\" content=\"summary_large_image\" \/>\n<script type=\"application\/ld+json\" class=\"yoast-schema-graph\">{\"@context\":\"https:\\\/\\\/schema.org\",\"@graph\":[{\"@type\":\"WebPage\",\"@id\":\"https:\\\/\\\/www.h-its.org\\\/de\\\/forschung\\\/cst\\\/projekte\\\/\",\"url\":\"https:\\\/\\\/www.h-its.org\\\/de\\\/forschung\\\/cst\\\/projekte\\\/\",\"name\":\"Projekte - HITS gGmbH\",\"isPartOf\":{\"@id\":\"https:\\\/\\\/www.h-its.org\\\/de\\\/#website\"},\"primaryImageOfPage\":{\"@id\":\"https:\\\/\\\/www.h-its.org\\\/de\\\/forschung\\\/cst\\\/projekte\\\/#primaryimage\"},\"image\":{\"@id\":\"https:\\\/\\\/www.h-its.org\\\/de\\\/forschung\\\/cst\\\/projekte\\\/#primaryimage\"},\"thumbnailUrl\":\"https:\\\/\\\/www.h-its.org\\\/de\\\/wp-content\\\/uploads\\\/sites\\\/2\\\/2019\\\/12\\\/cst-header.jpg\",\"datePublished\":\"2014-10-21T16:30:09+00:00\",\"dateModified\":\"2019-12-10T12:00:29+00:00\",\"breadcrumb\":{\"@id\":\"https:\\\/\\\/www.h-its.org\\\/de\\\/forschung\\\/cst\\\/projekte\\\/#breadcrumb\"},\"inLanguage\":\"de\",\"potentialAction\":[{\"@type\":\"ReadAction\",\"target\":[\"https:\\\/\\\/www.h-its.org\\\/de\\\/forschung\\\/cst\\\/projekte\\\/\"]}]},{\"@type\":\"ImageObject\",\"inLanguage\":\"de\",\"@id\":\"https:\\\/\\\/www.h-its.org\\\/de\\\/forschung\\\/cst\\\/projekte\\\/#primaryimage\",\"url\":\"https:\\\/\\\/www.h-its.org\\\/de\\\/wp-content\\\/uploads\\\/sites\\\/2\\\/2019\\\/12\\\/cst-header.jpg\",\"contentUrl\":\"https:\\\/\\\/www.h-its.org\\\/de\\\/wp-content\\\/uploads\\\/sites\\\/2\\\/2019\\\/12\\\/cst-header.jpg\",\"width\":1340,\"height\":1340},{\"@type\":\"BreadcrumbList\",\"@id\":\"https:\\\/\\\/www.h-its.org\\\/de\\\/forschung\\\/cst\\\/projekte\\\/#breadcrumb\",\"itemListElement\":[{\"@type\":\"ListItem\",\"position\":1,\"name\":\"Home\",\"item\":\"https:\\\/\\\/www.h-its.org\\\/de\\\/\"},{\"@type\":\"ListItem\",\"position\":2,\"name\":\"Forschung am HITS\",\"item\":\"https:\\\/\\\/www.h-its.org\\\/de\\\/forschung\\\/\"},{\"@type\":\"ListItem\",\"position\":3,\"name\":\"Computational Statistics (CST)\",\"item\":\"https:\\\/\\\/www.h-its.org\\\/de\\\/forschung\\\/cst\\\/\"},{\"@type\":\"ListItem\",\"position\":4,\"name\":\"Projekte\"}]},{\"@type\":\"WebSite\",\"@id\":\"https:\\\/\\\/www.h-its.org\\\/de\\\/#website\",\"url\":\"https:\\\/\\\/www.h-its.org\\\/de\\\/\",\"name\":\"HITS gGmbH\",\"description\":\"Heidelberg Institute for Theoretical Studies\",\"potentialAction\":[{\"@type\":\"SearchAction\",\"target\":{\"@type\":\"EntryPoint\",\"urlTemplate\":\"https:\\\/\\\/www.h-its.org\\\/de\\\/?s={search_term_string}\"},\"query-input\":{\"@type\":\"PropertyValueSpecification\",\"valueRequired\":true,\"valueName\":\"search_term_string\"}}],\"inLanguage\":\"de\"}]}<\/script>\n<!-- \/ Yoast SEO plugin. -->","yoast_head_json":{"title":"Projekte - HITS gGmbH","robots":{"index":"index","follow":"follow","max-snippet":"max-snippet:-1","max-image-preview":"max-image-preview:large","max-video-preview":"max-video-preview:-1"},"canonical":"https:\/\/www.h-its.org\/de\/forschung\/cst\/projekte\/","og_locale":"de_DE","og_type":"article","og_title":"Projekte - HITS gGmbH","og_description":"Vergangene Projekte","og_url":"https:\/\/www.h-its.org\/de\/forschung\/cst\/projekte\/","og_site_name":"HITS gGmbH","article_modified_time":"2019-12-10T12:00:29+00:00","og_image":[{"width":1340,"height":1340,"url":"https:\/\/www.h-its.org\/de\/wp-content\/uploads\/sites\/2\/2019\/12\/cst-header.jpg","type":"image\/jpeg"}],"twitter_card":"summary_large_image","schema":{"@context":"https:\/\/schema.org","@graph":[{"@type":"WebPage","@id":"https:\/\/www.h-its.org\/de\/forschung\/cst\/projekte\/","url":"https:\/\/www.h-its.org\/de\/forschung\/cst\/projekte\/","name":"Projekte - HITS gGmbH","isPartOf":{"@id":"https:\/\/www.h-its.org\/de\/#website"},"primaryImageOfPage":{"@id":"https:\/\/www.h-its.org\/de\/forschung\/cst\/projekte\/#primaryimage"},"image":{"@id":"https:\/\/www.h-its.org\/de\/forschung\/cst\/projekte\/#primaryimage"},"thumbnailUrl":"https:\/\/www.h-its.org\/de\/wp-content\/uploads\/sites\/2\/2019\/12\/cst-header.jpg","datePublished":"2014-10-21T16:30:09+00:00","dateModified":"2019-12-10T12:00:29+00:00","breadcrumb":{"@id":"https:\/\/www.h-its.org\/de\/forschung\/cst\/projekte\/#breadcrumb"},"inLanguage":"de","potentialAction":[{"@type":"ReadAction","target":["https:\/\/www.h-its.org\/de\/forschung\/cst\/projekte\/"]}]},{"@type":"ImageObject","inLanguage":"de","@id":"https:\/\/www.h-its.org\/de\/forschung\/cst\/projekte\/#primaryimage","url":"https:\/\/www.h-its.org\/de\/wp-content\/uploads\/sites\/2\/2019\/12\/cst-header.jpg","contentUrl":"https:\/\/www.h-its.org\/de\/wp-content\/uploads\/sites\/2\/2019\/12\/cst-header.jpg","width":1340,"height":1340},{"@type":"BreadcrumbList","@id":"https:\/\/www.h-its.org\/de\/forschung\/cst\/projekte\/#breadcrumb","itemListElement":[{"@type":"ListItem","position":1,"name":"Home","item":"https:\/\/www.h-its.org\/de\/"},{"@type":"ListItem","position":2,"name":"Forschung am HITS","item":"https:\/\/www.h-its.org\/de\/forschung\/"},{"@type":"ListItem","position":3,"name":"Computational Statistics (CST)","item":"https:\/\/www.h-its.org\/de\/forschung\/cst\/"},{"@type":"ListItem","position":4,"name":"Projekte"}]},{"@type":"WebSite","@id":"https:\/\/www.h-its.org\/de\/#website","url":"https:\/\/www.h-its.org\/de\/","name":"HITS gGmbH","description":"Heidelberg Institute for Theoretical Studies","potentialAction":[{"@type":"SearchAction","target":{"@type":"EntryPoint","urlTemplate":"https:\/\/www.h-its.org\/de\/?s={search_term_string}"},"query-input":{"@type":"PropertyValueSpecification","valueRequired":true,"valueName":"search_term_string"}}],"inLanguage":"de"}]}},"publishpress_future_action":{"enabled":false,"date":"2026-04-23 19:54:58","action":"change-status","newStatus":"draft","terms":[],"taxonomy":"hits-research-group","extraData":[]},"publishpress_future_workflow_manual_trigger":{"enabledWorkflows":[]},"_links":{"self":[{"href":"https:\/\/www.h-its.org\/de\/wp-json\/wp\/v2\/pages\/1408","targetHints":{"allow":["GET"]}}],"collection":[{"href":"https:\/\/www.h-its.org\/de\/wp-json\/wp\/v2\/pages"}],"about":[{"href":"https:\/\/www.h-its.org\/de\/wp-json\/wp\/v2\/types\/page"}],"author":[{"embeddable":true,"href":"https:\/\/www.h-its.org\/de\/wp-json\/wp\/v2\/users\/3"}],"replies":[{"embeddable":true,"href":"https:\/\/www.h-its.org\/de\/wp-json\/wp\/v2\/comments?post=1408"}],"version-history":[{"count":13,"href":"https:\/\/www.h-its.org\/de\/wp-json\/wp\/v2\/pages\/1408\/revisions"}],"predecessor-version":[{"id":38836,"href":"https:\/\/www.h-its.org\/de\/wp-json\/wp\/v2\/pages\/1408\/revisions\/38836"}],"up":[{"embeddable":true,"href":"https:\/\/www.h-its.org\/de\/wp-json\/wp\/v2\/pages\/36"}],"wp:featuredmedia":[{"embeddable":true,"href":"https:\/\/www.h-its.org\/de\/wp-json\/wp\/v2\/media\/40715"}],"wp:attachment":[{"href":"https:\/\/www.h-its.org\/de\/wp-json\/wp\/v2\/media?parent=1408"}],"wp:term":[{"taxonomy":"hits-research-group","embeddable":true,"href":"https:\/\/www.h-its.org\/de\/wp-json\/wp\/v2\/hits-research-group?post=1408"}],"curies":[{"name":"wp","href":"https:\/\/api.w.org\/{rel}","templated":true}]}}