{"id":14202,"date":"2016-11-18T14:01:47","date_gmt":"2016-11-18T13:01:47","guid":{"rendered":"http:\/\/www.h-its.org\/?page_id=14202"},"modified":"2025-07-15T16:28:06","modified_gmt":"2025-07-15T14:28:06","slug":"impressum","status":"publish","type":"page","link":"https:\/\/www.h-its.org\/de\/impressum\/","title":{"rendered":"Impressum"},"content":{"rendered":"\n<p>HITS gGmbH<br>Heidelberger Institut f\u00fcr Theoretische Studien<br>Schloss-Wolfsbrunnenweg 35<br>69118 Heidelberg<br>Telefon: +49 6221 533 533<br>E-Mail: <a href=\"mailto:webmaster@h-its.org\">webmaster@h-its.org<\/a><br><\/p>\n\n\n\n<p class=\"has-large-font-size\">Vertreten durch:<\/p>\n\n\n\n<p>Dr. Gesa Sch\u00f6nberger<\/p>\n\n\n\n<p class=\"has-large-font-size\">Registergericht:<\/p>\n\n\n\n<p>Registergericht: Amtsgericht Mannheim<br>Handelsregisternummer: HRB 337446<br><\/p>\n\n\n\n<p class=\"has-large-font-size\">Umsatzsteuer-Identifikationsnummer gem\u00e4\u00df \u00a727 a Umsatzsteuergesetz:<\/p>\n\n\n\n<p>DE232037958<\/p>\n\n\n\n<p class=\"has-large-font-size\">Inhaltlich verantwortlich nach \u00a7 18 Abs. 2 MStV:<\/p>\n\n\n\n<p>Dr. Peter Saueressig<br>HITS gGmbH<br>Schloss-Wolfsbrunnenweg 35<br>69118 Heidelberg<\/p>\n\n\n\n<p class=\"has-large-font-size\">Plattform der EU zur au\u00dfergerichtlichen Online-Streitbeilegung (f\u00fcr Verbraucher):<\/p>\n\n\n\n<p><a href=\"https:\/\/webgate.ec.europa.eu\/odr\/main\/index.cfm?event=main.home.show&amp;lng=DE\">ec.europa.eu\/odr<\/a><br><\/p>\n\n\n\n<p>Wir sind nicht verpflichtet, an einem Streitbeilegungsverfahren vor einer Verbraucherschlichtungsstelle teilzunehmen, und machen von dieser M\u00f6glichkeit auch keinen Gebrauch.<\/p>\n\n\n\n<p>Das HITS ist als Inhaltsanbieter nach \u00a7 7 Abs. 1 Telemediengesetz f\u00fcr die \u201eeigenen Inhalte\u201c, die auf dieser Website zur Nutzung bereitgehalten werden, verantwortlich. Von diesen eigenen Inhalten sind Querverweise (\u201eLinks\u201c) auf die von anderen Anbietern bereitgehaltenen Inhalte zu unterscheiden. Durch Querverweise k\u00f6nnen insofern \u201efremde Inhalte\u201c zur Nutzung bereitgestellt werden, die durch den Hinweis \u201e[extern]\u201c entsprechend gekennzeichnet sind. Diese fremden Inhalte wurden bei der erstmaligen Link-Setzung daraufhin \u00fcberpr\u00fcft, ob durch sie eine m\u00f6gliche zivilrechtliche oder strafrechtliche Verantwortlichkeit ausgel\u00f6st wird. Es ist jedoch nicht auszuschlie\u00dfen, dass die Inhalte im Nachhinein von den jeweiligen Anbietern ver\u00e4ndert werden. Das HITS \u00fcberpr\u00fcft die Inhalte, auf die es in seinem Angebot verweist, nicht st\u00e4ndig auf Ver\u00e4nderungen, die eine Verantwortlichkeit begr\u00fcnden k\u00f6nnten. Sollten Sie der Ansicht sein, dass die verlinkten externen Seiten gegen geltendes Recht versto\u00dfen oder sonst unangemessene Inhalte haben, so teilen Sie uns dies bitte mit. Wir werden diese Inhalte dann umgehend entfernen.<\/p>\n\n\n\n<p>\u00a9 2025 HITS gGmbH<\/p>\n\n\n\n<p>Eine Verwendung der urheberrechtlich gesch\u00fctzten Inhalte und Beitr\u00e4ge, insbesondere durch Vervielf\u00e4ltigung oder Verbreitung ist ohne vorherige Zustimmung des Rechteinhabers unzul\u00e4ssig und strafbar, soweit sich aus dem Urhebergesetz nichts anderes ergibt.<\/p>\n\n\n\n<p><\/p>\n","protected":false},"excerpt":{"rendered":"<p>HITS gGmbHHeidelberger Institut f\u00fcr Theoretische StudienSchloss-Wolfsbrunnenweg 3569118 HeidelbergTelefon: +49 6221 533 533E-Mail: webmaster@h-its.org Vertreten durch: Dr. Gesa Sch\u00f6nberger Registergericht: Registergericht: Amtsgericht &#8230;<\/p>\n","protected":false},"author":6,"featured_media":40609,"parent":0,"menu_order":9,"comment_status":"closed","ping_status":"closed","template":"","meta":{"_acf_changed":false,"inline_featured_image":false,"footnotes":""},"hits-research-group":[1341],"class_list":["post-14202","page","type-page","status-publish","has-post-thumbnail","hentry","hits-research-group-administration-de"],"acf":[],"yoast_head":"<!-- This site is optimized with the Yoast SEO plugin v27.4 - https:\/\/yoast.com\/product\/yoast-seo-wordpress\/ -->\n<title>Impressum - HITS gGmbH<\/title>\n<meta name=\"robots\" content=\"index, follow, max-snippet:-1, max-image-preview:large, max-video-preview:-1\" \/>\n<link rel=\"canonical\" href=\"https:\/\/www.h-its.org\/de\/impressum\/\" \/>\n<meta property=\"og:locale\" content=\"de_DE\" \/>\n<meta property=\"og:type\" content=\"article\" \/>\n<meta property=\"og:title\" content=\"Impressum - HITS gGmbH\" \/>\n<meta property=\"og:description\" content=\"HITS gGmbHHeidelberger Institut f\u00fcr Theoretische StudienSchloss-Wolfsbrunnenweg 3569118 HeidelbergTelefon: +49 6221 533 533E-Mail: webmaster@h-its.org Vertreten durch: Dr. Gesa Sch\u00f6nberger Registergericht: Registergericht: Amtsgericht ...\" \/>\n<meta property=\"og:url\" content=\"https:\/\/www.h-its.org\/de\/impressum\/\" \/>\n<meta property=\"og:site_name\" content=\"HITS gGmbH\" \/>\n<meta property=\"article:modified_time\" content=\"2025-07-15T14:28:06+00:00\" \/>\n<meta property=\"og:image\" content=\"https:\/\/www.h-its.org\/de\/wp-content\/uploads\/sites\/2\/2019\/12\/HITS.jpg\" \/>\n\t<meta property=\"og:image:width\" content=\"1340\" \/>\n\t<meta property=\"og:image:height\" content=\"450\" \/>\n\t<meta property=\"og:image:type\" content=\"image\/jpeg\" \/>\n<meta name=\"twitter:card\" content=\"summary_large_image\" \/>\n<meta name=\"twitter:label1\" content=\"Gesch\u00e4tzte Lesezeit\" \/>\n\t<meta name=\"twitter:data1\" content=\"2\u00a0Minuten\" \/>\n<script type=\"application\/ld+json\" class=\"yoast-schema-graph\">{\"@context\":\"https:\\\/\\\/schema.org\",\"@graph\":[{\"@type\":\"WebPage\",\"@id\":\"https:\\\/\\\/www.h-its.org\\\/de\\\/impressum\\\/\",\"url\":\"https:\\\/\\\/www.h-its.org\\\/de\\\/impressum\\\/\",\"name\":\"Impressum - HITS gGmbH\",\"isPartOf\":{\"@id\":\"https:\\\/\\\/www.h-its.org\\\/de\\\/#website\"},\"primaryImageOfPage\":{\"@id\":\"https:\\\/\\\/www.h-its.org\\\/de\\\/impressum\\\/#primaryimage\"},\"image\":{\"@id\":\"https:\\\/\\\/www.h-its.org\\\/de\\\/impressum\\\/#primaryimage\"},\"thumbnailUrl\":\"https:\\\/\\\/www.h-its.org\\\/de\\\/wp-content\\\/uploads\\\/sites\\\/2\\\/2019\\\/12\\\/HITS.jpg\",\"datePublished\":\"2016-11-18T13:01:47+00:00\",\"dateModified\":\"2025-07-15T14:28:06+00:00\",\"breadcrumb\":{\"@id\":\"https:\\\/\\\/www.h-its.org\\\/de\\\/impressum\\\/#breadcrumb\"},\"inLanguage\":\"de\",\"potentialAction\":[{\"@type\":\"ReadAction\",\"target\":[\"https:\\\/\\\/www.h-its.org\\\/de\\\/impressum\\\/\"]}]},{\"@type\":\"ImageObject\",\"inLanguage\":\"de\",\"@id\":\"https:\\\/\\\/www.h-its.org\\\/de\\\/impressum\\\/#primaryimage\",\"url\":\"https:\\\/\\\/www.h-its.org\\\/de\\\/wp-content\\\/uploads\\\/sites\\\/2\\\/2019\\\/12\\\/HITS.jpg\",\"contentUrl\":\"https:\\\/\\\/www.h-its.org\\\/de\\\/wp-content\\\/uploads\\\/sites\\\/2\\\/2019\\\/12\\\/HITS.jpg\",\"width\":1340,\"height\":450},{\"@type\":\"BreadcrumbList\",\"@id\":\"https:\\\/\\\/www.h-its.org\\\/de\\\/impressum\\\/#breadcrumb\",\"itemListElement\":[{\"@type\":\"ListItem\",\"position\":1,\"name\":\"Home\",\"item\":\"https:\\\/\\\/www.h-its.org\\\/de\\\/\"},{\"@type\":\"ListItem\",\"position\":2,\"name\":\"Impressum\"}]},{\"@type\":\"WebSite\",\"@id\":\"https:\\\/\\\/www.h-its.org\\\/de\\\/#website\",\"url\":\"https:\\\/\\\/www.h-its.org\\\/de\\\/\",\"name\":\"HITS gGmbH\",\"description\":\"Heidelberg Institute for Theoretical Studies\",\"potentialAction\":[{\"@type\":\"SearchAction\",\"target\":{\"@type\":\"EntryPoint\",\"urlTemplate\":\"https:\\\/\\\/www.h-its.org\\\/de\\\/?s={search_term_string}\"},\"query-input\":{\"@type\":\"PropertyValueSpecification\",\"valueRequired\":true,\"valueName\":\"search_term_string\"}}],\"inLanguage\":\"de\"}]}<\/script>\n<!-- \/ Yoast SEO plugin. -->","yoast_head_json":{"title":"Impressum - HITS gGmbH","robots":{"index":"index","follow":"follow","max-snippet":"max-snippet:-1","max-image-preview":"max-image-preview:large","max-video-preview":"max-video-preview:-1"},"canonical":"https:\/\/www.h-its.org\/de\/impressum\/","og_locale":"de_DE","og_type":"article","og_title":"Impressum - HITS gGmbH","og_description":"HITS gGmbHHeidelberger Institut f\u00fcr Theoretische StudienSchloss-Wolfsbrunnenweg 3569118 HeidelbergTelefon: +49 6221 533 533E-Mail: webmaster@h-its.org Vertreten durch: Dr. Gesa Sch\u00f6nberger Registergericht: Registergericht: Amtsgericht ...","og_url":"https:\/\/www.h-its.org\/de\/impressum\/","og_site_name":"HITS gGmbH","article_modified_time":"2025-07-15T14:28:06+00:00","og_image":[{"width":1340,"height":450,"url":"https:\/\/www.h-its.org\/de\/wp-content\/uploads\/sites\/2\/2019\/12\/HITS.jpg","type":"image\/jpeg"}],"twitter_card":"summary_large_image","twitter_misc":{"Gesch\u00e4tzte Lesezeit":"2\u00a0Minuten"},"schema":{"@context":"https:\/\/schema.org","@graph":[{"@type":"WebPage","@id":"https:\/\/www.h-its.org\/de\/impressum\/","url":"https:\/\/www.h-its.org\/de\/impressum\/","name":"Impressum - HITS gGmbH","isPartOf":{"@id":"https:\/\/www.h-its.org\/de\/#website"},"primaryImageOfPage":{"@id":"https:\/\/www.h-its.org\/de\/impressum\/#primaryimage"},"image":{"@id":"https:\/\/www.h-its.org\/de\/impressum\/#primaryimage"},"thumbnailUrl":"https:\/\/www.h-its.org\/de\/wp-content\/uploads\/sites\/2\/2019\/12\/HITS.jpg","datePublished":"2016-11-18T13:01:47+00:00","dateModified":"2025-07-15T14:28:06+00:00","breadcrumb":{"@id":"https:\/\/www.h-its.org\/de\/impressum\/#breadcrumb"},"inLanguage":"de","potentialAction":[{"@type":"ReadAction","target":["https:\/\/www.h-its.org\/de\/impressum\/"]}]},{"@type":"ImageObject","inLanguage":"de","@id":"https:\/\/www.h-its.org\/de\/impressum\/#primaryimage","url":"https:\/\/www.h-its.org\/de\/wp-content\/uploads\/sites\/2\/2019\/12\/HITS.jpg","contentUrl":"https:\/\/www.h-its.org\/de\/wp-content\/uploads\/sites\/2\/2019\/12\/HITS.jpg","width":1340,"height":450},{"@type":"BreadcrumbList","@id":"https:\/\/www.h-its.org\/de\/impressum\/#breadcrumb","itemListElement":[{"@type":"ListItem","position":1,"name":"Home","item":"https:\/\/www.h-its.org\/de\/"},{"@type":"ListItem","position":2,"name":"Impressum"}]},{"@type":"WebSite","@id":"https:\/\/www.h-its.org\/de\/#website","url":"https:\/\/www.h-its.org\/de\/","name":"HITS gGmbH","description":"Heidelberg Institute for Theoretical Studies","potentialAction":[{"@type":"SearchAction","target":{"@type":"EntryPoint","urlTemplate":"https:\/\/www.h-its.org\/de\/?s={search_term_string}"},"query-input":{"@type":"PropertyValueSpecification","valueRequired":true,"valueName":"search_term_string"}}],"inLanguage":"de"}]}},"publishpress_future_action":{"enabled":false,"date":"2026-05-08 07:10:32","action":"change-status","newStatus":"draft","terms":[],"taxonomy":"hits-research-group","extraData":[]},"publishpress_future_workflow_manual_trigger":{"enabledWorkflows":[]},"_links":{"self":[{"href":"https:\/\/www.h-its.org\/de\/wp-json\/wp\/v2\/pages\/14202","targetHints":{"allow":["GET"]}}],"collection":[{"href":"https:\/\/www.h-its.org\/de\/wp-json\/wp\/v2\/pages"}],"about":[{"href":"https:\/\/www.h-its.org\/de\/wp-json\/wp\/v2\/types\/page"}],"author":[{"embeddable":true,"href":"https:\/\/www.h-its.org\/de\/wp-json\/wp\/v2\/users\/6"}],"replies":[{"embeddable":true,"href":"https:\/\/www.h-its.org\/de\/wp-json\/wp\/v2\/comments?post=14202"}],"version-history":[{"count":19,"href":"https:\/\/www.h-its.org\/de\/wp-json\/wp\/v2\/pages\/14202\/revisions"}],"predecessor-version":[{"id":50029,"href":"https:\/\/www.h-its.org\/de\/wp-json\/wp\/v2\/pages\/14202\/revisions\/50029"}],"wp:featuredmedia":[{"embeddable":true,"href":"https:\/\/www.h-its.org\/de\/wp-json\/wp\/v2\/media\/40609"}],"wp:attachment":[{"href":"https:\/\/www.h-its.org\/de\/wp-json\/wp\/v2\/media?parent=14202"}],"wp:term":[{"taxonomy":"hits-research-group","embeddable":true,"href":"https:\/\/www.h-its.org\/de\/wp-json\/wp\/v2\/hits-research-group?post=14202"}],"curies":[{"name":"wp","href":"https:\/\/api.w.org\/{rel}","templated":true}]}}