{"id":14374,"date":"2016-12-16T10:52:04","date_gmt":"2016-12-16T09:52:04","guid":{"rendered":"http:\/\/www.h-its.org\/?page_id=14374"},"modified":"2019-12-12T11:13:53","modified_gmt":"2019-12-12T10:13:53","slug":"gruender","status":"publish","type":"page","link":"https:\/\/www.h-its.org\/de\/institut\/gruender\/","title":{"rendered":"Gr\u00fcnder Klaus Tschira"},"content":{"rendered":"\n<h2 class=\"wp-block-heading\">HITS Gr\u00fcnder Dr. h.c. Dr.-Ing. E.h. Klaus Tschira (1940-2015)<\/h2>\n\n\n\n<p>Ende 1995 gr\u00fcndete Klaus Tschira die nach ihm benannte Stiftung mit privaten Mitteln. Sein Ziel war es, Naturwissenschaften, Mathematik und Informatik sowie deren Wertsch\u00e4tzung in der \u00d6ffentlichkeit zu f\u00f6rdern.<\/p>\n\n\n\n<h2 class=\"wp-block-heading\">Vita<\/h2>\n\n\n\n<p>Geboren 1940, Studium der Physik, Diplom TH Karlsruhe (1966)<br>Systemberater bei IBM Deutschland (1966-1972)<br>Mitgr\u00fcnder der Systemanalyse &amp; Programmentwicklung GdBR, aus der die SAP GmbH und die SAP SE hervorgehen (1972)<br>Vorstandsmitglied SAP (1988-1998)<br>Aufsichtsratsmitglied SAP (1998-2007)<br>Gr\u00fcndung <a rel=\"noopener noreferrer\" href=\"http:\/\/www.klaus-tschira-stiftung.de\/\" target=\"_blank\">Klaus Tschira Stiftung gGmbH<\/a> (1995)<br>Gr\u00fcndung <a rel=\"noopener noreferrer\" href=\"http:\/\/www.eml.org\/deutsch\/\" target=\"_blank\">EML European Media Laboratory GmbH<\/a> (1997)<br>Mitgr\u00fcndung Gerda und Klaus Tschira Stiftung (2009)<br>Gr\u00fcndung HITS gGmbH (2009)<br>Gr\u00fcndung <a rel=\"noopener noreferrer\" href=\"http:\/\/www.nawik.de\/\" target=\"_blank\">Nationales Institut f\u00fcr Wissenschaftskommunikation gGmbH<\/a> (NaWik, gemeinsam mit KIT, 2012)<br>Gr\u00fcndung <a rel=\"noopener noreferrer\" href=\"http:\/\/www.forscherstation.info\/\" target=\"_blank\">Forscherstation Klaus-Tschira-Kompetenzzentrum f\u00fcr fr\u00fche naturwissenschaftliche Bildung gGmbH<\/a> (2012)<br>Gr\u00fcndung <a rel=\"noopener noreferrer\" href=\"http:\/\/www.heidelberg-laureate-forum.org\/de\/\" target=\"_blank\">Heidelberg Laureate Forum Foundation<\/a> (HLFF 2013)<br>Gr\u00fcndung HITS-Stiftung (2014)<\/p>\n\n\n\n<h2 class=\"wp-block-heading\">Preise und Ehrungen (Auswahl)<\/h2>\n\n\n\n<ul class=\"wp-block-list\"><li>Ehrendoktor Karlsruher Institut f\u00fcr Technologie (KIT)<\/li><li>Ehrendoktor Universit\u00e4t Klagenfurt, \u00d6sterreich<\/li><li>Bundesverdienstkreuz 1. Klasse<\/li><li>Stifterpreis Bundesverband Deutscher Stiftungen<\/li><li>Leibniz-Medaille der Berlin-Brandenburgischen Akademie der Wissenschaften<\/li><li>Konrad-Zuse-Plakette&nbsp;der Stadt Hoyerswerda<\/li><li>Rudolf-Diesel-Medaille&nbsp;des Deutschen Institutes f\u00fcr Erfindungswesen<\/li><li>Alwin-Walther-Medaille&nbsp;der Technischen Universit\u00e4t Darmstadt<\/li><\/ul>\n","protected":false},"excerpt":{"rendered":"<p>HITS Gr\u00fcnder Dr. h.c. Dr.-Ing. E.h. Klaus Tschira (1940-2015) Ende 1995 gr\u00fcndete Klaus Tschira die nach ihm &#8230;<\/p>\n","protected":false},"author":6,"featured_media":30692,"parent":6,"menu_order":0,"comment_status":"closed","ping_status":"closed","template":"","meta":{"_acf_changed":false,"inline_featured_image":false,"footnotes":""},"hits-research-group":[1341],"class_list":["post-14374","page","type-page","status-publish","has-post-thumbnail","hentry","hits-research-group-administration-de"],"acf":[],"yoast_head":"<!-- This site is optimized with the Yoast SEO plugin v27.2 - https:\/\/yoast.com\/product\/yoast-seo-wordpress\/ -->\n<title>Gr\u00fcnder Klaus Tschira - HITS gGmbH<\/title>\n<meta name=\"robots\" content=\"index, follow, max-snippet:-1, max-image-preview:large, max-video-preview:-1\" \/>\n<link rel=\"canonical\" href=\"https:\/\/www.h-its.org\/de\/institut\/gruender\/\" \/>\n<meta property=\"og:locale\" content=\"de_DE\" \/>\n<meta property=\"og:type\" content=\"article\" \/>\n<meta property=\"og:title\" content=\"Gr\u00fcnder Klaus Tschira - HITS gGmbH\" \/>\n<meta property=\"og:description\" content=\"HITS Gr\u00fcnder Dr. h.c. Dr.-Ing. E.h. Klaus Tschira (1940-2015) Ende 1995 gr\u00fcndete Klaus Tschira die nach ihm ...\" \/>\n<meta property=\"og:url\" content=\"https:\/\/www.h-its.org\/de\/institut\/gruender\/\" \/>\n<meta property=\"og:site_name\" content=\"HITS gGmbH\" \/>\n<meta property=\"article:modified_time\" content=\"2019-12-12T10:13:53+00:00\" \/>\n<meta property=\"og:image\" content=\"https:\/\/www.h-its.org\/de\/wp-content\/uploads\/sites\/2\/2019\/02\/founder-klaus-tschira.jpg\" \/>\n\t<meta property=\"og:image:width\" content=\"1340\" \/>\n\t<meta property=\"og:image:height\" content=\"517\" \/>\n\t<meta property=\"og:image:type\" content=\"image\/jpeg\" \/>\n<meta name=\"twitter:card\" content=\"summary_large_image\" \/>\n<meta name=\"twitter:label1\" content=\"Gesch\u00e4tzte Lesezeit\" \/>\n\t<meta name=\"twitter:data1\" content=\"1\u00a0Minute\" \/>\n<script type=\"application\/ld+json\" class=\"yoast-schema-graph\">{\"@context\":\"https:\/\/schema.org\",\"@graph\":[{\"@type\":\"WebPage\",\"@id\":\"https:\/\/www.h-its.org\/de\/institut\/gruender\/\",\"url\":\"https:\/\/www.h-its.org\/de\/institut\/gruender\/\",\"name\":\"Gr\u00fcnder Klaus Tschira - HITS gGmbH\",\"isPartOf\":{\"@id\":\"https:\/\/www.h-its.org\/de\/#website\"},\"primaryImageOfPage\":{\"@id\":\"https:\/\/www.h-its.org\/de\/institut\/gruender\/#primaryimage\"},\"image\":{\"@id\":\"https:\/\/www.h-its.org\/de\/institut\/gruender\/#primaryimage\"},\"thumbnailUrl\":\"https:\/\/www.h-its.org\/de\/wp-content\/uploads\/sites\/2\/2019\/02\/founder-klaus-tschira.jpg\",\"datePublished\":\"2016-12-16T09:52:04+00:00\",\"dateModified\":\"2019-12-12T10:13:53+00:00\",\"breadcrumb\":{\"@id\":\"https:\/\/www.h-its.org\/de\/institut\/gruender\/#breadcrumb\"},\"inLanguage\":\"de\",\"potentialAction\":[{\"@type\":\"ReadAction\",\"target\":[\"https:\/\/www.h-its.org\/de\/institut\/gruender\/\"]}]},{\"@type\":\"ImageObject\",\"inLanguage\":\"de\",\"@id\":\"https:\/\/www.h-its.org\/de\/institut\/gruender\/#primaryimage\",\"url\":\"https:\/\/www.h-its.org\/de\/wp-content\/uploads\/sites\/2\/2019\/02\/founder-klaus-tschira.jpg\",\"contentUrl\":\"https:\/\/www.h-its.org\/de\/wp-content\/uploads\/sites\/2\/2019\/02\/founder-klaus-tschira.jpg\",\"width\":1340,\"height\":517},{\"@type\":\"BreadcrumbList\",\"@id\":\"https:\/\/www.h-its.org\/de\/institut\/gruender\/#breadcrumb\",\"itemListElement\":[{\"@type\":\"ListItem\",\"position\":1,\"name\":\"Home\",\"item\":\"https:\/\/www.h-its.org\/de\/\"},{\"@type\":\"ListItem\",\"position\":2,\"name\":\"Institut\",\"item\":\"https:\/\/www.h-its.org\/de\/institut\/\"},{\"@type\":\"ListItem\",\"position\":3,\"name\":\"Gr\u00fcnder Klaus Tschira\"}]},{\"@type\":\"WebSite\",\"@id\":\"https:\/\/www.h-its.org\/de\/#website\",\"url\":\"https:\/\/www.h-its.org\/de\/\",\"name\":\"HITS gGmbH\",\"description\":\"Heidelberg Institute for Theoretical Studies\",\"potentialAction\":[{\"@type\":\"SearchAction\",\"target\":{\"@type\":\"EntryPoint\",\"urlTemplate\":\"https:\/\/www.h-its.org\/de\/?s={search_term_string}\"},\"query-input\":{\"@type\":\"PropertyValueSpecification\",\"valueRequired\":true,\"valueName\":\"search_term_string\"}}],\"inLanguage\":\"de\"}]}<\/script>\n<!-- \/ Yoast SEO plugin. -->","yoast_head_json":{"title":"Gr\u00fcnder Klaus Tschira - HITS gGmbH","robots":{"index":"index","follow":"follow","max-snippet":"max-snippet:-1","max-image-preview":"max-image-preview:large","max-video-preview":"max-video-preview:-1"},"canonical":"https:\/\/www.h-its.org\/de\/institut\/gruender\/","og_locale":"de_DE","og_type":"article","og_title":"Gr\u00fcnder Klaus Tschira - HITS gGmbH","og_description":"HITS Gr\u00fcnder Dr. h.c. Dr.-Ing. E.h. Klaus Tschira (1940-2015) Ende 1995 gr\u00fcndete Klaus Tschira die nach ihm ...","og_url":"https:\/\/www.h-its.org\/de\/institut\/gruender\/","og_site_name":"HITS gGmbH","article_modified_time":"2019-12-12T10:13:53+00:00","og_image":[{"width":1340,"height":517,"url":"https:\/\/www.h-its.org\/de\/wp-content\/uploads\/sites\/2\/2019\/02\/founder-klaus-tschira.jpg","type":"image\/jpeg"}],"twitter_card":"summary_large_image","twitter_misc":{"Gesch\u00e4tzte Lesezeit":"1\u00a0Minute"},"schema":{"@context":"https:\/\/schema.org","@graph":[{"@type":"WebPage","@id":"https:\/\/www.h-its.org\/de\/institut\/gruender\/","url":"https:\/\/www.h-its.org\/de\/institut\/gruender\/","name":"Gr\u00fcnder Klaus Tschira - HITS gGmbH","isPartOf":{"@id":"https:\/\/www.h-its.org\/de\/#website"},"primaryImageOfPage":{"@id":"https:\/\/www.h-its.org\/de\/institut\/gruender\/#primaryimage"},"image":{"@id":"https:\/\/www.h-its.org\/de\/institut\/gruender\/#primaryimage"},"thumbnailUrl":"https:\/\/www.h-its.org\/de\/wp-content\/uploads\/sites\/2\/2019\/02\/founder-klaus-tschira.jpg","datePublished":"2016-12-16T09:52:04+00:00","dateModified":"2019-12-12T10:13:53+00:00","breadcrumb":{"@id":"https:\/\/www.h-its.org\/de\/institut\/gruender\/#breadcrumb"},"inLanguage":"de","potentialAction":[{"@type":"ReadAction","target":["https:\/\/www.h-its.org\/de\/institut\/gruender\/"]}]},{"@type":"ImageObject","inLanguage":"de","@id":"https:\/\/www.h-its.org\/de\/institut\/gruender\/#primaryimage","url":"https:\/\/www.h-its.org\/de\/wp-content\/uploads\/sites\/2\/2019\/02\/founder-klaus-tschira.jpg","contentUrl":"https:\/\/www.h-its.org\/de\/wp-content\/uploads\/sites\/2\/2019\/02\/founder-klaus-tschira.jpg","width":1340,"height":517},{"@type":"BreadcrumbList","@id":"https:\/\/www.h-its.org\/de\/institut\/gruender\/#breadcrumb","itemListElement":[{"@type":"ListItem","position":1,"name":"Home","item":"https:\/\/www.h-its.org\/de\/"},{"@type":"ListItem","position":2,"name":"Institut","item":"https:\/\/www.h-its.org\/de\/institut\/"},{"@type":"ListItem","position":3,"name":"Gr\u00fcnder Klaus Tschira"}]},{"@type":"WebSite","@id":"https:\/\/www.h-its.org\/de\/#website","url":"https:\/\/www.h-its.org\/de\/","name":"HITS gGmbH","description":"Heidelberg Institute for Theoretical Studies","potentialAction":[{"@type":"SearchAction","target":{"@type":"EntryPoint","urlTemplate":"https:\/\/www.h-its.org\/de\/?s={search_term_string}"},"query-input":{"@type":"PropertyValueSpecification","valueRequired":true,"valueName":"search_term_string"}}],"inLanguage":"de"}]}},"publishpress_future_action":{"enabled":false,"date":"2026-04-12 19:41:57","action":"change-status","newStatus":"draft","terms":[],"taxonomy":"hits-research-group","extraData":[]},"publishpress_future_workflow_manual_trigger":{"enabledWorkflows":[]},"_links":{"self":[{"href":"https:\/\/www.h-its.org\/de\/wp-json\/wp\/v2\/pages\/14374","targetHints":{"allow":["GET"]}}],"collection":[{"href":"https:\/\/www.h-its.org\/de\/wp-json\/wp\/v2\/pages"}],"about":[{"href":"https:\/\/www.h-its.org\/de\/wp-json\/wp\/v2\/types\/page"}],"author":[{"embeddable":true,"href":"https:\/\/www.h-its.org\/de\/wp-json\/wp\/v2\/users\/6"}],"replies":[{"embeddable":true,"href":"https:\/\/www.h-its.org\/de\/wp-json\/wp\/v2\/comments?post=14374"}],"version-history":[{"count":7,"href":"https:\/\/www.h-its.org\/de\/wp-json\/wp\/v2\/pages\/14374\/revisions"}],"predecessor-version":[{"id":40673,"href":"https:\/\/www.h-its.org\/de\/wp-json\/wp\/v2\/pages\/14374\/revisions\/40673"}],"up":[{"embeddable":true,"href":"https:\/\/www.h-its.org\/de\/wp-json\/wp\/v2\/pages\/6"}],"wp:featuredmedia":[{"embeddable":true,"href":"https:\/\/www.h-its.org\/de\/wp-json\/wp\/v2\/media\/30692"}],"wp:attachment":[{"href":"https:\/\/www.h-its.org\/de\/wp-json\/wp\/v2\/media?parent=14374"}],"wp:term":[{"taxonomy":"hits-research-group","embeddable":true,"href":"https:\/\/www.h-its.org\/de\/wp-json\/wp\/v2\/hits-research-group?post=14374"}],"curies":[{"name":"wp","href":"https:\/\/api.w.org\/{rel}","templated":true}]}}