{"id":16,"date":"2014-09-03T20:09:16","date_gmt":"2014-09-03T18:09:16","guid":{"rendered":"http:\/\/www.h-its.org\/de\/contact\/"},"modified":"2025-04-30T10:37:51","modified_gmt":"2025-04-30T08:37:51","slug":"kontakt","status":"publish","type":"page","link":"https:\/\/www.h-its.org\/de\/kontakt\/","title":{"rendered":"Kontakt"},"content":{"rendered":"\n<div class=\"wp-block-columns has-2-columns is-layout-flex wp-container-core-columns-is-layout-9d6595d7 wp-block-columns-is-layout-flex\">\n<div class=\"wp-block-column is-layout-flow wp-block-column-is-layout-flow\">\n<h2 class=\"wp-block-heading\">HITS gGmbH<\/h2>\n\n\n\n<p>Heidelberger Institut f\u00fcr Theoretische Studien<br>Schloss-Wolfsbrunnenweg 35<br>69118 Heidelberg<br>Deutschland<\/p>\n\n\n\n<p>Mathematikon<br>Berliner Str. 45<br>69120 Heidelberg<br>Deutschland<\/p>\n\n\n\n<p>E-Mail: info@h-its.org<br>Telefon: +49 6221 533 533<br><\/p>\n\n\n\n<p><br><\/p>\n<\/div>\n\n\n\n<div class=\"wp-block-column is-layout-flow wp-block-column-is-layout-flow\"><\/div>\n<\/div>\n\n\n\n<div class=\"wp-block-hits-blocks-accordion accordion-block hits-accordion undefined\"><a class=\"hits-accordion-title\" href=\"#\">Anfahrt HITS<\/a><div class=\"hits-accordion-content \">\n<h3 class=\"wp-block-heading\">Mit dem Flugzeug<\/h3>\n\n\n<div class=\"wp-block-image\">\n<figure class=\"alignleft\"><a href=\"https:\/\/www.h-its.org\/wp-content\/uploads\/2019\/05\/HITS_Eingang_1.jpg\"><img decoding=\"async\" src=\"https:\/\/www.h-its.org\/wp-content\/uploads\/2019\/05\/HITS_Eingang_1-300x210.jpg\" alt=\"\" class=\"wp-image-35768\" \/><\/a><\/figure>\n<\/div>\n\n\n<p>Vom Flughafen Frankfurt\/Main nehmen Sie den <a href=\"https:\/\/frankfurt-airport-shuttles.de\/index.php\">Lufthansa-Bus<\/a>&nbsp;(Abfahrt vor dem Terminal 1, Abschnitt B) nach Heidelberg zum Crowne Plaza (Fahrtzeit: ca. 1 Stunde). Von dort nehmen Sie ein Taxi zum HITS.<\/p>\n\n\n\n<h3 class=\"wp-block-heading\">Mit dem Auto<\/h3>\n\n\n\n<p>Verlassen Sie die Autobahn am Heidelberger Kreuz und nehmen Sie die A 656 nach Heidelberg.&nbsp;Am Autobahnende biegen Sie links und gleich wieder nach rechts auf die B 37 ab, der Sie eine Weile folgen, bis Sie die Heidelberger Innenstadt hinter sich gelassen haben (ca. 5 km).<br>Nach wenigen hundert Metern biegen Sie beim Wegweiser \u201cHITS\u201d nach rechts ab. \u00dcberqueren Sie die Bahngleise und biegen dann gleich wieder links ab. Folgen Sie dem Stra\u00dfenzug \u201cAm Rosenbusch\u201d \u2013 \u201cHausackerweg\u201d in Serpentinen aufw\u00e4rts. Er endet am Schloss-Wolfsbrunnenweg beim Hotel Atlantic. Hier biegen Sie wieder nach links ab und folgen den Wegweisern zum \u201cHITS\u201d. Nach ca. 300 m sehen Sie links die Villa Bosch unterhalb der Stra\u00dfe, ca. 200 m weiter befindet sich das HITS-Geb\u00e4ude. Parkm\u00f6glichkeit besteht in der Garage \u201cUnter der Boschwiese\u201d, gegen\u00fcber der Villa Bosch.<\/p>\n\n\n\n<h3 class=\"wp-block-heading\">Mit der Bahn<\/h3>\n\n\n\n<p>Vom Heidelberger Hauptbahnhof nehmen Sie ein Taxi (ca. 15-20 Minuten) oder den Bus (Fahrplan siehe unten) zum HITS.<\/p>\n\n\n\n<h3 class=\"wp-block-heading\">Mit dem Bus<\/h3>\n\n\n\n<p>Seit 2013 k\u00f6nnen Sie das HITS auch direkt mit der Buslinie 30, dem so genannten <a href=\"https:\/\/simplaix-workshop2025.h-its.org\/wp-content\/uploads\/sites\/23\/2025\/04\/2025_04_22_Bus-30.pdf\" target=\"_blank\" rel=\"noreferrer noopener\">Science Bus<\/a>, erreichen. Die Busse fahren von Montag bis Freitag im Stundentakt.\u00a0Vom Hauptbahnhof fahren Sie mit der S-Bahn S1 (Richtung Osterburken),\u00a0 S2 (Richtung Eberbach), oder S5 (Richtung Eppingen Bahnhof) bis zur Haltestelle S-Bahnhof Heidelberg-Altstadt. Hier steigen Sie in die Buslinie 30 Richtung Schlierbach (HD), HITS um.<\/p>\n\n\n\n<p><a href=\"https:\/\/www.h-its.org\/de\/wp-content\/uploads\/sites\/2\/2024\/03\/Timetable_Science_Bus_30.pdf\" target=\"_blank\" rel=\"noreferrer noopener\">Fahrplan Linie 30<\/a><\/p>\n<\/div><\/div>\n\n\n\n<div class=\"wp-block-hits-blocks-accordion accordion-block hits-accordion undefined\"><a class=\"hits-accordion-title\" href=\"#\">Anfahrt Mathematikon<\/a><div class=\"hits-accordion-content \">\n<h3 class=\"wp-block-heading\">Mit dem Auto<\/h3>\n\n\n<div class=\"wp-block-image\">\n<figure class=\"alignleft\"><a href=\"https:\/\/www.h-its.org\/wp-content\/uploads\/2019\/05\/Mathematikon.jpg\"><img decoding=\"async\" src=\"https:\/\/www.h-its.org\/wp-content\/uploads\/2019\/05\/Mathematikon-300x228.jpeg\" alt=\"\" class=\"wp-image-35775\" \/><\/a><figcaption class=\"wp-element-caption\">Copyright: Mathematikon Heidelberg GmbH (n. Schw. R.) &amp; Co KG<\/figcaption><\/figure>\n<\/div>\n\n\n<p>\u00dcber die A5 (Nord\/S\u00fcd):<br>Verlassen Sie die Autobahn A5 an der Ausfahrt 37 \u201eHeidelberg\u201c und fahren Sie \u00fcber die A656 weiter in Richtung Heidelberg.<\/p>\n\n\n\n<p>\u00dcber die A6 (Westen):<br>Verlassen Sie die Autobahn A6 an der Ausfahrt 27 \u201eMannheim\u201c und fahren Sie \u00fcber die A656 weiter in Richtung Heidelberg.<br>An der ersten Ampel in Heidelberg wechseln Sie auf die linke Spur und biegen links ab. Folgen Sie der B37 in Richtung Neuenheim \/Universit\u00e4tsklinikum.<br>Folgen Sie der Vangerowstra\u00dfe unterhalb der Neckarbr\u00fccke (Ernst- Walz-Br\u00fccke). Wechseln Sie direkt nach der Br\u00fccke auf die rechte Spur, und folgen Sie der Berliner Stra\u00dfe. Nach 700 Metern sehen Sie links das Mathematikon. Biegen Sie links ab auf \u201eIm Neuenheimer Feld\u201c und biegen Sie gleich darauf in die erste Stra\u00dfe auf der rechten Seite ein. Biegen Sie nach 150 Metern rechts ab und fahren Sie in das Parkhaus. G\u00e4steparkpl\u00e4tze befinden sich im 1. Untergeschoss.<br>Sie finden uns im mittleren Geb\u00e4ude des Mathematikons, Berliner Stra\u00dfe 45. Unser B\u00fcro befindet sich im 4. Stock.<\/p>\n\n\n\n<h3 class=\"wp-block-heading\">Mit der Bahn<\/h3>\n\n\n\n<p>Nach Ankunft am Heidelberger Hauptbahnhof verlassen Sie das Bahnhofsgeb\u00e4ude durch den n\u00f6rdlichen Ausgang \u201eKurf\u00fcrstenanlage\u201c. Die Bus- und Strassenbahnhaltestelle befindet sich direkt gegen\u00fcber. Nehmen Sie die Strassenbahn 21 oder 24 (in Richtung Hans-Thoma-Platz \/ Handschuhsheim Nord \/ Schriesheim) bis zum Mathematikon. Steigen Sie an der Haltestelle \u201eTechnologiepark\u201c aus.<br>Sie finden uns im mittleren Geb\u00e4ude des Mathematikons, Berliner Stra\u00dfe 45. Unser B\u00fcro befindet sich im 4. Stock.<\/p>\n<\/div><\/div>\n","protected":false},"excerpt":{"rendered":"<p>HITS gGmbH Heidelberger Institut f\u00fcr Theoretische StudienSchloss-Wolfsbrunnenweg 3569118 HeidelbergDeutschland MathematikonBerliner Str. 4569120 HeidelbergDeutschland E-Mail: info@h-its.orgTelefon: +49 6221 533 533<\/p>\n","protected":false},"author":1,"featured_media":40609,"parent":0,"menu_order":7,"comment_status":"closed","ping_status":"closed","template":"page-templates\/page-full-width.php","meta":{"_acf_changed":false,"inline_featured_image":false,"footnotes":""},"hits-research-group":[1341],"class_list":["post-16","page","type-page","status-publish","has-post-thumbnail","hentry","hits-research-group-administration-de"],"acf":[],"yoast_head":"<!-- This site is optimized with the Yoast SEO plugin v27.2 - https:\/\/yoast.com\/product\/yoast-seo-wordpress\/ -->\n<title>Kontakt - HITS gGmbH<\/title>\n<meta name=\"robots\" content=\"index, follow, max-snippet:-1, max-image-preview:large, max-video-preview:-1\" \/>\n<link rel=\"canonical\" href=\"https:\/\/www.h-its.org\/de\/kontakt\/\" \/>\n<meta property=\"og:locale\" content=\"de_DE\" \/>\n<meta property=\"og:type\" content=\"article\" \/>\n<meta property=\"og:title\" content=\"Kontakt - HITS gGmbH\" \/>\n<meta property=\"og:description\" content=\"HITS gGmbH Heidelberger Institut f\u00fcr Theoretische StudienSchloss-Wolfsbrunnenweg 3569118 HeidelbergDeutschland MathematikonBerliner Str. 4569120 HeidelbergDeutschland E-Mail: info@h-its.orgTelefon: +49 6221 533 533\" \/>\n<meta property=\"og:url\" content=\"https:\/\/www.h-its.org\/de\/kontakt\/\" \/>\n<meta property=\"og:site_name\" content=\"HITS gGmbH\" \/>\n<meta property=\"article:modified_time\" content=\"2025-04-30T08:37:51+00:00\" \/>\n<meta property=\"og:image\" content=\"https:\/\/www.h-its.org\/de\/wp-content\/uploads\/sites\/2\/2019\/12\/HITS.jpg\" \/>\n\t<meta property=\"og:image:width\" content=\"1340\" \/>\n\t<meta property=\"og:image:height\" content=\"450\" \/>\n\t<meta property=\"og:image:type\" content=\"image\/jpeg\" \/>\n<meta name=\"twitter:card\" content=\"summary_large_image\" \/>\n<meta name=\"twitter:label1\" content=\"Gesch\u00e4tzte Lesezeit\" \/>\n\t<meta name=\"twitter:data1\" content=\"4\u00a0Minuten\" \/>\n<script type=\"application\/ld+json\" class=\"yoast-schema-graph\">{\"@context\":\"https:\/\/schema.org\",\"@graph\":[{\"@type\":\"WebPage\",\"@id\":\"https:\/\/www.h-its.org\/de\/kontakt\/\",\"url\":\"https:\/\/www.h-its.org\/de\/kontakt\/\",\"name\":\"Kontakt - HITS gGmbH\",\"isPartOf\":{\"@id\":\"https:\/\/www.h-its.org\/de\/#website\"},\"primaryImageOfPage\":{\"@id\":\"https:\/\/www.h-its.org\/de\/kontakt\/#primaryimage\"},\"image\":{\"@id\":\"https:\/\/www.h-its.org\/de\/kontakt\/#primaryimage\"},\"thumbnailUrl\":\"https:\/\/www.h-its.org\/de\/wp-content\/uploads\/sites\/2\/2019\/12\/HITS.jpg\",\"datePublished\":\"2014-09-03T18:09:16+00:00\",\"dateModified\":\"2025-04-30T08:37:51+00:00\",\"breadcrumb\":{\"@id\":\"https:\/\/www.h-its.org\/de\/kontakt\/#breadcrumb\"},\"inLanguage\":\"de\",\"potentialAction\":[{\"@type\":\"ReadAction\",\"target\":[\"https:\/\/www.h-its.org\/de\/kontakt\/\"]}]},{\"@type\":\"ImageObject\",\"inLanguage\":\"de\",\"@id\":\"https:\/\/www.h-its.org\/de\/kontakt\/#primaryimage\",\"url\":\"https:\/\/www.h-its.org\/de\/wp-content\/uploads\/sites\/2\/2019\/12\/HITS.jpg\",\"contentUrl\":\"https:\/\/www.h-its.org\/de\/wp-content\/uploads\/sites\/2\/2019\/12\/HITS.jpg\",\"width\":1340,\"height\":450},{\"@type\":\"BreadcrumbList\",\"@id\":\"https:\/\/www.h-its.org\/de\/kontakt\/#breadcrumb\",\"itemListElement\":[{\"@type\":\"ListItem\",\"position\":1,\"name\":\"Home\",\"item\":\"https:\/\/www.h-its.org\/de\/\"},{\"@type\":\"ListItem\",\"position\":2,\"name\":\"Kontakt\"}]},{\"@type\":\"WebSite\",\"@id\":\"https:\/\/www.h-its.org\/de\/#website\",\"url\":\"https:\/\/www.h-its.org\/de\/\",\"name\":\"HITS gGmbH\",\"description\":\"Heidelberg Institute for Theoretical Studies\",\"potentialAction\":[{\"@type\":\"SearchAction\",\"target\":{\"@type\":\"EntryPoint\",\"urlTemplate\":\"https:\/\/www.h-its.org\/de\/?s={search_term_string}\"},\"query-input\":{\"@type\":\"PropertyValueSpecification\",\"valueRequired\":true,\"valueName\":\"search_term_string\"}}],\"inLanguage\":\"de\"}]}<\/script>\n<!-- \/ Yoast SEO plugin. -->","yoast_head_json":{"title":"Kontakt - HITS gGmbH","robots":{"index":"index","follow":"follow","max-snippet":"max-snippet:-1","max-image-preview":"max-image-preview:large","max-video-preview":"max-video-preview:-1"},"canonical":"https:\/\/www.h-its.org\/de\/kontakt\/","og_locale":"de_DE","og_type":"article","og_title":"Kontakt - HITS gGmbH","og_description":"HITS gGmbH Heidelberger Institut f\u00fcr Theoretische StudienSchloss-Wolfsbrunnenweg 3569118 HeidelbergDeutschland MathematikonBerliner Str. 4569120 HeidelbergDeutschland E-Mail: info@h-its.orgTelefon: +49 6221 533 533","og_url":"https:\/\/www.h-its.org\/de\/kontakt\/","og_site_name":"HITS gGmbH","article_modified_time":"2025-04-30T08:37:51+00:00","og_image":[{"width":1340,"height":450,"url":"https:\/\/www.h-its.org\/de\/wp-content\/uploads\/sites\/2\/2019\/12\/HITS.jpg","type":"image\/jpeg"}],"twitter_card":"summary_large_image","twitter_misc":{"Gesch\u00e4tzte Lesezeit":"4\u00a0Minuten"},"schema":{"@context":"https:\/\/schema.org","@graph":[{"@type":"WebPage","@id":"https:\/\/www.h-its.org\/de\/kontakt\/","url":"https:\/\/www.h-its.org\/de\/kontakt\/","name":"Kontakt - HITS gGmbH","isPartOf":{"@id":"https:\/\/www.h-its.org\/de\/#website"},"primaryImageOfPage":{"@id":"https:\/\/www.h-its.org\/de\/kontakt\/#primaryimage"},"image":{"@id":"https:\/\/www.h-its.org\/de\/kontakt\/#primaryimage"},"thumbnailUrl":"https:\/\/www.h-its.org\/de\/wp-content\/uploads\/sites\/2\/2019\/12\/HITS.jpg","datePublished":"2014-09-03T18:09:16+00:00","dateModified":"2025-04-30T08:37:51+00:00","breadcrumb":{"@id":"https:\/\/www.h-its.org\/de\/kontakt\/#breadcrumb"},"inLanguage":"de","potentialAction":[{"@type":"ReadAction","target":["https:\/\/www.h-its.org\/de\/kontakt\/"]}]},{"@type":"ImageObject","inLanguage":"de","@id":"https:\/\/www.h-its.org\/de\/kontakt\/#primaryimage","url":"https:\/\/www.h-its.org\/de\/wp-content\/uploads\/sites\/2\/2019\/12\/HITS.jpg","contentUrl":"https:\/\/www.h-its.org\/de\/wp-content\/uploads\/sites\/2\/2019\/12\/HITS.jpg","width":1340,"height":450},{"@type":"BreadcrumbList","@id":"https:\/\/www.h-its.org\/de\/kontakt\/#breadcrumb","itemListElement":[{"@type":"ListItem","position":1,"name":"Home","item":"https:\/\/www.h-its.org\/de\/"},{"@type":"ListItem","position":2,"name":"Kontakt"}]},{"@type":"WebSite","@id":"https:\/\/www.h-its.org\/de\/#website","url":"https:\/\/www.h-its.org\/de\/","name":"HITS gGmbH","description":"Heidelberg Institute for Theoretical Studies","potentialAction":[{"@type":"SearchAction","target":{"@type":"EntryPoint","urlTemplate":"https:\/\/www.h-its.org\/de\/?s={search_term_string}"},"query-input":{"@type":"PropertyValueSpecification","valueRequired":true,"valueName":"search_term_string"}}],"inLanguage":"de"}]}},"publishpress_future_action":{"enabled":false,"date":"2026-04-14 19:58:51","action":"change-status","newStatus":"draft","terms":[],"taxonomy":"hits-research-group","extraData":[]},"publishpress_future_workflow_manual_trigger":{"enabledWorkflows":[]},"_links":{"self":[{"href":"https:\/\/www.h-its.org\/de\/wp-json\/wp\/v2\/pages\/16","targetHints":{"allow":["GET"]}}],"collection":[{"href":"https:\/\/www.h-its.org\/de\/wp-json\/wp\/v2\/pages"}],"about":[{"href":"https:\/\/www.h-its.org\/de\/wp-json\/wp\/v2\/types\/page"}],"author":[{"embeddable":true,"href":"https:\/\/www.h-its.org\/de\/wp-json\/wp\/v2\/users\/1"}],"replies":[{"embeddable":true,"href":"https:\/\/www.h-its.org\/de\/wp-json\/wp\/v2\/comments?post=16"}],"version-history":[{"count":34,"href":"https:\/\/www.h-its.org\/de\/wp-json\/wp\/v2\/pages\/16\/revisions"}],"predecessor-version":[{"id":49905,"href":"https:\/\/www.h-its.org\/de\/wp-json\/wp\/v2\/pages\/16\/revisions\/49905"}],"wp:featuredmedia":[{"embeddable":true,"href":"https:\/\/www.h-its.org\/de\/wp-json\/wp\/v2\/media\/40609"}],"wp:attachment":[{"href":"https:\/\/www.h-its.org\/de\/wp-json\/wp\/v2\/media?parent=16"}],"wp:term":[{"taxonomy":"hits-research-group","embeddable":true,"href":"https:\/\/www.h-its.org\/de\/wp-json\/wp\/v2\/hits-research-group?post=16"}],"curies":[{"name":"wp","href":"https:\/\/api.w.org\/{rel}","templated":true}]}}