{"id":2448,"date":"2014-11-06T11:36:38","date_gmt":"2014-11-06T10:36:38","guid":{"rendered":"http:\/\/www.h-its.org\/?page_id=2448"},"modified":"2022-06-07T15:11:32","modified_gmt":"2022-06-07T13:11:32","slug":"fragen","status":"publish","type":"page","link":"https:\/\/www.h-its.org\/de\/medien\/journalist-in-residence-programm\/fragen\/","title":{"rendered":"Journalist in Residence &#8211; Fragen"},"content":{"rendered":"\n<div class=\"wp-block-hits-blocks-accordion accordion-block hits-accordion undefined\"><a class=\"hits-accordion-title\" href=\"#\">1. Garantiert das HITS journalistische Unabh\u00e4ngigkeit?<\/a><div class=\"hits-accordion-content \">\n<p>Journalistische Freiheit steht f\u00fcr uns an erster Stelle, deshalb wahrt unser \u201eJournalist in Residence\u201c-Programm die journalistische Unabh\u00e4ngigkeit. Eine Art \u201eembedded journalism\u201c entspricht nicht unserem Selbstverst\u00e4ndnis und den Zielen des Programms.<\/p>\n<\/div><\/div>\n\n\n\n<div class=\"wp-block-hits-blocks-accordion accordion-block hits-accordion undefined\"><a class=\"hits-accordion-title\" href=\"#\">2. Gibt es Anwesenheitsvorschriften? Muss ich den Aufenthalt am St\u00fcck absolvieren oder kann ich ihn aufteilen? Wie flexibel ist das Programm hinsichtlich meines Zeitmanagements?<\/a><div class=\"hits-accordion-content \">\n<p>Die Anwesenheit w\u00e4hrend der Laufzeit des Gastaufenthalts wird grunds\u00e4tzlich vorausgesetzt. Da aber vor allem die Arbeit freiberuflicher Journalist*innen ein hohes Ma\u00df an Flexibilit\u00e4t erfordert, ist es m\u00f6glich, den Aufenthalt zu unterbrechen oder zu verk\u00fcrzen, um z.B. an anderen Projekten zu arbeiten. In einem solchen Falle wird die Verg\u00fctung dementsprechend angepasst. Der Zeitraum sowie die genaue Zeitspanne (3-6 Monaten) kann innerhalb des vorgegebenen Gastjahrs frei gew\u00e4hlt werden.<br><\/p>\n<\/div><\/div>\n\n\n\n<div class=\"wp-block-hits-blocks-accordion accordion-block hits-accordion undefined\"><a class=\"hits-accordion-title\" href=\"#\">3. Kann ich auch k\u00fcrzer als drei Monate als \u201eJournalist in Residence\u201c am HITS bleiben?<\/a><div class=\"hits-accordion-content \">\n<p>Nein. Die bisherigen Erfahrungen haben gezeigt, dass eine Aufenthaltsdauer von unter drei Monaten beiden Seiten zu wenig bietet.<br>Journalist*innen, die sich f\u00fcr ein spezielles Thema am Institut interessieren und f\u00fcr einige Tage unser Institut besuchen m\u00f6chten, k\u00f6nnen sich jederzeit an Dr. Peter Saueressig (<a rel=\"noreferrer noopener\" href=\"mailto:peter.saueressig@h-its.org\" target=\"_blank\">peter.saueressig@h-its.org<\/a>) wenden. Solche Rechercheaufenthalte oder Besuche sind jedoch nicht Teil des \u201eJournalist in Residence\u201c-Programms.<br><\/p>\n<\/div><\/div>\n\n\n\n<div class=\"wp-block-hits-blocks-accordion accordion-block hits-accordion undefined\"><a class=\"hits-accordion-title\" href=\"#\">4. Welche Erwartungen hat das HITS an seinen \u201eJournalist in Residence\u201c?<\/a><div class=\"hits-accordion-content \">\n<p>Wir erwarten, dass die oder der \u201eJournalist in Residence\u201c im gegenseitigen Austausch mit unseren Wissenschaftler*innen steht. Dies kann durch den t\u00e4glichen Kontakt, bei internen Seminaren oder informellen Meetings geschehen.<\/p>\n\n\n\n<p>W\u00e4hrend des Aufenthalts soll die oder der \u201eJournalist in Residence\u201c eine Pr\u00e4sentation zum Thema Wissenschaftskommunikation\/-journalismus halten oder eine Diskussion mit den HITS-Forschenden im Rahmen eines Seminars (Pr\u00e4sentation, kleiner Workshop etc.) leiten, sowie einen \u00f6ffentlichen Vortrag zu diesem Thema halten.<\/p>\n\n\n\n<p>Der Aufenthalt ist dazu gedacht, den Dialog zwischen den Wissenschaftler*innen und Journalist*innen zu f\u00f6rdern. Im Idealfall f\u00fchrt dieser Austausch zu neuen Geschichten oder auch zu innovativen Projekten, die ohne einen derart engen Kontakt nicht zustande gekommen w\u00e4ren.<br><\/p>\n<\/div><\/div>\n\n\n\n<div class=\"wp-block-hits-blocks-accordion accordion-block hits-accordion undefined\"><a class=\"hits-accordion-title\" href=\"#\">5. Bietet das HITS Unterkunftsm\u00f6glichkeiten?<\/a><div class=\"hits-accordion-content \">\n<p>Leider k\u00f6nnen wir selbst keine Unterkunft anbieten. Unsere Verwaltung ist aber gerne dabei behilflich, eine geeignete Unterbringung zu finden.<br><\/p>\n<\/div><\/div>\n\n\n\n<div class=\"wp-block-hits-blocks-accordion accordion-block hits-accordion undefined\"><a class=\"hits-accordion-title\" href=\"#\">6. Werden den Journalist\/innen die Mitarbeiter sowie die Arbeitsbereiche des HITS vorgestellt?<\/a><div class=\"hits-accordion-content \">\n<p>Selbstverst\u00e4ndlich. Der Aufenthalt am HITS beginnt mit einer kurzen Einf\u00fchrungsphase, bei der das Institut rundum vorgestellt wird. Au\u00dferdem finden regelm\u00e4\u00dfig interne Veranstaltungen wie Lab-Meetings, Gruppenmeetings und Seminare statt, bei denen die oder der \u201eJournalist in Residence\u201c Gelegenheit hat, das HITS und seine Mitarbeiter*innen n\u00e4her kennen zu lernen.<br><\/p>\n<\/div><\/div>\n\n\n\n<div class=\"wp-block-hits-blocks-accordion accordion-block hits-accordion undefined\"><a class=\"hits-accordion-title\" href=\"#\">7. Sind die Forscher und Forscherinnen am HITS Journalisten gegen\u00fcber \u00fcberhaupt offen eingestellt?<\/a><div class=\"hits-accordion-content \">\n<p>Ja. Unsere Forscher*innen interessieren sich f\u00fcr Medien und sind sich deren Bedeutung f\u00fcr ihre Arbeit bewusst. Sie sind freundlich, offen und kooperativ und erkl\u00e4ren ihre Arbeit gerne so verst\u00e4ndlich wie m\u00f6glich.<br><\/p>\n<\/div><\/div>\n\n\n\n<div class=\"wp-block-hits-blocks-accordion accordion-block hits-accordion undefined\"><a class=\"hits-accordion-title\" href=\"#\">8. Muss ich mich auf ein bestimmtes Themengebiet festlegen?<\/a><div class=\"hits-accordion-content \">\n<p>Nein, die oder der \u201eJournalist in Residence\u201c kann sich mit allen Forschungsbereichen am HITS befassen, auch von einem eher allgemeinen Standpunkt aus, z. B. wie datengetriebene Forschung oder computergest\u00fctzte Simulationen funktionieren.<br><\/p>\n<\/div><\/div>\n\n\n\n<div class=\"wp-block-hits-blocks-accordion accordion-block hits-accordion undefined\"><a class=\"hits-accordion-title\" href=\"#\">9. Wann kann man sich f\u00fcr den Gastaufenthalt bewerben? Wird eine Liste f\u00fcr zuk\u00fcnftige Journalist\/innen anhand der ersten Bewerbungsrunde erstellt?<\/a><div class=\"hits-accordion-content \">\n<p>Das \u201eJournalist in Residence\u201c Programm wird jedes Jahr neu ausgeschrieben. Wir erstellen keine Listen auf Basis der jeweiligen Bewerbungsrunde. Bei einer erfolglosen Bewerbung besteht die M\u00f6glichkeit, sich im n\u00e4chsten Durchgang erneut zu bewerben.<br><\/p>\n<\/div><\/div>\n\n\n\n<div class=\"wp-block-hits-blocks-accordion accordion-block hits-accordion undefined\"><a class=\"hits-accordion-title\" href=\"#\">10. Kann ich auch noch andere Einrichtungen und Labore besuchen oder bin ich an das HITS \u201agebunden\u2018?<\/a><div class=\"hits-accordion-content \">\n<p>Es besteht die M\u00f6glichkeit, andere Forschungseinrichtungen, mit denen das HITS institutionell oder projektbezogen kooperiert, zu besuchen. Das HITS kann in diesem Falle den Kontakt herstellen. Anfallende Reisekosten werden nicht erstattet. Im Falle l\u00e4ngerer Aufenthalte in einer anderen Forschungseinrichtung gilt Punkt 2.<br><\/p>\n<\/div><\/div>\n\n\n\n<div class=\"wp-block-hits-blocks-accordion accordion-block hits-accordion undefined\"><a class=\"hits-accordion-title\" href=\"#\">11. Werden die Reisekosten erstattet?<\/a><div class=\"hits-accordion-content \">\n<p>Nach vorheriger Absprache k\u00f6nnen die Kosten f\u00fcr die An- und Abreise zum Aufenthalt als \u201eJournalist in Residence\u201c in Heidelberg erstattet werden. Alle sonstigen Reisekosten, die w\u00e4hrend des Aufenthalts anfallen, sind mit der Verg\u00fctung abgegolten.<br><\/p>\n<\/div><\/div>\n\n\n\n<div class=\"wp-block-hits-blocks-accordion accordion-block hits-accordion undefined\"><a class=\"hits-accordion-title\" href=\"#\">12. Wie ist die Krankenversicherung f\u00fcr die Dauer des Aufenthalts am HITS geregelt?<\/a><div class=\"hits-accordion-content \">\n<p>Der oder die \u201eJournalist in Residence\u201c muss die notwendige Krankenversicherung f\u00fcr seinen\/ihren Aufenthalt am HITS selbst abschlie\u00dfen. Wir empfehlen gerne einen geeigneten Anbieter. <\/p>\n<\/div><\/div>\n","protected":false},"excerpt":{"rendered":"","protected":false},"author":6,"featured_media":40628,"parent":584,"menu_order":2,"comment_status":"closed","ping_status":"closed","template":"page-templates\/left-sidebar.php","meta":{"_acf_changed":false,"inline_featured_image":false,"footnotes":""},"hits-research-group":[1333],"class_list":["post-2448","page","type-page","status-publish","has-post-thumbnail","hentry","hits-research-group-communications"],"acf":[],"yoast_head":"<!-- This site is optimized with the Yoast SEO plugin v27.4 - https:\/\/yoast.com\/product\/yoast-seo-wordpress\/ -->\n<title>Journalist in Residence - Fragen - HITS gGmbH<\/title>\n<meta name=\"robots\" content=\"index, follow, max-snippet:-1, max-image-preview:large, max-video-preview:-1\" \/>\n<link rel=\"canonical\" href=\"https:\/\/www.h-its.org\/de\/medien\/journalist-in-residence-programm\/fragen\/\" \/>\n<meta property=\"og:locale\" content=\"de_DE\" \/>\n<meta property=\"og:type\" content=\"article\" \/>\n<meta property=\"og:title\" content=\"Journalist in Residence - Fragen - HITS gGmbH\" \/>\n<meta property=\"og:url\" content=\"https:\/\/www.h-its.org\/de\/medien\/journalist-in-residence-programm\/fragen\/\" \/>\n<meta property=\"og:site_name\" content=\"HITS gGmbH\" \/>\n<meta property=\"article:modified_time\" content=\"2022-06-07T13:11:32+00:00\" \/>\n<meta property=\"og:image\" content=\"https:\/\/www.h-its.org\/de\/wp-content\/uploads\/sites\/2\/2019\/12\/Jounalists.jpg\" \/>\n\t<meta property=\"og:image:width\" content=\"1340\" \/>\n\t<meta property=\"og:image:height\" content=\"450\" \/>\n\t<meta property=\"og:image:type\" content=\"image\/jpeg\" \/>\n<meta name=\"twitter:card\" content=\"summary_large_image\" \/>\n<meta name=\"twitter:label1\" content=\"Gesch\u00e4tzte Lesezeit\" \/>\n\t<meta name=\"twitter:data1\" content=\"4\u00a0Minuten\" \/>\n<script type=\"application\/ld+json\" class=\"yoast-schema-graph\">{\"@context\":\"https:\\\/\\\/schema.org\",\"@graph\":[{\"@type\":\"WebPage\",\"@id\":\"https:\\\/\\\/www.h-its.org\\\/de\\\/medien\\\/journalist-in-residence-programm\\\/fragen\\\/\",\"url\":\"https:\\\/\\\/www.h-its.org\\\/de\\\/medien\\\/journalist-in-residence-programm\\\/fragen\\\/\",\"name\":\"Journalist in Residence - Fragen - HITS gGmbH\",\"isPartOf\":{\"@id\":\"https:\\\/\\\/www.h-its.org\\\/de\\\/#website\"},\"primaryImageOfPage\":{\"@id\":\"https:\\\/\\\/www.h-its.org\\\/de\\\/medien\\\/journalist-in-residence-programm\\\/fragen\\\/#primaryimage\"},\"image\":{\"@id\":\"https:\\\/\\\/www.h-its.org\\\/de\\\/medien\\\/journalist-in-residence-programm\\\/fragen\\\/#primaryimage\"},\"thumbnailUrl\":\"https:\\\/\\\/www.h-its.org\\\/de\\\/wp-content\\\/uploads\\\/sites\\\/2\\\/2019\\\/12\\\/Jounalists.jpg\",\"datePublished\":\"2014-11-06T10:36:38+00:00\",\"dateModified\":\"2022-06-07T13:11:32+00:00\",\"breadcrumb\":{\"@id\":\"https:\\\/\\\/www.h-its.org\\\/de\\\/medien\\\/journalist-in-residence-programm\\\/fragen\\\/#breadcrumb\"},\"inLanguage\":\"de\",\"potentialAction\":[{\"@type\":\"ReadAction\",\"target\":[\"https:\\\/\\\/www.h-its.org\\\/de\\\/medien\\\/journalist-in-residence-programm\\\/fragen\\\/\"]}]},{\"@type\":\"ImageObject\",\"inLanguage\":\"de\",\"@id\":\"https:\\\/\\\/www.h-its.org\\\/de\\\/medien\\\/journalist-in-residence-programm\\\/fragen\\\/#primaryimage\",\"url\":\"https:\\\/\\\/www.h-its.org\\\/de\\\/wp-content\\\/uploads\\\/sites\\\/2\\\/2019\\\/12\\\/Jounalists.jpg\",\"contentUrl\":\"https:\\\/\\\/www.h-its.org\\\/de\\\/wp-content\\\/uploads\\\/sites\\\/2\\\/2019\\\/12\\\/Jounalists.jpg\",\"width\":1340,\"height\":450},{\"@type\":\"BreadcrumbList\",\"@id\":\"https:\\\/\\\/www.h-its.org\\\/de\\\/medien\\\/journalist-in-residence-programm\\\/fragen\\\/#breadcrumb\",\"itemListElement\":[{\"@type\":\"ListItem\",\"position\":1,\"name\":\"Home\",\"item\":\"https:\\\/\\\/www.h-its.org\\\/de\\\/\"},{\"@type\":\"ListItem\",\"position\":2,\"name\":\"HITS-Kommunikation\",\"item\":\"https:\\\/\\\/www.h-its.org\\\/de\\\/medien\\\/\"},{\"@type\":\"ListItem\",\"position\":3,\"name\":\"HITS Journalist in Residence Programm\",\"item\":\"https:\\\/\\\/www.h-its.org\\\/de\\\/medien\\\/journalist-in-residence-programm\\\/\"},{\"@type\":\"ListItem\",\"position\":4,\"name\":\"Journalist in Residence &#8211; Fragen\"}]},{\"@type\":\"WebSite\",\"@id\":\"https:\\\/\\\/www.h-its.org\\\/de\\\/#website\",\"url\":\"https:\\\/\\\/www.h-its.org\\\/de\\\/\",\"name\":\"HITS gGmbH\",\"description\":\"Heidelberg Institute for Theoretical Studies\",\"potentialAction\":[{\"@type\":\"SearchAction\",\"target\":{\"@type\":\"EntryPoint\",\"urlTemplate\":\"https:\\\/\\\/www.h-its.org\\\/de\\\/?s={search_term_string}\"},\"query-input\":{\"@type\":\"PropertyValueSpecification\",\"valueRequired\":true,\"valueName\":\"search_term_string\"}}],\"inLanguage\":\"de\"}]}<\/script>\n<!-- \/ Yoast SEO plugin. -->","yoast_head_json":{"title":"Journalist in Residence - Fragen - HITS gGmbH","robots":{"index":"index","follow":"follow","max-snippet":"max-snippet:-1","max-image-preview":"max-image-preview:large","max-video-preview":"max-video-preview:-1"},"canonical":"https:\/\/www.h-its.org\/de\/medien\/journalist-in-residence-programm\/fragen\/","og_locale":"de_DE","og_type":"article","og_title":"Journalist in Residence - Fragen - HITS gGmbH","og_url":"https:\/\/www.h-its.org\/de\/medien\/journalist-in-residence-programm\/fragen\/","og_site_name":"HITS gGmbH","article_modified_time":"2022-06-07T13:11:32+00:00","og_image":[{"width":1340,"height":450,"url":"https:\/\/www.h-its.org\/de\/wp-content\/uploads\/sites\/2\/2019\/12\/Jounalists.jpg","type":"image\/jpeg"}],"twitter_card":"summary_large_image","twitter_misc":{"Gesch\u00e4tzte Lesezeit":"4\u00a0Minuten"},"schema":{"@context":"https:\/\/schema.org","@graph":[{"@type":"WebPage","@id":"https:\/\/www.h-its.org\/de\/medien\/journalist-in-residence-programm\/fragen\/","url":"https:\/\/www.h-its.org\/de\/medien\/journalist-in-residence-programm\/fragen\/","name":"Journalist in Residence - Fragen - HITS gGmbH","isPartOf":{"@id":"https:\/\/www.h-its.org\/de\/#website"},"primaryImageOfPage":{"@id":"https:\/\/www.h-its.org\/de\/medien\/journalist-in-residence-programm\/fragen\/#primaryimage"},"image":{"@id":"https:\/\/www.h-its.org\/de\/medien\/journalist-in-residence-programm\/fragen\/#primaryimage"},"thumbnailUrl":"https:\/\/www.h-its.org\/de\/wp-content\/uploads\/sites\/2\/2019\/12\/Jounalists.jpg","datePublished":"2014-11-06T10:36:38+00:00","dateModified":"2022-06-07T13:11:32+00:00","breadcrumb":{"@id":"https:\/\/www.h-its.org\/de\/medien\/journalist-in-residence-programm\/fragen\/#breadcrumb"},"inLanguage":"de","potentialAction":[{"@type":"ReadAction","target":["https:\/\/www.h-its.org\/de\/medien\/journalist-in-residence-programm\/fragen\/"]}]},{"@type":"ImageObject","inLanguage":"de","@id":"https:\/\/www.h-its.org\/de\/medien\/journalist-in-residence-programm\/fragen\/#primaryimage","url":"https:\/\/www.h-its.org\/de\/wp-content\/uploads\/sites\/2\/2019\/12\/Jounalists.jpg","contentUrl":"https:\/\/www.h-its.org\/de\/wp-content\/uploads\/sites\/2\/2019\/12\/Jounalists.jpg","width":1340,"height":450},{"@type":"BreadcrumbList","@id":"https:\/\/www.h-its.org\/de\/medien\/journalist-in-residence-programm\/fragen\/#breadcrumb","itemListElement":[{"@type":"ListItem","position":1,"name":"Home","item":"https:\/\/www.h-its.org\/de\/"},{"@type":"ListItem","position":2,"name":"HITS-Kommunikation","item":"https:\/\/www.h-its.org\/de\/medien\/"},{"@type":"ListItem","position":3,"name":"HITS Journalist in Residence Programm","item":"https:\/\/www.h-its.org\/de\/medien\/journalist-in-residence-programm\/"},{"@type":"ListItem","position":4,"name":"Journalist in Residence &#8211; Fragen"}]},{"@type":"WebSite","@id":"https:\/\/www.h-its.org\/de\/#website","url":"https:\/\/www.h-its.org\/de\/","name":"HITS gGmbH","description":"Heidelberg Institute for Theoretical Studies","potentialAction":[{"@type":"SearchAction","target":{"@type":"EntryPoint","urlTemplate":"https:\/\/www.h-its.org\/de\/?s={search_term_string}"},"query-input":{"@type":"PropertyValueSpecification","valueRequired":true,"valueName":"search_term_string"}}],"inLanguage":"de"}]}},"publishpress_future_action":{"enabled":false,"date":"2026-05-03 19:22:11","action":"change-status","newStatus":"draft","terms":[],"taxonomy":"hits-research-group","extraData":[]},"publishpress_future_workflow_manual_trigger":{"enabledWorkflows":[]},"_links":{"self":[{"href":"https:\/\/www.h-its.org\/de\/wp-json\/wp\/v2\/pages\/2448","targetHints":{"allow":["GET"]}}],"collection":[{"href":"https:\/\/www.h-its.org\/de\/wp-json\/wp\/v2\/pages"}],"about":[{"href":"https:\/\/www.h-its.org\/de\/wp-json\/wp\/v2\/types\/page"}],"author":[{"embeddable":true,"href":"https:\/\/www.h-its.org\/de\/wp-json\/wp\/v2\/users\/6"}],"replies":[{"embeddable":true,"href":"https:\/\/www.h-its.org\/de\/wp-json\/wp\/v2\/comments?post=2448"}],"version-history":[{"count":17,"href":"https:\/\/www.h-its.org\/de\/wp-json\/wp\/v2\/pages\/2448\/revisions"}],"predecessor-version":[{"id":45421,"href":"https:\/\/www.h-its.org\/de\/wp-json\/wp\/v2\/pages\/2448\/revisions\/45421"}],"up":[{"embeddable":true,"href":"https:\/\/www.h-its.org\/de\/wp-json\/wp\/v2\/pages\/584"}],"wp:featuredmedia":[{"embeddable":true,"href":"https:\/\/www.h-its.org\/de\/wp-json\/wp\/v2\/media\/40628"}],"wp:attachment":[{"href":"https:\/\/www.h-its.org\/de\/wp-json\/wp\/v2\/media?parent=2448"}],"wp:term":[{"taxonomy":"hits-research-group","embeddable":true,"href":"https:\/\/www.h-its.org\/de\/wp-json\/wp\/v2\/hits-research-group?post=2448"}],"curies":[{"name":"wp","href":"https:\/\/api.w.org\/{rel}","templated":true}]}}