{"id":2538,"date":"2014-11-07T16:32:45","date_gmt":"2014-11-07T15:32:45","guid":{"rendered":"http:\/\/www.h-its.org\/?page_id=2538"},"modified":"2020-09-24T17:12:27","modified_gmt":"2020-09-24T15:12:27","slug":"aktuelles","status":"publish","type":"page","link":"https:\/\/www.h-its.org\/de\/forschung\/ain-de\/aktuelles\/","title":{"rendered":"Aktuelles"},"content":{"rendered":"\n  <div class=\"hits-blocks hits-news-block\">\n\n\n      \n              <div class=\"post-grid two-columns\">\n                    \n<div class=\"post-preview\">\n  <a href=\"https:\/\/www.h-its.org\/de\/2025\/05\/23\/hits-forschende-an-zwei-erfolgreichen-clustern-zu-astrophysik-und-lebenswissenschaften-beteiligt\/\" aria-label=\"Post Beitrag Vorschau Bild\">\n          <img loading=\"lazy\" decoding=\"async\" width=\"420\" height=\"242\" src=\"https:\/\/www.h-its.org\/de\/wp-content\/uploads\/sites\/2\/2025\/01\/2025_SciDir_KP_RW-420x242.png\" class=\"attachment-thumbnail size-thumbnail wp-post-image\" alt=\"Kai Polsterer und Rebecca Wade\" 0=\"post-preview--post-thumbnail\" srcset=\"https:\/\/www.h-its.org\/de\/wp-content\/uploads\/sites\/2\/2025\/01\/2025_SciDir_KP_RW-420x242.png 420w, https:\/\/www.h-its.org\/de\/wp-content\/uploads\/sites\/2\/2025\/01\/2025_SciDir_KP_RW-2x1.png 2w\" sizes=\"auto, (max-width: 639px) 98vw, (max-width: 1199px) 64vw, 420px\" \/>      <\/a>\n  <p class=\"font-m font-normal font-primary\">Exzellenzstrategie: HITS-Forschende an zwei erfolgreichen Clustern zu Astrophysik und Lebenswissenschaften beteiligt<\/p>\n  <div class=\"meta\">\n    <div class=\"date\">23.05.2025<\/div>\n  <\/div>\n  <div class=\"show-for-medium\">\n    <p>Wie beeinflussen Sternexplosionen oder die Entwicklung von Galaxien unser heutiges Universum? Wie kann das Immunsystem mithilfe synthetischer Biologie und speziell designten &#8230;<\/p>\n  <\/div>\n  <a href=\"https:\/\/www.h-its.org\/de\/2025\/05\/23\/hits-forschende-an-zwei-erfolgreichen-clustern-zu-astrophysik-und-lebenswissenschaften-beteiligt\/\" class=\"read-more-button\">Mehr erfahren<\/a>\n<\/div>\n                    \n<div class=\"post-preview\">\n  <a href=\"https:\/\/www.h-its.org\/de\/2025\/01\/02\/kai-polsterer-wissenschaftlicher-direktor\/\" aria-label=\"Post Beitrag Vorschau Bild\">\n          <img loading=\"lazy\" decoding=\"async\" width=\"420\" height=\"242\" src=\"https:\/\/www.h-its.org\/de\/wp-content\/uploads\/sites\/2\/2025\/01\/2025_SciDir_KP_RW-420x242.png\" class=\"attachment-thumbnail size-thumbnail wp-post-image\" alt=\"Kai Polsterer und Rebecca Wade\" 0=\"post-preview--post-thumbnail\" srcset=\"https:\/\/www.h-its.org\/de\/wp-content\/uploads\/sites\/2\/2025\/01\/2025_SciDir_KP_RW-420x242.png 420w, https:\/\/www.h-its.org\/de\/wp-content\/uploads\/sites\/2\/2025\/01\/2025_SciDir_KP_RW-2x1.png 2w\" sizes=\"auto, (max-width: 639px) 98vw, (max-width: 1199px) 64vw, 420px\" \/>      <\/a>\n  <p class=\"font-m font-normal font-primary\">Kai Polsterer neuer Wissenschaftlicher Direktor<\/p>\n  <div class=\"meta\">\n    <div class=\"date\">2.01.2025<\/div>\n  <\/div>\n  <div class=\"show-for-medium\">\n    <p>Seit dem Jahreswechsel 2025 ist Kai Polsterer neuer Wissenschaftlicher Direktor des Heidelberger Instituts f\u00fcr Theoretische Studien (HITS). \u00a0Er folgt turnusm\u00e4\u00dfig &#8230;<\/p>\n  <\/div>\n  <a href=\"https:\/\/www.h-its.org\/de\/2025\/01\/02\/kai-polsterer-wissenschaftlicher-direktor\/\" class=\"read-more-button\">Mehr erfahren<\/a>\n<\/div>\n                    \n<div class=\"post-preview\">\n  <a href=\"https:\/\/www.h-its.org\/de\/2024\/02\/15\/girls-day-2024-am-hits-da-mach-ich-mit\/\" aria-label=\"Post Beitrag Vorschau Bild\">\n          <img loading=\"lazy\" decoding=\"async\" width=\"420\" height=\"242\" src=\"https:\/\/www.h-its.org\/de\/wp-content\/uploads\/sites\/2\/2024\/02\/3-1-420x242.png\" class=\"attachment-thumbnail size-thumbnail wp-post-image\" alt=\"\" 0=\"post-preview--post-thumbnail\" srcset=\"https:\/\/www.h-its.org\/de\/wp-content\/uploads\/sites\/2\/2024\/02\/3-1-420x242.png 420w, https:\/\/www.h-its.org\/de\/wp-content\/uploads\/sites\/2\/2024\/02\/3-1-2x1.png 2w\" sizes=\"auto, (max-width: 639px) 98vw, (max-width: 1199px) 64vw, 420px\" \/>      <\/a>\n  <p class=\"font-m font-normal font-primary\">Girls\u2018 Day 2024 am HITS? \u2013 Da mach ich mit!<\/p>\n  <div class=\"meta\">\n    <div class=\"date\">15.02.2024<\/div>\n  <\/div>\n  <div class=\"show-for-medium\">\n    <p>In diesem Jahr bietet das HITS wieder einen interessanten Workshop im Rahmen des Girls\u2019 Day an. Anmeldungen sind ab sofort m\u00f6&#8230;<\/p>\n  <\/div>\n  <a href=\"https:\/\/www.h-its.org\/de\/2024\/02\/15\/girls-day-2024-am-hits-da-mach-ich-mit\/\" class=\"read-more-button\">Mehr erfahren<\/a>\n<\/div>\n                    \n<div class=\"post-preview\">\n  <a href=\"https:\/\/www.h-its.org\/de\/2023\/01\/03\/tilmann-gneiting-wissenschaftlicher-direktor\/\" aria-label=\"Post Beitrag Vorschau Bild\">\n          <img loading=\"lazy\" decoding=\"async\" width=\"420\" height=\"242\" src=\"https:\/\/www.h-its.org\/de\/wp-content\/uploads\/sites\/2\/2022\/12\/Gneiting_Polsterer_news-420x242.png\" class=\"attachment-thumbnail size-thumbnail wp-post-image\" alt=\"\" 0=\"post-preview--post-thumbnail\" srcset=\"https:\/\/www.h-its.org\/de\/wp-content\/uploads\/sites\/2\/2022\/12\/Gneiting_Polsterer_news-420x242.png 420w, https:\/\/www.h-its.org\/de\/wp-content\/uploads\/sites\/2\/2022\/12\/Gneiting_Polsterer_news-1x1.png 1w\" sizes=\"auto, (max-width: 639px) 98vw, (max-width: 1199px) 64vw, 420px\" \/>      <\/a>\n  <p class=\"font-m font-normal font-primary\">Tilmann Gneiting neuer Wissenschaftlicher Direktor<\/p>\n  <div class=\"meta\">\n    <div class=\"date\">3.01.2023<\/div>\n  <\/div>\n  <div class=\"show-for-medium\">\n    <p>Seit dem Jahreswechsel 2023 ist Tilmann Gneiting neuer Wissenschaftlicher Direktor des HITS. &nbsp;Er folgt turnusm\u00e4\u00dfig auf Frauke Gr\u00e4ter, die &#8230;<\/p>\n  <\/div>\n  <a href=\"https:\/\/www.h-its.org\/de\/2023\/01\/03\/tilmann-gneiting-wissenschaftlicher-direktor\/\" class=\"read-more-button\">Mehr erfahren<\/a>\n<\/div>\n                    \n<div class=\"post-preview\">\n  <a href=\"https:\/\/www.h-its.org\/de\/2021\/12\/01\/polsterer-issi\/\" aria-label=\"Post Beitrag Vorschau Bild\">\n          <img loading=\"lazy\" decoding=\"async\" width=\"420\" height=\"242\" src=\"https:\/\/www.h-its.org\/de\/wp-content\/uploads\/sites\/2\/2018\/12\/Portrait_Kai_POlsterer-420x242.jpg\" class=\"attachment-thumbnail size-thumbnail wp-post-image\" alt=\"\" 0=\"post-preview--post-thumbnail\" \/>      <\/a>\n  <p class=\"font-m font-normal font-primary\">Die Entstehung der Sterne im Zeitalter von Big Data neu erforschen<\/p>\n  <div class=\"meta\">\n    <div class=\"date\">1.12.2021<\/div>\n  <\/div>\n  <div class=\"show-for-medium\">\n    <p>HITS-Gruppenleiter Kai Polsterer ist Mitglied eines internationalen Teams am International Space Science Institute Kai Polsterer, Leiter der \u201eAstroinformatics\u201c-Gruppe (AIN) am &#8230;<\/p>\n  <\/div>\n  <a href=\"https:\/\/www.h-its.org\/de\/2021\/12\/01\/polsterer-issi\/\" class=\"read-more-button\">Mehr erfahren<\/a>\n<\/div>\n                    \n<div class=\"post-preview\">\n  <a href=\"https:\/\/www.h-its.org\/de\/2020\/12\/08\/erc-synergy-grant-ain\/\" aria-label=\"Post Beitrag Vorschau Bild\">\n          <img loading=\"lazy\" decoding=\"async\" width=\"420\" height=\"242\" src=\"https:\/\/www.h-its.org\/de\/wp-content\/uploads\/sites\/2\/2016\/02\/Galaxy-420x242.jpg\" class=\"attachment-thumbnail size-thumbnail wp-post-image\" alt=\"\" 0=\"post-preview--post-thumbnail\" srcset=\"https:\/\/www.h-its.org\/de\/wp-content\/uploads\/sites\/2\/2016\/02\/Galaxy-420x242.jpg 420w, https:\/\/www.h-its.org\/de\/wp-content\/uploads\/sites\/2\/2016\/02\/Galaxy-1x1.jpg 1w\" sizes=\"auto, (max-width: 639px) 98vw, (max-width: 1199px) 64vw, 420px\" \/>      <\/a>\n  <p class=\"font-m font-normal font-primary\">Das Universum neu vermessen<\/p>\n  <div class=\"meta\">\n    <div class=\"date\">8.12.2020<\/div>\n  <\/div>\n  <div class=\"show-for-medium\">\n    <p>Das Heidelberger Institut f\u00fcr Theoretische Studien (HITS) ist am ERC Synergy Grant \u201cUniverScale\u201d beteiligt. Ein internationales Team aus Polen, Frankreich &#8230;<\/p>\n  <\/div>\n  <a href=\"https:\/\/www.h-its.org\/de\/2020\/12\/08\/erc-synergy-grant-ain\/\" class=\"read-more-button\">Mehr erfahren<\/a>\n<\/div>\n                    \n<div class=\"post-preview\">\n  <a href=\"https:\/\/www.h-its.org\/de\/2018\/12\/14\/polsterer2018_de\/\" aria-label=\"Post Beitrag Vorschau Bild\">\n          <img loading=\"lazy\" decoding=\"async\" width=\"420\" height=\"242\" src=\"https:\/\/www.h-its.org\/de\/wp-content\/uploads\/sites\/2\/2018\/12\/Portrait_Kai_POlsterer-420x242.jpg\" class=\"attachment-thumbnail size-thumbnail wp-post-image\" alt=\"\" 0=\"post-preview--post-thumbnail\" \/>      <\/a>\n  <p class=\"font-m font-normal font-primary\">Die Datenrevolution am Nachthimmel<\/p>\n  <div class=\"meta\">\n    <div class=\"date\">14.12.2018<\/div>\n  <\/div>\n  <div class=\"show-for-medium\">\n    <p>Die HITS-Forschungsgruppe \u201eAstroinformatik\u201c unter der Leitung von Kai Polsterer hilft Astronomen, die rasch wachsende Datenmenge mit Methoden aus der Informatik besser &#8230;<\/p>\n  <\/div>\n  <a href=\"https:\/\/www.h-its.org\/de\/2018\/12\/14\/polsterer2018_de\/\" class=\"read-more-button\">Mehr erfahren<\/a>\n<\/div>\n                    \n<div class=\"post-preview\">\n  <a href=\"https:\/\/www.h-its.org\/de\/2018\/11\/20\/start-escape\/\" aria-label=\"Post Beitrag Vorschau Bild\">\n          <img loading=\"lazy\" decoding=\"async\" width=\"420\" height=\"242\" src=\"https:\/\/www.h-its.org\/de\/wp-content\/uploads\/sites\/2\/2018\/11\/logo-escape-420x242.jpg\" class=\"attachment-thumbnail size-thumbnail wp-post-image\" alt=\"\" 0=\"post-preview--post-thumbnail\" \/>      <\/a>\n  <p class=\"font-m font-normal font-primary\">ESCAPE: Europ\u00e4isches Projekt f\u00fcr Datenmanagement in der Astronomie geht an den Start<\/p>\n  <div class=\"meta\">\n    <div class=\"date\">20.11.2018<\/div>\n  <\/div>\n  <div class=\"show-for-medium\">\n    <p>Anfang 2019 startet eins der gr\u00f6\u00dften Projekte im Bereich Datenmanagement in der Astronomie. Unter dem Akronym \u201eEuropean Science Cluster for Astronomy &#038; &#8230;<\/p>\n  <\/div>\n  <a href=\"https:\/\/www.h-its.org\/de\/2018\/11\/20\/start-escape\/\" class=\"read-more-button\">Mehr erfahren<\/a>\n<\/div>\n                    \n<div class=\"post-preview\">\n  <a href=\"https:\/\/www.h-its.org\/de\/2018\/08\/29\/astroinformatics-konferenz-2018\/\" aria-label=\"Post Beitrag Vorschau Bild\">\n          <img loading=\"lazy\" decoding=\"async\" width=\"420\" height=\"242\" src=\"https:\/\/www.h-its.org\/de\/wp-content\/uploads\/sites\/2\/2018\/08\/AIN_Gruppe-420x242.jpg\" class=\"attachment-thumbnail size-thumbnail wp-post-image\" alt=\"\" 0=\"post-preview--post-thumbnail\" \/>      <\/a>\n  <p class=\"font-m font-normal font-primary\">Internationale Konferenz \u201eAstroinformatics 2018\u201c in Heidelberg<\/p>\n  <div class=\"meta\">\n    <div class=\"date\">29.08.2018<\/div>\n  <\/div>\n  <div class=\"show-for-medium\">\n    <p>Vom 3.-7. September 2018 findet im Tagungszentrum Studio Villa Bosch in Heidelberg die internationale Konferenz \u201eAstroinformatics 2018\u201cstatt. Veranstalter sind Dr. Kai Polsterer &#8230;<\/p>\n  <\/div>\n  <a href=\"https:\/\/www.h-its.org\/de\/2018\/08\/29\/astroinformatics-konferenz-2018\/\" class=\"read-more-button\">Mehr erfahren<\/a>\n<\/div>\n                    \n<div class=\"post-preview\">\n  <a href=\"https:\/\/www.h-its.org\/de\/2016\/10\/10\/das-universum-in-3d\/\" aria-label=\"Post Beitrag Vorschau Bild\">\n          <img loading=\"lazy\" decoding=\"async\" width=\"420\" height=\"242\" src=\"https:\/\/www.h-its.org\/de\/wp-content\/uploads\/sites\/2\/2016\/02\/Galaxy-420x242.jpg\" class=\"attachment-thumbnail size-thumbnail wp-post-image\" alt=\"\" 0=\"post-preview--post-thumbnail\" srcset=\"https:\/\/www.h-its.org\/de\/wp-content\/uploads\/sites\/2\/2016\/02\/Galaxy-420x242.jpg 420w, https:\/\/www.h-its.org\/de\/wp-content\/uploads\/sites\/2\/2016\/02\/Galaxy-1x1.jpg 1w\" sizes=\"auto, (max-width: 639px) 98vw, (max-width: 1199px) 64vw, 420px\" \/>      <\/a>\n  <p class=\"font-m font-normal font-primary\">Das Universum in 3D<\/p>\n  <div class=\"meta\">\n    <div class=\"date\">10.10.2016<\/div>\n  <\/div>\n  <div class=\"show-for-medium\">\n    <p>HITS ist wissenschaftlicher Partner des Australischen Forschungszentrums f\u00fcr \u201cAll Sky Astrophysics in 3 Dimensions\u201d, unter der Leitung der Australian National University &#8230;<\/p>\n  <\/div>\n  <a href=\"https:\/\/www.h-its.org\/de\/2016\/10\/10\/das-universum-in-3d\/\" class=\"read-more-button\">Mehr erfahren<\/a>\n<\/div>\n                  <\/div>\n        <ul class='pagination text-center' aria-label='Pagination'>\n\t<li><span aria-current=\"page\" class=\" current\">1<\/a><\/li>\n\t<li><a class=\"\" href=\"https:\/\/www.h-its.org\/de\/wp-json\/wp\/v2\/pages\/2538\/page\/2\/\">2<\/a><\/li>\n\t<li><a class=\"next\" href=\"https:\/\/www.h-its.org\/de\/wp-json\/wp\/v2\/pages\/2538\/page\/2\/\">&raquo;<\/a><\/li>\n<\/ul>\n      \n  <\/div>\n","protected":false},"excerpt":{"rendered":"","protected":false},"author":3,"featured_media":40632,"parent":32,"menu_order":1,"comment_status":"closed","ping_status":"closed","template":"page-templates\/group.php","meta":{"_acf_changed":false,"inline_featured_image":false,"footnotes":""},"hits-research-group":[1277],"class_list":["post-2538","page","type-page","status-publish","has-post-thumbnail","hentry","hits-research-group-ain-de"],"acf":[],"yoast_head":"<!-- This site is optimized with the Yoast SEO plugin v27.2 - https:\/\/yoast.com\/product\/yoast-seo-wordpress\/ -->\n<title>Aktuelles - HITS gGmbH<\/title>\n<meta name=\"robots\" content=\"index, follow, max-snippet:-1, max-image-preview:large, max-video-preview:-1\" \/>\n<link rel=\"canonical\" href=\"https:\/\/www.h-its.org\/de\/forschung\/ain-de\/aktuelles\/\" \/>\n<meta property=\"og:locale\" content=\"de_DE\" \/>\n<meta property=\"og:type\" content=\"article\" \/>\n<meta property=\"og:title\" content=\"Aktuelles - HITS gGmbH\" \/>\n<meta property=\"og:url\" content=\"https:\/\/www.h-its.org\/de\/forschung\/ain-de\/aktuelles\/\" \/>\n<meta property=\"og:site_name\" content=\"HITS gGmbH\" \/>\n<meta property=\"article:modified_time\" content=\"2020-09-24T15:12:27+00:00\" \/>\n<meta property=\"og:image\" content=\"https:\/\/www.h-its.org\/de\/wp-content\/uploads\/sites\/2\/2019\/12\/AIN.jpg\" \/>\n\t<meta property=\"og:image:width\" content=\"1340\" \/>\n\t<meta property=\"og:image:height\" content=\"1340\" \/>\n\t<meta property=\"og:image:type\" content=\"image\/jpeg\" \/>\n<meta name=\"twitter:card\" content=\"summary_large_image\" \/>\n<script type=\"application\/ld+json\" class=\"yoast-schema-graph\">{\"@context\":\"https:\/\/schema.org\",\"@graph\":[{\"@type\":\"WebPage\",\"@id\":\"https:\/\/www.h-its.org\/de\/forschung\/ain-de\/aktuelles\/\",\"url\":\"https:\/\/www.h-its.org\/de\/forschung\/ain-de\/aktuelles\/\",\"name\":\"Aktuelles - HITS gGmbH\",\"isPartOf\":{\"@id\":\"https:\/\/www.h-its.org\/de\/#website\"},\"primaryImageOfPage\":{\"@id\":\"https:\/\/www.h-its.org\/de\/forschung\/ain-de\/aktuelles\/#primaryimage\"},\"image\":{\"@id\":\"https:\/\/www.h-its.org\/de\/forschung\/ain-de\/aktuelles\/#primaryimage\"},\"thumbnailUrl\":\"https:\/\/www.h-its.org\/de\/wp-content\/uploads\/sites\/2\/2019\/12\/AIN.jpg\",\"datePublished\":\"2014-11-07T15:32:45+00:00\",\"dateModified\":\"2020-09-24T15:12:27+00:00\",\"breadcrumb\":{\"@id\":\"https:\/\/www.h-its.org\/de\/forschung\/ain-de\/aktuelles\/#breadcrumb\"},\"inLanguage\":\"de\",\"potentialAction\":[{\"@type\":\"ReadAction\",\"target\":[\"https:\/\/www.h-its.org\/de\/forschung\/ain-de\/aktuelles\/\"]}]},{\"@type\":\"ImageObject\",\"inLanguage\":\"de\",\"@id\":\"https:\/\/www.h-its.org\/de\/forschung\/ain-de\/aktuelles\/#primaryimage\",\"url\":\"https:\/\/www.h-its.org\/de\/wp-content\/uploads\/sites\/2\/2019\/12\/AIN.jpg\",\"contentUrl\":\"https:\/\/www.h-its.org\/de\/wp-content\/uploads\/sites\/2\/2019\/12\/AIN.jpg\",\"width\":1340,\"height\":1340,\"caption\":\"AIN sliced image\"},{\"@type\":\"BreadcrumbList\",\"@id\":\"https:\/\/www.h-its.org\/de\/forschung\/ain-de\/aktuelles\/#breadcrumb\",\"itemListElement\":[{\"@type\":\"ListItem\",\"position\":1,\"name\":\"Home\",\"item\":\"https:\/\/www.h-its.org\/de\/\"},{\"@type\":\"ListItem\",\"position\":2,\"name\":\"Forschung am HITS\",\"item\":\"https:\/\/www.h-its.org\/de\/forschung\/\"},{\"@type\":\"ListItem\",\"position\":3,\"name\":\"Astroinformatics (AIN)\",\"item\":\"https:\/\/www.h-its.org\/de\/forschung\/ain-de\/\"},{\"@type\":\"ListItem\",\"position\":4,\"name\":\"Aktuelles\"}]},{\"@type\":\"WebSite\",\"@id\":\"https:\/\/www.h-its.org\/de\/#website\",\"url\":\"https:\/\/www.h-its.org\/de\/\",\"name\":\"HITS gGmbH\",\"description\":\"Heidelberg Institute for Theoretical Studies\",\"potentialAction\":[{\"@type\":\"SearchAction\",\"target\":{\"@type\":\"EntryPoint\",\"urlTemplate\":\"https:\/\/www.h-its.org\/de\/?s={search_term_string}\"},\"query-input\":{\"@type\":\"PropertyValueSpecification\",\"valueRequired\":true,\"valueName\":\"search_term_string\"}}],\"inLanguage\":\"de\"}]}<\/script>\n<!-- \/ Yoast SEO plugin. -->","yoast_head_json":{"title":"Aktuelles - HITS gGmbH","robots":{"index":"index","follow":"follow","max-snippet":"max-snippet:-1","max-image-preview":"max-image-preview:large","max-video-preview":"max-video-preview:-1"},"canonical":"https:\/\/www.h-its.org\/de\/forschung\/ain-de\/aktuelles\/","og_locale":"de_DE","og_type":"article","og_title":"Aktuelles - HITS gGmbH","og_url":"https:\/\/www.h-its.org\/de\/forschung\/ain-de\/aktuelles\/","og_site_name":"HITS gGmbH","article_modified_time":"2020-09-24T15:12:27+00:00","og_image":[{"width":1340,"height":1340,"url":"https:\/\/www.h-its.org\/de\/wp-content\/uploads\/sites\/2\/2019\/12\/AIN.jpg","type":"image\/jpeg"}],"twitter_card":"summary_large_image","schema":{"@context":"https:\/\/schema.org","@graph":[{"@type":"WebPage","@id":"https:\/\/www.h-its.org\/de\/forschung\/ain-de\/aktuelles\/","url":"https:\/\/www.h-its.org\/de\/forschung\/ain-de\/aktuelles\/","name":"Aktuelles - HITS gGmbH","isPartOf":{"@id":"https:\/\/www.h-its.org\/de\/#website"},"primaryImageOfPage":{"@id":"https:\/\/www.h-its.org\/de\/forschung\/ain-de\/aktuelles\/#primaryimage"},"image":{"@id":"https:\/\/www.h-its.org\/de\/forschung\/ain-de\/aktuelles\/#primaryimage"},"thumbnailUrl":"https:\/\/www.h-its.org\/de\/wp-content\/uploads\/sites\/2\/2019\/12\/AIN.jpg","datePublished":"2014-11-07T15:32:45+00:00","dateModified":"2020-09-24T15:12:27+00:00","breadcrumb":{"@id":"https:\/\/www.h-its.org\/de\/forschung\/ain-de\/aktuelles\/#breadcrumb"},"inLanguage":"de","potentialAction":[{"@type":"ReadAction","target":["https:\/\/www.h-its.org\/de\/forschung\/ain-de\/aktuelles\/"]}]},{"@type":"ImageObject","inLanguage":"de","@id":"https:\/\/www.h-its.org\/de\/forschung\/ain-de\/aktuelles\/#primaryimage","url":"https:\/\/www.h-its.org\/de\/wp-content\/uploads\/sites\/2\/2019\/12\/AIN.jpg","contentUrl":"https:\/\/www.h-its.org\/de\/wp-content\/uploads\/sites\/2\/2019\/12\/AIN.jpg","width":1340,"height":1340,"caption":"AIN sliced image"},{"@type":"BreadcrumbList","@id":"https:\/\/www.h-its.org\/de\/forschung\/ain-de\/aktuelles\/#breadcrumb","itemListElement":[{"@type":"ListItem","position":1,"name":"Home","item":"https:\/\/www.h-its.org\/de\/"},{"@type":"ListItem","position":2,"name":"Forschung am HITS","item":"https:\/\/www.h-its.org\/de\/forschung\/"},{"@type":"ListItem","position":3,"name":"Astroinformatics (AIN)","item":"https:\/\/www.h-its.org\/de\/forschung\/ain-de\/"},{"@type":"ListItem","position":4,"name":"Aktuelles"}]},{"@type":"WebSite","@id":"https:\/\/www.h-its.org\/de\/#website","url":"https:\/\/www.h-its.org\/de\/","name":"HITS gGmbH","description":"Heidelberg Institute for Theoretical Studies","potentialAction":[{"@type":"SearchAction","target":{"@type":"EntryPoint","urlTemplate":"https:\/\/www.h-its.org\/de\/?s={search_term_string}"},"query-input":{"@type":"PropertyValueSpecification","valueRequired":true,"valueName":"search_term_string"}}],"inLanguage":"de"}]}},"publishpress_future_action":{"enabled":false,"date":"2026-04-12 14:35:23","action":"change-status","newStatus":"draft","terms":[],"taxonomy":"hits-research-group","extraData":[]},"publishpress_future_workflow_manual_trigger":{"enabledWorkflows":[]},"_links":{"self":[{"href":"https:\/\/www.h-its.org\/de\/wp-json\/wp\/v2\/pages\/2538","targetHints":{"allow":["GET"]}}],"collection":[{"href":"https:\/\/www.h-its.org\/de\/wp-json\/wp\/v2\/pages"}],"about":[{"href":"https:\/\/www.h-its.org\/de\/wp-json\/wp\/v2\/types\/page"}],"author":[{"embeddable":true,"href":"https:\/\/www.h-its.org\/de\/wp-json\/wp\/v2\/users\/3"}],"replies":[{"embeddable":true,"href":"https:\/\/www.h-its.org\/de\/wp-json\/wp\/v2\/comments?post=2538"}],"version-history":[{"count":15,"href":"https:\/\/www.h-its.org\/de\/wp-json\/wp\/v2\/pages\/2538\/revisions"}],"predecessor-version":[{"id":37187,"href":"https:\/\/www.h-its.org\/de\/wp-json\/wp\/v2\/pages\/2538\/revisions\/37187"}],"up":[{"embeddable":true,"href":"https:\/\/www.h-its.org\/de\/wp-json\/wp\/v2\/pages\/32"}],"wp:featuredmedia":[{"embeddable":true,"href":"https:\/\/www.h-its.org\/de\/wp-json\/wp\/v2\/media\/40632"}],"wp:attachment":[{"href":"https:\/\/www.h-its.org\/de\/wp-json\/wp\/v2\/media?parent=2538"}],"wp:term":[{"taxonomy":"hits-research-group","embeddable":true,"href":"https:\/\/www.h-its.org\/de\/wp-json\/wp\/v2\/hits-research-group?post=2538"}],"curies":[{"name":"wp","href":"https:\/\/api.w.org\/{rel}","templated":true}]}}