{"id":2745,"date":"2014-11-11T17:44:58","date_gmt":"2014-11-11T16:44:58","guid":{"rendered":"http:\/\/www.h-its.org\/?page_id=2745"},"modified":"2019-12-10T13:55:12","modified_gmt":"2019-12-10T12:55:12","slug":"aktuelles","status":"publish","type":"page","link":"https:\/\/www.h-its.org\/de\/forschung\/mbm\/aktuelles\/","title":{"rendered":"Aktuelles"},"content":{"rendered":"\n  <div class=\"hits-blocks hits-news-block\">\n\n\n      \n              <div class=\"post-grid two-columns\">\n                    \n<div class=\"post-preview\">\n  <a href=\"https:\/\/www.h-its.org\/de\/2026\/04\/07\/simplaix-phase2\/\" aria-label=\"Post Beitrag Vorschau Bild\">\n          <img loading=\"lazy\" decoding=\"async\" width=\"420\" height=\"242\" src=\"https:\/\/www.h-its.org\/de\/wp-content\/uploads\/sites\/2\/2022\/04\/SIMPLAIX_Logo_no_institutes-420x242.png\" class=\"attachment-thumbnail size-thumbnail wp-post-image\" alt=\"\" 0=\"post-preview--post-thumbnail\" srcset=\"https:\/\/www.h-its.org\/de\/wp-content\/uploads\/sites\/2\/2022\/04\/SIMPLAIX_Logo_no_institutes-420x242.png 420w, https:\/\/www.h-its.org\/de\/wp-content\/uploads\/sites\/2\/2022\/04\/SIMPLAIX_Logo_no_institutes-1x1.png 1w\" sizes=\"auto, (max-width: 639px) 98vw, (max-width: 1199px) 64vw, 420px\" \/>      <\/a>\n  <p class=\"font-m font-normal font-primary\">SIMPLAIX: Der &#8222;Booster&#8220; f\u00fcr die Molek\u00fclforschung geht in die n\u00e4chste Phase<\/p>\n  <div class=\"meta\">\n    <div class=\"date\">7.04.2026<\/div>\n  <\/div>\n  <div class=\"show-for-medium\">\n    <p>Computersimulationen und K\u00fcnstliche Intelligenz sind die Hauptpfeiler der \u201eSIMPLAIX\u201c-Kooperation, initiiert vom Heidelberger Institut f\u00fcr Theoretische Studien (HITS). Gemeinsam &#8230;<\/p>\n  <\/div>\n  <a href=\"https:\/\/www.h-its.org\/de\/2026\/04\/07\/simplaix-phase2\/\" class=\"read-more-button\">Mehr erfahren<\/a>\n<\/div>\n                    \n<div class=\"post-preview\">\n  <a href=\"https:\/\/www.h-its.org\/de\/2024\/12\/19\/frauke-graeter-farewell\/\" aria-label=\"Post Beitrag Vorschau Bild\">\n          <img loading=\"lazy\" decoding=\"async\" width=\"420\" height=\"242\" src=\"https:\/\/www.h-its.org\/de\/wp-content\/uploads\/sites\/2\/2024\/12\/Frauke_Graeter_2024_DSC06593-420x242.jpg\" class=\"attachment-thumbnail size-thumbnail wp-post-image\" alt=\"\" 0=\"post-preview--post-thumbnail\" srcset=\"https:\/\/www.h-its.org\/de\/wp-content\/uploads\/sites\/2\/2024\/12\/Frauke_Graeter_2024_DSC06593-420x242.jpg 420w, https:\/\/www.h-its.org\/de\/wp-content\/uploads\/sites\/2\/2024\/12\/Frauke_Graeter_2024_DSC06593-2x1.jpg 2w\" sizes=\"auto, (max-width: 639px) 98vw, (max-width: 1199px) 64vw, 420px\" \/>      <\/a>\n  <p class=\"font-m font-normal font-primary\">Frauke Gr\u00e4ter: \u201eIch werde das HITS vermissen.\u201c<\/p>\n  <div class=\"meta\">\n    <div class=\"date\">19.12.2024<\/div>\n  <\/div>\n  <div class=\"show-for-medium\">\n    <p>Nach 15 Jahren am HITS verl\u00e4sst Frauke Gr\u00e4ter das Institut zum Ende des Jahres. Die Chemikerin, die f\u00fcr ihre &#8230;<\/p>\n  <\/div>\n  <a href=\"https:\/\/www.h-its.org\/de\/2024\/12\/19\/frauke-graeter-farewell\/\" class=\"read-more-button\">Mehr erfahren<\/a>\n<\/div>\n                    \n<div class=\"post-preview\">\n  <a href=\"https:\/\/www.h-its.org\/de\/2024\/06\/25\/frauke-grater-mpi-p\/\" aria-label=\"Post Beitrag Vorschau Bild\">\n          <img loading=\"lazy\" decoding=\"async\" width=\"420\" height=\"242\" src=\"https:\/\/www.h-its.org\/de\/wp-content\/uploads\/sites\/2\/2020\/10\/Frauke_Gr\u00e4ter-1-scaled-e1716305111562-420x242.jpg\" class=\"attachment-thumbnail size-thumbnail wp-post-image\" alt=\"\" 0=\"post-preview--post-thumbnail\" srcset=\"https:\/\/www.h-its.org\/de\/wp-content\/uploads\/sites\/2\/2020\/10\/Frauke_Gr\u00e4ter-1-scaled-e1716305111562-420x242.jpg 420w, https:\/\/www.h-its.org\/de\/wp-content\/uploads\/sites\/2\/2020\/10\/Frauke_Gr\u00e4ter-1-scaled-e1716305111562-1x1.jpg 1w\" sizes=\"auto, (max-width: 639px) 98vw, (max-width: 1199px) 64vw, 420px\" \/>      <\/a>\n  <p class=\"font-m font-normal font-primary\">HITS-Gruppenleiterin Frauke Gr\u00e4ter wird Max-Planck-Direktorin<\/p>\n  <div class=\"meta\">\n    <div class=\"date\">25.06.2024<\/div>\n  <\/div>\n  <div class=\"show-for-medium\">\n    <p>Nach 15 Jahren am HITS wird Frauke Gr\u00e4ter Direktorin des Max-Planck-Instituts f\u00fcr Polymerforschung in Mainz. Die Chemikerin, die f\u00fcr &#8230;<\/p>\n  <\/div>\n  <a href=\"https:\/\/www.h-its.org\/de\/2024\/06\/25\/frauke-grater-mpi-p\/\" class=\"read-more-button\">Mehr erfahren<\/a>\n<\/div>\n                    \n<div class=\"post-preview\">\n  <a href=\"https:\/\/www.h-its.org\/de\/2024\/05\/22\/hfsp-award-graeter\/\" aria-label=\"Post Beitrag Vorschau Bild\">\n          <img loading=\"lazy\" decoding=\"async\" width=\"420\" height=\"242\" src=\"https:\/\/www.h-its.org\/de\/wp-content\/uploads\/sites\/2\/2020\/10\/Frauke_Gr\u00e4ter-1-scaled-e1716305111562-420x242.jpg\" class=\"attachment-thumbnail size-thumbnail wp-post-image\" alt=\"\" 0=\"post-preview--post-thumbnail\" srcset=\"https:\/\/www.h-its.org\/de\/wp-content\/uploads\/sites\/2\/2020\/10\/Frauke_Gr\u00e4ter-1-scaled-e1716305111562-420x242.jpg 420w, https:\/\/www.h-its.org\/de\/wp-content\/uploads\/sites\/2\/2020\/10\/Frauke_Gr\u00e4ter-1-scaled-e1716305111562-1x1.jpg 1w\" sizes=\"auto, (max-width: 639px) 98vw, (max-width: 1199px) 64vw, 420px\" \/>      <\/a>\n  <p class=\"font-m font-normal font-primary\">Mechanobiologie: Radikale als positive Kraft<\/p>\n  <div class=\"meta\">\n    <div class=\"date\">22.05.2024<\/div>\n  <\/div>\n  <div class=\"show-for-medium\">\n    <p>HITS-Gruppenleiterin Frauke Gr\u00e4ter erh\u00e4lt einen HFSP Research Grant Award f\u00fcr ein Projekt zur Erforschung einer neuen Form der &#8230;<\/p>\n  <\/div>\n  <a href=\"https:\/\/www.h-its.org\/de\/2024\/05\/22\/hfsp-award-graeter\/\" class=\"read-more-button\">Mehr erfahren<\/a>\n<\/div>\n                    \n<div class=\"post-preview\">\n  <a href=\"https:\/\/www.h-its.org\/de\/2023\/09\/28\/mehr-als-nur-ein-gummiband-unsere-forschung-einfach-erklart-deutsch\/\" aria-label=\"Post Beitrag Vorschau Bild\">\n          <img loading=\"lazy\" decoding=\"async\" width=\"420\" height=\"242\" src=\"https:\/\/www.h-its.org\/de\/wp-content\/uploads\/sites\/2\/2023\/09\/image001-420x242.png\" class=\"attachment-thumbnail size-thumbnail wp-post-image\" alt=\"\" 0=\"post-preview--post-thumbnail\" srcset=\"https:\/\/www.h-its.org\/de\/wp-content\/uploads\/sites\/2\/2023\/09\/image001-420x242.png 420w, https:\/\/www.h-its.org\/de\/wp-content\/uploads\/sites\/2\/2023\/09\/image001-1x1.png 1w\" sizes=\"auto, (max-width: 639px) 98vw, (max-width: 1199px) 64vw, 420px\" \/>      <\/a>\n  <p class=\"font-m font-normal font-primary\">Mehr als nur ein Gummiband &#8211; unsere Forschung einfach erkl\u00e4rt<\/p>\n  <div class=\"meta\">\n    <div class=\"date\">28.09.2023<\/div>\n  <\/div>\n  <div class=\"show-for-medium\">\n    <p>Das Strukturprotein Kollagen ist das h\u00e4ufigste Eiwei\u00df im menschlichen Organismus. Neue Forschungsergebnisse decken unerwartete Eigenschaften auf. Wenn Sie mehr wissen &#8230;<\/p>\n  <\/div>\n  <a href=\"https:\/\/www.h-its.org\/de\/2023\/09\/28\/mehr-als-nur-ein-gummiband-unsere-forschung-einfach-erklart-deutsch\/\" class=\"read-more-button\">Mehr erfahren<\/a>\n<\/div>\n                    \n<div class=\"post-preview\">\n  <a href=\"https:\/\/www.h-its.org\/de\/2023\/07\/03\/kollagen-bonds\/\" aria-label=\"Post Beitrag Vorschau Bild\">\n          <img loading=\"lazy\" decoding=\"async\" width=\"420\" height=\"242\" src=\"https:\/\/www.h-its.org\/de\/wp-content\/uploads\/sites\/2\/2023\/07\/Collagen_TripleHelix-420x242.png\" class=\"attachment-thumbnail size-thumbnail wp-post-image\" alt=\"\" 0=\"post-preview--post-thumbnail\" srcset=\"https:\/\/www.h-its.org\/de\/wp-content\/uploads\/sites\/2\/2023\/07\/Collagen_TripleHelix-420x242.png 420w, https:\/\/www.h-its.org\/de\/wp-content\/uploads\/sites\/2\/2023\/07\/Collagen_TripleHelix-2x1.png 2w\" sizes=\"auto, (max-width: 639px) 98vw, (max-width: 1199px) 64vw, 420px\" \/>      <\/a>\n  <p class=\"font-m font-normal font-primary\">Im Einsatz gegen Radikale<\/p>\n  <div class=\"meta\">\n    <div class=\"date\">3.07.2023<\/div>\n  <\/div>\n  <div class=\"show-for-medium\">\n    <p>HITS-Forschende ver\u00f6ffentlichen neue Erkenntnisse zu Kollagen, dem am h\u00e4ufigsten vorkommenden Protein in unserem K\u00f6rper: Darin enthaltene schwache Bindungen, &#8230;<\/p>\n  <\/div>\n  <a href=\"https:\/\/www.h-its.org\/de\/2023\/07\/03\/kollagen-bonds\/\" class=\"read-more-button\">Mehr erfahren<\/a>\n<\/div>\n                    \n<div class=\"post-preview\">\n  <a href=\"https:\/\/www.h-its.org\/de\/2022\/04\/28\/simplaix-symposium\/\" aria-label=\"Post Beitrag Vorschau Bild\">\n          <img loading=\"lazy\" decoding=\"async\" width=\"420\" height=\"242\" src=\"https:\/\/www.h-its.org\/de\/wp-content\/uploads\/sites\/2\/2022\/04\/SIMPLAIX_DSC04527a-420x242.jpg\" class=\"attachment-thumbnail size-thumbnail wp-post-image\" alt=\"\" 0=\"post-preview--post-thumbnail\" srcset=\"https:\/\/www.h-its.org\/de\/wp-content\/uploads\/sites\/2\/2022\/04\/SIMPLAIX_DSC04527a-420x242.jpg 420w, https:\/\/www.h-its.org\/de\/wp-content\/uploads\/sites\/2\/2022\/04\/SIMPLAIX_DSC04527a-2x1.jpg 2w\" sizes=\"auto, (max-width: 639px) 98vw, (max-width: 1199px) 64vw, 420px\" \/>      <\/a>\n  <p class=\"font-m font-normal font-primary\">&#8222;Das magische Dreieck&#8220; bringt die Molekularforschung mit maschinellem Lernen und Simulationen voran<\/p>\n  <div class=\"meta\">\n    <div class=\"date\">28.04.2022<\/div>\n  <\/div>\n  <div class=\"show-for-medium\">\n    <p>Mit einem Symposium in Heidelberg startete jetzt die Kooperation &#8222;SIMPLAIX&#8220;.&nbsp; Forschende des HITS, der Universit\u00e4t Heidelberg und des Karlsruher &#8230;<\/p>\n  <\/div>\n  <a href=\"https:\/\/www.h-its.org\/de\/2022\/04\/28\/simplaix-symposium\/\" class=\"read-more-button\">Mehr erfahren<\/a>\n<\/div>\n                    \n<div class=\"post-preview\">\n  <a href=\"https:\/\/www.h-its.org\/de\/2022\/04\/07\/simplaix-start\/\" aria-label=\"Post Beitrag Vorschau Bild\">\n          <img loading=\"lazy\" decoding=\"async\" width=\"420\" height=\"242\" src=\"https:\/\/www.h-its.org\/de\/wp-content\/uploads\/sites\/2\/2022\/04\/SIMPLAIX_Logo_no_institutes-420x242.png\" class=\"attachment-thumbnail size-thumbnail wp-post-image\" alt=\"\" 0=\"post-preview--post-thumbnail\" srcset=\"https:\/\/www.h-its.org\/de\/wp-content\/uploads\/sites\/2\/2022\/04\/SIMPLAIX_Logo_no_institutes-420x242.png 420w, https:\/\/www.h-its.org\/de\/wp-content\/uploads\/sites\/2\/2022\/04\/SIMPLAIX_Logo_no_institutes-1x1.png 1w\" sizes=\"auto, (max-width: 639px) 98vw, (max-width: 1199px) 64vw, 420px\" \/>      <\/a>\n  <p class=\"font-m font-normal font-primary\">Computersimulationen und K\u00fcnstliche Intelligenz &#8211; ein \u201eBooster\u201c f\u00fcr die Molek\u00fclforschung<\/p>\n  <div class=\"meta\">\n    <div class=\"date\">7.04.2022<\/div>\n  <\/div>\n  <div class=\"show-for-medium\">\n    <p>In der neuen Kooperation \u201eSIMPLAIX\u201c arbeiten Forschende aus dem HITS, der Universit\u00e4t Heidelberg und dem Karlsruher Institut f\u00fcr Technologie (&#8230;<\/p>\n  <\/div>\n  <a href=\"https:\/\/www.h-its.org\/de\/2022\/04\/07\/simplaix-start\/\" class=\"read-more-button\">Mehr erfahren<\/a>\n<\/div>\n                    \n<div class=\"post-preview\">\n  <a href=\"https:\/\/www.h-its.org\/de\/2022\/03\/17\/ilk-pnas\/\" aria-label=\"Post Beitrag Vorschau Bild\">\n          <img loading=\"lazy\" decoding=\"async\" width=\"420\" height=\"242\" src=\"https:\/\/www.h-its.org\/de\/wp-content\/uploads\/sites\/2\/2022\/03\/Bild2-420x242.png\" class=\"attachment-thumbnail size-thumbnail wp-post-image\" alt=\"\" 0=\"post-preview--post-thumbnail\" srcset=\"https:\/\/www.h-its.org\/de\/wp-content\/uploads\/sites\/2\/2022\/03\/Bild2-420x242.png 420w, https:\/\/www.h-its.org\/de\/wp-content\/uploads\/sites\/2\/2022\/03\/Bild2-2x1.png 2w\" sizes=\"auto, (max-width: 639px) 98vw, (max-width: 1199px) 64vw, 420px\" \/>      <\/a>\n  <p class=\"font-m font-normal font-primary\">Keine falsche Bewegung &#8211; Zellmigration unter der Lupe<\/p>\n  <div class=\"meta\">\n    <div class=\"date\">17.03.2022<\/div>\n  <\/div>\n  <div class=\"show-for-medium\">\n    <p>Der Weg von A nach B kann m\u00fchsam sein, vor allem f\u00fcr Zellen. Ein internationales Team von Wissenschaftler*innen &#8230;<\/p>\n  <\/div>\n  <a href=\"https:\/\/www.h-its.org\/de\/2022\/03\/17\/ilk-pnas\/\" class=\"read-more-button\">Mehr erfahren<\/a>\n<\/div>\n                    \n<div class=\"post-preview\">\n  <a href=\"https:\/\/www.h-its.org\/de\/2022\/02\/09\/kommissarischer-gruppenleiter\/\" aria-label=\"Post Beitrag Vorschau Bild\">\n          <img loading=\"lazy\" decoding=\"async\" width=\"385\" height=\"242\" src=\"https:\/\/www.h-its.org\/de\/wp-content\/uploads\/sites\/2\/2022\/02\/Camilo_caas-385x242.png\" class=\"attachment-thumbnail size-thumbnail wp-post-image\" alt=\"\" 0=\"post-preview--post-thumbnail\" srcset=\"https:\/\/www.h-its.org\/de\/wp-content\/uploads\/sites\/2\/2022\/02\/Camilo_caas-385x242.png 385w, https:\/\/www.h-its.org\/de\/wp-content\/uploads\/sites\/2\/2022\/02\/Camilo_caas-1x1.png 1w\" sizes=\"auto, (max-width: 639px) 98vw, (max-width: 1199px) 64vw, 385px\" \/>      <\/a>\n  <p class=\"font-m font-normal font-primary\">Neue Position: Kommissarischer Gruppenleiter in der MBM-Gruppe<\/p>\n  <div class=\"meta\">\n    <div class=\"date\">9.02.2022<\/div>\n  <\/div>\n  <div class=\"show-for-medium\">\n    <p>Seit Januar 2022 ist Camilo Aponte-Santamar\u00eda kommissarischer Leiter (acting group leader)\u201c der Gruppe Molecular Biomechanics (MBM). In dieser neu geschaffenen Position &#8230;<\/p>\n  <\/div>\n  <a href=\"https:\/\/www.h-its.org\/de\/2022\/02\/09\/kommissarischer-gruppenleiter\/\" class=\"read-more-button\">Mehr erfahren<\/a>\n<\/div>\n                  <\/div>\n        <ul class='pagination text-center' aria-label='Pagination'>\n\t<li><span aria-current=\"page\" class=\" current\">1<\/a><\/li>\n\t<li><a class=\"\" href=\"https:\/\/www.h-its.org\/de\/wp-json\/wp\/v2\/pages\/2745\/page\/2\/\">2<\/a><\/li>\n\t<li><a class=\"\" href=\"https:\/\/www.h-its.org\/de\/wp-json\/wp\/v2\/pages\/2745\/page\/3\/\">3<\/a><\/li>\n\t<li><a class=\"\" href=\"https:\/\/www.h-its.org\/de\/wp-json\/wp\/v2\/pages\/2745\/page\/4\/\">4<\/a><\/li>\n\t<li><a class=\"\" href=\"https:\/\/www.h-its.org\/de\/wp-json\/wp\/v2\/pages\/2745\/page\/5\/\">5<\/a><\/li>\n\t<li><a class=\"\" href=\"https:\/\/www.h-its.org\/de\/wp-json\/wp\/v2\/pages\/2745\/page\/6\/\">6<\/a><\/li>\n\t<li><span class='dots'>&hellip;<\/span><\/li>\n\t<li><a class=\"\" href=\"https:\/\/www.h-its.org\/de\/wp-json\/wp\/v2\/pages\/2745\/page\/10\/\">10<\/a><\/li>\n\t<li><a class=\"next\" href=\"https:\/\/www.h-its.org\/de\/wp-json\/wp\/v2\/pages\/2745\/page\/2\/\">&raquo;<\/a><\/li>\n<\/ul>\n      \n  <\/div>\n","protected":false},"excerpt":{"rendered":"","protected":false},"author":3,"featured_media":40647,"parent":40,"menu_order":1,"comment_status":"closed","ping_status":"closed","template":"page-templates\/group.php","meta":{"_acf_changed":false,"inline_featured_image":false,"footnotes":""},"hits-research-group":[1296],"class_list":["post-2745","page","type-page","status-publish","has-post-thumbnail","hentry","hits-research-group-mbm-de"],"acf":[],"yoast_head":"<!-- This site is optimized with the Yoast SEO plugin v27.2 - https:\/\/yoast.com\/product\/yoast-seo-wordpress\/ -->\n<title>Aktuelles - HITS gGmbH<\/title>\n<meta name=\"robots\" content=\"index, follow, max-snippet:-1, max-image-preview:large, max-video-preview:-1\" \/>\n<link rel=\"canonical\" href=\"https:\/\/www.h-its.org\/de\/forschung\/mbm\/aktuelles\/\" \/>\n<meta property=\"og:locale\" content=\"de_DE\" \/>\n<meta property=\"og:type\" content=\"article\" \/>\n<meta property=\"og:title\" content=\"Aktuelles - HITS gGmbH\" \/>\n<meta property=\"og:url\" content=\"https:\/\/www.h-its.org\/de\/forschung\/mbm\/aktuelles\/\" \/>\n<meta property=\"og:site_name\" content=\"HITS gGmbH\" \/>\n<meta property=\"article:modified_time\" content=\"2019-12-10T12:55:12+00:00\" \/>\n<meta property=\"og:image\" content=\"https:\/\/www.h-its.org\/de\/wp-content\/uploads\/sites\/2\/2019\/12\/MBM.jpg\" \/>\n\t<meta property=\"og:image:width\" content=\"1340\" \/>\n\t<meta property=\"og:image:height\" content=\"1340\" \/>\n\t<meta property=\"og:image:type\" content=\"image\/jpeg\" \/>\n<meta name=\"twitter:card\" content=\"summary_large_image\" \/>\n<script type=\"application\/ld+json\" class=\"yoast-schema-graph\">{\"@context\":\"https:\/\/schema.org\",\"@graph\":[{\"@type\":\"WebPage\",\"@id\":\"https:\/\/www.h-its.org\/de\/forschung\/mbm\/aktuelles\/\",\"url\":\"https:\/\/www.h-its.org\/de\/forschung\/mbm\/aktuelles\/\",\"name\":\"Aktuelles - HITS gGmbH\",\"isPartOf\":{\"@id\":\"https:\/\/www.h-its.org\/de\/#website\"},\"primaryImageOfPage\":{\"@id\":\"https:\/\/www.h-its.org\/de\/forschung\/mbm\/aktuelles\/#primaryimage\"},\"image\":{\"@id\":\"https:\/\/www.h-its.org\/de\/forschung\/mbm\/aktuelles\/#primaryimage\"},\"thumbnailUrl\":\"https:\/\/www.h-its.org\/de\/wp-content\/uploads\/sites\/2\/2019\/12\/MBM.jpg\",\"datePublished\":\"2014-11-11T16:44:58+00:00\",\"dateModified\":\"2019-12-10T12:55:12+00:00\",\"breadcrumb\":{\"@id\":\"https:\/\/www.h-its.org\/de\/forschung\/mbm\/aktuelles\/#breadcrumb\"},\"inLanguage\":\"de\",\"potentialAction\":[{\"@type\":\"ReadAction\",\"target\":[\"https:\/\/www.h-its.org\/de\/forschung\/mbm\/aktuelles\/\"]}]},{\"@type\":\"ImageObject\",\"inLanguage\":\"de\",\"@id\":\"https:\/\/www.h-its.org\/de\/forschung\/mbm\/aktuelles\/#primaryimage\",\"url\":\"https:\/\/www.h-its.org\/de\/wp-content\/uploads\/sites\/2\/2019\/12\/MBM.jpg\",\"contentUrl\":\"https:\/\/www.h-its.org\/de\/wp-content\/uploads\/sites\/2\/2019\/12\/MBM.jpg\",\"width\":1340,\"height\":1340},{\"@type\":\"BreadcrumbList\",\"@id\":\"https:\/\/www.h-its.org\/de\/forschung\/mbm\/aktuelles\/#breadcrumb\",\"itemListElement\":[{\"@type\":\"ListItem\",\"position\":1,\"name\":\"Home\",\"item\":\"https:\/\/www.h-its.org\/de\/\"},{\"@type\":\"ListItem\",\"position\":2,\"name\":\"Forschung am HITS\",\"item\":\"https:\/\/www.h-its.org\/de\/forschung\/\"},{\"@type\":\"ListItem\",\"position\":3,\"name\":\"Molecular Biomechanics (MBM)\",\"item\":\"https:\/\/www.h-its.org\/de\/forschung\/mbm\/\"},{\"@type\":\"ListItem\",\"position\":4,\"name\":\"Aktuelles\"}]},{\"@type\":\"WebSite\",\"@id\":\"https:\/\/www.h-its.org\/de\/#website\",\"url\":\"https:\/\/www.h-its.org\/de\/\",\"name\":\"HITS gGmbH\",\"description\":\"Heidelberg Institute for Theoretical Studies\",\"potentialAction\":[{\"@type\":\"SearchAction\",\"target\":{\"@type\":\"EntryPoint\",\"urlTemplate\":\"https:\/\/www.h-its.org\/de\/?s={search_term_string}\"},\"query-input\":{\"@type\":\"PropertyValueSpecification\",\"valueRequired\":true,\"valueName\":\"search_term_string\"}}],\"inLanguage\":\"de\"}]}<\/script>\n<!-- \/ Yoast SEO plugin. -->","yoast_head_json":{"title":"Aktuelles - HITS gGmbH","robots":{"index":"index","follow":"follow","max-snippet":"max-snippet:-1","max-image-preview":"max-image-preview:large","max-video-preview":"max-video-preview:-1"},"canonical":"https:\/\/www.h-its.org\/de\/forschung\/mbm\/aktuelles\/","og_locale":"de_DE","og_type":"article","og_title":"Aktuelles - HITS gGmbH","og_url":"https:\/\/www.h-its.org\/de\/forschung\/mbm\/aktuelles\/","og_site_name":"HITS gGmbH","article_modified_time":"2019-12-10T12:55:12+00:00","og_image":[{"width":1340,"height":1340,"url":"https:\/\/www.h-its.org\/de\/wp-content\/uploads\/sites\/2\/2019\/12\/MBM.jpg","type":"image\/jpeg"}],"twitter_card":"summary_large_image","schema":{"@context":"https:\/\/schema.org","@graph":[{"@type":"WebPage","@id":"https:\/\/www.h-its.org\/de\/forschung\/mbm\/aktuelles\/","url":"https:\/\/www.h-its.org\/de\/forschung\/mbm\/aktuelles\/","name":"Aktuelles - HITS gGmbH","isPartOf":{"@id":"https:\/\/www.h-its.org\/de\/#website"},"primaryImageOfPage":{"@id":"https:\/\/www.h-its.org\/de\/forschung\/mbm\/aktuelles\/#primaryimage"},"image":{"@id":"https:\/\/www.h-its.org\/de\/forschung\/mbm\/aktuelles\/#primaryimage"},"thumbnailUrl":"https:\/\/www.h-its.org\/de\/wp-content\/uploads\/sites\/2\/2019\/12\/MBM.jpg","datePublished":"2014-11-11T16:44:58+00:00","dateModified":"2019-12-10T12:55:12+00:00","breadcrumb":{"@id":"https:\/\/www.h-its.org\/de\/forschung\/mbm\/aktuelles\/#breadcrumb"},"inLanguage":"de","potentialAction":[{"@type":"ReadAction","target":["https:\/\/www.h-its.org\/de\/forschung\/mbm\/aktuelles\/"]}]},{"@type":"ImageObject","inLanguage":"de","@id":"https:\/\/www.h-its.org\/de\/forschung\/mbm\/aktuelles\/#primaryimage","url":"https:\/\/www.h-its.org\/de\/wp-content\/uploads\/sites\/2\/2019\/12\/MBM.jpg","contentUrl":"https:\/\/www.h-its.org\/de\/wp-content\/uploads\/sites\/2\/2019\/12\/MBM.jpg","width":1340,"height":1340},{"@type":"BreadcrumbList","@id":"https:\/\/www.h-its.org\/de\/forschung\/mbm\/aktuelles\/#breadcrumb","itemListElement":[{"@type":"ListItem","position":1,"name":"Home","item":"https:\/\/www.h-its.org\/de\/"},{"@type":"ListItem","position":2,"name":"Forschung am HITS","item":"https:\/\/www.h-its.org\/de\/forschung\/"},{"@type":"ListItem","position":3,"name":"Molecular Biomechanics (MBM)","item":"https:\/\/www.h-its.org\/de\/forschung\/mbm\/"},{"@type":"ListItem","position":4,"name":"Aktuelles"}]},{"@type":"WebSite","@id":"https:\/\/www.h-its.org\/de\/#website","url":"https:\/\/www.h-its.org\/de\/","name":"HITS gGmbH","description":"Heidelberg Institute for Theoretical Studies","potentialAction":[{"@type":"SearchAction","target":{"@type":"EntryPoint","urlTemplate":"https:\/\/www.h-its.org\/de\/?s={search_term_string}"},"query-input":{"@type":"PropertyValueSpecification","valueRequired":true,"valueName":"search_term_string"}}],"inLanguage":"de"}]}},"publishpress_future_action":{"enabled":false,"date":"2026-04-21 23:33:31","action":"change-status","newStatus":"draft","terms":[],"taxonomy":"hits-research-group","extraData":[]},"publishpress_future_workflow_manual_trigger":{"enabledWorkflows":[]},"_links":{"self":[{"href":"https:\/\/www.h-its.org\/de\/wp-json\/wp\/v2\/pages\/2745","targetHints":{"allow":["GET"]}}],"collection":[{"href":"https:\/\/www.h-its.org\/de\/wp-json\/wp\/v2\/pages"}],"about":[{"href":"https:\/\/www.h-its.org\/de\/wp-json\/wp\/v2\/types\/page"}],"author":[{"embeddable":true,"href":"https:\/\/www.h-its.org\/de\/wp-json\/wp\/v2\/users\/3"}],"replies":[{"embeddable":true,"href":"https:\/\/www.h-its.org\/de\/wp-json\/wp\/v2\/comments?post=2745"}],"version-history":[{"count":14,"href":"https:\/\/www.h-its.org\/de\/wp-json\/wp\/v2\/pages\/2745\/revisions"}],"predecessor-version":[{"id":37258,"href":"https:\/\/www.h-its.org\/de\/wp-json\/wp\/v2\/pages\/2745\/revisions\/37258"}],"up":[{"embeddable":true,"href":"https:\/\/www.h-its.org\/de\/wp-json\/wp\/v2\/pages\/40"}],"wp:featuredmedia":[{"embeddable":true,"href":"https:\/\/www.h-its.org\/de\/wp-json\/wp\/v2\/media\/40647"}],"wp:attachment":[{"href":"https:\/\/www.h-its.org\/de\/wp-json\/wp\/v2\/media?parent=2745"}],"wp:term":[{"taxonomy":"hits-research-group","embeddable":true,"href":"https:\/\/www.h-its.org\/de\/wp-json\/wp\/v2\/hits-research-group?post=2745"}],"curies":[{"name":"wp","href":"https:\/\/api.w.org\/{rel}","templated":true}]}}