{"id":2851,"date":"2014-11-14T14:45:49","date_gmt":"2014-11-14T13:45:49","guid":{"rendered":"http:\/\/www.h-its.org\/?page_id=2851"},"modified":"2019-12-10T13:00:19","modified_gmt":"2019-12-10T12:00:19","slug":"aktuelles","status":"publish","type":"page","link":"https:\/\/www.h-its.org\/de\/forschung\/cst\/aktuelles\/","title":{"rendered":"Aktuelles"},"content":{"rendered":"\n  <div class=\"hits-blocks hits-news-block\">\n\n\n      \n              <div class=\"post-grid two-columns\">\n                    \n<div class=\"post-preview\">\n  <a href=\"https:\/\/www.h-its.org\/de\/2026\/03\/24\/gneiting-wald-award\/\" aria-label=\"Post Beitrag Vorschau Bild\">\n          <img loading=\"lazy\" decoding=\"async\" width=\"420\" height=\"242\" src=\"https:\/\/www.h-its.org\/de\/wp-content\/uploads\/sites\/2\/2014\/10\/Google_a-420x242.jpg\" class=\"attachment-thumbnail size-thumbnail wp-post-image\" alt=\"\" 0=\"post-preview--post-thumbnail\" \/>      <\/a>\n  <p class=\"font-m font-normal font-primary\">Tilmann Gneiting erh\u00e4lt den \u201cWald Memorial Award\u201d<\/p>\n  <div class=\"meta\">\n    <div class=\"date\">24.03.2026<\/div>\n  <\/div>\n  <div class=\"show-for-medium\">\n    <p>Das Institute of Mathematical Statistics (IMS) zeichnet HITS-Gruppenleiter Tilmann Gneiting f\u00fcr seine Beitr\u00e4ge zur Entwicklung der Statistik mit dem \u201e&#8230;<\/p>\n  <\/div>\n  <a href=\"https:\/\/www.h-its.org\/de\/2026\/03\/24\/gneiting-wald-award\/\" class=\"read-more-button\">Mehr erfahren<\/a>\n<\/div>\n                    \n<div class=\"post-preview\">\n  <a href=\"https:\/\/www.h-its.org\/de\/2026\/02\/09\/neue-methode-macht-konjunkturprognosen-verstandlicher\/\" aria-label=\"Post Beitrag Vorschau Bild\">\n          <img loading=\"lazy\" decoding=\"async\" width=\"420\" height=\"242\" src=\"https:\/\/www.h-its.org\/de\/wp-content\/uploads\/sites\/2\/2026\/02\/Illutration_G7_Growth_Inflation-420x242.png\" class=\"attachment-thumbnail size-thumbnail wp-post-image\" alt=\"\" 0=\"post-preview--post-thumbnail\" srcset=\"https:\/\/www.h-its.org\/de\/wp-content\/uploads\/sites\/2\/2026\/02\/Illutration_G7_Growth_Inflation-420x242.png 420w, https:\/\/www.h-its.org\/de\/wp-content\/uploads\/sites\/2\/2026\/02\/Illutration_G7_Growth_Inflation-1x1.png 1w\" sizes=\"auto, (max-width: 639px) 98vw, (max-width: 1199px) 64vw, 420px\" \/>      <\/a>\n  <p class=\"font-m font-normal font-primary\">Neue Methode macht Konjunkturprognosen verst\u00e4ndlicher<\/p>\n  <div class=\"meta\">\n    <div class=\"date\">9.02.2026<\/div>\n  <\/div>\n  <div class=\"show-for-medium\">\n    <p>Forschende des KIT und HITS entwickeln ein transparentes Verfahren, das die Unsicherheit wirtschaftlicher Prognosen sichtbar macht. Politik, Wirtschaft und Gesellschaft interessieren &#8230;<\/p>\n  <\/div>\n  <a href=\"https:\/\/www.h-its.org\/de\/2026\/02\/09\/neue-methode-macht-konjunkturprognosen-verstandlicher\/\" class=\"read-more-button\">Mehr erfahren<\/a>\n<\/div>\n                    \n<div class=\"post-preview\">\n  <a href=\"https:\/\/www.h-its.org\/de\/2024\/12\/11\/kit-ehrenabend\/\" aria-label=\"Post Beitrag Vorschau Bild\">\n          <img loading=\"lazy\" decoding=\"async\" width=\"420\" height=\"242\" src=\"https:\/\/www.h-its.org\/de\/wp-content\/uploads\/sites\/2\/2024\/12\/20241128_JW_TG_AS_Ehrenabend-420x242.png\" class=\"attachment-thumbnail size-thumbnail wp-post-image\" alt=\"\" 0=\"post-preview--post-thumbnail\" srcset=\"https:\/\/www.h-its.org\/de\/wp-content\/uploads\/sites\/2\/2024\/12\/20241128_JW_TG_AS_Ehrenabend-420x242.png 420w, https:\/\/www.h-its.org\/de\/wp-content\/uploads\/sites\/2\/2024\/12\/20241128_JW_TG_AS_Ehrenabend-2x1.png 2w\" sizes=\"auto, (max-width: 639px) 98vw, (max-width: 1199px) 64vw, 420px\" \/>      <\/a>\n  <p class=\"font-m font-normal font-primary\">KIT-\u201eEhrenabend\u201c: Auszeichnung f\u00fcr zwei HITS-Gruppenleiter<\/p>\n  <div class=\"meta\">\n    <div class=\"date\">11.12.2024<\/div>\n  <\/div>\n  <div class=\"show-for-medium\">\n    <p>Beim \u201eEhrenabend\u201c des Karlsruher Instituts f\u00fcr Technologie (KIT) Ende November w\u00fcrdigte das Pr\u00e4sidium des KIT wissenschaftliche Leistungen und &#8230;<\/p>\n  <\/div>\n  <a href=\"https:\/\/www.h-its.org\/de\/2024\/12\/11\/kit-ehrenabend\/\" class=\"read-more-button\">Mehr erfahren<\/a>\n<\/div>\n                    \n<div class=\"post-preview\">\n  <a href=\"https:\/\/www.h-its.org\/de\/2023\/10\/30\/gneiting-grenander\/\" aria-label=\"Post Beitrag Vorschau Bild\">\n          <img loading=\"lazy\" decoding=\"async\" width=\"420\" height=\"242\" src=\"https:\/\/www.h-its.org\/de\/wp-content\/uploads\/sites\/2\/2023\/10\/TG-420x242.jpg\" class=\"attachment-thumbnail size-thumbnail wp-post-image\" alt=\"\" 0=\"post-preview--post-thumbnail\" srcset=\"https:\/\/www.h-its.org\/de\/wp-content\/uploads\/sites\/2\/2023\/10\/TG-420x242.jpg 420w, https:\/\/www.h-its.org\/de\/wp-content\/uploads\/sites\/2\/2023\/10\/TG-2x1.jpg 2w\" sizes=\"auto, (max-width: 639px) 98vw, (max-width: 1199px) 64vw, 420px\" \/>      <\/a>\n  <p class=\"font-m font-normal font-primary\">Grundlagen f\u00fcr die Wissenschaft der Vorhersage<\/p>\n  <div class=\"meta\">\n    <div class=\"date\">30.10.2023<\/div>\n  <\/div>\n  <div class=\"show-for-medium\">\n    <p>Der Ulf Grenander Prize 2024 f\u00fcr stochastische Theorie und Modellierung geht an Tilmann Gneiting, Wissenschaftlicher Direktor des HITS und Professor f\u00fc&#8230;<\/p>\n  <\/div>\n  <a href=\"https:\/\/www.h-its.org\/de\/2023\/10\/30\/gneiting-grenander\/\" class=\"read-more-button\">Mehr erfahren<\/a>\n<\/div>\n                    \n<div class=\"post-preview\">\n  <a href=\"https:\/\/www.h-its.org\/de\/2023\/01\/03\/tilmann-gneiting-wissenschaftlicher-direktor\/\" aria-label=\"Post Beitrag Vorschau Bild\">\n          <img loading=\"lazy\" decoding=\"async\" width=\"420\" height=\"242\" src=\"https:\/\/www.h-its.org\/de\/wp-content\/uploads\/sites\/2\/2022\/12\/Gneiting_Polsterer_news-420x242.png\" class=\"attachment-thumbnail size-thumbnail wp-post-image\" alt=\"\" 0=\"post-preview--post-thumbnail\" srcset=\"https:\/\/www.h-its.org\/de\/wp-content\/uploads\/sites\/2\/2022\/12\/Gneiting_Polsterer_news-420x242.png 420w, https:\/\/www.h-its.org\/de\/wp-content\/uploads\/sites\/2\/2022\/12\/Gneiting_Polsterer_news-1x1.png 1w\" sizes=\"auto, (max-width: 639px) 98vw, (max-width: 1199px) 64vw, 420px\" \/>      <\/a>\n  <p class=\"font-m font-normal font-primary\">Tilmann Gneiting neuer Wissenschaftlicher Direktor<\/p>\n  <div class=\"meta\">\n    <div class=\"date\">3.01.2023<\/div>\n  <\/div>\n  <div class=\"show-for-medium\">\n    <p>Seit dem Jahreswechsel 2023 ist Tilmann Gneiting neuer Wissenschaftlicher Direktor des HITS. &nbsp;Er folgt turnusm\u00e4\u00dfig auf Frauke Gr\u00e4ter, die &#8230;<\/p>\n  <\/div>\n  <a href=\"https:\/\/www.h-its.org\/de\/2023\/01\/03\/tilmann-gneiting-wissenschaftlicher-direktor\/\" class=\"read-more-button\">Mehr erfahren<\/a>\n<\/div>\n                    \n<div class=\"post-preview\">\n  <a href=\"https:\/\/www.h-its.org\/de\/2022\/11\/22\/campus-report-nowcast\/\" aria-label=\"Post Beitrag Vorschau Bild\">\n          <img loading=\"lazy\" decoding=\"async\" width=\"420\" height=\"242\" src=\"https:\/\/www.h-its.org\/de\/wp-content\/uploads\/sites\/2\/2020\/05\/Covid-19-scaled-420x242.jpg\" class=\"attachment-thumbnail size-thumbnail wp-post-image\" alt=\"\" 0=\"post-preview--post-thumbnail\" srcset=\"https:\/\/www.h-its.org\/de\/wp-content\/uploads\/sites\/2\/2020\/05\/Covid-19-scaled-420x242.jpg 420w, https:\/\/www.h-its.org\/de\/wp-content\/uploads\/sites\/2\/2020\/05\/Covid-19-scaled-1x1.jpg 1w\" sizes=\"auto, (max-width: 639px) 98vw, (max-width: 1199px) 64vw, 420px\" \/>      <\/a>\n  <p class=\"font-m font-normal font-primary\">Im Campus Report: Ein \u201eNowcast\u201c hilft bei Pandemievorhersagen<\/p>\n  <div class=\"meta\">\n    <div class=\"date\">22.11.2022<\/div>\n  <\/div>\n  <div class=\"show-for-medium\">\n    <p>Seit fast 3 Jahren h\u00e4lt uns COVID-19 in Atem. Und immer noch wird t\u00e4glich \u00fcber den Umgang mit der Corona-Pandemie &#8230;<\/p>\n  <\/div>\n  <a href=\"https:\/\/www.h-its.org\/de\/2022\/11\/22\/campus-report-nowcast\/\" class=\"read-more-button\">Mehr erfahren<\/a>\n<\/div>\n                    \n<div class=\"post-preview\">\n  <a href=\"https:\/\/www.h-its.org\/de\/2021\/09\/29\/covid-19-forecast-hub\/\" aria-label=\"Post Beitrag Vorschau Bild\">\n          <img loading=\"lazy\" decoding=\"async\" width=\"420\" height=\"242\" src=\"https:\/\/www.h-its.org\/de\/wp-content\/uploads\/sites\/2\/2021\/09\/screenshot-420x242.png\" class=\"attachment-thumbnail size-thumbnail wp-post-image\" alt=\"\" 0=\"post-preview--post-thumbnail\" srcset=\"https:\/\/www.h-its.org\/de\/wp-content\/uploads\/sites\/2\/2021\/09\/screenshot-420x242.png 420w, https:\/\/www.h-its.org\/de\/wp-content\/uploads\/sites\/2\/2021\/09\/screenshot-2x1.png 2w\" sizes=\"auto, (max-width: 639px) 98vw, (max-width: 1199px) 64vw, 420px\" \/>      <\/a>\n  <p class=\"font-m font-normal font-primary\">Mehr als die Summe der einzelnen Teile: Kombination von Vorhersagemodellen verbessert COVID-19 Prognosen<\/p>\n  <div class=\"meta\">\n    <div class=\"date\">29.09.2021<\/div>\n  <\/div>\n  <div class=\"show-for-medium\">\n    <p>Ein Forschungsteam des Heidelberger Instituts f\u00fcr Theoretische Studien (HITS) und des Karlsruher Instituts f\u00fcr Technologie (KIT) hat seit Beginn &#8230;<\/p>\n  <\/div>\n  <a href=\"https:\/\/www.h-its.org\/de\/2021\/09\/29\/covid-19-forecast-hub\/\" class=\"read-more-button\">Mehr erfahren<\/a>\n<\/div>\n                    \n<div class=\"post-preview\">\n  <a href=\"https:\/\/www.h-its.org\/de\/2021\/02\/24\/corp-verfahren\/\" aria-label=\"Post Beitrag Vorschau Bild\">\n          <img loading=\"lazy\" decoding=\"async\" width=\"420\" height=\"242\" src=\"https:\/\/www.h-its.org\/de\/wp-content\/uploads\/sites\/2\/2021\/02\/Trockene_B\u00f6den_Mauretanien-420x242.jpg\" class=\"attachment-thumbnail size-thumbnail wp-post-image\" alt=\"\" 0=\"post-preview--post-thumbnail\" srcset=\"https:\/\/www.h-its.org\/de\/wp-content\/uploads\/sites\/2\/2021\/02\/Trockene_B\u00f6den_Mauretanien-420x242.jpg 420w, https:\/\/www.h-its.org\/de\/wp-content\/uploads\/sites\/2\/2021\/02\/Trockene_B\u00f6den_Mauretanien-1x1.jpg 1w\" sizes=\"auto, (max-width: 639px) 98vw, (max-width: 1199px) 64vw, 420px\" \/>      <\/a>\n  <p class=\"font-m font-normal font-primary\">Prognosen auf dem Pr\u00fcfstand<\/p>\n  <div class=\"meta\">\n    <div class=\"date\">24.02.2021<\/div>\n  <\/div>\n  <div class=\"show-for-medium\">\n    <p>Statistiker aus dem HITS, dem KIT und der Universit\u00e4t Heidelberg haben ein neues Verfahren (\u201eCORP\u201c) \u200bentwickelt, mit dem die Zuverl\u00e4&#8230;<\/p>\n  <\/div>\n  <a href=\"https:\/\/www.h-its.org\/de\/2021\/02\/24\/corp-verfahren\/\" class=\"read-more-button\">Mehr erfahren<\/a>\n<\/div>\n                    \n<div class=\"post-preview\">\n  <a href=\"https:\/\/www.h-its.org\/de\/2021\/01\/05\/frauke-graeter-institutssprecherin\/\" aria-label=\"Post Beitrag Vorschau Bild\">\n          <img loading=\"lazy\" decoding=\"async\" width=\"420\" height=\"242\" src=\"https:\/\/www.h-its.org\/de\/wp-content\/uploads\/sites\/2\/2021\/01\/Doppelportrait_Frauke_Tilmann-420x242.png\" class=\"attachment-thumbnail size-thumbnail wp-post-image\" alt=\"\" 0=\"post-preview--post-thumbnail\" srcset=\"https:\/\/www.h-its.org\/de\/wp-content\/uploads\/sites\/2\/2021\/01\/Doppelportrait_Frauke_Tilmann-420x242.png 420w, https:\/\/www.h-its.org\/de\/wp-content\/uploads\/sites\/2\/2021\/01\/Doppelportrait_Frauke_Tilmann-2x1.png 2w\" sizes=\"auto, (max-width: 639px) 98vw, (max-width: 1199px) 64vw, 420px\" \/>      <\/a>\n  <p class=\"font-m font-normal font-primary\">Frauke Gr\u00e4ter ist neue Institutssprecherin<\/p>\n  <div class=\"meta\">\n    <div class=\"date\">5.01.2021<\/div>\n  <\/div>\n  <div class=\"show-for-medium\">\n    <p>Seit dem Jahreswechsel 2021 ist Frauke Gr\u00e4ter neue Institutssprecherin (Scientific Director) des HITS. Sie folgt turnusm\u00e4\u00dfig auf Wolfgang M\u00fcller, &#8230;<\/p>\n  <\/div>\n  <a href=\"https:\/\/www.h-its.org\/de\/2021\/01\/05\/frauke-graeter-institutssprecherin\/\" class=\"read-more-button\">Mehr erfahren<\/a>\n<\/div>\n                    \n<div class=\"post-preview\">\n  <a href=\"https:\/\/www.h-its.org\/de\/2020\/12\/04\/vector-stiftung-lerch\/\" aria-label=\"Post Beitrag Vorschau Bild\">\n          <img loading=\"lazy\" decoding=\"async\" width=\"420\" height=\"242\" src=\"https:\/\/www.h-its.org\/de\/wp-content\/uploads\/sites\/2\/2020\/02\/Sebastian_Lerch-1-scaled-420x242.jpg\" class=\"attachment-thumbnail size-thumbnail wp-post-image\" alt=\"\" 0=\"post-preview--post-thumbnail\" srcset=\"https:\/\/www.h-its.org\/de\/wp-content\/uploads\/sites\/2\/2020\/02\/Sebastian_Lerch-1-scaled-420x242.jpg 420w, https:\/\/www.h-its.org\/de\/wp-content\/uploads\/sites\/2\/2020\/02\/Sebastian_Lerch-1-scaled-1x1.jpg 1w\" sizes=\"auto, (max-width: 639px) 98vw, (max-width: 1199px) 64vw, 420px\" \/>      <\/a>\n  <p class=\"font-m font-normal font-primary\">KI in der Wettervorhersage: Vector Stiftung f\u00f6rdert HITS-Forscher Sebastian Lerch<\/p>\n  <div class=\"meta\">\n    <div class=\"date\">4.12.2020<\/div>\n  <\/div>\n  <div class=\"show-for-medium\">\n    <p>Sebastian Lerch, Forscher am KIT und Mitglied der Computational Statistics Gruppe am HITS, erh\u00e4lt eine F\u00f6rderung der Vector Stiftung &#8230;<\/p>\n  <\/div>\n  <a href=\"https:\/\/www.h-its.org\/de\/2020\/12\/04\/vector-stiftung-lerch\/\" class=\"read-more-button\">Mehr erfahren<\/a>\n<\/div>\n                  <\/div>\n        <ul class='pagination text-center' aria-label='Pagination'>\n\t<li><span aria-current=\"page\" class=\" current\">1<\/a><\/li>\n\t<li><a class=\"\" href=\"https:\/\/www.h-its.org\/de\/wp-json\/wp\/v2\/pages\/2851\/page\/2\/\">2<\/a><\/li>\n\t<li><a class=\"\" href=\"https:\/\/www.h-its.org\/de\/wp-json\/wp\/v2\/pages\/2851\/page\/3\/\">3<\/a><\/li>\n\t<li><a class=\"next\" href=\"https:\/\/www.h-its.org\/de\/wp-json\/wp\/v2\/pages\/2851\/page\/2\/\">&raquo;<\/a><\/li>\n<\/ul>\n      \n  <\/div>\n","protected":false},"excerpt":{"rendered":"","protected":false},"author":3,"featured_media":40715,"parent":36,"menu_order":1,"comment_status":"closed","ping_status":"closed","template":"page-templates\/group.php","meta":{"_acf_changed":false,"inline_featured_image":false,"footnotes":""},"hits-research-group":[1285],"class_list":["post-2851","page","type-page","status-publish","has-post-thumbnail","hentry","hits-research-group-cst-de"],"acf":[],"yoast_head":"<!-- This site is optimized with the Yoast SEO plugin v27.2 - https:\/\/yoast.com\/product\/yoast-seo-wordpress\/ -->\n<title>Aktuelles - HITS gGmbH<\/title>\n<meta name=\"robots\" content=\"index, follow, max-snippet:-1, max-image-preview:large, max-video-preview:-1\" \/>\n<link rel=\"canonical\" href=\"https:\/\/www.h-its.org\/de\/forschung\/cst\/aktuelles\/\" \/>\n<meta property=\"og:locale\" content=\"de_DE\" \/>\n<meta property=\"og:type\" content=\"article\" \/>\n<meta property=\"og:title\" content=\"Aktuelles - HITS gGmbH\" \/>\n<meta property=\"og:url\" content=\"https:\/\/www.h-its.org\/de\/forschung\/cst\/aktuelles\/\" \/>\n<meta property=\"og:site_name\" content=\"HITS gGmbH\" \/>\n<meta property=\"article:modified_time\" content=\"2019-12-10T12:00:19+00:00\" \/>\n<meta property=\"og:image\" content=\"https:\/\/www.h-its.org\/de\/wp-content\/uploads\/sites\/2\/2019\/12\/cst-header.jpg\" \/>\n\t<meta property=\"og:image:width\" content=\"1340\" \/>\n\t<meta property=\"og:image:height\" content=\"1340\" \/>\n\t<meta property=\"og:image:type\" content=\"image\/jpeg\" \/>\n<meta name=\"twitter:card\" content=\"summary_large_image\" \/>\n<script type=\"application\/ld+json\" class=\"yoast-schema-graph\">{\"@context\":\"https:\/\/schema.org\",\"@graph\":[{\"@type\":\"WebPage\",\"@id\":\"https:\/\/www.h-its.org\/de\/forschung\/cst\/aktuelles\/\",\"url\":\"https:\/\/www.h-its.org\/de\/forschung\/cst\/aktuelles\/\",\"name\":\"Aktuelles - HITS gGmbH\",\"isPartOf\":{\"@id\":\"https:\/\/www.h-its.org\/de\/#website\"},\"primaryImageOfPage\":{\"@id\":\"https:\/\/www.h-its.org\/de\/forschung\/cst\/aktuelles\/#primaryimage\"},\"image\":{\"@id\":\"https:\/\/www.h-its.org\/de\/forschung\/cst\/aktuelles\/#primaryimage\"},\"thumbnailUrl\":\"https:\/\/www.h-its.org\/de\/wp-content\/uploads\/sites\/2\/2019\/12\/cst-header.jpg\",\"datePublished\":\"2014-11-14T13:45:49+00:00\",\"dateModified\":\"2019-12-10T12:00:19+00:00\",\"breadcrumb\":{\"@id\":\"https:\/\/www.h-its.org\/de\/forschung\/cst\/aktuelles\/#breadcrumb\"},\"inLanguage\":\"de\",\"potentialAction\":[{\"@type\":\"ReadAction\",\"target\":[\"https:\/\/www.h-its.org\/de\/forschung\/cst\/aktuelles\/\"]}]},{\"@type\":\"ImageObject\",\"inLanguage\":\"de\",\"@id\":\"https:\/\/www.h-its.org\/de\/forschung\/cst\/aktuelles\/#primaryimage\",\"url\":\"https:\/\/www.h-its.org\/de\/wp-content\/uploads\/sites\/2\/2019\/12\/cst-header.jpg\",\"contentUrl\":\"https:\/\/www.h-its.org\/de\/wp-content\/uploads\/sites\/2\/2019\/12\/cst-header.jpg\",\"width\":1340,\"height\":1340},{\"@type\":\"BreadcrumbList\",\"@id\":\"https:\/\/www.h-its.org\/de\/forschung\/cst\/aktuelles\/#breadcrumb\",\"itemListElement\":[{\"@type\":\"ListItem\",\"position\":1,\"name\":\"Home\",\"item\":\"https:\/\/www.h-its.org\/de\/\"},{\"@type\":\"ListItem\",\"position\":2,\"name\":\"Forschung am HITS\",\"item\":\"https:\/\/www.h-its.org\/de\/forschung\/\"},{\"@type\":\"ListItem\",\"position\":3,\"name\":\"Computational Statistics (CST)\",\"item\":\"https:\/\/www.h-its.org\/de\/forschung\/cst\/\"},{\"@type\":\"ListItem\",\"position\":4,\"name\":\"Aktuelles\"}]},{\"@type\":\"WebSite\",\"@id\":\"https:\/\/www.h-its.org\/de\/#website\",\"url\":\"https:\/\/www.h-its.org\/de\/\",\"name\":\"HITS gGmbH\",\"description\":\"Heidelberg Institute for Theoretical Studies\",\"potentialAction\":[{\"@type\":\"SearchAction\",\"target\":{\"@type\":\"EntryPoint\",\"urlTemplate\":\"https:\/\/www.h-its.org\/de\/?s={search_term_string}\"},\"query-input\":{\"@type\":\"PropertyValueSpecification\",\"valueRequired\":true,\"valueName\":\"search_term_string\"}}],\"inLanguage\":\"de\"}]}<\/script>\n<!-- \/ Yoast SEO plugin. -->","yoast_head_json":{"title":"Aktuelles - HITS gGmbH","robots":{"index":"index","follow":"follow","max-snippet":"max-snippet:-1","max-image-preview":"max-image-preview:large","max-video-preview":"max-video-preview:-1"},"canonical":"https:\/\/www.h-its.org\/de\/forschung\/cst\/aktuelles\/","og_locale":"de_DE","og_type":"article","og_title":"Aktuelles - HITS gGmbH","og_url":"https:\/\/www.h-its.org\/de\/forschung\/cst\/aktuelles\/","og_site_name":"HITS gGmbH","article_modified_time":"2019-12-10T12:00:19+00:00","og_image":[{"width":1340,"height":1340,"url":"https:\/\/www.h-its.org\/de\/wp-content\/uploads\/sites\/2\/2019\/12\/cst-header.jpg","type":"image\/jpeg"}],"twitter_card":"summary_large_image","schema":{"@context":"https:\/\/schema.org","@graph":[{"@type":"WebPage","@id":"https:\/\/www.h-its.org\/de\/forschung\/cst\/aktuelles\/","url":"https:\/\/www.h-its.org\/de\/forschung\/cst\/aktuelles\/","name":"Aktuelles - HITS gGmbH","isPartOf":{"@id":"https:\/\/www.h-its.org\/de\/#website"},"primaryImageOfPage":{"@id":"https:\/\/www.h-its.org\/de\/forschung\/cst\/aktuelles\/#primaryimage"},"image":{"@id":"https:\/\/www.h-its.org\/de\/forschung\/cst\/aktuelles\/#primaryimage"},"thumbnailUrl":"https:\/\/www.h-its.org\/de\/wp-content\/uploads\/sites\/2\/2019\/12\/cst-header.jpg","datePublished":"2014-11-14T13:45:49+00:00","dateModified":"2019-12-10T12:00:19+00:00","breadcrumb":{"@id":"https:\/\/www.h-its.org\/de\/forschung\/cst\/aktuelles\/#breadcrumb"},"inLanguage":"de","potentialAction":[{"@type":"ReadAction","target":["https:\/\/www.h-its.org\/de\/forschung\/cst\/aktuelles\/"]}]},{"@type":"ImageObject","inLanguage":"de","@id":"https:\/\/www.h-its.org\/de\/forschung\/cst\/aktuelles\/#primaryimage","url":"https:\/\/www.h-its.org\/de\/wp-content\/uploads\/sites\/2\/2019\/12\/cst-header.jpg","contentUrl":"https:\/\/www.h-its.org\/de\/wp-content\/uploads\/sites\/2\/2019\/12\/cst-header.jpg","width":1340,"height":1340},{"@type":"BreadcrumbList","@id":"https:\/\/www.h-its.org\/de\/forschung\/cst\/aktuelles\/#breadcrumb","itemListElement":[{"@type":"ListItem","position":1,"name":"Home","item":"https:\/\/www.h-its.org\/de\/"},{"@type":"ListItem","position":2,"name":"Forschung am HITS","item":"https:\/\/www.h-its.org\/de\/forschung\/"},{"@type":"ListItem","position":3,"name":"Computational Statistics (CST)","item":"https:\/\/www.h-its.org\/de\/forschung\/cst\/"},{"@type":"ListItem","position":4,"name":"Aktuelles"}]},{"@type":"WebSite","@id":"https:\/\/www.h-its.org\/de\/#website","url":"https:\/\/www.h-its.org\/de\/","name":"HITS gGmbH","description":"Heidelberg Institute for Theoretical Studies","potentialAction":[{"@type":"SearchAction","target":{"@type":"EntryPoint","urlTemplate":"https:\/\/www.h-its.org\/de\/?s={search_term_string}"},"query-input":{"@type":"PropertyValueSpecification","valueRequired":true,"valueName":"search_term_string"}}],"inLanguage":"de"}]}},"publishpress_future_action":{"enabled":false,"date":"2026-04-15 16:46:27","action":"change-status","newStatus":"draft","terms":[],"taxonomy":"hits-research-group","extraData":[]},"publishpress_future_workflow_manual_trigger":{"enabledWorkflows":[]},"_links":{"self":[{"href":"https:\/\/www.h-its.org\/de\/wp-json\/wp\/v2\/pages\/2851","targetHints":{"allow":["GET"]}}],"collection":[{"href":"https:\/\/www.h-its.org\/de\/wp-json\/wp\/v2\/pages"}],"about":[{"href":"https:\/\/www.h-its.org\/de\/wp-json\/wp\/v2\/types\/page"}],"author":[{"embeddable":true,"href":"https:\/\/www.h-its.org\/de\/wp-json\/wp\/v2\/users\/3"}],"replies":[{"embeddable":true,"href":"https:\/\/www.h-its.org\/de\/wp-json\/wp\/v2\/comments?post=2851"}],"version-history":[{"count":14,"href":"https:\/\/www.h-its.org\/de\/wp-json\/wp\/v2\/pages\/2851\/revisions"}],"predecessor-version":[{"id":37230,"href":"https:\/\/www.h-its.org\/de\/wp-json\/wp\/v2\/pages\/2851\/revisions\/37230"}],"up":[{"embeddable":true,"href":"https:\/\/www.h-its.org\/de\/wp-json\/wp\/v2\/pages\/36"}],"wp:featuredmedia":[{"embeddable":true,"href":"https:\/\/www.h-its.org\/de\/wp-json\/wp\/v2\/media\/40715"}],"wp:attachment":[{"href":"https:\/\/www.h-its.org\/de\/wp-json\/wp\/v2\/media?parent=2851"}],"wp:term":[{"taxonomy":"hits-research-group","embeddable":true,"href":"https:\/\/www.h-its.org\/de\/wp-json\/wp\/v2\/hits-research-group?post=2851"}],"curies":[{"name":"wp","href":"https:\/\/api.w.org\/{rel}","templated":true}]}}