{"id":2855,"date":"2014-11-14T14:48:35","date_gmt":"2014-11-14T13:48:35","guid":{"rendered":"http:\/\/www.h-its.org\/?page_id=2855"},"modified":"2019-06-06T13:54:15","modified_gmt":"2019-06-06T11:54:15","slug":"aktuelles","status":"publish","type":"page","link":"https:\/\/www.h-its.org\/de\/forschung\/dmq\/aktuelles\/","title":{"rendered":"Aktuelles"},"content":{"rendered":"\n  <div class=\"hits-blocks hits-news-block\">\n\n\n      \n              <div class=\"post-grid two-columns\">\n                    \n<div class=\"post-preview\">\n  <a href=\"https:\/\/www.h-its.org\/de\/2024\/06\/24\/dmq-digitale-zwillinge\/\" aria-label=\"Post Beitrag Vorschau Bild\">\n          <img loading=\"lazy\" decoding=\"async\" width=\"420\" height=\"242\" src=\"https:\/\/www.h-its.org\/de\/wp-content\/uploads\/sites\/2\/2024\/06\/Baby_Feet_WA0017-420x242.jpg\" class=\"attachment-thumbnail size-thumbnail wp-post-image\" alt=\"\" 0=\"post-preview--post-thumbnail\" srcset=\"https:\/\/www.h-its.org\/de\/wp-content\/uploads\/sites\/2\/2024\/06\/Baby_Feet_WA0017-420x242.jpg 420w, https:\/\/www.h-its.org\/de\/wp-content\/uploads\/sites\/2\/2024\/06\/Baby_Feet_WA0017-1x1.jpg 1w\" sizes=\"auto, (max-width: 639px) 98vw, (max-width: 1199px) 64vw, 420px\" \/>      <\/a>\n  <p class=\"font-m font-normal font-primary\">Neu: Digitale Zwillinge f\u00fcr Neugeborene<\/p>\n  <div class=\"meta\">\n    <div class=\"date\">24.06.2024<\/div>\n  <\/div>\n  <div class=\"show-for-medium\">\n    <p>Forschende der Universit\u00e4t Heidelberg, des HITS und der Universit\u00e4t Galway, Irland, haben erstmals die gesundheitliche Entwicklung von S\u00e4uglingen &#8230;<\/p>\n  <\/div>\n  <a href=\"https:\/\/www.h-its.org\/de\/2024\/06\/24\/dmq-digitale-zwillinge\/\" class=\"read-more-button\">Mehr erfahren<\/a>\n<\/div>\n                    \n<div class=\"post-preview\">\n  <a href=\"https:\/\/www.h-its.org\/de\/2024\/02\/15\/girls-day-2024-am-hits-da-mach-ich-mit\/\" aria-label=\"Post Beitrag Vorschau Bild\">\n          <img loading=\"lazy\" decoding=\"async\" width=\"420\" height=\"242\" src=\"https:\/\/www.h-its.org\/de\/wp-content\/uploads\/sites\/2\/2024\/02\/3-1-420x242.png\" class=\"attachment-thumbnail size-thumbnail wp-post-image\" alt=\"\" 0=\"post-preview--post-thumbnail\" srcset=\"https:\/\/www.h-its.org\/de\/wp-content\/uploads\/sites\/2\/2024\/02\/3-1-420x242.png 420w, https:\/\/www.h-its.org\/de\/wp-content\/uploads\/sites\/2\/2024\/02\/3-1-2x1.png 2w\" sizes=\"auto, (max-width: 639px) 98vw, (max-width: 1199px) 64vw, 420px\" \/>      <\/a>\n  <p class=\"font-m font-normal font-primary\">Girls\u2018 Day 2024 am HITS? \u2013 Da mach ich mit!<\/p>\n  <div class=\"meta\">\n    <div class=\"date\">15.02.2024<\/div>\n  <\/div>\n  <div class=\"show-for-medium\">\n    <p>In diesem Jahr bietet das HITS wieder einen interessanten Workshop im Rahmen des Girls\u2019 Day an. Anmeldungen sind ab sofort m\u00f6&#8230;<\/p>\n  <\/div>\n  <a href=\"https:\/\/www.h-its.org\/de\/2024\/02\/15\/girls-day-2024-am-hits-da-mach-ich-mit\/\" class=\"read-more-button\">Mehr erfahren<\/a>\n<\/div>\n                    \n<div class=\"post-preview\">\n  <a href=\"https:\/\/www.h-its.org\/de\/2023\/05\/10\/math-oncology\/\" aria-label=\"Post Beitrag Vorschau Bild\">\n          <img loading=\"lazy\" decoding=\"async\" width=\"420\" height=\"242\" src=\"https:\/\/www.h-its.org\/de\/wp-content\/uploads\/sites\/2\/2023\/05\/Saskia_Vincent_IMG_1671-420x242.jpg\" class=\"attachment-thumbnail size-thumbnail wp-post-image\" alt=\"\" 0=\"post-preview--post-thumbnail\" srcset=\"https:\/\/www.h-its.org\/de\/wp-content\/uploads\/sites\/2\/2023\/05\/Saskia_Vincent_IMG_1671-420x242.jpg 420w, https:\/\/www.h-its.org\/de\/wp-content\/uploads\/sites\/2\/2023\/05\/Saskia_Vincent_IMG_1671-1x1.jpg 1w\" sizes=\"auto, (max-width: 639px) 98vw, (max-width: 1199px) 64vw, 420px\" \/>      <\/a>\n  <p class=\"font-m font-normal font-primary\">Mehr Mathematik in der Krebsforschung<\/p>\n  <div class=\"meta\">\n    <div class=\"date\">10.05.2023<\/div>\n  <\/div>\n  <div class=\"show-for-medium\">\n    <p>Ein von der Klaus Tschira Stiftung gef\u00f6rdertes Projekt an HITS und Universit\u00e4t Heidelberg geht neue Wege bei der Analyse &#8230;<\/p>\n  <\/div>\n  <a href=\"https:\/\/www.h-its.org\/de\/2023\/05\/10\/math-oncology\/\" class=\"read-more-button\">Mehr erfahren<\/a>\n<\/div>\n                    \n<div class=\"post-preview\">\n  <a href=\"https:\/\/www.h-its.org\/de\/2023\/03\/01\/lynch-information\/\" aria-label=\"Post Beitrag Vorschau Bild\">\n          <img loading=\"lazy\" decoding=\"async\" width=\"420\" height=\"242\" src=\"https:\/\/www.h-its.org\/de\/wp-content\/uploads\/sites\/2\/2023\/03\/Plakate-Lynch-Syndrom-deutsch-420x242.jpg\" class=\"attachment-thumbnail size-thumbnail wp-post-image\" alt=\"\" 0=\"post-preview--post-thumbnail\" srcset=\"https:\/\/www.h-its.org\/de\/wp-content\/uploads\/sites\/2\/2023\/03\/Plakate-Lynch-Syndrom-deutsch-420x242.jpg 420w, https:\/\/www.h-its.org\/de\/wp-content\/uploads\/sites\/2\/2023\/03\/Plakate-Lynch-Syndrom-deutsch-1x1.jpg 1w\" sizes=\"auto, (max-width: 639px) 98vw, (max-width: 1199px) 64vw, 420px\" \/>      <\/a>\n  <p class=\"font-m font-normal font-primary\">Erblicher Darmkrebs: Information und Vorsorge<\/p>\n  <div class=\"meta\">\n    <div class=\"date\">1.03.2023<\/div>\n  <\/div>\n  <div class=\"show-for-medium\">\n    <p>Immer mehr junge Menschen erkranken an Darmkrebs. Jede f\u00fcnfte Darmkrebserkrankung unter 50 ist erblich bedingt. Das h\u00e4ufigste erbliche Tumorrisikosyndrom ist &#8230;<\/p>\n  <\/div>\n  <a href=\"https:\/\/www.h-its.org\/de\/2023\/03\/01\/lynch-information\/\" class=\"read-more-button\">Mehr erfahren<\/a>\n<\/div>\n                    \n<div class=\"post-preview\">\n  <a href=\"https:\/\/www.h-its.org\/de\/2021\/12\/09\/projektstart-mathematische-onkologie-in-heidelberg\/\" aria-label=\"Post Beitrag Vorschau Bild\">\n          <img loading=\"lazy\" decoding=\"async\" width=\"420\" height=\"242\" src=\"https:\/\/www.h-its.org\/de\/wp-content\/uploads\/sites\/2\/2021\/12\/MathOnco_Logo-420x242.png\" class=\"attachment-thumbnail size-thumbnail wp-post-image\" alt=\"\" 0=\"post-preview--post-thumbnail\" srcset=\"https:\/\/www.h-its.org\/de\/wp-content\/uploads\/sites\/2\/2021\/12\/MathOnco_Logo-420x242.png 420w, https:\/\/www.h-its.org\/de\/wp-content\/uploads\/sites\/2\/2021\/12\/MathOnco_Logo-2x1.png 2w\" sizes=\"auto, (max-width: 639px) 98vw, (max-width: 1199px) 64vw, 420px\" \/>      <\/a>\n  <p class=\"font-m font-normal font-primary\">Projektstart: Mathematische Onkologie in Heidelberg<\/p>\n  <div class=\"meta\">\n    <div class=\"date\">9.12.2021<\/div>\n  <\/div>\n  <div class=\"show-for-medium\">\n    <p>Ein interdisziplin\u00e4res Forschungsteam aus Heidelberg entwickelt k\u00fcnftig mathematische Modellierungen, die dabei helfen sollen, die Tumorentstehung bei erblichem Darmkrebs zu &#8230;<\/p>\n  <\/div>\n  <a href=\"https:\/\/www.h-its.org\/de\/2021\/12\/09\/projektstart-mathematische-onkologie-in-heidelberg\/\" class=\"read-more-button\">Mehr erfahren<\/a>\n<\/div>\n                    \n<div class=\"post-preview\">\n  <a href=\"https:\/\/www.h-its.org\/de\/2021\/07\/22\/die-evolution-von-dickdarmkrebs\/\" aria-label=\"Post Beitrag Vorschau Bild\">\n          <img loading=\"lazy\" decoding=\"async\" width=\"420\" height=\"242\" src=\"https:\/\/www.h-its.org\/de\/wp-content\/uploads\/sites\/2\/2021\/07\/Colon_Cancer-420x242.png\" class=\"attachment-thumbnail size-thumbnail wp-post-image\" alt=\"\" 0=\"post-preview--post-thumbnail\" srcset=\"https:\/\/www.h-its.org\/de\/wp-content\/uploads\/sites\/2\/2021\/07\/Colon_Cancer-420x242.png 420w, https:\/\/www.h-its.org\/de\/wp-content\/uploads\/sites\/2\/2021\/07\/Colon_Cancer-1x1.png 1w\" sizes=\"auto, (max-width: 639px) 98vw, (max-width: 1199px) 64vw, 420px\" \/>      <\/a>\n  <p class=\"font-m font-normal font-primary\">Computergest\u00fctzte Onkologie: Die Erforschung von Dickdarmkrebs<\/p>\n  <div class=\"meta\">\n    <div class=\"date\">22.07.2021<\/div>\n  <\/div>\n  <div class=\"show-for-medium\">\n    <p>Dickdarmkrebs ist weltweit eine der h\u00e4ufigsten Krebsarten bei M\u00e4nnern und Frauen. Aufgrund der mikroskopischen Gr\u00f6\u00dfe der Strukturen im &#8230;<\/p>\n  <\/div>\n  <a href=\"https:\/\/www.h-its.org\/de\/2021\/07\/22\/die-evolution-von-dickdarmkrebs\/\" class=\"read-more-button\">Mehr erfahren<\/a>\n<\/div>\n                    \n<div class=\"post-preview\">\n  <a href=\"https:\/\/www.h-its.org\/de\/2021\/05\/28\/krebserkennung-mit-hilfe-von-mathematik\/\" aria-label=\"Post Beitrag Vorschau Bild\">\n          <img loading=\"lazy\" decoding=\"async\" width=\"420\" height=\"242\" src=\"https:\/\/www.h-its.org\/de\/wp-content\/uploads\/sites\/2\/2021\/05\/DMQ_Colon_Cancer-scaled-420x242.jpg\" class=\"attachment-thumbnail size-thumbnail wp-post-image\" alt=\"\" 0=\"post-preview--post-thumbnail\" srcset=\"https:\/\/www.h-its.org\/de\/wp-content\/uploads\/sites\/2\/2021\/05\/DMQ_Colon_Cancer-scaled-420x242.jpg 420w, https:\/\/www.h-its.org\/de\/wp-content\/uploads\/sites\/2\/2021\/05\/DMQ_Colon_Cancer-scaled-1x1.jpg 1w\" sizes=\"auto, (max-width: 639px) 98vw, (max-width: 1199px) 64vw, 420px\" \/>      <\/a>\n  <p class=\"font-m font-normal font-primary\">Krebserkennung mit Hilfe von Mathematik<\/p>\n  <div class=\"meta\">\n    <div class=\"date\">28.05.2021<\/div>\n  <\/div>\n  <div class=\"show-for-medium\">\n    <p>Wissenschaftler\/-innen aus Heidelberg haben einen neuen Weg gefunden, die Entstehung von Krebs mit Hilfe von mathematischen Modellen nachzuverfolgen. Die Ergebnisse &#8230;<\/p>\n  <\/div>\n  <a href=\"https:\/\/www.h-its.org\/de\/2021\/05\/28\/krebserkennung-mit-hilfe-von-mathematik\/\" class=\"read-more-button\">Mehr erfahren<\/a>\n<\/div>\n                    \n<div class=\"post-preview\">\n  <a href=\"https:\/\/www.h-its.org\/de\/2020\/11\/09\/biomedisa-de\/\" aria-label=\"Post Beitrag Vorschau Bild\">\n          <img loading=\"lazy\" decoding=\"async\" width=\"420\" height=\"242\" src=\"https:\/\/www.h-its.org\/de\/wp-content\/uploads\/sites\/2\/2020\/11\/Biomedisa_fig2small-420x242.jpg\" class=\"attachment-thumbnail size-thumbnail wp-post-image\" alt=\"\" 0=\"post-preview--post-thumbnail\" srcset=\"https:\/\/www.h-its.org\/de\/wp-content\/uploads\/sites\/2\/2020\/11\/Biomedisa_fig2small-420x242.jpg 420w, https:\/\/www.h-its.org\/de\/wp-content\/uploads\/sites\/2\/2020\/11\/Biomedisa_fig2small-1x1.jpg 1w\" sizes=\"auto, (max-width: 639px) 98vw, (max-width: 1199px) 64vw, 420px\" \/>      <\/a>\n  <p class=\"font-m font-normal font-primary\">Biomedizin: viele Bilder \u2013 weniger R\u00e4tsel<\/p>\n  <div class=\"meta\">\n    <div class=\"date\">9.11.2020<\/div>\n  <\/div>\n  <div class=\"show-for-medium\">\n    <p>Manchmal ist ein Bild einfach nur ein Bild. Und manchmal gibt es dem Betrachter R\u00e4tsel auf. In vielen wissenschaftlichen Disziplinen &#8230;<\/p>\n  <\/div>\n  <a href=\"https:\/\/www.h-its.org\/de\/2020\/11\/09\/biomedisa-de\/\" class=\"read-more-button\">Mehr erfahren<\/a>\n<\/div>\n                    \n<div class=\"post-preview\">\n  <a href=\"https:\/\/www.h-its.org\/de\/2020\/09\/25\/der-berechnete-tumor\/\" aria-label=\"Post Beitrag Vorschau Bild\">\n          <img loading=\"lazy\" decoding=\"async\" width=\"420\" height=\"242\" src=\"https:\/\/www.h-its.org\/de\/wp-content\/uploads\/sites\/2\/2020\/09\/Saskia_Haupt-1-scaled-420x242.jpg\" class=\"attachment-thumbnail size-thumbnail wp-post-image\" alt=\"\" 0=\"post-preview--post-thumbnail\" srcset=\"https:\/\/www.h-its.org\/de\/wp-content\/uploads\/sites\/2\/2020\/09\/Saskia_Haupt-1-scaled-420x242.jpg 420w, https:\/\/www.h-its.org\/de\/wp-content\/uploads\/sites\/2\/2020\/09\/Saskia_Haupt-1-scaled-1x1.jpg 1w\" sizes=\"auto, (max-width: 639px) 98vw, (max-width: 1199px) 64vw, 420px\" \/>      <\/a>\n  <p class=\"font-m font-normal font-primary\">Der berechnete Tumor &#8211; Algorithmen unterst\u00fctzen die Suche nach Impfstoffen gegen Krebs<\/p>\n  <div class=\"meta\">\n    <div class=\"date\">25.09.2020<\/div>\n  <\/div>\n  <div class=\"show-for-medium\">\n    <p>B\u00f6sartige Tumoren entstehen durch Ver\u00e4nderungen des Erbguts, sogenannte Mutationen. Bei einem Teil dieser Tumoren, den Mikrosatelliten-instabilen Tumoren (kurz: MSI), &#8230;<\/p>\n  <\/div>\n  <a href=\"https:\/\/www.h-its.org\/de\/2020\/09\/25\/der-berechnete-tumor\/\" class=\"read-more-button\">Mehr erfahren<\/a>\n<\/div>\n                    \n<div class=\"post-preview\">\n  <a href=\"https:\/\/www.h-its.org\/de\/2020\/08\/06\/vincent-heuveline-heidelberger-helden\/\" aria-label=\"Post Beitrag Vorschau Bild\">\n          <img loading=\"lazy\" decoding=\"async\" width=\"420\" height=\"242\" src=\"https:\/\/www.h-its.org\/de\/wp-content\/uploads\/sites\/2\/2020\/08\/Hero-scaled-420x242.jpg\" class=\"attachment-thumbnail size-thumbnail wp-post-image\" alt=\"\" 0=\"post-preview--post-thumbnail\" srcset=\"https:\/\/www.h-its.org\/de\/wp-content\/uploads\/sites\/2\/2020\/08\/Hero-scaled-420x242.jpg 420w, https:\/\/www.h-its.org\/de\/wp-content\/uploads\/sites\/2\/2020\/08\/Hero-scaled-2x1.jpg 2w\" sizes=\"auto, (max-width: 639px) 98vw, (max-width: 1199px) 64vw, 420px\" \/>      <\/a>\n  <p class=\"font-m font-normal font-primary\">Punktlandung zum Sommersemester \u2013 HITS-Gruppenleiter Vincent Heuveline in den Kreis der \u201eHeidelberger Helden\u201c aufgenommen<\/p>\n  <div class=\"meta\">\n    <div class=\"date\">6.08.2020<\/div>\n  <\/div>\n  <div class=\"show-for-medium\">\n    <p>Laut Definition ist ein Held jemand, der sich mit Unerschrockenheit und Mut einer schweren Aufgabe stellt. F\u00fcr \u00fcber 40.000 Angeh\u00f6rige &#8230;<\/p>\n  <\/div>\n  <a href=\"https:\/\/www.h-its.org\/de\/2020\/08\/06\/vincent-heuveline-heidelberger-helden\/\" class=\"read-more-button\">Mehr erfahren<\/a>\n<\/div>\n                  <\/div>\n        <ul class='pagination text-center' aria-label='Pagination'>\n\t<li><span aria-current=\"page\" class=\" current\">1<\/a><\/li>\n\t<li><a class=\"\" href=\"https:\/\/www.h-its.org\/de\/wp-json\/wp\/v2\/pages\/2855\/page\/2\/\">2<\/a><\/li>\n\t<li><a class=\"next\" href=\"https:\/\/www.h-its.org\/de\/wp-json\/wp\/v2\/pages\/2855\/page\/2\/\">&raquo;<\/a><\/li>\n<\/ul>\n      \n  <\/div>\n","protected":false},"excerpt":{"rendered":"","protected":false},"author":3,"featured_media":40642,"parent":38,"menu_order":1,"comment_status":"closed","ping_status":"closed","template":"page-templates\/group.php","meta":{"_acf_changed":false,"inline_featured_image":false,"footnotes":""},"hits-research-group":[1290],"class_list":["post-2855","page","type-page","status-publish","has-post-thumbnail","hentry","hits-research-group-dmq-de"],"acf":[],"yoast_head":"<!-- This site is optimized with the Yoast SEO plugin v27.4 - https:\/\/yoast.com\/product\/yoast-seo-wordpress\/ -->\n<title>Aktuelles - HITS gGmbH<\/title>\n<meta name=\"robots\" content=\"index, follow, max-snippet:-1, max-image-preview:large, max-video-preview:-1\" \/>\n<link rel=\"canonical\" href=\"https:\/\/www.h-its.org\/de\/forschung\/dmq\/aktuelles\/\" \/>\n<meta property=\"og:locale\" content=\"de_DE\" \/>\n<meta property=\"og:type\" content=\"article\" \/>\n<meta property=\"og:title\" content=\"Aktuelles - HITS gGmbH\" \/>\n<meta property=\"og:url\" content=\"https:\/\/www.h-its.org\/de\/forschung\/dmq\/aktuelles\/\" \/>\n<meta property=\"og:site_name\" content=\"HITS gGmbH\" \/>\n<meta property=\"article:modified_time\" content=\"2019-06-06T11:54:15+00:00\" \/>\n<meta property=\"og:image\" content=\"https:\/\/www.h-its.org\/de\/wp-content\/uploads\/sites\/2\/2019\/12\/DMQ.jpg\" \/>\n\t<meta property=\"og:image:width\" content=\"1340\" \/>\n\t<meta property=\"og:image:height\" content=\"1340\" \/>\n\t<meta property=\"og:image:type\" content=\"image\/jpeg\" \/>\n<meta name=\"twitter:card\" content=\"summary_large_image\" \/>\n<script type=\"application\/ld+json\" class=\"yoast-schema-graph\">{\"@context\":\"https:\\\/\\\/schema.org\",\"@graph\":[{\"@type\":\"WebPage\",\"@id\":\"https:\\\/\\\/www.h-its.org\\\/de\\\/forschung\\\/dmq\\\/aktuelles\\\/\",\"url\":\"https:\\\/\\\/www.h-its.org\\\/de\\\/forschung\\\/dmq\\\/aktuelles\\\/\",\"name\":\"Aktuelles - HITS gGmbH\",\"isPartOf\":{\"@id\":\"https:\\\/\\\/www.h-its.org\\\/de\\\/#website\"},\"primaryImageOfPage\":{\"@id\":\"https:\\\/\\\/www.h-its.org\\\/de\\\/forschung\\\/dmq\\\/aktuelles\\\/#primaryimage\"},\"image\":{\"@id\":\"https:\\\/\\\/www.h-its.org\\\/de\\\/forschung\\\/dmq\\\/aktuelles\\\/#primaryimage\"},\"thumbnailUrl\":\"https:\\\/\\\/www.h-its.org\\\/de\\\/wp-content\\\/uploads\\\/sites\\\/2\\\/2019\\\/12\\\/DMQ.jpg\",\"datePublished\":\"2014-11-14T13:48:35+00:00\",\"dateModified\":\"2019-06-06T11:54:15+00:00\",\"breadcrumb\":{\"@id\":\"https:\\\/\\\/www.h-its.org\\\/de\\\/forschung\\\/dmq\\\/aktuelles\\\/#breadcrumb\"},\"inLanguage\":\"de\",\"potentialAction\":[{\"@type\":\"ReadAction\",\"target\":[\"https:\\\/\\\/www.h-its.org\\\/de\\\/forschung\\\/dmq\\\/aktuelles\\\/\"]}]},{\"@type\":\"ImageObject\",\"inLanguage\":\"de\",\"@id\":\"https:\\\/\\\/www.h-its.org\\\/de\\\/forschung\\\/dmq\\\/aktuelles\\\/#primaryimage\",\"url\":\"https:\\\/\\\/www.h-its.org\\\/de\\\/wp-content\\\/uploads\\\/sites\\\/2\\\/2019\\\/12\\\/DMQ.jpg\",\"contentUrl\":\"https:\\\/\\\/www.h-its.org\\\/de\\\/wp-content\\\/uploads\\\/sites\\\/2\\\/2019\\\/12\\\/DMQ.jpg\",\"width\":1340,\"height\":1340},{\"@type\":\"BreadcrumbList\",\"@id\":\"https:\\\/\\\/www.h-its.org\\\/de\\\/forschung\\\/dmq\\\/aktuelles\\\/#breadcrumb\",\"itemListElement\":[{\"@type\":\"ListItem\",\"position\":1,\"name\":\"Home\",\"item\":\"https:\\\/\\\/www.h-its.org\\\/de\\\/\"},{\"@type\":\"ListItem\",\"position\":2,\"name\":\"Forschung am HITS\",\"item\":\"https:\\\/\\\/www.h-its.org\\\/de\\\/forschung\\\/\"},{\"@type\":\"ListItem\",\"position\":3,\"name\":\"Data Mining and Uncertainty Quantification (DMQ)\",\"item\":\"https:\\\/\\\/www.h-its.org\\\/de\\\/forschung\\\/dmq\\\/\"},{\"@type\":\"ListItem\",\"position\":4,\"name\":\"Aktuelles\"}]},{\"@type\":\"WebSite\",\"@id\":\"https:\\\/\\\/www.h-its.org\\\/de\\\/#website\",\"url\":\"https:\\\/\\\/www.h-its.org\\\/de\\\/\",\"name\":\"HITS gGmbH\",\"description\":\"Heidelberg Institute for Theoretical Studies\",\"potentialAction\":[{\"@type\":\"SearchAction\",\"target\":{\"@type\":\"EntryPoint\",\"urlTemplate\":\"https:\\\/\\\/www.h-its.org\\\/de\\\/?s={search_term_string}\"},\"query-input\":{\"@type\":\"PropertyValueSpecification\",\"valueRequired\":true,\"valueName\":\"search_term_string\"}}],\"inLanguage\":\"de\"}]}<\/script>\n<!-- \/ Yoast SEO plugin. -->","yoast_head_json":{"title":"Aktuelles - HITS gGmbH","robots":{"index":"index","follow":"follow","max-snippet":"max-snippet:-1","max-image-preview":"max-image-preview:large","max-video-preview":"max-video-preview:-1"},"canonical":"https:\/\/www.h-its.org\/de\/forschung\/dmq\/aktuelles\/","og_locale":"de_DE","og_type":"article","og_title":"Aktuelles - HITS gGmbH","og_url":"https:\/\/www.h-its.org\/de\/forschung\/dmq\/aktuelles\/","og_site_name":"HITS gGmbH","article_modified_time":"2019-06-06T11:54:15+00:00","og_image":[{"width":1340,"height":1340,"url":"https:\/\/www.h-its.org\/de\/wp-content\/uploads\/sites\/2\/2019\/12\/DMQ.jpg","type":"image\/jpeg"}],"twitter_card":"summary_large_image","schema":{"@context":"https:\/\/schema.org","@graph":[{"@type":"WebPage","@id":"https:\/\/www.h-its.org\/de\/forschung\/dmq\/aktuelles\/","url":"https:\/\/www.h-its.org\/de\/forschung\/dmq\/aktuelles\/","name":"Aktuelles - HITS gGmbH","isPartOf":{"@id":"https:\/\/www.h-its.org\/de\/#website"},"primaryImageOfPage":{"@id":"https:\/\/www.h-its.org\/de\/forschung\/dmq\/aktuelles\/#primaryimage"},"image":{"@id":"https:\/\/www.h-its.org\/de\/forschung\/dmq\/aktuelles\/#primaryimage"},"thumbnailUrl":"https:\/\/www.h-its.org\/de\/wp-content\/uploads\/sites\/2\/2019\/12\/DMQ.jpg","datePublished":"2014-11-14T13:48:35+00:00","dateModified":"2019-06-06T11:54:15+00:00","breadcrumb":{"@id":"https:\/\/www.h-its.org\/de\/forschung\/dmq\/aktuelles\/#breadcrumb"},"inLanguage":"de","potentialAction":[{"@type":"ReadAction","target":["https:\/\/www.h-its.org\/de\/forschung\/dmq\/aktuelles\/"]}]},{"@type":"ImageObject","inLanguage":"de","@id":"https:\/\/www.h-its.org\/de\/forschung\/dmq\/aktuelles\/#primaryimage","url":"https:\/\/www.h-its.org\/de\/wp-content\/uploads\/sites\/2\/2019\/12\/DMQ.jpg","contentUrl":"https:\/\/www.h-its.org\/de\/wp-content\/uploads\/sites\/2\/2019\/12\/DMQ.jpg","width":1340,"height":1340},{"@type":"BreadcrumbList","@id":"https:\/\/www.h-its.org\/de\/forschung\/dmq\/aktuelles\/#breadcrumb","itemListElement":[{"@type":"ListItem","position":1,"name":"Home","item":"https:\/\/www.h-its.org\/de\/"},{"@type":"ListItem","position":2,"name":"Forschung am HITS","item":"https:\/\/www.h-its.org\/de\/forschung\/"},{"@type":"ListItem","position":3,"name":"Data Mining and Uncertainty Quantification (DMQ)","item":"https:\/\/www.h-its.org\/de\/forschung\/dmq\/"},{"@type":"ListItem","position":4,"name":"Aktuelles"}]},{"@type":"WebSite","@id":"https:\/\/www.h-its.org\/de\/#website","url":"https:\/\/www.h-its.org\/de\/","name":"HITS gGmbH","description":"Heidelberg Institute for Theoretical Studies","potentialAction":[{"@type":"SearchAction","target":{"@type":"EntryPoint","urlTemplate":"https:\/\/www.h-its.org\/de\/?s={search_term_string}"},"query-input":{"@type":"PropertyValueSpecification","valueRequired":true,"valueName":"search_term_string"}}],"inLanguage":"de"}]}},"publishpress_future_action":{"enabled":false,"date":"2026-04-29 01:34:19","action":"change-status","newStatus":"draft","terms":[],"taxonomy":"hits-research-group","extraData":[]},"publishpress_future_workflow_manual_trigger":{"enabledWorkflows":[]},"_links":{"self":[{"href":"https:\/\/www.h-its.org\/de\/wp-json\/wp\/v2\/pages\/2855","targetHints":{"allow":["GET"]}}],"collection":[{"href":"https:\/\/www.h-its.org\/de\/wp-json\/wp\/v2\/pages"}],"about":[{"href":"https:\/\/www.h-its.org\/de\/wp-json\/wp\/v2\/types\/page"}],"author":[{"embeddable":true,"href":"https:\/\/www.h-its.org\/de\/wp-json\/wp\/v2\/users\/3"}],"replies":[{"embeddable":true,"href":"https:\/\/www.h-its.org\/de\/wp-json\/wp\/v2\/comments?post=2855"}],"version-history":[{"count":11,"href":"https:\/\/www.h-its.org\/de\/wp-json\/wp\/v2\/pages\/2855\/revisions"}],"predecessor-version":[{"id":37238,"href":"https:\/\/www.h-its.org\/de\/wp-json\/wp\/v2\/pages\/2855\/revisions\/37238"}],"up":[{"embeddable":true,"href":"https:\/\/www.h-its.org\/de\/wp-json\/wp\/v2\/pages\/38"}],"wp:featuredmedia":[{"embeddable":true,"href":"https:\/\/www.h-its.org\/de\/wp-json\/wp\/v2\/media\/40642"}],"wp:attachment":[{"href":"https:\/\/www.h-its.org\/de\/wp-json\/wp\/v2\/media?parent=2855"}],"wp:term":[{"taxonomy":"hits-research-group","embeddable":true,"href":"https:\/\/www.h-its.org\/de\/wp-json\/wp\/v2\/hits-research-group?post=2855"}],"curies":[{"name":"wp","href":"https:\/\/api.w.org\/{rel}","templated":true}]}}