{"id":2863,"date":"2014-11-14T14:54:41","date_gmt":"2014-11-14T13:54:41","guid":{"rendered":"http:\/\/www.h-its.org\/?page_id=2863"},"modified":"2019-06-06T15:09:09","modified_gmt":"2019-06-06T13:09:09","slug":"aktuelles","status":"publish","type":"page","link":"https:\/\/www.h-its.org\/de\/forschung\/sdbv\/aktuelles\/","title":{"rendered":"Aktuelles"},"content":{"rendered":"\n  <div class=\"hits-blocks hits-news-block\">\n\n\n      \n              <div class=\"post-grid two-columns\">\n                    \n<div class=\"post-preview\">\n  <a href=\"https:\/\/www.h-its.org\/de\/2023\/02\/15\/enzymeml\/\" aria-label=\"Post Beitrag Vorschau Bild\">\n          <img loading=\"lazy\" decoding=\"async\" width=\"420\" height=\"242\" src=\"https:\/\/www.h-its.org\/de\/wp-content\/uploads\/sites\/2\/2023\/02\/06_23_enzymML-Logo-420x242.jpg\" class=\"attachment-thumbnail size-thumbnail wp-post-image\" alt=\"\" 0=\"post-preview--post-thumbnail\" srcset=\"https:\/\/www.h-its.org\/de\/wp-content\/uploads\/sites\/2\/2023\/02\/06_23_enzymML-Logo-420x242.jpg 420w, https:\/\/www.h-its.org\/de\/wp-content\/uploads\/sites\/2\/2023\/02\/06_23_enzymML-Logo-2x1.jpg 2w\" sizes=\"auto, (max-width: 639px) 98vw, (max-width: 1199px) 64vw, 420px\" \/>      <\/a>\n  <p class=\"font-m font-normal font-primary\">EnzymeML: Auf der Forschungsdatenwelle surfen<\/p>\n  <div class=\"meta\">\n    <div class=\"date\">15.02.2023<\/div>\n  <\/div>\n  <div class=\"show-for-medium\">\n    <p>Bei Experimenten zur Katalyse entstehen gro\u00dfe und komplexeDatenmengen. Diese auszuwerten und wieder zu verwenden ist eine enorme Herausforderung. Ein Team &#8230;<\/p>\n  <\/div>\n  <a href=\"https:\/\/www.h-its.org\/de\/2023\/02\/15\/enzymeml\/\" class=\"read-more-button\">Mehr erfahren<\/a>\n<\/div>\n                    \n<div class=\"post-preview\">\n  <a href=\"https:\/\/www.h-its.org\/de\/2021\/12\/22\/ulrike-wittig-elixir\/\" aria-label=\"Post Beitrag Vorschau Bild\">\n          <img loading=\"lazy\" decoding=\"async\" width=\"420\" height=\"242\" src=\"https:\/\/www.h-its.org\/de\/wp-content\/uploads\/sites\/2\/2020\/10\/Ulrike_Wittig-1-scaled-420x242.jpg\" class=\"attachment-thumbnail size-thumbnail wp-post-image\" alt=\"\" 0=\"post-preview--post-thumbnail\" srcset=\"https:\/\/www.h-its.org\/de\/wp-content\/uploads\/sites\/2\/2020\/10\/Ulrike_Wittig-1-scaled-420x242.jpg 420w, https:\/\/www.h-its.org\/de\/wp-content\/uploads\/sites\/2\/2020\/10\/Ulrike_Wittig-1-scaled-1x1.jpg 1w\" sizes=\"auto, (max-width: 639px) 98vw, (max-width: 1199px) 64vw, 420px\" \/>      <\/a>\n  <p class=\"font-m font-normal font-primary\">HITS-Forscherin in Leitungsfunktion bei ELIXIR<\/p>\n  <div class=\"meta\">\n    <div class=\"date\">22.12.2021<\/div>\n  <\/div>\n  <div class=\"show-for-medium\">\n    <p>Die HITS-Forscherin Ulrike Wittig wird Mitglied der Leitung f\u00fcr die Datenplattform der europ\u00e4ischen Biowissenschaftsorganisation ELIXIR. Das Ziel ist, eine &#8230;<\/p>\n  <\/div>\n  <a href=\"https:\/\/www.h-its.org\/de\/2021\/12\/22\/ulrike-wittig-elixir\/\" class=\"read-more-button\">Mehr erfahren<\/a>\n<\/div>\n                    \n<div class=\"post-preview\">\n  <a href=\"https:\/\/www.h-its.org\/de\/2020\/07\/16\/mehr-wissen-ueber-covid-19\/\" aria-label=\"Post Beitrag Vorschau Bild\">\n          <img loading=\"lazy\" decoding=\"async\" width=\"420\" height=\"242\" src=\"https:\/\/www.h-its.org\/de\/wp-content\/uploads\/sites\/2\/2020\/07\/corona-4938929_1920-420x242.jpg\" class=\"attachment-thumbnail size-thumbnail wp-post-image\" alt=\"\" 0=\"post-preview--post-thumbnail\" srcset=\"https:\/\/www.h-its.org\/de\/wp-content\/uploads\/sites\/2\/2020\/07\/corona-4938929_1920-420x242.jpg 420w, https:\/\/www.h-its.org\/de\/wp-content\/uploads\/sites\/2\/2020\/07\/corona-4938929_1920-3x1.jpg 3w\" sizes=\"auto, (max-width: 639px) 98vw, (max-width: 1199px) 64vw, 420px\" \/>      <\/a>\n  <p class=\"font-m font-normal font-primary\">Mehr Wissen \u00fcber COVID-19<\/p>\n  <div class=\"meta\">\n    <div class=\"date\">16.07.2020<\/div>\n  <\/div>\n  <div class=\"show-for-medium\">\n    <p>Die Deutsche Forschungsgemeinschaft (DFG) f\u00f6rdert ab sofort die \u201eTask Force COVID-19\u201c der Initiative \u201enfdi4health\u201c. Das Ziel: Fachleute sollen relevante &#8230;<\/p>\n  <\/div>\n  <a href=\"https:\/\/www.h-its.org\/de\/2020\/07\/16\/mehr-wissen-ueber-covid-19\/\" class=\"read-more-button\">Mehr erfahren<\/a>\n<\/div>\n                    \n<div class=\"post-preview\">\n  <a href=\"https:\/\/www.h-its.org\/de\/2020\/07\/16\/gesundheitsdaten-in-form-bringen\/\" aria-label=\"Post Beitrag Vorschau Bild\">\n          <img loading=\"lazy\" decoding=\"async\" width=\"420\" height=\"242\" src=\"https:\/\/www.h-its.org\/de\/wp-content\/uploads\/sites\/2\/2020\/07\/nfdi_4_health_Logo_XL-420x242.jpg\" class=\"attachment-thumbnail size-thumbnail wp-post-image\" alt=\"\" 0=\"post-preview--post-thumbnail\" srcset=\"https:\/\/www.h-its.org\/de\/wp-content\/uploads\/sites\/2\/2020\/07\/nfdi_4_health_Logo_XL-420x242.jpg 420w, https:\/\/www.h-its.org\/de\/wp-content\/uploads\/sites\/2\/2020\/07\/nfdi_4_health_Logo_XL-4x1.jpg 4w\" sizes=\"auto, (max-width: 639px) 98vw, (max-width: 1199px) 64vw, 420px\" \/>      <\/a>\n  <p class=\"font-m font-normal font-primary\">Gesundheitsdaten in Form bringen<\/p>\n  <div class=\"meta\">\n    <div class=\"date\">16.07.2020<\/div>\n  <\/div>\n  <div class=\"show-for-medium\">\n    <p>Ein multidisziplin\u00e4res Team soll in Deutschland eine Forschungsdateninfrastruktur f\u00fcr personenbezogene Gesundheitsdaten aufbauen: nfdi4health. Das Projekt wird von Bund &#8230;<\/p>\n  <\/div>\n  <a href=\"https:\/\/www.h-its.org\/de\/2020\/07\/16\/gesundheitsdaten-in-form-bringen\/\" class=\"read-more-button\">Mehr erfahren<\/a>\n<\/div>\n                    \n<div class=\"post-preview\">\n  <a href=\"https:\/\/www.h-its.org\/de\/2020\/06\/02\/aufbau-covid-19-disease-map\/\" aria-label=\"Post Beitrag Vorschau Bild\">\n          <img loading=\"lazy\" decoding=\"async\" width=\"420\" height=\"242\" src=\"https:\/\/www.h-its.org\/de\/wp-content\/uploads\/sites\/2\/2020\/06\/Data_Map-scaled-420x242.jpg\" class=\"attachment-thumbnail size-thumbnail wp-post-image\" alt=\"\" 0=\"post-preview--post-thumbnail\" srcset=\"https:\/\/www.h-its.org\/de\/wp-content\/uploads\/sites\/2\/2020\/06\/Data_Map-scaled-420x242.jpg 420w, https:\/\/www.h-its.org\/de\/wp-content\/uploads\/sites\/2\/2020\/06\/Data_Map-scaled-1x1.jpg 1w\" sizes=\"auto, (max-width: 639px) 98vw, (max-width: 1199px) 64vw, 420px\" \/>      <\/a>\n  <p class=\"font-m font-normal font-primary\">ELIXIR f\u00f6rdert Aufbau einer \u201eCOVID-19 Disease Map\u201c<\/p>\n  <div class=\"meta\">\n    <div class=\"date\">2.06.2020<\/div>\n  <\/div>\n  <div class=\"show-for-medium\">\n    <p>Am HITS entwickelte Software liefert wichtigen Baustein f\u00fcr eine Datensammlung zu Pathogen-Wirt-Interaktionen bei SARS-CoV-2. ELIXIR, das europ\u00e4ische Netzwerk f\u00fc&#8230;<\/p>\n  <\/div>\n  <a href=\"https:\/\/www.h-its.org\/de\/2020\/06\/02\/aufbau-covid-19-disease-map\/\" class=\"read-more-button\">Mehr erfahren<\/a>\n<\/div>\n                    \n<div class=\"post-preview\">\n  <a href=\"https:\/\/www.h-its.org\/de\/2019\/11\/06\/daten-visualisieren-mit-sabio-vis\/\" aria-label=\"Post Beitrag Vorschau Bild\">\n          <img loading=\"lazy\" decoding=\"async\" width=\"420\" height=\"242\" src=\"https:\/\/www.h-its.org\/de\/wp-content\/uploads\/sites\/2\/2019\/11\/SABIO-VIS-scaled-420x242.jpg\" class=\"attachment-thumbnail size-thumbnail wp-post-image\" alt=\"\" 0=\"post-preview--post-thumbnail\" srcset=\"https:\/\/www.h-its.org\/de\/wp-content\/uploads\/sites\/2\/2019\/11\/SABIO-VIS-scaled-420x242.jpg 420w, https:\/\/www.h-its.org\/de\/wp-content\/uploads\/sites\/2\/2019\/11\/SABIO-VIS-scaled-2x1.jpg 2w\" sizes=\"auto, (max-width: 639px) 98vw, (max-width: 1199px) 64vw, 420px\" \/>      <\/a>\n  <p class=\"font-m font-normal font-primary\">Daten visualisieren mit SABIO-VIS<\/p>\n  <div class=\"meta\">\n    <div class=\"date\">6.11.2019<\/div>\n  <\/div>\n  <div class=\"show-for-medium\">\n    <p>Daten sammeln und kuratieren ist in der Wissenschaft so wichtig wie nie \u2013 besonders in der Systembiologie. Sind Daten f\u00fcr andere &#8230;<\/p>\n  <\/div>\n  <a href=\"https:\/\/www.h-its.org\/de\/2019\/11\/06\/daten-visualisieren-mit-sabio-vis\/\" class=\"read-more-button\">Mehr erfahren<\/a>\n<\/div>\n                    \n<div class=\"post-preview\">\n  <a href=\"https:\/\/www.h-its.org\/de\/2019\/06\/25\/10-jahre-combine-meeting\/\" aria-label=\"Post Beitrag Vorschau Bild\">\n          <img loading=\"lazy\" decoding=\"async\" width=\"420\" height=\"242\" src=\"https:\/\/www.h-its.org\/de\/wp-content\/uploads\/sites\/2\/2019\/06\/COMBINE_Logo-420x242.jpg\" class=\"attachment-thumbnail size-thumbnail wp-post-image\" alt=\"\" 0=\"post-preview--post-thumbnail\" srcset=\"https:\/\/www.h-its.org\/de\/wp-content\/uploads\/sites\/2\/2019\/06\/COMBINE_Logo-420x242.jpg 420w, https:\/\/www.h-its.org\/de\/wp-content\/uploads\/sites\/2\/2019\/06\/COMBINE_Logo-1x1.jpg 1w\" sizes=\"auto, (max-width: 639px) 98vw, (max-width: 1199px) 64vw, 420px\" \/>      <\/a>\n  <p class=\"font-m font-normal font-primary\">10 Jahre \u201cCOMBINE\u201d Meeting<\/p>\n  <div class=\"meta\">\n    <div class=\"date\">25.06.2019<\/div>\n  <\/div>\n  <div class=\"show-for-medium\">\n    <p>Die internationale Initiative \u201eComputational Modeling in Biology Network\u201c (COMBINE) wurde vor zehn Jahren gegr\u00fcndet, um die Entwicklung verschiedener Standards und &#8230;<\/p>\n  <\/div>\n  <a href=\"https:\/\/www.h-its.org\/de\/2019\/06\/25\/10-jahre-combine-meeting\/\" class=\"read-more-button\">Mehr erfahren<\/a>\n<\/div>\n                    \n<div class=\"post-preview\">\n  <a href=\"https:\/\/www.h-its.org\/de\/2019\/03\/06\/metabolic-signaling-as-new-concept-for-breast-cancer-risk-estimation\/\" aria-label=\"Post Beitrag Vorschau Bild\">\n          <img loading=\"lazy\" decoding=\"async\" width=\"420\" height=\"242\" src=\"https:\/\/www.h-its.org\/de\/wp-content\/uploads\/sites\/2\/2019\/05\/MESI-STRAT-logo-420x242.jpg\" class=\"attachment-thumbnail size-thumbnail wp-post-image\" alt=\"\" 0=\"post-preview--post-thumbnail\" \/>      <\/a>\n  <p class=\"font-m font-normal font-primary\">Metabolische Signalwege als neues Konzept f\u00fcr die Risikoabsch\u00e4tzung bei Brustkrebs<\/p>\n  <div class=\"meta\">\n    <div class=\"date\">6.03.2019<\/div>\n  <\/div>\n  <div class=\"show-for-medium\">\n    <p>Das HITS ist Partner des internationalen Forschungskonsortiums \u201cMESI-STRAT\u201d, das die Wechselwirkungen im Stoffwechsel von Brustkrebszellen und onkogenen Signalwegen mithilfe der Systemmedizin &#8230;<\/p>\n  <\/div>\n  <a href=\"https:\/\/www.h-its.org\/de\/2019\/03\/06\/metabolic-signaling-as-new-concept-for-breast-cancer-risk-estimation\/\" class=\"read-more-button\">Mehr erfahren<\/a>\n<\/div>\n                    \n<div class=\"post-preview\">\n  <a href=\"https:\/\/www.h-its.org\/de\/2018\/05\/18\/isabel-rojas-zum-gedenken\/\" aria-label=\"Post Beitrag Vorschau Bild\">\n          <img loading=\"lazy\" decoding=\"async\" width=\"420\" height=\"242\" src=\"https:\/\/www.h-its.org\/de\/wp-content\/uploads\/sites\/2\/2018\/05\/IsabelRojas-420x242.jpg\" class=\"attachment-thumbnail size-thumbnail wp-post-image\" alt=\"\" 0=\"post-preview--post-thumbnail\" \/>      <\/a>\n  <p class=\"font-m font-normal font-primary\">Isabel Rojas zum Gedenken<\/p>\n  <div class=\"meta\">\n    <div class=\"date\">18.05.2018<\/div>\n  <\/div>\n  <div class=\"show-for-medium\">\n    <p>Am 11. Mai 2018 w\u00e4re Isabel Rojas (1968-2013) f\u00fcnfzig Jahre alt geworden. Das HITS nimmt Isabel Rojas\u00b4 50. Geburtstag zum Anlass, ihrer &#8230;<\/p>\n  <\/div>\n  <a href=\"https:\/\/www.h-its.org\/de\/2018\/05\/18\/isabel-rojas-zum-gedenken\/\" class=\"read-more-button\">Mehr erfahren<\/a>\n<\/div>\n                    \n<div class=\"post-preview\">\n  <a href=\"https:\/\/www.h-its.org\/de\/2016\/06\/06\/cfp-mpeg-and-iso\/\" aria-label=\"Post Beitrag Vorschau Bild\">\n          <img loading=\"lazy\" decoding=\"async\" width=\"420\" height=\"242\" src=\"https:\/\/www.h-its.org\/de\/wp-content\/uploads\/sites\/2\/2016\/06\/Life_Science-420x242.jpg\" class=\"attachment-thumbnail size-thumbnail wp-post-image\" alt=\"\" 0=\"post-preview--post-thumbnail\" srcset=\"https:\/\/www.h-its.org\/de\/wp-content\/uploads\/sites\/2\/2016\/06\/Life_Science-420x242.jpg 420w, https:\/\/www.h-its.org\/de\/wp-content\/uploads\/sites\/2\/2016\/06\/Life_Science-2x1.jpg 2w\" sizes=\"auto, (max-width: 639px) 98vw, (max-width: 1199px) 64vw, 420px\" \/>      <\/a>\n  <p class=\"font-m font-normal font-primary\">Call for Proposals for Genomic Information Compression and Storage<\/p>\n  <div class=\"meta\">\n    <div class=\"date\">6.06.2016<\/div>\n  <\/div>\n  <div class=\"show-for-medium\">\n    <p>MPEG Issues Genomic Information Compression and Storage Joint Call for Proposals in Conjunction with ISO\/TC 276\/WG5 The introduction of high-throughput &#8230;<\/p>\n  <\/div>\n  <a href=\"https:\/\/www.h-its.org\/de\/2016\/06\/06\/cfp-mpeg-and-iso\/\" class=\"read-more-button\">Mehr erfahren<\/a>\n<\/div>\n                  <\/div>\n        <ul class='pagination text-center' aria-label='Pagination'>\n\t<li><span aria-current=\"page\" class=\" current\">1<\/a><\/li>\n\t<li><a class=\"\" href=\"https:\/\/www.h-its.org\/de\/wp-json\/wp\/v2\/pages\/2863\/page\/2\/\">2<\/a><\/li>\n\t<li><a class=\"next\" href=\"https:\/\/www.h-its.org\/de\/wp-json\/wp\/v2\/pages\/2863\/page\/2\/\">&raquo;<\/a><\/li>\n<\/ul>\n      \n  <\/div>\n","protected":false},"excerpt":{"rendered":"","protected":false},"author":3,"featured_media":40662,"parent":48,"menu_order":1,"comment_status":"closed","ping_status":"closed","template":"page-templates\/group.php","meta":{"_acf_changed":false,"inline_featured_image":false,"footnotes":""},"hits-research-group":[1304],"class_list":["post-2863","page","type-page","status-publish","has-post-thumbnail","hentry","hits-research-group-sdbv-de"],"acf":[],"yoast_head":"<!-- This site is optimized with the Yoast SEO plugin v27.4 - https:\/\/yoast.com\/product\/yoast-seo-wordpress\/ -->\n<title>Aktuelles - HITS gGmbH<\/title>\n<meta name=\"robots\" content=\"index, follow, max-snippet:-1, max-image-preview:large, max-video-preview:-1\" \/>\n<link rel=\"canonical\" href=\"https:\/\/www.h-its.org\/de\/forschung\/sdbv\/aktuelles\/\" \/>\n<meta property=\"og:locale\" content=\"de_DE\" \/>\n<meta property=\"og:type\" content=\"article\" \/>\n<meta property=\"og:title\" content=\"Aktuelles - HITS gGmbH\" \/>\n<meta property=\"og:url\" content=\"https:\/\/www.h-its.org\/de\/forschung\/sdbv\/aktuelles\/\" \/>\n<meta property=\"og:site_name\" content=\"HITS gGmbH\" \/>\n<meta property=\"article:modified_time\" content=\"2019-06-06T13:09:09+00:00\" \/>\n<meta property=\"og:image\" content=\"https:\/\/www.h-its.org\/de\/wp-content\/uploads\/sites\/2\/2019\/12\/SDBV-title.jpg\" \/>\n\t<meta property=\"og:image:width\" content=\"1340\" \/>\n\t<meta property=\"og:image:height\" content=\"1340\" \/>\n\t<meta property=\"og:image:type\" content=\"image\/jpeg\" \/>\n<meta name=\"twitter:card\" content=\"summary_large_image\" \/>\n<script type=\"application\/ld+json\" class=\"yoast-schema-graph\">{\"@context\":\"https:\\\/\\\/schema.org\",\"@graph\":[{\"@type\":\"WebPage\",\"@id\":\"https:\\\/\\\/www.h-its.org\\\/de\\\/forschung\\\/sdbv\\\/aktuelles\\\/\",\"url\":\"https:\\\/\\\/www.h-its.org\\\/de\\\/forschung\\\/sdbv\\\/aktuelles\\\/\",\"name\":\"Aktuelles - HITS gGmbH\",\"isPartOf\":{\"@id\":\"https:\\\/\\\/www.h-its.org\\\/de\\\/#website\"},\"primaryImageOfPage\":{\"@id\":\"https:\\\/\\\/www.h-its.org\\\/de\\\/forschung\\\/sdbv\\\/aktuelles\\\/#primaryimage\"},\"image\":{\"@id\":\"https:\\\/\\\/www.h-its.org\\\/de\\\/forschung\\\/sdbv\\\/aktuelles\\\/#primaryimage\"},\"thumbnailUrl\":\"https:\\\/\\\/www.h-its.org\\\/de\\\/wp-content\\\/uploads\\\/sites\\\/2\\\/2019\\\/12\\\/SDBV-title.jpg\",\"datePublished\":\"2014-11-14T13:54:41+00:00\",\"dateModified\":\"2019-06-06T13:09:09+00:00\",\"breadcrumb\":{\"@id\":\"https:\\\/\\\/www.h-its.org\\\/de\\\/forschung\\\/sdbv\\\/aktuelles\\\/#breadcrumb\"},\"inLanguage\":\"de\",\"potentialAction\":[{\"@type\":\"ReadAction\",\"target\":[\"https:\\\/\\\/www.h-its.org\\\/de\\\/forschung\\\/sdbv\\\/aktuelles\\\/\"]}]},{\"@type\":\"ImageObject\",\"inLanguage\":\"de\",\"@id\":\"https:\\\/\\\/www.h-its.org\\\/de\\\/forschung\\\/sdbv\\\/aktuelles\\\/#primaryimage\",\"url\":\"https:\\\/\\\/www.h-its.org\\\/de\\\/wp-content\\\/uploads\\\/sites\\\/2\\\/2019\\\/12\\\/SDBV-title.jpg\",\"contentUrl\":\"https:\\\/\\\/www.h-its.org\\\/de\\\/wp-content\\\/uploads\\\/sites\\\/2\\\/2019\\\/12\\\/SDBV-title.jpg\",\"width\":1340,\"height\":1340},{\"@type\":\"BreadcrumbList\",\"@id\":\"https:\\\/\\\/www.h-its.org\\\/de\\\/forschung\\\/sdbv\\\/aktuelles\\\/#breadcrumb\",\"itemListElement\":[{\"@type\":\"ListItem\",\"position\":1,\"name\":\"Home\",\"item\":\"https:\\\/\\\/www.h-its.org\\\/de\\\/\"},{\"@type\":\"ListItem\",\"position\":2,\"name\":\"Forschung am HITS\",\"item\":\"https:\\\/\\\/www.h-its.org\\\/de\\\/forschung\\\/\"},{\"@type\":\"ListItem\",\"position\":3,\"name\":\"Scientific Databases and Visualization (SDBV)\",\"item\":\"https:\\\/\\\/www.h-its.org\\\/de\\\/forschung\\\/sdbv\\\/\"},{\"@type\":\"ListItem\",\"position\":4,\"name\":\"Aktuelles\"}]},{\"@type\":\"WebSite\",\"@id\":\"https:\\\/\\\/www.h-its.org\\\/de\\\/#website\",\"url\":\"https:\\\/\\\/www.h-its.org\\\/de\\\/\",\"name\":\"HITS gGmbH\",\"description\":\"Heidelberg Institute for Theoretical Studies\",\"potentialAction\":[{\"@type\":\"SearchAction\",\"target\":{\"@type\":\"EntryPoint\",\"urlTemplate\":\"https:\\\/\\\/www.h-its.org\\\/de\\\/?s={search_term_string}\"},\"query-input\":{\"@type\":\"PropertyValueSpecification\",\"valueRequired\":true,\"valueName\":\"search_term_string\"}}],\"inLanguage\":\"de\"}]}<\/script>\n<!-- \/ Yoast SEO plugin. -->","yoast_head_json":{"title":"Aktuelles - HITS gGmbH","robots":{"index":"index","follow":"follow","max-snippet":"max-snippet:-1","max-image-preview":"max-image-preview:large","max-video-preview":"max-video-preview:-1"},"canonical":"https:\/\/www.h-its.org\/de\/forschung\/sdbv\/aktuelles\/","og_locale":"de_DE","og_type":"article","og_title":"Aktuelles - HITS gGmbH","og_url":"https:\/\/www.h-its.org\/de\/forschung\/sdbv\/aktuelles\/","og_site_name":"HITS gGmbH","article_modified_time":"2019-06-06T13:09:09+00:00","og_image":[{"width":1340,"height":1340,"url":"https:\/\/www.h-its.org\/de\/wp-content\/uploads\/sites\/2\/2019\/12\/SDBV-title.jpg","type":"image\/jpeg"}],"twitter_card":"summary_large_image","schema":{"@context":"https:\/\/schema.org","@graph":[{"@type":"WebPage","@id":"https:\/\/www.h-its.org\/de\/forschung\/sdbv\/aktuelles\/","url":"https:\/\/www.h-its.org\/de\/forschung\/sdbv\/aktuelles\/","name":"Aktuelles - HITS gGmbH","isPartOf":{"@id":"https:\/\/www.h-its.org\/de\/#website"},"primaryImageOfPage":{"@id":"https:\/\/www.h-its.org\/de\/forschung\/sdbv\/aktuelles\/#primaryimage"},"image":{"@id":"https:\/\/www.h-its.org\/de\/forschung\/sdbv\/aktuelles\/#primaryimage"},"thumbnailUrl":"https:\/\/www.h-its.org\/de\/wp-content\/uploads\/sites\/2\/2019\/12\/SDBV-title.jpg","datePublished":"2014-11-14T13:54:41+00:00","dateModified":"2019-06-06T13:09:09+00:00","breadcrumb":{"@id":"https:\/\/www.h-its.org\/de\/forschung\/sdbv\/aktuelles\/#breadcrumb"},"inLanguage":"de","potentialAction":[{"@type":"ReadAction","target":["https:\/\/www.h-its.org\/de\/forschung\/sdbv\/aktuelles\/"]}]},{"@type":"ImageObject","inLanguage":"de","@id":"https:\/\/www.h-its.org\/de\/forschung\/sdbv\/aktuelles\/#primaryimage","url":"https:\/\/www.h-its.org\/de\/wp-content\/uploads\/sites\/2\/2019\/12\/SDBV-title.jpg","contentUrl":"https:\/\/www.h-its.org\/de\/wp-content\/uploads\/sites\/2\/2019\/12\/SDBV-title.jpg","width":1340,"height":1340},{"@type":"BreadcrumbList","@id":"https:\/\/www.h-its.org\/de\/forschung\/sdbv\/aktuelles\/#breadcrumb","itemListElement":[{"@type":"ListItem","position":1,"name":"Home","item":"https:\/\/www.h-its.org\/de\/"},{"@type":"ListItem","position":2,"name":"Forschung am HITS","item":"https:\/\/www.h-its.org\/de\/forschung\/"},{"@type":"ListItem","position":3,"name":"Scientific Databases and Visualization (SDBV)","item":"https:\/\/www.h-its.org\/de\/forschung\/sdbv\/"},{"@type":"ListItem","position":4,"name":"Aktuelles"}]},{"@type":"WebSite","@id":"https:\/\/www.h-its.org\/de\/#website","url":"https:\/\/www.h-its.org\/de\/","name":"HITS gGmbH","description":"Heidelberg Institute for Theoretical Studies","potentialAction":[{"@type":"SearchAction","target":{"@type":"EntryPoint","urlTemplate":"https:\/\/www.h-its.org\/de\/?s={search_term_string}"},"query-input":{"@type":"PropertyValueSpecification","valueRequired":true,"valueName":"search_term_string"}}],"inLanguage":"de"}]}},"publishpress_future_action":{"enabled":false,"date":"2026-05-01 12:58:38","action":"change-status","newStatus":"draft","terms":[],"taxonomy":"hits-research-group","extraData":[]},"publishpress_future_workflow_manual_trigger":{"enabledWorkflows":[]},"_links":{"self":[{"href":"https:\/\/www.h-its.org\/de\/wp-json\/wp\/v2\/pages\/2863","targetHints":{"allow":["GET"]}}],"collection":[{"href":"https:\/\/www.h-its.org\/de\/wp-json\/wp\/v2\/pages"}],"about":[{"href":"https:\/\/www.h-its.org\/de\/wp-json\/wp\/v2\/types\/page"}],"author":[{"embeddable":true,"href":"https:\/\/www.h-its.org\/de\/wp-json\/wp\/v2\/users\/3"}],"replies":[{"embeddable":true,"href":"https:\/\/www.h-its.org\/de\/wp-json\/wp\/v2\/comments?post=2863"}],"version-history":[{"count":14,"href":"https:\/\/www.h-its.org\/de\/wp-json\/wp\/v2\/pages\/2863\/revisions"}],"predecessor-version":[{"id":37325,"href":"https:\/\/www.h-its.org\/de\/wp-json\/wp\/v2\/pages\/2863\/revisions\/37325"}],"up":[{"embeddable":true,"href":"https:\/\/www.h-its.org\/de\/wp-json\/wp\/v2\/pages\/48"}],"wp:featuredmedia":[{"embeddable":true,"href":"https:\/\/www.h-its.org\/de\/wp-json\/wp\/v2\/media\/40662"}],"wp:attachment":[{"href":"https:\/\/www.h-its.org\/de\/wp-json\/wp\/v2\/media?parent=2863"}],"wp:term":[{"taxonomy":"hits-research-group","embeddable":true,"href":"https:\/\/www.h-its.org\/de\/wp-json\/wp\/v2\/hits-research-group?post=2863"}],"curies":[{"name":"wp","href":"https:\/\/api.w.org\/{rel}","templated":true}]}}