{"id":2894,"date":"2014-11-17T11:37:39","date_gmt":"2014-11-17T10:37:39","guid":{"rendered":"http:\/\/www.h-its.org\/?page_id=2894"},"modified":"2019-06-06T13:49:56","modified_gmt":"2019-06-06T11:49:56","slug":"aktuelles","status":"publish","type":"page","link":"https:\/\/www.h-its.org\/de\/forschung\/cme\/aktuelles\/","title":{"rendered":"Aktuelles"},"content":{"rendered":"\n  <div class=\"hits-blocks hits-news-block\">\n\n\n      \n              <div class=\"post-grid two-columns\">\n                    \n<div class=\"post-preview\">\n  <a href=\"https:\/\/www.h-its.org\/de\/2025\/11\/12\/stamatakis-highly-cited-2025\/\" aria-label=\"Post Beitrag Vorschau Bild\">\n          <img loading=\"lazy\" decoding=\"async\" width=\"420\" height=\"242\" src=\"https:\/\/www.h-its.org\/de\/wp-content\/uploads\/sites\/2\/2023\/11\/Stamatakis_TdoT_121438_-420x242.png\" class=\"attachment-thumbnail size-thumbnail wp-post-image\" alt=\"Stamatakis\" 0=\"post-preview--post-thumbnail\" srcset=\"https:\/\/www.h-its.org\/de\/wp-content\/uploads\/sites\/2\/2023\/11\/Stamatakis_TdoT_121438_-420x242.png 420w, https:\/\/www.h-its.org\/de\/wp-content\/uploads\/sites\/2\/2023\/11\/Stamatakis_TdoT_121438_-1x1.png 1w\" sizes=\"auto, (max-width: 639px) 98vw, (max-width: 1199px) 64vw, 420px\" \/>      <\/a>\n  <p class=\"font-m font-normal font-primary\">Stammb\u00e4ume, Biodiversit\u00e4t und Forschungspolitik: \u201eHighly Cited Researcher\u201c am HITS<\/p>\n  <div class=\"meta\">\n    <div class=\"date\">12.11.2025<\/div>\n  <\/div>\n  <div class=\"show-for-medium\">\n    <p>Zum zehnten Mal hintereinander z\u00e4hlt der Informatiker Alexandros Stamatakis vom Heidelberger Institut f\u00fcr Theoretische Studien (HITS) zu den am &#8230;<\/p>\n  <\/div>\n  <a href=\"https:\/\/www.h-its.org\/de\/2025\/11\/12\/stamatakis-highly-cited-2025\/\" class=\"read-more-button\">Mehr erfahren<\/a>\n<\/div>\n                    \n<div class=\"post-preview\">\n  <a href=\"https:\/\/www.h-its.org\/de\/2024\/12\/11\/kit-ehrenabend\/\" aria-label=\"Post Beitrag Vorschau Bild\">\n          <img loading=\"lazy\" decoding=\"async\" width=\"420\" height=\"242\" src=\"https:\/\/www.h-its.org\/de\/wp-content\/uploads\/sites\/2\/2024\/12\/20241128_JW_TG_AS_Ehrenabend-420x242.png\" class=\"attachment-thumbnail size-thumbnail wp-post-image\" alt=\"\" 0=\"post-preview--post-thumbnail\" srcset=\"https:\/\/www.h-its.org\/de\/wp-content\/uploads\/sites\/2\/2024\/12\/20241128_JW_TG_AS_Ehrenabend-420x242.png 420w, https:\/\/www.h-its.org\/de\/wp-content\/uploads\/sites\/2\/2024\/12\/20241128_JW_TG_AS_Ehrenabend-2x1.png 2w\" sizes=\"auto, (max-width: 639px) 98vw, (max-width: 1199px) 64vw, 420px\" \/>      <\/a>\n  <p class=\"font-m font-normal font-primary\">KIT-\u201eEhrenabend\u201c: Auszeichnung f\u00fcr zwei HITS-Gruppenleiter<\/p>\n  <div class=\"meta\">\n    <div class=\"date\">11.12.2024<\/div>\n  <\/div>\n  <div class=\"show-for-medium\">\n    <p>Beim \u201eEhrenabend\u201c des Karlsruher Instituts f\u00fcr Technologie (KIT) Ende November w\u00fcrdigte das Pr\u00e4sidium des KIT wissenschaftliche Leistungen und &#8230;<\/p>\n  <\/div>\n  <a href=\"https:\/\/www.h-its.org\/de\/2024\/12\/11\/kit-ehrenabend\/\" class=\"read-more-button\">Mehr erfahren<\/a>\n<\/div>\n                    \n<div class=\"post-preview\">\n  <a href=\"https:\/\/www.h-its.org\/de\/2024\/11\/20\/stamatakis-highly-cited-2024\/\" aria-label=\"Post Beitrag Vorschau Bild\">\n          <img loading=\"lazy\" decoding=\"async\" width=\"420\" height=\"242\" src=\"https:\/\/www.h-its.org\/de\/wp-content\/uploads\/sites\/2\/2023\/11\/Stamatakis_TdoT_121438_-420x242.png\" class=\"attachment-thumbnail size-thumbnail wp-post-image\" alt=\"Stamatakis\" 0=\"post-preview--post-thumbnail\" srcset=\"https:\/\/www.h-its.org\/de\/wp-content\/uploads\/sites\/2\/2023\/11\/Stamatakis_TdoT_121438_-420x242.png 420w, https:\/\/www.h-its.org\/de\/wp-content\/uploads\/sites\/2\/2023\/11\/Stamatakis_TdoT_121438_-1x1.png 1w\" sizes=\"auto, (max-width: 639px) 98vw, (max-width: 1199px) 64vw, 420px\" \/>      <\/a>\n  <p class=\"font-m font-normal font-primary\">Biodiversit\u00e4t und Stammbaum der V\u00f6gel: \u201eHighly Cited Researcher\u201c am HITS<\/p>\n  <div class=\"meta\">\n    <div class=\"date\">20.11.2024<\/div>\n  <\/div>\n  <div class=\"show-for-medium\">\n    <p>Zum neunten Mal hintereinander z\u00e4hlt der Informatiker Alexandros Stamatakis vom Heidelberger Institut f\u00fcr Theoretische Studien (HITS) zu den am &#8230;<\/p>\n  <\/div>\n  <a href=\"https:\/\/www.h-its.org\/de\/2024\/11\/20\/stamatakis-highly-cited-2024\/\" class=\"read-more-button\">Mehr erfahren<\/a>\n<\/div>\n                    \n<div class=\"post-preview\">\n  <a href=\"https:\/\/www.h-its.org\/de\/2024\/04\/04\/evolution-voegel\/\" aria-label=\"Post Beitrag Vorschau Bild\">\n          <img loading=\"lazy\" decoding=\"async\" width=\"420\" height=\"242\" src=\"https:\/\/www.h-its.org\/de\/wp-content\/uploads\/sites\/2\/2024\/04\/Stiller_diversity-11-00115-g001-420x242.png\" class=\"attachment-thumbnail size-thumbnail wp-post-image\" alt=\"\" 0=\"post-preview--post-thumbnail\" srcset=\"https:\/\/www.h-its.org\/de\/wp-content\/uploads\/sites\/2\/2024\/04\/Stiller_diversity-11-00115-g001-420x242.png 420w, https:\/\/www.h-its.org\/de\/wp-content\/uploads\/sites\/2\/2024\/04\/Stiller_diversity-11-00115-g001-1x1.png 1w\" sizes=\"auto, (max-width: 639px) 98vw, (max-width: 1199px) 64vw, 420px\" \/>      <\/a>\n  <p class=\"font-m font-normal font-primary\">Mit Algorithmen: Die Evolution der V\u00f6gel besser verstehen<\/p>\n  <div class=\"meta\">\n    <div class=\"date\">4.04.2024<\/div>\n  <\/div>\n  <div class=\"show-for-medium\">\n    <p>Im Jahr 2014 erschien im Fachjournal \u201eScience\u201c ein Artikel \u00fcber den Stammbaum der V\u00f6gel, in dem Algorithmen und Supercomputer eine wichtige &#8230;<\/p>\n  <\/div>\n  <a href=\"https:\/\/www.h-its.org\/de\/2024\/04\/04\/evolution-voegel\/\" class=\"read-more-button\">Mehr erfahren<\/a>\n<\/div>\n                    \n<div class=\"post-preview\">\n  <a href=\"https:\/\/www.h-its.org\/de\/2023\/11\/22\/stamatakis-highly-cited-2023\/\" aria-label=\"Post Beitrag Vorschau Bild\">\n          <img loading=\"lazy\" decoding=\"async\" width=\"420\" height=\"242\" src=\"https:\/\/www.h-its.org\/de\/wp-content\/uploads\/sites\/2\/2023\/11\/Stamatakis_TdoT_121438_-420x242.png\" class=\"attachment-thumbnail size-thumbnail wp-post-image\" alt=\"Stamatakis\" 0=\"post-preview--post-thumbnail\" srcset=\"https:\/\/www.h-its.org\/de\/wp-content\/uploads\/sites\/2\/2023\/11\/Stamatakis_TdoT_121438_-420x242.png 420w, https:\/\/www.h-its.org\/de\/wp-content\/uploads\/sites\/2\/2023\/11\/Stamatakis_TdoT_121438_-1x1.png 1w\" sizes=\"auto, (max-width: 639px) 98vw, (max-width: 1199px) 64vw, 420px\" \/>      <\/a>\n  <p class=\"font-m font-normal font-primary\">Stammb\u00e4ume und Biodiversit\u00e4t: \u201eHighly Cited Researcher\u201c am HITS<\/p>\n  <div class=\"meta\">\n    <div class=\"date\">22.11.2023<\/div>\n  <\/div>\n  <div class=\"show-for-medium\">\n    <p>Zum achten Mal hintereinander z\u00e4hlt der Informatiker Alexandros Stamatakis vom Heidelberger Institut f\u00fcr Theoretische Studien (HITS) zu den am &#8230;<\/p>\n  <\/div>\n  <a href=\"https:\/\/www.h-its.org\/de\/2023\/11\/22\/stamatakis-highly-cited-2023\/\" class=\"read-more-button\">Mehr erfahren<\/a>\n<\/div>\n                    \n<div class=\"post-preview\">\n  <a href=\"https:\/\/www.h-its.org\/de\/2022\/12\/14\/campus-report-stamatakis-fussball\/\" aria-label=\"Post Beitrag Vorschau Bild\">\n          <img loading=\"lazy\" decoding=\"async\" width=\"420\" height=\"242\" src=\"https:\/\/www.h-its.org\/de\/wp-content\/uploads\/sites\/2\/2021\/06\/2021_EM_Prediction-scaled-420x242.jpg\" class=\"attachment-thumbnail size-thumbnail wp-post-image\" alt=\"\" 0=\"post-preview--post-thumbnail\" srcset=\"https:\/\/www.h-its.org\/de\/wp-content\/uploads\/sites\/2\/2021\/06\/2021_EM_Prediction-scaled-420x242.jpg 420w, https:\/\/www.h-its.org\/de\/wp-content\/uploads\/sites\/2\/2021\/06\/2021_EM_Prediction-scaled-2x1.jpg 2w\" sizes=\"auto, (max-width: 639px) 98vw, (max-width: 1199px) 64vw, 420px\" \/>      <\/a>\n  <p class=\"font-m font-normal font-primary\">Im Campus Report: Wie wahrscheinlich sind Prognosen bei der Fu\u00dfball-WM?<\/p>\n  <div class=\"meta\">\n    <div class=\"date\">14.12.2022<\/div>\n  <\/div>\n  <div class=\"show-for-medium\">\n    <p>Reden wir nicht \u00fcber die Fu\u00dfball-WM. Oder zumindest nicht \u00fcber die Teams und die Trikots und Tore und das alles. &#8230;<\/p>\n  <\/div>\n  <a href=\"https:\/\/www.h-its.org\/de\/2022\/12\/14\/campus-report-stamatakis-fussball\/\" class=\"read-more-button\">Mehr erfahren<\/a>\n<\/div>\n                    \n<div class=\"post-preview\">\n  <a href=\"https:\/\/www.h-its.org\/de\/2022\/11\/30\/campus-report-stamatakis-kreta\/\" aria-label=\"Post Beitrag Vorschau Bild\">\n          <img loading=\"lazy\" decoding=\"async\" width=\"420\" height=\"242\" src=\"https:\/\/www.h-its.org\/de\/wp-content\/uploads\/sites\/2\/2022\/11\/dscn0400-420x242.jpg\" class=\"attachment-thumbnail size-thumbnail wp-post-image\" alt=\"\" 0=\"post-preview--post-thumbnail\" srcset=\"https:\/\/www.h-its.org\/de\/wp-content\/uploads\/sites\/2\/2022\/11\/dscn0400-420x242.jpg 420w, https:\/\/www.h-its.org\/de\/wp-content\/uploads\/sites\/2\/2022\/11\/dscn0400-1x1.jpg 1w\" sizes=\"auto, (max-width: 639px) 98vw, (max-width: 1199px) 64vw, 420px\" \/>      <\/a>\n  <p class=\"font-m font-normal font-primary\">Im Campus Report: Biodiversit\u00e4t und Informatik<\/p>\n  <div class=\"meta\">\n    <div class=\"date\">30.11.2022<\/div>\n  <\/div>\n  <div class=\"show-for-medium\">\n    <p>Biologische Vielfalt macht das Leben auf der Erde lebenswert. Unterschiedliche Arten von Pflanzen und Tieren, faszinierende \u00d6kosysteme &#8211; das ist nicht nur &#8230;<\/p>\n  <\/div>\n  <a href=\"https:\/\/www.h-its.org\/de\/2022\/11\/30\/campus-report-stamatakis-kreta\/\" class=\"read-more-button\">Mehr erfahren<\/a>\n<\/div>\n                    \n<div class=\"post-preview\">\n  <a href=\"https:\/\/www.h-its.org\/de\/2022\/11\/16\/stamatakis-highly-cited\/\" aria-label=\"Post Beitrag Vorschau Bild\">\n          <img loading=\"lazy\" decoding=\"async\" width=\"420\" height=\"242\" src=\"https:\/\/www.h-its.org\/de\/wp-content\/uploads\/sites\/2\/2014\/12\/AlexisStamatakis2011_01-420x242.jpg\" class=\"attachment-thumbnail size-thumbnail wp-post-image\" alt=\"\" 0=\"post-preview--post-thumbnail\" \/>      <\/a>\n  <p class=\"font-m font-normal font-primary\">Auch in diesem Jahr: \u201eHighly Cited Researcher\u201c am HITS<\/p>\n  <div class=\"meta\">\n    <div class=\"date\">16.11.2022<\/div>\n  <\/div>\n  <div class=\"show-for-medium\">\n    <p>Zum siebten Mal hintereinander z\u00e4hlt der Informatiker Alexandros Stamatakis vom Heidelberger Institut f\u00fcr Theoretische Studien (HITS)zu den am &#8230;<\/p>\n  <\/div>\n  <a href=\"https:\/\/www.h-its.org\/de\/2022\/11\/16\/stamatakis-highly-cited\/\" class=\"read-more-button\">Mehr erfahren<\/a>\n<\/div>\n                    \n<div class=\"post-preview\">\n  <a href=\"https:\/\/www.h-its.org\/de\/2022\/11\/10\/era-chair-stamatakis\/\" aria-label=\"Post Beitrag Vorschau Bild\">\n          <img loading=\"lazy\" decoding=\"async\" width=\"420\" height=\"242\" src=\"https:\/\/www.h-its.org\/de\/wp-content\/uploads\/sites\/2\/2022\/10\/dscn0512-420x242.jpg\" class=\"attachment-thumbnail size-thumbnail wp-post-image\" alt=\"\" 0=\"post-preview--post-thumbnail\" srcset=\"https:\/\/www.h-its.org\/de\/wp-content\/uploads\/sites\/2\/2022\/10\/dscn0512-420x242.jpg 420w, https:\/\/www.h-its.org\/de\/wp-content\/uploads\/sites\/2\/2022\/10\/dscn0512-1x1.jpg 1w\" sizes=\"auto, (max-width: 639px) 98vw, (max-width: 1199px) 64vw, 420px\" \/>      <\/a>\n  <p class=\"font-m font-normal font-primary\">Europ\u00e4ische Forschung: Wie Biodiversit\u00e4t im \u201eHotspot\u201c Kreta neu berechnet wird<\/p>\n  <div class=\"meta\">\n    <div class=\"date\">10.11.2022<\/div>\n  <\/div>\n  <div class=\"show-for-medium\">\n    <p>Der Bioinformatiker Alexandros Stamatakis (HITS Heidelberg und KIT Karlsruhe) erh\u00e4lt von der Europ\u00e4ischen Kommission Mittel in H\u00f6he von 2,4 &#8230;<\/p>\n  <\/div>\n  <a href=\"https:\/\/www.h-its.org\/de\/2022\/11\/10\/era-chair-stamatakis\/\" class=\"read-more-button\">Mehr erfahren<\/a>\n<\/div>\n                    \n<div class=\"post-preview\">\n  <a href=\"https:\/\/www.h-its.org\/de\/2022\/08\/12\/stamatakis-talk-openday\/\" aria-label=\"Post Beitrag Vorschau Bild\">\n          <img loading=\"lazy\" decoding=\"async\" width=\"420\" height=\"242\" src=\"https:\/\/www.h-its.org\/de\/wp-content\/uploads\/sites\/2\/2022\/08\/Alexi_YT-420x242.png\" class=\"attachment-thumbnail size-thumbnail wp-post-image\" alt=\"\" 0=\"post-preview--post-thumbnail\" srcset=\"https:\/\/www.h-its.org\/de\/wp-content\/uploads\/sites\/2\/2022\/08\/Alexi_YT-420x242.png 420w, https:\/\/www.h-its.org\/de\/wp-content\/uploads\/sites\/2\/2022\/08\/Alexi_YT-2x1.png 2w\" sizes=\"auto, (max-width: 639px) 98vw, (max-width: 1199px) 64vw, 420px\" \/>      <\/a>\n  <p class=\"font-m font-normal font-primary\">Auf YouTube: &#8222;Stammbaum trifft Fu\u00dfball und die starke Macht des Zufalls&#8220;<\/p>\n  <div class=\"meta\">\n    <div class=\"date\">12.08.2022<\/div>\n  <\/div>\n  <div class=\"show-for-medium\">\n    <p>Vortrag von HITS-Gruppenleiter Alexandros Stamatakis am Tag der offenen T\u00fcr 2022 ist online. Im Fu\u00dfball sind Eliminationsturniere spannender als eine &#8230;<\/p>\n  <\/div>\n  <a href=\"https:\/\/www.h-its.org\/de\/2022\/08\/12\/stamatakis-talk-openday\/\" class=\"read-more-button\">Mehr erfahren<\/a>\n<\/div>\n                  <\/div>\n        <ul class='pagination text-center' aria-label='Pagination'>\n\t<li><span aria-current=\"page\" class=\" current\">1<\/a><\/li>\n\t<li><a class=\"\" href=\"https:\/\/www.h-its.org\/de\/wp-json\/wp\/v2\/pages\/2894\/page\/2\/\">2<\/a><\/li>\n\t<li><a class=\"\" href=\"https:\/\/www.h-its.org\/de\/wp-json\/wp\/v2\/pages\/2894\/page\/3\/\">3<\/a><\/li>\n\t<li><a class=\"\" href=\"https:\/\/www.h-its.org\/de\/wp-json\/wp\/v2\/pages\/2894\/page\/4\/\">4<\/a><\/li>\n\t<li><a class=\"\" href=\"https:\/\/www.h-its.org\/de\/wp-json\/wp\/v2\/pages\/2894\/page\/5\/\">5<\/a><\/li>\n\t<li><a class=\"next\" href=\"https:\/\/www.h-its.org\/de\/wp-json\/wp\/v2\/pages\/2894\/page\/2\/\">&raquo;<\/a><\/li>\n<\/ul>\n      \n  <\/div>\n","protected":false},"excerpt":{"rendered":"","protected":false},"author":3,"featured_media":40636,"parent":46,"menu_order":1,"comment_status":"closed","ping_status":"closed","template":"page-templates\/group.php","meta":{"_acf_changed":false,"inline_featured_image":false,"footnotes":""},"hits-research-group":[1282],"class_list":["post-2894","page","type-page","status-publish","has-post-thumbnail","hentry","hits-research-group-cme-de"],"acf":[],"yoast_head":"<!-- This site is optimized with the Yoast SEO plugin v27.2 - https:\/\/yoast.com\/product\/yoast-seo-wordpress\/ -->\n<title>Aktuelles - HITS gGmbH<\/title>\n<meta name=\"robots\" content=\"index, follow, max-snippet:-1, max-image-preview:large, max-video-preview:-1\" \/>\n<link rel=\"canonical\" href=\"https:\/\/www.h-its.org\/de\/forschung\/cme\/aktuelles\/\" \/>\n<meta property=\"og:locale\" content=\"de_DE\" \/>\n<meta property=\"og:type\" content=\"article\" \/>\n<meta property=\"og:title\" content=\"Aktuelles - HITS gGmbH\" \/>\n<meta property=\"og:url\" content=\"https:\/\/www.h-its.org\/de\/forschung\/cme\/aktuelles\/\" \/>\n<meta property=\"og:site_name\" content=\"HITS gGmbH\" \/>\n<meta property=\"article:modified_time\" content=\"2019-06-06T11:49:56+00:00\" \/>\n<meta property=\"og:image\" content=\"https:\/\/www.h-its.org\/de\/wp-content\/uploads\/sites\/2\/2019\/12\/CME.jpg\" \/>\n\t<meta property=\"og:image:width\" content=\"1340\" \/>\n\t<meta property=\"og:image:height\" content=\"1340\" \/>\n\t<meta property=\"og:image:type\" content=\"image\/jpeg\" \/>\n<meta name=\"twitter:card\" content=\"summary_large_image\" \/>\n<script type=\"application\/ld+json\" class=\"yoast-schema-graph\">{\"@context\":\"https:\/\/schema.org\",\"@graph\":[{\"@type\":\"WebPage\",\"@id\":\"https:\/\/www.h-its.org\/de\/forschung\/cme\/aktuelles\/\",\"url\":\"https:\/\/www.h-its.org\/de\/forschung\/cme\/aktuelles\/\",\"name\":\"Aktuelles - HITS gGmbH\",\"isPartOf\":{\"@id\":\"https:\/\/www.h-its.org\/de\/#website\"},\"primaryImageOfPage\":{\"@id\":\"https:\/\/www.h-its.org\/de\/forschung\/cme\/aktuelles\/#primaryimage\"},\"image\":{\"@id\":\"https:\/\/www.h-its.org\/de\/forschung\/cme\/aktuelles\/#primaryimage\"},\"thumbnailUrl\":\"https:\/\/www.h-its.org\/de\/wp-content\/uploads\/sites\/2\/2019\/12\/CME.jpg\",\"datePublished\":\"2014-11-17T10:37:39+00:00\",\"dateModified\":\"2019-06-06T11:49:56+00:00\",\"breadcrumb\":{\"@id\":\"https:\/\/www.h-its.org\/de\/forschung\/cme\/aktuelles\/#breadcrumb\"},\"inLanguage\":\"de\",\"potentialAction\":[{\"@type\":\"ReadAction\",\"target\":[\"https:\/\/www.h-its.org\/de\/forschung\/cme\/aktuelles\/\"]}]},{\"@type\":\"ImageObject\",\"inLanguage\":\"de\",\"@id\":\"https:\/\/www.h-its.org\/de\/forschung\/cme\/aktuelles\/#primaryimage\",\"url\":\"https:\/\/www.h-its.org\/de\/wp-content\/uploads\/sites\/2\/2019\/12\/CME.jpg\",\"contentUrl\":\"https:\/\/www.h-its.org\/de\/wp-content\/uploads\/sites\/2\/2019\/12\/CME.jpg\",\"width\":1340,\"height\":1340},{\"@type\":\"BreadcrumbList\",\"@id\":\"https:\/\/www.h-its.org\/de\/forschung\/cme\/aktuelles\/#breadcrumb\",\"itemListElement\":[{\"@type\":\"ListItem\",\"position\":1,\"name\":\"Home\",\"item\":\"https:\/\/www.h-its.org\/de\/\"},{\"@type\":\"ListItem\",\"position\":2,\"name\":\"Forschung am HITS\",\"item\":\"https:\/\/www.h-its.org\/de\/forschung\/\"},{\"@type\":\"ListItem\",\"position\":3,\"name\":\"Computational Molecular Evolution (CME)\",\"item\":\"https:\/\/www.h-its.org\/de\/forschung\/cme\/\"},{\"@type\":\"ListItem\",\"position\":4,\"name\":\"Aktuelles\"}]},{\"@type\":\"WebSite\",\"@id\":\"https:\/\/www.h-its.org\/de\/#website\",\"url\":\"https:\/\/www.h-its.org\/de\/\",\"name\":\"HITS gGmbH\",\"description\":\"Heidelberg Institute for Theoretical Studies\",\"potentialAction\":[{\"@type\":\"SearchAction\",\"target\":{\"@type\":\"EntryPoint\",\"urlTemplate\":\"https:\/\/www.h-its.org\/de\/?s={search_term_string}\"},\"query-input\":{\"@type\":\"PropertyValueSpecification\",\"valueRequired\":true,\"valueName\":\"search_term_string\"}}],\"inLanguage\":\"de\"}]}<\/script>\n<!-- \/ Yoast SEO plugin. -->","yoast_head_json":{"title":"Aktuelles - HITS gGmbH","robots":{"index":"index","follow":"follow","max-snippet":"max-snippet:-1","max-image-preview":"max-image-preview:large","max-video-preview":"max-video-preview:-1"},"canonical":"https:\/\/www.h-its.org\/de\/forschung\/cme\/aktuelles\/","og_locale":"de_DE","og_type":"article","og_title":"Aktuelles - HITS gGmbH","og_url":"https:\/\/www.h-its.org\/de\/forschung\/cme\/aktuelles\/","og_site_name":"HITS gGmbH","article_modified_time":"2019-06-06T11:49:56+00:00","og_image":[{"width":1340,"height":1340,"url":"https:\/\/www.h-its.org\/de\/wp-content\/uploads\/sites\/2\/2019\/12\/CME.jpg","type":"image\/jpeg"}],"twitter_card":"summary_large_image","schema":{"@context":"https:\/\/schema.org","@graph":[{"@type":"WebPage","@id":"https:\/\/www.h-its.org\/de\/forschung\/cme\/aktuelles\/","url":"https:\/\/www.h-its.org\/de\/forschung\/cme\/aktuelles\/","name":"Aktuelles - HITS gGmbH","isPartOf":{"@id":"https:\/\/www.h-its.org\/de\/#website"},"primaryImageOfPage":{"@id":"https:\/\/www.h-its.org\/de\/forschung\/cme\/aktuelles\/#primaryimage"},"image":{"@id":"https:\/\/www.h-its.org\/de\/forschung\/cme\/aktuelles\/#primaryimage"},"thumbnailUrl":"https:\/\/www.h-its.org\/de\/wp-content\/uploads\/sites\/2\/2019\/12\/CME.jpg","datePublished":"2014-11-17T10:37:39+00:00","dateModified":"2019-06-06T11:49:56+00:00","breadcrumb":{"@id":"https:\/\/www.h-its.org\/de\/forschung\/cme\/aktuelles\/#breadcrumb"},"inLanguage":"de","potentialAction":[{"@type":"ReadAction","target":["https:\/\/www.h-its.org\/de\/forschung\/cme\/aktuelles\/"]}]},{"@type":"ImageObject","inLanguage":"de","@id":"https:\/\/www.h-its.org\/de\/forschung\/cme\/aktuelles\/#primaryimage","url":"https:\/\/www.h-its.org\/de\/wp-content\/uploads\/sites\/2\/2019\/12\/CME.jpg","contentUrl":"https:\/\/www.h-its.org\/de\/wp-content\/uploads\/sites\/2\/2019\/12\/CME.jpg","width":1340,"height":1340},{"@type":"BreadcrumbList","@id":"https:\/\/www.h-its.org\/de\/forschung\/cme\/aktuelles\/#breadcrumb","itemListElement":[{"@type":"ListItem","position":1,"name":"Home","item":"https:\/\/www.h-its.org\/de\/"},{"@type":"ListItem","position":2,"name":"Forschung am HITS","item":"https:\/\/www.h-its.org\/de\/forschung\/"},{"@type":"ListItem","position":3,"name":"Computational Molecular Evolution (CME)","item":"https:\/\/www.h-its.org\/de\/forschung\/cme\/"},{"@type":"ListItem","position":4,"name":"Aktuelles"}]},{"@type":"WebSite","@id":"https:\/\/www.h-its.org\/de\/#website","url":"https:\/\/www.h-its.org\/de\/","name":"HITS gGmbH","description":"Heidelberg Institute for Theoretical Studies","potentialAction":[{"@type":"SearchAction","target":{"@type":"EntryPoint","urlTemplate":"https:\/\/www.h-its.org\/de\/?s={search_term_string}"},"query-input":{"@type":"PropertyValueSpecification","valueRequired":true,"valueName":"search_term_string"}}],"inLanguage":"de"}]}},"publishpress_future_action":{"enabled":false,"date":"2026-04-20 04:22:39","action":"change-status","newStatus":"draft","terms":[],"taxonomy":"hits-research-group","extraData":[]},"publishpress_future_workflow_manual_trigger":{"enabledWorkflows":[]},"_links":{"self":[{"href":"https:\/\/www.h-its.org\/de\/wp-json\/wp\/v2\/pages\/2894","targetHints":{"allow":["GET"]}}],"collection":[{"href":"https:\/\/www.h-its.org\/de\/wp-json\/wp\/v2\/pages"}],"about":[{"href":"https:\/\/www.h-its.org\/de\/wp-json\/wp\/v2\/types\/page"}],"author":[{"embeddable":true,"href":"https:\/\/www.h-its.org\/de\/wp-json\/wp\/v2\/users\/3"}],"replies":[{"embeddable":true,"href":"https:\/\/www.h-its.org\/de\/wp-json\/wp\/v2\/comments?post=2894"}],"version-history":[{"count":14,"href":"https:\/\/www.h-its.org\/de\/wp-json\/wp\/v2\/pages\/2894\/revisions"}],"predecessor-version":[{"id":37224,"href":"https:\/\/www.h-its.org\/de\/wp-json\/wp\/v2\/pages\/2894\/revisions\/37224"}],"up":[{"embeddable":true,"href":"https:\/\/www.h-its.org\/de\/wp-json\/wp\/v2\/pages\/46"}],"wp:featuredmedia":[{"embeddable":true,"href":"https:\/\/www.h-its.org\/de\/wp-json\/wp\/v2\/media\/40636"}],"wp:attachment":[{"href":"https:\/\/www.h-its.org\/de\/wp-json\/wp\/v2\/media?parent=2894"}],"wp:term":[{"taxonomy":"hits-research-group","embeddable":true,"href":"https:\/\/www.h-its.org\/de\/wp-json\/wp\/v2\/hits-research-group?post=2894"}],"curies":[{"name":"wp","href":"https:\/\/api.w.org\/{rel}","templated":true}]}}