{"id":31309,"date":"2019-02-19T08:40:23","date_gmt":"2019-02-19T07:40:23","guid":{"rendered":"http:\/\/www.h-its.org\/willkommen-auf-den-kommunikations-seiten-des-hits\/"},"modified":"2026-03-31T15:35:44","modified_gmt":"2026-03-31T13:35:44","slug":"medien","status":"publish","type":"page","link":"https:\/\/www.h-its.org\/de\/medien\/","title":{"rendered":"HITS-Kommunikation"},"content":{"rendered":"\n<div class=\"wp-block-group alignfull\"><div class=\"wp-block-group__inner-container is-layout-flow wp-block-group-is-layout-flow\">\n<h2 class=\"wp-block-heading\">Kontakt <\/h2>\n\n\n\n<p>M\u00f6chten Sie unseren Newsletter und unseren Jahresbericht erhalten, zu unseren Kolloquien eingelader oder in unseren Presseverteiler aufgenommen werden?<br>Dann kontaktieren Sie uns bitte \u00fcber <a href=\"https:\/\/www.h-its.org\/de\/registration\/\" target=\"_blank\" rel=\"noreferrer noopener\">dieses Formular.<\/a><\/p>\n\n\n\n<h2 class=\"wp-block-heading\">Das Team<\/h2>\n\n\n<div class=\"hits-blocks hits-people-block alignfull\">\n  <div class=\"section-wrapper \">\n    <div class=\"section-wrapper--inner no-padding\">\n      <div class=\"people-block-grid two-columns\">\n        <div class=\"member-preview\">\n    <div class=\"profile-image\">\n              <img loading=\"lazy\" decoding=\"async\" width=\"130\" height=\"174\" src=\"https:\/\/www.h-its.org\/de\/wp-content\/uploads\/sites\/2\/2020\/02\/Angela_Michel-1-scaled-130x174.jpg\" class=\"attachment-member-preview size-member-preview wp-post-image\" alt=\"\" srcset=\"https:\/\/www.h-its.org\/de\/wp-content\/uploads\/sites\/2\/2020\/02\/Angela_Michel-1-scaled-130x174.jpg 130w, https:\/\/www.h-its.org\/de\/wp-content\/uploads\/sites\/2\/2020\/02\/Angela_Michel-1-scaled-1x1.jpg 1w\" sizes=\"auto, (max-width: 639px) 98vw, (max-width: 1199px) 64vw, 130px\" \/>          <\/div>\n  <div class=\"member-preview--content\">\n    <a href=\"https:\/\/www.h-its.org\/de\/people\/angela-michel\/\"><p class=\"font-m font-normal font-primary\">Angela Michel<\/p><\/a>\n          <p class=\"job\">Head of Communications <\/p>\n              <p class=\"phone\">Telefon: +49 (0)6221 &#8211; 533 &#8211; 329<\/p>\n            <div class=\"member-social\">\n              <a href=\"mailto:an&#103;e&#108;&#97;.mic%68&#101;%6c&#64;h-&#105;%74%73%2e%6fr&#103;\" class=\"iconbutton small mail\" aria-label=\"Soziale medien link\"><\/a>\n                                                                      <\/div>\n      <a href=\"https:\/\/www.h-its.org\/de\/people\/angela-michel\/\">Mehr Informationen<\/a>\n\n  <\/div>\n<\/div>\n<div class=\"member-preview\">\n    <div class=\"profile-image\">\n              <img loading=\"lazy\" decoding=\"async\" width=\"130\" height=\"174\" src=\"https:\/\/www.h-its.org\/de\/wp-content\/uploads\/sites\/2\/2019\/03\/Peter_Saueressig-1-130x174.jpg\" class=\"attachment-member-preview size-member-preview wp-post-image\" alt=\"\" srcset=\"https:\/\/www.h-its.org\/de\/wp-content\/uploads\/sites\/2\/2019\/03\/Peter_Saueressig-1-130x174.jpg 130w, https:\/\/www.h-its.org\/de\/wp-content\/uploads\/sites\/2\/2019\/03\/Peter_Saueressig-1-1x1.jpg 1w\" sizes=\"auto, (max-width: 639px) 98vw, (max-width: 1199px) 64vw, 130px\" \/>          <\/div>\n  <div class=\"member-preview--content\">\n    <a href=\"https:\/\/www.h-its.org\/de\/people\/dr-peter-saueressig\/\"><p class=\"font-m font-normal font-primary\">Dr. Peter Saueressig<\/p><\/a>\n          <p class=\"job\">Deputy Head of Communications<\/p>\n              <p class=\"phone\">Telefon: +49 (0)6221 \u2013 533 \u2013 245<\/p>\n            <div class=\"member-social\">\n              <a href=\"mailto:p&#101;%74&#101;%72%2e&#115;&#97;%75er&#101;%73s%69g&#64;%68%2d&#105;%74%73%2e%6f&#114;&#103;\" class=\"iconbutton small mail\" aria-label=\"Soziale medien link\"><\/a>\n                                            <a href=\"https:\/\/www.linkedin.com\/in\/peter-saueressig-6aa917b\/\" class=\"iconbutton small linkedin\" aria-label=\"Soziale medien link\"><\/a>\n                    <a href=\"https:\/\/www.xing.com\/profile\/Peter_Saueressig2\/cv\" class=\"iconbutton small xing\" aria-label=\"Soziale medien link\"><\/a>\n                                <a href=\"https:\/\/www.researchgate.net\/profile\/Peter-Saueressig\" class=\"iconbutton small research-gate\" aria-label=\"Soziale medien link\"><\/a>\n                <\/div>\n      <a href=\"https:\/\/www.h-its.org\/de\/people\/dr-peter-saueressig\/\">Mehr Informationen<\/a>\n\n  <\/div>\n<\/div>\n<div class=\"member-preview\">\n    <div class=\"profile-image\">\n              <img loading=\"lazy\" decoding=\"async\" width=\"130\" height=\"174\" src=\"https:\/\/www.h-its.org\/de\/wp-content\/uploads\/sites\/2\/2023\/08\/Marisa_01-130x174.jpg\" class=\"attachment-member-preview size-member-preview wp-post-image\" alt=\"\" srcset=\"https:\/\/www.h-its.org\/de\/wp-content\/uploads\/sites\/2\/2023\/08\/Marisa_01-130x174.jpg 130w, https:\/\/www.h-its.org\/de\/wp-content\/uploads\/sites\/2\/2023\/08\/Marisa_01-1x1.jpg 1w\" sizes=\"auto, (max-width: 639px) 98vw, (max-width: 1199px) 64vw, 130px\" \/>          <\/div>\n  <div class=\"member-preview--content\">\n    <a href=\"https:\/\/www.h-its.org\/de\/people\/marisa-de-sa-almeida\/\"><p class=\"font-m font-normal font-primary\">Marisa Almeida Stegnos<\/p><\/a>\n          <p class=\"job\">Communications Manager<\/p>\n              <p class=\"phone\">Telefon: +49 (0)6221 \u2013 533 \u2013 274<\/p>\n            <div class=\"member-social\">\n              <a href=\"mailto:%4d&#97;%72i%73a.A%6c%6d%65i%64&#97;&#64;h-it&#115;&#46;%6fr&#103;\" class=\"iconbutton small mail\" aria-label=\"Soziale medien link\"><\/a>\n                                                                      <\/div>\n      <a href=\"https:\/\/www.h-its.org\/de\/people\/marisa-de-sa-almeida\/\">Mehr Informationen<\/a>\n\n  <\/div>\n<\/div>\n<div class=\"member-preview\">\n    <div class=\"profile-image\">\n              <img loading=\"lazy\" decoding=\"async\" width=\"130\" height=\"174\" src=\"https:\/\/www.h-its.org\/de\/wp-content\/uploads\/sites\/2\/2025\/03\/Helena_02-130x174.jpg\" class=\"attachment-member-preview size-member-preview wp-post-image\" alt=\"Helena Camilleri\" srcset=\"https:\/\/www.h-its.org\/de\/wp-content\/uploads\/sites\/2\/2025\/03\/Helena_02-130x174.jpg 130w, https:\/\/www.h-its.org\/de\/wp-content\/uploads\/sites\/2\/2025\/03\/Helena_02-1x1.jpg 1w\" sizes=\"auto, (max-width: 639px) 98vw, (max-width: 1199px) 64vw, 130px\" \/>          <\/div>\n  <div class=\"member-preview--content\">\n    <a href=\"https:\/\/www.h-its.org\/de\/people\/helena-camilleri\/\"><p class=\"font-m font-normal font-primary\">Helena Camilleri<\/p><\/a>\n          <p class=\"job\">Team Assistance Communications<\/p>\n              <p class=\"phone\">Telefon: +49 (0)6221 \u2013 533 \u2013 248<\/p>\n            <div class=\"member-social\">\n              <a href=\"mailto:H%65&#108;&#101;n%61%2e%43&#97;&#109;%69%6cl&#101;&#114;&#105;&#64;h%2di&#116;%73.%6frg\" class=\"iconbutton small mail\" aria-label=\"Soziale medien link\"><\/a>\n                                                                      <\/div>\n      <a href=\"https:\/\/www.h-its.org\/de\/people\/helena-camilleri\/\">Mehr Informationen<\/a>\n\n  <\/div>\n<\/div>\n<div class=\"member-preview\">\n    <div class=\"profile-image\">\n              <img loading=\"lazy\" decoding=\"async\" width=\"130\" height=\"174\" src=\"https:\/\/www.h-its.org\/de\/wp-content\/uploads\/sites\/2\/2024\/10\/HITS-05.11.24-Portraits-36-130x174.jpg\" class=\"attachment-member-preview size-member-preview wp-post-image\" alt=\"Arno Fricke\" srcset=\"https:\/\/www.h-its.org\/de\/wp-content\/uploads\/sites\/2\/2024\/10\/HITS-05.11.24-Portraits-36-130x174.jpg 130w, https:\/\/www.h-its.org\/de\/wp-content\/uploads\/sites\/2\/2024\/10\/HITS-05.11.24-Portraits-36-1x1.jpg 1w\" sizes=\"auto, (max-width: 639px) 98vw, (max-width: 1199px) 64vw, 130px\" \/>          <\/div>\n  <div class=\"member-preview--content\">\n    <a href=\"https:\/\/www.h-its.org\/de\/people\/arno-fricke\/\"><p class=\"font-m font-normal font-primary\">Arno Fricke<\/p><\/a>\n          <p class=\"job\">Communications Manager<\/p>\n              <p class=\"phone\">Telefon: +49 (0)6221 \u2013 533 \u2013 241<\/p>\n            <div class=\"member-social\">\n              <a href=\"mailto:Ar%6e&#111;%2e&#70;r%69&#99;%6be&#64;h-&#105;&#116;&#115;.o&#114;g\" class=\"iconbutton small mail\" aria-label=\"Soziale medien link\"><\/a>\n                                                                      <\/div>\n      <a href=\"https:\/\/www.h-its.org\/de\/people\/arno-fricke\/\">Mehr Informationen<\/a>\n\n  <\/div>\n<\/div>\n      <\/div>\n    <\/div>\n  <\/div>\n<\/div>\n<\/div><\/div>\n\n\n\n<h2 class=\"wp-block-heading\">Was wir tun<\/h2>\n\n\n\n<p>Das HITS betreibt Grundlagenforschung in den theoretischen Naturwissenschaften. Unserer Forscherinnen und Forscher l\u00f6sen mit mathematischen Methoden und informatischen Werkzeugen naturwissenschaftliche Fragen. Uns ist es wichtig, der \u00d6ffentlichkeit die gesellschaftliche Relevanz dieser Forschung bewusst machen. Presse- und \u00d6ffentlichkeitsarbeit sind deshalb ein fester Bestandteil unseres Instituts.<\/p>\n\n\n\n<p>Unsere Arbeit umfasst verschiedene Aktivit\u00e4ten. Wir verschicken regelm\u00e4\u00dfig Pressemitteilungen, Newsletter und Eventeinladungen und sind au\u00dferdem auf ausgew\u00e4hlten Social Media Kan\u00e4len wie <a href=\"https:\/\/bsky.app\/profile\/hitsters.bsky.social\" target=\"_blank\" rel=\"noreferrer noopener\">Bluesky<\/a>, <a href=\"https:\/\/www.linkedin.com\/company\/the-heidelberg-institute-for-theoretical-studies\/\" target=\"_blank\" rel=\"noreferrer noopener\">LinkedIn<\/a>, <a href=\"https:\/\/www.instagram.com\/the_hitsters\/\" target=\"_blank\" rel=\"noreferrer noopener\">Instagram<\/a>, und <a href=\"https:\/\/www.youtube.com\/TheHitsters\" target=\"_blank\" rel=\"noreferrer noopener\">YouTube<\/a> aktiv. Dar\u00fcber hinaus unternehmen wir verschiedene \u201ePublic Engagement\u201c-Aktivit\u00e4ten, wie die Teilnahme bei Explore Science, MS-Wissenschaft oder Informationsveranstaltungen in Universit\u00e4ten. Unsere Kommunikation richtet sich dabei gleicherma\u00dfen an Wissenschaftler\/-innen, Journalist\/-innen und die breite \u00d6ffentlichkeit \u2013 von Jung bis Alt.<\/p>\n\n\n\n<p>Digitalisierung und Datenflut bestimmen aber nicht nur die Forschung. Auch die Wissenschaftskommunikation hat sich in den vergangenen Jahren grundlegend ver\u00e4ndert. Besonders die Wissenschaftsjournalist*innen bekommen das im Alltag zu sp\u00fcren. Um ihnen die M\u00f6glichkeit zu geben, ohne Druck des Tagesgesch\u00e4fts einen tieferen Einblick in datengetriebene Forschung zu erhalten, bieten wir ihnen im Rahmen des <a href=\"https:\/\/www.h-its.org\/de\/medien\/journalist-in-residence-programm\/\" id=\"https:\/\/www.h-its.org\/de\/medien\/journalist-in-residence-programm\/\">HITS Journalist in Residence Programm<\/a> ein mehrmonatiges Stipendium an. Dar\u00fcber hinaus stehen Journalist*innen die Tore des HITS jederzeit offen: Wir vermitteln ihnen gerne Gespr\u00e4che oder Telefoninterviews mit unseren Wissenschaftlerinnen und Wissenschaftlern, die in einer Reihe von Fachgebieten als Experten zur Verf\u00fcgung stehen.<\/p>\n\n\n\n<p>All diese Kommunikationsaktivit\u00e4ten haben das Ziel, unsere komplexe Forschung f\u00fcr alle verst\u00e4ndlich zu machen und ihnen dadurch die Faszination und die M\u00f6glichkeiten der datengetriebenen Forschung n\u00e4her zu bringen.<\/p>\n","protected":false},"excerpt":{"rendered":"<p>Kontakt M\u00f6chten Sie unseren Newsletter und unseren Jahresbericht erhalten, zu unseren Kolloquien eingelader oder in unseren Presseverteiler aufgenommen werden?Dann &#8230;<\/p>\n","protected":false},"author":107,"featured_media":40621,"parent":0,"menu_order":6,"comment_status":"closed","ping_status":"closed","template":"","meta":{"_acf_changed":false,"inline_featured_image":false,"footnotes":""},"hits-research-group":[1333],"class_list":["post-31309","page","type-page","status-publish","has-post-thumbnail","hentry","hits-research-group-communications"],"acf":[],"yoast_head":"<!-- This site is optimized with the Yoast SEO plugin v27.2 - https:\/\/yoast.com\/product\/yoast-seo-wordpress\/ -->\n<title>Medien - HITS gGmbH<\/title>\n<meta name=\"robots\" content=\"index, follow, max-snippet:-1, max-image-preview:large, max-video-preview:-1\" \/>\n<link rel=\"canonical\" href=\"https:\/\/www.h-its.org\/de\/medien\/\" \/>\n<meta property=\"og:locale\" content=\"de_DE\" \/>\n<meta property=\"og:type\" content=\"article\" \/>\n<meta property=\"og:title\" content=\"Medien - HITS gGmbH\" \/>\n<meta property=\"og:description\" content=\"Kontakt M\u00f6chten Sie unseren Newsletter und unseren Jahresbericht erhalten, zu unseren Kolloquien eingelader oder in unseren Presseverteiler aufgenommen werden?Dann ...\" \/>\n<meta property=\"og:url\" content=\"https:\/\/www.h-its.org\/de\/medien\/\" \/>\n<meta property=\"og:site_name\" content=\"HITS gGmbH\" \/>\n<meta property=\"article:modified_time\" content=\"2026-03-31T13:35:44+00:00\" \/>\n<meta property=\"og:image\" content=\"https:\/\/www.h-its.org\/de\/wp-content\/uploads\/sites\/2\/2019\/12\/Media.jpg\" \/>\n\t<meta property=\"og:image:width\" content=\"1340\" \/>\n\t<meta property=\"og:image:height\" content=\"450\" \/>\n\t<meta property=\"og:image:type\" content=\"image\/jpeg\" \/>\n<meta name=\"twitter:card\" content=\"summary_large_image\" \/>\n<meta name=\"twitter:label1\" content=\"Gesch\u00e4tzte Lesezeit\" \/>\n\t<meta name=\"twitter:data1\" content=\"2\u00a0Minuten\" \/>\n<script type=\"application\/ld+json\" class=\"yoast-schema-graph\">{\"@context\":\"https:\/\/schema.org\",\"@graph\":[{\"@type\":\"WebPage\",\"@id\":\"https:\/\/www.h-its.org\/de\/medien\/\",\"url\":\"https:\/\/www.h-its.org\/de\/medien\/\",\"name\":\"Medien - HITS gGmbH\",\"isPartOf\":{\"@id\":\"https:\/\/www.h-its.org\/de\/#website\"},\"primaryImageOfPage\":{\"@id\":\"https:\/\/www.h-its.org\/de\/medien\/#primaryimage\"},\"image\":{\"@id\":\"https:\/\/www.h-its.org\/de\/medien\/#primaryimage\"},\"thumbnailUrl\":\"https:\/\/www.h-its.org\/de\/wp-content\/uploads\/sites\/2\/2019\/12\/Media.jpg\",\"datePublished\":\"2019-02-19T07:40:23+00:00\",\"dateModified\":\"2026-03-31T13:35:44+00:00\",\"breadcrumb\":{\"@id\":\"https:\/\/www.h-its.org\/de\/medien\/#breadcrumb\"},\"inLanguage\":\"de\",\"potentialAction\":[{\"@type\":\"ReadAction\",\"target\":[\"https:\/\/www.h-its.org\/de\/medien\/\"]}]},{\"@type\":\"ImageObject\",\"inLanguage\":\"de\",\"@id\":\"https:\/\/www.h-its.org\/de\/medien\/#primaryimage\",\"url\":\"https:\/\/www.h-its.org\/de\/wp-content\/uploads\/sites\/2\/2019\/12\/Media.jpg\",\"contentUrl\":\"https:\/\/www.h-its.org\/de\/wp-content\/uploads\/sites\/2\/2019\/12\/Media.jpg\",\"width\":1340,\"height\":450},{\"@type\":\"BreadcrumbList\",\"@id\":\"https:\/\/www.h-its.org\/de\/medien\/#breadcrumb\",\"itemListElement\":[{\"@type\":\"ListItem\",\"position\":1,\"name\":\"Home\",\"item\":\"https:\/\/www.h-its.org\/de\/\"},{\"@type\":\"ListItem\",\"position\":2,\"name\":\"HITS-Kommunikation\"}]},{\"@type\":\"WebSite\",\"@id\":\"https:\/\/www.h-its.org\/de\/#website\",\"url\":\"https:\/\/www.h-its.org\/de\/\",\"name\":\"HITS gGmbH\",\"description\":\"Heidelberg Institute for Theoretical Studies\",\"potentialAction\":[{\"@type\":\"SearchAction\",\"target\":{\"@type\":\"EntryPoint\",\"urlTemplate\":\"https:\/\/www.h-its.org\/de\/?s={search_term_string}\"},\"query-input\":{\"@type\":\"PropertyValueSpecification\",\"valueRequired\":true,\"valueName\":\"search_term_string\"}}],\"inLanguage\":\"de\"}]}<\/script>\n<!-- \/ Yoast SEO plugin. -->","yoast_head_json":{"title":"Medien - HITS gGmbH","robots":{"index":"index","follow":"follow","max-snippet":"max-snippet:-1","max-image-preview":"max-image-preview:large","max-video-preview":"max-video-preview:-1"},"canonical":"https:\/\/www.h-its.org\/de\/medien\/","og_locale":"de_DE","og_type":"article","og_title":"Medien - HITS gGmbH","og_description":"Kontakt M\u00f6chten Sie unseren Newsletter und unseren Jahresbericht erhalten, zu unseren Kolloquien eingelader oder in unseren Presseverteiler aufgenommen werden?Dann ...","og_url":"https:\/\/www.h-its.org\/de\/medien\/","og_site_name":"HITS gGmbH","article_modified_time":"2026-03-31T13:35:44+00:00","og_image":[{"width":1340,"height":450,"url":"https:\/\/www.h-its.org\/de\/wp-content\/uploads\/sites\/2\/2019\/12\/Media.jpg","type":"image\/jpeg"}],"twitter_card":"summary_large_image","twitter_misc":{"Gesch\u00e4tzte Lesezeit":"2\u00a0Minuten"},"schema":{"@context":"https:\/\/schema.org","@graph":[{"@type":"WebPage","@id":"https:\/\/www.h-its.org\/de\/medien\/","url":"https:\/\/www.h-its.org\/de\/medien\/","name":"Medien - HITS gGmbH","isPartOf":{"@id":"https:\/\/www.h-its.org\/de\/#website"},"primaryImageOfPage":{"@id":"https:\/\/www.h-its.org\/de\/medien\/#primaryimage"},"image":{"@id":"https:\/\/www.h-its.org\/de\/medien\/#primaryimage"},"thumbnailUrl":"https:\/\/www.h-its.org\/de\/wp-content\/uploads\/sites\/2\/2019\/12\/Media.jpg","datePublished":"2019-02-19T07:40:23+00:00","dateModified":"2026-03-31T13:35:44+00:00","breadcrumb":{"@id":"https:\/\/www.h-its.org\/de\/medien\/#breadcrumb"},"inLanguage":"de","potentialAction":[{"@type":"ReadAction","target":["https:\/\/www.h-its.org\/de\/medien\/"]}]},{"@type":"ImageObject","inLanguage":"de","@id":"https:\/\/www.h-its.org\/de\/medien\/#primaryimage","url":"https:\/\/www.h-its.org\/de\/wp-content\/uploads\/sites\/2\/2019\/12\/Media.jpg","contentUrl":"https:\/\/www.h-its.org\/de\/wp-content\/uploads\/sites\/2\/2019\/12\/Media.jpg","width":1340,"height":450},{"@type":"BreadcrumbList","@id":"https:\/\/www.h-its.org\/de\/medien\/#breadcrumb","itemListElement":[{"@type":"ListItem","position":1,"name":"Home","item":"https:\/\/www.h-its.org\/de\/"},{"@type":"ListItem","position":2,"name":"HITS-Kommunikation"}]},{"@type":"WebSite","@id":"https:\/\/www.h-its.org\/de\/#website","url":"https:\/\/www.h-its.org\/de\/","name":"HITS gGmbH","description":"Heidelberg Institute for Theoretical Studies","potentialAction":[{"@type":"SearchAction","target":{"@type":"EntryPoint","urlTemplate":"https:\/\/www.h-its.org\/de\/?s={search_term_string}"},"query-input":{"@type":"PropertyValueSpecification","valueRequired":true,"valueName":"search_term_string"}}],"inLanguage":"de"}]}},"publishpress_future_action":{"enabled":false,"date":"2026-04-19 14:52:05","action":"change-status","newStatus":"draft","terms":[],"taxonomy":"hits-research-group","extraData":[]},"publishpress_future_workflow_manual_trigger":{"enabledWorkflows":[]},"_links":{"self":[{"href":"https:\/\/www.h-its.org\/de\/wp-json\/wp\/v2\/pages\/31309","targetHints":{"allow":["GET"]}}],"collection":[{"href":"https:\/\/www.h-its.org\/de\/wp-json\/wp\/v2\/pages"}],"about":[{"href":"https:\/\/www.h-its.org\/de\/wp-json\/wp\/v2\/types\/page"}],"author":[{"embeddable":true,"href":"https:\/\/www.h-its.org\/de\/wp-json\/wp\/v2\/users\/107"}],"replies":[{"embeddable":true,"href":"https:\/\/www.h-its.org\/de\/wp-json\/wp\/v2\/comments?post=31309"}],"version-history":[{"count":40,"href":"https:\/\/www.h-its.org\/de\/wp-json\/wp\/v2\/pages\/31309\/revisions"}],"predecessor-version":[{"id":50686,"href":"https:\/\/www.h-its.org\/de\/wp-json\/wp\/v2\/pages\/31309\/revisions\/50686"}],"wp:featuredmedia":[{"embeddable":true,"href":"https:\/\/www.h-its.org\/de\/wp-json\/wp\/v2\/media\/40621"}],"wp:attachment":[{"href":"https:\/\/www.h-its.org\/de\/wp-json\/wp\/v2\/media?parent=31309"}],"wp:term":[{"taxonomy":"hits-research-group","embeddable":true,"href":"https:\/\/www.h-its.org\/de\/wp-json\/wp\/v2\/hits-research-group?post=31309"}],"curies":[{"name":"wp","href":"https:\/\/api.w.org\/{rel}","templated":true}]}}