{"id":31762,"date":"2019-03-21T09:51:40","date_gmt":"2019-03-21T08:51:40","guid":{"rendered":"http:\/\/www.h-its.org\/?page_id=31762"},"modified":"2026-04-01T16:59:58","modified_gmt":"2026-04-01T14:59:58","slug":"high-energy-astrophysics-and-cosmology-hac-gruppe","status":"publish","type":"page","link":"https:\/\/www.h-its.org\/de\/forschung\/high-energy-astrophysics-and-cosmology-hac-gruppe\/","title":{"rendered":"High Energy Astrophysics and Cosmology (HAC) Gruppe"},"content":{"rendered":"\n<p>Christoph Pfrommer kam 2010 als Senior Researcher in die \u201eTheoretical Astrophysics\u201c (TAP) Gruppe ans HITS und wurde 2014 erfolgreich am Institut f\u00fcr Physik und Astronomie der Universit\u00e4t Heidelberg habilitiert. 2014 erhielt er einen Consolidator Grant vom Europ\u00e4ischen Forschungsrat (ERC) f\u00fcr sein Projekt CRAGSMAN, das den Einfluss von kosmischen Strahlen auf die Entstehung von Galaxien und Galaxienhaufen untersucht. Mit den F\u00f6rdermitteln in H\u00f6he von rund zwei Millionen Euro baute Pfrommer eine eigene Junior-Forschungsgruppe \u201eHigh Energy Astrophysics and Cosmology\u201c (HAC) auf. Pfrommer und seine Forschungsgruppe modellierten am HITS die zugrundeliegende Physik der kosmischen Strahlung, Magnetfelder und Plasmawellen detailgetreu im Computer und f\u00fchrten damit kosmologische Computersimulationen an Hochleistungsrechnern durch. Ihre Ergebnisse \u00fcberpr\u00fcften sie mit Messungen von Teleskopen, die Radio- und Gammastrahlen empfangen.<\/p>\n\n\n\n<p>Der Astrophysiker ist seit April 2017 neuer <a href=\"https:\/\/www.h-its.org\/de\/2017\/04\/03\/pfrommer-aip-potsdam\/\">Abteilungsleiter f\u00fcr Kosmologie und gro\u00dfr\u00e4umige Strukturen am Leibniz-Institut f\u00fcr Astrophysik<\/a> sowie Professor f\u00fcr Astrophysik an der Universit\u00e4t Potsdam.<\/p>\n\n\n\n<figure class=\"wp-block-embed is-type-video is-provider-youtube wp-block-embed-youtube wp-embed-aspect-16-9 wp-has-aspect-ratio\"><div class=\"wp-block-embed__wrapper\">\n<iframe loading=\"lazy\" title=\"What our Alumni say about work &amp; life at HITS #10\" width=\"500\" height=\"281\" src=\"https:\/\/www.youtube.com\/embed\/rM56ryj6ZV4?feature=oembed\" frameborder=\"0\" allow=\"accelerometer; autoplay; clipboard-write; encrypted-media; gyroscope; picture-in-picture; web-share\" referrerpolicy=\"strict-origin-when-cross-origin\" allowfullscreen><\/iframe>\n<\/div><\/figure>\n","protected":false},"excerpt":{"rendered":"<p>Die HAC Gruppe modellierte die zugrundeliegende Physik der kosmischen Strahlung, Magnetfelder und Plasmawellen detailgetreu im Computer und f\u00fchrten damit kosmologische &#8230;<\/p>\n","protected":false},"author":107,"featured_media":40670,"parent":4,"menu_order":0,"comment_status":"closed","ping_status":"closed","template":"page-templates\/group.php","meta":{"_acf_changed":false,"inline_featured_image":false,"footnotes":""},"hits-research-group":[1371],"class_list":["post-31762","page","type-page","status-publish","has-post-thumbnail","hentry","hits-research-group-high-energy-astrophysics-and-cosmology-de"],"acf":[],"yoast_head":"<!-- This site is optimized with the Yoast SEO plugin v27.4 - https:\/\/yoast.com\/product\/yoast-seo-wordpress\/ -->\n<title>High Energy Astrophysics and Cosmology (HAC) Gruppe - HITS gGmbH<\/title>\n<meta name=\"robots\" content=\"index, follow, max-snippet:-1, max-image-preview:large, max-video-preview:-1\" \/>\n<link rel=\"canonical\" href=\"https:\/\/www.h-its.org\/de\/forschung\/high-energy-astrophysics-and-cosmology-hac-gruppe\/\" \/>\n<meta property=\"og:locale\" content=\"de_DE\" \/>\n<meta property=\"og:type\" content=\"article\" \/>\n<meta property=\"og:title\" content=\"High Energy Astrophysics and Cosmology (HAC) Gruppe - HITS gGmbH\" \/>\n<meta property=\"og:description\" content=\"Die HAC Gruppe modellierte die zugrundeliegende Physik der kosmischen Strahlung, Magnetfelder und Plasmawellen detailgetreu im Computer und f\u00fchrten damit kosmologische ...\" \/>\n<meta property=\"og:url\" content=\"https:\/\/www.h-its.org\/de\/forschung\/high-energy-astrophysics-and-cosmology-hac-gruppe\/\" \/>\n<meta property=\"og:site_name\" content=\"HITS gGmbH\" \/>\n<meta property=\"article:modified_time\" content=\"2026-04-01T14:59:58+00:00\" \/>\n<meta property=\"og:image\" content=\"https:\/\/www.h-its.org\/de\/wp-content\/uploads\/sites\/2\/2019\/12\/Alumni-HAC.jpg\" \/>\n\t<meta property=\"og:image:width\" content=\"1340\" \/>\n\t<meta property=\"og:image:height\" content=\"1340\" \/>\n\t<meta property=\"og:image:type\" content=\"image\/jpeg\" \/>\n<meta name=\"twitter:card\" content=\"summary_large_image\" \/>\n<meta name=\"twitter:label1\" content=\"Gesch\u00e4tzte Lesezeit\" \/>\n\t<meta name=\"twitter:data1\" content=\"2\u00a0Minuten\" \/>\n<script type=\"application\/ld+json\" class=\"yoast-schema-graph\">{\"@context\":\"https:\\\/\\\/schema.org\",\"@graph\":[{\"@type\":\"WebPage\",\"@id\":\"https:\\\/\\\/www.h-its.org\\\/de\\\/forschung\\\/high-energy-astrophysics-and-cosmology-hac-gruppe\\\/\",\"url\":\"https:\\\/\\\/www.h-its.org\\\/de\\\/forschung\\\/high-energy-astrophysics-and-cosmology-hac-gruppe\\\/\",\"name\":\"High Energy Astrophysics and Cosmology (HAC) Gruppe - HITS gGmbH\",\"isPartOf\":{\"@id\":\"https:\\\/\\\/www.h-its.org\\\/de\\\/#website\"},\"primaryImageOfPage\":{\"@id\":\"https:\\\/\\\/www.h-its.org\\\/de\\\/forschung\\\/high-energy-astrophysics-and-cosmology-hac-gruppe\\\/#primaryimage\"},\"image\":{\"@id\":\"https:\\\/\\\/www.h-its.org\\\/de\\\/forschung\\\/high-energy-astrophysics-and-cosmology-hac-gruppe\\\/#primaryimage\"},\"thumbnailUrl\":\"https:\\\/\\\/www.h-its.org\\\/de\\\/wp-content\\\/uploads\\\/sites\\\/2\\\/2019\\\/12\\\/Alumni-HAC.jpg\",\"datePublished\":\"2019-03-21T08:51:40+00:00\",\"dateModified\":\"2026-04-01T14:59:58+00:00\",\"breadcrumb\":{\"@id\":\"https:\\\/\\\/www.h-its.org\\\/de\\\/forschung\\\/high-energy-astrophysics-and-cosmology-hac-gruppe\\\/#breadcrumb\"},\"inLanguage\":\"de\",\"potentialAction\":[{\"@type\":\"ReadAction\",\"target\":[\"https:\\\/\\\/www.h-its.org\\\/de\\\/forschung\\\/high-energy-astrophysics-and-cosmology-hac-gruppe\\\/\"]}]},{\"@type\":\"ImageObject\",\"inLanguage\":\"de\",\"@id\":\"https:\\\/\\\/www.h-its.org\\\/de\\\/forschung\\\/high-energy-astrophysics-and-cosmology-hac-gruppe\\\/#primaryimage\",\"url\":\"https:\\\/\\\/www.h-its.org\\\/de\\\/wp-content\\\/uploads\\\/sites\\\/2\\\/2019\\\/12\\\/Alumni-HAC.jpg\",\"contentUrl\":\"https:\\\/\\\/www.h-its.org\\\/de\\\/wp-content\\\/uploads\\\/sites\\\/2\\\/2019\\\/12\\\/Alumni-HAC.jpg\",\"width\":1340,\"height\":1340},{\"@type\":\"BreadcrumbList\",\"@id\":\"https:\\\/\\\/www.h-its.org\\\/de\\\/forschung\\\/high-energy-astrophysics-and-cosmology-hac-gruppe\\\/#breadcrumb\",\"itemListElement\":[{\"@type\":\"ListItem\",\"position\":1,\"name\":\"Home\",\"item\":\"https:\\\/\\\/www.h-its.org\\\/de\\\/\"},{\"@type\":\"ListItem\",\"position\":2,\"name\":\"Forschung am HITS\",\"item\":\"https:\\\/\\\/www.h-its.org\\\/de\\\/forschung\\\/\"},{\"@type\":\"ListItem\",\"position\":3,\"name\":\"High Energy Astrophysics and Cosmology (HAC) Gruppe\"}]},{\"@type\":\"WebSite\",\"@id\":\"https:\\\/\\\/www.h-its.org\\\/de\\\/#website\",\"url\":\"https:\\\/\\\/www.h-its.org\\\/de\\\/\",\"name\":\"HITS gGmbH\",\"description\":\"Heidelberg Institute for Theoretical Studies\",\"potentialAction\":[{\"@type\":\"SearchAction\",\"target\":{\"@type\":\"EntryPoint\",\"urlTemplate\":\"https:\\\/\\\/www.h-its.org\\\/de\\\/?s={search_term_string}\"},\"query-input\":{\"@type\":\"PropertyValueSpecification\",\"valueRequired\":true,\"valueName\":\"search_term_string\"}}],\"inLanguage\":\"de\"}]}<\/script>\n<!-- \/ Yoast SEO plugin. -->","yoast_head_json":{"title":"High Energy Astrophysics and Cosmology (HAC) Gruppe - HITS gGmbH","robots":{"index":"index","follow":"follow","max-snippet":"max-snippet:-1","max-image-preview":"max-image-preview:large","max-video-preview":"max-video-preview:-1"},"canonical":"https:\/\/www.h-its.org\/de\/forschung\/high-energy-astrophysics-and-cosmology-hac-gruppe\/","og_locale":"de_DE","og_type":"article","og_title":"High Energy Astrophysics and Cosmology (HAC) Gruppe - HITS gGmbH","og_description":"Die HAC Gruppe modellierte die zugrundeliegende Physik der kosmischen Strahlung, Magnetfelder und Plasmawellen detailgetreu im Computer und f\u00fchrten damit kosmologische ...","og_url":"https:\/\/www.h-its.org\/de\/forschung\/high-energy-astrophysics-and-cosmology-hac-gruppe\/","og_site_name":"HITS gGmbH","article_modified_time":"2026-04-01T14:59:58+00:00","og_image":[{"width":1340,"height":1340,"url":"https:\/\/www.h-its.org\/de\/wp-content\/uploads\/sites\/2\/2019\/12\/Alumni-HAC.jpg","type":"image\/jpeg"}],"twitter_card":"summary_large_image","twitter_misc":{"Gesch\u00e4tzte Lesezeit":"2\u00a0Minuten"},"schema":{"@context":"https:\/\/schema.org","@graph":[{"@type":"WebPage","@id":"https:\/\/www.h-its.org\/de\/forschung\/high-energy-astrophysics-and-cosmology-hac-gruppe\/","url":"https:\/\/www.h-its.org\/de\/forschung\/high-energy-astrophysics-and-cosmology-hac-gruppe\/","name":"High Energy Astrophysics and Cosmology (HAC) Gruppe - HITS gGmbH","isPartOf":{"@id":"https:\/\/www.h-its.org\/de\/#website"},"primaryImageOfPage":{"@id":"https:\/\/www.h-its.org\/de\/forschung\/high-energy-astrophysics-and-cosmology-hac-gruppe\/#primaryimage"},"image":{"@id":"https:\/\/www.h-its.org\/de\/forschung\/high-energy-astrophysics-and-cosmology-hac-gruppe\/#primaryimage"},"thumbnailUrl":"https:\/\/www.h-its.org\/de\/wp-content\/uploads\/sites\/2\/2019\/12\/Alumni-HAC.jpg","datePublished":"2019-03-21T08:51:40+00:00","dateModified":"2026-04-01T14:59:58+00:00","breadcrumb":{"@id":"https:\/\/www.h-its.org\/de\/forschung\/high-energy-astrophysics-and-cosmology-hac-gruppe\/#breadcrumb"},"inLanguage":"de","potentialAction":[{"@type":"ReadAction","target":["https:\/\/www.h-its.org\/de\/forschung\/high-energy-astrophysics-and-cosmology-hac-gruppe\/"]}]},{"@type":"ImageObject","inLanguage":"de","@id":"https:\/\/www.h-its.org\/de\/forschung\/high-energy-astrophysics-and-cosmology-hac-gruppe\/#primaryimage","url":"https:\/\/www.h-its.org\/de\/wp-content\/uploads\/sites\/2\/2019\/12\/Alumni-HAC.jpg","contentUrl":"https:\/\/www.h-its.org\/de\/wp-content\/uploads\/sites\/2\/2019\/12\/Alumni-HAC.jpg","width":1340,"height":1340},{"@type":"BreadcrumbList","@id":"https:\/\/www.h-its.org\/de\/forschung\/high-energy-astrophysics-and-cosmology-hac-gruppe\/#breadcrumb","itemListElement":[{"@type":"ListItem","position":1,"name":"Home","item":"https:\/\/www.h-its.org\/de\/"},{"@type":"ListItem","position":2,"name":"Forschung am HITS","item":"https:\/\/www.h-its.org\/de\/forschung\/"},{"@type":"ListItem","position":3,"name":"High Energy Astrophysics and Cosmology (HAC) Gruppe"}]},{"@type":"WebSite","@id":"https:\/\/www.h-its.org\/de\/#website","url":"https:\/\/www.h-its.org\/de\/","name":"HITS gGmbH","description":"Heidelberg Institute for Theoretical Studies","potentialAction":[{"@type":"SearchAction","target":{"@type":"EntryPoint","urlTemplate":"https:\/\/www.h-its.org\/de\/?s={search_term_string}"},"query-input":{"@type":"PropertyValueSpecification","valueRequired":true,"valueName":"search_term_string"}}],"inLanguage":"de"}]}},"publishpress_future_action":{"enabled":false,"date":"2026-05-06 09:01:49","action":"change-status","newStatus":"draft","terms":[],"taxonomy":"hits-research-group","extraData":[]},"publishpress_future_workflow_manual_trigger":{"enabledWorkflows":[]},"_links":{"self":[{"href":"https:\/\/www.h-its.org\/de\/wp-json\/wp\/v2\/pages\/31762","targetHints":{"allow":["GET"]}}],"collection":[{"href":"https:\/\/www.h-its.org\/de\/wp-json\/wp\/v2\/pages"}],"about":[{"href":"https:\/\/www.h-its.org\/de\/wp-json\/wp\/v2\/types\/page"}],"author":[{"embeddable":true,"href":"https:\/\/www.h-its.org\/de\/wp-json\/wp\/v2\/users\/107"}],"replies":[{"embeddable":true,"href":"https:\/\/www.h-its.org\/de\/wp-json\/wp\/v2\/comments?post=31762"}],"version-history":[{"count":4,"href":"https:\/\/www.h-its.org\/de\/wp-json\/wp\/v2\/pages\/31762\/revisions"}],"predecessor-version":[{"id":50694,"href":"https:\/\/www.h-its.org\/de\/wp-json\/wp\/v2\/pages\/31762\/revisions\/50694"}],"up":[{"embeddable":true,"href":"https:\/\/www.h-its.org\/de\/wp-json\/wp\/v2\/pages\/4"}],"wp:featuredmedia":[{"embeddable":true,"href":"https:\/\/www.h-its.org\/de\/wp-json\/wp\/v2\/media\/40670"}],"wp:attachment":[{"href":"https:\/\/www.h-its.org\/de\/wp-json\/wp\/v2\/media?parent=31762"}],"wp:term":[{"taxonomy":"hits-research-group","embeddable":true,"href":"https:\/\/www.h-its.org\/de\/wp-json\/wp\/v2\/hits-research-group?post=31762"}],"curies":[{"name":"wp","href":"https:\/\/api.w.org\/{rel}","templated":true}]}}