{"id":31788,"date":"2019-03-21T11:16:48","date_gmt":"2019-03-21T10:16:48","guid":{"rendered":"http:\/\/www.h-its.org\/?page_id=31788"},"modified":"2023-10-23T15:28:43","modified_gmt":"2023-10-23T13:28:43","slug":"karrieremoeglichkeiten","status":"publish","type":"page","link":"https:\/\/www.h-its.org\/de\/karriere\/karrieremoeglichkeiten\/","title":{"rendered":"Karrierem\u00f6glichkeiten"},"content":{"rendered":"\n<p>Wollen Sie Teil unseres Forschungsinstituts werden? Bitte beachten Sie <a href=\"https:\/\/www.h-its.org\/de\/hits-job\/\">unsere aktuellen Stellenangebote<\/a> oder senden Sie uns eine Initiativbewerbung.<\/p>\n\n\n\n<h2 class=\"wp-block-heading\">Karrierem\u00f6glichkeiten am HITS<\/h2>\n\n\n\n<p>HITS ist ein internationales und interdisziplin\u00e4res Institut, das jungen Wissenschaftlerinnen und Wissenschaftlern aller Karrierestufen gro\u00dfe Chancen erm\u00f6glicht. <a href=\"https:\/\/www.h-its.org\/de\/karriere\/working-at-hits\/\">Wir bieten das bestm\u00f6gliche Umfeld f\u00fcr herausragende Forschung.<\/a> <\/p>\n\n\n\n<p><a href=\"https:\/\/www.h-its.org\/de\/forschung\/\">Erfahren Sie mehr \u00fcber unsere Forschungsgruppen am HITS und das interdisziplin\u00e4re HITS Lab.<\/a><\/p>\n\n\n\n<h2 class=\"wp-block-heading\">HITS-Independent-Postdoc-Programm <\/h2>\n\n\n\n<p>Das HITS-Independent-Postdoc-Programm bietet Doktorandinnen und Doktoranden eine gro\u00dfe Chance beim \u00dcbergang zur Nachwuchsgruppenleiterin bzw. zum Nachwuchsgruppenleiter. Es unterst\u00fctzt junge Wissenschaftlerinnen und Wissenschaftler dabei, eigene, innovative Ideen zu entwickeln und eigenst\u00e4ndige Forschungsfragen zu verfolgen. Das  Programm ist auf 2 Jahre mit der Option auf eine 1-j\u00e4hrige Verl\u00e4ngerung ausgelegt. \u201eHigh-risk, high-gain\u201c Projekte sind willkommen.<\/p>\n\n\n\n<p>Beachten Sie die n\u00e4chste Ausschreibung 2024. <a href=\"https:\/\/www.h-its.org\/de\/karriere\/independent-postdoc-programm\/\">Weitere Informationen zum HITS-Independent-Postdoc-Programm finden Sie hier.<\/a><\/p>\n\n\n\n<p>Kontakt: <a href=\"mailto:jobs@h-its.org\">jobs@h-its.org<\/a><\/p>\n\n\n\n<h2 class=\"wp-block-heading\">Eigene Juniorgruppe am HITS<\/h2>\n\n\n\n<p>Wir hei\u00dfen Nachwuchswissenschaftlerinnen und -wissenschaftler willkommen, die eine eigene unabh\u00e4ngige Forschungsgruppe mit Drittmitteln wie einem ERC Starting Grant oder einer DFG Emmy Noether-F\u00f6rderung begr\u00fcnden m\u00f6chten.&nbsp;In Kooperation mit der <a href=\"https:\/\/www.uni-heidelberg.de\/de\/forschung\/nachwuchsfoerderung\">Universit\u00e4t Heidelberg<\/a> und dem <a href=\"https:\/\/www.kit.edu\/forschen\/wissenschaftlicher-nachwuchs.php\">Karlsruher Institut f\u00fcr Technologie<\/a> (KIT) bieten wir ein dynamisches Umfeld ohne disziplin\u00e4re Grenzen und eine Reihe von Vorteilen, die diese Drittmittel erg\u00e4nzen. Dies macht HITS, die Universit\u00e4t Heidelberg und das KIT zu besonders attraktiven Einrichtungen f\u00fcr Ihre unabh\u00e4ngige Forschungsgruppe.<\/p>\n\n\n\n<p>Gerne k\u00f6nnen Sie Ihre Anfrage an <a href=\"mailto:jobs@h-its.org\">jobs@h-its.org<\/a> richten.<\/p>\n\n\n\n<h2 class=\"wp-block-heading\"><strong>Gastwissenschaftler\/-innen am HITS<\/strong><\/h2>\n\n\n\n<p>Wissenschaftlerinnen und Wissenschaftler, die sich f\u00fcr eine l\u00e4ngere Zeit in einer unserer Forschungsgruppen engagieren m\u00f6chten oder an einem bestimmten Forschungsprojekt mitarbeiten m\u00f6chten, sind am HITS herzlich willkommen. <a href=\"https:\/\/www.h-its.org\/de\/forschung\/\">Gerne d\u00fcrfen Sie die entsprechenden Gruppenleiter\/-innen direkt kontaktieren, wenn Sie mehr \u00fcber bestimmte Forschungsthemen erfahren m\u00f6chten.<\/a><\/p>\n\n\n\n<h2 class=\"wp-block-heading\">Klaus Tschira Gastprofessor\/-innen-Programm<\/h2>\n\n\n\n<p>Das Klaus Tschira Gastprofessor\/-innen-Programm hat zum Ziel, wissenschaftlichen Austausch und Zusammenarbeit zu f\u00f6rdern. Zu diesem Zweck laden wir international renommierte Wissenschaftlerinnen und Wissenschaftler f\u00fcr Sabbaticals oder l\u00e4ngere Forschungsaufenthalte ein. Das Programm finanziert einen Aufenthalt \u00fcber Zeitr\u00e4ume von 3 Wochen bis zu 6 Monaten und bietet somit viel Flexibilit\u00e4t, um Ihren Aufenthalt am HITS mit der Forschung an Ihrem Heimatinstitut zu vereinbaren. <\/p>\n\n\n\n<p>Mehr Information zum<a href=\"https:\/\/www.h-its.org\/de\/karriere\/klaus-tschira-guest-professorship-program\/\" target=\"_blank\" rel=\"noreferrer noopener\"> Klaus Tschira Gastprofessor\/-innen-Programm finden Sie hier.<\/a><\/p>\n\n\n\n<h2 class=\"wp-block-heading\">Bei Fragen d\u00fcrfen Sie uns gerne kontaktieren:<\/h2>\n\n\n\n<p>E-Mail: <a href=\"mailto:hr@h-its.org\" target=\"_blank\" rel=\"noreferrer noopener\">hr@h-its.org<\/a> <br>Telefon: 06221 \u2013 533 \u2013 533<\/p>\n","protected":false},"excerpt":{"rendered":"<p>Wollen Sie Teil unseres Forschungsinstituts werden? Bitte beachten Sie unsere aktuellen Stellenangebote oder senden Sie uns eine Initiativbewerbung. Karrierem\u00f6glichkeiten am &#8230;<\/p>\n","protected":false},"author":107,"featured_media":40605,"parent":5776,"menu_order":1,"comment_status":"closed","ping_status":"closed","template":"","meta":{"_acf_changed":false,"inline_featured_image":false,"footnotes":""},"hits-research-group":[1341],"class_list":["post-31788","page","type-page","status-publish","has-post-thumbnail","hentry","hits-research-group-administration-de"],"acf":[],"yoast_head":"<!-- This site is optimized with the Yoast SEO plugin v27.4 - https:\/\/yoast.com\/product\/yoast-seo-wordpress\/ -->\n<title>Karrierem\u00f6glichkeiten - HITS gGmbH<\/title>\n<meta name=\"robots\" content=\"index, follow, max-snippet:-1, max-image-preview:large, max-video-preview:-1\" \/>\n<link rel=\"canonical\" href=\"https:\/\/www.h-its.org\/de\/karriere\/karrieremoeglichkeiten\/\" \/>\n<meta property=\"og:locale\" content=\"de_DE\" \/>\n<meta property=\"og:type\" content=\"article\" \/>\n<meta property=\"og:title\" content=\"Karrierem\u00f6glichkeiten - HITS gGmbH\" \/>\n<meta property=\"og:description\" content=\"Wollen Sie Teil unseres Forschungsinstituts werden? Bitte beachten Sie unsere aktuellen Stellenangebote oder senden Sie uns eine Initiativbewerbung. Karrierem\u00f6glichkeiten am ...\" \/>\n<meta property=\"og:url\" content=\"https:\/\/www.h-its.org\/de\/karriere\/karrieremoeglichkeiten\/\" \/>\n<meta property=\"og:site_name\" content=\"HITS gGmbH\" \/>\n<meta property=\"article:modified_time\" content=\"2023-10-23T13:28:43+00:00\" \/>\n<meta property=\"og:image\" content=\"https:\/\/www.h-its.org\/de\/wp-content\/uploads\/sites\/2\/2019\/12\/Karriere.jpg\" \/>\n\t<meta property=\"og:image:width\" content=\"1340\" \/>\n\t<meta property=\"og:image:height\" content=\"450\" \/>\n\t<meta property=\"og:image:type\" content=\"image\/jpeg\" \/>\n<meta name=\"twitter:card\" content=\"summary_large_image\" \/>\n<meta name=\"twitter:label1\" content=\"Gesch\u00e4tzte Lesezeit\" \/>\n\t<meta name=\"twitter:data1\" content=\"2\u00a0Minuten\" \/>\n<script type=\"application\/ld+json\" class=\"yoast-schema-graph\">{\"@context\":\"https:\\\/\\\/schema.org\",\"@graph\":[{\"@type\":\"WebPage\",\"@id\":\"https:\\\/\\\/www.h-its.org\\\/de\\\/karriere\\\/karrieremoeglichkeiten\\\/\",\"url\":\"https:\\\/\\\/www.h-its.org\\\/de\\\/karriere\\\/karrieremoeglichkeiten\\\/\",\"name\":\"Karrierem\u00f6glichkeiten - HITS gGmbH\",\"isPartOf\":{\"@id\":\"https:\\\/\\\/www.h-its.org\\\/de\\\/#website\"},\"primaryImageOfPage\":{\"@id\":\"https:\\\/\\\/www.h-its.org\\\/de\\\/karriere\\\/karrieremoeglichkeiten\\\/#primaryimage\"},\"image\":{\"@id\":\"https:\\\/\\\/www.h-its.org\\\/de\\\/karriere\\\/karrieremoeglichkeiten\\\/#primaryimage\"},\"thumbnailUrl\":\"https:\\\/\\\/www.h-its.org\\\/de\\\/wp-content\\\/uploads\\\/sites\\\/2\\\/2019\\\/12\\\/Karriere.jpg\",\"datePublished\":\"2019-03-21T10:16:48+00:00\",\"dateModified\":\"2023-10-23T13:28:43+00:00\",\"breadcrumb\":{\"@id\":\"https:\\\/\\\/www.h-its.org\\\/de\\\/karriere\\\/karrieremoeglichkeiten\\\/#breadcrumb\"},\"inLanguage\":\"de\",\"potentialAction\":[{\"@type\":\"ReadAction\",\"target\":[\"https:\\\/\\\/www.h-its.org\\\/de\\\/karriere\\\/karrieremoeglichkeiten\\\/\"]}]},{\"@type\":\"ImageObject\",\"inLanguage\":\"de\",\"@id\":\"https:\\\/\\\/www.h-its.org\\\/de\\\/karriere\\\/karrieremoeglichkeiten\\\/#primaryimage\",\"url\":\"https:\\\/\\\/www.h-its.org\\\/de\\\/wp-content\\\/uploads\\\/sites\\\/2\\\/2019\\\/12\\\/Karriere.jpg\",\"contentUrl\":\"https:\\\/\\\/www.h-its.org\\\/de\\\/wp-content\\\/uploads\\\/sites\\\/2\\\/2019\\\/12\\\/Karriere.jpg\",\"width\":1340,\"height\":450},{\"@type\":\"BreadcrumbList\",\"@id\":\"https:\\\/\\\/www.h-its.org\\\/de\\\/karriere\\\/karrieremoeglichkeiten\\\/#breadcrumb\",\"itemListElement\":[{\"@type\":\"ListItem\",\"position\":1,\"name\":\"Home\",\"item\":\"https:\\\/\\\/www.h-its.org\\\/de\\\/\"},{\"@type\":\"ListItem\",\"position\":2,\"name\":\"Join HITS\",\"item\":\"https:\\\/\\\/www.h-its.org\\\/de\\\/karriere\\\/\"},{\"@type\":\"ListItem\",\"position\":3,\"name\":\"Karrierem\u00f6glichkeiten\"}]},{\"@type\":\"WebSite\",\"@id\":\"https:\\\/\\\/www.h-its.org\\\/de\\\/#website\",\"url\":\"https:\\\/\\\/www.h-its.org\\\/de\\\/\",\"name\":\"HITS gGmbH\",\"description\":\"Heidelberg Institute for Theoretical Studies\",\"potentialAction\":[{\"@type\":\"SearchAction\",\"target\":{\"@type\":\"EntryPoint\",\"urlTemplate\":\"https:\\\/\\\/www.h-its.org\\\/de\\\/?s={search_term_string}\"},\"query-input\":{\"@type\":\"PropertyValueSpecification\",\"valueRequired\":true,\"valueName\":\"search_term_string\"}}],\"inLanguage\":\"de\"}]}<\/script>\n<!-- \/ Yoast SEO plugin. -->","yoast_head_json":{"title":"Karrierem\u00f6glichkeiten - HITS gGmbH","robots":{"index":"index","follow":"follow","max-snippet":"max-snippet:-1","max-image-preview":"max-image-preview:large","max-video-preview":"max-video-preview:-1"},"canonical":"https:\/\/www.h-its.org\/de\/karriere\/karrieremoeglichkeiten\/","og_locale":"de_DE","og_type":"article","og_title":"Karrierem\u00f6glichkeiten - HITS gGmbH","og_description":"Wollen Sie Teil unseres Forschungsinstituts werden? Bitte beachten Sie unsere aktuellen Stellenangebote oder senden Sie uns eine Initiativbewerbung. Karrierem\u00f6glichkeiten am ...","og_url":"https:\/\/www.h-its.org\/de\/karriere\/karrieremoeglichkeiten\/","og_site_name":"HITS gGmbH","article_modified_time":"2023-10-23T13:28:43+00:00","og_image":[{"width":1340,"height":450,"url":"https:\/\/www.h-its.org\/de\/wp-content\/uploads\/sites\/2\/2019\/12\/Karriere.jpg","type":"image\/jpeg"}],"twitter_card":"summary_large_image","twitter_misc":{"Gesch\u00e4tzte Lesezeit":"2\u00a0Minuten"},"schema":{"@context":"https:\/\/schema.org","@graph":[{"@type":"WebPage","@id":"https:\/\/www.h-its.org\/de\/karriere\/karrieremoeglichkeiten\/","url":"https:\/\/www.h-its.org\/de\/karriere\/karrieremoeglichkeiten\/","name":"Karrierem\u00f6glichkeiten - HITS gGmbH","isPartOf":{"@id":"https:\/\/www.h-its.org\/de\/#website"},"primaryImageOfPage":{"@id":"https:\/\/www.h-its.org\/de\/karriere\/karrieremoeglichkeiten\/#primaryimage"},"image":{"@id":"https:\/\/www.h-its.org\/de\/karriere\/karrieremoeglichkeiten\/#primaryimage"},"thumbnailUrl":"https:\/\/www.h-its.org\/de\/wp-content\/uploads\/sites\/2\/2019\/12\/Karriere.jpg","datePublished":"2019-03-21T10:16:48+00:00","dateModified":"2023-10-23T13:28:43+00:00","breadcrumb":{"@id":"https:\/\/www.h-its.org\/de\/karriere\/karrieremoeglichkeiten\/#breadcrumb"},"inLanguage":"de","potentialAction":[{"@type":"ReadAction","target":["https:\/\/www.h-its.org\/de\/karriere\/karrieremoeglichkeiten\/"]}]},{"@type":"ImageObject","inLanguage":"de","@id":"https:\/\/www.h-its.org\/de\/karriere\/karrieremoeglichkeiten\/#primaryimage","url":"https:\/\/www.h-its.org\/de\/wp-content\/uploads\/sites\/2\/2019\/12\/Karriere.jpg","contentUrl":"https:\/\/www.h-its.org\/de\/wp-content\/uploads\/sites\/2\/2019\/12\/Karriere.jpg","width":1340,"height":450},{"@type":"BreadcrumbList","@id":"https:\/\/www.h-its.org\/de\/karriere\/karrieremoeglichkeiten\/#breadcrumb","itemListElement":[{"@type":"ListItem","position":1,"name":"Home","item":"https:\/\/www.h-its.org\/de\/"},{"@type":"ListItem","position":2,"name":"Join HITS","item":"https:\/\/www.h-its.org\/de\/karriere\/"},{"@type":"ListItem","position":3,"name":"Karrierem\u00f6glichkeiten"}]},{"@type":"WebSite","@id":"https:\/\/www.h-its.org\/de\/#website","url":"https:\/\/www.h-its.org\/de\/","name":"HITS gGmbH","description":"Heidelberg Institute for Theoretical Studies","potentialAction":[{"@type":"SearchAction","target":{"@type":"EntryPoint","urlTemplate":"https:\/\/www.h-its.org\/de\/?s={search_term_string}"},"query-input":{"@type":"PropertyValueSpecification","valueRequired":true,"valueName":"search_term_string"}}],"inLanguage":"de"}]}},"publishpress_future_action":{"enabled":false,"date":"2026-04-24 02:30:41","action":"change-status","newStatus":"draft","terms":[],"taxonomy":"hits-research-group","extraData":[]},"publishpress_future_workflow_manual_trigger":{"enabledWorkflows":[]},"_links":{"self":[{"href":"https:\/\/www.h-its.org\/de\/wp-json\/wp\/v2\/pages\/31788","targetHints":{"allow":["GET"]}}],"collection":[{"href":"https:\/\/www.h-its.org\/de\/wp-json\/wp\/v2\/pages"}],"about":[{"href":"https:\/\/www.h-its.org\/de\/wp-json\/wp\/v2\/types\/page"}],"author":[{"embeddable":true,"href":"https:\/\/www.h-its.org\/de\/wp-json\/wp\/v2\/users\/107"}],"replies":[{"embeddable":true,"href":"https:\/\/www.h-its.org\/de\/wp-json\/wp\/v2\/comments?post=31788"}],"version-history":[{"count":27,"href":"https:\/\/www.h-its.org\/de\/wp-json\/wp\/v2\/pages\/31788\/revisions"}],"predecessor-version":[{"id":48507,"href":"https:\/\/www.h-its.org\/de\/wp-json\/wp\/v2\/pages\/31788\/revisions\/48507"}],"up":[{"embeddable":true,"href":"https:\/\/www.h-its.org\/de\/wp-json\/wp\/v2\/pages\/5776"}],"wp:featuredmedia":[{"embeddable":true,"href":"https:\/\/www.h-its.org\/de\/wp-json\/wp\/v2\/media\/40605"}],"wp:attachment":[{"href":"https:\/\/www.h-its.org\/de\/wp-json\/wp\/v2\/media?parent=31788"}],"wp:term":[{"taxonomy":"hits-research-group","embeddable":true,"href":"https:\/\/www.h-its.org\/de\/wp-json\/wp\/v2\/hits-research-group?post=31788"}],"curies":[{"name":"wp","href":"https:\/\/api.w.org\/{rel}","templated":true}]}}