{"id":32,"date":"2014-09-03T20:09:57","date_gmt":"2014-09-03T18:09:57","guid":{"rendered":"http:\/\/www.h-its.org\/de\/research\/ain\/"},"modified":"2019-12-10T12:40:10","modified_gmt":"2019-12-10T11:40:10","slug":"ain-de","status":"publish","type":"page","link":"https:\/\/www.h-its.org\/de\/forschung\/ain-de\/","title":{"rendered":"Astroinformatics (AIN)"},"content":{"rendered":"\n<p>2013 wurde die Astroinformatik Gruppe am HITS gegr\u00fcndet. Unser Ziel ist es neue Methoden und Werkzeuge zu entwickeln, um eine Analyse der exponentiell wachsenden Anzahl an Daten im Bereich der Astronomie zu erm\u00f6glichen.<\/p>\n\n\n\n<p>In den letzten zwanzig Jahren hat der Einsatz von Computern die Astronomie stark beeinflusst. Durch technologische Fortschritte wurde es m\u00f6glich neue Detektoren sowie innovative Instrumente und Teleskopdesigns zu realisieren. Dadurch k\u00f6nnen Astronomen nun Objekte mit bisher unerreichtem Detailreichtum und in neuen Wellenl\u00e4ngenbereichen beobachten. Mit speziell daf\u00fcr vorgesehenen Teleskopen wird der Himmel jede Nacht beobachtet und die so gewonnen Daten werden frei zur Verf\u00fcgung gestellt. Wir m\u00f6chten es Wissenschaftlern durch unsere Forschung erm\u00f6glichen, diese riesigen Datenmengen durch neue Analysemethoden effizienter zu nutzen.<\/p>\n\n\n\n<p>Unsere Gruppe besch\u00e4ftigt sich mit der Entwicklung photometrischer Rotverschiebungsmodelle. Diese werden f\u00fcr die neuen Generationen von Himmelsdurchmusterungen, ben\u00f6tigt. Des Weiteren besch\u00e4ftigen wir uns mit der Suche nach astronomischen Objekten, die mit einer H\u00e4ufigkeit von ein paar wenigen pro Million vorkommen. Um solch seltene Objekte f\u00fcr detaillierte Untersuchungen zu finden, scheidet die manuelle Selektion aus. Die morphologische Klassifikation von Galaxien sowie hochdimensionale \u00c4hnlichkeitsma\u00dfe sind weitere Forschungsbereiche. Beide Bereiche werden ben\u00f6tigt, um einen explorativeren Datenzugang f\u00fcr die Astronomen zu schaffen.<\/p>\n","protected":false},"excerpt":{"rendered":"<p>Die AIN Gruppe entwickelt neue Methoden und Werkzeuge, um eine Analyse der exponentiell wachsenden Anzahl an Daten im Bereich der Astronomie &#8230;<\/p>\n","protected":false},"author":1,"featured_media":40632,"parent":4,"menu_order":1,"comment_status":"closed","ping_status":"closed","template":"page-templates\/group.php","meta":{"_acf_changed":false,"inline_featured_image":false,"footnotes":""},"hits-research-group":[1277],"class_list":["post-32","page","type-page","status-publish","has-post-thumbnail","hentry","hits-research-group-ain-de"],"acf":[],"yoast_head":"<!-- This site is optimized with the Yoast SEO plugin v27.2 - https:\/\/yoast.com\/product\/yoast-seo-wordpress\/ -->\n<title>Astroinformatics (AIN) - HITS gGmbH<\/title>\n<meta name=\"robots\" content=\"index, follow, max-snippet:-1, max-image-preview:large, max-video-preview:-1\" \/>\n<link rel=\"canonical\" href=\"https:\/\/www.h-its.org\/de\/forschung\/ain-de\/\" \/>\n<meta property=\"og:locale\" content=\"de_DE\" \/>\n<meta property=\"og:type\" content=\"article\" \/>\n<meta property=\"og:title\" content=\"Astroinformatics (AIN) - HITS gGmbH\" \/>\n<meta property=\"og:description\" content=\"Die AIN Gruppe entwickelt neue Methoden und Werkzeuge, um eine Analyse der exponentiell wachsenden Anzahl an Daten im Bereich der Astronomie ...\" \/>\n<meta property=\"og:url\" content=\"https:\/\/www.h-its.org\/de\/forschung\/ain-de\/\" \/>\n<meta property=\"og:site_name\" content=\"HITS gGmbH\" \/>\n<meta property=\"article:modified_time\" content=\"2019-12-10T11:40:10+00:00\" \/>\n<meta property=\"og:image\" content=\"https:\/\/www.h-its.org\/de\/wp-content\/uploads\/sites\/2\/2019\/12\/AIN.jpg\" \/>\n\t<meta property=\"og:image:width\" content=\"1340\" \/>\n\t<meta property=\"og:image:height\" content=\"1340\" \/>\n\t<meta property=\"og:image:type\" content=\"image\/jpeg\" \/>\n<meta name=\"twitter:card\" content=\"summary_large_image\" \/>\n<meta name=\"twitter:label1\" content=\"Gesch\u00e4tzte Lesezeit\" \/>\n\t<meta name=\"twitter:data1\" content=\"1\u00a0Minute\" \/>\n<script type=\"application\/ld+json\" class=\"yoast-schema-graph\">{\"@context\":\"https:\/\/schema.org\",\"@graph\":[{\"@type\":\"WebPage\",\"@id\":\"https:\/\/www.h-its.org\/de\/forschung\/ain-de\/\",\"url\":\"https:\/\/www.h-its.org\/de\/forschung\/ain-de\/\",\"name\":\"Astroinformatics (AIN) - HITS gGmbH\",\"isPartOf\":{\"@id\":\"https:\/\/www.h-its.org\/de\/#website\"},\"primaryImageOfPage\":{\"@id\":\"https:\/\/www.h-its.org\/de\/forschung\/ain-de\/#primaryimage\"},\"image\":{\"@id\":\"https:\/\/www.h-its.org\/de\/forschung\/ain-de\/#primaryimage\"},\"thumbnailUrl\":\"https:\/\/www.h-its.org\/de\/wp-content\/uploads\/sites\/2\/2019\/12\/AIN.jpg\",\"datePublished\":\"2014-09-03T18:09:57+00:00\",\"dateModified\":\"2019-12-10T11:40:10+00:00\",\"breadcrumb\":{\"@id\":\"https:\/\/www.h-its.org\/de\/forschung\/ain-de\/#breadcrumb\"},\"inLanguage\":\"de\",\"potentialAction\":[{\"@type\":\"ReadAction\",\"target\":[\"https:\/\/www.h-its.org\/de\/forschung\/ain-de\/\"]}]},{\"@type\":\"ImageObject\",\"inLanguage\":\"de\",\"@id\":\"https:\/\/www.h-its.org\/de\/forschung\/ain-de\/#primaryimage\",\"url\":\"https:\/\/www.h-its.org\/de\/wp-content\/uploads\/sites\/2\/2019\/12\/AIN.jpg\",\"contentUrl\":\"https:\/\/www.h-its.org\/de\/wp-content\/uploads\/sites\/2\/2019\/12\/AIN.jpg\",\"width\":1340,\"height\":1340,\"caption\":\"AIN sliced image\"},{\"@type\":\"BreadcrumbList\",\"@id\":\"https:\/\/www.h-its.org\/de\/forschung\/ain-de\/#breadcrumb\",\"itemListElement\":[{\"@type\":\"ListItem\",\"position\":1,\"name\":\"Home\",\"item\":\"https:\/\/www.h-its.org\/de\/\"},{\"@type\":\"ListItem\",\"position\":2,\"name\":\"Forschung am HITS\",\"item\":\"https:\/\/www.h-its.org\/de\/forschung\/\"},{\"@type\":\"ListItem\",\"position\":3,\"name\":\"Astroinformatics (AIN)\"}]},{\"@type\":\"WebSite\",\"@id\":\"https:\/\/www.h-its.org\/de\/#website\",\"url\":\"https:\/\/www.h-its.org\/de\/\",\"name\":\"HITS gGmbH\",\"description\":\"Heidelberg Institute for Theoretical Studies\",\"potentialAction\":[{\"@type\":\"SearchAction\",\"target\":{\"@type\":\"EntryPoint\",\"urlTemplate\":\"https:\/\/www.h-its.org\/de\/?s={search_term_string}\"},\"query-input\":{\"@type\":\"PropertyValueSpecification\",\"valueRequired\":true,\"valueName\":\"search_term_string\"}}],\"inLanguage\":\"de\"}]}<\/script>\n<!-- \/ Yoast SEO plugin. -->","yoast_head_json":{"title":"Astroinformatics (AIN) - HITS gGmbH","robots":{"index":"index","follow":"follow","max-snippet":"max-snippet:-1","max-image-preview":"max-image-preview:large","max-video-preview":"max-video-preview:-1"},"canonical":"https:\/\/www.h-its.org\/de\/forschung\/ain-de\/","og_locale":"de_DE","og_type":"article","og_title":"Astroinformatics (AIN) - HITS gGmbH","og_description":"Die AIN Gruppe entwickelt neue Methoden und Werkzeuge, um eine Analyse der exponentiell wachsenden Anzahl an Daten im Bereich der Astronomie ...","og_url":"https:\/\/www.h-its.org\/de\/forschung\/ain-de\/","og_site_name":"HITS gGmbH","article_modified_time":"2019-12-10T11:40:10+00:00","og_image":[{"width":1340,"height":1340,"url":"https:\/\/www.h-its.org\/de\/wp-content\/uploads\/sites\/2\/2019\/12\/AIN.jpg","type":"image\/jpeg"}],"twitter_card":"summary_large_image","twitter_misc":{"Gesch\u00e4tzte Lesezeit":"1\u00a0Minute"},"schema":{"@context":"https:\/\/schema.org","@graph":[{"@type":"WebPage","@id":"https:\/\/www.h-its.org\/de\/forschung\/ain-de\/","url":"https:\/\/www.h-its.org\/de\/forschung\/ain-de\/","name":"Astroinformatics (AIN) - HITS gGmbH","isPartOf":{"@id":"https:\/\/www.h-its.org\/de\/#website"},"primaryImageOfPage":{"@id":"https:\/\/www.h-its.org\/de\/forschung\/ain-de\/#primaryimage"},"image":{"@id":"https:\/\/www.h-its.org\/de\/forschung\/ain-de\/#primaryimage"},"thumbnailUrl":"https:\/\/www.h-its.org\/de\/wp-content\/uploads\/sites\/2\/2019\/12\/AIN.jpg","datePublished":"2014-09-03T18:09:57+00:00","dateModified":"2019-12-10T11:40:10+00:00","breadcrumb":{"@id":"https:\/\/www.h-its.org\/de\/forschung\/ain-de\/#breadcrumb"},"inLanguage":"de","potentialAction":[{"@type":"ReadAction","target":["https:\/\/www.h-its.org\/de\/forschung\/ain-de\/"]}]},{"@type":"ImageObject","inLanguage":"de","@id":"https:\/\/www.h-its.org\/de\/forschung\/ain-de\/#primaryimage","url":"https:\/\/www.h-its.org\/de\/wp-content\/uploads\/sites\/2\/2019\/12\/AIN.jpg","contentUrl":"https:\/\/www.h-its.org\/de\/wp-content\/uploads\/sites\/2\/2019\/12\/AIN.jpg","width":1340,"height":1340,"caption":"AIN sliced image"},{"@type":"BreadcrumbList","@id":"https:\/\/www.h-its.org\/de\/forschung\/ain-de\/#breadcrumb","itemListElement":[{"@type":"ListItem","position":1,"name":"Home","item":"https:\/\/www.h-its.org\/de\/"},{"@type":"ListItem","position":2,"name":"Forschung am HITS","item":"https:\/\/www.h-its.org\/de\/forschung\/"},{"@type":"ListItem","position":3,"name":"Astroinformatics (AIN)"}]},{"@type":"WebSite","@id":"https:\/\/www.h-its.org\/de\/#website","url":"https:\/\/www.h-its.org\/de\/","name":"HITS gGmbH","description":"Heidelberg Institute for Theoretical Studies","potentialAction":[{"@type":"SearchAction","target":{"@type":"EntryPoint","urlTemplate":"https:\/\/www.h-its.org\/de\/?s={search_term_string}"},"query-input":{"@type":"PropertyValueSpecification","valueRequired":true,"valueName":"search_term_string"}}],"inLanguage":"de"}]}},"publishpress_future_action":{"enabled":false,"date":"2026-04-19 04:40:00","action":"change-status","newStatus":"draft","terms":[],"taxonomy":"hits-research-group","extraData":[]},"publishpress_future_workflow_manual_trigger":{"enabledWorkflows":[]},"_links":{"self":[{"href":"https:\/\/www.h-its.org\/de\/wp-json\/wp\/v2\/pages\/32","targetHints":{"allow":["GET"]}}],"collection":[{"href":"https:\/\/www.h-its.org\/de\/wp-json\/wp\/v2\/pages"}],"about":[{"href":"https:\/\/www.h-its.org\/de\/wp-json\/wp\/v2\/types\/page"}],"author":[{"embeddable":true,"href":"https:\/\/www.h-its.org\/de\/wp-json\/wp\/v2\/users\/1"}],"replies":[{"embeddable":true,"href":"https:\/\/www.h-its.org\/de\/wp-json\/wp\/v2\/comments?post=32"}],"version-history":[{"count":16,"href":"https:\/\/www.h-its.org\/de\/wp-json\/wp\/v2\/pages\/32\/revisions"}],"predecessor-version":[{"id":40032,"href":"https:\/\/www.h-its.org\/de\/wp-json\/wp\/v2\/pages\/32\/revisions\/40032"}],"up":[{"embeddable":true,"href":"https:\/\/www.h-its.org\/de\/wp-json\/wp\/v2\/pages\/4"}],"wp:featuredmedia":[{"embeddable":true,"href":"https:\/\/www.h-its.org\/de\/wp-json\/wp\/v2\/media\/40632"}],"wp:attachment":[{"href":"https:\/\/www.h-its.org\/de\/wp-json\/wp\/v2\/media?parent=32"}],"wp:term":[{"taxonomy":"hits-research-group","embeddable":true,"href":"https:\/\/www.h-its.org\/de\/wp-json\/wp\/v2\/hits-research-group?post=32"}],"curies":[{"name":"wp","href":"https:\/\/api.w.org\/{rel}","templated":true}]}}