{"id":34858,"date":"2019-03-15T15:29:21","date_gmt":"2019-03-15T14:29:21","guid":{"rendered":"https:\/\/www.h-its.org\/karriere\/working-at-hits\/"},"modified":"2020-03-02T10:47:47","modified_gmt":"2020-03-02T09:47:47","slug":"working-at-hits","status":"publish","type":"page","link":"https:\/\/www.h-its.org\/de\/karriere\/working-at-hits\/","title":{"rendered":"Arbeiten am HITS"},"content":{"rendered":"\n<p>Das Heidelberger Institut f\u00fcr Theoretische Studien (HITS) ist ein multidisziplin\u00e4res, interdisziplin\u00e4res Forschungsinstitut, das Grundlagenforschung in den Naturwissenschaften, der Mathematik und der Informatik betreibt. Das HITS hat es sich zum Ziel gesetzt, wissenschaftliche Exzellenz zu f\u00f6rdern. Zu diesem Zweck hat das Institut ideale Rahmenbedingungen geschaffen, damit die einzelnen Forschungsgruppen ihre Arbeit mit der gr\u00f6\u00dftm\u00f6glichen Forschungsfreiheit und administrativer Unterst\u00fctzung vorantreiben k\u00f6nnen:<\/p>\n\n\n\n<h2 class=\"wp-block-heading\">Forschung<\/h2>\n\n\n\n<p>Der Aufbau des HITS erm\u00f6glicht gro\u00dfe Forschungsfreiheit: Die Forschungsschwerpunkte werden von den Gruppenleitern und Gruppenleiterinnen frei gew\u00e4hlt, die ebenfalls \u00fcber die wissenschaftliche Vorgehensweise entscheiden. Die HITS Gruppenleiter und Gruppenleiterinnen sind f\u00fchrend in ihrem Forschungsfeld, am HITS haben sie die M\u00f6glichkeit, einen Gro\u00dfteil ihrer Zeit in die Betreuung von Studierenden sowie Mitarbeitern und Mitarbeiterinnen zu investieren. Die Gruppen am HITS profitieren au\u00dferdem von der Diversit\u00e4t der Forschung am Institut, das interdisziplin\u00e4re Ans\u00e4tze und Projekte intensiv f\u00f6rdert. Dem HITS ist es wichtig, den Gruppen eine langfristige und nachhaltige Forschungsentwicklung zu erm\u00f6glichen. Dabei wird der Qualit\u00e4t der Forschung ein h\u00f6herer Stellenwert beigemessen als der Quantit\u00e4t.<\/p>\n\n\n\n<h2 class=\"wp-block-heading\">Infrastruktur und Campus<\/h2>\n\n\n\n<p>Der Hauptcampus des HITS befindet\nsich in Heidelberg-Schlierbach, mitten in der Natur. Der zweite Standort des\nInstituts ist im \u201eMathematikon\u201c im Neuenheimer Feld in unmittelbarer N\u00e4he zum\nCampus der Universit\u00e4t Heidelberg. <\/p>\n\n\n\n<p>Der Hauptcampus ist barrierefrei\nund mit \u00f6ffentlichen Verkehrsmitteln schnell und einfach zu erreichen.&nbsp; Der \u201eScience Bus\u201c h\u00e4lt direkt vor dem\nInstitut. Ein paar Gehminuten entfernt befindet sich au\u00dferdem die Garage \u201eUnter\nder Boschwiese\u201c, die kostenfrei genutzt werden kann. F\u00fcr sportliche Mitarbeiter\nund Mitarbeiterinnen besteht au\u00dferdem die M\u00f6glichkeit, zu Fu\u00df oder mit dem\nFahrrad zum HITS zu kommen. Das Institut stellt hierf\u00fcr ein Leihfahrrad,\nFahrradst\u00e4nder und Duschen zur Verf\u00fcgung. <\/p>\n\n\n\n<p>Beide Standorte bieten modern ausgestattete Arbeitspl\u00e4tze, die ein produktives Arbeitsumfeld gew\u00e4hrleisten. Es gibt mehrere Besprechungsr\u00e4ume mit Videokonferenz- und Pr\u00e4sentationssystemen. Die R\u00e4ume k\u00f6nnen zum Arbeiten und f\u00fcr Pr\u00e4sentationen oder Meetings jeglicher Art frei genutzt werden. F\u00fcr gr\u00f6\u00dfere Veranstaltungen mit bis zu 100 Teilnehmer\/-innen steht das \u201eStudio Villla Bosch\u201c direkt neben dem HITS Geb\u00e4ude zur Verf\u00fcgung.<\/p>\n\n\n\n<h2 class=\"wp-block-heading\">Dienst- und Sozialleistungen<\/h2>\n\n\n\n<p>Am HITS werden zahlreiche Zusatzleistungen\nf\u00fcr alle Mitarbeiter und Mitarbeiterinnen angeboten. Es gibt eine Kantine mit\nt\u00e4glichem Mittagessen zu einem attraktiven Preis sowie kostenlos Kaffee, Tee\nund Wasser. In den Teek\u00fcchen am HITS gibt es Mikrowellen und K\u00fchlschr\u00e4nke sowie\neinen Geschirrsp\u00fclservice. Die Mitarbeiterinnen und Mitarbeiter profitieren\nau\u00dferdem von dem gro\u00dfz\u00fcgigen Garten um das Institut herum, in dem die HITSter\nihre Pausen verbringen, spazieren gehen, Gruppenmeetings abhalten oder\nTischtennis spielen k\u00f6nnen. Zus\u00e4tzlich zur vorhandenen Infrastruktur bietet das\nHITS Pr\u00e4sentationstrainings, Deutsch- und Englischkurse, wissenschaftliche\nVeranstaltungen wie z.B. Scientific Seminars und Workshops sowie viele gemeinsame\nAktivit\u00e4ten f\u00fcr alle HITSter.<\/p>\n\n\n\n<p>Je nach Arbeitsvertrag gibt es\ndar\u00fcber hinaus eine Reihe weiterer attraktiver Zusatzleistungen. <\/p>\n\n\n\n<p>Die Teams der Administration und\nder IT bieten au\u00dferdem einen exzellenten Service f\u00fcr alle Wissenschaftler und\nWissenschaftlerinnen, damit sich diese voll und ganz auf ihre Forschung konzentrieren\nk\u00f6nnen. &nbsp;<\/p>\n","protected":false},"excerpt":{"rendered":"<p>Das Heidelberger Institut f\u00fcr Theoretische Studien (HITS) ist ein multidisziplin\u00e4res, interdisziplin\u00e4res Forschungsinstitut, das Grundlagenforschung in den Naturwissenschaften, der &#8230;<\/p>\n","protected":false},"author":107,"featured_media":40605,"parent":5776,"menu_order":2,"comment_status":"closed","ping_status":"closed","template":"","meta":{"_acf_changed":false,"inline_featured_image":false,"footnotes":""},"hits-research-group":[1341],"class_list":["post-34858","page","type-page","status-publish","has-post-thumbnail","hentry","hits-research-group-administration-de"],"acf":[],"yoast_head":"<!-- This site is optimized with the Yoast SEO plugin v27.4 - https:\/\/yoast.com\/product\/yoast-seo-wordpress\/ -->\n<title>Arbeiten am HITS - HITS gGmbH<\/title>\n<meta name=\"robots\" content=\"index, follow, max-snippet:-1, max-image-preview:large, max-video-preview:-1\" \/>\n<link rel=\"canonical\" href=\"https:\/\/www.h-its.org\/de\/karriere\/working-at-hits\/\" \/>\n<meta property=\"og:locale\" content=\"de_DE\" \/>\n<meta property=\"og:type\" content=\"article\" \/>\n<meta property=\"og:title\" content=\"Arbeiten am HITS - HITS gGmbH\" \/>\n<meta property=\"og:description\" content=\"Das Heidelberger Institut f\u00fcr Theoretische Studien (HITS) ist ein multidisziplin\u00e4res, interdisziplin\u00e4res Forschungsinstitut, das Grundlagenforschung in den Naturwissenschaften, der ...\" \/>\n<meta property=\"og:url\" content=\"https:\/\/www.h-its.org\/de\/karriere\/working-at-hits\/\" \/>\n<meta property=\"og:site_name\" content=\"HITS gGmbH\" \/>\n<meta property=\"article:modified_time\" content=\"2020-03-02T09:47:47+00:00\" \/>\n<meta property=\"og:image\" content=\"https:\/\/www.h-its.org\/de\/wp-content\/uploads\/sites\/2\/2019\/12\/Karriere.jpg\" \/>\n\t<meta property=\"og:image:width\" content=\"1340\" \/>\n\t<meta property=\"og:image:height\" content=\"450\" \/>\n\t<meta property=\"og:image:type\" content=\"image\/jpeg\" \/>\n<meta name=\"twitter:card\" content=\"summary_large_image\" \/>\n<meta name=\"twitter:label1\" content=\"Gesch\u00e4tzte Lesezeit\" \/>\n\t<meta name=\"twitter:data1\" content=\"3\u00a0Minuten\" \/>\n<script type=\"application\/ld+json\" class=\"yoast-schema-graph\">{\"@context\":\"https:\\\/\\\/schema.org\",\"@graph\":[{\"@type\":\"WebPage\",\"@id\":\"https:\\\/\\\/www.h-its.org\\\/de\\\/karriere\\\/working-at-hits\\\/\",\"url\":\"https:\\\/\\\/www.h-its.org\\\/de\\\/karriere\\\/working-at-hits\\\/\",\"name\":\"Arbeiten am HITS - HITS gGmbH\",\"isPartOf\":{\"@id\":\"https:\\\/\\\/www.h-its.org\\\/de\\\/#website\"},\"primaryImageOfPage\":{\"@id\":\"https:\\\/\\\/www.h-its.org\\\/de\\\/karriere\\\/working-at-hits\\\/#primaryimage\"},\"image\":{\"@id\":\"https:\\\/\\\/www.h-its.org\\\/de\\\/karriere\\\/working-at-hits\\\/#primaryimage\"},\"thumbnailUrl\":\"https:\\\/\\\/www.h-its.org\\\/de\\\/wp-content\\\/uploads\\\/sites\\\/2\\\/2019\\\/12\\\/Karriere.jpg\",\"datePublished\":\"2019-03-15T14:29:21+00:00\",\"dateModified\":\"2020-03-02T09:47:47+00:00\",\"breadcrumb\":{\"@id\":\"https:\\\/\\\/www.h-its.org\\\/de\\\/karriere\\\/working-at-hits\\\/#breadcrumb\"},\"inLanguage\":\"de\",\"potentialAction\":[{\"@type\":\"ReadAction\",\"target\":[\"https:\\\/\\\/www.h-its.org\\\/de\\\/karriere\\\/working-at-hits\\\/\"]}]},{\"@type\":\"ImageObject\",\"inLanguage\":\"de\",\"@id\":\"https:\\\/\\\/www.h-its.org\\\/de\\\/karriere\\\/working-at-hits\\\/#primaryimage\",\"url\":\"https:\\\/\\\/www.h-its.org\\\/de\\\/wp-content\\\/uploads\\\/sites\\\/2\\\/2019\\\/12\\\/Karriere.jpg\",\"contentUrl\":\"https:\\\/\\\/www.h-its.org\\\/de\\\/wp-content\\\/uploads\\\/sites\\\/2\\\/2019\\\/12\\\/Karriere.jpg\",\"width\":1340,\"height\":450},{\"@type\":\"BreadcrumbList\",\"@id\":\"https:\\\/\\\/www.h-its.org\\\/de\\\/karriere\\\/working-at-hits\\\/#breadcrumb\",\"itemListElement\":[{\"@type\":\"ListItem\",\"position\":1,\"name\":\"Home\",\"item\":\"https:\\\/\\\/www.h-its.org\\\/de\\\/\"},{\"@type\":\"ListItem\",\"position\":2,\"name\":\"Join HITS\",\"item\":\"https:\\\/\\\/www.h-its.org\\\/de\\\/karriere\\\/\"},{\"@type\":\"ListItem\",\"position\":3,\"name\":\"Arbeiten am HITS\"}]},{\"@type\":\"WebSite\",\"@id\":\"https:\\\/\\\/www.h-its.org\\\/de\\\/#website\",\"url\":\"https:\\\/\\\/www.h-its.org\\\/de\\\/\",\"name\":\"HITS gGmbH\",\"description\":\"Heidelberg Institute for Theoretical Studies\",\"potentialAction\":[{\"@type\":\"SearchAction\",\"target\":{\"@type\":\"EntryPoint\",\"urlTemplate\":\"https:\\\/\\\/www.h-its.org\\\/de\\\/?s={search_term_string}\"},\"query-input\":{\"@type\":\"PropertyValueSpecification\",\"valueRequired\":true,\"valueName\":\"search_term_string\"}}],\"inLanguage\":\"de\"}]}<\/script>\n<!-- \/ Yoast SEO plugin. -->","yoast_head_json":{"title":"Arbeiten am HITS - HITS gGmbH","robots":{"index":"index","follow":"follow","max-snippet":"max-snippet:-1","max-image-preview":"max-image-preview:large","max-video-preview":"max-video-preview:-1"},"canonical":"https:\/\/www.h-its.org\/de\/karriere\/working-at-hits\/","og_locale":"de_DE","og_type":"article","og_title":"Arbeiten am HITS - HITS gGmbH","og_description":"Das Heidelberger Institut f\u00fcr Theoretische Studien (HITS) ist ein multidisziplin\u00e4res, interdisziplin\u00e4res Forschungsinstitut, das Grundlagenforschung in den Naturwissenschaften, der ...","og_url":"https:\/\/www.h-its.org\/de\/karriere\/working-at-hits\/","og_site_name":"HITS gGmbH","article_modified_time":"2020-03-02T09:47:47+00:00","og_image":[{"width":1340,"height":450,"url":"https:\/\/www.h-its.org\/de\/wp-content\/uploads\/sites\/2\/2019\/12\/Karriere.jpg","type":"image\/jpeg"}],"twitter_card":"summary_large_image","twitter_misc":{"Gesch\u00e4tzte Lesezeit":"3\u00a0Minuten"},"schema":{"@context":"https:\/\/schema.org","@graph":[{"@type":"WebPage","@id":"https:\/\/www.h-its.org\/de\/karriere\/working-at-hits\/","url":"https:\/\/www.h-its.org\/de\/karriere\/working-at-hits\/","name":"Arbeiten am HITS - HITS gGmbH","isPartOf":{"@id":"https:\/\/www.h-its.org\/de\/#website"},"primaryImageOfPage":{"@id":"https:\/\/www.h-its.org\/de\/karriere\/working-at-hits\/#primaryimage"},"image":{"@id":"https:\/\/www.h-its.org\/de\/karriere\/working-at-hits\/#primaryimage"},"thumbnailUrl":"https:\/\/www.h-its.org\/de\/wp-content\/uploads\/sites\/2\/2019\/12\/Karriere.jpg","datePublished":"2019-03-15T14:29:21+00:00","dateModified":"2020-03-02T09:47:47+00:00","breadcrumb":{"@id":"https:\/\/www.h-its.org\/de\/karriere\/working-at-hits\/#breadcrumb"},"inLanguage":"de","potentialAction":[{"@type":"ReadAction","target":["https:\/\/www.h-its.org\/de\/karriere\/working-at-hits\/"]}]},{"@type":"ImageObject","inLanguage":"de","@id":"https:\/\/www.h-its.org\/de\/karriere\/working-at-hits\/#primaryimage","url":"https:\/\/www.h-its.org\/de\/wp-content\/uploads\/sites\/2\/2019\/12\/Karriere.jpg","contentUrl":"https:\/\/www.h-its.org\/de\/wp-content\/uploads\/sites\/2\/2019\/12\/Karriere.jpg","width":1340,"height":450},{"@type":"BreadcrumbList","@id":"https:\/\/www.h-its.org\/de\/karriere\/working-at-hits\/#breadcrumb","itemListElement":[{"@type":"ListItem","position":1,"name":"Home","item":"https:\/\/www.h-its.org\/de\/"},{"@type":"ListItem","position":2,"name":"Join HITS","item":"https:\/\/www.h-its.org\/de\/karriere\/"},{"@type":"ListItem","position":3,"name":"Arbeiten am HITS"}]},{"@type":"WebSite","@id":"https:\/\/www.h-its.org\/de\/#website","url":"https:\/\/www.h-its.org\/de\/","name":"HITS gGmbH","description":"Heidelberg Institute for Theoretical Studies","potentialAction":[{"@type":"SearchAction","target":{"@type":"EntryPoint","urlTemplate":"https:\/\/www.h-its.org\/de\/?s={search_term_string}"},"query-input":{"@type":"PropertyValueSpecification","valueRequired":true,"valueName":"search_term_string"}}],"inLanguage":"de"}]}},"publishpress_future_action":{"enabled":false,"date":"2026-04-30 06:23:01","action":"change-status","newStatus":"draft","terms":[],"taxonomy":"hits-research-group","extraData":[]},"publishpress_future_workflow_manual_trigger":{"enabledWorkflows":[]},"_links":{"self":[{"href":"https:\/\/www.h-its.org\/de\/wp-json\/wp\/v2\/pages\/34858","targetHints":{"allow":["GET"]}}],"collection":[{"href":"https:\/\/www.h-its.org\/de\/wp-json\/wp\/v2\/pages"}],"about":[{"href":"https:\/\/www.h-its.org\/de\/wp-json\/wp\/v2\/types\/page"}],"author":[{"embeddable":true,"href":"https:\/\/www.h-its.org\/de\/wp-json\/wp\/v2\/users\/107"}],"replies":[{"embeddable":true,"href":"https:\/\/www.h-its.org\/de\/wp-json\/wp\/v2\/comments?post=34858"}],"version-history":[{"count":5,"href":"https:\/\/www.h-its.org\/de\/wp-json\/wp\/v2\/pages\/34858\/revisions"}],"predecessor-version":[{"id":40870,"href":"https:\/\/www.h-its.org\/de\/wp-json\/wp\/v2\/pages\/34858\/revisions\/40870"}],"up":[{"embeddable":true,"href":"https:\/\/www.h-its.org\/de\/wp-json\/wp\/v2\/pages\/5776"}],"wp:featuredmedia":[{"embeddable":true,"href":"https:\/\/www.h-its.org\/de\/wp-json\/wp\/v2\/media\/40605"}],"wp:attachment":[{"href":"https:\/\/www.h-its.org\/de\/wp-json\/wp\/v2\/media?parent=34858"}],"wp:term":[{"taxonomy":"hits-research-group","embeddable":true,"href":"https:\/\/www.h-its.org\/de\/wp-json\/wp\/v2\/hits-research-group?post=34858"}],"curies":[{"name":"wp","href":"https:\/\/api.w.org\/{rel}","templated":true}]}}