{"id":3503,"date":"2014-11-28T13:04:03","date_gmt":"2014-11-28T12:04:03","guid":{"rendered":"http:\/\/www.h-its.org\/?page_id=3503"},"modified":"2019-12-10T14:03:51","modified_gmt":"2019-12-10T13:03:51","slug":"software","status":"publish","type":"page","link":"https:\/\/www.h-its.org\/de\/forschung\/mcm\/software\/","title":{"rendered":"Software"},"content":{"rendered":"\n<p>Eine \u00dcbersicht aller Software Downloads, entwickelt und zur Verf\u00fcgung gestellt durch die Molecular and Cellular Modeling (MCM) Gruppe am Heidelberger Institut f\u00fcr Theoretische Studien (HITS), gibt es <a href=\"https:\/\/mcm.h-its.org\/wiki\/doku.php?id=projects:software&amp;vecdo=print\">hier<\/a>. Tutorial gibt es <a class=\"wikilink1\" style=\"font-size: 20px\" title=\"tutorials:tutorials\" rel=\"noopener noreferrer\" href=\"http:\/\/wiki.mcm.h-its.org\/doku.php?id=tutorials:tutorials\" target=\"_blank\">hier<\/a><span style=\"font-size: 20px;color: #000000\">. E-Mail Adresse bei Fragen: <\/span><a class=\"mail\" style=\"font-size: 20px\" title=\"mcmsoft@h-its.org\" href=\"mailto:mcmsoft@h-its.org\">mcmsoft@h-its.org<\/a><\/p>\n","protected":false},"excerpt":{"rendered":"<p>Eine \u00dcbersicht aller Software Downloads, entwickelt und zur Verf\u00fcgung gestellt durch die Molecular and Cellular Modeling (MCM) Gruppe am Heidelberger &#8230;<\/p>\n","protected":false},"author":3,"featured_media":40653,"parent":42,"menu_order":4,"comment_status":"closed","ping_status":"closed","template":"page-templates\/group.php","meta":{"_acf_changed":false,"inline_featured_image":false,"footnotes":""},"hits-research-group":[1298],"class_list":["post-3503","page","type-page","status-publish","has-post-thumbnail","hentry","hits-research-group-mcm-de"],"acf":[],"yoast_head":"<!-- This site is optimized with the Yoast SEO plugin v27.2 - https:\/\/yoast.com\/product\/yoast-seo-wordpress\/ -->\n<title>Software - HITS gGmbH<\/title>\n<meta name=\"robots\" content=\"index, follow, max-snippet:-1, max-image-preview:large, max-video-preview:-1\" \/>\n<link rel=\"canonical\" href=\"https:\/\/www.h-its.org\/de\/forschung\/mcm\/software\/\" \/>\n<meta property=\"og:locale\" content=\"de_DE\" \/>\n<meta property=\"og:type\" content=\"article\" \/>\n<meta property=\"og:title\" content=\"Software - HITS gGmbH\" \/>\n<meta property=\"og:description\" content=\"Eine \u00dcbersicht aller Software Downloads, entwickelt und zur Verf\u00fcgung gestellt durch die Molecular and Cellular Modeling (MCM) Gruppe am Heidelberger ...\" \/>\n<meta property=\"og:url\" content=\"https:\/\/www.h-its.org\/de\/forschung\/mcm\/software\/\" \/>\n<meta property=\"og:site_name\" content=\"HITS gGmbH\" \/>\n<meta property=\"article:modified_time\" content=\"2019-12-10T13:03:51+00:00\" \/>\n<meta property=\"og:image\" content=\"https:\/\/www.h-its.org\/de\/wp-content\/uploads\/sites\/2\/2019\/12\/MCM.jpg\" \/>\n\t<meta property=\"og:image:width\" content=\"1340\" \/>\n\t<meta property=\"og:image:height\" content=\"1340\" \/>\n\t<meta property=\"og:image:type\" content=\"image\/jpeg\" \/>\n<meta name=\"twitter:card\" content=\"summary_large_image\" \/>\n<script type=\"application\/ld+json\" class=\"yoast-schema-graph\">{\"@context\":\"https:\/\/schema.org\",\"@graph\":[{\"@type\":\"WebPage\",\"@id\":\"https:\/\/www.h-its.org\/de\/forschung\/mcm\/software\/\",\"url\":\"https:\/\/www.h-its.org\/de\/forschung\/mcm\/software\/\",\"name\":\"Software - HITS gGmbH\",\"isPartOf\":{\"@id\":\"https:\/\/www.h-its.org\/de\/#website\"},\"primaryImageOfPage\":{\"@id\":\"https:\/\/www.h-its.org\/de\/forschung\/mcm\/software\/#primaryimage\"},\"image\":{\"@id\":\"https:\/\/www.h-its.org\/de\/forschung\/mcm\/software\/#primaryimage\"},\"thumbnailUrl\":\"https:\/\/www.h-its.org\/de\/wp-content\/uploads\/sites\/2\/2019\/12\/MCM.jpg\",\"datePublished\":\"2014-11-28T12:04:03+00:00\",\"dateModified\":\"2019-12-10T13:03:51+00:00\",\"breadcrumb\":{\"@id\":\"https:\/\/www.h-its.org\/de\/forschung\/mcm\/software\/#breadcrumb\"},\"inLanguage\":\"de\",\"potentialAction\":[{\"@type\":\"ReadAction\",\"target\":[\"https:\/\/www.h-its.org\/de\/forschung\/mcm\/software\/\"]}]},{\"@type\":\"ImageObject\",\"inLanguage\":\"de\",\"@id\":\"https:\/\/www.h-its.org\/de\/forschung\/mcm\/software\/#primaryimage\",\"url\":\"https:\/\/www.h-its.org\/de\/wp-content\/uploads\/sites\/2\/2019\/12\/MCM.jpg\",\"contentUrl\":\"https:\/\/www.h-its.org\/de\/wp-content\/uploads\/sites\/2\/2019\/12\/MCM.jpg\",\"width\":1340,\"height\":1340},{\"@type\":\"BreadcrumbList\",\"@id\":\"https:\/\/www.h-its.org\/de\/forschung\/mcm\/software\/#breadcrumb\",\"itemListElement\":[{\"@type\":\"ListItem\",\"position\":1,\"name\":\"Home\",\"item\":\"https:\/\/www.h-its.org\/de\/\"},{\"@type\":\"ListItem\",\"position\":2,\"name\":\"Forschung am HITS\",\"item\":\"https:\/\/www.h-its.org\/de\/forschung\/\"},{\"@type\":\"ListItem\",\"position\":3,\"name\":\"Molecular and Cellular Modeling (MCM)\",\"item\":\"https:\/\/www.h-its.org\/de\/forschung\/mcm\/\"},{\"@type\":\"ListItem\",\"position\":4,\"name\":\"Software\"}]},{\"@type\":\"WebSite\",\"@id\":\"https:\/\/www.h-its.org\/de\/#website\",\"url\":\"https:\/\/www.h-its.org\/de\/\",\"name\":\"HITS gGmbH\",\"description\":\"Heidelberg Institute for Theoretical Studies\",\"potentialAction\":[{\"@type\":\"SearchAction\",\"target\":{\"@type\":\"EntryPoint\",\"urlTemplate\":\"https:\/\/www.h-its.org\/de\/?s={search_term_string}\"},\"query-input\":{\"@type\":\"PropertyValueSpecification\",\"valueRequired\":true,\"valueName\":\"search_term_string\"}}],\"inLanguage\":\"de\"}]}<\/script>\n<!-- \/ Yoast SEO plugin. -->","yoast_head_json":{"title":"Software - HITS gGmbH","robots":{"index":"index","follow":"follow","max-snippet":"max-snippet:-1","max-image-preview":"max-image-preview:large","max-video-preview":"max-video-preview:-1"},"canonical":"https:\/\/www.h-its.org\/de\/forschung\/mcm\/software\/","og_locale":"de_DE","og_type":"article","og_title":"Software - HITS gGmbH","og_description":"Eine \u00dcbersicht aller Software Downloads, entwickelt und zur Verf\u00fcgung gestellt durch die Molecular and Cellular Modeling (MCM) Gruppe am Heidelberger ...","og_url":"https:\/\/www.h-its.org\/de\/forschung\/mcm\/software\/","og_site_name":"HITS gGmbH","article_modified_time":"2019-12-10T13:03:51+00:00","og_image":[{"width":1340,"height":1340,"url":"https:\/\/www.h-its.org\/de\/wp-content\/uploads\/sites\/2\/2019\/12\/MCM.jpg","type":"image\/jpeg"}],"twitter_card":"summary_large_image","schema":{"@context":"https:\/\/schema.org","@graph":[{"@type":"WebPage","@id":"https:\/\/www.h-its.org\/de\/forschung\/mcm\/software\/","url":"https:\/\/www.h-its.org\/de\/forschung\/mcm\/software\/","name":"Software - HITS gGmbH","isPartOf":{"@id":"https:\/\/www.h-its.org\/de\/#website"},"primaryImageOfPage":{"@id":"https:\/\/www.h-its.org\/de\/forschung\/mcm\/software\/#primaryimage"},"image":{"@id":"https:\/\/www.h-its.org\/de\/forschung\/mcm\/software\/#primaryimage"},"thumbnailUrl":"https:\/\/www.h-its.org\/de\/wp-content\/uploads\/sites\/2\/2019\/12\/MCM.jpg","datePublished":"2014-11-28T12:04:03+00:00","dateModified":"2019-12-10T13:03:51+00:00","breadcrumb":{"@id":"https:\/\/www.h-its.org\/de\/forschung\/mcm\/software\/#breadcrumb"},"inLanguage":"de","potentialAction":[{"@type":"ReadAction","target":["https:\/\/www.h-its.org\/de\/forschung\/mcm\/software\/"]}]},{"@type":"ImageObject","inLanguage":"de","@id":"https:\/\/www.h-its.org\/de\/forschung\/mcm\/software\/#primaryimage","url":"https:\/\/www.h-its.org\/de\/wp-content\/uploads\/sites\/2\/2019\/12\/MCM.jpg","contentUrl":"https:\/\/www.h-its.org\/de\/wp-content\/uploads\/sites\/2\/2019\/12\/MCM.jpg","width":1340,"height":1340},{"@type":"BreadcrumbList","@id":"https:\/\/www.h-its.org\/de\/forschung\/mcm\/software\/#breadcrumb","itemListElement":[{"@type":"ListItem","position":1,"name":"Home","item":"https:\/\/www.h-its.org\/de\/"},{"@type":"ListItem","position":2,"name":"Forschung am HITS","item":"https:\/\/www.h-its.org\/de\/forschung\/"},{"@type":"ListItem","position":3,"name":"Molecular and Cellular Modeling (MCM)","item":"https:\/\/www.h-its.org\/de\/forschung\/mcm\/"},{"@type":"ListItem","position":4,"name":"Software"}]},{"@type":"WebSite","@id":"https:\/\/www.h-its.org\/de\/#website","url":"https:\/\/www.h-its.org\/de\/","name":"HITS gGmbH","description":"Heidelberg Institute for Theoretical Studies","potentialAction":[{"@type":"SearchAction","target":{"@type":"EntryPoint","urlTemplate":"https:\/\/www.h-its.org\/de\/?s={search_term_string}"},"query-input":{"@type":"PropertyValueSpecification","valueRequired":true,"valueName":"search_term_string"}}],"inLanguage":"de"}]}},"publishpress_future_action":{"enabled":false,"date":"2026-04-11 18:02:50","action":"change-status","newStatus":"draft","terms":[],"taxonomy":"hits-research-group","extraData":[]},"publishpress_future_workflow_manual_trigger":{"enabledWorkflows":[]},"_links":{"self":[{"href":"https:\/\/www.h-its.org\/de\/wp-json\/wp\/v2\/pages\/3503","targetHints":{"allow":["GET"]}}],"collection":[{"href":"https:\/\/www.h-its.org\/de\/wp-json\/wp\/v2\/pages"}],"about":[{"href":"https:\/\/www.h-its.org\/de\/wp-json\/wp\/v2\/types\/page"}],"author":[{"embeddable":true,"href":"https:\/\/www.h-its.org\/de\/wp-json\/wp\/v2\/users\/3"}],"replies":[{"embeddable":true,"href":"https:\/\/www.h-its.org\/de\/wp-json\/wp\/v2\/comments?post=3503"}],"version-history":[{"count":17,"href":"https:\/\/www.h-its.org\/de\/wp-json\/wp\/v2\/pages\/3503\/revisions"}],"predecessor-version":[{"id":44614,"href":"https:\/\/www.h-its.org\/de\/wp-json\/wp\/v2\/pages\/3503\/revisions\/44614"}],"up":[{"embeddable":true,"href":"https:\/\/www.h-its.org\/de\/wp-json\/wp\/v2\/pages\/42"}],"wp:featuredmedia":[{"embeddable":true,"href":"https:\/\/www.h-its.org\/de\/wp-json\/wp\/v2\/media\/40653"}],"wp:attachment":[{"href":"https:\/\/www.h-its.org\/de\/wp-json\/wp\/v2\/media?parent=3503"}],"wp:term":[{"taxonomy":"hits-research-group","embeddable":true,"href":"https:\/\/www.h-its.org\/de\/wp-json\/wp\/v2\/hits-research-group?post=3503"}],"curies":[{"name":"wp","href":"https:\/\/api.w.org\/{rel}","templated":true}]}}