{"id":35824,"date":"2019-05-17T12:53:52","date_gmt":"2019-05-17T10:53:52","guid":{"rendered":"https:\/\/www.h-its.org\/former-groups\/"},"modified":"2019-05-17T12:54:39","modified_gmt":"2019-05-17T10:54:39","slug":"ehemalige-gruppen","status":"publish","type":"page","link":"https:\/\/www.h-its.org\/de\/karriere\/ehemalige-gruppen\/","title":{"rendered":"Ehemalige Gruppen"},"content":{"rendered":"\n<p>Hier gibt es einen kleinen \u00dcberblick \u00fcber ehemalige Forschungsgruppen am HITS, der zeigt, was die Gruppen in ihrer Zeit an unserem Institut alles erforscht haben und wo sie nach ihrer Zeit am HITS weiterforschen.<\/p>\n\n\n<div class=\"hits-blocks hits-groups-block alignfull section-wrapper with-background\">\n    <div class=\"section-wrapper--inner\">\n      \n      <div class=\"group-grid two-columns\">\n        <div class=\"group-preview\">\n      <div class=\"image-wrapper\">\n      <div class=\"image-inner\">\n        <img decoding=\"async\" src=\"https:\/\/www.h-its.org\/de\/wp-content\/uploads\/sites\/2\/2019\/12\/Alumni-CBI-420x420.jpg\" alt=\"Group Image\" \/>      <\/div>\n    <\/div>\n    <div class=\"group-preview--content\">\n    <p class=\"font-m font-normal font-primary\">Computational Biology<\/p>\n    <div class=\"show-for-medium\">\n      <!-- <p>Die CBI Gruppe entwickelte neue Ans\u00e4tze f\u00fcr die sogenannte \u201eDe-novo-Assemblierung\u201c, die Rekonstruktion von Genomsequenzen mit Hilfe von DNA-Sequenzierger\u00e4ten ...<\/p> -->\n      <p>Die CBI Gruppe entwickelte neue Ans\u00e4tze f\u00fcr die sogenannte \u201eDe-novo-Assemblierung\u201c, die Rekonstruktion von Genomsequenzen mit Hilfe von DNA-Sequenzierger\u00e4ten und bioinformatischen Methoden.<\/p>    <\/div>\n    <a href=\"https:\/\/www.h-its.org\/de\/forschung\/computational-biology-cbi-group\/\" class=\"read-more-button\">Mehr erfahren<\/a>\n  <\/div>\n<\/div>\n<div class=\"group-preview\">\n      <div class=\"image-wrapper\">\n      <div class=\"image-inner\">\n        <img decoding=\"async\" src=\"https:\/\/www.h-its.org\/de\/wp-content\/uploads\/sites\/2\/2019\/12\/ccc-header-banner-420x420.jpg\" alt=\"Group Image\" \/>      <\/div>\n    <\/div>\n    <div class=\"group-preview--content\">\n    <p class=\"font-m font-normal font-primary\">Computational Carbon Chemistry<\/p>\n    <div class=\"show-for-medium\">\n      <!-- <p>Die CCC Gruppe arbeitete mit den neuesten Methoden der Computerchemie, um funktionale organische Materialien zu untersuchen und auszuwerten.<\/p> -->\n      <p>Die CCC Gruppe arbeitete mit den neuesten Methoden der Computerchemie, um funktionale organische Materialien zu untersuchen und auszuwerten.<\/p>    <\/div>\n    <a href=\"https:\/\/www.h-its.org\/de\/forschung\/ccc\/\" class=\"read-more-button\">Mehr erfahren<\/a>\n  <\/div>\n<\/div>\n<div class=\"group-preview\">\n      <div class=\"image-wrapper\">\n      <div class=\"image-inner\">\n        <img decoding=\"async\" src=\"https:\/\/www.h-its.org\/de\/wp-content\/uploads\/sites\/2\/2019\/12\/GRG-420x420.jpg\" alt=\"Group Image\" \/>      <\/div>\n    <\/div>\n    <div class=\"group-preview--content\">\n    <p class=\"font-m font-normal font-primary\">Groups and Geometry<\/p>\n    <div class=\"show-for-medium\">\n      <!-- <p>Die GRG Gruppe besch\u00e4ftigte sich mit verschiedenen mathematischen Problemen aus dem Gebiet der Geometrie und Topologie, in denen das Zusammenspiel ...<\/p> -->\n      <p>Die GRG Gruppe besch\u00e4ftigte sich mit verschiedenen mathematischen Problemen aus dem Gebiet der Geometrie und Topologie, in denen das Zusammenspiel zwischen geometrischen R\u00e4umen.<\/p>    <\/div>\n    <a href=\"https:\/\/www.h-its.org\/de\/forschung\/grg\/\" class=\"read-more-button\">Mehr erfahren<\/a>\n  <\/div>\n<\/div>\n<div class=\"group-preview\">\n      <div class=\"image-wrapper\">\n      <div class=\"image-inner\">\n        <img decoding=\"async\" src=\"https:\/\/www.h-its.org\/de\/wp-content\/uploads\/sites\/2\/2019\/12\/Alumni-HAC-420x420.jpg\" alt=\"Group Image\" \/>      <\/div>\n    <\/div>\n    <div class=\"group-preview--content\">\n    <p class=\"font-m font-normal font-primary\">High Energy Astrophysics and Cosmology<\/p>\n    <div class=\"show-for-medium\">\n      <!-- <p>Die HAC Gruppe modellierte die zugrundeliegende Physik der kosmischen Strahlung, Magnetfelder und Plasmawellen detailgetreu im Computer und f\u00fchrten damit kosmologische ...<\/p> -->\n      <p>Die HAC Gruppe modellierte die zugrundeliegende Physik der kosmischen Strahlung, Magnetfelder und Plasmawellen detailgetreu im Computer und f\u00fchrten damit kosmologische Computersimulationen an Hochleistungsrechnern durch.<\/p>    <\/div>\n    <a href=\"https:\/\/www.h-its.org\/de\/forschung\/high-energy-astrophysics-and-cosmology-hac-gruppe\/\" class=\"read-more-button\">Mehr erfahren<\/a>\n  <\/div>\n<\/div>\n<div class=\"group-preview\">\n      <div class=\"image-wrapper\">\n      <div class=\"image-inner\">\n        <img decoding=\"async\" src=\"https:\/\/www.h-its.org\/de\/wp-content\/uploads\/sites\/2\/2019\/12\/Alumni-TAP-420x420.jpg\" alt=\"Group Image\" \/>      <\/div>\n    <\/div>\n    <div class=\"group-preview--content\">\n    <p class=\"font-m font-normal font-primary\">Theoretical Astrophysics<\/p>\n    <div class=\"show-for-medium\">\n      <!-- <p>Die TAP Gruppe simulierte die vielf\u00e4ltigen Formen und Gr\u00f6\u00dfen von Galaxien mit Supercomputern.<\/p> -->\n      <p>Die TAP Gruppe simulierte die vielf\u00e4ltigen Formen und Gr\u00f6\u00dfen von Galaxien mit Supercomputern.<\/p>    <\/div>\n    <a href=\"https:\/\/www.h-its.org\/de\/forschung\/theoretical-astrophysics-tap-group\/\" class=\"read-more-button\">Mehr erfahren<\/a>\n  <\/div>\n<\/div>\n      <\/div>\n    <\/div>\n\n<\/div>\n","protected":false},"excerpt":{"rendered":"<p>Hier gibt es einen kleinen \u00dcberblick \u00fcber ehemalige Forschungsgruppen am HITS, der zeigt, was die Gruppen in ihrer Zeit an unserem &#8230;<\/p>\n","protected":false},"author":107,"featured_media":40605,"parent":5776,"menu_order":4,"comment_status":"closed","ping_status":"closed","template":"","meta":{"_acf_changed":false,"inline_featured_image":false,"footnotes":""},"hits-research-group":[],"class_list":["post-35824","page","type-page","status-publish","has-post-thumbnail","hentry"],"acf":[],"yoast_head":"<!-- This site is optimized with the Yoast SEO plugin v27.2 - https:\/\/yoast.com\/product\/yoast-seo-wordpress\/ -->\n<title>Ehemalige Gruppen - HITS gGmbH<\/title>\n<meta name=\"robots\" content=\"index, follow, max-snippet:-1, max-image-preview:large, max-video-preview:-1\" \/>\n<link rel=\"canonical\" href=\"https:\/\/www.h-its.org\/de\/karriere\/ehemalige-gruppen\/\" \/>\n<meta property=\"og:locale\" content=\"de_DE\" \/>\n<meta property=\"og:type\" content=\"article\" \/>\n<meta property=\"og:title\" content=\"Ehemalige Gruppen - HITS gGmbH\" \/>\n<meta property=\"og:description\" content=\"Hier gibt es einen kleinen \u00dcberblick \u00fcber ehemalige Forschungsgruppen am HITS, der zeigt, was die Gruppen in ihrer Zeit an unserem ...\" \/>\n<meta property=\"og:url\" content=\"https:\/\/www.h-its.org\/de\/karriere\/ehemalige-gruppen\/\" \/>\n<meta property=\"og:site_name\" content=\"HITS gGmbH\" \/>\n<meta property=\"article:modified_time\" content=\"2019-05-17T10:54:39+00:00\" \/>\n<meta property=\"og:image\" content=\"https:\/\/www.h-its.org\/de\/wp-content\/uploads\/sites\/2\/2019\/12\/Karriere.jpg\" \/>\n\t<meta property=\"og:image:width\" content=\"1340\" \/>\n\t<meta property=\"og:image:height\" content=\"450\" \/>\n\t<meta property=\"og:image:type\" content=\"image\/jpeg\" \/>\n<meta name=\"twitter:card\" content=\"summary_large_image\" \/>\n<script type=\"application\/ld+json\" class=\"yoast-schema-graph\">{\"@context\":\"https:\/\/schema.org\",\"@graph\":[{\"@type\":\"WebPage\",\"@id\":\"https:\/\/www.h-its.org\/de\/karriere\/ehemalige-gruppen\/\",\"url\":\"https:\/\/www.h-its.org\/de\/karriere\/ehemalige-gruppen\/\",\"name\":\"Ehemalige Gruppen - HITS gGmbH\",\"isPartOf\":{\"@id\":\"https:\/\/www.h-its.org\/de\/#website\"},\"primaryImageOfPage\":{\"@id\":\"https:\/\/www.h-its.org\/de\/karriere\/ehemalige-gruppen\/#primaryimage\"},\"image\":{\"@id\":\"https:\/\/www.h-its.org\/de\/karriere\/ehemalige-gruppen\/#primaryimage\"},\"thumbnailUrl\":\"https:\/\/www.h-its.org\/de\/wp-content\/uploads\/sites\/2\/2019\/12\/Karriere.jpg\",\"datePublished\":\"2019-05-17T10:53:52+00:00\",\"dateModified\":\"2019-05-17T10:54:39+00:00\",\"breadcrumb\":{\"@id\":\"https:\/\/www.h-its.org\/de\/karriere\/ehemalige-gruppen\/#breadcrumb\"},\"inLanguage\":\"de\",\"potentialAction\":[{\"@type\":\"ReadAction\",\"target\":[\"https:\/\/www.h-its.org\/de\/karriere\/ehemalige-gruppen\/\"]}]},{\"@type\":\"ImageObject\",\"inLanguage\":\"de\",\"@id\":\"https:\/\/www.h-its.org\/de\/karriere\/ehemalige-gruppen\/#primaryimage\",\"url\":\"https:\/\/www.h-its.org\/de\/wp-content\/uploads\/sites\/2\/2019\/12\/Karriere.jpg\",\"contentUrl\":\"https:\/\/www.h-its.org\/de\/wp-content\/uploads\/sites\/2\/2019\/12\/Karriere.jpg\",\"width\":1340,\"height\":450},{\"@type\":\"BreadcrumbList\",\"@id\":\"https:\/\/www.h-its.org\/de\/karriere\/ehemalige-gruppen\/#breadcrumb\",\"itemListElement\":[{\"@type\":\"ListItem\",\"position\":1,\"name\":\"Home\",\"item\":\"https:\/\/www.h-its.org\/de\/\"},{\"@type\":\"ListItem\",\"position\":2,\"name\":\"Join HITS\",\"item\":\"https:\/\/www.h-its.org\/de\/karriere\/\"},{\"@type\":\"ListItem\",\"position\":3,\"name\":\"Ehemalige Gruppen\"}]},{\"@type\":\"WebSite\",\"@id\":\"https:\/\/www.h-its.org\/de\/#website\",\"url\":\"https:\/\/www.h-its.org\/de\/\",\"name\":\"HITS gGmbH\",\"description\":\"Heidelberg Institute for Theoretical Studies\",\"potentialAction\":[{\"@type\":\"SearchAction\",\"target\":{\"@type\":\"EntryPoint\",\"urlTemplate\":\"https:\/\/www.h-its.org\/de\/?s={search_term_string}\"},\"query-input\":{\"@type\":\"PropertyValueSpecification\",\"valueRequired\":true,\"valueName\":\"search_term_string\"}}],\"inLanguage\":\"de\"}]}<\/script>\n<!-- \/ Yoast SEO plugin. -->","yoast_head_json":{"title":"Ehemalige Gruppen - HITS gGmbH","robots":{"index":"index","follow":"follow","max-snippet":"max-snippet:-1","max-image-preview":"max-image-preview:large","max-video-preview":"max-video-preview:-1"},"canonical":"https:\/\/www.h-its.org\/de\/karriere\/ehemalige-gruppen\/","og_locale":"de_DE","og_type":"article","og_title":"Ehemalige Gruppen - HITS gGmbH","og_description":"Hier gibt es einen kleinen \u00dcberblick \u00fcber ehemalige Forschungsgruppen am HITS, der zeigt, was die Gruppen in ihrer Zeit an unserem ...","og_url":"https:\/\/www.h-its.org\/de\/karriere\/ehemalige-gruppen\/","og_site_name":"HITS gGmbH","article_modified_time":"2019-05-17T10:54:39+00:00","og_image":[{"width":1340,"height":450,"url":"https:\/\/www.h-its.org\/de\/wp-content\/uploads\/sites\/2\/2019\/12\/Karriere.jpg","type":"image\/jpeg"}],"twitter_card":"summary_large_image","schema":{"@context":"https:\/\/schema.org","@graph":[{"@type":"WebPage","@id":"https:\/\/www.h-its.org\/de\/karriere\/ehemalige-gruppen\/","url":"https:\/\/www.h-its.org\/de\/karriere\/ehemalige-gruppen\/","name":"Ehemalige Gruppen - HITS gGmbH","isPartOf":{"@id":"https:\/\/www.h-its.org\/de\/#website"},"primaryImageOfPage":{"@id":"https:\/\/www.h-its.org\/de\/karriere\/ehemalige-gruppen\/#primaryimage"},"image":{"@id":"https:\/\/www.h-its.org\/de\/karriere\/ehemalige-gruppen\/#primaryimage"},"thumbnailUrl":"https:\/\/www.h-its.org\/de\/wp-content\/uploads\/sites\/2\/2019\/12\/Karriere.jpg","datePublished":"2019-05-17T10:53:52+00:00","dateModified":"2019-05-17T10:54:39+00:00","breadcrumb":{"@id":"https:\/\/www.h-its.org\/de\/karriere\/ehemalige-gruppen\/#breadcrumb"},"inLanguage":"de","potentialAction":[{"@type":"ReadAction","target":["https:\/\/www.h-its.org\/de\/karriere\/ehemalige-gruppen\/"]}]},{"@type":"ImageObject","inLanguage":"de","@id":"https:\/\/www.h-its.org\/de\/karriere\/ehemalige-gruppen\/#primaryimage","url":"https:\/\/www.h-its.org\/de\/wp-content\/uploads\/sites\/2\/2019\/12\/Karriere.jpg","contentUrl":"https:\/\/www.h-its.org\/de\/wp-content\/uploads\/sites\/2\/2019\/12\/Karriere.jpg","width":1340,"height":450},{"@type":"BreadcrumbList","@id":"https:\/\/www.h-its.org\/de\/karriere\/ehemalige-gruppen\/#breadcrumb","itemListElement":[{"@type":"ListItem","position":1,"name":"Home","item":"https:\/\/www.h-its.org\/de\/"},{"@type":"ListItem","position":2,"name":"Join HITS","item":"https:\/\/www.h-its.org\/de\/karriere\/"},{"@type":"ListItem","position":3,"name":"Ehemalige Gruppen"}]},{"@type":"WebSite","@id":"https:\/\/www.h-its.org\/de\/#website","url":"https:\/\/www.h-its.org\/de\/","name":"HITS gGmbH","description":"Heidelberg Institute for Theoretical Studies","potentialAction":[{"@type":"SearchAction","target":{"@type":"EntryPoint","urlTemplate":"https:\/\/www.h-its.org\/de\/?s={search_term_string}"},"query-input":{"@type":"PropertyValueSpecification","valueRequired":true,"valueName":"search_term_string"}}],"inLanguage":"de"}]}},"publishpress_future_action":{"enabled":false,"date":"2026-04-21 10:06:43","action":"change-status","newStatus":"draft","terms":[],"taxonomy":"hits-research-group","extraData":[]},"publishpress_future_workflow_manual_trigger":{"enabledWorkflows":[]},"_links":{"self":[{"href":"https:\/\/www.h-its.org\/de\/wp-json\/wp\/v2\/pages\/35824","targetHints":{"allow":["GET"]}}],"collection":[{"href":"https:\/\/www.h-its.org\/de\/wp-json\/wp\/v2\/pages"}],"about":[{"href":"https:\/\/www.h-its.org\/de\/wp-json\/wp\/v2\/types\/page"}],"author":[{"embeddable":true,"href":"https:\/\/www.h-its.org\/de\/wp-json\/wp\/v2\/users\/107"}],"replies":[{"embeddable":true,"href":"https:\/\/www.h-its.org\/de\/wp-json\/wp\/v2\/comments?post=35824"}],"version-history":[{"count":1,"href":"https:\/\/www.h-its.org\/de\/wp-json\/wp\/v2\/pages\/35824\/revisions"}],"predecessor-version":[{"id":35825,"href":"https:\/\/www.h-its.org\/de\/wp-json\/wp\/v2\/pages\/35824\/revisions\/35825"}],"up":[{"embeddable":true,"href":"https:\/\/www.h-its.org\/de\/wp-json\/wp\/v2\/pages\/5776"}],"wp:featuredmedia":[{"embeddable":true,"href":"https:\/\/www.h-its.org\/de\/wp-json\/wp\/v2\/media\/40605"}],"wp:attachment":[{"href":"https:\/\/www.h-its.org\/de\/wp-json\/wp\/v2\/media?parent=35824"}],"wp:term":[{"taxonomy":"hits-research-group","embeddable":true,"href":"https:\/\/www.h-its.org\/de\/wp-json\/wp\/v2\/hits-research-group?post=35824"}],"curies":[{"name":"wp","href":"https:\/\/api.w.org\/{rel}","templated":true}]}}