{"id":4,"date":"2014-09-03T20:09:10","date_gmt":"2014-09-03T18:09:10","guid":{"rendered":"http:\/\/www.h-its.org\/de\/research\/"},"modified":"2023-09-25T15:22:40","modified_gmt":"2023-09-25T13:22:40","slug":"forschung","status":"publish","type":"page","link":"https:\/\/www.h-its.org\/de\/forschung\/","title":{"rendered":"Forschung am HITS"},"content":{"rendered":"\n<p>Das HITS betreibt Grundlagenforschung in den Naturwissenschaften, der Mathematik und der Informatik. <\/p>\n\n\n\n<p>Zu den Hauptforschungsrichtungen z\u00e4hlen komplexe Simulationen auf verschiedenen Skalen, Datenwissenschaft und -analyse sowie die Entwicklung rechnergest\u00fctzter Tools f\u00fcr die Forschung. Die Anwendungsfelder reichen von der Molekularbiologie bis zur Astrophysik. Ein wesentliches Merkmal des Instituts ist die Interdisziplinarit\u00e4t, die in <a rel=\"noreferrer noopener\" href=\"https:\/\/www.h-its.org\/de\/forschung\/hits-lab\/\" target=\"_blank\">zahlreichen gruppen- und disziplin\u00fcbergreifenden Projekten <\/a>umgesetzt wird. Dar\u00fcber hinaus arbeiten wir eng mit universit\u00e4ren und au\u00dferuniversit\u00e4ren Forschungsinstituten sowie mit industriellen Partnern zusammen.<\/p>\n\n\n\n<p> <\/p>\n\n\n\n<p>Das HITS arbeitet an langfristig angelegten Forschungsprojekten, die ein hohes Zukunftspotential aufweisen. Dazu konzentrieren wir uns auf wenige, anspruchsvolle Gebiete, in denen wir f\u00e4cher\u00fcbergreifend unseren Forschungsfragen&nbsp; nachgehen.<\/p>\n\n\n\n<p><\/p>\n\n\n\n<p>Ein weiteres Ziel unserer Arbeit ist es, das Bewusstsein f\u00fcr die Bedeutung von Wissenschaft \u2013 vor allem f\u00fcr datengetriebene Wissenschaft \u2013 in der \u00d6ffentlichkeit zu f\u00f6rdern.<\/p>\n\n\n\n<h2 class=\"wp-block-heading\">Einblicke ins HITS<\/h2>\n\n\n\n<figure class=\"wp-block-embed is-type-video is-provider-youtube wp-block-embed-youtube wp-embed-aspect-16-9 wp-has-aspect-ratio\"><div class=\"wp-block-embed__wrapper\">\n<iframe loading=\"lazy\" title=\"HITS - a very special institute\" width=\"500\" height=\"281\" src=\"https:\/\/www.youtube.com\/embed\/z_qVWcp37I8?feature=oembed\" frameborder=\"0\" allow=\"accelerometer; autoplay; clipboard-write; encrypted-media; gyroscope; picture-in-picture; web-share\" referrerpolicy=\"strict-origin-when-cross-origin\" allowfullscreen><\/iframe>\n<\/div><\/figure>\n\n\n<div class=\"hits-blocks hits-groups-block alignfull section-wrapper with-background\">\n    <div class=\"section-wrapper--inner\">\n      \n      <div class=\"group-grid two-columns\">\n        <div class=\"group-preview\">\n      <div class=\"image-wrapper\">\n      <div class=\"image-inner\">\n        <img decoding=\"async\" src=\"https:\/\/www.h-its.org\/de\/wp-content\/uploads\/sites\/2\/2019\/12\/AIN-420x420.jpg\" alt=\"Group Image\" \/>      <\/div>\n    <\/div>\n    <div class=\"group-preview--content\">\n    <p class=\"font-m font-normal font-primary\">Astroinformatics<\/p>\n    <div class=\"show-for-medium\">\n      <!-- <p>Die AIN Gruppe entwickelt neue Methoden und Werkzeuge, um eine Analyse der exponentiell wachsenden Anzahl an Daten im Bereich der Astronomie ...<\/p> -->\n      <p>Die AIN Gruppe entwickelt neue Methoden und Werkzeuge, um eine Analyse der exponentiell wachsenden Anzahl an Daten im Bereich der Astronomie zu erm\u00f6glichen.<\/p>    <\/div>\n    <a href=\"https:\/\/www.h-its.org\/de\/forschung\/ain-de\/\" class=\"read-more-button\">Mehr erfahren<\/a>\n  <\/div>\n<\/div>\n<div class=\"group-preview\">\n      <div class=\"image-wrapper\">\n      <div class=\"image-inner\">\n        <img decoding=\"async\" src=\"https:\/\/www.h-its.org\/de\/wp-content\/uploads\/sites\/2\/2019\/12\/CME-420x420.jpg\" alt=\"Group Image\" \/>      <\/div>\n    <\/div>\n    <div class=\"group-preview--content\">\n    <p class=\"font-m font-normal font-primary\">Computational Molecular Evolution<\/p>\n    <div class=\"show-for-medium\">\n      <!-- <p>Die CME Gruppe besch\u00e4ftigt sich mit Algorithmen, Hardware-Architekturen und dem Hochleistungsrechnen f\u00fcr die Bioinformatik.<\/p> -->\n      <p>Die CME Gruppe besch\u00e4ftigt sich mit Algorithmen, Hardware-Architekturen und dem Hochleistungsrechnen f\u00fcr die Bioinformatik.<\/p>    <\/div>\n    <a href=\"https:\/\/www.h-its.org\/de\/forschung\/cme\/\" class=\"read-more-button\">Mehr erfahren<\/a>\n  <\/div>\n<\/div>\n<div class=\"group-preview\">\n      <div class=\"image-wrapper\">\n      <div class=\"image-inner\">\n        <img decoding=\"async\" src=\"https:\/\/www.h-its.org\/de\/wp-content\/uploads\/sites\/2\/2019\/12\/cst-header-420x420.jpg\" alt=\"Group Image\" \/>      <\/div>\n    <\/div>\n    <div class=\"group-preview--content\">\n    <p class=\"font-m font-normal font-primary\">Computational Statistics<\/p>\n    <div class=\"show-for-medium\">\n      <!-- <p>Die CST Gruppe besch\u00e4ftigt sich mit der Theorie und Praxis von Vorhersagen sowie mit r\u00e4umlicher Statistik.<\/p> -->\n      <p>Die CST Gruppe besch\u00e4ftigt sich mit der Theorie und Praxis von Vorhersagen sowie mit r\u00e4umlicher Statistik.<\/p>    <\/div>\n    <a href=\"https:\/\/www.h-its.org\/de\/forschung\/cst\/\" class=\"read-more-button\">Mehr erfahren<\/a>\n  <\/div>\n<\/div>\n<div class=\"group-preview\">\n      <div class=\"image-wrapper\">\n      <div class=\"image-inner\">\n        <img decoding=\"async\" src=\"https:\/\/www.h-its.org\/de\/wp-content\/uploads\/sites\/2\/2019\/12\/DMQ-420x420.jpg\" alt=\"Group Image\" \/>      <\/div>\n    <\/div>\n    <div class=\"group-preview--content\">\n    <p class=\"font-m font-normal font-primary\">Data Mining and Uncertainty Quantification<\/p>\n    <div class=\"show-for-medium\">\n      <!-- <p>Die DMQ Gruppe nutzt stochastische mathematische Modelle, High Performance Computing und Hardware-Aware Computing, um die Auswirkungen von Unsicherheiten bei gro\u00dfen ...<\/p> -->\n      <p>Die DMQ Gruppe nutzt stochastische mathematische Modelle, High Performance Computing und Hardware-Aware Computing, um die Auswirkungen von Unsicherheiten bei gro\u00dfen Datens\u00e4tzen zu quantifizieren.<\/p>    <\/div>\n    <a href=\"https:\/\/www.h-its.org\/de\/forschung\/dmq\/\" class=\"read-more-button\">Mehr erfahren<\/a>\n  <\/div>\n<\/div>\n<div class=\"group-preview\">\n      <div class=\"image-wrapper\">\n      <div class=\"image-inner\">\n        <img decoding=\"async\" src=\"https:\/\/www.h-its.org\/de\/wp-content\/uploads\/sites\/2\/2024\/08\/MLI_Picture-420x420.png\" alt=\"Group Image\" \/>      <\/div>\n    <\/div>\n    <div class=\"group-preview--content\">\n    <p class=\"font-m font-normal font-primary\">Machine Learning and Artificial Intelligence<\/p>\n    <div class=\"show-for-medium\">\n      <!-- <p>Kaum ein Schlagwort ist in den letzten Jahren so sehr Bestandteil des menschlichen Alltags geworden wie \u201eK\u00fcnstliche Intelligenz\u201c &#8211; von der ...<\/p> -->\n      <p>Kaum ein Schlagwort ist in den letzten Jahren so sehr Bestandteil des menschlichen Alltags geworden wie \u201eK\u00fcnstliche Intelligenz\u201c &#8211; von der &#8230;<\/p>\n    <\/div>\n    <a href=\"https:\/\/www.h-its.org\/de\/forschung\/mli\/\" class=\"read-more-button\">Mehr erfahren<\/a>\n  <\/div>\n<\/div>\n<div class=\"group-preview\">\n      <div class=\"image-wrapper\">\n      <div class=\"image-inner\">\n        <img decoding=\"async\" src=\"https:\/\/www.h-its.org\/de\/wp-content\/uploads\/sites\/2\/2019\/12\/MCM-420x420.jpg\" alt=\"Group Image\" \/>      <\/div>\n    <\/div>\n    <div class=\"group-preview--content\">\n    <p class=\"font-m font-normal font-primary\">Molecular and Cellular Modeling<\/p>\n    <div class=\"show-for-medium\">\n      <!-- <p>Die MCM Gruppe erforscht die Wechselwirkungen zwischen Biomolek\u00fclen. Daf\u00fcr werden Methoden, wie web-basierte Visualisierungswerkzeuge bis hin zu Molekularsimulationen auf ...<\/p> -->\n      <p>Die MCM Gruppe erforscht die Wechselwirkungen zwischen Biomolek\u00fclen. Daf\u00fcr werden Methoden, wie web-basierte Visualisierungswerkzeuge bis hin zu Molekularsimulationen auf atomarer Ebene verwendet.<\/p>    <\/div>\n    <a href=\"https:\/\/www.h-its.org\/de\/forschung\/mcm\/\" class=\"read-more-button\">Mehr erfahren<\/a>\n  <\/div>\n<\/div>\n<div class=\"group-preview\">\n      <div class=\"image-wrapper\">\n      <div class=\"image-inner\">\n        <img decoding=\"async\" src=\"https:\/\/www.h-its.org\/de\/wp-content\/uploads\/sites\/2\/2019\/12\/MBM-420x420.jpg\" alt=\"Group Image\" \/>      <\/div>\n    <\/div>\n    <div class=\"group-preview--content\">\n    <p class=\"font-m font-normal font-primary\">Molecular Biomechanics<\/p>\n    <div class=\"show-for-medium\">\n      <!-- <p>Die MBM Gruppe erforscht, wie Proteine aufgebaut sind, um in der zellul\u00e4ren Umgebung oder als Biomaterial gezielt auf mechanische Kr\u00e4...<\/p> -->\n      <p>Die MBM Gruppe erforscht, wie Proteine aufgebaut sind, um in der zellul\u00e4ren Umgebung oder als Biomaterial gezielt auf mechanische Kr\u00e4fte reagieren zu k\u00f6nnen.<\/p>    <\/div>\n    <a href=\"https:\/\/www.h-its.org\/de\/forschung\/mbm\/\" class=\"read-more-button\">Mehr erfahren<\/a>\n  <\/div>\n<\/div>\n<div class=\"group-preview\">\n      <div class=\"image-wrapper\">\n      <div class=\"image-inner\">\n        <img decoding=\"async\" src=\"https:\/\/www.h-its.org\/de\/wp-content\/uploads\/sites\/2\/2019\/12\/NLP-420x420.jpg\" alt=\"Group Image\" \/>      <\/div>\n    <\/div>\n    <div class=\"group-preview--content\">\n    <p class=\"font-m font-normal font-primary\">Natural Language Processing<\/p>\n    <div class=\"show-for-medium\">\n      <!-- <p>Die NLP widmet sich der automatischen Verarbeitung nat\u00fcrlicher Sprache.<\/p> -->\n      <p>Die NLP widmet sich der automatischen Verarbeitung nat\u00fcrlicher Sprache.<\/p>    <\/div>\n    <a href=\"https:\/\/www.h-its.org\/de\/forschung\/nlp\/\" class=\"read-more-button\">Mehr erfahren<\/a>\n  <\/div>\n<\/div>\n<div class=\"group-preview\">\n      <div class=\"image-wrapper\">\n      <div class=\"image-inner\">\n        <img decoding=\"async\" src=\"https:\/\/www.h-its.org\/de\/wp-content\/uploads\/sites\/2\/2019\/12\/PSO-420x420.jpg\" alt=\"Group Image\" \/>      <\/div>\n    <\/div>\n    <div class=\"group-preview--content\">\n    <p class=\"font-m font-normal font-primary\">Physics of Stellar Objects<\/p>\n    <div class=\"show-for-medium\">\n      <!-- <p>Die PSO Gruppe modelliert thermonuklearen Explosionen wei\u00dfer Zwergsterne, die zum astronomischen Ph\u00e4nomen der Supernovae des Typen Ia f\u00fchren.<\/p> -->\n      <p>Die PSO Gruppe modelliert thermonuklearen Explosionen wei\u00dfer Zwergsterne, die zum astronomischen Ph\u00e4nomen der Supernovae des Typen Ia f\u00fchren.<\/p>    <\/div>\n    <a href=\"https:\/\/www.h-its.org\/de\/forschung\/pso\/\" class=\"read-more-button\">Mehr erfahren<\/a>\n  <\/div>\n<\/div>\n<div class=\"group-preview\">\n      <div class=\"image-wrapper\">\n      <div class=\"image-inner\">\n        <img decoding=\"async\" src=\"https:\/\/www.h-its.org\/de\/wp-content\/uploads\/sites\/2\/2019\/12\/SDBV-title-420x420.jpg\" alt=\"Group Image\" \/>      <\/div>\n    <\/div>\n    <div class=\"group-preview--content\">\n    <p class=\"font-m font-normal font-primary\">Scientific Databases and Visualization<\/p>\n    <div class=\"show-for-medium\">\n      <!-- <p>Die SDBV Gruppe verbessert die Datenspeicherung und die Suche nach Daten in den Lebenswissenschaften, so dass Dom\u00e4nenexperten, die keine Informatiker ...<\/p> -->\n      <p>Die SDBV Gruppe verbessert die Datenspeicherung und die Suche nach Daten in den Lebenswissenschaften, so dass Dom\u00e4nenexperten, die keine Informatiker sind, Daten einfach speichern, suchen und verarbeiten k\u00f6nnen.<\/p>    <\/div>\n    <a href=\"https:\/\/www.h-its.org\/de\/forschung\/sdbv\/\" class=\"read-more-button\">Mehr erfahren<\/a>\n  <\/div>\n<\/div>\n<div class=\"group-preview\">\n      <div class=\"image-wrapper\">\n      <div class=\"image-inner\">\n        <img decoding=\"async\" src=\"https:\/\/www.h-its.org\/de\/wp-content\/uploads\/sites\/2\/2020\/12\/set-uebersicht-420x420.jpg\" alt=\"Group Image\" \/>      <\/div>\n    <\/div>\n    <div class=\"group-preview--content\">\n    <p class=\"font-m font-normal font-primary\">Stellar Evolution Theory<\/p>\n    <div class=\"show-for-medium\">\n      <!-- <p>Die SET Gruppe untersucht das turbulente und explosive Leben von massiven Sternen.<\/p> -->\n      <p>Die SET Gruppe untersucht das turbulente und explosive Leben von massiven Sternen.<\/p>    <\/div>\n    <a href=\"https:\/\/www.h-its.org\/de\/forschung\/set\/\" class=\"read-more-button\">Mehr erfahren<\/a>\n  <\/div>\n<\/div>\n<div class=\"group-preview\">\n      <div class=\"image-wrapper\">\n      <div class=\"image-inner\">\n        <img decoding=\"async\" src=\"https:\/\/www.h-its.org\/de\/wp-content\/uploads\/sites\/2\/2020\/12\/TOS_Preview_Update-420x420.png\" alt=\"Group Image\" \/>      <\/div>\n    <\/div>\n    <div class=\"group-preview--content\">\n    <p class=\"font-m font-normal font-primary\">Theory and Observations of Stars<\/p>\n    <div class=\"show-for-medium\">\n      <!-- <p>Sterne sind eine wichtige Quelle elektromagnetischer Strahlung im Universum, mit der viele Ph\u00e4nomene untersucht werden k\u00f6nnen, von fernen Galaxien \u00fc...<\/p> -->\n      <p>Sterne sind eine wichtige Quelle elektromagnetischer Strahlung im Universum, mit der viele Ph\u00e4nomene untersucht werden k\u00f6nnen, von fernen Galaxien \u00fc&#8230;<\/p>\n    <\/div>\n    <a href=\"https:\/\/www.h-its.org\/de\/forschung\/tos\/\" class=\"read-more-button\">Mehr erfahren<\/a>\n  <\/div>\n<\/div>\n<div class=\"group-preview\">\n      <div class=\"image-wrapper\">\n      <div class=\"image-inner\">\n        <img decoding=\"async\" src=\"https:\/\/www.h-its.org\/de\/wp-content\/uploads\/sites\/2\/2020\/12\/HITS-Lab-420x420.jpg\" alt=\"Group Image\" \/>      <\/div>\n    <\/div>\n    <div class=\"group-preview--content\">\n    <p class=\"font-m font-normal font-primary\">HITS Lab<\/p>\n    <div class=\"show-for-medium\">\n      <!-- <p>Das HITS Lab f\u00f6rdert die Zusammenarbeit zwischen Gruppen und Disziplinen.<\/p> -->\n      <p>Das HITS Lab f\u00f6rdert die Zusammenarbeit zwischen Gruppen und Disziplinen.<\/p>    <\/div>\n    <a href=\"https:\/\/www.h-its.org\/de\/forschung\/hits-lab\/\" class=\"read-more-button\">Mehr erfahren<\/a>\n  <\/div>\n<\/div>\n<div class=\"group-preview\">\n      <div class=\"image-wrapper\">\n      <div class=\"image-inner\">\n        <img decoding=\"async\" src=\"https:\/\/www.h-its.org\/de\/wp-content\/uploads\/sites\/2\/2019\/12\/Karriere-420x420.jpg\" alt=\"Group Image\" \/>      <\/div>\n    <\/div>\n    <div class=\"group-preview--content\">\n    <p class=\"font-m font-normal font-primary\">Klaus Tschira Gastprofessor\/-innenprogramm<\/p>\n    <div class=\"show-for-medium\">\n      <!-- <p>Das Klaus Tschira Gastprofessor\/-innen Programm soll den internationalen Austausch und die wissenschaftliche Zusammenarbeit im Bereich der Naturwissenschaften, Mathematik und Informatik ...<\/p> -->\n      <p>Das Klaus Tschira Gastprofessor\/-innen Programm soll den internationalen Austausch und die wissenschaftliche Zusammenarbeit im Bereich der Naturwissenschaften, Mathematik und Informatik &#8230;<\/p>\n    <\/div>\n    <a href=\"https:\/\/www.h-its.org\/de\/forschung\/klaus-tschira-guest-professorship-program\/\" class=\"read-more-button\">Mehr erfahren<\/a>\n  <\/div>\n<\/div>\n<div class=\"group-preview\">\n      <div class=\"image-wrapper\">\n      <div class=\"image-inner\">\n        <img decoding=\"async\" src=\"https:\/\/www.h-its.org\/de\/wp-content\/uploads\/sites\/2\/2019\/12\/Karriere-420x420.jpg\" alt=\"Group Image\" \/>      <\/div>\n    <\/div>\n    <div class=\"group-preview--content\">\n    <p class=\"font-m font-normal font-primary\">HITS Independent Postdoc Program<\/p>\n    <div class=\"show-for-medium\">\n      <!-- <p>Das HITS Independent Postdoc Programm bietet Doktorandinnen und Doktoranden eine gro\u00dfartige Chance beim \u00dcbergang zum Nachwuchsgruppenleiter bzw. zur Nachwuchsgruppenleiterin. Es ...<\/p> -->\n      <p>Das HITS Independent Postdoc Programm bietet Doktorandinnen und Doktoranden eine gro\u00dfartige Chance beim \u00dcbergang zum Nachwuchsgruppenleiter bzw. zur Nachwuchsgruppenleiterin. Es &#8230;<\/p>\n    <\/div>\n    <a href=\"https:\/\/www.h-its.org\/de\/forschung\/independent-postdoc-programm\/\" class=\"read-more-button\">Mehr erfahren<\/a>\n  <\/div>\n<\/div>\n      <\/div>\n    <\/div>\n\n<\/div>\n","protected":false},"excerpt":{"rendered":"<p>Das HITS betreibt Grundlagenforschung in den Naturwissenschaften, der Mathematik und der Informatik. Zu den Hauptforschungsrichtungen z\u00e4hlen komplexe Simulationen auf verschiedenen &#8230;<\/p>\n","protected":false},"author":1,"featured_media":40630,"parent":0,"menu_order":2,"comment_status":"closed","ping_status":"closed","template":"","meta":{"_acf_changed":false,"inline_featured_image":false,"footnotes":""},"hits-research-group":[1319],"class_list":["post-4","page","type-page","status-publish","has-post-thumbnail","hentry","hits-research-group-hits"],"acf":[],"yoast_head":"<!-- This site is optimized with the Yoast SEO plugin v27.2 - https:\/\/yoast.com\/product\/yoast-seo-wordpress\/ -->\n<title>Forschung am HITS - HITS gGmbH<\/title>\n<meta name=\"robots\" content=\"index, follow, max-snippet:-1, max-image-preview:large, max-video-preview:-1\" \/>\n<link rel=\"canonical\" href=\"https:\/\/www.h-its.org\/de\/forschung\/\" \/>\n<meta property=\"og:locale\" content=\"de_DE\" \/>\n<meta property=\"og:type\" content=\"article\" \/>\n<meta property=\"og:title\" content=\"Forschung am HITS - HITS gGmbH\" \/>\n<meta property=\"og:description\" content=\"Das HITS betreibt Grundlagenforschung in den Naturwissenschaften, der Mathematik und der Informatik. Zu den Hauptforschungsrichtungen z\u00e4hlen komplexe Simulationen auf verschiedenen ...\" \/>\n<meta property=\"og:url\" content=\"https:\/\/www.h-its.org\/de\/forschung\/\" \/>\n<meta property=\"og:site_name\" content=\"HITS gGmbH\" \/>\n<meta property=\"article:modified_time\" content=\"2023-09-25T13:22:40+00:00\" \/>\n<meta property=\"og:image\" content=\"https:\/\/www.h-its.org\/de\/wp-content\/uploads\/sites\/2\/2019\/12\/Forschung.jpg\" \/>\n\t<meta property=\"og:image:width\" content=\"1340\" \/>\n\t<meta property=\"og:image:height\" content=\"450\" \/>\n\t<meta property=\"og:image:type\" content=\"image\/jpeg\" \/>\n<meta name=\"twitter:card\" content=\"summary_large_image\" \/>\n<meta name=\"twitter:label1\" content=\"Gesch\u00e4tzte Lesezeit\" \/>\n\t<meta name=\"twitter:data1\" content=\"1\u00a0Minute\" \/>\n<script type=\"application\/ld+json\" class=\"yoast-schema-graph\">{\"@context\":\"https:\/\/schema.org\",\"@graph\":[{\"@type\":\"WebPage\",\"@id\":\"https:\/\/www.h-its.org\/de\/forschung\/\",\"url\":\"https:\/\/www.h-its.org\/de\/forschung\/\",\"name\":\"Forschung am HITS - HITS gGmbH\",\"isPartOf\":{\"@id\":\"https:\/\/www.h-its.org\/de\/#website\"},\"primaryImageOfPage\":{\"@id\":\"https:\/\/www.h-its.org\/de\/forschung\/#primaryimage\"},\"image\":{\"@id\":\"https:\/\/www.h-its.org\/de\/forschung\/#primaryimage\"},\"thumbnailUrl\":\"https:\/\/www.h-its.org\/de\/wp-content\/uploads\/sites\/2\/2019\/12\/Forschung.jpg\",\"datePublished\":\"2014-09-03T18:09:10+00:00\",\"dateModified\":\"2023-09-25T13:22:40+00:00\",\"breadcrumb\":{\"@id\":\"https:\/\/www.h-its.org\/de\/forschung\/#breadcrumb\"},\"inLanguage\":\"de\",\"potentialAction\":[{\"@type\":\"ReadAction\",\"target\":[\"https:\/\/www.h-its.org\/de\/forschung\/\"]}]},{\"@type\":\"ImageObject\",\"inLanguage\":\"de\",\"@id\":\"https:\/\/www.h-its.org\/de\/forschung\/#primaryimage\",\"url\":\"https:\/\/www.h-its.org\/de\/wp-content\/uploads\/sites\/2\/2019\/12\/Forschung.jpg\",\"contentUrl\":\"https:\/\/www.h-its.org\/de\/wp-content\/uploads\/sites\/2\/2019\/12\/Forschung.jpg\",\"width\":1340,\"height\":450},{\"@type\":\"BreadcrumbList\",\"@id\":\"https:\/\/www.h-its.org\/de\/forschung\/#breadcrumb\",\"itemListElement\":[{\"@type\":\"ListItem\",\"position\":1,\"name\":\"Home\",\"item\":\"https:\/\/www.h-its.org\/de\/\"},{\"@type\":\"ListItem\",\"position\":2,\"name\":\"Forschung am HITS\"}]},{\"@type\":\"WebSite\",\"@id\":\"https:\/\/www.h-its.org\/de\/#website\",\"url\":\"https:\/\/www.h-its.org\/de\/\",\"name\":\"HITS gGmbH\",\"description\":\"Heidelberg Institute for Theoretical Studies\",\"potentialAction\":[{\"@type\":\"SearchAction\",\"target\":{\"@type\":\"EntryPoint\",\"urlTemplate\":\"https:\/\/www.h-its.org\/de\/?s={search_term_string}\"},\"query-input\":{\"@type\":\"PropertyValueSpecification\",\"valueRequired\":true,\"valueName\":\"search_term_string\"}}],\"inLanguage\":\"de\"}]}<\/script>\n<!-- \/ Yoast SEO plugin. -->","yoast_head_json":{"title":"Forschung am HITS - HITS gGmbH","robots":{"index":"index","follow":"follow","max-snippet":"max-snippet:-1","max-image-preview":"max-image-preview:large","max-video-preview":"max-video-preview:-1"},"canonical":"https:\/\/www.h-its.org\/de\/forschung\/","og_locale":"de_DE","og_type":"article","og_title":"Forschung am HITS - HITS gGmbH","og_description":"Das HITS betreibt Grundlagenforschung in den Naturwissenschaften, der Mathematik und der Informatik. Zu den Hauptforschungsrichtungen z\u00e4hlen komplexe Simulationen auf verschiedenen ...","og_url":"https:\/\/www.h-its.org\/de\/forschung\/","og_site_name":"HITS gGmbH","article_modified_time":"2023-09-25T13:22:40+00:00","og_image":[{"width":1340,"height":450,"url":"https:\/\/www.h-its.org\/de\/wp-content\/uploads\/sites\/2\/2019\/12\/Forschung.jpg","type":"image\/jpeg"}],"twitter_card":"summary_large_image","twitter_misc":{"Gesch\u00e4tzte Lesezeit":"1\u00a0Minute"},"schema":{"@context":"https:\/\/schema.org","@graph":[{"@type":"WebPage","@id":"https:\/\/www.h-its.org\/de\/forschung\/","url":"https:\/\/www.h-its.org\/de\/forschung\/","name":"Forschung am HITS - HITS gGmbH","isPartOf":{"@id":"https:\/\/www.h-its.org\/de\/#website"},"primaryImageOfPage":{"@id":"https:\/\/www.h-its.org\/de\/forschung\/#primaryimage"},"image":{"@id":"https:\/\/www.h-its.org\/de\/forschung\/#primaryimage"},"thumbnailUrl":"https:\/\/www.h-its.org\/de\/wp-content\/uploads\/sites\/2\/2019\/12\/Forschung.jpg","datePublished":"2014-09-03T18:09:10+00:00","dateModified":"2023-09-25T13:22:40+00:00","breadcrumb":{"@id":"https:\/\/www.h-its.org\/de\/forschung\/#breadcrumb"},"inLanguage":"de","potentialAction":[{"@type":"ReadAction","target":["https:\/\/www.h-its.org\/de\/forschung\/"]}]},{"@type":"ImageObject","inLanguage":"de","@id":"https:\/\/www.h-its.org\/de\/forschung\/#primaryimage","url":"https:\/\/www.h-its.org\/de\/wp-content\/uploads\/sites\/2\/2019\/12\/Forschung.jpg","contentUrl":"https:\/\/www.h-its.org\/de\/wp-content\/uploads\/sites\/2\/2019\/12\/Forschung.jpg","width":1340,"height":450},{"@type":"BreadcrumbList","@id":"https:\/\/www.h-its.org\/de\/forschung\/#breadcrumb","itemListElement":[{"@type":"ListItem","position":1,"name":"Home","item":"https:\/\/www.h-its.org\/de\/"},{"@type":"ListItem","position":2,"name":"Forschung am HITS"}]},{"@type":"WebSite","@id":"https:\/\/www.h-its.org\/de\/#website","url":"https:\/\/www.h-its.org\/de\/","name":"HITS gGmbH","description":"Heidelberg Institute for Theoretical Studies","potentialAction":[{"@type":"SearchAction","target":{"@type":"EntryPoint","urlTemplate":"https:\/\/www.h-its.org\/de\/?s={search_term_string}"},"query-input":{"@type":"PropertyValueSpecification","valueRequired":true,"valueName":"search_term_string"}}],"inLanguage":"de"}]}},"publishpress_future_action":{"enabled":false,"date":"2026-04-21 21:56:50","action":"change-status","newStatus":"draft","terms":[],"taxonomy":"hits-research-group","extraData":[]},"publishpress_future_workflow_manual_trigger":{"enabledWorkflows":[]},"_links":{"self":[{"href":"https:\/\/www.h-its.org\/de\/wp-json\/wp\/v2\/pages\/4","targetHints":{"allow":["GET"]}}],"collection":[{"href":"https:\/\/www.h-its.org\/de\/wp-json\/wp\/v2\/pages"}],"about":[{"href":"https:\/\/www.h-its.org\/de\/wp-json\/wp\/v2\/types\/page"}],"author":[{"embeddable":true,"href":"https:\/\/www.h-its.org\/de\/wp-json\/wp\/v2\/users\/1"}],"replies":[{"embeddable":true,"href":"https:\/\/www.h-its.org\/de\/wp-json\/wp\/v2\/comments?post=4"}],"version-history":[{"count":43,"href":"https:\/\/www.h-its.org\/de\/wp-json\/wp\/v2\/pages\/4\/revisions"}],"predecessor-version":[{"id":49805,"href":"https:\/\/www.h-its.org\/de\/wp-json\/wp\/v2\/pages\/4\/revisions\/49805"}],"wp:featuredmedia":[{"embeddable":true,"href":"https:\/\/www.h-its.org\/de\/wp-json\/wp\/v2\/media\/40630"}],"wp:attachment":[{"href":"https:\/\/www.h-its.org\/de\/wp-json\/wp\/v2\/media?parent=4"}],"wp:term":[{"taxonomy":"hits-research-group","embeddable":true,"href":"https:\/\/www.h-its.org\/de\/wp-json\/wp\/v2\/hits-research-group?post=4"}],"curies":[{"name":"wp","href":"https:\/\/api.w.org\/{rel}","templated":true}]}}