{"id":41958,"date":"2020-04-03T15:12:59","date_gmt":"2020-04-03T13:12:59","guid":{"rendered":"https:\/\/www.h-its.org\/de\/?page_id=41958"},"modified":"2023-01-18T14:21:47","modified_gmt":"2023-01-18T13:21:47","slug":"leitbild","status":"publish","type":"page","link":"https:\/\/www.h-its.org\/de\/institut\/leitbild\/","title":{"rendered":"Leitbild"},"content":{"rendered":"\n<h2 class=\"wp-block-heading\">Think beyond the limits!<\/h2>\n\n\n\n<p>Das HITS betreibt innovative, grundlagenorientierte Forschung in interdisziplin\u00e4rem Rahmen. Wir verfolgen das Ziel, von uns besetzte Forschungsfelder international f\u00fchrend zu bearbeiten. Dabei steht f\u00fcr uns Qualit\u00e4t vor Quantit\u00e4t, und neue Ideen werden gef\u00f6rdert.<\/p>\n\n\n\n<p>Gr\u00f6\u00dftm\u00f6gliche Freiheit der Forschung,<a> <\/a>Unabh\u00e4ngigkeit von kurzlebigen Trends und die erstklassige Unterst\u00fctzung des wissenschaftlichen Nachwuchses sind uns sehr wichtig. Wir sind uns bewusst, dass die erfolgreiche Zusammenarbeit von Forschenden unterschiedlicher Fachrichtungen auf wissenschaftlicher Exzellenz beruht. Darauf richten wir unsere gemeinsamen Anstrengungen. Das einzigartige r\u00e4umliche und organisatorische Umfeld am HITS unterst\u00fctzt uns dabei.\u00a0<\/p>\n\n\n\n<p>Integrit\u00e4t und Nachhaltigkeit, gesellschaftliche Verantwortung im Dialog mit der \u00d6ffentlichkeit, internationale Ausrichtung, gegenseitiger Respekt, Familienfreundlichkeit und Diversit\u00e4t sind Grundpfeiler unseres Instituts.<\/p>\n\n\n\n<p>&nbsp;<\/p>\n","protected":false},"excerpt":{"rendered":"<p>Think beyond the limits! Das HITS betreibt innovative, grundlagenorientierte Forschung in interdisziplin\u00e4rem Rahmen. Wir verfolgen das Ziel, von uns besetzte &#8230;<\/p>\n","protected":false},"author":6,"featured_media":40609,"parent":6,"menu_order":0,"comment_status":"closed","ping_status":"closed","template":"","meta":{"_acf_changed":false,"inline_featured_image":false,"footnotes":""},"hits-research-group":[1341],"class_list":["post-41958","page","type-page","status-publish","has-post-thumbnail","hentry","hits-research-group-administration-de"],"acf":[],"yoast_head":"<!-- This site is optimized with the Yoast SEO plugin v27.4 - https:\/\/yoast.com\/product\/yoast-seo-wordpress\/ -->\n<title>Leitbild - HITS gGmbH<\/title>\n<meta name=\"robots\" content=\"index, follow, max-snippet:-1, max-image-preview:large, max-video-preview:-1\" \/>\n<link rel=\"canonical\" href=\"https:\/\/www.h-its.org\/de\/institut\/leitbild\/\" \/>\n<meta property=\"og:locale\" content=\"de_DE\" \/>\n<meta property=\"og:type\" content=\"article\" \/>\n<meta property=\"og:title\" content=\"Leitbild - HITS gGmbH\" \/>\n<meta property=\"og:description\" content=\"Think beyond the limits! Das HITS betreibt innovative, grundlagenorientierte Forschung in interdisziplin\u00e4rem Rahmen. Wir verfolgen das Ziel, von uns besetzte ...\" \/>\n<meta property=\"og:url\" content=\"https:\/\/www.h-its.org\/de\/institut\/leitbild\/\" \/>\n<meta property=\"og:site_name\" content=\"HITS gGmbH\" \/>\n<meta property=\"article:modified_time\" content=\"2023-01-18T13:21:47+00:00\" \/>\n<meta property=\"og:image\" content=\"https:\/\/www.h-its.org\/de\/wp-content\/uploads\/sites\/2\/2019\/12\/HITS.jpg\" \/>\n\t<meta property=\"og:image:width\" content=\"1340\" \/>\n\t<meta property=\"og:image:height\" content=\"450\" \/>\n\t<meta property=\"og:image:type\" content=\"image\/jpeg\" \/>\n<meta name=\"twitter:card\" content=\"summary_large_image\" \/>\n<meta name=\"twitter:label1\" content=\"Gesch\u00e4tzte Lesezeit\" \/>\n\t<meta name=\"twitter:data1\" content=\"1\u00a0Minute\" \/>\n<script type=\"application\/ld+json\" class=\"yoast-schema-graph\">{\"@context\":\"https:\\\/\\\/schema.org\",\"@graph\":[{\"@type\":\"WebPage\",\"@id\":\"https:\\\/\\\/www.h-its.org\\\/de\\\/institut\\\/leitbild\\\/\",\"url\":\"https:\\\/\\\/www.h-its.org\\\/de\\\/institut\\\/leitbild\\\/\",\"name\":\"Leitbild - HITS gGmbH\",\"isPartOf\":{\"@id\":\"https:\\\/\\\/www.h-its.org\\\/de\\\/#website\"},\"primaryImageOfPage\":{\"@id\":\"https:\\\/\\\/www.h-its.org\\\/de\\\/institut\\\/leitbild\\\/#primaryimage\"},\"image\":{\"@id\":\"https:\\\/\\\/www.h-its.org\\\/de\\\/institut\\\/leitbild\\\/#primaryimage\"},\"thumbnailUrl\":\"https:\\\/\\\/www.h-its.org\\\/de\\\/wp-content\\\/uploads\\\/sites\\\/2\\\/2019\\\/12\\\/HITS.jpg\",\"datePublished\":\"2020-04-03T13:12:59+00:00\",\"dateModified\":\"2023-01-18T13:21:47+00:00\",\"breadcrumb\":{\"@id\":\"https:\\\/\\\/www.h-its.org\\\/de\\\/institut\\\/leitbild\\\/#breadcrumb\"},\"inLanguage\":\"de\",\"potentialAction\":[{\"@type\":\"ReadAction\",\"target\":[\"https:\\\/\\\/www.h-its.org\\\/de\\\/institut\\\/leitbild\\\/\"]}]},{\"@type\":\"ImageObject\",\"inLanguage\":\"de\",\"@id\":\"https:\\\/\\\/www.h-its.org\\\/de\\\/institut\\\/leitbild\\\/#primaryimage\",\"url\":\"https:\\\/\\\/www.h-its.org\\\/de\\\/wp-content\\\/uploads\\\/sites\\\/2\\\/2019\\\/12\\\/HITS.jpg\",\"contentUrl\":\"https:\\\/\\\/www.h-its.org\\\/de\\\/wp-content\\\/uploads\\\/sites\\\/2\\\/2019\\\/12\\\/HITS.jpg\",\"width\":1340,\"height\":450},{\"@type\":\"BreadcrumbList\",\"@id\":\"https:\\\/\\\/www.h-its.org\\\/de\\\/institut\\\/leitbild\\\/#breadcrumb\",\"itemListElement\":[{\"@type\":\"ListItem\",\"position\":1,\"name\":\"Home\",\"item\":\"https:\\\/\\\/www.h-its.org\\\/de\\\/\"},{\"@type\":\"ListItem\",\"position\":2,\"name\":\"Institut\",\"item\":\"https:\\\/\\\/www.h-its.org\\\/de\\\/institut\\\/\"},{\"@type\":\"ListItem\",\"position\":3,\"name\":\"Leitbild\"}]},{\"@type\":\"WebSite\",\"@id\":\"https:\\\/\\\/www.h-its.org\\\/de\\\/#website\",\"url\":\"https:\\\/\\\/www.h-its.org\\\/de\\\/\",\"name\":\"HITS gGmbH\",\"description\":\"Heidelberg Institute for Theoretical Studies\",\"potentialAction\":[{\"@type\":\"SearchAction\",\"target\":{\"@type\":\"EntryPoint\",\"urlTemplate\":\"https:\\\/\\\/www.h-its.org\\\/de\\\/?s={search_term_string}\"},\"query-input\":{\"@type\":\"PropertyValueSpecification\",\"valueRequired\":true,\"valueName\":\"search_term_string\"}}],\"inLanguage\":\"de\"}]}<\/script>\n<!-- \/ Yoast SEO plugin. -->","yoast_head_json":{"title":"Leitbild - HITS gGmbH","robots":{"index":"index","follow":"follow","max-snippet":"max-snippet:-1","max-image-preview":"max-image-preview:large","max-video-preview":"max-video-preview:-1"},"canonical":"https:\/\/www.h-its.org\/de\/institut\/leitbild\/","og_locale":"de_DE","og_type":"article","og_title":"Leitbild - HITS gGmbH","og_description":"Think beyond the limits! Das HITS betreibt innovative, grundlagenorientierte Forschung in interdisziplin\u00e4rem Rahmen. Wir verfolgen das Ziel, von uns besetzte ...","og_url":"https:\/\/www.h-its.org\/de\/institut\/leitbild\/","og_site_name":"HITS gGmbH","article_modified_time":"2023-01-18T13:21:47+00:00","og_image":[{"width":1340,"height":450,"url":"https:\/\/www.h-its.org\/de\/wp-content\/uploads\/sites\/2\/2019\/12\/HITS.jpg","type":"image\/jpeg"}],"twitter_card":"summary_large_image","twitter_misc":{"Gesch\u00e4tzte Lesezeit":"1\u00a0Minute"},"schema":{"@context":"https:\/\/schema.org","@graph":[{"@type":"WebPage","@id":"https:\/\/www.h-its.org\/de\/institut\/leitbild\/","url":"https:\/\/www.h-its.org\/de\/institut\/leitbild\/","name":"Leitbild - HITS gGmbH","isPartOf":{"@id":"https:\/\/www.h-its.org\/de\/#website"},"primaryImageOfPage":{"@id":"https:\/\/www.h-its.org\/de\/institut\/leitbild\/#primaryimage"},"image":{"@id":"https:\/\/www.h-its.org\/de\/institut\/leitbild\/#primaryimage"},"thumbnailUrl":"https:\/\/www.h-its.org\/de\/wp-content\/uploads\/sites\/2\/2019\/12\/HITS.jpg","datePublished":"2020-04-03T13:12:59+00:00","dateModified":"2023-01-18T13:21:47+00:00","breadcrumb":{"@id":"https:\/\/www.h-its.org\/de\/institut\/leitbild\/#breadcrumb"},"inLanguage":"de","potentialAction":[{"@type":"ReadAction","target":["https:\/\/www.h-its.org\/de\/institut\/leitbild\/"]}]},{"@type":"ImageObject","inLanguage":"de","@id":"https:\/\/www.h-its.org\/de\/institut\/leitbild\/#primaryimage","url":"https:\/\/www.h-its.org\/de\/wp-content\/uploads\/sites\/2\/2019\/12\/HITS.jpg","contentUrl":"https:\/\/www.h-its.org\/de\/wp-content\/uploads\/sites\/2\/2019\/12\/HITS.jpg","width":1340,"height":450},{"@type":"BreadcrumbList","@id":"https:\/\/www.h-its.org\/de\/institut\/leitbild\/#breadcrumb","itemListElement":[{"@type":"ListItem","position":1,"name":"Home","item":"https:\/\/www.h-its.org\/de\/"},{"@type":"ListItem","position":2,"name":"Institut","item":"https:\/\/www.h-its.org\/de\/institut\/"},{"@type":"ListItem","position":3,"name":"Leitbild"}]},{"@type":"WebSite","@id":"https:\/\/www.h-its.org\/de\/#website","url":"https:\/\/www.h-its.org\/de\/","name":"HITS gGmbH","description":"Heidelberg Institute for Theoretical Studies","potentialAction":[{"@type":"SearchAction","target":{"@type":"EntryPoint","urlTemplate":"https:\/\/www.h-its.org\/de\/?s={search_term_string}"},"query-input":{"@type":"PropertyValueSpecification","valueRequired":true,"valueName":"search_term_string"}}],"inLanguage":"de"}]}},"publishpress_future_action":{"enabled":false,"date":"2026-04-28 09:52:06","action":"change-status","newStatus":"draft","terms":[],"taxonomy":"hits-research-group","extraData":[]},"publishpress_future_workflow_manual_trigger":{"enabledWorkflows":[]},"_links":{"self":[{"href":"https:\/\/www.h-its.org\/de\/wp-json\/wp\/v2\/pages\/41958","targetHints":{"allow":["GET"]}}],"collection":[{"href":"https:\/\/www.h-its.org\/de\/wp-json\/wp\/v2\/pages"}],"about":[{"href":"https:\/\/www.h-its.org\/de\/wp-json\/wp\/v2\/types\/page"}],"author":[{"embeddable":true,"href":"https:\/\/www.h-its.org\/de\/wp-json\/wp\/v2\/users\/6"}],"replies":[{"embeddable":true,"href":"https:\/\/www.h-its.org\/de\/wp-json\/wp\/v2\/comments?post=41958"}],"version-history":[{"count":4,"href":"https:\/\/www.h-its.org\/de\/wp-json\/wp\/v2\/pages\/41958\/revisions"}],"predecessor-version":[{"id":46101,"href":"https:\/\/www.h-its.org\/de\/wp-json\/wp\/v2\/pages\/41958\/revisions\/46101"}],"up":[{"embeddable":true,"href":"https:\/\/www.h-its.org\/de\/wp-json\/wp\/v2\/pages\/6"}],"wp:featuredmedia":[{"embeddable":true,"href":"https:\/\/www.h-its.org\/de\/wp-json\/wp\/v2\/media\/40609"}],"wp:attachment":[{"href":"https:\/\/www.h-its.org\/de\/wp-json\/wp\/v2\/media?parent=41958"}],"wp:term":[{"taxonomy":"hits-research-group","embeddable":true,"href":"https:\/\/www.h-its.org\/de\/wp-json\/wp\/v2\/hits-research-group?post=41958"}],"curies":[{"name":"wp","href":"https:\/\/api.w.org\/{rel}","templated":true}]}}