{"id":43144,"date":"2020-08-17T08:44:02","date_gmt":"2020-08-17T06:44:02","guid":{"rendered":"https:\/\/www.h-its.org\/de\/?page_id=43144"},"modified":"2022-03-30T09:31:26","modified_gmt":"2022-03-30T07:31:26","slug":"tos","status":"publish","type":"page","link":"https:\/\/www.h-its.org\/de\/forschung\/tos\/","title":{"rendered":"Theory and Observations of Stars (TOS)"},"content":{"rendered":"\n<p>Sterne sind eine wichtige Quelle elektromagnetischer Strahlung im Universum, mit der viele Ph\u00e4nomene untersucht werden k\u00f6nnen, von fernen Galaxien \u00fcber das interstellare Medium bis hin zu Exoplaneten. Aufgrund ihrer Undurchsichtigkeit wurde jedoch einmal gesagt, dass &#8222;auf den ersten Blick das tiefe Innere der Sonne und der Sterne f\u00fcr wissenschaftliche Untersuchungen weniger zug\u00e4nglich zu sein scheint als jede andere Region des Universums&#8220; (Sir Arthur Eddington, 1926). Durch moderne mathematische Methoden und die Menge und Qualit\u00e4t verf\u00fcgbarer Daten ist es nun jedoch m\u00f6glich geworden, die innere Sternstruktur direkt durch Sternschwingungen zu erforschen: eine Methode, die als Asteroseismologie bekannt ist.<\/p>\n\n\n\n<p>Die Asteroseismologie verwendet \u00e4hnliche Techniken wie die Helioseismologie, die an unserem n\u00e4chstgelegenen Stern, der Sonne, durchgef\u00fchrt wird, um die Struktur anderer Sterne zu untersuchen. Hierzu werden die Eigenschaften von Wellen verwendet, um R\u00fcckschl\u00fcsse auf die innere Beschaffenheit von Sternen zu ziehen. Schwingungen, die auf den ganzen Stern einwirken, enth\u00fcllen so Informationen, die durch die undurchsichtige Oberfl\u00e4che normalerweise verborgen sind. Diese asteroseismischen Informationen der Observatorien CoRoT, Kepler, K2, TESS, SONG und Plato kombiniert mit astrometrischen Beobachtungen von Gaia, spektroskopischen Daten von SDSS-V APOGEE, Interferometrie oder Photometrie und hochmodernen Sternmodellen wie MESA geben Einblicke in die Sternstruktur und die physikalischen Prozesse, die in Sternen ablaufen.<\/p>\n\n\n\n<p>Das Ziel der Theory and Observations of Stars (TOS) Forschungsgruppe am HITS, die 2020 eingerichtet wurde, ist die Untersuchung dieser physikalischen Prozesse, die in Sternen ablaufen, und wie sich diese in Abh\u00e4ngigkeit von der Sternentwicklung ver\u00e4ndern. Die Gruppe konzentriert sich hierbei unter anderem auf sogenannte Hauptreihen-Sterne geringer Masse, \u201eUnterriesen\u201c und rote Riesensterne. Diese Sterne sind deshalb interessant, weil sich ihre innere Struktur oft \u00e4ndert. Da sie potenziell von Planeten umgeben und kosmologische \u201eStandardkerzen\u201c f\u00fcr Galaxienstudien sind, k\u00f6nnen sowohl die Exoplanetenforschung als auch die Galaktische Arch\u00e4ologie vom wachsenden Verst\u00e4ndnis dieser Sterne profitieren.<\/p>\n","protected":false},"excerpt":{"rendered":"<p>Sterne sind eine wichtige Quelle elektromagnetischer Strahlung im Universum, mit der viele Ph\u00e4nomene untersucht werden k\u00f6nnen, von fernen Galaxien \u00fc&#8230;<\/p>\n","protected":false},"author":107,"featured_media":43491,"parent":4,"menu_order":12,"comment_status":"closed","ping_status":"closed","template":"page-templates\/group.php","meta":{"_acf_changed":false,"inline_featured_image":false,"footnotes":""},"hits-research-group":[1416],"class_list":["post-43144","page","type-page","status-publish","has-post-thumbnail","hentry","hits-research-group-tos-de"],"acf":[],"yoast_head":"<!-- This site is optimized with the Yoast SEO plugin v27.4 - https:\/\/yoast.com\/product\/yoast-seo-wordpress\/ -->\n<title>Theory and Observations of Stars (TOS) - HITS gGmbH<\/title>\n<meta name=\"robots\" content=\"index, follow, max-snippet:-1, max-image-preview:large, max-video-preview:-1\" \/>\n<link rel=\"canonical\" href=\"https:\/\/www.h-its.org\/de\/forschung\/tos\/\" \/>\n<meta property=\"og:locale\" content=\"de_DE\" \/>\n<meta property=\"og:type\" content=\"article\" \/>\n<meta property=\"og:title\" content=\"Theory and Observations of Stars (TOS) - HITS gGmbH\" \/>\n<meta property=\"og:description\" content=\"Sterne sind eine wichtige Quelle elektromagnetischer Strahlung im Universum, mit der viele Ph\u00e4nomene untersucht werden k\u00f6nnen, von fernen Galaxien \u00fc...\" \/>\n<meta property=\"og:url\" content=\"https:\/\/www.h-its.org\/de\/forschung\/tos\/\" \/>\n<meta property=\"og:site_name\" content=\"HITS gGmbH\" \/>\n<meta property=\"article:modified_time\" content=\"2022-03-30T07:31:26+00:00\" \/>\n<meta property=\"og:image\" content=\"https:\/\/www.h-its.org\/de\/wp-content\/uploads\/sites\/2\/2020\/12\/TOS_Preview_Update-1024x1024.png\" \/>\n\t<meta property=\"og:image:width\" content=\"1024\" \/>\n\t<meta property=\"og:image:height\" content=\"1024\" \/>\n\t<meta property=\"og:image:type\" content=\"image\/png\" \/>\n<meta name=\"twitter:card\" content=\"summary_large_image\" \/>\n<meta name=\"twitter:label1\" content=\"Gesch\u00e4tzte Lesezeit\" \/>\n\t<meta name=\"twitter:data1\" content=\"2\u00a0Minuten\" \/>\n<script type=\"application\/ld+json\" class=\"yoast-schema-graph\">{\"@context\":\"https:\\\/\\\/schema.org\",\"@graph\":[{\"@type\":\"WebPage\",\"@id\":\"https:\\\/\\\/www.h-its.org\\\/de\\\/forschung\\\/tos\\\/\",\"url\":\"https:\\\/\\\/www.h-its.org\\\/de\\\/forschung\\\/tos\\\/\",\"name\":\"Theory and Observations of Stars (TOS) - HITS gGmbH\",\"isPartOf\":{\"@id\":\"https:\\\/\\\/www.h-its.org\\\/de\\\/#website\"},\"primaryImageOfPage\":{\"@id\":\"https:\\\/\\\/www.h-its.org\\\/de\\\/forschung\\\/tos\\\/#primaryimage\"},\"image\":{\"@id\":\"https:\\\/\\\/www.h-its.org\\\/de\\\/forschung\\\/tos\\\/#primaryimage\"},\"thumbnailUrl\":\"https:\\\/\\\/www.h-its.org\\\/de\\\/wp-content\\\/uploads\\\/sites\\\/2\\\/2020\\\/12\\\/TOS_Preview_Update.png\",\"datePublished\":\"2020-08-17T06:44:02+00:00\",\"dateModified\":\"2022-03-30T07:31:26+00:00\",\"breadcrumb\":{\"@id\":\"https:\\\/\\\/www.h-its.org\\\/de\\\/forschung\\\/tos\\\/#breadcrumb\"},\"inLanguage\":\"de\",\"potentialAction\":[{\"@type\":\"ReadAction\",\"target\":[\"https:\\\/\\\/www.h-its.org\\\/de\\\/forschung\\\/tos\\\/\"]}]},{\"@type\":\"ImageObject\",\"inLanguage\":\"de\",\"@id\":\"https:\\\/\\\/www.h-its.org\\\/de\\\/forschung\\\/tos\\\/#primaryimage\",\"url\":\"https:\\\/\\\/www.h-its.org\\\/de\\\/wp-content\\\/uploads\\\/sites\\\/2\\\/2020\\\/12\\\/TOS_Preview_Update.png\",\"contentUrl\":\"https:\\\/\\\/www.h-its.org\\\/de\\\/wp-content\\\/uploads\\\/sites\\\/2\\\/2020\\\/12\\\/TOS_Preview_Update.png\",\"width\":1340,\"height\":1340},{\"@type\":\"BreadcrumbList\",\"@id\":\"https:\\\/\\\/www.h-its.org\\\/de\\\/forschung\\\/tos\\\/#breadcrumb\",\"itemListElement\":[{\"@type\":\"ListItem\",\"position\":1,\"name\":\"Home\",\"item\":\"https:\\\/\\\/www.h-its.org\\\/de\\\/\"},{\"@type\":\"ListItem\",\"position\":2,\"name\":\"Forschung am HITS\",\"item\":\"https:\\\/\\\/www.h-its.org\\\/de\\\/forschung\\\/\"},{\"@type\":\"ListItem\",\"position\":3,\"name\":\"Theory and Observations of Stars (TOS)\"}]},{\"@type\":\"WebSite\",\"@id\":\"https:\\\/\\\/www.h-its.org\\\/de\\\/#website\",\"url\":\"https:\\\/\\\/www.h-its.org\\\/de\\\/\",\"name\":\"HITS gGmbH\",\"description\":\"Heidelberg Institute for Theoretical Studies\",\"potentialAction\":[{\"@type\":\"SearchAction\",\"target\":{\"@type\":\"EntryPoint\",\"urlTemplate\":\"https:\\\/\\\/www.h-its.org\\\/de\\\/?s={search_term_string}\"},\"query-input\":{\"@type\":\"PropertyValueSpecification\",\"valueRequired\":true,\"valueName\":\"search_term_string\"}}],\"inLanguage\":\"de\"}]}<\/script>\n<!-- \/ Yoast SEO plugin. -->","yoast_head_json":{"title":"Theory and Observations of Stars (TOS) - HITS gGmbH","robots":{"index":"index","follow":"follow","max-snippet":"max-snippet:-1","max-image-preview":"max-image-preview:large","max-video-preview":"max-video-preview:-1"},"canonical":"https:\/\/www.h-its.org\/de\/forschung\/tos\/","og_locale":"de_DE","og_type":"article","og_title":"Theory and Observations of Stars (TOS) - HITS gGmbH","og_description":"Sterne sind eine wichtige Quelle elektromagnetischer Strahlung im Universum, mit der viele Ph\u00e4nomene untersucht werden k\u00f6nnen, von fernen Galaxien \u00fc...","og_url":"https:\/\/www.h-its.org\/de\/forschung\/tos\/","og_site_name":"HITS gGmbH","article_modified_time":"2022-03-30T07:31:26+00:00","og_image":[{"width":1024,"height":1024,"url":"https:\/\/www.h-its.org\/de\/wp-content\/uploads\/sites\/2\/2020\/12\/TOS_Preview_Update-1024x1024.png","type":"image\/png"}],"twitter_card":"summary_large_image","twitter_misc":{"Gesch\u00e4tzte Lesezeit":"2\u00a0Minuten"},"schema":{"@context":"https:\/\/schema.org","@graph":[{"@type":"WebPage","@id":"https:\/\/www.h-its.org\/de\/forschung\/tos\/","url":"https:\/\/www.h-its.org\/de\/forschung\/tos\/","name":"Theory and Observations of Stars (TOS) - HITS gGmbH","isPartOf":{"@id":"https:\/\/www.h-its.org\/de\/#website"},"primaryImageOfPage":{"@id":"https:\/\/www.h-its.org\/de\/forschung\/tos\/#primaryimage"},"image":{"@id":"https:\/\/www.h-its.org\/de\/forschung\/tos\/#primaryimage"},"thumbnailUrl":"https:\/\/www.h-its.org\/de\/wp-content\/uploads\/sites\/2\/2020\/12\/TOS_Preview_Update.png","datePublished":"2020-08-17T06:44:02+00:00","dateModified":"2022-03-30T07:31:26+00:00","breadcrumb":{"@id":"https:\/\/www.h-its.org\/de\/forschung\/tos\/#breadcrumb"},"inLanguage":"de","potentialAction":[{"@type":"ReadAction","target":["https:\/\/www.h-its.org\/de\/forschung\/tos\/"]}]},{"@type":"ImageObject","inLanguage":"de","@id":"https:\/\/www.h-its.org\/de\/forschung\/tos\/#primaryimage","url":"https:\/\/www.h-its.org\/de\/wp-content\/uploads\/sites\/2\/2020\/12\/TOS_Preview_Update.png","contentUrl":"https:\/\/www.h-its.org\/de\/wp-content\/uploads\/sites\/2\/2020\/12\/TOS_Preview_Update.png","width":1340,"height":1340},{"@type":"BreadcrumbList","@id":"https:\/\/www.h-its.org\/de\/forschung\/tos\/#breadcrumb","itemListElement":[{"@type":"ListItem","position":1,"name":"Home","item":"https:\/\/www.h-its.org\/de\/"},{"@type":"ListItem","position":2,"name":"Forschung am HITS","item":"https:\/\/www.h-its.org\/de\/forschung\/"},{"@type":"ListItem","position":3,"name":"Theory and Observations of Stars (TOS)"}]},{"@type":"WebSite","@id":"https:\/\/www.h-its.org\/de\/#website","url":"https:\/\/www.h-its.org\/de\/","name":"HITS gGmbH","description":"Heidelberg Institute for Theoretical Studies","potentialAction":[{"@type":"SearchAction","target":{"@type":"EntryPoint","urlTemplate":"https:\/\/www.h-its.org\/de\/?s={search_term_string}"},"query-input":{"@type":"PropertyValueSpecification","valueRequired":true,"valueName":"search_term_string"}}],"inLanguage":"de"}]}},"publishpress_future_action":{"enabled":false,"date":"2026-04-22 12:47:27","action":"change-status","newStatus":"draft","terms":[],"taxonomy":"hits-research-group","extraData":[]},"publishpress_future_workflow_manual_trigger":{"enabledWorkflows":[]},"_links":{"self":[{"href":"https:\/\/www.h-its.org\/de\/wp-json\/wp\/v2\/pages\/43144","targetHints":{"allow":["GET"]}}],"collection":[{"href":"https:\/\/www.h-its.org\/de\/wp-json\/wp\/v2\/pages"}],"about":[{"href":"https:\/\/www.h-its.org\/de\/wp-json\/wp\/v2\/types\/page"}],"author":[{"embeddable":true,"href":"https:\/\/www.h-its.org\/de\/wp-json\/wp\/v2\/users\/107"}],"replies":[{"embeddable":true,"href":"https:\/\/www.h-its.org\/de\/wp-json\/wp\/v2\/comments?post=43144"}],"version-history":[{"count":3,"href":"https:\/\/www.h-its.org\/de\/wp-json\/wp\/v2\/pages\/43144\/revisions"}],"predecessor-version":[{"id":45183,"href":"https:\/\/www.h-its.org\/de\/wp-json\/wp\/v2\/pages\/43144\/revisions\/45183"}],"up":[{"embeddable":true,"href":"https:\/\/www.h-its.org\/de\/wp-json\/wp\/v2\/pages\/4"}],"wp:featuredmedia":[{"embeddable":true,"href":"https:\/\/www.h-its.org\/de\/wp-json\/wp\/v2\/media\/43491"}],"wp:attachment":[{"href":"https:\/\/www.h-its.org\/de\/wp-json\/wp\/v2\/media?parent=43144"}],"wp:term":[{"taxonomy":"hits-research-group","embeddable":true,"href":"https:\/\/www.h-its.org\/de\/wp-json\/wp\/v2\/hits-research-group?post=43144"}],"curies":[{"name":"wp","href":"https:\/\/api.w.org\/{rel}","templated":true}]}}