{"id":43146,"date":"2020-08-17T08:45:59","date_gmt":"2020-08-17T06:45:59","guid":{"rendered":"https:\/\/www.h-its.org\/de\/forschung\/theory-and-observations-of-stars-tos\/news\/"},"modified":"2020-08-17T12:01:17","modified_gmt":"2020-08-17T10:01:17","slug":"aktuelles","status":"publish","type":"page","link":"https:\/\/www.h-its.org\/de\/forschung\/tos\/aktuelles\/","title":{"rendered":"Aktuelles"},"content":{"rendered":"\n  <div class=\"hits-blocks hits-news-block\">\n\n\n      \n              <div class=\"post-grid two-columns\">\n                    \n<div class=\"post-preview\">\n  <a href=\"https:\/\/www.h-its.org\/de\/2023\/10\/16\/habitable_testspiel\/\" aria-label=\"Post Beitrag Vorschau Bild\">\n          <img loading=\"lazy\" decoding=\"async\" width=\"420\" height=\"242\" src=\"https:\/\/www.h-its.org\/de\/wp-content\/uploads\/sites\/2\/2023\/10\/DSC02749-420x242.jpg\" class=\"attachment-thumbnail size-thumbnail wp-post-image\" alt=\"\" 0=\"post-preview--post-thumbnail\" srcset=\"https:\/\/www.h-its.org\/de\/wp-content\/uploads\/sites\/2\/2023\/10\/DSC02749-420x242.jpg 420w, https:\/\/www.h-its.org\/de\/wp-content\/uploads\/sites\/2\/2023\/10\/DSC02749-2x1.jpg 2w\" sizes=\"auto, (max-width: 639px) 98vw, (max-width: 1199px) 64vw, 420px\" \/>      <\/a>\n  <p class=\"font-m font-normal font-primary\">Habitable-Testspiel mit Schulklasse des Hebel-Gymnasiums Schwetzingen<\/p>\n  <div class=\"meta\">\n    <div class=\"date\">16.10.2023<\/div>\n  <\/div>\n  <div class=\"show-for-medium\">\n    <p>Am Donnerstag, den 12. Oktober 2023, hie\u00df das HITS eine Schulklasse des Hebel-Gymnasiums Schwetzingen im Studio Villa Bosch willkommen. Der Anlass war der &#8230;<\/p>\n  <\/div>\n  <a href=\"https:\/\/www.h-its.org\/de\/2023\/10\/16\/habitable_testspiel\/\" class=\"read-more-button\">Mehr erfahren<\/a>\n<\/div>\n                    \n<div class=\"post-preview\">\n  <a href=\"https:\/\/www.h-its.org\/de\/2023\/10\/10\/astrogeo-podcast\/\" aria-label=\"Post Beitrag Vorschau Bild\">\n          <img loading=\"lazy\" decoding=\"async\" width=\"420\" height=\"242\" src=\"https:\/\/www.h-its.org\/de\/wp-content\/uploads\/sites\/2\/2020\/08\/Saskia_Hekker-scaled-420x242.jpg\" class=\"attachment-thumbnail size-thumbnail wp-post-image\" alt=\"\" 0=\"post-preview--post-thumbnail\" srcset=\"https:\/\/www.h-its.org\/de\/wp-content\/uploads\/sites\/2\/2020\/08\/Saskia_Hekker-scaled-420x242.jpg 420w, https:\/\/www.h-its.org\/de\/wp-content\/uploads\/sites\/2\/2020\/08\/Saskia_Hekker-scaled-1x1.jpg 1w\" sizes=\"auto, (max-width: 639px) 98vw, (max-width: 1199px) 64vw, 420px\" \/>      <\/a>\n  <p class=\"font-m font-normal font-primary\">Schwingende Sterne und innere Geheimnisse<\/p>\n  <div class=\"meta\">\n    <div class=\"date\">10.10.2023<\/div>\n  <\/div>\n  <div class=\"show-for-medium\">\n    <p>HITS-Gruppenleiterin Saskia Hekker (TOS) war als Expertin zu Gast beim &#8222;AstroGeo-Podcast&#8220; der Wissenschaftsjournalist*innen Franziska Konitzer und Karl Urban (Riffreporter). Saskia &#8230;<\/p>\n  <\/div>\n  <a href=\"https:\/\/www.h-its.org\/de\/2023\/10\/10\/astrogeo-podcast\/\" class=\"read-more-button\">Mehr erfahren<\/a>\n<\/div>\n                    \n<div class=\"post-preview\">\n  <a href=\"https:\/\/www.h-its.org\/de\/2023\/07\/24\/universe-on-tour-2\/\" aria-label=\"Post Beitrag Vorschau Bild\">\n          <img loading=\"lazy\" decoding=\"async\" width=\"420\" height=\"242\" src=\"https:\/\/www.h-its.org\/de\/wp-content\/uploads\/sites\/2\/2023\/07\/Saskia_IMG_3568-420x242.jpg\" class=\"attachment-thumbnail size-thumbnail wp-post-image\" alt=\"\" 0=\"post-preview--post-thumbnail\" srcset=\"https:\/\/www.h-its.org\/de\/wp-content\/uploads\/sites\/2\/2023\/07\/Saskia_IMG_3568-420x242.jpg 420w, https:\/\/www.h-its.org\/de\/wp-content\/uploads\/sites\/2\/2023\/07\/Saskia_IMG_3568-1x1.jpg 1w\" sizes=\"auto, (max-width: 639px) 98vw, (max-width: 1199px) 64vw, 420px\" \/>      <\/a>\n  <p class=\"font-m font-normal font-primary\">Am Puls der Sterne &#8211; \u201eUniverse on Tour\u201c in Heidelberg<\/p>\n  <div class=\"meta\">\n    <div class=\"date\">24.07.2023<\/div>\n  <\/div>\n  <div class=\"show-for-medium\">\n    <p>Die Roadshow \u201eUniverse on Tour\u201c ist im Wissenschaftsjahr &#8222;Unser Universum&#8220; mit einem mobilen Planetarium und Ausstellungszelt auf Deutschland-Tour. Vom 19. bis 23. Juli 2023 &#8230;<\/p>\n  <\/div>\n  <a href=\"https:\/\/www.h-its.org\/de\/2023\/07\/24\/universe-on-tour-2\/\" class=\"read-more-button\">Mehr erfahren<\/a>\n<\/div>\n                    \n<div class=\"post-preview\">\n  <a href=\"https:\/\/www.h-its.org\/de\/2023\/07\/17\/universe-on-tour\/\" aria-label=\"Post Beitrag Vorschau Bild\">\n          <img loading=\"lazy\" decoding=\"async\" width=\"420\" height=\"242\" src=\"https:\/\/www.h-its.org\/de\/wp-content\/uploads\/sites\/2\/2023\/07\/UniverseOnTour_7_BMBF_bundesfoto-420x242.jpg\" class=\"attachment-thumbnail size-thumbnail wp-post-image\" alt=\"\" 0=\"post-preview--post-thumbnail\" srcset=\"https:\/\/www.h-its.org\/de\/wp-content\/uploads\/sites\/2\/2023\/07\/UniverseOnTour_7_BMBF_bundesfoto-420x242.jpg 420w, https:\/\/www.h-its.org\/de\/wp-content\/uploads\/sites\/2\/2023\/07\/UniverseOnTour_7_BMBF_bundesfoto-1x1.jpg 1w\" sizes=\"auto, (max-width: 639px) 98vw, (max-width: 1199px) 64vw, 420px\" \/>      <\/a>\n  <p class=\"font-m font-normal font-primary\">Universe on Tour: Mobiles Planetarium in Heidelberg<\/p>\n  <div class=\"meta\">\n    <div class=\"date\">17.07.2023<\/div>\n  <\/div>\n  <div class=\"show-for-medium\">\n    <p>Im Rahmen des Wissenschaftsjahres 2023 \u201eUnser Universum\u201c pr\u00e4sentiert das Bundesministerium f\u00fcr Bildung und Forschung (BMBF) vom 19. bis 23. Juli gemeinsam mit &#8230;<\/p>\n  <\/div>\n  <a href=\"https:\/\/www.h-its.org\/de\/2023\/07\/17\/universe-on-tour\/\" class=\"read-more-button\">Mehr erfahren<\/a>\n<\/div>\n                    \n<div class=\"post-preview\">\n  <a href=\"https:\/\/www.h-its.org\/de\/2022\/08\/19\/vortrag-hekker\/\" aria-label=\"Post Beitrag Vorschau Bild\">\n          <img loading=\"lazy\" decoding=\"async\" width=\"420\" height=\"242\" src=\"https:\/\/www.h-its.org\/de\/wp-content\/uploads\/sites\/2\/2022\/08\/SaskiaYT-420x242.png\" class=\"attachment-thumbnail size-thumbnail wp-post-image\" alt=\"\" 0=\"post-preview--post-thumbnail\" srcset=\"https:\/\/www.h-its.org\/de\/wp-content\/uploads\/sites\/2\/2022\/08\/SaskiaYT-420x242.png 420w, https:\/\/www.h-its.org\/de\/wp-content\/uploads\/sites\/2\/2022\/08\/SaskiaYT-2x1.png 2w\" sizes=\"auto, (max-width: 639px) 98vw, (max-width: 1199px) 64vw, 420px\" \/>      <\/a>\n  <p class=\"font-m font-normal font-primary\">Auf YouTube: Neues aus dem Inneren der Sterne<\/p>\n  <div class=\"meta\">\n    <div class=\"date\">19.08.2022<\/div>\n  <\/div>\n  <div class=\"show-for-medium\">\n    <p>Vortrag von HITS-Gruppenleiterin Saskia Hekker (in englischer Sprache) am Tag der offenen T\u00fcr 2022 ist online. Die Sterne am Nachthimmel haben &#8230;<\/p>\n  <\/div>\n  <a href=\"https:\/\/www.h-its.org\/de\/2022\/08\/19\/vortrag-hekker\/\" class=\"read-more-button\">Mehr erfahren<\/a>\n<\/div>\n                    \n<div class=\"post-preview\">\n  <a href=\"https:\/\/www.h-its.org\/de\/2022\/06\/13\/jupiter-metal-a-a\/\" aria-label=\"Post Beitrag Vorschau Bild\">\n          <img loading=\"lazy\" decoding=\"async\" width=\"420\" height=\"242\" src=\"https:\/\/www.h-its.org\/de\/wp-content\/uploads\/sites\/2\/2022\/06\/JUNO_pia23445_Jupiter_Storms_Merging-420x242.jpg\" class=\"attachment-thumbnail size-thumbnail wp-post-image\" alt=\"\" 0=\"post-preview--post-thumbnail\" srcset=\"https:\/\/www.h-its.org\/de\/wp-content\/uploads\/sites\/2\/2022\/06\/JUNO_pia23445_Jupiter_Storms_Merging-420x242.jpg 420w, https:\/\/www.h-its.org\/de\/wp-content\/uploads\/sites\/2\/2022\/06\/JUNO_pia23445_Jupiter_Storms_Merging-2x1.jpg 2w\" sizes=\"auto, (max-width: 639px) 98vw, (max-width: 1199px) 64vw, 420px\" \/>      <\/a>\n  <p class=\"font-m font-normal font-primary\">Jupiter &#8211; ein Heavy-Metal-Planet?<\/p>\n  <div class=\"meta\">\n    <div class=\"date\">13.06.2022<\/div>\n  <\/div>\n  <div class=\"show-for-medium\">\n    <p>Ein internationales Team von Astronom*innen, darunter Micha\u00ebl Bazot aus der Gruppe &#8222;Theory and Observations of Stars&#8220; (TOS) am HITS, &#8230;<\/p>\n  <\/div>\n  <a href=\"https:\/\/www.h-its.org\/de\/2022\/06\/13\/jupiter-metal-a-a\/\" class=\"read-more-button\">Mehr erfahren<\/a>\n<\/div>\n                    \n<div class=\"post-preview\">\n  <a href=\"https:\/\/www.h-its.org\/de\/2021\/02\/18\/campus-report-interview-mit-saskia-hekker\/\" aria-label=\"Post Beitrag Vorschau Bild\">\n          <img loading=\"lazy\" decoding=\"async\" width=\"420\" height=\"242\" src=\"https:\/\/www.h-its.org\/de\/wp-content\/uploads\/sites\/2\/2020\/08\/TOS_Science-420x242.jpg\" class=\"attachment-thumbnail size-thumbnail wp-post-image\" alt=\"\" 0=\"post-preview--post-thumbnail\" srcset=\"https:\/\/www.h-its.org\/de\/wp-content\/uploads\/sites\/2\/2020\/08\/TOS_Science-420x242.jpg 420w, https:\/\/www.h-its.org\/de\/wp-content\/uploads\/sites\/2\/2020\/08\/TOS_Science-1x1.jpg 1w\" sizes=\"auto, (max-width: 639px) 98vw, (max-width: 1199px) 64vw, 420px\" \/>      <\/a>\n  <p class=\"font-m font-normal font-primary\">Von kleinen Sternen und gro\u00dfer Hitze: Interview mit Saskia Hekker<\/p>\n  <div class=\"meta\">\n    <div class=\"date\">18.02.2021<\/div>\n  <\/div>\n  <div class=\"show-for-medium\">\n    <p>Saskia Hekker ist seit September 2020 Gruppenleiterin am HITS und Professorin f\u00fcr Theoretische Astrophysik am Zentrum f\u00fcr Astronomie der Universit\u00e4&#8230;<\/p>\n  <\/div>\n  <a href=\"https:\/\/www.h-its.org\/de\/2021\/02\/18\/campus-report-interview-mit-saskia-hekker\/\" class=\"read-more-button\">Mehr erfahren<\/a>\n<\/div>\n                    \n<div class=\"post-preview\">\n  <a href=\"https:\/\/www.h-its.org\/de\/2020\/12\/09\/erc-consolidator-grants\/\" aria-label=\"Post Beitrag Vorschau Bild\">\n          <img loading=\"lazy\" decoding=\"async\" width=\"420\" height=\"242\" src=\"https:\/\/www.h-its.org\/de\/wp-content\/uploads\/sites\/2\/2020\/12\/SH_FG_Teaserbild-420x242.png\" class=\"attachment-thumbnail size-thumbnail wp-post-image\" alt=\"\" 0=\"post-preview--post-thumbnail\" srcset=\"https:\/\/www.h-its.org\/de\/wp-content\/uploads\/sites\/2\/2020\/12\/SH_FG_Teaserbild-420x242.png 420w, https:\/\/www.h-its.org\/de\/wp-content\/uploads\/sites\/2\/2020\/12\/SH_FG_Teaserbild-1x1.png 1w\" sizes=\"auto, (max-width: 639px) 98vw, (max-width: 1199px) 64vw, 420px\" \/>      <\/a>\n  <p class=\"font-m font-normal font-primary\">Radikale in Kollagen und der Klang der Sterne: ERC Consolidator Grants f\u00fcr zwei HITS-Forscherinnen<\/p>\n  <div class=\"meta\">\n    <div class=\"date\">9.12.2020<\/div>\n  <\/div>\n  <div class=\"show-for-medium\">\n    <p>Der Europ\u00e4ische Forschungsrat (ERC) f\u00f6rdert die Biophysikerin Frauke Gr\u00e4ter und die Astrophysikerin Saskia Hekker mit ERC Consolidator Grants. &#8230;<\/p>\n  <\/div>\n  <a href=\"https:\/\/www.h-its.org\/de\/2020\/12\/09\/erc-consolidator-grants\/\" class=\"read-more-button\">Mehr erfahren<\/a>\n<\/div>\n                    \n<div class=\"post-preview\">\n  <a href=\"https:\/\/www.h-its.org\/de\/2020\/11\/27\/faszination-astronomie-online-asteroseismologie\/\" aria-label=\"Post Beitrag Vorschau Bild\">\n          <img loading=\"lazy\" decoding=\"async\" width=\"420\" height=\"242\" src=\"https:\/\/www.h-its.org\/de\/wp-content\/uploads\/sites\/2\/2020\/11\/TOS_Vorschaubild-420x242.png\" class=\"attachment-thumbnail size-thumbnail wp-post-image\" alt=\"\" 0=\"post-preview--post-thumbnail\" srcset=\"https:\/\/www.h-its.org\/de\/wp-content\/uploads\/sites\/2\/2020\/11\/TOS_Vorschaubild-420x242.png 420w, https:\/\/www.h-its.org\/de\/wp-content\/uploads\/sites\/2\/2020\/11\/TOS_Vorschaubild-1x1.png 1w\" sizes=\"auto, (max-width: 639px) 98vw, (max-width: 1199px) 64vw, 420px\" \/>      <\/a>\n  <p class=\"font-m font-normal font-primary\">Faszination Astronomie Online: Asteroseismologie<\/p>\n  <div class=\"meta\">\n    <div class=\"date\">27.11.2020<\/div>\n  <\/div>\n  <div class=\"show-for-medium\">\n    <p>Wie sehen die Sterne am Nachthimmel eigentlich unter ihrer leuchtenden Oberfl\u00e4che aus? Lange Zeit konnten wir \u00fcber das Innere von &#8230;<\/p>\n  <\/div>\n  <a href=\"https:\/\/www.h-its.org\/de\/2020\/11\/27\/faszination-astronomie-online-asteroseismologie\/\" class=\"read-more-button\">Mehr erfahren<\/a>\n<\/div>\n                    \n<div class=\"post-preview\">\n  <a href=\"https:\/\/www.h-its.org\/de\/2020\/09\/01\/start-tos-gruppe\/\" aria-label=\"Post Beitrag Vorschau Bild\">\n          <img loading=\"lazy\" decoding=\"async\" width=\"420\" height=\"242\" src=\"https:\/\/www.h-its.org\/de\/wp-content\/uploads\/sites\/2\/2020\/08\/TOS_Science-420x242.jpg\" class=\"attachment-thumbnail size-thumbnail wp-post-image\" alt=\"\" 0=\"post-preview--post-thumbnail\" srcset=\"https:\/\/www.h-its.org\/de\/wp-content\/uploads\/sites\/2\/2020\/08\/TOS_Science-420x242.jpg 420w, https:\/\/www.h-its.org\/de\/wp-content\/uploads\/sites\/2\/2020\/08\/TOS_Science-1x1.jpg 1w\" sizes=\"auto, (max-width: 639px) 98vw, (max-width: 1199px) 64vw, 420px\" \/>      <\/a>\n  <p class=\"font-m font-normal font-primary\">Im Herzen der Sterne<\/p>\n  <div class=\"meta\">\n    <div class=\"date\">1.09.2020<\/div>\n  <\/div>\n  <div class=\"show-for-medium\">\n    <p>Die Astrophysikerin Saskia Hekker ist Leiterin der neuen HITS-Forschungsgruppe \u201cTheory and Observations of Stars\u201c und zugleich Professorin f\u00fcr Theoretische Astrophysik &#8230;<\/p>\n  <\/div>\n  <a href=\"https:\/\/www.h-its.org\/de\/2020\/09\/01\/start-tos-gruppe\/\" class=\"read-more-button\">Mehr erfahren<\/a>\n<\/div>\n                  <\/div>\n              \n  <\/div>\n","protected":false},"excerpt":{"rendered":"","protected":false},"author":107,"featured_media":43439,"parent":43144,"menu_order":1,"comment_status":"closed","ping_status":"closed","template":"page-templates\/group.php","meta":{"_acf_changed":false,"inline_featured_image":false,"footnotes":""},"hits-research-group":[1416],"class_list":["post-43146","page","type-page","status-publish","has-post-thumbnail","hentry","hits-research-group-tos-de"],"acf":[],"yoast_head":"<!-- This site is optimized with the Yoast SEO plugin v27.4 - https:\/\/yoast.com\/product\/yoast-seo-wordpress\/ -->\n<title>Aktuelles - HITS gGmbH<\/title>\n<meta name=\"robots\" content=\"index, follow, max-snippet:-1, max-image-preview:large, max-video-preview:-1\" \/>\n<link rel=\"canonical\" href=\"https:\/\/www.h-its.org\/de\/forschung\/tos\/aktuelles\/\" \/>\n<meta property=\"og:locale\" content=\"de_DE\" \/>\n<meta property=\"og:type\" content=\"article\" \/>\n<meta property=\"og:title\" content=\"Aktuelles - HITS gGmbH\" \/>\n<meta property=\"og:url\" content=\"https:\/\/www.h-its.org\/de\/forschung\/tos\/aktuelles\/\" \/>\n<meta property=\"og:site_name\" content=\"HITS gGmbH\" \/>\n<meta property=\"article:modified_time\" content=\"2020-08-17T10:01:17+00:00\" \/>\n<meta property=\"og:image\" content=\"https:\/\/www.h-its.org\/de\/wp-content\/uploads\/sites\/2\/2020\/11\/TOS_Banner_Update.png\" \/>\n\t<meta property=\"og:image:width\" content=\"1340\" \/>\n\t<meta property=\"og:image:height\" content=\"450\" \/>\n\t<meta property=\"og:image:type\" content=\"image\/png\" \/>\n<meta name=\"twitter:card\" content=\"summary_large_image\" \/>\n<script type=\"application\/ld+json\" class=\"yoast-schema-graph\">{\"@context\":\"https:\\\/\\\/schema.org\",\"@graph\":[{\"@type\":\"WebPage\",\"@id\":\"https:\\\/\\\/www.h-its.org\\\/de\\\/forschung\\\/tos\\\/aktuelles\\\/\",\"url\":\"https:\\\/\\\/www.h-its.org\\\/de\\\/forschung\\\/tos\\\/aktuelles\\\/\",\"name\":\"Aktuelles - HITS gGmbH\",\"isPartOf\":{\"@id\":\"https:\\\/\\\/www.h-its.org\\\/de\\\/#website\"},\"primaryImageOfPage\":{\"@id\":\"https:\\\/\\\/www.h-its.org\\\/de\\\/forschung\\\/tos\\\/aktuelles\\\/#primaryimage\"},\"image\":{\"@id\":\"https:\\\/\\\/www.h-its.org\\\/de\\\/forschung\\\/tos\\\/aktuelles\\\/#primaryimage\"},\"thumbnailUrl\":\"https:\\\/\\\/www.h-its.org\\\/de\\\/wp-content\\\/uploads\\\/sites\\\/2\\\/2020\\\/11\\\/TOS_Banner_Update.png\",\"datePublished\":\"2020-08-17T06:45:59+00:00\",\"dateModified\":\"2020-08-17T10:01:17+00:00\",\"breadcrumb\":{\"@id\":\"https:\\\/\\\/www.h-its.org\\\/de\\\/forschung\\\/tos\\\/aktuelles\\\/#breadcrumb\"},\"inLanguage\":\"de\",\"potentialAction\":[{\"@type\":\"ReadAction\",\"target\":[\"https:\\\/\\\/www.h-its.org\\\/de\\\/forschung\\\/tos\\\/aktuelles\\\/\"]}]},{\"@type\":\"ImageObject\",\"inLanguage\":\"de\",\"@id\":\"https:\\\/\\\/www.h-its.org\\\/de\\\/forschung\\\/tos\\\/aktuelles\\\/#primaryimage\",\"url\":\"https:\\\/\\\/www.h-its.org\\\/de\\\/wp-content\\\/uploads\\\/sites\\\/2\\\/2020\\\/11\\\/TOS_Banner_Update.png\",\"contentUrl\":\"https:\\\/\\\/www.h-its.org\\\/de\\\/wp-content\\\/uploads\\\/sites\\\/2\\\/2020\\\/11\\\/TOS_Banner_Update.png\",\"width\":1340,\"height\":450},{\"@type\":\"BreadcrumbList\",\"@id\":\"https:\\\/\\\/www.h-its.org\\\/de\\\/forschung\\\/tos\\\/aktuelles\\\/#breadcrumb\",\"itemListElement\":[{\"@type\":\"ListItem\",\"position\":1,\"name\":\"Home\",\"item\":\"https:\\\/\\\/www.h-its.org\\\/de\\\/\"},{\"@type\":\"ListItem\",\"position\":2,\"name\":\"Forschung am HITS\",\"item\":\"https:\\\/\\\/www.h-its.org\\\/de\\\/forschung\\\/\"},{\"@type\":\"ListItem\",\"position\":3,\"name\":\"Theory and Observations of Stars (TOS)\",\"item\":\"https:\\\/\\\/www.h-its.org\\\/de\\\/forschung\\\/tos\\\/\"},{\"@type\":\"ListItem\",\"position\":4,\"name\":\"Aktuelles\"}]},{\"@type\":\"WebSite\",\"@id\":\"https:\\\/\\\/www.h-its.org\\\/de\\\/#website\",\"url\":\"https:\\\/\\\/www.h-its.org\\\/de\\\/\",\"name\":\"HITS gGmbH\",\"description\":\"Heidelberg Institute for Theoretical Studies\",\"potentialAction\":[{\"@type\":\"SearchAction\",\"target\":{\"@type\":\"EntryPoint\",\"urlTemplate\":\"https:\\\/\\\/www.h-its.org\\\/de\\\/?s={search_term_string}\"},\"query-input\":{\"@type\":\"PropertyValueSpecification\",\"valueRequired\":true,\"valueName\":\"search_term_string\"}}],\"inLanguage\":\"de\"}]}<\/script>\n<!-- \/ Yoast SEO plugin. -->","yoast_head_json":{"title":"Aktuelles - HITS gGmbH","robots":{"index":"index","follow":"follow","max-snippet":"max-snippet:-1","max-image-preview":"max-image-preview:large","max-video-preview":"max-video-preview:-1"},"canonical":"https:\/\/www.h-its.org\/de\/forschung\/tos\/aktuelles\/","og_locale":"de_DE","og_type":"article","og_title":"Aktuelles - HITS gGmbH","og_url":"https:\/\/www.h-its.org\/de\/forschung\/tos\/aktuelles\/","og_site_name":"HITS gGmbH","article_modified_time":"2020-08-17T10:01:17+00:00","og_image":[{"width":1340,"height":450,"url":"https:\/\/www.h-its.org\/de\/wp-content\/uploads\/sites\/2\/2020\/11\/TOS_Banner_Update.png","type":"image\/png"}],"twitter_card":"summary_large_image","schema":{"@context":"https:\/\/schema.org","@graph":[{"@type":"WebPage","@id":"https:\/\/www.h-its.org\/de\/forschung\/tos\/aktuelles\/","url":"https:\/\/www.h-its.org\/de\/forschung\/tos\/aktuelles\/","name":"Aktuelles - HITS gGmbH","isPartOf":{"@id":"https:\/\/www.h-its.org\/de\/#website"},"primaryImageOfPage":{"@id":"https:\/\/www.h-its.org\/de\/forschung\/tos\/aktuelles\/#primaryimage"},"image":{"@id":"https:\/\/www.h-its.org\/de\/forschung\/tos\/aktuelles\/#primaryimage"},"thumbnailUrl":"https:\/\/www.h-its.org\/de\/wp-content\/uploads\/sites\/2\/2020\/11\/TOS_Banner_Update.png","datePublished":"2020-08-17T06:45:59+00:00","dateModified":"2020-08-17T10:01:17+00:00","breadcrumb":{"@id":"https:\/\/www.h-its.org\/de\/forschung\/tos\/aktuelles\/#breadcrumb"},"inLanguage":"de","potentialAction":[{"@type":"ReadAction","target":["https:\/\/www.h-its.org\/de\/forschung\/tos\/aktuelles\/"]}]},{"@type":"ImageObject","inLanguage":"de","@id":"https:\/\/www.h-its.org\/de\/forschung\/tos\/aktuelles\/#primaryimage","url":"https:\/\/www.h-its.org\/de\/wp-content\/uploads\/sites\/2\/2020\/11\/TOS_Banner_Update.png","contentUrl":"https:\/\/www.h-its.org\/de\/wp-content\/uploads\/sites\/2\/2020\/11\/TOS_Banner_Update.png","width":1340,"height":450},{"@type":"BreadcrumbList","@id":"https:\/\/www.h-its.org\/de\/forschung\/tos\/aktuelles\/#breadcrumb","itemListElement":[{"@type":"ListItem","position":1,"name":"Home","item":"https:\/\/www.h-its.org\/de\/"},{"@type":"ListItem","position":2,"name":"Forschung am HITS","item":"https:\/\/www.h-its.org\/de\/forschung\/"},{"@type":"ListItem","position":3,"name":"Theory and Observations of Stars (TOS)","item":"https:\/\/www.h-its.org\/de\/forschung\/tos\/"},{"@type":"ListItem","position":4,"name":"Aktuelles"}]},{"@type":"WebSite","@id":"https:\/\/www.h-its.org\/de\/#website","url":"https:\/\/www.h-its.org\/de\/","name":"HITS gGmbH","description":"Heidelberg Institute for Theoretical Studies","potentialAction":[{"@type":"SearchAction","target":{"@type":"EntryPoint","urlTemplate":"https:\/\/www.h-its.org\/de\/?s={search_term_string}"},"query-input":{"@type":"PropertyValueSpecification","valueRequired":true,"valueName":"search_term_string"}}],"inLanguage":"de"}]}},"publishpress_future_action":{"enabled":false,"date":"2026-04-24 01:03:22","action":"change-status","newStatus":"draft","terms":[],"taxonomy":"hits-research-group","extraData":[]},"publishpress_future_workflow_manual_trigger":{"enabledWorkflows":[]},"_links":{"self":[{"href":"https:\/\/www.h-its.org\/de\/wp-json\/wp\/v2\/pages\/43146","targetHints":{"allow":["GET"]}}],"collection":[{"href":"https:\/\/www.h-its.org\/de\/wp-json\/wp\/v2\/pages"}],"about":[{"href":"https:\/\/www.h-its.org\/de\/wp-json\/wp\/v2\/types\/page"}],"author":[{"embeddable":true,"href":"https:\/\/www.h-its.org\/de\/wp-json\/wp\/v2\/users\/107"}],"replies":[{"embeddable":true,"href":"https:\/\/www.h-its.org\/de\/wp-json\/wp\/v2\/comments?post=43146"}],"version-history":[{"count":4,"href":"https:\/\/www.h-its.org\/de\/wp-json\/wp\/v2\/pages\/43146\/revisions"}],"predecessor-version":[{"id":43150,"href":"https:\/\/www.h-its.org\/de\/wp-json\/wp\/v2\/pages\/43146\/revisions\/43150"}],"up":[{"embeddable":true,"href":"https:\/\/www.h-its.org\/de\/wp-json\/wp\/v2\/pages\/43144"}],"wp:featuredmedia":[{"embeddable":true,"href":"https:\/\/www.h-its.org\/de\/wp-json\/wp\/v2\/media\/43439"}],"wp:attachment":[{"href":"https:\/\/www.h-its.org\/de\/wp-json\/wp\/v2\/media?parent=43146"}],"wp:term":[{"taxonomy":"hits-research-group","embeddable":true,"href":"https:\/\/www.h-its.org\/de\/wp-json\/wp\/v2\/hits-research-group?post=43146"}],"curies":[{"name":"wp","href":"https:\/\/api.w.org\/{rel}","templated":true}]}}