{"id":43261,"date":"2020-10-06T15:16:38","date_gmt":"2020-10-06T13:16:38","guid":{"rendered":"https:\/\/www.h-its.org\/de\/?page_id=43261"},"modified":"2023-07-12T17:44:15","modified_gmt":"2023-07-12T15:44:15","slug":"hits-fellows","status":"publish","type":"page","link":"https:\/\/www.h-its.org\/de\/institut\/hits-fellows\/","title":{"rendered":"HITS Fellows"},"content":{"rendered":"\n<p>Die h\u00f6chste Auszeichnung, die das Institut zu vergeben hat, ist der Status eines \u201eHITS Fellow.\u201c Sie wird an Wissenschaftler\/-innen f\u00fcr herausragende Beitr\u00e4ge zur Definition der wissenschaftlichen Agenda des HITS und ihre au\u00dferordentlichen Leistungen f\u00fcr das Institut verliehen.<\/p>\n\n\n\n<div style=\"height:22px\" aria-hidden=\"true\" class=\"wp-block-spacer\"><\/div>\n\n\n\n<p><strong>Isabel Rojas (1968-2013)<\/strong><\/p>\n\n\n\n<div class=\"wp-block-image\"><figure class=\"alignright size-large is-resized\"><a href=\"https:\/\/www.h-its.org\/de\/wp-content\/uploads\/sites\/2\/2018\/05\/IsabelRojas-scaled.jpg\" target=\"_blank\" rel=\"noopener noreferrer\"><img loading=\"lazy\" decoding=\"async\" src=\"https:\/\/www.h-its.org\/de\/wp-content\/uploads\/sites\/2\/2018\/05\/IsabelRojas-scaled.jpg\" alt=\"\" class=\"wp-image-30204\" width=\"373\" height=\"246\" \/><\/a><figcaption>Isabel Rojas (Foto: HITS)<\/figcaption><\/figure><\/div>\n\n\n\n<p>Isabel Rojas war eine der ersten Forschenden am EML, dem Vorg\u00e4nger des HITS. Mit ihrem interdisziplin\u00e4ren Ansatz trug Isabel Rojas erheblich zur langfristigen Strategie des HITS und seiner Vorg\u00e4ngerinstitutionen bei. F\u00fcr ihre Verdienste erhielt sie als erste Person die Auszeichnung \u201eHITS Fellow\u201c. <em><a rel=\"noreferrer noopener\" href=\"https:\/\/www.h-its.org\/de\/2018\/05\/18\/isabel-rojas-zum-gedenken\/\" target=\"_blank\">Mehr<\/a><\/em>  <\/p>\n\n\n\n<div style=\"height:29px\" aria-hidden=\"true\" class=\"wp-block-spacer\"><\/div>\n\n\n\n<p><strong>Volker Springel<\/strong><\/p>\n\n\n\n<div class=\"wp-block-image\"><figure class=\"alignright size-large is-resized\"><a href=\"https:\/\/www.h-its.org\/de\/wp-content\/uploads\/sites\/2\/2016\/12\/VolkerSpringel_HF_2016-e1507721434660-scaled.jpg\" target=\"_blank\" rel=\"noopener noreferrer\"><img loading=\"lazy\" decoding=\"async\" src=\"https:\/\/www.h-its.org\/de\/wp-content\/uploads\/sites\/2\/2016\/12\/VolkerSpringel_HF_2016-e1507721434660-scaled.jpg\" alt=\"Prof. Volker Springel, group leader Theoretical Astrophysics, HITS (Photo: HITS)\" class=\"wp-image-29924\" width=\"374\" height=\"281\" \/><\/a><figcaption>Volker Springel (Foto: HITS)<\/figcaption><\/figure><\/div>\n\n\n\n<p>Im Jahr 2010 wurde Volker Springel gemeinsam von HITS und Universit\u00e4t Heidelberg berufen, als Gruppenleiter am Institut und Professor an der Universit\u00e4t. Am HITS entwickelte er als Hauptverantwortlicher des Illustris\u201c-Projekts die bisher gr\u00f6\u00dften und detailliertesten Simulationen des Universums mit Supercomputern, Er verfeinerte seinen \u201eArepo\u201c-Code, der die Grundlage f\u00fcr zahlreiche astrophysikalische Simulationen bildet und bis heute in mehr als 1100 Publikationen zitiert wurde. Durch hohe Medienpr\u00e4senz und zahlreiche Aktivit\u00e4ten trug er erheblich dazu bei, das HITS in der \u00d6ffentlichkeit sichtbar zu machen. Als Volker Springel im August 2018 als Direktor ans Max-Planck-Institut f\u00fcr Astrophysik wechselte, wurde er in Anerkennung seiner wissenschaftlichen Erfolge und seiner Leistungen f\u00fcr das HITS zum \u201eHITS Fellow\u201c ernannt. <em><a rel=\"noreferrer noopener\" href=\"https:\/\/www.h-its.org\/de\/2018\/08\/01\/springel-hits-fellow-de\/\" target=\"_blank\">Mehr<\/a><\/em><\/p>\n\n\n\n<div style=\"height:55px\" aria-hidden=\"true\" class=\"wp-block-spacer\"><\/div>\n\n\n\n<p><strong>Anna Wienhard<\/strong><\/p>\n\n\n\n<div class=\"wp-block-image\"><figure class=\"alignright size-large is-resized\"><a href=\"https:\/\/www.h-its.org\/de\/wp-content\/uploads\/sites\/2\/2017\/08\/Anna_Wienhard-scaled-e1689176432514.jpg\" target=\"_blank\" rel=\"noopener noreferrer\"><img loading=\"lazy\" decoding=\"async\" src=\"https:\/\/www.h-its.org\/de\/wp-content\/uploads\/sites\/2\/2017\/08\/Anna_Wienhard-scaled-e1689176432514-876x1024.jpg\" alt=\"\" class=\"wp-image-35558\" width=\"376\" height=\"439\" srcset=\"https:\/\/www.h-its.org\/de\/wp-content\/uploads\/sites\/2\/2017\/08\/Anna_Wienhard-scaled-e1689176432514-876x1024.jpg 876w, https:\/\/www.h-its.org\/de\/wp-content\/uploads\/sites\/2\/2017\/08\/Anna_Wienhard-scaled-e1689176432514-257x300.jpg 257w, https:\/\/www.h-its.org\/de\/wp-content\/uploads\/sites\/2\/2017\/08\/Anna_Wienhard-scaled-e1689176432514-768x897.jpg 768w, https:\/\/www.h-its.org\/de\/wp-content\/uploads\/sites\/2\/2017\/08\/Anna_Wienhard-scaled-e1689176432514-1314x1536.jpg 1314w, https:\/\/www.h-its.org\/de\/wp-content\/uploads\/sites\/2\/2017\/08\/Anna_Wienhard-scaled-e1689176432514-640x748.jpg 640w, https:\/\/www.h-its.org\/de\/wp-content\/uploads\/sites\/2\/2017\/08\/Anna_Wienhard-scaled-e1689176432514-1024x1197.jpg 1024w, https:\/\/www.h-its.org\/de\/wp-content\/uploads\/sites\/2\/2017\/08\/Anna_Wienhard-scaled-e1689176432514-1200x1402.jpg 1200w, https:\/\/www.h-its.org\/de\/wp-content\/uploads\/sites\/2\/2017\/08\/Anna_Wienhard-scaled-e1689176432514-1x1.jpg 1w, https:\/\/www.h-its.org\/de\/wp-content\/uploads\/sites\/2\/2017\/08\/Anna_Wienhard-scaled-e1689176432514-420x491.jpg 420w, https:\/\/www.h-its.org\/de\/wp-content\/uploads\/sites\/2\/2017\/08\/Anna_Wienhard-scaled-e1689176432514-610x713.jpg 610w, https:\/\/www.h-its.org\/de\/wp-content\/uploads\/sites\/2\/2017\/08\/Anna_Wienhard-scaled-e1689176432514.jpg 1708w\" sizes=\"auto, (max-width: 639px) 98vw, (max-width: 1199px) 64vw, 376px\" \/><\/a><figcaption>Anna Wienhard (Foto: HITS)<\/figcaption><\/figure><\/div>\n\n\n\n<p>Anna Wienhard startete 2015 die assoziierte Gruppe &#8222;Gruppen und Geometrie&#8220; am HITS, zus\u00e4tzlich zu ihrer Berufung als Professorin am Mathematischen Institut der Universit\u00e4t Heidelberg. Seit Oktober 2020 ist sie zudem wissenschaftliche Vorsitzende der <a href=\"https:\/\/www.h-its.org\/de\/2020\/10\/08\/anna-wienhard-vorsitzende-hlff\/\" target=\"_blank\" rel=\"noreferrer noopener\">Heidelberg Laureate Forum Foundation,<\/a> die das j\u00e4hrliche Heidelberg Laureate Forum (HLF) organisiert. W\u00e4hrend ihrer Zeit am HITS engagierte sie sich im interdisziplin\u00e4ren HITS Lab und baute &nbsp;die Forschungsstation f\u00fcr Geometrie und Dynamik an der Universit\u00e4t Heidelberg auf. Im Jahr 2021 wurde Anna Wienhard mit einem <a href=\"https:\/\/www.h-its.org\/de\/2021\/04\/22\/erc-grant-anna-wienhard\/\" target=\"_blank\" rel=\"noreferrer noopener\">ERC Advanced Grant<\/a> ausgezeichnet. Sie verlie\u00df das HITS im November 2022 und ist seitdem Direktorin des Max-Planck-Instituts f\u00fcr Mathematik in den Naturwissenschaften in Leipzig. Im Juli 2023 wurde Anna Wienhard im Rahmen eines &#8222;Math Colloquium&#8220; zum &#8222;HITS Fellow&#8220; ernannt, als W\u00fcrdigung ihrer wissenschaftlichen Erfolge und ihrer Leistungen f\u00fcr das Institut.. <em><a href=\"https:\/\/www.h-its.org\/de\/event\/math-colloquium-and-hits-fellow-ceremony\/\" target=\"_blank\" rel=\"noreferrer noopener\">Mehr<\/a><\/em><\/p>\n","protected":false},"excerpt":{"rendered":"<p>Die h\u00f6chste Auszeichnung, die das Institut zu vergeben hat, ist der Status eines \u201eHITS Fellow.\u201c Sie wird an Wissenschaftler\/-innen &#8230;<\/p>\n","protected":false},"author":58,"featured_media":40609,"parent":6,"menu_order":0,"comment_status":"closed","ping_status":"closed","template":"","meta":{"_acf_changed":false,"inline_featured_image":false,"footnotes":""},"hits-research-group":[1341],"class_list":["post-43261","page","type-page","status-publish","has-post-thumbnail","hentry","hits-research-group-administration-de"],"acf":[],"yoast_head":"<!-- This site is optimized with the Yoast SEO plugin v27.2 - https:\/\/yoast.com\/product\/yoast-seo-wordpress\/ -->\n<title>HITS Fellows - HITS gGmbH<\/title>\n<meta name=\"robots\" content=\"index, follow, max-snippet:-1, max-image-preview:large, max-video-preview:-1\" \/>\n<link rel=\"canonical\" href=\"https:\/\/www.h-its.org\/de\/institut\/hits-fellows\/\" \/>\n<meta property=\"og:locale\" content=\"de_DE\" \/>\n<meta property=\"og:type\" content=\"article\" \/>\n<meta property=\"og:title\" content=\"HITS Fellows - HITS gGmbH\" \/>\n<meta property=\"og:description\" content=\"Die h\u00f6chste Auszeichnung, die das Institut zu vergeben hat, ist der Status eines \u201eHITS Fellow.\u201c Sie wird an Wissenschaftler\/-innen ...\" \/>\n<meta property=\"og:url\" content=\"https:\/\/www.h-its.org\/de\/institut\/hits-fellows\/\" \/>\n<meta property=\"og:site_name\" content=\"HITS gGmbH\" \/>\n<meta property=\"article:modified_time\" content=\"2023-07-12T15:44:15+00:00\" \/>\n<meta property=\"og:image\" content=\"https:\/\/www.h-its.org\/de\/wp-content\/uploads\/sites\/2\/2019\/12\/HITS.jpg\" \/>\n\t<meta property=\"og:image:width\" content=\"1340\" \/>\n\t<meta property=\"og:image:height\" content=\"450\" \/>\n\t<meta property=\"og:image:type\" content=\"image\/jpeg\" \/>\n<meta name=\"twitter:card\" content=\"summary_large_image\" \/>\n<meta name=\"twitter:label1\" content=\"Gesch\u00e4tzte Lesezeit\" \/>\n\t<meta name=\"twitter:data1\" content=\"2\u00a0Minuten\" \/>\n<script type=\"application\/ld+json\" class=\"yoast-schema-graph\">{\"@context\":\"https:\/\/schema.org\",\"@graph\":[{\"@type\":\"WebPage\",\"@id\":\"https:\/\/www.h-its.org\/de\/institut\/hits-fellows\/\",\"url\":\"https:\/\/www.h-its.org\/de\/institut\/hits-fellows\/\",\"name\":\"HITS Fellows - HITS gGmbH\",\"isPartOf\":{\"@id\":\"https:\/\/www.h-its.org\/de\/#website\"},\"primaryImageOfPage\":{\"@id\":\"https:\/\/www.h-its.org\/de\/institut\/hits-fellows\/#primaryimage\"},\"image\":{\"@id\":\"https:\/\/www.h-its.org\/de\/institut\/hits-fellows\/#primaryimage\"},\"thumbnailUrl\":\"https:\/\/www.h-its.org\/de\/wp-content\/uploads\/sites\/2\/2019\/12\/HITS.jpg\",\"datePublished\":\"2020-10-06T13:16:38+00:00\",\"dateModified\":\"2023-07-12T15:44:15+00:00\",\"breadcrumb\":{\"@id\":\"https:\/\/www.h-its.org\/de\/institut\/hits-fellows\/#breadcrumb\"},\"inLanguage\":\"de\",\"potentialAction\":[{\"@type\":\"ReadAction\",\"target\":[\"https:\/\/www.h-its.org\/de\/institut\/hits-fellows\/\"]}]},{\"@type\":\"ImageObject\",\"inLanguage\":\"de\",\"@id\":\"https:\/\/www.h-its.org\/de\/institut\/hits-fellows\/#primaryimage\",\"url\":\"https:\/\/www.h-its.org\/de\/wp-content\/uploads\/sites\/2\/2019\/12\/HITS.jpg\",\"contentUrl\":\"https:\/\/www.h-its.org\/de\/wp-content\/uploads\/sites\/2\/2019\/12\/HITS.jpg\",\"width\":1340,\"height\":450},{\"@type\":\"BreadcrumbList\",\"@id\":\"https:\/\/www.h-its.org\/de\/institut\/hits-fellows\/#breadcrumb\",\"itemListElement\":[{\"@type\":\"ListItem\",\"position\":1,\"name\":\"Home\",\"item\":\"https:\/\/www.h-its.org\/de\/\"},{\"@type\":\"ListItem\",\"position\":2,\"name\":\"Institut\",\"item\":\"https:\/\/www.h-its.org\/de\/institut\/\"},{\"@type\":\"ListItem\",\"position\":3,\"name\":\"HITS Fellows\"}]},{\"@type\":\"WebSite\",\"@id\":\"https:\/\/www.h-its.org\/de\/#website\",\"url\":\"https:\/\/www.h-its.org\/de\/\",\"name\":\"HITS gGmbH\",\"description\":\"Heidelberg Institute for Theoretical Studies\",\"potentialAction\":[{\"@type\":\"SearchAction\",\"target\":{\"@type\":\"EntryPoint\",\"urlTemplate\":\"https:\/\/www.h-its.org\/de\/?s={search_term_string}\"},\"query-input\":{\"@type\":\"PropertyValueSpecification\",\"valueRequired\":true,\"valueName\":\"search_term_string\"}}],\"inLanguage\":\"de\"}]}<\/script>\n<!-- \/ Yoast SEO plugin. -->","yoast_head_json":{"title":"HITS Fellows - HITS gGmbH","robots":{"index":"index","follow":"follow","max-snippet":"max-snippet:-1","max-image-preview":"max-image-preview:large","max-video-preview":"max-video-preview:-1"},"canonical":"https:\/\/www.h-its.org\/de\/institut\/hits-fellows\/","og_locale":"de_DE","og_type":"article","og_title":"HITS Fellows - HITS gGmbH","og_description":"Die h\u00f6chste Auszeichnung, die das Institut zu vergeben hat, ist der Status eines \u201eHITS Fellow.\u201c Sie wird an Wissenschaftler\/-innen ...","og_url":"https:\/\/www.h-its.org\/de\/institut\/hits-fellows\/","og_site_name":"HITS gGmbH","article_modified_time":"2023-07-12T15:44:15+00:00","og_image":[{"width":1340,"height":450,"url":"https:\/\/www.h-its.org\/de\/wp-content\/uploads\/sites\/2\/2019\/12\/HITS.jpg","type":"image\/jpeg"}],"twitter_card":"summary_large_image","twitter_misc":{"Gesch\u00e4tzte Lesezeit":"2\u00a0Minuten"},"schema":{"@context":"https:\/\/schema.org","@graph":[{"@type":"WebPage","@id":"https:\/\/www.h-its.org\/de\/institut\/hits-fellows\/","url":"https:\/\/www.h-its.org\/de\/institut\/hits-fellows\/","name":"HITS Fellows - HITS gGmbH","isPartOf":{"@id":"https:\/\/www.h-its.org\/de\/#website"},"primaryImageOfPage":{"@id":"https:\/\/www.h-its.org\/de\/institut\/hits-fellows\/#primaryimage"},"image":{"@id":"https:\/\/www.h-its.org\/de\/institut\/hits-fellows\/#primaryimage"},"thumbnailUrl":"https:\/\/www.h-its.org\/de\/wp-content\/uploads\/sites\/2\/2019\/12\/HITS.jpg","datePublished":"2020-10-06T13:16:38+00:00","dateModified":"2023-07-12T15:44:15+00:00","breadcrumb":{"@id":"https:\/\/www.h-its.org\/de\/institut\/hits-fellows\/#breadcrumb"},"inLanguage":"de","potentialAction":[{"@type":"ReadAction","target":["https:\/\/www.h-its.org\/de\/institut\/hits-fellows\/"]}]},{"@type":"ImageObject","inLanguage":"de","@id":"https:\/\/www.h-its.org\/de\/institut\/hits-fellows\/#primaryimage","url":"https:\/\/www.h-its.org\/de\/wp-content\/uploads\/sites\/2\/2019\/12\/HITS.jpg","contentUrl":"https:\/\/www.h-its.org\/de\/wp-content\/uploads\/sites\/2\/2019\/12\/HITS.jpg","width":1340,"height":450},{"@type":"BreadcrumbList","@id":"https:\/\/www.h-its.org\/de\/institut\/hits-fellows\/#breadcrumb","itemListElement":[{"@type":"ListItem","position":1,"name":"Home","item":"https:\/\/www.h-its.org\/de\/"},{"@type":"ListItem","position":2,"name":"Institut","item":"https:\/\/www.h-its.org\/de\/institut\/"},{"@type":"ListItem","position":3,"name":"HITS Fellows"}]},{"@type":"WebSite","@id":"https:\/\/www.h-its.org\/de\/#website","url":"https:\/\/www.h-its.org\/de\/","name":"HITS gGmbH","description":"Heidelberg Institute for Theoretical Studies","potentialAction":[{"@type":"SearchAction","target":{"@type":"EntryPoint","urlTemplate":"https:\/\/www.h-its.org\/de\/?s={search_term_string}"},"query-input":{"@type":"PropertyValueSpecification","valueRequired":true,"valueName":"search_term_string"}}],"inLanguage":"de"}]}},"publishpress_future_action":{"enabled":false,"date":"2026-04-21 10:06:43","action":"change-status","newStatus":"draft","terms":[],"taxonomy":"hits-research-group","extraData":[]},"publishpress_future_workflow_manual_trigger":{"enabledWorkflows":[]},"_links":{"self":[{"href":"https:\/\/www.h-its.org\/de\/wp-json\/wp\/v2\/pages\/43261","targetHints":{"allow":["GET"]}}],"collection":[{"href":"https:\/\/www.h-its.org\/de\/wp-json\/wp\/v2\/pages"}],"about":[{"href":"https:\/\/www.h-its.org\/de\/wp-json\/wp\/v2\/types\/page"}],"author":[{"embeddable":true,"href":"https:\/\/www.h-its.org\/de\/wp-json\/wp\/v2\/users\/58"}],"replies":[{"embeddable":true,"href":"https:\/\/www.h-its.org\/de\/wp-json\/wp\/v2\/comments?post=43261"}],"version-history":[{"count":11,"href":"https:\/\/www.h-its.org\/de\/wp-json\/wp\/v2\/pages\/43261\/revisions"}],"predecessor-version":[{"id":48107,"href":"https:\/\/www.h-its.org\/de\/wp-json\/wp\/v2\/pages\/43261\/revisions\/48107"}],"up":[{"embeddable":true,"href":"https:\/\/www.h-its.org\/de\/wp-json\/wp\/v2\/pages\/6"}],"wp:featuredmedia":[{"embeddable":true,"href":"https:\/\/www.h-its.org\/de\/wp-json\/wp\/v2\/media\/40609"}],"wp:attachment":[{"href":"https:\/\/www.h-its.org\/de\/wp-json\/wp\/v2\/media?parent=43261"}],"wp:term":[{"taxonomy":"hits-research-group","embeddable":true,"href":"https:\/\/www.h-its.org\/de\/wp-json\/wp\/v2\/hits-research-group?post=43261"}],"curies":[{"name":"wp","href":"https:\/\/api.w.org\/{rel}","templated":true}]}}