{"id":43493,"date":"2020-12-03T16:27:28","date_gmt":"2020-12-03T15:27:28","guid":{"rendered":"https:\/\/www.h-its.org\/de\/forschung\/stellar-evolution-theory-set-de\/"},"modified":"2021-02-24T15:26:53","modified_gmt":"2021-02-24T14:26:53","slug":"set","status":"publish","type":"page","link":"https:\/\/www.h-its.org\/de\/forschung\/set\/","title":{"rendered":"Stellar Evolution Theory (SET)"},"content":{"rendered":"\n<p>Sterne sind die elementaren Bausteine \u200b\u200bdes sichtbaren Universums und produzieren fast alle chemischen Elemente, die schwerer als Helium sind. Seit jeher besch\u00e4ftigt sich die Astrophysik mit der Frage, wie sich unser Universum seit dem Urknall in seine heutige Gestalt verwandelt hat.<\/p>\n\n\n\n<p>Dabei spielen massereiche Sterne eine besondere Rolle, da sie kosmische Kraftwerke sind: Sie k\u00f6nnen teilweise mehrere Millionen Mal heller sein als die Sonne, haben starke Sternwinde und explodieren in gewaltigen Supernovae. Dank dieser Eigenschaften haben massereiche Sterne dazu beigetragen, nach den kosmischen \u201eDark Ages\u201c das Licht ins Universum zur\u00fcckzubringen, die Evolution von Galaxien voranzutreiben und den Grundstein f\u00fcr das Leben zu legen, wie wir es heute kennen.<\/p>\n\n\n\n<p>Am Ende ihres Lebens hinterlassen massereiche Sterne einige der exotischsten Formen von Materie: Neutronensterne und Schwarze L\u00f6cher. Die Untersuchung dieser \u00dcberbleibsel erm\u00f6glicht Einblicke in Materieformen, die so auf der Erde andernfalls nicht verf\u00fcgbar sind. Die Verschmelzungen von Neutronensternen und Schwarzen L\u00f6chern werden mittlerweile routinem\u00e4\u00dfig von Gravitationswellenobservatorien beobachtet und bieten neue Einblicke in unser Universum.<\/p>\n\n\n\n<p>Heute wissen wir, dass die meisten massereichen Sterne mit einem oder sogar mehreren Begleitern in Doppelstern- bzw. Mehrfachsystemen geboren werden, was zu interessanten Konsequenzen f\u00fchrt. Wenn Sterne altern, werden sie gr\u00f6\u00dfer und k\u00f6nnen schlie\u00dflich zu Riesen mit Radien von bis zum 1000-fachen unserer Sonne anwachsen. Doppelsterne k\u00f6nnen dadurch ein Stadium erreichen, in dem ihre \u00e4u\u00dferen Schichten auf ihren Begleiter \u00fcbertragen werden. Bei etwa 25% der massereichen Sterne wird dieser Massenaustausch instabil und f\u00fchrt zu einer Verschmelzung beider Sterne. Der Massenaustausch im Allgemeinen und Sternverschmelzungen im Speziellen haben einen grundlegenden Einfluss auf die Entwicklung der Sterne sowie ihr letztendliches Schicksal. Wenn beispielsweise ein Stern bei der Massen\u00fcbertragung seine H\u00fclle verliert, kann er in einer Supernova explodieren und einen Neutronenstern produzieren, anstatt in ein Schwarzes Loch zu kollabieren.<\/p>\n\n\n\n<p>Die Stellar-Evolution-Theory (SET) Gruppe untersucht das turbulente und explosive Leben massereicher Sterne. Derzeit konzentriert sich die Gruppe auf massereiche Doppelsternsysteme und deren Verschmelzungsprozesse. Diese Verschmelzungen erzeugen starke Magnetfelder und k\u00f6nnen zu stark magnetisierten Neutronensternen f\u00fchren. Diese als Magnetare bekannten magnetischen Neutronensterne sind die st\u00e4rksten Magnete im Universum.<\/p>\n\n\n\n<div class=\"wp-block-image\"><figure class=\"alignleft size-large is-resized\"><img loading=\"lazy\" decoding=\"async\" src=\"https:\/\/www.h-its.org\/de\/wp-content\/uploads\/sites\/2\/2021\/02\/LOGO_ERC-FLAG_EU_-420x297-1.jpg\" alt=\"\" class=\"wp-image-43923\" width=\"251\" height=\"177\" srcset=\"https:\/\/www.h-its.org\/de\/wp-content\/uploads\/sites\/2\/2021\/02\/LOGO_ERC-FLAG_EU_-420x297-1.jpg 420w, https:\/\/www.h-its.org\/de\/wp-content\/uploads\/sites\/2\/2021\/02\/LOGO_ERC-FLAG_EU_-420x297-1-300x212.jpg 300w, https:\/\/www.h-its.org\/de\/wp-content\/uploads\/sites\/2\/2021\/02\/LOGO_ERC-FLAG_EU_-420x297-1-1x1.jpg 1w\" sizes=\"auto, (max-width: 639px) 98vw, (max-width: 1199px) 64vw, 251px\" \/><\/figure><\/div>\n\n\n\n<p>F\u00fcr die SET-Gruppe am HITS wurden F\u00f6rdermittel des Europ\u00e4ischen Forschungsrats (ERC) im Rahmen des Programms der Europ\u00e4ischen Union f\u00fcr Forschung und Innovation \u201eHorizont 2020\u201c bereitgestellt (Finanzhilfevereinbarung Nr. 945806).<\/p>\n","protected":false},"excerpt":{"rendered":"<p>Die SET Gruppe untersucht das turbulente und explosive Leben von massiven Sternen.<\/p>\n","protected":false},"author":107,"featured_media":43505,"parent":4,"menu_order":10,"comment_status":"closed","ping_status":"closed","template":"page-templates\/group.php","meta":{"_acf_changed":false,"inline_featured_image":false,"footnotes":""},"hits-research-group":[1417],"class_list":["post-43493","page","type-page","status-publish","has-post-thumbnail","hentry","hits-research-group-stellar-evolution-theory"],"acf":[],"yoast_head":"<!-- This site is optimized with the Yoast SEO plugin v27.2 - https:\/\/yoast.com\/product\/yoast-seo-wordpress\/ -->\n<title>Stellar Evolution Theory (SET) - HITS gGmbH<\/title>\n<meta name=\"robots\" content=\"index, follow, max-snippet:-1, max-image-preview:large, max-video-preview:-1\" \/>\n<link rel=\"canonical\" href=\"https:\/\/www.h-its.org\/de\/forschung\/set\/\" \/>\n<meta property=\"og:locale\" content=\"de_DE\" \/>\n<meta property=\"og:type\" content=\"article\" \/>\n<meta property=\"og:title\" content=\"Stellar Evolution Theory (SET) - HITS gGmbH\" \/>\n<meta property=\"og:description\" content=\"Die SET Gruppe untersucht das turbulente und explosive Leben von massiven Sternen.\" \/>\n<meta property=\"og:url\" content=\"https:\/\/www.h-its.org\/de\/forschung\/set\/\" \/>\n<meta property=\"og:site_name\" content=\"HITS gGmbH\" \/>\n<meta property=\"article:modified_time\" content=\"2021-02-24T14:26:53+00:00\" \/>\n<meta property=\"og:image\" content=\"https:\/\/www.h-its.org\/de\/wp-content\/uploads\/sites\/2\/2020\/12\/set-uebersicht.jpg\" \/>\n\t<meta property=\"og:image:width\" content=\"1340\" \/>\n\t<meta property=\"og:image:height\" content=\"1340\" \/>\n\t<meta property=\"og:image:type\" content=\"image\/jpeg\" \/>\n<meta name=\"twitter:card\" content=\"summary_large_image\" \/>\n<meta name=\"twitter:label1\" content=\"Gesch\u00e4tzte Lesezeit\" \/>\n\t<meta name=\"twitter:data1\" content=\"2\u00a0Minuten\" \/>\n<script type=\"application\/ld+json\" class=\"yoast-schema-graph\">{\"@context\":\"https:\/\/schema.org\",\"@graph\":[{\"@type\":\"WebPage\",\"@id\":\"https:\/\/www.h-its.org\/de\/forschung\/set\/\",\"url\":\"https:\/\/www.h-its.org\/de\/forschung\/set\/\",\"name\":\"Stellar Evolution Theory (SET) - HITS gGmbH\",\"isPartOf\":{\"@id\":\"https:\/\/www.h-its.org\/de\/#website\"},\"primaryImageOfPage\":{\"@id\":\"https:\/\/www.h-its.org\/de\/forschung\/set\/#primaryimage\"},\"image\":{\"@id\":\"https:\/\/www.h-its.org\/de\/forschung\/set\/#primaryimage\"},\"thumbnailUrl\":\"https:\/\/www.h-its.org\/de\/wp-content\/uploads\/sites\/2\/2020\/12\/set-uebersicht.jpg\",\"datePublished\":\"2020-12-03T15:27:28+00:00\",\"dateModified\":\"2021-02-24T14:26:53+00:00\",\"breadcrumb\":{\"@id\":\"https:\/\/www.h-its.org\/de\/forschung\/set\/#breadcrumb\"},\"inLanguage\":\"de\",\"potentialAction\":[{\"@type\":\"ReadAction\",\"target\":[\"https:\/\/www.h-its.org\/de\/forschung\/set\/\"]}]},{\"@type\":\"ImageObject\",\"inLanguage\":\"de\",\"@id\":\"https:\/\/www.h-its.org\/de\/forschung\/set\/#primaryimage\",\"url\":\"https:\/\/www.h-its.org\/de\/wp-content\/uploads\/sites\/2\/2020\/12\/set-uebersicht.jpg\",\"contentUrl\":\"https:\/\/www.h-its.org\/de\/wp-content\/uploads\/sites\/2\/2020\/12\/set-uebersicht.jpg\",\"width\":1340,\"height\":1340},{\"@type\":\"BreadcrumbList\",\"@id\":\"https:\/\/www.h-its.org\/de\/forschung\/set\/#breadcrumb\",\"itemListElement\":[{\"@type\":\"ListItem\",\"position\":1,\"name\":\"Home\",\"item\":\"https:\/\/www.h-its.org\/de\/\"},{\"@type\":\"ListItem\",\"position\":2,\"name\":\"Forschung am HITS\",\"item\":\"https:\/\/www.h-its.org\/de\/forschung\/\"},{\"@type\":\"ListItem\",\"position\":3,\"name\":\"Stellar Evolution Theory (SET)\"}]},{\"@type\":\"WebSite\",\"@id\":\"https:\/\/www.h-its.org\/de\/#website\",\"url\":\"https:\/\/www.h-its.org\/de\/\",\"name\":\"HITS gGmbH\",\"description\":\"Heidelberg Institute for Theoretical Studies\",\"potentialAction\":[{\"@type\":\"SearchAction\",\"target\":{\"@type\":\"EntryPoint\",\"urlTemplate\":\"https:\/\/www.h-its.org\/de\/?s={search_term_string}\"},\"query-input\":{\"@type\":\"PropertyValueSpecification\",\"valueRequired\":true,\"valueName\":\"search_term_string\"}}],\"inLanguage\":\"de\"}]}<\/script>\n<!-- \/ Yoast SEO plugin. -->","yoast_head_json":{"title":"Stellar Evolution Theory (SET) - HITS gGmbH","robots":{"index":"index","follow":"follow","max-snippet":"max-snippet:-1","max-image-preview":"max-image-preview:large","max-video-preview":"max-video-preview:-1"},"canonical":"https:\/\/www.h-its.org\/de\/forschung\/set\/","og_locale":"de_DE","og_type":"article","og_title":"Stellar Evolution Theory (SET) - HITS gGmbH","og_description":"Die SET Gruppe untersucht das turbulente und explosive Leben von massiven Sternen.","og_url":"https:\/\/www.h-its.org\/de\/forschung\/set\/","og_site_name":"HITS gGmbH","article_modified_time":"2021-02-24T14:26:53+00:00","og_image":[{"width":1340,"height":1340,"url":"https:\/\/www.h-its.org\/de\/wp-content\/uploads\/sites\/2\/2020\/12\/set-uebersicht.jpg","type":"image\/jpeg"}],"twitter_card":"summary_large_image","twitter_misc":{"Gesch\u00e4tzte Lesezeit":"2\u00a0Minuten"},"schema":{"@context":"https:\/\/schema.org","@graph":[{"@type":"WebPage","@id":"https:\/\/www.h-its.org\/de\/forschung\/set\/","url":"https:\/\/www.h-its.org\/de\/forschung\/set\/","name":"Stellar Evolution Theory (SET) - HITS gGmbH","isPartOf":{"@id":"https:\/\/www.h-its.org\/de\/#website"},"primaryImageOfPage":{"@id":"https:\/\/www.h-its.org\/de\/forschung\/set\/#primaryimage"},"image":{"@id":"https:\/\/www.h-its.org\/de\/forschung\/set\/#primaryimage"},"thumbnailUrl":"https:\/\/www.h-its.org\/de\/wp-content\/uploads\/sites\/2\/2020\/12\/set-uebersicht.jpg","datePublished":"2020-12-03T15:27:28+00:00","dateModified":"2021-02-24T14:26:53+00:00","breadcrumb":{"@id":"https:\/\/www.h-its.org\/de\/forschung\/set\/#breadcrumb"},"inLanguage":"de","potentialAction":[{"@type":"ReadAction","target":["https:\/\/www.h-its.org\/de\/forschung\/set\/"]}]},{"@type":"ImageObject","inLanguage":"de","@id":"https:\/\/www.h-its.org\/de\/forschung\/set\/#primaryimage","url":"https:\/\/www.h-its.org\/de\/wp-content\/uploads\/sites\/2\/2020\/12\/set-uebersicht.jpg","contentUrl":"https:\/\/www.h-its.org\/de\/wp-content\/uploads\/sites\/2\/2020\/12\/set-uebersicht.jpg","width":1340,"height":1340},{"@type":"BreadcrumbList","@id":"https:\/\/www.h-its.org\/de\/forschung\/set\/#breadcrumb","itemListElement":[{"@type":"ListItem","position":1,"name":"Home","item":"https:\/\/www.h-its.org\/de\/"},{"@type":"ListItem","position":2,"name":"Forschung am HITS","item":"https:\/\/www.h-its.org\/de\/forschung\/"},{"@type":"ListItem","position":3,"name":"Stellar Evolution Theory (SET)"}]},{"@type":"WebSite","@id":"https:\/\/www.h-its.org\/de\/#website","url":"https:\/\/www.h-its.org\/de\/","name":"HITS gGmbH","description":"Heidelberg Institute for Theoretical Studies","potentialAction":[{"@type":"SearchAction","target":{"@type":"EntryPoint","urlTemplate":"https:\/\/www.h-its.org\/de\/?s={search_term_string}"},"query-input":{"@type":"PropertyValueSpecification","valueRequired":true,"valueName":"search_term_string"}}],"inLanguage":"de"}]}},"publishpress_future_action":{"enabled":false,"date":"2026-04-22 00:15:35","action":"change-status","newStatus":"draft","terms":[],"taxonomy":"hits-research-group","extraData":[]},"publishpress_future_workflow_manual_trigger":{"enabledWorkflows":[]},"_links":{"self":[{"href":"https:\/\/www.h-its.org\/de\/wp-json\/wp\/v2\/pages\/43493","targetHints":{"allow":["GET"]}}],"collection":[{"href":"https:\/\/www.h-its.org\/de\/wp-json\/wp\/v2\/pages"}],"about":[{"href":"https:\/\/www.h-its.org\/de\/wp-json\/wp\/v2\/types\/page"}],"author":[{"embeddable":true,"href":"https:\/\/www.h-its.org\/de\/wp-json\/wp\/v2\/users\/107"}],"replies":[{"embeddable":true,"href":"https:\/\/www.h-its.org\/de\/wp-json\/wp\/v2\/comments?post=43493"}],"version-history":[{"count":6,"href":"https:\/\/www.h-its.org\/de\/wp-json\/wp\/v2\/pages\/43493\/revisions"}],"predecessor-version":[{"id":43930,"href":"https:\/\/www.h-its.org\/de\/wp-json\/wp\/v2\/pages\/43493\/revisions\/43930"}],"up":[{"embeddable":true,"href":"https:\/\/www.h-its.org\/de\/wp-json\/wp\/v2\/pages\/4"}],"wp:featuredmedia":[{"embeddable":true,"href":"https:\/\/www.h-its.org\/de\/wp-json\/wp\/v2\/media\/43505"}],"wp:attachment":[{"href":"https:\/\/www.h-its.org\/de\/wp-json\/wp\/v2\/media?parent=43493"}],"wp:term":[{"taxonomy":"hits-research-group","embeddable":true,"href":"https:\/\/www.h-its.org\/de\/wp-json\/wp\/v2\/hits-research-group?post=43493"}],"curies":[{"name":"wp","href":"https:\/\/api.w.org\/{rel}","templated":true}]}}