{"id":43646,"date":"2020-12-18T12:52:07","date_gmt":"2020-12-18T11:52:07","guid":{"rendered":"https:\/\/www.h-its.org\/de\/forschung\/hits-lab-lab-de\/"},"modified":"2024-06-06T09:08:00","modified_gmt":"2024-06-06T07:08:00","slug":"hits-lab","status":"publish","type":"page","link":"https:\/\/www.h-its.org\/de\/forschung\/hits-lab\/","title":{"rendered":"HITS Lab"},"content":{"rendered":"\n<p><em>\u201cWir sollten nicht aus den Augen verlieren, was das HITS so einzigartig macht: die M\u00f6glichkeit, multidisziplin\u00e4re Synergien zu entwickeln, und der fruchtbare Austausch von Ideen \u00fcber ungew\u00f6hnliche disziplin\u00e4re Grenzen hinweg.\u201d (Wissenschaftlicher Beirat des HITS, 2017)<\/em><\/p>\n\n\n\n<p>Das HITS Lab nutzt die St\u00e4rken des HITS: die r\u00e4umliche N\u00e4he von Wissenschaftler\/-innen, die in unterschiedlichen Disziplinen forschen, etablierte Methoden f\u00fcr den wissenschaftlichen Austausch \u00fcber Fachgebiete hinweg und eine bereits bestehende informelle Gespr\u00e4chskultur. Die Zusammenarbeit zwischen Gruppen und Disziplinen wird gef\u00f6rdert, der Schwerpunkt liegt auf der Forschung, die \u00fcber die einzelnen wissenschaftlichen Fachgebiete hinausgeht. Damit soll der Vision des Institutsgr\u00fcnders Klaus Tschira f\u00fcr das HITS Rechnung getragen werden. Die Projekte im Rahmen des HITS Lab werden als Inkubator f\u00fcr Kooperationen innerhalb des HITS und dar\u00fcber hinaus gesehen.<\/p>\n\n\n\n<p>Um den interdisziplin\u00e4ren Charakter des HITS Lab zu betonen, werden die Projekte von (mindestens) zwei Gruppenleiter*innen geleitet oder betreut. Finanziell gef\u00f6rdert werden die Projekte vom HITS, die F\u00f6rderung \u00fcber Drittmittel oder durch Gastwissenschaftler*innen, die ihre eigenen Mittel daf\u00fcr einsetzen, ist ebenfalls m\u00f6glich. <\/p>\n","protected":false},"excerpt":{"rendered":"<p>Das HITS Lab f\u00f6rdert die Zusammenarbeit zwischen Gruppen und Disziplinen.<\/p>\n","protected":false},"author":107,"featured_media":43668,"parent":4,"menu_order":50,"comment_status":"closed","ping_status":"closed","template":"page-templates\/group.php","meta":{"_acf_changed":false,"inline_featured_image":false,"footnotes":""},"hits-research-group":[1418],"class_list":["post-43646","page","type-page","status-publish","has-post-thumbnail","hentry","hits-research-group-hits-lab"],"acf":[],"yoast_head":"<!-- This site is optimized with the Yoast SEO plugin v27.2 - https:\/\/yoast.com\/product\/yoast-seo-wordpress\/ -->\n<title>HITS Lab - HITS gGmbH<\/title>\n<meta name=\"robots\" content=\"index, follow, max-snippet:-1, max-image-preview:large, max-video-preview:-1\" \/>\n<link rel=\"canonical\" href=\"https:\/\/www.h-its.org\/de\/forschung\/hits-lab\/\" \/>\n<meta property=\"og:locale\" content=\"de_DE\" \/>\n<meta property=\"og:type\" content=\"article\" \/>\n<meta property=\"og:title\" content=\"HITS Lab - HITS gGmbH\" \/>\n<meta property=\"og:description\" content=\"Das HITS Lab f\u00f6rdert die Zusammenarbeit zwischen Gruppen und Disziplinen.\" \/>\n<meta property=\"og:url\" content=\"https:\/\/www.h-its.org\/de\/forschung\/hits-lab\/\" \/>\n<meta property=\"og:site_name\" content=\"HITS gGmbH\" \/>\n<meta property=\"article:modified_time\" content=\"2024-06-06T07:08:00+00:00\" \/>\n<meta property=\"og:image\" content=\"https:\/\/www.h-its.org\/de\/wp-content\/uploads\/sites\/2\/2020\/12\/HITS-Lab.jpg\" \/>\n\t<meta property=\"og:image:width\" content=\"1340\" \/>\n\t<meta property=\"og:image:height\" content=\"1340\" \/>\n\t<meta property=\"og:image:type\" content=\"image\/jpeg\" \/>\n<meta name=\"twitter:card\" content=\"summary_large_image\" \/>\n<meta name=\"twitter:label1\" content=\"Gesch\u00e4tzte Lesezeit\" \/>\n\t<meta name=\"twitter:data1\" content=\"2\u00a0Minuten\" \/>\n<script type=\"application\/ld+json\" class=\"yoast-schema-graph\">{\"@context\":\"https:\/\/schema.org\",\"@graph\":[{\"@type\":\"WebPage\",\"@id\":\"https:\/\/www.h-its.org\/de\/forschung\/hits-lab\/\",\"url\":\"https:\/\/www.h-its.org\/de\/forschung\/hits-lab\/\",\"name\":\"HITS Lab - HITS gGmbH\",\"isPartOf\":{\"@id\":\"https:\/\/www.h-its.org\/de\/#website\"},\"primaryImageOfPage\":{\"@id\":\"https:\/\/www.h-its.org\/de\/forschung\/hits-lab\/#primaryimage\"},\"image\":{\"@id\":\"https:\/\/www.h-its.org\/de\/forschung\/hits-lab\/#primaryimage\"},\"thumbnailUrl\":\"https:\/\/www.h-its.org\/de\/wp-content\/uploads\/sites\/2\/2020\/12\/HITS-Lab.jpg\",\"datePublished\":\"2020-12-18T11:52:07+00:00\",\"dateModified\":\"2024-06-06T07:08:00+00:00\",\"breadcrumb\":{\"@id\":\"https:\/\/www.h-its.org\/de\/forschung\/hits-lab\/#breadcrumb\"},\"inLanguage\":\"de\",\"potentialAction\":[{\"@type\":\"ReadAction\",\"target\":[\"https:\/\/www.h-its.org\/de\/forschung\/hits-lab\/\"]}]},{\"@type\":\"ImageObject\",\"inLanguage\":\"de\",\"@id\":\"https:\/\/www.h-its.org\/de\/forschung\/hits-lab\/#primaryimage\",\"url\":\"https:\/\/www.h-its.org\/de\/wp-content\/uploads\/sites\/2\/2020\/12\/HITS-Lab.jpg\",\"contentUrl\":\"https:\/\/www.h-its.org\/de\/wp-content\/uploads\/sites\/2\/2020\/12\/HITS-Lab.jpg\",\"width\":1340,\"height\":1340},{\"@type\":\"BreadcrumbList\",\"@id\":\"https:\/\/www.h-its.org\/de\/forschung\/hits-lab\/#breadcrumb\",\"itemListElement\":[{\"@type\":\"ListItem\",\"position\":1,\"name\":\"Home\",\"item\":\"https:\/\/www.h-its.org\/de\/\"},{\"@type\":\"ListItem\",\"position\":2,\"name\":\"Forschung am HITS\",\"item\":\"https:\/\/www.h-its.org\/de\/forschung\/\"},{\"@type\":\"ListItem\",\"position\":3,\"name\":\"HITS Lab\"}]},{\"@type\":\"WebSite\",\"@id\":\"https:\/\/www.h-its.org\/de\/#website\",\"url\":\"https:\/\/www.h-its.org\/de\/\",\"name\":\"HITS gGmbH\",\"description\":\"Heidelberg Institute for Theoretical Studies\",\"potentialAction\":[{\"@type\":\"SearchAction\",\"target\":{\"@type\":\"EntryPoint\",\"urlTemplate\":\"https:\/\/www.h-its.org\/de\/?s={search_term_string}\"},\"query-input\":{\"@type\":\"PropertyValueSpecification\",\"valueRequired\":true,\"valueName\":\"search_term_string\"}}],\"inLanguage\":\"de\"}]}<\/script>\n<!-- \/ Yoast SEO plugin. -->","yoast_head_json":{"title":"HITS Lab - HITS gGmbH","robots":{"index":"index","follow":"follow","max-snippet":"max-snippet:-1","max-image-preview":"max-image-preview:large","max-video-preview":"max-video-preview:-1"},"canonical":"https:\/\/www.h-its.org\/de\/forschung\/hits-lab\/","og_locale":"de_DE","og_type":"article","og_title":"HITS Lab - HITS gGmbH","og_description":"Das HITS Lab f\u00f6rdert die Zusammenarbeit zwischen Gruppen und Disziplinen.","og_url":"https:\/\/www.h-its.org\/de\/forschung\/hits-lab\/","og_site_name":"HITS gGmbH","article_modified_time":"2024-06-06T07:08:00+00:00","og_image":[{"width":1340,"height":1340,"url":"https:\/\/www.h-its.org\/de\/wp-content\/uploads\/sites\/2\/2020\/12\/HITS-Lab.jpg","type":"image\/jpeg"}],"twitter_card":"summary_large_image","twitter_misc":{"Gesch\u00e4tzte Lesezeit":"2\u00a0Minuten"},"schema":{"@context":"https:\/\/schema.org","@graph":[{"@type":"WebPage","@id":"https:\/\/www.h-its.org\/de\/forschung\/hits-lab\/","url":"https:\/\/www.h-its.org\/de\/forschung\/hits-lab\/","name":"HITS Lab - HITS gGmbH","isPartOf":{"@id":"https:\/\/www.h-its.org\/de\/#website"},"primaryImageOfPage":{"@id":"https:\/\/www.h-its.org\/de\/forschung\/hits-lab\/#primaryimage"},"image":{"@id":"https:\/\/www.h-its.org\/de\/forschung\/hits-lab\/#primaryimage"},"thumbnailUrl":"https:\/\/www.h-its.org\/de\/wp-content\/uploads\/sites\/2\/2020\/12\/HITS-Lab.jpg","datePublished":"2020-12-18T11:52:07+00:00","dateModified":"2024-06-06T07:08:00+00:00","breadcrumb":{"@id":"https:\/\/www.h-its.org\/de\/forschung\/hits-lab\/#breadcrumb"},"inLanguage":"de","potentialAction":[{"@type":"ReadAction","target":["https:\/\/www.h-its.org\/de\/forschung\/hits-lab\/"]}]},{"@type":"ImageObject","inLanguage":"de","@id":"https:\/\/www.h-its.org\/de\/forschung\/hits-lab\/#primaryimage","url":"https:\/\/www.h-its.org\/de\/wp-content\/uploads\/sites\/2\/2020\/12\/HITS-Lab.jpg","contentUrl":"https:\/\/www.h-its.org\/de\/wp-content\/uploads\/sites\/2\/2020\/12\/HITS-Lab.jpg","width":1340,"height":1340},{"@type":"BreadcrumbList","@id":"https:\/\/www.h-its.org\/de\/forschung\/hits-lab\/#breadcrumb","itemListElement":[{"@type":"ListItem","position":1,"name":"Home","item":"https:\/\/www.h-its.org\/de\/"},{"@type":"ListItem","position":2,"name":"Forschung am HITS","item":"https:\/\/www.h-its.org\/de\/forschung\/"},{"@type":"ListItem","position":3,"name":"HITS Lab"}]},{"@type":"WebSite","@id":"https:\/\/www.h-its.org\/de\/#website","url":"https:\/\/www.h-its.org\/de\/","name":"HITS gGmbH","description":"Heidelberg Institute for Theoretical Studies","potentialAction":[{"@type":"SearchAction","target":{"@type":"EntryPoint","urlTemplate":"https:\/\/www.h-its.org\/de\/?s={search_term_string}"},"query-input":{"@type":"PropertyValueSpecification","valueRequired":true,"valueName":"search_term_string"}}],"inLanguage":"de"}]}},"publishpress_future_action":{"enabled":false,"date":"2026-04-11 09:04:20","action":"change-status","newStatus":"draft","terms":[],"taxonomy":"hits-research-group","extraData":[]},"publishpress_future_workflow_manual_trigger":{"enabledWorkflows":[]},"_links":{"self":[{"href":"https:\/\/www.h-its.org\/de\/wp-json\/wp\/v2\/pages\/43646","targetHints":{"allow":["GET"]}}],"collection":[{"href":"https:\/\/www.h-its.org\/de\/wp-json\/wp\/v2\/pages"}],"about":[{"href":"https:\/\/www.h-its.org\/de\/wp-json\/wp\/v2\/types\/page"}],"author":[{"embeddable":true,"href":"https:\/\/www.h-its.org\/de\/wp-json\/wp\/v2\/users\/107"}],"replies":[{"embeddable":true,"href":"https:\/\/www.h-its.org\/de\/wp-json\/wp\/v2\/comments?post=43646"}],"version-history":[{"count":8,"href":"https:\/\/www.h-its.org\/de\/wp-json\/wp\/v2\/pages\/43646\/revisions"}],"predecessor-version":[{"id":49074,"href":"https:\/\/www.h-its.org\/de\/wp-json\/wp\/v2\/pages\/43646\/revisions\/49074"}],"up":[{"embeddable":true,"href":"https:\/\/www.h-its.org\/de\/wp-json\/wp\/v2\/pages\/4"}],"wp:featuredmedia":[{"embeddable":true,"href":"https:\/\/www.h-its.org\/de\/wp-json\/wp\/v2\/media\/43668"}],"wp:attachment":[{"href":"https:\/\/www.h-its.org\/de\/wp-json\/wp\/v2\/media?parent=43646"}],"wp:term":[{"taxonomy":"hits-research-group","embeddable":true,"href":"https:\/\/www.h-its.org\/de\/wp-json\/wp\/v2\/hits-research-group?post=43646"}],"curies":[{"name":"wp","href":"https:\/\/api.w.org\/{rel}","templated":true}]}}