{"id":43648,"date":"2020-12-18T12:52:07","date_gmt":"2020-12-18T11:52:07","guid":{"rendered":"https:\/\/www.h-its.org\/de\/forschung\/hits-lab-lab-de\/projects-lab\/"},"modified":"2021-01-29T09:24:03","modified_gmt":"2021-01-29T08:24:03","slug":"projects","status":"publish","type":"page","link":"https:\/\/www.h-its.org\/de\/forschung\/hits-lab\/projects\/","title":{"rendered":"Projekte"},"content":{"rendered":"<div class=\"hits-blocks hits-projects-block \">\n        <div class=\"project-grid three-columns\">\n                  \n<div class=\"project-preview\">\n      <div class=\"image\">\n      <img loading=\"lazy\" decoding=\"async\" width=\"300\" height=\"225\" src=\"https:\/\/www.h-its.org\/de\/wp-content\/uploads\/sites\/2\/2025\/05\/Schmuckbild-300x225.jpg\" class=\"attachment-medium size-medium wp-post-image\" alt=\"\" 0=\"project-preview--post-thumbnail\" srcset=\"https:\/\/www.h-its.org\/de\/wp-content\/uploads\/sites\/2\/2025\/05\/Schmuckbild-300x225.jpg 300w, https:\/\/www.h-its.org\/de\/wp-content\/uploads\/sites\/2\/2025\/05\/Schmuckbild-768x576.jpg 768w, https:\/\/www.h-its.org\/de\/wp-content\/uploads\/sites\/2\/2025\/05\/Schmuckbild-640x480.jpg 640w, https:\/\/www.h-its.org\/de\/wp-content\/uploads\/sites\/2\/2025\/05\/Schmuckbild-1x1.jpg 1w, https:\/\/www.h-its.org\/de\/wp-content\/uploads\/sites\/2\/2025\/05\/Schmuckbild-420x315.jpg 420w, https:\/\/www.h-its.org\/de\/wp-content\/uploads\/sites\/2\/2025\/05\/Schmuckbild-610x458.jpg 610w, https:\/\/www.h-its.org\/de\/wp-content\/uploads\/sites\/2\/2025\/05\/Schmuckbild.jpg 1024w\" sizes=\"auto, (max-width: 639px) 98vw, (max-width: 1199px) 64vw, 300px\" \/>    <\/div>\n    <div class=\"project-preview--content\">\n    <p class=\"font-m font-normal font-primary\">DeepSAM: Machine Learning under Symmetries with Applications in Astronomy and Medicine<\/p>\n    <div class=\"meta\">\n      <div class=\"date\">20.05.2025<\/div>\n    <\/div>\n    <p>Viele Wissenschaftsfelder stehen, wenngleich in sehr unterschiedlichen Gr\u00f6\u00dfenordnungen und Proportionen, vor \u00e4hnlichen Herausforderungen. Ein Beispiel ist die sachgerechte automatisierte Verarbeitung &#8230;<\/p>\n    <a href=\"https:\/\/www.h-its.org\/de\/projects\/deepsam\/\">Mehr erfahren<\/a>\n  <\/div>\n<\/div>\n                  \n<div class=\"project-preview\">\n      <div class=\"image\">\n      <img loading=\"lazy\" decoding=\"async\" width=\"300\" height=\"169\" src=\"https:\/\/www.h-its.org\/de\/wp-content\/uploads\/sites\/2\/2024\/10\/col_tubes_cross_color-scaled-300x169.jpg\" class=\"attachment-medium size-medium wp-post-image\" alt=\"Diffusion_Models\" 0=\"project-preview--post-thumbnail\" srcset=\"https:\/\/www.h-its.org\/de\/wp-content\/uploads\/sites\/2\/2024\/10\/col_tubes_cross_color-scaled-300x169.jpg 300w, https:\/\/www.h-its.org\/de\/wp-content\/uploads\/sites\/2\/2024\/10\/col_tubes_cross_color-scaled-1024x576.jpg 1024w, https:\/\/www.h-its.org\/de\/wp-content\/uploads\/sites\/2\/2024\/10\/col_tubes_cross_color-scaled-768x432.jpg 768w, https:\/\/www.h-its.org\/de\/wp-content\/uploads\/sites\/2\/2024\/10\/col_tubes_cross_color-scaled-1536x864.jpg 1536w, https:\/\/www.h-its.org\/de\/wp-content\/uploads\/sites\/2\/2024\/10\/col_tubes_cross_color-scaled-2048x1152.jpg 2048w, https:\/\/www.h-its.org\/de\/wp-content\/uploads\/sites\/2\/2024\/10\/col_tubes_cross_color-scaled-640x360.jpg 640w, https:\/\/www.h-its.org\/de\/wp-content\/uploads\/sites\/2\/2024\/10\/col_tubes_cross_color-scaled-1200x675.jpg 1200w, https:\/\/www.h-its.org\/de\/wp-content\/uploads\/sites\/2\/2024\/10\/col_tubes_cross_color-scaled-1920x1080.jpg 1920w, https:\/\/www.h-its.org\/de\/wp-content\/uploads\/sites\/2\/2024\/10\/col_tubes_cross_color-scaled-2x1.jpg 2w, https:\/\/www.h-its.org\/de\/wp-content\/uploads\/sites\/2\/2024\/10\/col_tubes_cross_color-scaled-420x236.jpg 420w, https:\/\/www.h-its.org\/de\/wp-content\/uploads\/sites\/2\/2024\/10\/col_tubes_cross_color-scaled-610x343.jpg 610w\" sizes=\"auto, (max-width: 639px) 98vw, (max-width: 1199px) 64vw, 300px\" \/>    <\/div>\n    <div class=\"project-preview--content\">\n    <p class=\"font-m font-normal font-primary\">Diffusion models for protein design<\/p>\n    <div class=\"meta\">\n      <div class=\"date\">15.10.2024<\/div>\n    <\/div>\n    <p>Generatives Deep Learning hat das Proteindesign ver\u00e4ndert und erm\u00f6glicht die Entwicklung neuer Proteinstrukturen, Interaktionen und Funktionen mit hoher Pr\u00e4&#8230;<\/p>\n    <a href=\"https:\/\/www.h-its.org\/de\/projects\/diffusion-models\/\">Mehr erfahren<\/a>\n  <\/div>\n<\/div>\n                  \n<div class=\"project-preview\">\n      <div class=\"image\">\n      <img loading=\"lazy\" decoding=\"async\" width=\"300\" height=\"189\" src=\"https:\/\/www.h-its.org\/de\/wp-content\/uploads\/sites\/2\/2023\/10\/webcompIF-300x189.jpg\" class=\"attachment-medium size-medium wp-post-image\" alt=\"HIER ALT-TEXT EINGEBEN\" 0=\"project-preview--post-thumbnail\" srcset=\"https:\/\/www.h-its.org\/de\/wp-content\/uploads\/sites\/2\/2023\/10\/webcompIF-300x189.jpg 300w, https:\/\/www.h-its.org\/de\/wp-content\/uploads\/sites\/2\/2023\/10\/webcompIF-1024x645.jpg 1024w, https:\/\/www.h-its.org\/de\/wp-content\/uploads\/sites\/2\/2023\/10\/webcompIF-768x484.jpg 768w, https:\/\/www.h-its.org\/de\/wp-content\/uploads\/sites\/2\/2023\/10\/webcompIF-1536x967.jpg 1536w, https:\/\/www.h-its.org\/de\/wp-content\/uploads\/sites\/2\/2023\/10\/webcompIF-640x403.jpg 640w, https:\/\/www.h-its.org\/de\/wp-content\/uploads\/sites\/2\/2023\/10\/webcompIF-1200x755.jpg 1200w, https:\/\/www.h-its.org\/de\/wp-content\/uploads\/sites\/2\/2023\/10\/webcompIF-2x1.jpg 2w, https:\/\/www.h-its.org\/de\/wp-content\/uploads\/sites\/2\/2023\/10\/webcompIF-420x264.jpg 420w, https:\/\/www.h-its.org\/de\/wp-content\/uploads\/sites\/2\/2023\/10\/webcompIF-610x384.jpg 610w, https:\/\/www.h-its.org\/de\/wp-content\/uploads\/sites\/2\/2023\/10\/webcompIF.jpg 1617w\" sizes=\"auto, (max-width: 639px) 98vw, (max-width: 1199px) 64vw, 300px\" \/>    <\/div>\n    <div class=\"project-preview--content\">\n    <p class=\"font-m font-normal font-primary\">CompIF: Effiziente Berechnung der intermolekularen Kr\u00e4fte f\u00fcr biomolekulare Simulationen<\/p>\n    <div class=\"meta\">\n      <div class=\"date\">31.10.2023<\/div>\n    <\/div>\n    <p>Die Struktur, Dynamik und Wechselwirkungen von Biomolek\u00fclen k\u00f6nnen mit Molek\u00fclsimulationen im Detail erforscht werden. Durch wiederholtes L\u00f6sen &#8230;<\/p>\n    <a href=\"https:\/\/www.h-its.org\/de\/projects\/compif\/\">Mehr erfahren<\/a>\n  <\/div>\n<\/div>\n        \n      <\/div>\n\n    <\/div>\n\n\n\n<h2 class=\"wp-block-heading\">Vergangene Projekte<\/h2>\n\n\n<div class=\"hits-blocks hits-projects-block \">\n        <div class=\"project-grid three-columns\">\n                  \n<div class=\"project-preview\">\n      <div class=\"image\">\n      <img loading=\"lazy\" decoding=\"async\" width=\"300\" height=\"300\" src=\"https:\/\/www.h-its.org\/de\/wp-content\/uploads\/sites\/2\/2023\/03\/DALL\u00b7E-2023-03-01-13.02.59-alhambra-tiling-behind-an-organic-molecule-3D-300x300.png\" class=\"attachment-medium size-medium wp-post-image\" alt=\"\" 0=\"project-preview--post-thumbnail\" srcset=\"https:\/\/www.h-its.org\/de\/wp-content\/uploads\/sites\/2\/2023\/03\/DALL\u00b7E-2023-03-01-13.02.59-alhambra-tiling-behind-an-organic-molecule-3D-300x300.png 300w, https:\/\/www.h-its.org\/de\/wp-content\/uploads\/sites\/2\/2023\/03\/DALL\u00b7E-2023-03-01-13.02.59-alhambra-tiling-behind-an-organic-molecule-3D-768x768.png 768w, https:\/\/www.h-its.org\/de\/wp-content\/uploads\/sites\/2\/2023\/03\/DALL\u00b7E-2023-03-01-13.02.59-alhambra-tiling-behind-an-organic-molecule-3D-640x640.png 640w, https:\/\/www.h-its.org\/de\/wp-content\/uploads\/sites\/2\/2023\/03\/DALL\u00b7E-2023-03-01-13.02.59-alhambra-tiling-behind-an-organic-molecule-3D-420x420.png 420w, https:\/\/www.h-its.org\/de\/wp-content\/uploads\/sites\/2\/2023\/03\/DALL\u00b7E-2023-03-01-13.02.59-alhambra-tiling-behind-an-organic-molecule-3D-1x1.png 1w, https:\/\/www.h-its.org\/de\/wp-content\/uploads\/sites\/2\/2023\/03\/DALL\u00b7E-2023-03-01-13.02.59-alhambra-tiling-behind-an-organic-molecule-3D-610x610.png 610w, https:\/\/www.h-its.org\/de\/wp-content\/uploads\/sites\/2\/2023\/03\/DALL\u00b7E-2023-03-01-13.02.59-alhambra-tiling-behind-an-organic-molecule-3D.png 1005w\" sizes=\"auto, (max-width: 639px) 98vw, (max-width: 1199px) 64vw, 300px\" \/>    <\/div>\n    <div class=\"project-preview--content\">\n    <p class=\"font-m font-normal font-primary\">Organic Materials by Geometrical Design<\/p>\n    <div class=\"meta\">\n      <div class=\"date\">1.03.2023<\/div>\n    <\/div>\n    <p>Viele funktionale organische Materialien sind geordnete periodische Systeme, die nach ihrer Symmetriegruppe, Mosaikklasse usw. klassifiziert werden k\u00f6nnen. In diesem Projekt &#8230;<\/p>\n    <a href=\"https:\/\/www.h-its.org\/de\/projects\/organic-materials-by-geometrical-design\/\">Mehr erfahren<\/a>\n  <\/div>\n<\/div>\n                  \n<div class=\"project-preview\">\n      <div class=\"image\">\n      <img loading=\"lazy\" decoding=\"async\" width=\"300\" height=\"242\" src=\"https:\/\/www.h-its.org\/de\/wp-content\/uploads\/sites\/2\/2021\/09\/TeaserBild_Fig_1_Geometry_RepLearning-300x242.jpg\" class=\"attachment-medium size-medium wp-post-image\" alt=\"\" 0=\"project-preview--post-thumbnail\" srcset=\"https:\/\/www.h-its.org\/de\/wp-content\/uploads\/sites\/2\/2021\/09\/TeaserBild_Fig_1_Geometry_RepLearning-300x242.jpg 300w, https:\/\/www.h-its.org\/de\/wp-content\/uploads\/sites\/2\/2021\/09\/TeaserBild_Fig_1_Geometry_RepLearning-1x1.jpg 1w, https:\/\/www.h-its.org\/de\/wp-content\/uploads\/sites\/2\/2021\/09\/TeaserBild_Fig_1_Geometry_RepLearning-420x338.jpg 420w, https:\/\/www.h-its.org\/de\/wp-content\/uploads\/sites\/2\/2021\/09\/TeaserBild_Fig_1_Geometry_RepLearning.jpg 580w\" sizes=\"auto, (max-width: 639px) 98vw, (max-width: 1199px) 64vw, 300px\" \/>    <\/div>\n    <div class=\"project-preview--content\">\n    <p class=\"font-m font-normal font-primary\">Geometry and Representation Learning<\/p>\n    <div class=\"meta\">\n      <div class=\"date\">24.09.2021<\/div>\n    <\/div>\n    <p>In den letzten Jahren ist das Interesse an der hyperbolischen Geometrie in der Datenanalyse und im maschinellen Lernen f\u00fcr das \u201e&#8230;<\/p>\n    <a href=\"https:\/\/www.h-its.org\/de\/projects\/geometry-and-representation-learning\/\">Mehr erfahren<\/a>\n  <\/div>\n<\/div>\n                  \n<div class=\"project-preview\">\n      <div class=\"image\">\n      <img loading=\"lazy\" decoding=\"async\" width=\"259\" height=\"300\" src=\"https:\/\/www.h-its.org\/de\/wp-content\/uploads\/sites\/2\/2021\/06\/Emulation_rad_migration_5_web-259x300.png\" class=\"attachment-medium size-medium wp-post-image\" alt=\"\" 0=\"project-preview--post-thumbnail\" srcset=\"https:\/\/www.h-its.org\/de\/wp-content\/uploads\/sites\/2\/2021\/06\/Emulation_rad_migration_5_web-259x300.png 259w, https:\/\/www.h-its.org\/de\/wp-content\/uploads\/sites\/2\/2021\/06\/Emulation_rad_migration_5_web-883x1024.png 883w, https:\/\/www.h-its.org\/de\/wp-content\/uploads\/sites\/2\/2021\/06\/Emulation_rad_migration_5_web-768x890.png 768w, https:\/\/www.h-its.org\/de\/wp-content\/uploads\/sites\/2\/2021\/06\/Emulation_rad_migration_5_web-1325x1536.png 1325w, https:\/\/www.h-its.org\/de\/wp-content\/uploads\/sites\/2\/2021\/06\/Emulation_rad_migration_5_web-1766x2048.png 1766w, https:\/\/www.h-its.org\/de\/wp-content\/uploads\/sites\/2\/2021\/06\/Emulation_rad_migration_5_web-640x742.png 640w, https:\/\/www.h-its.org\/de\/wp-content\/uploads\/sites\/2\/2021\/06\/Emulation_rad_migration_5_web-1024x1187.png 1024w, https:\/\/www.h-its.org\/de\/wp-content\/uploads\/sites\/2\/2021\/06\/Emulation_rad_migration_5_web-1200x1391.png 1200w, https:\/\/www.h-its.org\/de\/wp-content\/uploads\/sites\/2\/2021\/06\/Emulation_rad_migration_5_web-1x1.png 1w, https:\/\/www.h-its.org\/de\/wp-content\/uploads\/sites\/2\/2021\/06\/Emulation_rad_migration_5_web-420x487.png 420w, https:\/\/www.h-its.org\/de\/wp-content\/uploads\/sites\/2\/2021\/06\/Emulation_rad_migration_5_web-610x707.png 610w, https:\/\/www.h-its.org\/de\/wp-content\/uploads\/sites\/2\/2021\/06\/Emulation_rad_migration_5_web.png 1857w\" sizes=\"auto, (max-width: 639px) 98vw, (max-width: 1199px) 64vw, 259px\" \/>    <\/div>\n    <div class=\"project-preview--content\">\n    <p class=\"font-m font-normal font-primary\">Emulation in simulation<\/p>\n    <div class=\"meta\">\n      <div class=\"date\">28.06.2021<\/div>\n    <\/div>\n    <p>&#8222;Emulation in Simulation&#8220; verbindet die HITS-Expertise in computergest\u00fctzter Statistik und numerischer Simulation, um eine neue Generation von Werkzeugen f\u00fcr &#8230;<\/p>\n    <a href=\"https:\/\/www.h-its.org\/de\/projects\/emulation-in-simulation\/\">Mehr erfahren<\/a>\n  <\/div>\n<\/div>\n                  \n<div class=\"project-preview\">\n      <div class=\"image\">\n      <img loading=\"lazy\" decoding=\"async\" width=\"300\" height=\"256\" src=\"https:\/\/www.h-its.org\/de\/wp-content\/uploads\/sites\/2\/2021\/06\/Deep_Curate_Image-300x256.png\" class=\"attachment-medium size-medium wp-post-image\" alt=\"\" 0=\"project-preview--post-thumbnail\" srcset=\"https:\/\/www.h-its.org\/de\/wp-content\/uploads\/sites\/2\/2021\/06\/Deep_Curate_Image-300x256.png 300w, https:\/\/www.h-its.org\/de\/wp-content\/uploads\/sites\/2\/2021\/06\/Deep_Curate_Image-768x654.png 768w, https:\/\/www.h-its.org\/de\/wp-content\/uploads\/sites\/2\/2021\/06\/Deep_Curate_Image-640x545.png 640w, https:\/\/www.h-its.org\/de\/wp-content\/uploads\/sites\/2\/2021\/06\/Deep_Curate_Image-1x1.png 1w, https:\/\/www.h-its.org\/de\/wp-content\/uploads\/sites\/2\/2021\/06\/Deep_Curate_Image-420x358.png 420w, https:\/\/www.h-its.org\/de\/wp-content\/uploads\/sites\/2\/2021\/06\/Deep_Curate_Image-610x520.png 610w, https:\/\/www.h-its.org\/de\/wp-content\/uploads\/sites\/2\/2021\/06\/Deep_Curate_Image.png 939w\" sizes=\"auto, (max-width: 639px) 98vw, (max-width: 1199px) 64vw, 300px\" \/>    <\/div>\n    <div class=\"project-preview--content\">\n    <p class=\"font-m font-normal font-primary\">DeepCurate<\/p>\n    <div class=\"meta\">\n      <div class=\"date\">28.06.2021<\/div>\n    <\/div>\n    <p>DeepCurate is a project using machine learning to transfer life science research results from the specialist literature into a structured, machine-readable &#8230;<\/p>\n    <a href=\"https:\/\/www.h-its.org\/de\/projects\/deepcurate\/\">Mehr erfahren<\/a>\n  <\/div>\n<\/div>\n                  \n<div class=\"project-preview\">\n      <div class=\"image\">\n      <img loading=\"lazy\" decoding=\"async\" width=\"300\" height=\"200\" src=\"https:\/\/www.h-its.org\/de\/wp-content\/uploads\/sites\/2\/2021\/06\/Quality_DSC00007-300x200.jpg\" class=\"attachment-medium size-medium wp-post-image\" alt=\"\" 0=\"project-preview--post-thumbnail\" srcset=\"https:\/\/www.h-its.org\/de\/wp-content\/uploads\/sites\/2\/2021\/06\/Quality_DSC00007-300x200.jpg 300w, https:\/\/www.h-its.org\/de\/wp-content\/uploads\/sites\/2\/2021\/06\/Quality_DSC00007-1024x682.jpg 1024w, https:\/\/www.h-its.org\/de\/wp-content\/uploads\/sites\/2\/2021\/06\/Quality_DSC00007-768x512.jpg 768w, https:\/\/www.h-its.org\/de\/wp-content\/uploads\/sites\/2\/2021\/06\/Quality_DSC00007-1536x1024.jpg 1536w, https:\/\/www.h-its.org\/de\/wp-content\/uploads\/sites\/2\/2021\/06\/Quality_DSC00007-2048x1365.jpg 2048w, https:\/\/www.h-its.org\/de\/wp-content\/uploads\/sites\/2\/2021\/06\/Quality_DSC00007-640x426.jpg 640w, https:\/\/www.h-its.org\/de\/wp-content\/uploads\/sites\/2\/2021\/06\/Quality_DSC00007-1200x800.jpg 1200w, https:\/\/www.h-its.org\/de\/wp-content\/uploads\/sites\/2\/2021\/06\/Quality_DSC00007-1920x1279.jpg 1920w, https:\/\/www.h-its.org\/de\/wp-content\/uploads\/sites\/2\/2021\/06\/Quality_DSC00007-2x1.jpg 2w, https:\/\/www.h-its.org\/de\/wp-content\/uploads\/sites\/2\/2021\/06\/Quality_DSC00007-420x280.jpg 420w, https:\/\/www.h-its.org\/de\/wp-content\/uploads\/sites\/2\/2021\/06\/Quality_DSC00007-610x407.jpg 610w\" sizes=\"auto, (max-width: 639px) 98vw, (max-width: 1199px) 64vw, 300px\" \/>    <\/div>\n    <div class=\"project-preview--content\">\n    <p class=\"font-m font-normal font-primary\">Beeinflusst der Schreibstil die Wirkung wissenschaftlicher Texte?<\/p>\n    <div class=\"meta\">\n      <div class=\"date\">28.06.2021<\/div>\n    <\/div>\n    <p>Die Bedeutung und Qualit\u00e4t neuer Forschungsergebnisse in einem wissenschaftlichen Artikel wird oft dadurch gemessen, wie h\u00e4ufig dieser Artikel zitiert &#8230;<\/p>\n    <a href=\"https:\/\/www.h-its.org\/de\/projects\/schreibstil-wissenschaftliche-texte\/\">Mehr erfahren<\/a>\n  <\/div>\n<\/div>\n        \n      <\/div>\n\n    <\/div>\n","protected":false},"excerpt":{"rendered":"<p>Vergangene Projekte<\/p>\n","protected":false},"author":107,"featured_media":43668,"parent":43646,"menu_order":2,"comment_status":"closed","ping_status":"closed","template":"page-templates\/group.php","meta":{"_acf_changed":false,"inline_featured_image":false,"footnotes":""},"hits-research-group":[1418],"class_list":["post-43648","page","type-page","status-publish","has-post-thumbnail","hentry","hits-research-group-hits-lab"],"acf":[],"yoast_head":"<!-- This site is optimized with the Yoast SEO plugin v27.4 - https:\/\/yoast.com\/product\/yoast-seo-wordpress\/ -->\n<title>Projekte - HITS gGmbH<\/title>\n<meta name=\"robots\" content=\"index, follow, max-snippet:-1, max-image-preview:large, max-video-preview:-1\" \/>\n<link rel=\"canonical\" href=\"https:\/\/www.h-its.org\/de\/forschung\/hits-lab\/projects\/\" \/>\n<meta property=\"og:locale\" content=\"de_DE\" \/>\n<meta property=\"og:type\" content=\"article\" \/>\n<meta property=\"og:title\" content=\"Projekte - HITS gGmbH\" \/>\n<meta property=\"og:description\" content=\"Vergangene Projekte\" \/>\n<meta property=\"og:url\" content=\"https:\/\/www.h-its.org\/de\/forschung\/hits-lab\/projects\/\" \/>\n<meta property=\"og:site_name\" content=\"HITS gGmbH\" \/>\n<meta property=\"article:modified_time\" content=\"2021-01-29T08:24:03+00:00\" \/>\n<meta property=\"og:image\" content=\"https:\/\/www.h-its.org\/de\/wp-content\/uploads\/sites\/2\/2020\/12\/HITS-Lab.jpg\" \/>\n\t<meta property=\"og:image:width\" content=\"1340\" \/>\n\t<meta property=\"og:image:height\" content=\"1340\" \/>\n\t<meta property=\"og:image:type\" content=\"image\/jpeg\" \/>\n<meta name=\"twitter:card\" content=\"summary_large_image\" \/>\n<script type=\"application\/ld+json\" class=\"yoast-schema-graph\">{\"@context\":\"https:\\\/\\\/schema.org\",\"@graph\":[{\"@type\":\"WebPage\",\"@id\":\"https:\\\/\\\/www.h-its.org\\\/de\\\/forschung\\\/hits-lab\\\/projects\\\/\",\"url\":\"https:\\\/\\\/www.h-its.org\\\/de\\\/forschung\\\/hits-lab\\\/projects\\\/\",\"name\":\"Projekte - HITS gGmbH\",\"isPartOf\":{\"@id\":\"https:\\\/\\\/www.h-its.org\\\/de\\\/#website\"},\"primaryImageOfPage\":{\"@id\":\"https:\\\/\\\/www.h-its.org\\\/de\\\/forschung\\\/hits-lab\\\/projects\\\/#primaryimage\"},\"image\":{\"@id\":\"https:\\\/\\\/www.h-its.org\\\/de\\\/forschung\\\/hits-lab\\\/projects\\\/#primaryimage\"},\"thumbnailUrl\":\"https:\\\/\\\/www.h-its.org\\\/de\\\/wp-content\\\/uploads\\\/sites\\\/2\\\/2020\\\/12\\\/HITS-Lab.jpg\",\"datePublished\":\"2020-12-18T11:52:07+00:00\",\"dateModified\":\"2021-01-29T08:24:03+00:00\",\"breadcrumb\":{\"@id\":\"https:\\\/\\\/www.h-its.org\\\/de\\\/forschung\\\/hits-lab\\\/projects\\\/#breadcrumb\"},\"inLanguage\":\"de\",\"potentialAction\":[{\"@type\":\"ReadAction\",\"target\":[\"https:\\\/\\\/www.h-its.org\\\/de\\\/forschung\\\/hits-lab\\\/projects\\\/\"]}]},{\"@type\":\"ImageObject\",\"inLanguage\":\"de\",\"@id\":\"https:\\\/\\\/www.h-its.org\\\/de\\\/forschung\\\/hits-lab\\\/projects\\\/#primaryimage\",\"url\":\"https:\\\/\\\/www.h-its.org\\\/de\\\/wp-content\\\/uploads\\\/sites\\\/2\\\/2020\\\/12\\\/HITS-Lab.jpg\",\"contentUrl\":\"https:\\\/\\\/www.h-its.org\\\/de\\\/wp-content\\\/uploads\\\/sites\\\/2\\\/2020\\\/12\\\/HITS-Lab.jpg\",\"width\":1340,\"height\":1340},{\"@type\":\"BreadcrumbList\",\"@id\":\"https:\\\/\\\/www.h-its.org\\\/de\\\/forschung\\\/hits-lab\\\/projects\\\/#breadcrumb\",\"itemListElement\":[{\"@type\":\"ListItem\",\"position\":1,\"name\":\"Home\",\"item\":\"https:\\\/\\\/www.h-its.org\\\/de\\\/\"},{\"@type\":\"ListItem\",\"position\":2,\"name\":\"Forschung am HITS\",\"item\":\"https:\\\/\\\/www.h-its.org\\\/de\\\/forschung\\\/\"},{\"@type\":\"ListItem\",\"position\":3,\"name\":\"HITS Lab\",\"item\":\"https:\\\/\\\/www.h-its.org\\\/de\\\/forschung\\\/hits-lab\\\/\"},{\"@type\":\"ListItem\",\"position\":4,\"name\":\"Projekte\"}]},{\"@type\":\"WebSite\",\"@id\":\"https:\\\/\\\/www.h-its.org\\\/de\\\/#website\",\"url\":\"https:\\\/\\\/www.h-its.org\\\/de\\\/\",\"name\":\"HITS gGmbH\",\"description\":\"Heidelberg Institute for Theoretical Studies\",\"potentialAction\":[{\"@type\":\"SearchAction\",\"target\":{\"@type\":\"EntryPoint\",\"urlTemplate\":\"https:\\\/\\\/www.h-its.org\\\/de\\\/?s={search_term_string}\"},\"query-input\":{\"@type\":\"PropertyValueSpecification\",\"valueRequired\":true,\"valueName\":\"search_term_string\"}}],\"inLanguage\":\"de\"}]}<\/script>\n<!-- \/ Yoast SEO plugin. -->","yoast_head_json":{"title":"Projekte - HITS gGmbH","robots":{"index":"index","follow":"follow","max-snippet":"max-snippet:-1","max-image-preview":"max-image-preview:large","max-video-preview":"max-video-preview:-1"},"canonical":"https:\/\/www.h-its.org\/de\/forschung\/hits-lab\/projects\/","og_locale":"de_DE","og_type":"article","og_title":"Projekte - HITS gGmbH","og_description":"Vergangene Projekte","og_url":"https:\/\/www.h-its.org\/de\/forschung\/hits-lab\/projects\/","og_site_name":"HITS gGmbH","article_modified_time":"2021-01-29T08:24:03+00:00","og_image":[{"width":1340,"height":1340,"url":"https:\/\/www.h-its.org\/de\/wp-content\/uploads\/sites\/2\/2020\/12\/HITS-Lab.jpg","type":"image\/jpeg"}],"twitter_card":"summary_large_image","schema":{"@context":"https:\/\/schema.org","@graph":[{"@type":"WebPage","@id":"https:\/\/www.h-its.org\/de\/forschung\/hits-lab\/projects\/","url":"https:\/\/www.h-its.org\/de\/forschung\/hits-lab\/projects\/","name":"Projekte - HITS gGmbH","isPartOf":{"@id":"https:\/\/www.h-its.org\/de\/#website"},"primaryImageOfPage":{"@id":"https:\/\/www.h-its.org\/de\/forschung\/hits-lab\/projects\/#primaryimage"},"image":{"@id":"https:\/\/www.h-its.org\/de\/forschung\/hits-lab\/projects\/#primaryimage"},"thumbnailUrl":"https:\/\/www.h-its.org\/de\/wp-content\/uploads\/sites\/2\/2020\/12\/HITS-Lab.jpg","datePublished":"2020-12-18T11:52:07+00:00","dateModified":"2021-01-29T08:24:03+00:00","breadcrumb":{"@id":"https:\/\/www.h-its.org\/de\/forschung\/hits-lab\/projects\/#breadcrumb"},"inLanguage":"de","potentialAction":[{"@type":"ReadAction","target":["https:\/\/www.h-its.org\/de\/forschung\/hits-lab\/projects\/"]}]},{"@type":"ImageObject","inLanguage":"de","@id":"https:\/\/www.h-its.org\/de\/forschung\/hits-lab\/projects\/#primaryimage","url":"https:\/\/www.h-its.org\/de\/wp-content\/uploads\/sites\/2\/2020\/12\/HITS-Lab.jpg","contentUrl":"https:\/\/www.h-its.org\/de\/wp-content\/uploads\/sites\/2\/2020\/12\/HITS-Lab.jpg","width":1340,"height":1340},{"@type":"BreadcrumbList","@id":"https:\/\/www.h-its.org\/de\/forschung\/hits-lab\/projects\/#breadcrumb","itemListElement":[{"@type":"ListItem","position":1,"name":"Home","item":"https:\/\/www.h-its.org\/de\/"},{"@type":"ListItem","position":2,"name":"Forschung am HITS","item":"https:\/\/www.h-its.org\/de\/forschung\/"},{"@type":"ListItem","position":3,"name":"HITS Lab","item":"https:\/\/www.h-its.org\/de\/forschung\/hits-lab\/"},{"@type":"ListItem","position":4,"name":"Projekte"}]},{"@type":"WebSite","@id":"https:\/\/www.h-its.org\/de\/#website","url":"https:\/\/www.h-its.org\/de\/","name":"HITS gGmbH","description":"Heidelberg Institute for Theoretical Studies","potentialAction":[{"@type":"SearchAction","target":{"@type":"EntryPoint","urlTemplate":"https:\/\/www.h-its.org\/de\/?s={search_term_string}"},"query-input":{"@type":"PropertyValueSpecification","valueRequired":true,"valueName":"search_term_string"}}],"inLanguage":"de"}]}},"publishpress_future_action":{"enabled":false,"date":"2026-05-07 05:44:46","action":"change-status","newStatus":"draft","terms":[],"taxonomy":"hits-research-group","extraData":[]},"publishpress_future_workflow_manual_trigger":{"enabledWorkflows":[]},"_links":{"self":[{"href":"https:\/\/www.h-its.org\/de\/wp-json\/wp\/v2\/pages\/43648","targetHints":{"allow":["GET"]}}],"collection":[{"href":"https:\/\/www.h-its.org\/de\/wp-json\/wp\/v2\/pages"}],"about":[{"href":"https:\/\/www.h-its.org\/de\/wp-json\/wp\/v2\/types\/page"}],"author":[{"embeddable":true,"href":"https:\/\/www.h-its.org\/de\/wp-json\/wp\/v2\/users\/107"}],"replies":[{"embeddable":true,"href":"https:\/\/www.h-its.org\/de\/wp-json\/wp\/v2\/comments?post=43648"}],"version-history":[{"count":8,"href":"https:\/\/www.h-its.org\/de\/wp-json\/wp\/v2\/pages\/43648\/revisions"}],"predecessor-version":[{"id":50057,"href":"https:\/\/www.h-its.org\/de\/wp-json\/wp\/v2\/pages\/43648\/revisions\/50057"}],"up":[{"embeddable":true,"href":"https:\/\/www.h-its.org\/de\/wp-json\/wp\/v2\/pages\/43646"}],"wp:featuredmedia":[{"embeddable":true,"href":"https:\/\/www.h-its.org\/de\/wp-json\/wp\/v2\/media\/43668"}],"wp:attachment":[{"href":"https:\/\/www.h-its.org\/de\/wp-json\/wp\/v2\/media?parent=43648"}],"wp:term":[{"taxonomy":"hits-research-group","embeddable":true,"href":"https:\/\/www.h-its.org\/de\/wp-json\/wp\/v2\/hits-research-group?post=43648"}],"curies":[{"name":"wp","href":"https:\/\/api.w.org\/{rel}","templated":true}]}}