{"id":43730,"date":"2021-01-14T12:00:38","date_gmt":"2021-01-14T11:00:38","guid":{"rendered":"https:\/\/www.h-its.org\/de\/?page_id=43730"},"modified":"2021-02-24T15:23:24","modified_gmt":"2021-02-24T14:23:24","slug":"jobs-set","status":"publish","type":"page","link":"https:\/\/www.h-its.org\/de\/forschung\/set\/jobs-set\/","title":{"rendered":"Jobs"},"content":{"rendered":"\n<p>Lust auf Forschung in der SET-Gruppe? Gruppenleiter Fabian Schneider steht jederzeit f\u00fcr R\u00fcckfragen bzgl. einer m\u00f6glichen Zusammenarbeit zur Verf\u00fcgung. Interessierte Bachelor und Master Student*innen sind eingeladen, sich bei uns zu melden, um ihre Arbeit in unserer Gruppe zu schreiben. F\u00fcr Doktorand*innen und PostDocs bestehen verschiedene F\u00f6rderm\u00f6glichkeiten (siehe unten).<\/p>\n\n\n\n  <div class=\"hits-blocks hits-events-block\">\n\n      \n      <div class=\"people-block-grid \">\n        <h2>There are currently no vacancies.<\/h2>      <\/div>\n    <\/div>\n\n\n\n<div style=\"height:52px\" aria-hidden=\"true\" class=\"wp-block-spacer\"><\/div>\n\n\n\n<p>Externe F\u00f6rderm\u00f6glichkeiten:<\/p>\n\n\n\n<ul class=\"wp-block-list\"><li><a href=\"https:\/\/www.humboldt-foundation.de\/bewerben\/foerderprogramme\/humboldt-forschungsstipendium\">Humboldt-Forschungsstipendium<\/a><\/li><li><a href=\"https:\/\/ec.europa.eu\/research\/mariecurieactions\/actions\/individual-fellowships_en\">Marie Sk\u0142odowska-Curie Fellowship<\/a><\/li><li><a href=\"https:\/\/www.dfg.de\/foerderung\/programme\/einzelfoerderung\/forschungsstipendien\/index.html\">DFG Forschungsstipendien<\/a><\/li><li><a href=\"https:\/\/www.dfg.de\/foerderung\/programme\/einzelfoerderung\/walter_benjamin\/index.html\">DFG Walter Benjamin Programm f\u00fcr Wissenschaftler*innen in der Qualifizierungsphase im Anschluss an die Promotion<\/a><\/li><li><a href=\"https:\/\/www.leopoldina.org\/foerderung\/leopoldina-foerderprogramm\/leopoldina-postdoc-stipendium\/\">Leopoldina-Postdoc-Stipendium f\u00fcr Doktorand*innen aus \u00d6sterreich und der Schweiz<\/a><\/li><li><a href=\"https:\/\/www2.daad.de\/deutschland\/stipendium\/datenbank\/de\/21148-stipendiendatenbank\/\">DAAD Forschungsstipendien <\/a>(siehe auch <a href=\"https:\/\/www.graduateacademy.uni-heidelberg.de\/foerderung\/promotionsstipendien.html\">\u201cGraduiertenakademie\u201d der Universit\u00e4t Heidelberg)<\/a><\/li><li><a href=\"https:\/\/www.studienstiftung.de\/infos-fuer-promovierende\/promotionsfoerderung-der-studienstiftung\/\">Promotionsstipendien der Studienstiftung des deutschen Volkes<\/a><\/li><li>Ausl\u00e4ndische Bewerber*innen k\u00f6nnen sich au\u00dferdem \u00fcber F\u00f6rderungsm\u00f6glichkeiten in ihren jeweiligen L\u00e4ndern informieren.<\/li><\/ul>\n","protected":false},"excerpt":{"rendered":"<p>Lust auf Forschung in der SET-Gruppe? Gruppenleiter Fabian Schneider steht jederzeit f\u00fcr R\u00fcckfragen bzgl. einer m\u00f6glichen Zusammenarbeit zur &#8230;<\/p>\n","protected":false},"author":6,"featured_media":43505,"parent":43493,"menu_order":6,"comment_status":"closed","ping_status":"closed","template":"page-templates\/group.php","meta":{"_acf_changed":false,"inline_featured_image":false,"footnotes":""},"hits-research-group":[1417],"class_list":["post-43730","page","type-page","status-publish","has-post-thumbnail","hentry","hits-research-group-stellar-evolution-theory"],"acf":[],"yoast_head":"<!-- This site is optimized with the Yoast SEO plugin v27.2 - https:\/\/yoast.com\/product\/yoast-seo-wordpress\/ -->\n<title>Jobs - HITS gGmbH<\/title>\n<meta name=\"robots\" content=\"index, follow, max-snippet:-1, max-image-preview:large, max-video-preview:-1\" \/>\n<link rel=\"canonical\" href=\"https:\/\/www.h-its.org\/de\/forschung\/set\/jobs-set\/\" \/>\n<meta property=\"og:locale\" content=\"de_DE\" \/>\n<meta property=\"og:type\" content=\"article\" \/>\n<meta property=\"og:title\" content=\"Jobs - HITS gGmbH\" \/>\n<meta property=\"og:description\" content=\"Lust auf Forschung in der SET-Gruppe? Gruppenleiter Fabian Schneider steht jederzeit f\u00fcr R\u00fcckfragen bzgl. einer m\u00f6glichen Zusammenarbeit zur ...\" \/>\n<meta property=\"og:url\" content=\"https:\/\/www.h-its.org\/de\/forschung\/set\/jobs-set\/\" \/>\n<meta property=\"og:site_name\" content=\"HITS gGmbH\" \/>\n<meta property=\"article:modified_time\" content=\"2021-02-24T14:23:24+00:00\" \/>\n<meta property=\"og:image\" content=\"https:\/\/www.h-its.org\/de\/wp-content\/uploads\/sites\/2\/2020\/12\/set-uebersicht.jpg\" \/>\n\t<meta property=\"og:image:width\" content=\"1340\" \/>\n\t<meta property=\"og:image:height\" content=\"1340\" \/>\n\t<meta property=\"og:image:type\" content=\"image\/jpeg\" \/>\n<meta name=\"twitter:card\" content=\"summary_large_image\" \/>\n<meta name=\"twitter:label1\" content=\"Gesch\u00e4tzte Lesezeit\" \/>\n\t<meta name=\"twitter:data1\" content=\"1\u00a0Minute\" \/>\n<script type=\"application\/ld+json\" class=\"yoast-schema-graph\">{\"@context\":\"https:\/\/schema.org\",\"@graph\":[{\"@type\":\"WebPage\",\"@id\":\"https:\/\/www.h-its.org\/de\/forschung\/set\/jobs-set\/\",\"url\":\"https:\/\/www.h-its.org\/de\/forschung\/set\/jobs-set\/\",\"name\":\"Jobs - HITS gGmbH\",\"isPartOf\":{\"@id\":\"https:\/\/www.h-its.org\/de\/#website\"},\"primaryImageOfPage\":{\"@id\":\"https:\/\/www.h-its.org\/de\/forschung\/set\/jobs-set\/#primaryimage\"},\"image\":{\"@id\":\"https:\/\/www.h-its.org\/de\/forschung\/set\/jobs-set\/#primaryimage\"},\"thumbnailUrl\":\"https:\/\/www.h-its.org\/de\/wp-content\/uploads\/sites\/2\/2020\/12\/set-uebersicht.jpg\",\"datePublished\":\"2021-01-14T11:00:38+00:00\",\"dateModified\":\"2021-02-24T14:23:24+00:00\",\"breadcrumb\":{\"@id\":\"https:\/\/www.h-its.org\/de\/forschung\/set\/jobs-set\/#breadcrumb\"},\"inLanguage\":\"de\",\"potentialAction\":[{\"@type\":\"ReadAction\",\"target\":[\"https:\/\/www.h-its.org\/de\/forschung\/set\/jobs-set\/\"]}]},{\"@type\":\"ImageObject\",\"inLanguage\":\"de\",\"@id\":\"https:\/\/www.h-its.org\/de\/forschung\/set\/jobs-set\/#primaryimage\",\"url\":\"https:\/\/www.h-its.org\/de\/wp-content\/uploads\/sites\/2\/2020\/12\/set-uebersicht.jpg\",\"contentUrl\":\"https:\/\/www.h-its.org\/de\/wp-content\/uploads\/sites\/2\/2020\/12\/set-uebersicht.jpg\",\"width\":1340,\"height\":1340},{\"@type\":\"BreadcrumbList\",\"@id\":\"https:\/\/www.h-its.org\/de\/forschung\/set\/jobs-set\/#breadcrumb\",\"itemListElement\":[{\"@type\":\"ListItem\",\"position\":1,\"name\":\"Home\",\"item\":\"https:\/\/www.h-its.org\/de\/\"},{\"@type\":\"ListItem\",\"position\":2,\"name\":\"Forschung am HITS\",\"item\":\"https:\/\/www.h-its.org\/de\/forschung\/\"},{\"@type\":\"ListItem\",\"position\":3,\"name\":\"Stellar Evolution Theory (SET)\",\"item\":\"https:\/\/www.h-its.org\/de\/forschung\/set\/\"},{\"@type\":\"ListItem\",\"position\":4,\"name\":\"Jobs\"}]},{\"@type\":\"WebSite\",\"@id\":\"https:\/\/www.h-its.org\/de\/#website\",\"url\":\"https:\/\/www.h-its.org\/de\/\",\"name\":\"HITS gGmbH\",\"description\":\"Heidelberg Institute for Theoretical Studies\",\"potentialAction\":[{\"@type\":\"SearchAction\",\"target\":{\"@type\":\"EntryPoint\",\"urlTemplate\":\"https:\/\/www.h-its.org\/de\/?s={search_term_string}\"},\"query-input\":{\"@type\":\"PropertyValueSpecification\",\"valueRequired\":true,\"valueName\":\"search_term_string\"}}],\"inLanguage\":\"de\"}]}<\/script>\n<!-- \/ Yoast SEO plugin. -->","yoast_head_json":{"title":"Jobs - HITS gGmbH","robots":{"index":"index","follow":"follow","max-snippet":"max-snippet:-1","max-image-preview":"max-image-preview:large","max-video-preview":"max-video-preview:-1"},"canonical":"https:\/\/www.h-its.org\/de\/forschung\/set\/jobs-set\/","og_locale":"de_DE","og_type":"article","og_title":"Jobs - HITS gGmbH","og_description":"Lust auf Forschung in der SET-Gruppe? Gruppenleiter Fabian Schneider steht jederzeit f\u00fcr R\u00fcckfragen bzgl. einer m\u00f6glichen Zusammenarbeit zur ...","og_url":"https:\/\/www.h-its.org\/de\/forschung\/set\/jobs-set\/","og_site_name":"HITS gGmbH","article_modified_time":"2021-02-24T14:23:24+00:00","og_image":[{"width":1340,"height":1340,"url":"https:\/\/www.h-its.org\/de\/wp-content\/uploads\/sites\/2\/2020\/12\/set-uebersicht.jpg","type":"image\/jpeg"}],"twitter_card":"summary_large_image","twitter_misc":{"Gesch\u00e4tzte Lesezeit":"1\u00a0Minute"},"schema":{"@context":"https:\/\/schema.org","@graph":[{"@type":"WebPage","@id":"https:\/\/www.h-its.org\/de\/forschung\/set\/jobs-set\/","url":"https:\/\/www.h-its.org\/de\/forschung\/set\/jobs-set\/","name":"Jobs - HITS gGmbH","isPartOf":{"@id":"https:\/\/www.h-its.org\/de\/#website"},"primaryImageOfPage":{"@id":"https:\/\/www.h-its.org\/de\/forschung\/set\/jobs-set\/#primaryimage"},"image":{"@id":"https:\/\/www.h-its.org\/de\/forschung\/set\/jobs-set\/#primaryimage"},"thumbnailUrl":"https:\/\/www.h-its.org\/de\/wp-content\/uploads\/sites\/2\/2020\/12\/set-uebersicht.jpg","datePublished":"2021-01-14T11:00:38+00:00","dateModified":"2021-02-24T14:23:24+00:00","breadcrumb":{"@id":"https:\/\/www.h-its.org\/de\/forschung\/set\/jobs-set\/#breadcrumb"},"inLanguage":"de","potentialAction":[{"@type":"ReadAction","target":["https:\/\/www.h-its.org\/de\/forschung\/set\/jobs-set\/"]}]},{"@type":"ImageObject","inLanguage":"de","@id":"https:\/\/www.h-its.org\/de\/forschung\/set\/jobs-set\/#primaryimage","url":"https:\/\/www.h-its.org\/de\/wp-content\/uploads\/sites\/2\/2020\/12\/set-uebersicht.jpg","contentUrl":"https:\/\/www.h-its.org\/de\/wp-content\/uploads\/sites\/2\/2020\/12\/set-uebersicht.jpg","width":1340,"height":1340},{"@type":"BreadcrumbList","@id":"https:\/\/www.h-its.org\/de\/forschung\/set\/jobs-set\/#breadcrumb","itemListElement":[{"@type":"ListItem","position":1,"name":"Home","item":"https:\/\/www.h-its.org\/de\/"},{"@type":"ListItem","position":2,"name":"Forschung am HITS","item":"https:\/\/www.h-its.org\/de\/forschung\/"},{"@type":"ListItem","position":3,"name":"Stellar Evolution Theory (SET)","item":"https:\/\/www.h-its.org\/de\/forschung\/set\/"},{"@type":"ListItem","position":4,"name":"Jobs"}]},{"@type":"WebSite","@id":"https:\/\/www.h-its.org\/de\/#website","url":"https:\/\/www.h-its.org\/de\/","name":"HITS gGmbH","description":"Heidelberg Institute for Theoretical Studies","potentialAction":[{"@type":"SearchAction","target":{"@type":"EntryPoint","urlTemplate":"https:\/\/www.h-its.org\/de\/?s={search_term_string}"},"query-input":{"@type":"PropertyValueSpecification","valueRequired":true,"valueName":"search_term_string"}}],"inLanguage":"de"}]}},"publishpress_future_action":{"enabled":false,"date":"2026-04-14 02:26:28","action":"change-status","newStatus":"draft","terms":[],"taxonomy":"hits-research-group","extraData":[]},"publishpress_future_workflow_manual_trigger":{"enabledWorkflows":[]},"_links":{"self":[{"href":"https:\/\/www.h-its.org\/de\/wp-json\/wp\/v2\/pages\/43730","targetHints":{"allow":["GET"]}}],"collection":[{"href":"https:\/\/www.h-its.org\/de\/wp-json\/wp\/v2\/pages"}],"about":[{"href":"https:\/\/www.h-its.org\/de\/wp-json\/wp\/v2\/types\/page"}],"author":[{"embeddable":true,"href":"https:\/\/www.h-its.org\/de\/wp-json\/wp\/v2\/users\/6"}],"replies":[{"embeddable":true,"href":"https:\/\/www.h-its.org\/de\/wp-json\/wp\/v2\/comments?post=43730"}],"version-history":[{"count":5,"href":"https:\/\/www.h-its.org\/de\/wp-json\/wp\/v2\/pages\/43730\/revisions"}],"predecessor-version":[{"id":49792,"href":"https:\/\/www.h-its.org\/de\/wp-json\/wp\/v2\/pages\/43730\/revisions\/49792"}],"up":[{"embeddable":true,"href":"https:\/\/www.h-its.org\/de\/wp-json\/wp\/v2\/pages\/43493"}],"wp:featuredmedia":[{"embeddable":true,"href":"https:\/\/www.h-its.org\/de\/wp-json\/wp\/v2\/media\/43505"}],"wp:attachment":[{"href":"https:\/\/www.h-its.org\/de\/wp-json\/wp\/v2\/media?parent=43730"}],"wp:term":[{"taxonomy":"hits-research-group","embeddable":true,"href":"https:\/\/www.h-its.org\/de\/wp-json\/wp\/v2\/hits-research-group?post=43730"}],"curies":[{"name":"wp","href":"https:\/\/api.w.org\/{rel}","templated":true}]}}