{"id":44435,"date":"2021-09-15T13:08:29","date_gmt":"2021-09-15T11:08:29","guid":{"rendered":"https:\/\/www.h-its.org\/de\/?page_id=44435"},"modified":"2025-06-16T09:18:56","modified_gmt":"2025-06-16T07:18:56","slug":"independent-postdoc-programm","status":"publish","type":"page","link":"https:\/\/www.h-its.org\/de\/forschung\/independent-postdoc-programm\/","title":{"rendered":"HITS Independent Postdoc Programm"},"content":{"rendered":"\n<p>Das HITS Independent Postdoc Programm bietet Doktorandinnen und Doktoranden eine gro\u00dfartige Chance beim \u00dcbergang zum Nachwuchsgruppenleiter bzw. zur Nachwuchsgruppenleiterin. Es unterst\u00fctzt junge Wissenschaftler*innen dabei, eigene ambitionierte Ideen zu erforschen und neue Hypothesen zu testen. Projekte mit hohem Risiko und hohem Gewinn sind willkommen. Die ausgew\u00e4hlten Postdocs arbeiten mit Gruppenleiterinnen und Gruppenleitern am HITS zusammen, w\u00e4hrend sie ihre unabh\u00e4ngigen Forschungsprojekte entwickeln und verfolgen.<\/p>\n\n\n\n<p>Angebot:<\/p>\n\n\n\n<p>Das Programm bietet einen Anstellungsvertrag f\u00fcr 2 Jahre, mit der Option auf eine einj\u00e4hrige Verl\u00e4ngerung nach positiver Evaluation. Wir bieten eine lebendige Forschungsgemeinschaft und ein stark interdisziplin\u00e4res und internationales Arbeitsumfeld mit engen Verbindungen zur Universit\u00e4t Heidelberg und dem Karlsruher Institut f\u00fcr Technologie (KIT). Dar\u00fcber hinaus profitieren erfolgreiche Kandidat*innen von den herausragenden IT-Ressourcen und wissenschaftlichen Seminar- und Lehrangeboten am HITS. Es besteht die M\u00f6glichkeit f\u00fcr eine finanzielle Unterst\u00fctzung beim Umzug und bei der Kinderbetreuung.<\/p>\n\n\n\n<p>Teilnahmeberechtigung und Voraussetzungen:<\/p>\n\n\n\n<ul class=\"wp-block-list\">\n<li>Die Kandidatinnen und Kandidaten m\u00fcssen zu Beginn der Anstellung \u00fcber eine Promotion oder einen gleichwertigen akademischen Abschluss verf\u00fcgen.<\/li>\n\n\n\n<li>Bewerber*innen k\u00f6nnen sich bis zu 3 Jahre nach dem Abschluss der Promotion bewerben. Familienunterbrechungen wie Mutterschutz und Elternzeit werden auf diese Grenze nicht angerechnet.<\/li>\n\n\n\n<li>Kandidatinnen und Kandidaten haben, abgesehen von kurzen Besuchen, noch nie am HITS gearbeitet, und ihr Forschungsschwerpunkt beinhaltete keine Zusammenarbeit mit HITS-Gruppenleiter*innen.<\/li>\n<\/ul>\n\n\n\n<p>Die aktuelle Ausschreibung f\u00fcr das Independent Postdoc-Programm ist beendet. <br>Das Programm wird zu einem sp\u00e4teren Zeitpunkt wieder ausgeschrieben.<\/p>\n\n\n\n<p>Bei Fragen wenden Sie sich bitte an: <a href=\"mailto:jobs@h-its.org\">jobs@h-its.org<\/a><\/p>\n","protected":false},"excerpt":{"rendered":"<p>Das HITS Independent Postdoc Programm bietet Doktorandinnen und Doktoranden eine gro\u00dfartige Chance beim \u00dcbergang zum Nachwuchsgruppenleiter bzw. zur Nachwuchsgruppenleiterin. Es &#8230;<\/p>\n","protected":false},"author":6,"featured_media":40605,"parent":4,"menu_order":3,"comment_status":"closed","ping_status":"closed","template":"page-templates\/group.php","meta":{"_acf_changed":false,"inline_featured_image":false,"footnotes":""},"hits-research-group":[1427],"class_list":["post-44435","page","type-page","status-publish","has-post-thumbnail","hentry","hits-research-group-hits-independent-postdoc-program"],"acf":[],"yoast_head":"<!-- This site is optimized with the Yoast SEO plugin v27.4 - https:\/\/yoast.com\/product\/yoast-seo-wordpress\/ -->\n<title>HITS Independent Postdoc Programm - HITS gGmbH<\/title>\n<meta name=\"robots\" content=\"index, follow, max-snippet:-1, max-image-preview:large, max-video-preview:-1\" \/>\n<link rel=\"canonical\" href=\"https:\/\/www.h-its.org\/de\/forschung\/independent-postdoc-programm\/\" \/>\n<meta property=\"og:locale\" content=\"de_DE\" \/>\n<meta property=\"og:type\" content=\"article\" \/>\n<meta property=\"og:title\" content=\"HITS Independent Postdoc Programm - HITS gGmbH\" \/>\n<meta property=\"og:description\" content=\"Das HITS Independent Postdoc Programm bietet Doktorandinnen und Doktoranden eine gro\u00dfartige Chance beim \u00dcbergang zum Nachwuchsgruppenleiter bzw. zur Nachwuchsgruppenleiterin. Es ...\" \/>\n<meta property=\"og:url\" content=\"https:\/\/www.h-its.org\/de\/forschung\/independent-postdoc-programm\/\" \/>\n<meta property=\"og:site_name\" content=\"HITS gGmbH\" \/>\n<meta property=\"article:modified_time\" content=\"2025-06-16T07:18:56+00:00\" \/>\n<meta property=\"og:image\" content=\"https:\/\/www.h-its.org\/de\/wp-content\/uploads\/sites\/2\/2019\/12\/Karriere.jpg\" \/>\n\t<meta property=\"og:image:width\" content=\"1340\" \/>\n\t<meta property=\"og:image:height\" content=\"450\" \/>\n\t<meta property=\"og:image:type\" content=\"image\/jpeg\" \/>\n<meta name=\"twitter:card\" content=\"summary_large_image\" \/>\n<meta name=\"twitter:label1\" content=\"Gesch\u00e4tzte Lesezeit\" \/>\n\t<meta name=\"twitter:data1\" content=\"2\u00a0Minuten\" \/>\n<script type=\"application\/ld+json\" class=\"yoast-schema-graph\">{\"@context\":\"https:\\\/\\\/schema.org\",\"@graph\":[{\"@type\":\"WebPage\",\"@id\":\"https:\\\/\\\/www.h-its.org\\\/de\\\/forschung\\\/independent-postdoc-programm\\\/\",\"url\":\"https:\\\/\\\/www.h-its.org\\\/de\\\/forschung\\\/independent-postdoc-programm\\\/\",\"name\":\"HITS Independent Postdoc Programm - HITS gGmbH\",\"isPartOf\":{\"@id\":\"https:\\\/\\\/www.h-its.org\\\/de\\\/#website\"},\"primaryImageOfPage\":{\"@id\":\"https:\\\/\\\/www.h-its.org\\\/de\\\/forschung\\\/independent-postdoc-programm\\\/#primaryimage\"},\"image\":{\"@id\":\"https:\\\/\\\/www.h-its.org\\\/de\\\/forschung\\\/independent-postdoc-programm\\\/#primaryimage\"},\"thumbnailUrl\":\"https:\\\/\\\/www.h-its.org\\\/de\\\/wp-content\\\/uploads\\\/sites\\\/2\\\/2019\\\/12\\\/Karriere.jpg\",\"datePublished\":\"2021-09-15T11:08:29+00:00\",\"dateModified\":\"2025-06-16T07:18:56+00:00\",\"breadcrumb\":{\"@id\":\"https:\\\/\\\/www.h-its.org\\\/de\\\/forschung\\\/independent-postdoc-programm\\\/#breadcrumb\"},\"inLanguage\":\"de\",\"potentialAction\":[{\"@type\":\"ReadAction\",\"target\":[\"https:\\\/\\\/www.h-its.org\\\/de\\\/forschung\\\/independent-postdoc-programm\\\/\"]}]},{\"@type\":\"ImageObject\",\"inLanguage\":\"de\",\"@id\":\"https:\\\/\\\/www.h-its.org\\\/de\\\/forschung\\\/independent-postdoc-programm\\\/#primaryimage\",\"url\":\"https:\\\/\\\/www.h-its.org\\\/de\\\/wp-content\\\/uploads\\\/sites\\\/2\\\/2019\\\/12\\\/Karriere.jpg\",\"contentUrl\":\"https:\\\/\\\/www.h-its.org\\\/de\\\/wp-content\\\/uploads\\\/sites\\\/2\\\/2019\\\/12\\\/Karriere.jpg\",\"width\":1340,\"height\":450},{\"@type\":\"BreadcrumbList\",\"@id\":\"https:\\\/\\\/www.h-its.org\\\/de\\\/forschung\\\/independent-postdoc-programm\\\/#breadcrumb\",\"itemListElement\":[{\"@type\":\"ListItem\",\"position\":1,\"name\":\"Home\",\"item\":\"https:\\\/\\\/www.h-its.org\\\/de\\\/\"},{\"@type\":\"ListItem\",\"position\":2,\"name\":\"Forschung am HITS\",\"item\":\"https:\\\/\\\/www.h-its.org\\\/de\\\/forschung\\\/\"},{\"@type\":\"ListItem\",\"position\":3,\"name\":\"HITS Independent Postdoc Programm\"}]},{\"@type\":\"WebSite\",\"@id\":\"https:\\\/\\\/www.h-its.org\\\/de\\\/#website\",\"url\":\"https:\\\/\\\/www.h-its.org\\\/de\\\/\",\"name\":\"HITS gGmbH\",\"description\":\"Heidelberg Institute for Theoretical Studies\",\"potentialAction\":[{\"@type\":\"SearchAction\",\"target\":{\"@type\":\"EntryPoint\",\"urlTemplate\":\"https:\\\/\\\/www.h-its.org\\\/de\\\/?s={search_term_string}\"},\"query-input\":{\"@type\":\"PropertyValueSpecification\",\"valueRequired\":true,\"valueName\":\"search_term_string\"}}],\"inLanguage\":\"de\"}]}<\/script>\n<!-- \/ Yoast SEO plugin. -->","yoast_head_json":{"title":"HITS Independent Postdoc Programm - HITS gGmbH","robots":{"index":"index","follow":"follow","max-snippet":"max-snippet:-1","max-image-preview":"max-image-preview:large","max-video-preview":"max-video-preview:-1"},"canonical":"https:\/\/www.h-its.org\/de\/forschung\/independent-postdoc-programm\/","og_locale":"de_DE","og_type":"article","og_title":"HITS Independent Postdoc Programm - HITS gGmbH","og_description":"Das HITS Independent Postdoc Programm bietet Doktorandinnen und Doktoranden eine gro\u00dfartige Chance beim \u00dcbergang zum Nachwuchsgruppenleiter bzw. zur Nachwuchsgruppenleiterin. Es ...","og_url":"https:\/\/www.h-its.org\/de\/forschung\/independent-postdoc-programm\/","og_site_name":"HITS gGmbH","article_modified_time":"2025-06-16T07:18:56+00:00","og_image":[{"width":1340,"height":450,"url":"https:\/\/www.h-its.org\/de\/wp-content\/uploads\/sites\/2\/2019\/12\/Karriere.jpg","type":"image\/jpeg"}],"twitter_card":"summary_large_image","twitter_misc":{"Gesch\u00e4tzte Lesezeit":"2\u00a0Minuten"},"schema":{"@context":"https:\/\/schema.org","@graph":[{"@type":"WebPage","@id":"https:\/\/www.h-its.org\/de\/forschung\/independent-postdoc-programm\/","url":"https:\/\/www.h-its.org\/de\/forschung\/independent-postdoc-programm\/","name":"HITS Independent Postdoc Programm - HITS gGmbH","isPartOf":{"@id":"https:\/\/www.h-its.org\/de\/#website"},"primaryImageOfPage":{"@id":"https:\/\/www.h-its.org\/de\/forschung\/independent-postdoc-programm\/#primaryimage"},"image":{"@id":"https:\/\/www.h-its.org\/de\/forschung\/independent-postdoc-programm\/#primaryimage"},"thumbnailUrl":"https:\/\/www.h-its.org\/de\/wp-content\/uploads\/sites\/2\/2019\/12\/Karriere.jpg","datePublished":"2021-09-15T11:08:29+00:00","dateModified":"2025-06-16T07:18:56+00:00","breadcrumb":{"@id":"https:\/\/www.h-its.org\/de\/forschung\/independent-postdoc-programm\/#breadcrumb"},"inLanguage":"de","potentialAction":[{"@type":"ReadAction","target":["https:\/\/www.h-its.org\/de\/forschung\/independent-postdoc-programm\/"]}]},{"@type":"ImageObject","inLanguage":"de","@id":"https:\/\/www.h-its.org\/de\/forschung\/independent-postdoc-programm\/#primaryimage","url":"https:\/\/www.h-its.org\/de\/wp-content\/uploads\/sites\/2\/2019\/12\/Karriere.jpg","contentUrl":"https:\/\/www.h-its.org\/de\/wp-content\/uploads\/sites\/2\/2019\/12\/Karriere.jpg","width":1340,"height":450},{"@type":"BreadcrumbList","@id":"https:\/\/www.h-its.org\/de\/forschung\/independent-postdoc-programm\/#breadcrumb","itemListElement":[{"@type":"ListItem","position":1,"name":"Home","item":"https:\/\/www.h-its.org\/de\/"},{"@type":"ListItem","position":2,"name":"Forschung am HITS","item":"https:\/\/www.h-its.org\/de\/forschung\/"},{"@type":"ListItem","position":3,"name":"HITS Independent Postdoc Programm"}]},{"@type":"WebSite","@id":"https:\/\/www.h-its.org\/de\/#website","url":"https:\/\/www.h-its.org\/de\/","name":"HITS gGmbH","description":"Heidelberg Institute for Theoretical Studies","potentialAction":[{"@type":"SearchAction","target":{"@type":"EntryPoint","urlTemplate":"https:\/\/www.h-its.org\/de\/?s={search_term_string}"},"query-input":{"@type":"PropertyValueSpecification","valueRequired":true,"valueName":"search_term_string"}}],"inLanguage":"de"}]}},"publishpress_future_action":{"enabled":false,"date":"2026-04-22 23:06:17","action":"change-status","newStatus":"draft","terms":[],"taxonomy":"hits-research-group","extraData":[]},"publishpress_future_workflow_manual_trigger":{"enabledWorkflows":[]},"_links":{"self":[{"href":"https:\/\/www.h-its.org\/de\/wp-json\/wp\/v2\/pages\/44435","targetHints":{"allow":["GET"]}}],"collection":[{"href":"https:\/\/www.h-its.org\/de\/wp-json\/wp\/v2\/pages"}],"about":[{"href":"https:\/\/www.h-its.org\/de\/wp-json\/wp\/v2\/types\/page"}],"author":[{"embeddable":true,"href":"https:\/\/www.h-its.org\/de\/wp-json\/wp\/v2\/users\/6"}],"replies":[{"embeddable":true,"href":"https:\/\/www.h-its.org\/de\/wp-json\/wp\/v2\/comments?post=44435"}],"version-history":[{"count":20,"href":"https:\/\/www.h-its.org\/de\/wp-json\/wp\/v2\/pages\/44435\/revisions"}],"predecessor-version":[{"id":49993,"href":"https:\/\/www.h-its.org\/de\/wp-json\/wp\/v2\/pages\/44435\/revisions\/49993"}],"up":[{"embeddable":true,"href":"https:\/\/www.h-its.org\/de\/wp-json\/wp\/v2\/pages\/4"}],"wp:featuredmedia":[{"embeddable":true,"href":"https:\/\/www.h-its.org\/de\/wp-json\/wp\/v2\/media\/40605"}],"wp:attachment":[{"href":"https:\/\/www.h-its.org\/de\/wp-json\/wp\/v2\/media?parent=44435"}],"wp:term":[{"taxonomy":"hits-research-group","embeddable":true,"href":"https:\/\/www.h-its.org\/de\/wp-json\/wp\/v2\/hits-research-group?post=44435"}],"curies":[{"name":"wp","href":"https:\/\/api.w.org\/{rel}","templated":true}]}}