{"id":44438,"date":"2021-09-15T13:20:04","date_gmt":"2021-09-15T11:20:04","guid":{"rendered":"https:\/\/www.h-its.org\/de\/?page_id=44438"},"modified":"2023-06-19T12:52:32","modified_gmt":"2023-06-19T10:52:32","slug":"klaus-tschira-guest-professorship-program","status":"publish","type":"page","link":"https:\/\/www.h-its.org\/de\/forschung\/klaus-tschira-guest-professorship-program\/","title":{"rendered":"Klaus Tschira Gastprofessor\/-innen Programm"},"content":{"rendered":"\n<p>Das Klaus Tschira Gastprofessor\/-innen Programm soll den internationalen Austausch und die wissenschaftliche Zusammenarbeit im Bereich der Naturwissenschaften, Mathematik und Informatik f\u00f6rdern. Dazu laden wir international renommierte Wissenschaftlerinnen und Wissenschaftler zu Sabbaticals oder l\u00e4ngeren Forschungsaufenthalten ein. Eingeladene Gastprofessor\/-innen arbeiten mit Wissenschaftler\/-innen am HITS zusammen und entwickeln gemeinsame Forschungsprojekte. Dar\u00fcber hinaus k\u00f6nnen sie sich in Form von Vortr\u00e4gen, Lehrveranstaltungen und wissenschaftlichen Diskussionen in der wissenschaftlichen Gemeinschaft am HITS und in der Region engagieren. &nbsp;<\/p>\n\n\n\n<p>\u00dcber das Programm:<\/p>\n\n\n\n<p>Wir bieten ein Honorar und einen Arbeitsplatz am HITS. Au\u00dferdem werden Reisekosten \u00fcbernommen. Mit einer Dauer von 3 Wochen bis zu 6 Monaten bietet das Klaus Tschira Gastprofessor\/-innen-Programm viel Flexibilit\u00e4t bei der Gestaltung des Aufenthalts.<\/p>\n\n\n\n<p>Wenn Sie mehr Informationen zum Klaus Tschira Gastprofessor\/-innen Programm w\u00fcnschen, setzen Sie sich gerne mit der Institutssprecherin in Verbindung: <a rel=\"noreferrer noopener\" href=\"mailto:scientific.director@h-its.org\" target=\"_blank\">scientific.director@h-its.org<\/a><\/p>\n","protected":false},"excerpt":{"rendered":"<p>Das Klaus Tschira Gastprofessor\/-innen Programm soll den internationalen Austausch und die wissenschaftliche Zusammenarbeit im Bereich der Naturwissenschaften, Mathematik und Informatik &#8230;<\/p>\n","protected":false},"author":6,"featured_media":40605,"parent":4,"menu_order":4,"comment_status":"closed","ping_status":"closed","template":"page-templates\/group.php","meta":{"_acf_changed":false,"inline_featured_image":false,"footnotes":""},"hits-research-group":[1425],"class_list":["post-44438","page","type-page","status-publish","has-post-thumbnail","hentry","hits-research-group-klaus-tschira-gastprofessor-innenprogramm"],"acf":[],"yoast_head":"<!-- This site is optimized with the Yoast SEO plugin v27.2 - https:\/\/yoast.com\/product\/yoast-seo-wordpress\/ -->\n<title>Klaus Tschira Gastprofessor\/-innen Programm - HITS gGmbH<\/title>\n<meta name=\"robots\" content=\"index, follow, max-snippet:-1, max-image-preview:large, max-video-preview:-1\" \/>\n<link rel=\"canonical\" href=\"https:\/\/www.h-its.org\/de\/forschung\/klaus-tschira-guest-professorship-program\/\" \/>\n<meta property=\"og:locale\" content=\"de_DE\" \/>\n<meta property=\"og:type\" content=\"article\" \/>\n<meta property=\"og:title\" content=\"Klaus Tschira Gastprofessor\/-innen Programm - HITS gGmbH\" \/>\n<meta property=\"og:description\" content=\"Das Klaus Tschira Gastprofessor\/-innen Programm soll den internationalen Austausch und die wissenschaftliche Zusammenarbeit im Bereich der Naturwissenschaften, Mathematik und Informatik ...\" \/>\n<meta property=\"og:url\" content=\"https:\/\/www.h-its.org\/de\/forschung\/klaus-tschira-guest-professorship-program\/\" \/>\n<meta property=\"og:site_name\" content=\"HITS gGmbH\" \/>\n<meta property=\"article:modified_time\" content=\"2023-06-19T10:52:32+00:00\" \/>\n<meta property=\"og:image\" content=\"https:\/\/www.h-its.org\/de\/wp-content\/uploads\/sites\/2\/2019\/12\/Karriere.jpg\" \/>\n\t<meta property=\"og:image:width\" content=\"1340\" \/>\n\t<meta property=\"og:image:height\" content=\"450\" \/>\n\t<meta property=\"og:image:type\" content=\"image\/jpeg\" \/>\n<meta name=\"twitter:card\" content=\"summary_large_image\" \/>\n<meta name=\"twitter:label1\" content=\"Gesch\u00e4tzte Lesezeit\" \/>\n\t<meta name=\"twitter:data1\" content=\"1\u00a0Minute\" \/>\n<script type=\"application\/ld+json\" class=\"yoast-schema-graph\">{\"@context\":\"https:\/\/schema.org\",\"@graph\":[{\"@type\":\"WebPage\",\"@id\":\"https:\/\/www.h-its.org\/de\/forschung\/klaus-tschira-guest-professorship-program\/\",\"url\":\"https:\/\/www.h-its.org\/de\/forschung\/klaus-tschira-guest-professorship-program\/\",\"name\":\"Klaus Tschira Gastprofessor\/-innen Programm - HITS gGmbH\",\"isPartOf\":{\"@id\":\"https:\/\/www.h-its.org\/de\/#website\"},\"primaryImageOfPage\":{\"@id\":\"https:\/\/www.h-its.org\/de\/forschung\/klaus-tschira-guest-professorship-program\/#primaryimage\"},\"image\":{\"@id\":\"https:\/\/www.h-its.org\/de\/forschung\/klaus-tschira-guest-professorship-program\/#primaryimage\"},\"thumbnailUrl\":\"https:\/\/www.h-its.org\/de\/wp-content\/uploads\/sites\/2\/2019\/12\/Karriere.jpg\",\"datePublished\":\"2021-09-15T11:20:04+00:00\",\"dateModified\":\"2023-06-19T10:52:32+00:00\",\"breadcrumb\":{\"@id\":\"https:\/\/www.h-its.org\/de\/forschung\/klaus-tschira-guest-professorship-program\/#breadcrumb\"},\"inLanguage\":\"de\",\"potentialAction\":[{\"@type\":\"ReadAction\",\"target\":[\"https:\/\/www.h-its.org\/de\/forschung\/klaus-tschira-guest-professorship-program\/\"]}]},{\"@type\":\"ImageObject\",\"inLanguage\":\"de\",\"@id\":\"https:\/\/www.h-its.org\/de\/forschung\/klaus-tschira-guest-professorship-program\/#primaryimage\",\"url\":\"https:\/\/www.h-its.org\/de\/wp-content\/uploads\/sites\/2\/2019\/12\/Karriere.jpg\",\"contentUrl\":\"https:\/\/www.h-its.org\/de\/wp-content\/uploads\/sites\/2\/2019\/12\/Karriere.jpg\",\"width\":1340,\"height\":450},{\"@type\":\"BreadcrumbList\",\"@id\":\"https:\/\/www.h-its.org\/de\/forschung\/klaus-tschira-guest-professorship-program\/#breadcrumb\",\"itemListElement\":[{\"@type\":\"ListItem\",\"position\":1,\"name\":\"Home\",\"item\":\"https:\/\/www.h-its.org\/de\/\"},{\"@type\":\"ListItem\",\"position\":2,\"name\":\"Forschung am HITS\",\"item\":\"https:\/\/www.h-its.org\/de\/forschung\/\"},{\"@type\":\"ListItem\",\"position\":3,\"name\":\"Klaus Tschira Gastprofessor\/-innen Programm\"}]},{\"@type\":\"WebSite\",\"@id\":\"https:\/\/www.h-its.org\/de\/#website\",\"url\":\"https:\/\/www.h-its.org\/de\/\",\"name\":\"HITS gGmbH\",\"description\":\"Heidelberg Institute for Theoretical Studies\",\"potentialAction\":[{\"@type\":\"SearchAction\",\"target\":{\"@type\":\"EntryPoint\",\"urlTemplate\":\"https:\/\/www.h-its.org\/de\/?s={search_term_string}\"},\"query-input\":{\"@type\":\"PropertyValueSpecification\",\"valueRequired\":true,\"valueName\":\"search_term_string\"}}],\"inLanguage\":\"de\"}]}<\/script>\n<!-- \/ Yoast SEO plugin. -->","yoast_head_json":{"title":"Klaus Tschira Gastprofessor\/-innen Programm - HITS gGmbH","robots":{"index":"index","follow":"follow","max-snippet":"max-snippet:-1","max-image-preview":"max-image-preview:large","max-video-preview":"max-video-preview:-1"},"canonical":"https:\/\/www.h-its.org\/de\/forschung\/klaus-tschira-guest-professorship-program\/","og_locale":"de_DE","og_type":"article","og_title":"Klaus Tschira Gastprofessor\/-innen Programm - HITS gGmbH","og_description":"Das Klaus Tschira Gastprofessor\/-innen Programm soll den internationalen Austausch und die wissenschaftliche Zusammenarbeit im Bereich der Naturwissenschaften, Mathematik und Informatik ...","og_url":"https:\/\/www.h-its.org\/de\/forschung\/klaus-tschira-guest-professorship-program\/","og_site_name":"HITS gGmbH","article_modified_time":"2023-06-19T10:52:32+00:00","og_image":[{"width":1340,"height":450,"url":"https:\/\/www.h-its.org\/de\/wp-content\/uploads\/sites\/2\/2019\/12\/Karriere.jpg","type":"image\/jpeg"}],"twitter_card":"summary_large_image","twitter_misc":{"Gesch\u00e4tzte Lesezeit":"1\u00a0Minute"},"schema":{"@context":"https:\/\/schema.org","@graph":[{"@type":"WebPage","@id":"https:\/\/www.h-its.org\/de\/forschung\/klaus-tschira-guest-professorship-program\/","url":"https:\/\/www.h-its.org\/de\/forschung\/klaus-tschira-guest-professorship-program\/","name":"Klaus Tschira Gastprofessor\/-innen Programm - HITS gGmbH","isPartOf":{"@id":"https:\/\/www.h-its.org\/de\/#website"},"primaryImageOfPage":{"@id":"https:\/\/www.h-its.org\/de\/forschung\/klaus-tschira-guest-professorship-program\/#primaryimage"},"image":{"@id":"https:\/\/www.h-its.org\/de\/forschung\/klaus-tschira-guest-professorship-program\/#primaryimage"},"thumbnailUrl":"https:\/\/www.h-its.org\/de\/wp-content\/uploads\/sites\/2\/2019\/12\/Karriere.jpg","datePublished":"2021-09-15T11:20:04+00:00","dateModified":"2023-06-19T10:52:32+00:00","breadcrumb":{"@id":"https:\/\/www.h-its.org\/de\/forschung\/klaus-tschira-guest-professorship-program\/#breadcrumb"},"inLanguage":"de","potentialAction":[{"@type":"ReadAction","target":["https:\/\/www.h-its.org\/de\/forschung\/klaus-tschira-guest-professorship-program\/"]}]},{"@type":"ImageObject","inLanguage":"de","@id":"https:\/\/www.h-its.org\/de\/forschung\/klaus-tschira-guest-professorship-program\/#primaryimage","url":"https:\/\/www.h-its.org\/de\/wp-content\/uploads\/sites\/2\/2019\/12\/Karriere.jpg","contentUrl":"https:\/\/www.h-its.org\/de\/wp-content\/uploads\/sites\/2\/2019\/12\/Karriere.jpg","width":1340,"height":450},{"@type":"BreadcrumbList","@id":"https:\/\/www.h-its.org\/de\/forschung\/klaus-tschira-guest-professorship-program\/#breadcrumb","itemListElement":[{"@type":"ListItem","position":1,"name":"Home","item":"https:\/\/www.h-its.org\/de\/"},{"@type":"ListItem","position":2,"name":"Forschung am HITS","item":"https:\/\/www.h-its.org\/de\/forschung\/"},{"@type":"ListItem","position":3,"name":"Klaus Tschira Gastprofessor\/-innen Programm"}]},{"@type":"WebSite","@id":"https:\/\/www.h-its.org\/de\/#website","url":"https:\/\/www.h-its.org\/de\/","name":"HITS gGmbH","description":"Heidelberg Institute for Theoretical Studies","potentialAction":[{"@type":"SearchAction","target":{"@type":"EntryPoint","urlTemplate":"https:\/\/www.h-its.org\/de\/?s={search_term_string}"},"query-input":{"@type":"PropertyValueSpecification","valueRequired":true,"valueName":"search_term_string"}}],"inLanguage":"de"}]}},"publishpress_future_action":{"enabled":false,"date":"2026-04-19 01:28:26","action":"change-status","newStatus":"draft","terms":[],"taxonomy":"hits-research-group","extraData":[]},"publishpress_future_workflow_manual_trigger":{"enabledWorkflows":[]},"_links":{"self":[{"href":"https:\/\/www.h-its.org\/de\/wp-json\/wp\/v2\/pages\/44438","targetHints":{"allow":["GET"]}}],"collection":[{"href":"https:\/\/www.h-its.org\/de\/wp-json\/wp\/v2\/pages"}],"about":[{"href":"https:\/\/www.h-its.org\/de\/wp-json\/wp\/v2\/types\/page"}],"author":[{"embeddable":true,"href":"https:\/\/www.h-its.org\/de\/wp-json\/wp\/v2\/users\/6"}],"replies":[{"embeddable":true,"href":"https:\/\/www.h-its.org\/de\/wp-json\/wp\/v2\/comments?post=44438"}],"version-history":[{"count":10,"href":"https:\/\/www.h-its.org\/de\/wp-json\/wp\/v2\/pages\/44438\/revisions"}],"predecessor-version":[{"id":48023,"href":"https:\/\/www.h-its.org\/de\/wp-json\/wp\/v2\/pages\/44438\/revisions\/48023"}],"up":[{"embeddable":true,"href":"https:\/\/www.h-its.org\/de\/wp-json\/wp\/v2\/pages\/4"}],"wp:featuredmedia":[{"embeddable":true,"href":"https:\/\/www.h-its.org\/de\/wp-json\/wp\/v2\/media\/40605"}],"wp:attachment":[{"href":"https:\/\/www.h-its.org\/de\/wp-json\/wp\/v2\/media?parent=44438"}],"wp:term":[{"taxonomy":"hits-research-group","embeddable":true,"href":"https:\/\/www.h-its.org\/de\/wp-json\/wp\/v2\/hits-research-group?post=44438"}],"curies":[{"name":"wp","href":"https:\/\/api.w.org\/{rel}","templated":true}]}}