{"id":44617,"date":"2021-11-12T15:22:47","date_gmt":"2021-11-12T14:22:47","guid":{"rendered":"https:\/\/www.h-its.org\/de\/forschung\/simplaixnew-simpn-de\/"},"modified":"2026-04-07T15:43:41","modified_gmt":"2026-04-07T13:43:41","slug":"simplaix","status":"publish","type":"page","link":"https:\/\/www.h-its.org\/de\/forschung\/simplaix\/","title":{"rendered":"\u00dcber SIMPLAIX"},"content":{"rendered":"\n<p><strong>Eine interinstitutionelle 3-Wege-Kooperation zur \u00dcberbr\u00fcckung der Skalen von Molek\u00fclen zu molekularen Materialien mithilfe von Multiskalensimulation und maschinellem Lernen<\/strong>.<\/p>\n\n\n\n<figure class=\"wp-block-image size-large\"><img loading=\"lazy\" decoding=\"async\" width=\"1280\" height=\"720\" src=\"https:\/\/www.h-its.org\/de\/wp-content\/uploads\/sites\/2\/2021\/11\/SIMPLAIX_Logo.svg\" alt=\"\" class=\"wp-image-44764\" \/><\/figure>\n\n\n\n<p>Die Erforschung molekularer Mechanismen und das rationale Design von Molek\u00fclen und Materialien f\u00fcr gezielte Anwendungen beruht traditionell auf physikalisch basierten Modellierungen und Simulationen. Dies hat zweifellos zu erstaunlichen Entdeckungen gef\u00fchrt und Teile der modernen Wissenschaft und Technik revolutioniert. K\u00fcnftige Fortschritte werden jedoch durch die Notwendigkeit behindert, den unendlich komplexen und variablen Struktur-Eigenschafts-Raum molekularer Systeme skalen\u00fcbergreifend abzubilden, zu erforschen und zu analysieren. Hier bieten datengesteuerte und maschinelle Lernmethoden, die erst seit kurzem auf dem Gebiet der Molekularsimulationen Einzug gehalten haben, einen vielversprechenden Ansatz. Der kombinierte Einsatz beider Methoden steckt zwar noch in den Kinderschuhen, ist aber dank der j\u00fcngsten Fortschritte (z. B. Deep Learning, GPU-basierte Simulation) sehr vielversprechend beim Molekular- und Materialdesign. Um dieses Versprechen einzul\u00f6sen, m\u00fcssen zun\u00e4chst die gr\u00f6\u00dften Hindernisse bei der Anwendung datengesteuerter Methoden auf atomistische Systeme \u2013 z.B. die Behandlung komplexer dreidimensionaler Strukturen und die Integration in Multiskalen-Simulationsalgorithmen, um nur zwei zu nennen &#8211; \u00fcberwunden werden.<\/p>\n\n\n\n<p>Ziel der strategischen Forschungsinitiative SIMPLAIX ist es, die einzigartige Expertise des Heidelberger Instituts f\u00fcr Theoretische Studien (HITS), der Universit\u00e4t Heidelberg und des Karlsruher Instituts f\u00fcr Technologie (KIT) auf dem Gebiet der Multiskalensimulation \u2013 d.h. von der Quantenmechanik \u00fcber die klassische Mechanik bis hin zur Kontinuumsmodellierung &#8211; und des maschinellen Lernens zu b\u00fcndeln, um diese Herausforderung anzugehen. In SIMPLAIX werden Techniken entwickelt und eingesetzt, um in acht interdisziplin\u00e4ren, interinstitutionellen Forschungsprojekten eine Reihe anspruchsvoller Probleme in den biomolekularen und molekularen Materialwissenschaften zu untersuchen.<\/p>\n\n\n\n<p>SIMPLAIX wird vom HITS koordiniert und startete mit Phase 1 im Oktober 2021. Phase 2 begann im  Oktober 2025. Als neuer assoziierter Partner kam das Max-Planck-Institut f\u00fcr Polymerforschung (MPIP) dazu. SIMPLAIX wird von der HITS\u2011Forscherin Rebecca Wade koordiniert, unterst\u00fctzt von der HITS-Alumna und Direktorin am MPIP Frauke Gr\u00e4ter. Die Initiative wird von der Klaus Tschira Stiftung gef\u00f6rdert, erg\u00e4nzt durch die vier beteiligten Institutionen.<\/p>\n\n\n\n<p><strong>Wof\u00fcr steht SIMPLAIX?<\/strong><\/p>\n\n\n\n<p>&#8211; SIMPLeX spiegelt die auf Mathematik basierende trilaterale Zusammenarbeit der drei beteiligten Institutionen wider.<br>&#8211; SIM steht f\u00fcr SIMulation<br>&#8211; AI steht f\u00fcr K\u00fcnstliche Intelligenz (Artificial Intelligence)<br>&#8211; X steht f\u00fcr den interdisziplin\u00e4ren Austausch (eXchange) zwischen Simulation, KI, Molek\u00fclen und Materialien.<br>Und so spricht man SIMPLAIX aus: sim\u2019ple\u026a.ks\/ (IPA)<\/p>\n\n\n\n<p>Hier geht es zu unserem Bluesky-Kanal: <a href=\"http:\/\/simplaix.bsky.social\">http:\/\/simplaix.bsky.social<\/a>.<\/p>\n\n\n\n<ul class=\"wp-block-social-links is-layout-flex wp-block-social-links-is-layout-flex\">\n\n\n\n\n\n\n\n\n\n<\/ul>\n\n\n\n<p><\/p>\n","protected":false},"excerpt":{"rendered":"<p>Eine interinstitutionelle 3-Wege-Kooperation zur \u00dcberbr\u00fcckung der Skalen von Molek\u00fclen zu molekularen Materialien mithilfe von Multiskalensimulation und maschinellem Lernen. Die &#8230;<\/p>\n","protected":false},"author":107,"featured_media":44766,"parent":4,"menu_order":52,"comment_status":"closed","ping_status":"closed","template":"page-templates\/group.php","meta":{"_acf_changed":false,"inline_featured_image":false,"footnotes":""},"hits-research-group":[1422],"class_list":["post-44617","page","type-page","status-publish","has-post-thumbnail","hentry","hits-research-group-simplaix"],"acf":[],"yoast_head":"<!-- This site is optimized with the Yoast SEO plugin v27.4 - https:\/\/yoast.com\/product\/yoast-seo-wordpress\/ -->\n<title>\u00dcber SIMPLAIX - HITS gGmbH<\/title>\n<meta name=\"robots\" content=\"index, follow, max-snippet:-1, max-image-preview:large, max-video-preview:-1\" \/>\n<link rel=\"canonical\" href=\"https:\/\/www.h-its.org\/de\/forschung\/simplaix\/\" \/>\n<meta property=\"og:locale\" content=\"de_DE\" \/>\n<meta property=\"og:type\" content=\"article\" \/>\n<meta property=\"og:title\" content=\"\u00dcber SIMPLAIX - HITS gGmbH\" \/>\n<meta property=\"og:description\" content=\"Eine interinstitutionelle 3-Wege-Kooperation zur \u00dcberbr\u00fcckung der Skalen von Molek\u00fclen zu molekularen Materialien mithilfe von Multiskalensimulation und maschinellem Lernen. Die ...\" \/>\n<meta property=\"og:url\" content=\"https:\/\/www.h-its.org\/de\/forschung\/simplaix\/\" \/>\n<meta property=\"og:site_name\" content=\"HITS gGmbH\" \/>\n<meta property=\"article:modified_time\" content=\"2026-04-07T13:43:41+00:00\" \/>\n<meta property=\"og:image\" content=\"https:\/\/www.h-its.org\/de\/wp-content\/uploads\/sites\/2\/2021\/11\/Banner_4.png\" \/>\n\t<meta property=\"og:image:width\" content=\"1340\" \/>\n\t<meta property=\"og:image:height\" content=\"1340\" \/>\n\t<meta property=\"og:image:type\" content=\"image\/png\" \/>\n<meta name=\"twitter:card\" content=\"summary_large_image\" \/>\n<meta name=\"twitter:label1\" content=\"Gesch\u00e4tzte Lesezeit\" \/>\n\t<meta name=\"twitter:data1\" content=\"3\u00a0Minuten\" \/>\n<script type=\"application\/ld+json\" class=\"yoast-schema-graph\">{\"@context\":\"https:\\\/\\\/schema.org\",\"@graph\":[{\"@type\":\"WebPage\",\"@id\":\"https:\\\/\\\/www.h-its.org\\\/de\\\/forschung\\\/simplaix\\\/\",\"url\":\"https:\\\/\\\/www.h-its.org\\\/de\\\/forschung\\\/simplaix\\\/\",\"name\":\"\u00dcber SIMPLAIX - HITS gGmbH\",\"isPartOf\":{\"@id\":\"https:\\\/\\\/www.h-its.org\\\/de\\\/#website\"},\"primaryImageOfPage\":{\"@id\":\"https:\\\/\\\/www.h-its.org\\\/de\\\/forschung\\\/simplaix\\\/#primaryimage\"},\"image\":{\"@id\":\"https:\\\/\\\/www.h-its.org\\\/de\\\/forschung\\\/simplaix\\\/#primaryimage\"},\"thumbnailUrl\":\"https:\\\/\\\/www.h-its.org\\\/de\\\/wp-content\\\/uploads\\\/sites\\\/2\\\/2021\\\/11\\\/Banner_4.png\",\"datePublished\":\"2021-11-12T14:22:47+00:00\",\"dateModified\":\"2026-04-07T13:43:41+00:00\",\"breadcrumb\":{\"@id\":\"https:\\\/\\\/www.h-its.org\\\/de\\\/forschung\\\/simplaix\\\/#breadcrumb\"},\"inLanguage\":\"de\",\"potentialAction\":[{\"@type\":\"ReadAction\",\"target\":[\"https:\\\/\\\/www.h-its.org\\\/de\\\/forschung\\\/simplaix\\\/\"]}]},{\"@type\":\"ImageObject\",\"inLanguage\":\"de\",\"@id\":\"https:\\\/\\\/www.h-its.org\\\/de\\\/forschung\\\/simplaix\\\/#primaryimage\",\"url\":\"https:\\\/\\\/www.h-its.org\\\/de\\\/wp-content\\\/uploads\\\/sites\\\/2\\\/2021\\\/11\\\/Banner_4.png\",\"contentUrl\":\"https:\\\/\\\/www.h-its.org\\\/de\\\/wp-content\\\/uploads\\\/sites\\\/2\\\/2021\\\/11\\\/Banner_4.png\",\"width\":1340,\"height\":1340},{\"@type\":\"BreadcrumbList\",\"@id\":\"https:\\\/\\\/www.h-its.org\\\/de\\\/forschung\\\/simplaix\\\/#breadcrumb\",\"itemListElement\":[{\"@type\":\"ListItem\",\"position\":1,\"name\":\"Home\",\"item\":\"https:\\\/\\\/www.h-its.org\\\/de\\\/\"},{\"@type\":\"ListItem\",\"position\":2,\"name\":\"Forschung am HITS\",\"item\":\"https:\\\/\\\/www.h-its.org\\\/de\\\/forschung\\\/\"},{\"@type\":\"ListItem\",\"position\":3,\"name\":\"\u00dcber SIMPLAIX\"}]},{\"@type\":\"WebSite\",\"@id\":\"https:\\\/\\\/www.h-its.org\\\/de\\\/#website\",\"url\":\"https:\\\/\\\/www.h-its.org\\\/de\\\/\",\"name\":\"HITS gGmbH\",\"description\":\"Heidelberg Institute for Theoretical Studies\",\"potentialAction\":[{\"@type\":\"SearchAction\",\"target\":{\"@type\":\"EntryPoint\",\"urlTemplate\":\"https:\\\/\\\/www.h-its.org\\\/de\\\/?s={search_term_string}\"},\"query-input\":{\"@type\":\"PropertyValueSpecification\",\"valueRequired\":true,\"valueName\":\"search_term_string\"}}],\"inLanguage\":\"de\"}]}<\/script>\n<!-- \/ Yoast SEO plugin. -->","yoast_head_json":{"title":"\u00dcber SIMPLAIX - HITS gGmbH","robots":{"index":"index","follow":"follow","max-snippet":"max-snippet:-1","max-image-preview":"max-image-preview:large","max-video-preview":"max-video-preview:-1"},"canonical":"https:\/\/www.h-its.org\/de\/forschung\/simplaix\/","og_locale":"de_DE","og_type":"article","og_title":"\u00dcber SIMPLAIX - HITS gGmbH","og_description":"Eine interinstitutionelle 3-Wege-Kooperation zur \u00dcberbr\u00fcckung der Skalen von Molek\u00fclen zu molekularen Materialien mithilfe von Multiskalensimulation und maschinellem Lernen. Die ...","og_url":"https:\/\/www.h-its.org\/de\/forschung\/simplaix\/","og_site_name":"HITS gGmbH","article_modified_time":"2026-04-07T13:43:41+00:00","og_image":[{"width":1340,"height":1340,"url":"https:\/\/www.h-its.org\/de\/wp-content\/uploads\/sites\/2\/2021\/11\/Banner_4.png","type":"image\/png"}],"twitter_card":"summary_large_image","twitter_misc":{"Gesch\u00e4tzte Lesezeit":"3\u00a0Minuten"},"schema":{"@context":"https:\/\/schema.org","@graph":[{"@type":"WebPage","@id":"https:\/\/www.h-its.org\/de\/forschung\/simplaix\/","url":"https:\/\/www.h-its.org\/de\/forschung\/simplaix\/","name":"\u00dcber SIMPLAIX - HITS gGmbH","isPartOf":{"@id":"https:\/\/www.h-its.org\/de\/#website"},"primaryImageOfPage":{"@id":"https:\/\/www.h-its.org\/de\/forschung\/simplaix\/#primaryimage"},"image":{"@id":"https:\/\/www.h-its.org\/de\/forschung\/simplaix\/#primaryimage"},"thumbnailUrl":"https:\/\/www.h-its.org\/de\/wp-content\/uploads\/sites\/2\/2021\/11\/Banner_4.png","datePublished":"2021-11-12T14:22:47+00:00","dateModified":"2026-04-07T13:43:41+00:00","breadcrumb":{"@id":"https:\/\/www.h-its.org\/de\/forschung\/simplaix\/#breadcrumb"},"inLanguage":"de","potentialAction":[{"@type":"ReadAction","target":["https:\/\/www.h-its.org\/de\/forschung\/simplaix\/"]}]},{"@type":"ImageObject","inLanguage":"de","@id":"https:\/\/www.h-its.org\/de\/forschung\/simplaix\/#primaryimage","url":"https:\/\/www.h-its.org\/de\/wp-content\/uploads\/sites\/2\/2021\/11\/Banner_4.png","contentUrl":"https:\/\/www.h-its.org\/de\/wp-content\/uploads\/sites\/2\/2021\/11\/Banner_4.png","width":1340,"height":1340},{"@type":"BreadcrumbList","@id":"https:\/\/www.h-its.org\/de\/forschung\/simplaix\/#breadcrumb","itemListElement":[{"@type":"ListItem","position":1,"name":"Home","item":"https:\/\/www.h-its.org\/de\/"},{"@type":"ListItem","position":2,"name":"Forschung am HITS","item":"https:\/\/www.h-its.org\/de\/forschung\/"},{"@type":"ListItem","position":3,"name":"\u00dcber SIMPLAIX"}]},{"@type":"WebSite","@id":"https:\/\/www.h-its.org\/de\/#website","url":"https:\/\/www.h-its.org\/de\/","name":"HITS gGmbH","description":"Heidelberg Institute for Theoretical Studies","potentialAction":[{"@type":"SearchAction","target":{"@type":"EntryPoint","urlTemplate":"https:\/\/www.h-its.org\/de\/?s={search_term_string}"},"query-input":{"@type":"PropertyValueSpecification","valueRequired":true,"valueName":"search_term_string"}}],"inLanguage":"de"}]}},"publishpress_future_action":{"enabled":false,"date":"2026-04-23 21:06:30","action":"change-status","newStatus":"draft","terms":[],"taxonomy":"hits-research-group","extraData":[]},"publishpress_future_workflow_manual_trigger":{"enabledWorkflows":[]},"_links":{"self":[{"href":"https:\/\/www.h-its.org\/de\/wp-json\/wp\/v2\/pages\/44617","targetHints":{"allow":["GET"]}}],"collection":[{"href":"https:\/\/www.h-its.org\/de\/wp-json\/wp\/v2\/pages"}],"about":[{"href":"https:\/\/www.h-its.org\/de\/wp-json\/wp\/v2\/types\/page"}],"author":[{"embeddable":true,"href":"https:\/\/www.h-its.org\/de\/wp-json\/wp\/v2\/users\/107"}],"replies":[{"embeddable":true,"href":"https:\/\/www.h-its.org\/de\/wp-json\/wp\/v2\/comments?post=44617"}],"version-history":[{"count":11,"href":"https:\/\/www.h-its.org\/de\/wp-json\/wp\/v2\/pages\/44617\/revisions"}],"predecessor-version":[{"id":50710,"href":"https:\/\/www.h-its.org\/de\/wp-json\/wp\/v2\/pages\/44617\/revisions\/50710"}],"up":[{"embeddable":true,"href":"https:\/\/www.h-its.org\/de\/wp-json\/wp\/v2\/pages\/4"}],"wp:featuredmedia":[{"embeddable":true,"href":"https:\/\/www.h-its.org\/de\/wp-json\/wp\/v2\/media\/44766"}],"wp:attachment":[{"href":"https:\/\/www.h-its.org\/de\/wp-json\/wp\/v2\/media?parent=44617"}],"wp:term":[{"taxonomy":"hits-research-group","embeddable":true,"href":"https:\/\/www.h-its.org\/de\/wp-json\/wp\/v2\/hits-research-group?post=44617"}],"curies":[{"name":"wp","href":"https:\/\/api.w.org\/{rel}","templated":true}]}}