{"id":44618,"date":"2021-11-12T15:22:47","date_gmt":"2021-11-12T14:22:47","guid":{"rendered":"https:\/\/www.h-its.org\/de\/forschung\/simplaixnew-simpn-de\/news-simpn\/"},"modified":"2025-10-28T16:09:52","modified_gmt":"2025-10-28T15:09:52","slug":"news-simplaix","status":"publish","type":"page","link":"https:\/\/www.h-its.org\/de\/forschung\/simplaix\/news-simplaix\/","title":{"rendered":"News"},"content":{"rendered":"\n<p>Weitere Neuigkeiten (in englischer Sprache) finden Sie auf der englischen SIMPLAIX-Website:<br><a href=\"https:\/\/www.h-its.org\/research\/simplaix\/news-simplaix\/\" target=\"_blank\" rel=\"noreferrer noopener\">https:\/\/www.h-its.org\/research\/simplaix\/news-simplaix\/<\/a><\/p>\n\n\n\n  <div class=\"hits-blocks hits-news-block\">\n\n\n      \n              <div class=\"post-grid two-columns\">\n                    \n<div class=\"post-preview\">\n  <a href=\"https:\/\/www.h-its.org\/de\/2026\/04\/23\/schneller-und-praeziser-durch-maschinelles-lernen\/\" aria-label=\"Post Beitrag Vorschau Bild\">\n          <img loading=\"lazy\" decoding=\"async\" width=\"420\" height=\"242\" src=\"https:\/\/www.h-its.org\/de\/wp-content\/uploads\/sites\/2\/2026\/04\/2026-04-23_KIMMDY_graphics_094856-420x242.png\" class=\"attachment-thumbnail size-thumbnail wp-post-image\" alt=\"\" 0=\"post-preview--post-thumbnail\" srcset=\"https:\/\/www.h-its.org\/de\/wp-content\/uploads\/sites\/2\/2026\/04\/2026-04-23_KIMMDY_graphics_094856-420x242.png 420w, https:\/\/www.h-its.org\/de\/wp-content\/uploads\/sites\/2\/2026\/04\/2026-04-23_KIMMDY_graphics_094856-2x1.png 2w\" sizes=\"auto, (max-width: 639px) 98vw, (max-width: 1199px) 64vw, 420px\" \/>      <\/a>\n  <p class=\"font-m font-normal font-primary\">Schneller und pr\u00e4ziser durch maschinelles Lernen<\/p>\n  <div class=\"meta\">\n    <div class=\"date\">23.04.2026<\/div>\n  <\/div>\n  <div class=\"show-for-medium\">\n    <p>KIMMDY-Software visualisiert biologische Prozesse in Bewegung Molek\u00fcle in biologischen Zellen sind st\u00e4ndig in Bewegung. Sie zu untersuchen ist jedoch &#8230;<\/p>\n  <\/div>\n  <a href=\"https:\/\/www.h-its.org\/de\/2026\/04\/23\/schneller-und-praeziser-durch-maschinelles-lernen\/\" class=\"read-more-button\">Mehr erfahren<\/a>\n<\/div>\n                    \n<div class=\"post-preview\">\n  <a href=\"https:\/\/www.h-its.org\/de\/2026\/04\/07\/simplaix-phase2\/\" aria-label=\"Post Beitrag Vorschau Bild\">\n          <img loading=\"lazy\" decoding=\"async\" width=\"420\" height=\"242\" src=\"https:\/\/www.h-its.org\/de\/wp-content\/uploads\/sites\/2\/2022\/04\/SIMPLAIX_Logo_no_institutes-420x242.png\" class=\"attachment-thumbnail size-thumbnail wp-post-image\" alt=\"\" 0=\"post-preview--post-thumbnail\" srcset=\"https:\/\/www.h-its.org\/de\/wp-content\/uploads\/sites\/2\/2022\/04\/SIMPLAIX_Logo_no_institutes-420x242.png 420w, https:\/\/www.h-its.org\/de\/wp-content\/uploads\/sites\/2\/2022\/04\/SIMPLAIX_Logo_no_institutes-1x1.png 1w\" sizes=\"auto, (max-width: 639px) 98vw, (max-width: 1199px) 64vw, 420px\" \/>      <\/a>\n  <p class=\"font-m font-normal font-primary\">SIMPLAIX: Der &#8222;Booster&#8220; f\u00fcr die Molek\u00fclforschung geht in die n\u00e4chste Phase<\/p>\n  <div class=\"meta\">\n    <div class=\"date\">7.04.2026<\/div>\n  <\/div>\n  <div class=\"show-for-medium\">\n    <p>Computersimulationen und K\u00fcnstliche Intelligenz sind die Hauptpfeiler der \u201eSIMPLAIX\u201c-Kooperation, initiiert vom Heidelberger Institut f\u00fcr Theoretische Studien (HITS). Gemeinsam &#8230;<\/p>\n  <\/div>\n  <a href=\"https:\/\/www.h-its.org\/de\/2026\/04\/07\/simplaix-phase2\/\" class=\"read-more-button\">Mehr erfahren<\/a>\n<\/div>\n                    \n<div class=\"post-preview\">\n  <a href=\"https:\/\/www.h-its.org\/de\/2024\/02\/12\/jan_stuehmer-neuer-simplaix-pi\/\" aria-label=\"Post Beitrag Vorschau Bild\">\n          <img loading=\"lazy\" decoding=\"async\" width=\"420\" height=\"242\" src=\"https:\/\/www.h-its.org\/de\/wp-content\/uploads\/sites\/2\/2022\/09\/JanDSC07223_website-420x242.jpg\" class=\"attachment-thumbnail size-thumbnail wp-post-image\" alt=\"\" 0=\"post-preview--post-thumbnail\" srcset=\"https:\/\/www.h-its.org\/de\/wp-content\/uploads\/sites\/2\/2022\/09\/JanDSC07223_website-420x242.jpg 420w, https:\/\/www.h-its.org\/de\/wp-content\/uploads\/sites\/2\/2022\/09\/JanDSC07223_website-1x1.jpg 1w\" sizes=\"auto, (max-width: 639px) 98vw, (max-width: 1199px) 64vw, 420px\" \/>      <\/a>\n  <p class=\"font-m font-normal font-primary\">Jan St\u00fchmer neuer SIMPLAIX- Projektleiter<\/p>\n  <div class=\"meta\">\n    <div class=\"date\">12.02.2024<\/div>\n  <\/div>\n  <div class=\"show-for-medium\">\n    <p>Der Informatiker Jan St\u00fchmer wurde als neuer Projektleiter (PI) in der SIMPLAIX-Initiative benannt. Seit 2022 leitet er die HITS-Forschungsgruppe &#8222;Maschinelles Lernen &#8230;<\/p>\n  <\/div>\n  <a href=\"https:\/\/www.h-its.org\/de\/2024\/02\/12\/jan_stuehmer-neuer-simplaix-pi\/\" class=\"read-more-button\">Mehr erfahren<\/a>\n<\/div>\n                    \n<div class=\"post-preview\">\n  <a href=\"https:\/\/www.h-its.org\/de\/2023\/07\/26\/tristan-bereau-neuer-simplaix-projektleiter\/\" aria-label=\"Post Beitrag Vorschau Bild\">\n          <img loading=\"lazy\" decoding=\"async\" width=\"420\" height=\"242\" src=\"https:\/\/www.h-its.org\/de\/wp-content\/uploads\/sites\/2\/2023\/07\/Tristan_Bereau-420x242.jpg\" class=\"attachment-thumbnail size-thumbnail wp-post-image\" alt=\"\" 0=\"post-preview--post-thumbnail\" srcset=\"https:\/\/www.h-its.org\/de\/wp-content\/uploads\/sites\/2\/2023\/07\/Tristan_Bereau-420x242.jpg 420w, https:\/\/www.h-its.org\/de\/wp-content\/uploads\/sites\/2\/2023\/07\/Tristan_Bereau-1x1.jpg 1w\" sizes=\"auto, (max-width: 639px) 98vw, (max-width: 1199px) 64vw, 420px\" \/>      <\/a>\n  <p class=\"font-m font-normal font-primary\">Tristan Bereau neuer SIMPLAIX- Projektleiter<\/p>\n  <div class=\"meta\">\n    <div class=\"date\">26.07.2023<\/div>\n  <\/div>\n  <div class=\"show-for-medium\">\n    <p>Der Physiker Tristan Bereau wurde als neuer Projektleiter (PI) in der SIMPLAIX-Initiative benannt. Mehr zur Person und zur Forschung hier: https:\/\/&#8230;<\/p>\n  <\/div>\n  <a href=\"https:\/\/www.h-its.org\/de\/2023\/07\/26\/tristan-bereau-neuer-simplaix-projektleiter\/\" class=\"read-more-button\">Mehr erfahren<\/a>\n<\/div>\n                    \n<div class=\"post-preview\">\n  <a href=\"https:\/\/www.h-its.org\/de\/2023\/03\/22\/campus-report-simplaix\/\" aria-label=\"Post Beitrag Vorschau Bild\">\n          <img loading=\"lazy\" decoding=\"async\" width=\"420\" height=\"242\" src=\"https:\/\/www.h-its.org\/de\/wp-content\/uploads\/sites\/2\/2022\/04\/SIMPLAIX_logo_colorcoded_3institutes_format-420x242.png\" class=\"attachment-thumbnail size-thumbnail wp-post-image\" alt=\"\" 0=\"post-preview--post-thumbnail\" srcset=\"https:\/\/www.h-its.org\/de\/wp-content\/uploads\/sites\/2\/2022\/04\/SIMPLAIX_logo_colorcoded_3institutes_format-420x242.png 420w, https:\/\/www.h-its.org\/de\/wp-content\/uploads\/sites\/2\/2022\/04\/SIMPLAIX_logo_colorcoded_3institutes_format-1x1.png 1w\" sizes=\"auto, (max-width: 639px) 98vw, (max-width: 1199px) 64vw, 420px\" \/>      <\/a>\n  <p class=\"font-m font-normal font-primary\">Im Campus Report: SIMPLAIX &#8211; Initiative<\/p>\n  <div class=\"meta\">\n    <div class=\"date\">22.03.2023<\/div>\n  <\/div>\n  <div class=\"show-for-medium\">\n    <p>Wenn ein neues Virus auftaucht, wie 2019 in China SARS COV 2, dann bricht in Laboren \u00fcberall auf der Welt Hektik aus. So &#8230;<\/p>\n  <\/div>\n  <a href=\"https:\/\/www.h-its.org\/de\/2023\/03\/22\/campus-report-simplaix\/\" class=\"read-more-button\">Mehr erfahren<\/a>\n<\/div>\n                    \n<div class=\"post-preview\">\n  <a href=\"https:\/\/www.h-its.org\/de\/2022\/10\/24\/hits-simplaix-isayev\/\" aria-label=\"Post Beitrag Vorschau Bild\">\n          <img loading=\"lazy\" decoding=\"async\" width=\"420\" height=\"242\" src=\"https:\/\/www.h-its.org\/de\/wp-content\/uploads\/sites\/2\/2022\/10\/Ole_DSC07174-420x242.jpg\" class=\"attachment-thumbnail size-thumbnail wp-post-image\" alt=\"\" 0=\"post-preview--post-thumbnail\" srcset=\"https:\/\/www.h-its.org\/de\/wp-content\/uploads\/sites\/2\/2022\/10\/Ole_DSC07174-420x242.jpg 420w, https:\/\/www.h-its.org\/de\/wp-content\/uploads\/sites\/2\/2022\/10\/Ole_DSC07174-2x1.jpg 2w\" sizes=\"auto, (max-width: 639px) 98vw, (max-width: 1199px) 64vw, 420px\" \/>      <\/a>\n  <p class=\"font-m font-normal font-primary\">Neuronale Netze und Computerchemie<\/p>\n  <div class=\"meta\">\n    <div class=\"date\">24.10.2022<\/div>\n  <\/div>\n  <div class=\"show-for-medium\">\n    <p>Am 26 September 2022 besuchte Olexandr Isayev (Carnegie Mellon University, USA) das HITS und hielt einen (hybriden) HITS\/SIMPLAIX Vortrag mit dem Titel: \u201c&#8230;<\/p>\n  <\/div>\n  <a href=\"https:\/\/www.h-its.org\/de\/2022\/10\/24\/hits-simplaix-isayev\/\" class=\"read-more-button\">Mehr erfahren<\/a>\n<\/div>\n                    \n<div class=\"post-preview\">\n  <a href=\"https:\/\/www.h-its.org\/de\/2022\/09\/16\/simplaix-nr-5\/\" aria-label=\"Post Beitrag Vorschau Bild\">\n          <img loading=\"lazy\" decoding=\"async\" width=\"420\" height=\"242\" src=\"https:\/\/www.h-its.org\/de\/wp-content\/uploads\/sites\/2\/2022\/09\/20220915_SIMPLAIX_Meeting_DSC06157_web-420x242.jpg\" class=\"attachment-thumbnail size-thumbnail wp-post-image\" alt=\"\" 0=\"post-preview--post-thumbnail\" srcset=\"https:\/\/www.h-its.org\/de\/wp-content\/uploads\/sites\/2\/2022\/09\/20220915_SIMPLAIX_Meeting_DSC06157_web-420x242.jpg 420w, https:\/\/www.h-its.org\/de\/wp-content\/uploads\/sites\/2\/2022\/09\/20220915_SIMPLAIX_Meeting_DSC06157_web-2x1.jpg 2w\" sizes=\"auto, (max-width: 639px) 98vw, (max-width: 1199px) 64vw, 420px\" \/>      <\/a>\n  <p class=\"font-m font-normal font-primary\">5. SIMPLAIX Meeting &#8211; im Studio Villa Bosch<\/p>\n  <div class=\"meta\">\n    <div class=\"date\">16.09.2022<\/div>\n  <\/div>\n  <div class=\"show-for-medium\">\n    <p>Am Nachmittag des 15. September fand das 5. interne SIMPLAIX-Treffen im Studio Villa Bosch in Heidelberg statt. Mehr als 20 Mitglieder der Kollaboration trafen &#8230;<\/p>\n  <\/div>\n  <a href=\"https:\/\/www.h-its.org\/de\/2022\/09\/16\/simplaix-nr-5\/\" class=\"read-more-button\">Mehr erfahren<\/a>\n<\/div>\n                    \n<div class=\"post-preview\">\n  <a href=\"https:\/\/www.h-its.org\/de\/2022\/05\/05\/dfg-award-friederich\/\" aria-label=\"Post Beitrag Vorschau Bild\">\n          <img decoding=\"async\" src=\"https:\/\/www.h-its.org\/de\/wp-content\/themes\/hits-theme\/dist\/assets\/images\/news-fallback-image.jpg\" alt=\"Job\" width=\"300\">\n      <\/a>\n  <p class=\"font-m font-normal font-primary\">Heinz Maier-Leibnitz-Preis f\u00fcr SIMPLAIX-Forscher Pascal Friederich<\/p>\n  <div class=\"meta\">\n    <div class=\"date\">5.05.2022<\/div>\n  <\/div>\n  <div class=\"show-for-medium\">\n    <p>Pascal Friederich, Principal Inverstigator in der SIMPLAIX-Kooperation, erh\u00e4lt einen Heinz Maier-Leibnitz-Preis der Deutschen Forschungsgemeinschaft (DFG). Der mit 20 000 Euro dotierte Preis &#8230;<\/p>\n  <\/div>\n  <a href=\"https:\/\/www.h-its.org\/de\/2022\/05\/05\/dfg-award-friederich\/\" class=\"read-more-button\">Mehr erfahren<\/a>\n<\/div>\n                    \n<div class=\"post-preview\">\n  <a href=\"https:\/\/www.h-its.org\/de\/2022\/04\/28\/simplaix-symposium\/\" aria-label=\"Post Beitrag Vorschau Bild\">\n          <img loading=\"lazy\" decoding=\"async\" width=\"420\" height=\"242\" src=\"https:\/\/www.h-its.org\/de\/wp-content\/uploads\/sites\/2\/2022\/04\/SIMPLAIX_DSC04527a-420x242.jpg\" class=\"attachment-thumbnail size-thumbnail wp-post-image\" alt=\"\" 0=\"post-preview--post-thumbnail\" srcset=\"https:\/\/www.h-its.org\/de\/wp-content\/uploads\/sites\/2\/2022\/04\/SIMPLAIX_DSC04527a-420x242.jpg 420w, https:\/\/www.h-its.org\/de\/wp-content\/uploads\/sites\/2\/2022\/04\/SIMPLAIX_DSC04527a-2x1.jpg 2w\" sizes=\"auto, (max-width: 639px) 98vw, (max-width: 1199px) 64vw, 420px\" \/>      <\/a>\n  <p class=\"font-m font-normal font-primary\">&#8222;Das magische Dreieck&#8220; bringt die Molekularforschung mit maschinellem Lernen und Simulationen voran<\/p>\n  <div class=\"meta\">\n    <div class=\"date\">28.04.2022<\/div>\n  <\/div>\n  <div class=\"show-for-medium\">\n    <p>Mit einem Symposium in Heidelberg startete jetzt die Kooperation &#8222;SIMPLAIX&#8220;.&nbsp; Forschende des HITS, der Universit\u00e4t Heidelberg und des Karlsruher &#8230;<\/p>\n  <\/div>\n  <a href=\"https:\/\/www.h-its.org\/de\/2022\/04\/28\/simplaix-symposium\/\" class=\"read-more-button\">Mehr erfahren<\/a>\n<\/div>\n                    \n<div class=\"post-preview\">\n  <a href=\"https:\/\/www.h-its.org\/de\/2022\/04\/07\/simplaix-start\/\" aria-label=\"Post Beitrag Vorschau Bild\">\n          <img loading=\"lazy\" decoding=\"async\" width=\"420\" height=\"242\" src=\"https:\/\/www.h-its.org\/de\/wp-content\/uploads\/sites\/2\/2022\/04\/SIMPLAIX_Logo_no_institutes-420x242.png\" class=\"attachment-thumbnail size-thumbnail wp-post-image\" alt=\"\" 0=\"post-preview--post-thumbnail\" srcset=\"https:\/\/www.h-its.org\/de\/wp-content\/uploads\/sites\/2\/2022\/04\/SIMPLAIX_Logo_no_institutes-420x242.png 420w, https:\/\/www.h-its.org\/de\/wp-content\/uploads\/sites\/2\/2022\/04\/SIMPLAIX_Logo_no_institutes-1x1.png 1w\" sizes=\"auto, (max-width: 639px) 98vw, (max-width: 1199px) 64vw, 420px\" \/>      <\/a>\n  <p class=\"font-m font-normal font-primary\">Computersimulationen und K\u00fcnstliche Intelligenz &#8211; ein \u201eBooster\u201c f\u00fcr die Molek\u00fclforschung<\/p>\n  <div class=\"meta\">\n    <div class=\"date\">7.04.2022<\/div>\n  <\/div>\n  <div class=\"show-for-medium\">\n    <p>In der neuen Kooperation \u201eSIMPLAIX\u201c arbeiten Forschende aus dem HITS, der Universit\u00e4t Heidelberg und dem Karlsruher Institut f\u00fcr Technologie (&#8230;<\/p>\n  <\/div>\n  <a href=\"https:\/\/www.h-its.org\/de\/2022\/04\/07\/simplaix-start\/\" class=\"read-more-button\">Mehr erfahren<\/a>\n<\/div>\n                  <\/div>\n              \n  <\/div>\n","protected":false},"excerpt":{"rendered":"<p>Weitere Neuigkeiten (in englischer Sprache) finden Sie auf der englischen SIMPLAIX-Website:https:\/\/www.h-its.org\/research\/simplaix\/news-simplaix\/<\/p>\n","protected":false},"author":107,"featured_media":44766,"parent":44617,"menu_order":1,"comment_status":"closed","ping_status":"closed","template":"page-templates\/group.php","meta":{"_acf_changed":false,"inline_featured_image":false,"footnotes":""},"hits-research-group":[1422],"class_list":["post-44618","page","type-page","status-publish","has-post-thumbnail","hentry","hits-research-group-simplaix"],"acf":[],"yoast_head":"<!-- This site is optimized with the Yoast SEO plugin v27.4 - https:\/\/yoast.com\/product\/yoast-seo-wordpress\/ -->\n<title>News - HITS gGmbH<\/title>\n<meta name=\"robots\" content=\"index, follow, max-snippet:-1, max-image-preview:large, max-video-preview:-1\" \/>\n<link rel=\"canonical\" href=\"https:\/\/www.h-its.org\/de\/forschung\/simplaix\/news-simplaix\/\" \/>\n<meta property=\"og:locale\" content=\"de_DE\" \/>\n<meta property=\"og:type\" content=\"article\" \/>\n<meta property=\"og:title\" content=\"News - HITS gGmbH\" \/>\n<meta property=\"og:description\" content=\"Weitere Neuigkeiten (in englischer Sprache) finden Sie auf der englischen SIMPLAIX-Website:https:\/\/www.h-its.org\/research\/simplaix\/news-simplaix\/\" \/>\n<meta property=\"og:url\" content=\"https:\/\/www.h-its.org\/de\/forschung\/simplaix\/news-simplaix\/\" \/>\n<meta property=\"og:site_name\" content=\"HITS gGmbH\" \/>\n<meta property=\"article:modified_time\" content=\"2025-10-28T15:09:52+00:00\" \/>\n<meta property=\"og:image\" content=\"https:\/\/www.h-its.org\/de\/wp-content\/uploads\/sites\/2\/2021\/11\/Banner_4.png\" \/>\n\t<meta property=\"og:image:width\" content=\"1340\" \/>\n\t<meta property=\"og:image:height\" content=\"1340\" \/>\n\t<meta property=\"og:image:type\" content=\"image\/png\" \/>\n<meta name=\"twitter:card\" content=\"summary_large_image\" \/>\n<meta name=\"twitter:label1\" content=\"Gesch\u00e4tzte Lesezeit\" \/>\n\t<meta name=\"twitter:data1\" content=\"1\u00a0Minute\" \/>\n<script type=\"application\/ld+json\" class=\"yoast-schema-graph\">{\"@context\":\"https:\\\/\\\/schema.org\",\"@graph\":[{\"@type\":\"WebPage\",\"@id\":\"https:\\\/\\\/www.h-its.org\\\/de\\\/forschung\\\/simplaix\\\/news-simplaix\\\/\",\"url\":\"https:\\\/\\\/www.h-its.org\\\/de\\\/forschung\\\/simplaix\\\/news-simplaix\\\/\",\"name\":\"News - HITS gGmbH\",\"isPartOf\":{\"@id\":\"https:\\\/\\\/www.h-its.org\\\/de\\\/#website\"},\"primaryImageOfPage\":{\"@id\":\"https:\\\/\\\/www.h-its.org\\\/de\\\/forschung\\\/simplaix\\\/news-simplaix\\\/#primaryimage\"},\"image\":{\"@id\":\"https:\\\/\\\/www.h-its.org\\\/de\\\/forschung\\\/simplaix\\\/news-simplaix\\\/#primaryimage\"},\"thumbnailUrl\":\"https:\\\/\\\/www.h-its.org\\\/de\\\/wp-content\\\/uploads\\\/sites\\\/2\\\/2021\\\/11\\\/Banner_4.png\",\"datePublished\":\"2021-11-12T14:22:47+00:00\",\"dateModified\":\"2025-10-28T15:09:52+00:00\",\"breadcrumb\":{\"@id\":\"https:\\\/\\\/www.h-its.org\\\/de\\\/forschung\\\/simplaix\\\/news-simplaix\\\/#breadcrumb\"},\"inLanguage\":\"de\",\"potentialAction\":[{\"@type\":\"ReadAction\",\"target\":[\"https:\\\/\\\/www.h-its.org\\\/de\\\/forschung\\\/simplaix\\\/news-simplaix\\\/\"]}]},{\"@type\":\"ImageObject\",\"inLanguage\":\"de\",\"@id\":\"https:\\\/\\\/www.h-its.org\\\/de\\\/forschung\\\/simplaix\\\/news-simplaix\\\/#primaryimage\",\"url\":\"https:\\\/\\\/www.h-its.org\\\/de\\\/wp-content\\\/uploads\\\/sites\\\/2\\\/2021\\\/11\\\/Banner_4.png\",\"contentUrl\":\"https:\\\/\\\/www.h-its.org\\\/de\\\/wp-content\\\/uploads\\\/sites\\\/2\\\/2021\\\/11\\\/Banner_4.png\",\"width\":1340,\"height\":1340},{\"@type\":\"BreadcrumbList\",\"@id\":\"https:\\\/\\\/www.h-its.org\\\/de\\\/forschung\\\/simplaix\\\/news-simplaix\\\/#breadcrumb\",\"itemListElement\":[{\"@type\":\"ListItem\",\"position\":1,\"name\":\"Home\",\"item\":\"https:\\\/\\\/www.h-its.org\\\/de\\\/\"},{\"@type\":\"ListItem\",\"position\":2,\"name\":\"Forschung am HITS\",\"item\":\"https:\\\/\\\/www.h-its.org\\\/de\\\/forschung\\\/\"},{\"@type\":\"ListItem\",\"position\":3,\"name\":\"\u00dcber SIMPLAIX\",\"item\":\"https:\\\/\\\/www.h-its.org\\\/de\\\/forschung\\\/simplaix\\\/\"},{\"@type\":\"ListItem\",\"position\":4,\"name\":\"News\"}]},{\"@type\":\"WebSite\",\"@id\":\"https:\\\/\\\/www.h-its.org\\\/de\\\/#website\",\"url\":\"https:\\\/\\\/www.h-its.org\\\/de\\\/\",\"name\":\"HITS gGmbH\",\"description\":\"Heidelberg Institute for Theoretical Studies\",\"potentialAction\":[{\"@type\":\"SearchAction\",\"target\":{\"@type\":\"EntryPoint\",\"urlTemplate\":\"https:\\\/\\\/www.h-its.org\\\/de\\\/?s={search_term_string}\"},\"query-input\":{\"@type\":\"PropertyValueSpecification\",\"valueRequired\":true,\"valueName\":\"search_term_string\"}}],\"inLanguage\":\"de\"}]}<\/script>\n<!-- \/ Yoast SEO plugin. -->","yoast_head_json":{"title":"News - HITS gGmbH","robots":{"index":"index","follow":"follow","max-snippet":"max-snippet:-1","max-image-preview":"max-image-preview:large","max-video-preview":"max-video-preview:-1"},"canonical":"https:\/\/www.h-its.org\/de\/forschung\/simplaix\/news-simplaix\/","og_locale":"de_DE","og_type":"article","og_title":"News - HITS gGmbH","og_description":"Weitere Neuigkeiten (in englischer Sprache) finden Sie auf der englischen SIMPLAIX-Website:https:\/\/www.h-its.org\/research\/simplaix\/news-simplaix\/","og_url":"https:\/\/www.h-its.org\/de\/forschung\/simplaix\/news-simplaix\/","og_site_name":"HITS gGmbH","article_modified_time":"2025-10-28T15:09:52+00:00","og_image":[{"width":1340,"height":1340,"url":"https:\/\/www.h-its.org\/de\/wp-content\/uploads\/sites\/2\/2021\/11\/Banner_4.png","type":"image\/png"}],"twitter_card":"summary_large_image","twitter_misc":{"Gesch\u00e4tzte Lesezeit":"1\u00a0Minute"},"schema":{"@context":"https:\/\/schema.org","@graph":[{"@type":"WebPage","@id":"https:\/\/www.h-its.org\/de\/forschung\/simplaix\/news-simplaix\/","url":"https:\/\/www.h-its.org\/de\/forschung\/simplaix\/news-simplaix\/","name":"News - HITS gGmbH","isPartOf":{"@id":"https:\/\/www.h-its.org\/de\/#website"},"primaryImageOfPage":{"@id":"https:\/\/www.h-its.org\/de\/forschung\/simplaix\/news-simplaix\/#primaryimage"},"image":{"@id":"https:\/\/www.h-its.org\/de\/forschung\/simplaix\/news-simplaix\/#primaryimage"},"thumbnailUrl":"https:\/\/www.h-its.org\/de\/wp-content\/uploads\/sites\/2\/2021\/11\/Banner_4.png","datePublished":"2021-11-12T14:22:47+00:00","dateModified":"2025-10-28T15:09:52+00:00","breadcrumb":{"@id":"https:\/\/www.h-its.org\/de\/forschung\/simplaix\/news-simplaix\/#breadcrumb"},"inLanguage":"de","potentialAction":[{"@type":"ReadAction","target":["https:\/\/www.h-its.org\/de\/forschung\/simplaix\/news-simplaix\/"]}]},{"@type":"ImageObject","inLanguage":"de","@id":"https:\/\/www.h-its.org\/de\/forschung\/simplaix\/news-simplaix\/#primaryimage","url":"https:\/\/www.h-its.org\/de\/wp-content\/uploads\/sites\/2\/2021\/11\/Banner_4.png","contentUrl":"https:\/\/www.h-its.org\/de\/wp-content\/uploads\/sites\/2\/2021\/11\/Banner_4.png","width":1340,"height":1340},{"@type":"BreadcrumbList","@id":"https:\/\/www.h-its.org\/de\/forschung\/simplaix\/news-simplaix\/#breadcrumb","itemListElement":[{"@type":"ListItem","position":1,"name":"Home","item":"https:\/\/www.h-its.org\/de\/"},{"@type":"ListItem","position":2,"name":"Forschung am HITS","item":"https:\/\/www.h-its.org\/de\/forschung\/"},{"@type":"ListItem","position":3,"name":"\u00dcber SIMPLAIX","item":"https:\/\/www.h-its.org\/de\/forschung\/simplaix\/"},{"@type":"ListItem","position":4,"name":"News"}]},{"@type":"WebSite","@id":"https:\/\/www.h-its.org\/de\/#website","url":"https:\/\/www.h-its.org\/de\/","name":"HITS gGmbH","description":"Heidelberg Institute for Theoretical Studies","potentialAction":[{"@type":"SearchAction","target":{"@type":"EntryPoint","urlTemplate":"https:\/\/www.h-its.org\/de\/?s={search_term_string}"},"query-input":{"@type":"PropertyValueSpecification","valueRequired":true,"valueName":"search_term_string"}}],"inLanguage":"de"}]}},"publishpress_future_action":{"enabled":false,"date":"2026-05-08 05:06:27","action":"change-status","newStatus":"draft","terms":[],"taxonomy":"hits-research-group","extraData":[]},"publishpress_future_workflow_manual_trigger":{"enabledWorkflows":[]},"_links":{"self":[{"href":"https:\/\/www.h-its.org\/de\/wp-json\/wp\/v2\/pages\/44618","targetHints":{"allow":["GET"]}}],"collection":[{"href":"https:\/\/www.h-its.org\/de\/wp-json\/wp\/v2\/pages"}],"about":[{"href":"https:\/\/www.h-its.org\/de\/wp-json\/wp\/v2\/types\/page"}],"author":[{"embeddable":true,"href":"https:\/\/www.h-its.org\/de\/wp-json\/wp\/v2\/users\/107"}],"replies":[{"embeddable":true,"href":"https:\/\/www.h-its.org\/de\/wp-json\/wp\/v2\/comments?post=44618"}],"version-history":[{"count":9,"href":"https:\/\/www.h-its.org\/de\/wp-json\/wp\/v2\/pages\/44618\/revisions"}],"predecessor-version":[{"id":50205,"href":"https:\/\/www.h-its.org\/de\/wp-json\/wp\/v2\/pages\/44618\/revisions\/50205"}],"up":[{"embeddable":true,"href":"https:\/\/www.h-its.org\/de\/wp-json\/wp\/v2\/pages\/44617"}],"wp:featuredmedia":[{"embeddable":true,"href":"https:\/\/www.h-its.org\/de\/wp-json\/wp\/v2\/media\/44766"}],"wp:attachment":[{"href":"https:\/\/www.h-its.org\/de\/wp-json\/wp\/v2\/media?parent=44618"}],"wp:term":[{"taxonomy":"hits-research-group","embeddable":true,"href":"https:\/\/www.h-its.org\/de\/wp-json\/wp\/v2\/hits-research-group?post=44618"}],"curies":[{"name":"wp","href":"https:\/\/api.w.org\/{rel}","templated":true}]}}