{"id":45176,"date":"2022-03-29T15:28:41","date_gmt":"2022-03-29T13:28:41","guid":{"rendered":"https:\/\/www.h-its.org\/de\/?page_id=45176"},"modified":"2025-02-26T16:32:23","modified_gmt":"2025-02-26T15:32:23","slug":"gleichstellungsplan","status":"publish","type":"page","link":"https:\/\/www.h-its.org\/de\/institut\/gleichstellungsplan\/","title":{"rendered":"Gleichstellungsplan"},"content":{"rendered":"\n<p>Als internationales Forschungsinstitut hat sich die HITS gGmbH sowohl der Forschung als auch der F\u00f6rderung von Nachwuchswissenschaftler*innen verschrieben. Wir sehen es dabei als Selbstverst\u00e4ndlichkeit an, allen am HITS arbeitenden Personen die gleiche Chance auf ein wissenschaftliches Arbeitsumfeld zu geben, in dem sich alle, unabh\u00e4ngig von Geschlecht, sexueller Orientierung, Alter, Nationalit\u00e4t und Religion, frei entfalten k\u00f6nnen.<br>Integrit\u00e4t und Nachhaltigkeit, gesellschaftliche Verantwortung im Dialog mit der \u00d6ffentlichkeit, internationale Ausrichtung, gegenseitiger Respekt, Familienfreundlichkeit und Diversit\u00e4t sind Grundpfeiler unseres Instituts.<\/p>\n\n\n\n<p>Im Folgenden geben wir einen \u00dcberblick \u00fcber bereits umgesetzte sowie geplante Ma\u00dfnahmen, um eine Gleichstellung der Geschlechter am HITS zu gew\u00e4hrleisten.<\/p>\n\n\n\n<div class=\"wp-block-hits-pdf-block hits-pdf-block undefined\"><div class=\"hits-pdf-block--iframe-container\"><iframe src=\"https:\/\/www.h-its.org\/de\/wp-content\/uploads\/sites\/2\/2025\/02\/2024_Gender-Equality_final-1.pdf\" frameborder=\"0\"><\/iframe><\/div><a href=\"https:\/\/www.h-its.org\/de\/wp-content\/uploads\/sites\/2\/2025\/02\/2024_Gender-Equality_final-1.pdf\" class=\"pdf-download-button\">Download PDF<\/a><\/div>\n\n\n\n<div style=\"height:20px\" aria-hidden=\"true\" class=\"wp-block-spacer\"><\/div>\n","protected":false},"excerpt":{"rendered":"<p>Als internationales Forschungsinstitut hat sich die HITS gGmbH sowohl der Forschung als auch der F\u00f6rderung von Nachwuchswissenschaftler*innen verschrieben. Wir &#8230;<\/p>\n","protected":false},"author":6,"featured_media":40609,"parent":6,"menu_order":0,"comment_status":"closed","ping_status":"closed","template":"","meta":{"_acf_changed":false,"inline_featured_image":false,"footnotes":""},"hits-research-group":[1341],"class_list":["post-45176","page","type-page","status-publish","has-post-thumbnail","hentry","hits-research-group-administration-de"],"acf":[],"yoast_head":"<!-- This site is optimized with the Yoast SEO plugin v27.2 - https:\/\/yoast.com\/product\/yoast-seo-wordpress\/ -->\n<title>Gleichstellungsplan - HITS gGmbH<\/title>\n<meta name=\"robots\" content=\"index, follow, max-snippet:-1, max-image-preview:large, max-video-preview:-1\" \/>\n<link rel=\"canonical\" href=\"https:\/\/www.h-its.org\/de\/institut\/gleichstellungsplan\/\" \/>\n<meta property=\"og:locale\" content=\"de_DE\" \/>\n<meta property=\"og:type\" content=\"article\" \/>\n<meta property=\"og:title\" content=\"Gleichstellungsplan - HITS gGmbH\" \/>\n<meta property=\"og:description\" content=\"Als internationales Forschungsinstitut hat sich die HITS gGmbH sowohl der Forschung als auch der F\u00f6rderung von Nachwuchswissenschaftler*innen verschrieben. Wir ...\" \/>\n<meta property=\"og:url\" content=\"https:\/\/www.h-its.org\/de\/institut\/gleichstellungsplan\/\" \/>\n<meta property=\"og:site_name\" content=\"HITS gGmbH\" \/>\n<meta property=\"article:modified_time\" content=\"2025-02-26T15:32:23+00:00\" \/>\n<meta property=\"og:image\" content=\"https:\/\/www.h-its.org\/de\/wp-content\/uploads\/sites\/2\/2019\/12\/HITS.jpg\" \/>\n\t<meta property=\"og:image:width\" content=\"1340\" \/>\n\t<meta property=\"og:image:height\" content=\"450\" \/>\n\t<meta property=\"og:image:type\" content=\"image\/jpeg\" \/>\n<meta name=\"twitter:card\" content=\"summary_large_image\" \/>\n<meta name=\"twitter:label1\" content=\"Gesch\u00e4tzte Lesezeit\" \/>\n\t<meta name=\"twitter:data1\" content=\"1\u00a0Minute\" \/>\n<script type=\"application\/ld+json\" class=\"yoast-schema-graph\">{\"@context\":\"https:\/\/schema.org\",\"@graph\":[{\"@type\":\"WebPage\",\"@id\":\"https:\/\/www.h-its.org\/de\/institut\/gleichstellungsplan\/\",\"url\":\"https:\/\/www.h-its.org\/de\/institut\/gleichstellungsplan\/\",\"name\":\"Gleichstellungsplan - HITS gGmbH\",\"isPartOf\":{\"@id\":\"https:\/\/www.h-its.org\/de\/#website\"},\"primaryImageOfPage\":{\"@id\":\"https:\/\/www.h-its.org\/de\/institut\/gleichstellungsplan\/#primaryimage\"},\"image\":{\"@id\":\"https:\/\/www.h-its.org\/de\/institut\/gleichstellungsplan\/#primaryimage\"},\"thumbnailUrl\":\"https:\/\/www.h-its.org\/de\/wp-content\/uploads\/sites\/2\/2019\/12\/HITS.jpg\",\"datePublished\":\"2022-03-29T13:28:41+00:00\",\"dateModified\":\"2025-02-26T15:32:23+00:00\",\"breadcrumb\":{\"@id\":\"https:\/\/www.h-its.org\/de\/institut\/gleichstellungsplan\/#breadcrumb\"},\"inLanguage\":\"de\",\"potentialAction\":[{\"@type\":\"ReadAction\",\"target\":[\"https:\/\/www.h-its.org\/de\/institut\/gleichstellungsplan\/\"]}]},{\"@type\":\"ImageObject\",\"inLanguage\":\"de\",\"@id\":\"https:\/\/www.h-its.org\/de\/institut\/gleichstellungsplan\/#primaryimage\",\"url\":\"https:\/\/www.h-its.org\/de\/wp-content\/uploads\/sites\/2\/2019\/12\/HITS.jpg\",\"contentUrl\":\"https:\/\/www.h-its.org\/de\/wp-content\/uploads\/sites\/2\/2019\/12\/HITS.jpg\",\"width\":1340,\"height\":450},{\"@type\":\"BreadcrumbList\",\"@id\":\"https:\/\/www.h-its.org\/de\/institut\/gleichstellungsplan\/#breadcrumb\",\"itemListElement\":[{\"@type\":\"ListItem\",\"position\":1,\"name\":\"Home\",\"item\":\"https:\/\/www.h-its.org\/de\/\"},{\"@type\":\"ListItem\",\"position\":2,\"name\":\"Institut\",\"item\":\"https:\/\/www.h-its.org\/de\/institut\/\"},{\"@type\":\"ListItem\",\"position\":3,\"name\":\"Gleichstellungsplan\"}]},{\"@type\":\"WebSite\",\"@id\":\"https:\/\/www.h-its.org\/de\/#website\",\"url\":\"https:\/\/www.h-its.org\/de\/\",\"name\":\"HITS gGmbH\",\"description\":\"Heidelberg Institute for Theoretical Studies\",\"potentialAction\":[{\"@type\":\"SearchAction\",\"target\":{\"@type\":\"EntryPoint\",\"urlTemplate\":\"https:\/\/www.h-its.org\/de\/?s={search_term_string}\"},\"query-input\":{\"@type\":\"PropertyValueSpecification\",\"valueRequired\":true,\"valueName\":\"search_term_string\"}}],\"inLanguage\":\"de\"}]}<\/script>\n<!-- \/ Yoast SEO plugin. -->","yoast_head_json":{"title":"Gleichstellungsplan - HITS gGmbH","robots":{"index":"index","follow":"follow","max-snippet":"max-snippet:-1","max-image-preview":"max-image-preview:large","max-video-preview":"max-video-preview:-1"},"canonical":"https:\/\/www.h-its.org\/de\/institut\/gleichstellungsplan\/","og_locale":"de_DE","og_type":"article","og_title":"Gleichstellungsplan - HITS gGmbH","og_description":"Als internationales Forschungsinstitut hat sich die HITS gGmbH sowohl der Forschung als auch der F\u00f6rderung von Nachwuchswissenschaftler*innen verschrieben. Wir ...","og_url":"https:\/\/www.h-its.org\/de\/institut\/gleichstellungsplan\/","og_site_name":"HITS gGmbH","article_modified_time":"2025-02-26T15:32:23+00:00","og_image":[{"width":1340,"height":450,"url":"https:\/\/www.h-its.org\/de\/wp-content\/uploads\/sites\/2\/2019\/12\/HITS.jpg","type":"image\/jpeg"}],"twitter_card":"summary_large_image","twitter_misc":{"Gesch\u00e4tzte Lesezeit":"1\u00a0Minute"},"schema":{"@context":"https:\/\/schema.org","@graph":[{"@type":"WebPage","@id":"https:\/\/www.h-its.org\/de\/institut\/gleichstellungsplan\/","url":"https:\/\/www.h-its.org\/de\/institut\/gleichstellungsplan\/","name":"Gleichstellungsplan - HITS gGmbH","isPartOf":{"@id":"https:\/\/www.h-its.org\/de\/#website"},"primaryImageOfPage":{"@id":"https:\/\/www.h-its.org\/de\/institut\/gleichstellungsplan\/#primaryimage"},"image":{"@id":"https:\/\/www.h-its.org\/de\/institut\/gleichstellungsplan\/#primaryimage"},"thumbnailUrl":"https:\/\/www.h-its.org\/de\/wp-content\/uploads\/sites\/2\/2019\/12\/HITS.jpg","datePublished":"2022-03-29T13:28:41+00:00","dateModified":"2025-02-26T15:32:23+00:00","breadcrumb":{"@id":"https:\/\/www.h-its.org\/de\/institut\/gleichstellungsplan\/#breadcrumb"},"inLanguage":"de","potentialAction":[{"@type":"ReadAction","target":["https:\/\/www.h-its.org\/de\/institut\/gleichstellungsplan\/"]}]},{"@type":"ImageObject","inLanguage":"de","@id":"https:\/\/www.h-its.org\/de\/institut\/gleichstellungsplan\/#primaryimage","url":"https:\/\/www.h-its.org\/de\/wp-content\/uploads\/sites\/2\/2019\/12\/HITS.jpg","contentUrl":"https:\/\/www.h-its.org\/de\/wp-content\/uploads\/sites\/2\/2019\/12\/HITS.jpg","width":1340,"height":450},{"@type":"BreadcrumbList","@id":"https:\/\/www.h-its.org\/de\/institut\/gleichstellungsplan\/#breadcrumb","itemListElement":[{"@type":"ListItem","position":1,"name":"Home","item":"https:\/\/www.h-its.org\/de\/"},{"@type":"ListItem","position":2,"name":"Institut","item":"https:\/\/www.h-its.org\/de\/institut\/"},{"@type":"ListItem","position":3,"name":"Gleichstellungsplan"}]},{"@type":"WebSite","@id":"https:\/\/www.h-its.org\/de\/#website","url":"https:\/\/www.h-its.org\/de\/","name":"HITS gGmbH","description":"Heidelberg Institute for Theoretical Studies","potentialAction":[{"@type":"SearchAction","target":{"@type":"EntryPoint","urlTemplate":"https:\/\/www.h-its.org\/de\/?s={search_term_string}"},"query-input":{"@type":"PropertyValueSpecification","valueRequired":true,"valueName":"search_term_string"}}],"inLanguage":"de"}]}},"publishpress_future_action":{"enabled":false,"date":"2026-04-12 17:37:22","action":"change-status","newStatus":"draft","terms":[],"taxonomy":"hits-research-group","extraData":[]},"publishpress_future_workflow_manual_trigger":{"enabledWorkflows":[]},"_links":{"self":[{"href":"https:\/\/www.h-its.org\/de\/wp-json\/wp\/v2\/pages\/45176","targetHints":{"allow":["GET"]}}],"collection":[{"href":"https:\/\/www.h-its.org\/de\/wp-json\/wp\/v2\/pages"}],"about":[{"href":"https:\/\/www.h-its.org\/de\/wp-json\/wp\/v2\/types\/page"}],"author":[{"embeddable":true,"href":"https:\/\/www.h-its.org\/de\/wp-json\/wp\/v2\/users\/6"}],"replies":[{"embeddable":true,"href":"https:\/\/www.h-its.org\/de\/wp-json\/wp\/v2\/comments?post=45176"}],"version-history":[{"count":3,"href":"https:\/\/www.h-its.org\/de\/wp-json\/wp\/v2\/pages\/45176\/revisions"}],"predecessor-version":[{"id":49770,"href":"https:\/\/www.h-its.org\/de\/wp-json\/wp\/v2\/pages\/45176\/revisions\/49770"}],"up":[{"embeddable":true,"href":"https:\/\/www.h-its.org\/de\/wp-json\/wp\/v2\/pages\/6"}],"wp:featuredmedia":[{"embeddable":true,"href":"https:\/\/www.h-its.org\/de\/wp-json\/wp\/v2\/media\/40609"}],"wp:attachment":[{"href":"https:\/\/www.h-its.org\/de\/wp-json\/wp\/v2\/media?parent=45176"}],"wp:term":[{"taxonomy":"hits-research-group","embeddable":true,"href":"https:\/\/www.h-its.org\/de\/wp-json\/wp\/v2\/hits-research-group?post=45176"}],"curies":[{"name":"wp","href":"https:\/\/api.w.org\/{rel}","templated":true}]}}