{"id":45618,"date":"2022-08-25T11:53:56","date_gmt":"2022-08-25T09:53:56","guid":{"rendered":"https:\/\/www.h-its.org\/de\/forschung\/machinelearning-and-artificial-intelligence-mli-de\/"},"modified":"2024-08-05T13:56:51","modified_gmt":"2024-08-05T11:56:51","slug":"mli","status":"publish","type":"page","link":"https:\/\/www.h-its.org\/de\/forschung\/mli\/","title":{"rendered":"Machine Learning and Artificial Intelligence (MLI)"},"content":{"rendered":"\n<p><\/p>\n\n\n\n<p>Kaum ein Schlagwort ist in den letzten Jahren so sehr Bestandteil des menschlichen Alltags geworden wie \u201eK\u00fcnstliche Intelligenz\u201c &#8211; von der Sprachassistenz \u00fcber autonomes Fahren bis hin zu generativen Modellen, die ausgehend von einer Textbeschreibung beeindruckende Bilder unterschiedlicher k\u00fcnstlerischer Stilrichtungen erstellen k\u00f6nnen. Die Wissenschaft indes besch\u00e4ftigt sich schon seit langem mit den Methoden, die hinter dem Schlagwort stecken. Daran arbeitet die MLI Gruppe, die im September 2022 am HITS gegr\u00fcndet wurde.<\/p>\n\n\n\n<p>Die Gruppe besch\u00e4ftigt sich mit der Entwicklung von neuartigen Algorithmen und Verfahren des maschinellen Lernens. Besondere Schwerpunkte sind hierbei dateneffiziente Lernverfahren, sowie die Entwicklung von Algorithmen f\u00fcr bessere Generalisierbarkeit und interpretierbare Repr\u00e4sentationen.<\/p>\n\n\n\n<p>Die entwickelten Methoden des dateneffizienten Lernens erlauben es, ein an einem gro\u00dfen Datensatz vortrainiertes Modell an eine neuartige Anwendung anzupassen. Der Datensatz, der f\u00fcr dieses sogenannte \u201eFine-Tuning\u201c verwendet wird, kann dabei deutlich kleiner sein, als es ohne das Vortrainieren des Modells m\u00f6glich w\u00e4re. Dadurch reduziert sich der Zeit- und Kostenaufwand zum Erstellen der Trainingsdaten, und maschinelle Lernverfahren k\u00f6nnen in daf\u00fcr bisher unzug\u00e4nglichen Anwendungsfeldern verwendet werden.<\/p>\n\n\n\n<p>Ein Schwerpunkt der Forschung ist hierbei insbesondere die Entwicklung von Lernverfahren f\u00fcr eine bessere Generalisierbarkeit der Modelle. Hierdurch wird der Fehler minimiert, der bei der Verwendung eines an einen kleinen Datensatz angepassten Modells zu erwarten ist. Dabei werden Erkenntnisse aus der Lerntheorie mit Methoden der konvexen und nicht-konvexen Optimierung kombiniert.<\/p>\n\n\n\n<p>Ein weiterer Schwerpunkt liegt in interpretierbaren Repr\u00e4sentationen, mit dem Ziel, die Modelle interpretierbar und somit besser verst\u00e4ndlich zu machen, und um grundlegende Zusammenh\u00e4nge in Daten zu veranschaulichen. So lassen sich mit entsprechenden Lernalgorithmen den Daten zugrunde liegende Faktoren und teilweise sogar die kausalen Zusammenh\u00e4nge von beobachteten Daten ableiten. Insbesondere in den Naturwissenschaften ergeben sich dadurch interessante Anwendungen. Zur Anwendung kommen hierbei Methoden der variationellen Inferenz, statistische Verfahren der Faktoranalyse, sowie Graph-Neural-Networks.<\/p>\n","protected":false},"excerpt":{"rendered":"<p>Kaum ein Schlagwort ist in den letzten Jahren so sehr Bestandteil des menschlichen Alltags geworden wie \u201eK\u00fcnstliche Intelligenz\u201c &#8211; von der &#8230;<\/p>\n","protected":false},"author":107,"featured_media":49186,"parent":4,"menu_order":10,"comment_status":"closed","ping_status":"closed","template":"page-templates\/group.php","meta":{"_acf_changed":false,"inline_featured_image":false,"footnotes":""},"hits-research-group":[1423],"class_list":["post-45618","page","type-page","status-publish","has-post-thumbnail","hentry","hits-research-group-machine-learning-and-artificial-intelligence"],"acf":[],"yoast_head":"<!-- This site is optimized with the Yoast SEO plugin v27.2 - https:\/\/yoast.com\/product\/yoast-seo-wordpress\/ -->\n<title>Machine Learning and Artificial Intelligence (MLI) - HITS gGmbH<\/title>\n<meta name=\"robots\" content=\"index, follow, max-snippet:-1, max-image-preview:large, max-video-preview:-1\" \/>\n<link rel=\"canonical\" href=\"https:\/\/www.h-its.org\/de\/forschung\/mli\/\" \/>\n<meta property=\"og:locale\" content=\"de_DE\" \/>\n<meta property=\"og:type\" content=\"article\" \/>\n<meta property=\"og:title\" content=\"Machine Learning and Artificial Intelligence (MLI) - HITS gGmbH\" \/>\n<meta property=\"og:description\" content=\"Kaum ein Schlagwort ist in den letzten Jahren so sehr Bestandteil des menschlichen Alltags geworden wie \u201eK\u00fcnstliche Intelligenz\u201c &#8211; von der ...\" \/>\n<meta property=\"og:url\" content=\"https:\/\/www.h-its.org\/de\/forschung\/mli\/\" \/>\n<meta property=\"og:site_name\" content=\"HITS gGmbH\" \/>\n<meta property=\"article:modified_time\" content=\"2024-08-05T11:56:51+00:00\" \/>\n<meta property=\"og:image\" content=\"https:\/\/www.h-its.org\/de\/wp-content\/uploads\/sites\/2\/2024\/08\/MLI_Picture-1024x760.png\" \/>\n\t<meta property=\"og:image:width\" content=\"1024\" \/>\n\t<meta property=\"og:image:height\" content=\"760\" \/>\n\t<meta property=\"og:image:type\" content=\"image\/png\" \/>\n<meta name=\"twitter:card\" content=\"summary_large_image\" \/>\n<meta name=\"twitter:label1\" content=\"Gesch\u00e4tzte Lesezeit\" \/>\n\t<meta name=\"twitter:data1\" content=\"2\u00a0Minuten\" \/>\n<script type=\"application\/ld+json\" class=\"yoast-schema-graph\">{\"@context\":\"https:\/\/schema.org\",\"@graph\":[{\"@type\":\"WebPage\",\"@id\":\"https:\/\/www.h-its.org\/de\/forschung\/mli\/\",\"url\":\"https:\/\/www.h-its.org\/de\/forschung\/mli\/\",\"name\":\"Machine Learning and Artificial Intelligence (MLI) - HITS gGmbH\",\"isPartOf\":{\"@id\":\"https:\/\/www.h-its.org\/de\/#website\"},\"primaryImageOfPage\":{\"@id\":\"https:\/\/www.h-its.org\/de\/forschung\/mli\/#primaryimage\"},\"image\":{\"@id\":\"https:\/\/www.h-its.org\/de\/forschung\/mli\/#primaryimage\"},\"thumbnailUrl\":\"https:\/\/www.h-its.org\/de\/wp-content\/uploads\/sites\/2\/2024\/08\/MLI_Picture.png\",\"datePublished\":\"2022-08-25T09:53:56+00:00\",\"dateModified\":\"2024-08-05T11:56:51+00:00\",\"breadcrumb\":{\"@id\":\"https:\/\/www.h-its.org\/de\/forschung\/mli\/#breadcrumb\"},\"inLanguage\":\"de\",\"potentialAction\":[{\"@type\":\"ReadAction\",\"target\":[\"https:\/\/www.h-its.org\/de\/forschung\/mli\/\"]}]},{\"@type\":\"ImageObject\",\"inLanguage\":\"de\",\"@id\":\"https:\/\/www.h-its.org\/de\/forschung\/mli\/#primaryimage\",\"url\":\"https:\/\/www.h-its.org\/de\/wp-content\/uploads\/sites\/2\/2024\/08\/MLI_Picture.png\",\"contentUrl\":\"https:\/\/www.h-its.org\/de\/wp-content\/uploads\/sites\/2\/2024\/08\/MLI_Picture.png\",\"width\":3100,\"height\":2300},{\"@type\":\"BreadcrumbList\",\"@id\":\"https:\/\/www.h-its.org\/de\/forschung\/mli\/#breadcrumb\",\"itemListElement\":[{\"@type\":\"ListItem\",\"position\":1,\"name\":\"Home\",\"item\":\"https:\/\/www.h-its.org\/de\/\"},{\"@type\":\"ListItem\",\"position\":2,\"name\":\"Forschung am HITS\",\"item\":\"https:\/\/www.h-its.org\/de\/forschung\/\"},{\"@type\":\"ListItem\",\"position\":3,\"name\":\"Machine Learning and Artificial Intelligence (MLI)\"}]},{\"@type\":\"WebSite\",\"@id\":\"https:\/\/www.h-its.org\/de\/#website\",\"url\":\"https:\/\/www.h-its.org\/de\/\",\"name\":\"HITS gGmbH\",\"description\":\"Heidelberg Institute for Theoretical Studies\",\"potentialAction\":[{\"@type\":\"SearchAction\",\"target\":{\"@type\":\"EntryPoint\",\"urlTemplate\":\"https:\/\/www.h-its.org\/de\/?s={search_term_string}\"},\"query-input\":{\"@type\":\"PropertyValueSpecification\",\"valueRequired\":true,\"valueName\":\"search_term_string\"}}],\"inLanguage\":\"de\"}]}<\/script>\n<!-- \/ Yoast SEO plugin. -->","yoast_head_json":{"title":"Machine Learning and Artificial Intelligence (MLI) - HITS gGmbH","robots":{"index":"index","follow":"follow","max-snippet":"max-snippet:-1","max-image-preview":"max-image-preview:large","max-video-preview":"max-video-preview:-1"},"canonical":"https:\/\/www.h-its.org\/de\/forschung\/mli\/","og_locale":"de_DE","og_type":"article","og_title":"Machine Learning and Artificial Intelligence (MLI) - HITS gGmbH","og_description":"Kaum ein Schlagwort ist in den letzten Jahren so sehr Bestandteil des menschlichen Alltags geworden wie \u201eK\u00fcnstliche Intelligenz\u201c &#8211; von der ...","og_url":"https:\/\/www.h-its.org\/de\/forschung\/mli\/","og_site_name":"HITS gGmbH","article_modified_time":"2024-08-05T11:56:51+00:00","og_image":[{"width":1024,"height":760,"url":"https:\/\/www.h-its.org\/de\/wp-content\/uploads\/sites\/2\/2024\/08\/MLI_Picture-1024x760.png","type":"image\/png"}],"twitter_card":"summary_large_image","twitter_misc":{"Gesch\u00e4tzte Lesezeit":"2\u00a0Minuten"},"schema":{"@context":"https:\/\/schema.org","@graph":[{"@type":"WebPage","@id":"https:\/\/www.h-its.org\/de\/forschung\/mli\/","url":"https:\/\/www.h-its.org\/de\/forschung\/mli\/","name":"Machine Learning and Artificial Intelligence (MLI) - HITS gGmbH","isPartOf":{"@id":"https:\/\/www.h-its.org\/de\/#website"},"primaryImageOfPage":{"@id":"https:\/\/www.h-its.org\/de\/forschung\/mli\/#primaryimage"},"image":{"@id":"https:\/\/www.h-its.org\/de\/forschung\/mli\/#primaryimage"},"thumbnailUrl":"https:\/\/www.h-its.org\/de\/wp-content\/uploads\/sites\/2\/2024\/08\/MLI_Picture.png","datePublished":"2022-08-25T09:53:56+00:00","dateModified":"2024-08-05T11:56:51+00:00","breadcrumb":{"@id":"https:\/\/www.h-its.org\/de\/forschung\/mli\/#breadcrumb"},"inLanguage":"de","potentialAction":[{"@type":"ReadAction","target":["https:\/\/www.h-its.org\/de\/forschung\/mli\/"]}]},{"@type":"ImageObject","inLanguage":"de","@id":"https:\/\/www.h-its.org\/de\/forschung\/mli\/#primaryimage","url":"https:\/\/www.h-its.org\/de\/wp-content\/uploads\/sites\/2\/2024\/08\/MLI_Picture.png","contentUrl":"https:\/\/www.h-its.org\/de\/wp-content\/uploads\/sites\/2\/2024\/08\/MLI_Picture.png","width":3100,"height":2300},{"@type":"BreadcrumbList","@id":"https:\/\/www.h-its.org\/de\/forschung\/mli\/#breadcrumb","itemListElement":[{"@type":"ListItem","position":1,"name":"Home","item":"https:\/\/www.h-its.org\/de\/"},{"@type":"ListItem","position":2,"name":"Forschung am HITS","item":"https:\/\/www.h-its.org\/de\/forschung\/"},{"@type":"ListItem","position":3,"name":"Machine Learning and Artificial Intelligence (MLI)"}]},{"@type":"WebSite","@id":"https:\/\/www.h-its.org\/de\/#website","url":"https:\/\/www.h-its.org\/de\/","name":"HITS gGmbH","description":"Heidelberg Institute for Theoretical Studies","potentialAction":[{"@type":"SearchAction","target":{"@type":"EntryPoint","urlTemplate":"https:\/\/www.h-its.org\/de\/?s={search_term_string}"},"query-input":{"@type":"PropertyValueSpecification","valueRequired":true,"valueName":"search_term_string"}}],"inLanguage":"de"}]}},"publishpress_future_action":{"enabled":false,"date":"2026-04-13 09:54:52","action":"change-status","newStatus":"draft","terms":[],"taxonomy":"hits-research-group","extraData":[]},"publishpress_future_workflow_manual_trigger":{"enabledWorkflows":[]},"_links":{"self":[{"href":"https:\/\/www.h-its.org\/de\/wp-json\/wp\/v2\/pages\/45618","targetHints":{"allow":["GET"]}}],"collection":[{"href":"https:\/\/www.h-its.org\/de\/wp-json\/wp\/v2\/pages"}],"about":[{"href":"https:\/\/www.h-its.org\/de\/wp-json\/wp\/v2\/types\/page"}],"author":[{"embeddable":true,"href":"https:\/\/www.h-its.org\/de\/wp-json\/wp\/v2\/users\/107"}],"replies":[{"embeddable":true,"href":"https:\/\/www.h-its.org\/de\/wp-json\/wp\/v2\/comments?post=45618"}],"version-history":[{"count":6,"href":"https:\/\/www.h-its.org\/de\/wp-json\/wp\/v2\/pages\/45618\/revisions"}],"predecessor-version":[{"id":45724,"href":"https:\/\/www.h-its.org\/de\/wp-json\/wp\/v2\/pages\/45618\/revisions\/45724"}],"up":[{"embeddable":true,"href":"https:\/\/www.h-its.org\/de\/wp-json\/wp\/v2\/pages\/4"}],"wp:featuredmedia":[{"embeddable":true,"href":"https:\/\/www.h-its.org\/de\/wp-json\/wp\/v2\/media\/49186"}],"wp:attachment":[{"href":"https:\/\/www.h-its.org\/de\/wp-json\/wp\/v2\/media?parent=45618"}],"wp:term":[{"taxonomy":"hits-research-group","embeddable":true,"href":"https:\/\/www.h-its.org\/de\/wp-json\/wp\/v2\/hits-research-group?post=45618"}],"curies":[{"name":"wp","href":"https:\/\/api.w.org\/{rel}","templated":true}]}}