{"id":45620,"date":"2022-08-25T11:53:56","date_gmt":"2022-08-25T09:53:56","guid":{"rendered":"https:\/\/www.h-its.org\/de\/forschung\/machinelearning-and-artificial-intelligence-mli-de\/projects-mli\/"},"modified":"2025-04-14T17:15:12","modified_gmt":"2025-04-14T15:15:12","slug":"projects-mli","status":"publish","type":"page","link":"https:\/\/www.h-its.org\/de\/forschung\/mli\/projects-mli\/","title":{"rendered":"Projekte MLI"},"content":{"rendered":"<div class=\"hits-blocks hits-projects-block \">\n        <div class=\"project-grid three-columns\">\n                  \n<div class=\"project-preview\">\n      <div class=\"image\">\n      <img loading=\"lazy\" decoding=\"async\" width=\"300\" height=\"169\" src=\"https:\/\/www.h-its.org\/de\/wp-content\/uploads\/sites\/2\/2024\/10\/col_tubes_cross_color-scaled-300x169.jpg\" class=\"attachment-medium size-medium wp-post-image\" alt=\"Diffusion_Models\" 0=\"project-preview--post-thumbnail\" srcset=\"https:\/\/www.h-its.org\/de\/wp-content\/uploads\/sites\/2\/2024\/10\/col_tubes_cross_color-scaled-300x169.jpg 300w, https:\/\/www.h-its.org\/de\/wp-content\/uploads\/sites\/2\/2024\/10\/col_tubes_cross_color-scaled-1024x576.jpg 1024w, https:\/\/www.h-its.org\/de\/wp-content\/uploads\/sites\/2\/2024\/10\/col_tubes_cross_color-scaled-768x432.jpg 768w, https:\/\/www.h-its.org\/de\/wp-content\/uploads\/sites\/2\/2024\/10\/col_tubes_cross_color-scaled-1536x864.jpg 1536w, https:\/\/www.h-its.org\/de\/wp-content\/uploads\/sites\/2\/2024\/10\/col_tubes_cross_color-scaled-2048x1152.jpg 2048w, https:\/\/www.h-its.org\/de\/wp-content\/uploads\/sites\/2\/2024\/10\/col_tubes_cross_color-scaled-640x360.jpg 640w, https:\/\/www.h-its.org\/de\/wp-content\/uploads\/sites\/2\/2024\/10\/col_tubes_cross_color-scaled-1200x675.jpg 1200w, https:\/\/www.h-its.org\/de\/wp-content\/uploads\/sites\/2\/2024\/10\/col_tubes_cross_color-scaled-1920x1080.jpg 1920w, https:\/\/www.h-its.org\/de\/wp-content\/uploads\/sites\/2\/2024\/10\/col_tubes_cross_color-scaled-2x1.jpg 2w, https:\/\/www.h-its.org\/de\/wp-content\/uploads\/sites\/2\/2024\/10\/col_tubes_cross_color-scaled-420x236.jpg 420w, https:\/\/www.h-its.org\/de\/wp-content\/uploads\/sites\/2\/2024\/10\/col_tubes_cross_color-scaled-610x343.jpg 610w\" sizes=\"auto, (max-width: 639px) 98vw, (max-width: 1199px) 64vw, 300px\" \/>    <\/div>\n    <div class=\"project-preview--content\">\n    <p class=\"font-m font-normal font-primary\">Diffusion models for protein design<\/p>\n    <div class=\"meta\">\n      <div class=\"date\">15.10.2024<\/div>\n    <\/div>\n    <p>Generatives Deep Learning hat das Proteindesign ver\u00e4ndert und erm\u00f6glicht die Entwicklung neuer Proteinstrukturen, Interaktionen und Funktionen mit hoher Pr\u00e4&#8230;<\/p>\n    <a href=\"https:\/\/www.h-its.org\/de\/projects\/diffusion-models\/\">Mehr erfahren<\/a>\n  <\/div>\n<\/div>\n        \n      <\/div>\n\n    <\/div>\n\n\n\n<h1 class=\"wp-block-heading\">Master und Bachelor Thesis Projekte<\/h1>\n\n\n\n<p>Bachelor und Master Projekte sind auf unserer <a href=\"https:\/\/www.h-its.org\/research\/mli\/projects\/\">Englischen Webseite<\/a> aufgelistet.<\/p>\n\n\n\n<p><\/p>\n","protected":false},"excerpt":{"rendered":"<p>Master und Bachelor Thesis Projekte Bachelor und Master Projekte sind auf unserer Englischen Webseite aufgelistet.<\/p>\n","protected":false},"author":107,"featured_media":0,"parent":45618,"menu_order":2,"comment_status":"closed","ping_status":"closed","template":"page-templates\/group.php","meta":{"_acf_changed":false,"inline_featured_image":false,"footnotes":""},"hits-research-group":[1423],"class_list":["post-45620","page","type-page","status-publish","hentry","hits-research-group-machine-learning-and-artificial-intelligence"],"acf":[],"yoast_head":"<!-- This site is optimized with the Yoast SEO plugin v27.4 - https:\/\/yoast.com\/product\/yoast-seo-wordpress\/ -->\n<title>Projekte MLI - HITS gGmbH<\/title>\n<meta name=\"robots\" content=\"index, follow, max-snippet:-1, max-image-preview:large, max-video-preview:-1\" \/>\n<link rel=\"canonical\" href=\"https:\/\/www.h-its.org\/de\/forschung\/mli\/projects-mli\/\" \/>\n<meta property=\"og:locale\" content=\"de_DE\" \/>\n<meta property=\"og:type\" content=\"article\" \/>\n<meta property=\"og:title\" content=\"Projekte MLI - HITS gGmbH\" \/>\n<meta property=\"og:description\" content=\"Master und Bachelor Thesis Projekte Bachelor und Master Projekte sind auf unserer Englischen Webseite aufgelistet.\" \/>\n<meta property=\"og:url\" content=\"https:\/\/www.h-its.org\/de\/forschung\/mli\/projects-mli\/\" \/>\n<meta property=\"og:site_name\" content=\"HITS gGmbH\" \/>\n<meta property=\"article:modified_time\" content=\"2025-04-14T15:15:12+00:00\" \/>\n<meta name=\"twitter:card\" content=\"summary_large_image\" \/>\n<meta name=\"twitter:label1\" content=\"Gesch\u00e4tzte Lesezeit\" \/>\n\t<meta name=\"twitter:data1\" content=\"1\u00a0Minute\" \/>\n<script type=\"application\/ld+json\" class=\"yoast-schema-graph\">{\"@context\":\"https:\\\/\\\/schema.org\",\"@graph\":[{\"@type\":\"WebPage\",\"@id\":\"https:\\\/\\\/www.h-its.org\\\/de\\\/forschung\\\/mli\\\/projects-mli\\\/\",\"url\":\"https:\\\/\\\/www.h-its.org\\\/de\\\/forschung\\\/mli\\\/projects-mli\\\/\",\"name\":\"Projekte MLI - HITS gGmbH\",\"isPartOf\":{\"@id\":\"https:\\\/\\\/www.h-its.org\\\/de\\\/#website\"},\"datePublished\":\"2022-08-25T09:53:56+00:00\",\"dateModified\":\"2025-04-14T15:15:12+00:00\",\"breadcrumb\":{\"@id\":\"https:\\\/\\\/www.h-its.org\\\/de\\\/forschung\\\/mli\\\/projects-mli\\\/#breadcrumb\"},\"inLanguage\":\"de\",\"potentialAction\":[{\"@type\":\"ReadAction\",\"target\":[\"https:\\\/\\\/www.h-its.org\\\/de\\\/forschung\\\/mli\\\/projects-mli\\\/\"]}]},{\"@type\":\"BreadcrumbList\",\"@id\":\"https:\\\/\\\/www.h-its.org\\\/de\\\/forschung\\\/mli\\\/projects-mli\\\/#breadcrumb\",\"itemListElement\":[{\"@type\":\"ListItem\",\"position\":1,\"name\":\"Home\",\"item\":\"https:\\\/\\\/www.h-its.org\\\/de\\\/\"},{\"@type\":\"ListItem\",\"position\":2,\"name\":\"Forschung am HITS\",\"item\":\"https:\\\/\\\/www.h-its.org\\\/de\\\/forschung\\\/\"},{\"@type\":\"ListItem\",\"position\":3,\"name\":\"Machine Learning and Artificial Intelligence (MLI)\",\"item\":\"https:\\\/\\\/www.h-its.org\\\/de\\\/forschung\\\/mli\\\/\"},{\"@type\":\"ListItem\",\"position\":4,\"name\":\"Projekte MLI\"}]},{\"@type\":\"WebSite\",\"@id\":\"https:\\\/\\\/www.h-its.org\\\/de\\\/#website\",\"url\":\"https:\\\/\\\/www.h-its.org\\\/de\\\/\",\"name\":\"HITS gGmbH\",\"description\":\"Heidelberg Institute for Theoretical Studies\",\"potentialAction\":[{\"@type\":\"SearchAction\",\"target\":{\"@type\":\"EntryPoint\",\"urlTemplate\":\"https:\\\/\\\/www.h-its.org\\\/de\\\/?s={search_term_string}\"},\"query-input\":{\"@type\":\"PropertyValueSpecification\",\"valueRequired\":true,\"valueName\":\"search_term_string\"}}],\"inLanguage\":\"de\"}]}<\/script>\n<!-- \/ Yoast SEO plugin. -->","yoast_head_json":{"title":"Projekte MLI - HITS gGmbH","robots":{"index":"index","follow":"follow","max-snippet":"max-snippet:-1","max-image-preview":"max-image-preview:large","max-video-preview":"max-video-preview:-1"},"canonical":"https:\/\/www.h-its.org\/de\/forschung\/mli\/projects-mli\/","og_locale":"de_DE","og_type":"article","og_title":"Projekte MLI - HITS gGmbH","og_description":"Master und Bachelor Thesis Projekte Bachelor und Master Projekte sind auf unserer Englischen Webseite aufgelistet.","og_url":"https:\/\/www.h-its.org\/de\/forschung\/mli\/projects-mli\/","og_site_name":"HITS gGmbH","article_modified_time":"2025-04-14T15:15:12+00:00","twitter_card":"summary_large_image","twitter_misc":{"Gesch\u00e4tzte Lesezeit":"1\u00a0Minute"},"schema":{"@context":"https:\/\/schema.org","@graph":[{"@type":"WebPage","@id":"https:\/\/www.h-its.org\/de\/forschung\/mli\/projects-mli\/","url":"https:\/\/www.h-its.org\/de\/forschung\/mli\/projects-mli\/","name":"Projekte MLI - HITS gGmbH","isPartOf":{"@id":"https:\/\/www.h-its.org\/de\/#website"},"datePublished":"2022-08-25T09:53:56+00:00","dateModified":"2025-04-14T15:15:12+00:00","breadcrumb":{"@id":"https:\/\/www.h-its.org\/de\/forschung\/mli\/projects-mli\/#breadcrumb"},"inLanguage":"de","potentialAction":[{"@type":"ReadAction","target":["https:\/\/www.h-its.org\/de\/forschung\/mli\/projects-mli\/"]}]},{"@type":"BreadcrumbList","@id":"https:\/\/www.h-its.org\/de\/forschung\/mli\/projects-mli\/#breadcrumb","itemListElement":[{"@type":"ListItem","position":1,"name":"Home","item":"https:\/\/www.h-its.org\/de\/"},{"@type":"ListItem","position":2,"name":"Forschung am HITS","item":"https:\/\/www.h-its.org\/de\/forschung\/"},{"@type":"ListItem","position":3,"name":"Machine Learning and Artificial Intelligence (MLI)","item":"https:\/\/www.h-its.org\/de\/forschung\/mli\/"},{"@type":"ListItem","position":4,"name":"Projekte MLI"}]},{"@type":"WebSite","@id":"https:\/\/www.h-its.org\/de\/#website","url":"https:\/\/www.h-its.org\/de\/","name":"HITS gGmbH","description":"Heidelberg Institute for Theoretical Studies","potentialAction":[{"@type":"SearchAction","target":{"@type":"EntryPoint","urlTemplate":"https:\/\/www.h-its.org\/de\/?s={search_term_string}"},"query-input":{"@type":"PropertyValueSpecification","valueRequired":true,"valueName":"search_term_string"}}],"inLanguage":"de"}]}},"publishpress_future_action":{"enabled":false,"date":"2026-04-28 17:43:01","action":"change-status","newStatus":"draft","terms":[],"taxonomy":"hits-research-group","extraData":[]},"publishpress_future_workflow_manual_trigger":{"enabledWorkflows":[]},"_links":{"self":[{"href":"https:\/\/www.h-its.org\/de\/wp-json\/wp\/v2\/pages\/45620","targetHints":{"allow":["GET"]}}],"collection":[{"href":"https:\/\/www.h-its.org\/de\/wp-json\/wp\/v2\/pages"}],"about":[{"href":"https:\/\/www.h-its.org\/de\/wp-json\/wp\/v2\/types\/page"}],"author":[{"embeddable":true,"href":"https:\/\/www.h-its.org\/de\/wp-json\/wp\/v2\/users\/107"}],"replies":[{"embeddable":true,"href":"https:\/\/www.h-its.org\/de\/wp-json\/wp\/v2\/comments?post=45620"}],"version-history":[{"count":5,"href":"https:\/\/www.h-its.org\/de\/wp-json\/wp\/v2\/pages\/45620\/revisions"}],"predecessor-version":[{"id":49881,"href":"https:\/\/www.h-its.org\/de\/wp-json\/wp\/v2\/pages\/45620\/revisions\/49881"}],"up":[{"embeddable":true,"href":"https:\/\/www.h-its.org\/de\/wp-json\/wp\/v2\/pages\/45618"}],"wp:attachment":[{"href":"https:\/\/www.h-its.org\/de\/wp-json\/wp\/v2\/media?parent=45620"}],"wp:term":[{"taxonomy":"hits-research-group","embeddable":true,"href":"https:\/\/www.h-its.org\/de\/wp-json\/wp\/v2\/hits-research-group?post=45620"}],"curies":[{"name":"wp","href":"https:\/\/api.w.org\/{rel}","templated":true}]}}