{"id":4686,"date":"2014-12-04T14:38:05","date_gmt":"2014-12-04T13:38:05","guid":{"rendered":"http:\/\/www.h-its.org\/?page_id=4686"},"modified":"2023-05-23T12:10:53","modified_gmt":"2023-05-23T10:10:53","slug":"datensammlungen","status":"publish","type":"page","link":"https:\/\/www.h-its.org\/de\/forschung\/sdbv\/datensammlungen\/","title":{"rendered":"Datensammlungen"},"content":{"rendered":"\n<h2 class=\"wp-block-heading\"><a href=\"http:\/\/sabiork.h-its.org\/\">Datenbank f\u00fcr biochemische Reaktionskinetik<\/a><strong><br><\/strong><\/h2>\n\n\n\n<div class=\"wp-block-image\"><figure class=\"alignleft\"><a href=\"http:\/\/sabiork.h-its.org\/\" target=\"_blank\" rel=\"http:\/\/sabiork.h-its.org\/ noopener noreferrer\"><img decoding=\"async\" src=\"https:\/\/www.h-its.org\/wp-content\/uploads\/2014\/12\/logo_SABIORK_big-300x153.png\" alt=\"\" class=\"wp-image-4663\" \/><\/a><\/figure><\/div>\n\n\n\n<p>SABIO-RK ist eine kuratierte, online zug\u00e4ngliche Datenbank f\u00fcr biochemische Reaktionen und deren detaillierten Informationen zu Reaktionsgeschwindigkeiten.<\/p>\n\n\n\n<div style=\"height:100px\" aria-hidden=\"true\" class=\"wp-block-spacer\"><\/div>\n\n\n\n<h2 class=\"wp-block-heading\"><a href=\"https:\/\/fairdomhub.org\/\">FAIRDOMHub<\/a><\/h2>\n\n\n\n<div class=\"wp-block-image\"><figure class=\"alignleft size-full is-resized\"><a href=\"https:\/\/fairdomhub.org\/\" target=\"_blank\" rel=\"http:\/\/euro-seek.org noopener noreferrer\"><img loading=\"lazy\" decoding=\"async\" src=\"https:\/\/www.h-its.org\/de\/wp-content\/uploads\/sites\/2\/2021\/11\/FAIRDOMhub.svg\" alt=\"fairdom-banner-b8fd42a9ef632c196bc24d68bdcbf55b\" class=\"wp-image-44702\" width=\"200\" height=\"200\" \/><\/a><\/figure><\/div>\n\n\n\n<p>FAIRDOMHub ist eine \u00f6ffentliche Plattform f\u00fcr FAIR Daten- und Modelmanagement in der Systembiologie.<\/p>\n\n\n\n<div style=\"height:100px\" aria-hidden=\"true\" class=\"wp-block-spacer\"><\/div>\n\n\n\n<h2 class=\"wp-block-heading\"><a href=\"https:\/\/seek.lisym.org\/\">LiSyM SEEK<\/a><\/h2>\n\n\n\n<div class=\"wp-block-image\"><figure class=\"alignleft\"><a class=\"https:\/\/seek.lisym.org\/\" href=\"https:\/\/seek.lisym.org\/\" target=\"_blank\" rel=\"noopener noreferrer\"><img decoding=\"async\" src=\"https:\/\/www.h-its.org\/wp-content\/uploads\/2019\/08\/Lisym.png\" alt=\"\" class=\"wp-image-39168\" \/><\/a><\/figure><\/div>\n\n\n\n<p>FAIRDOM-SEEK Datenmanagement f\u00fcr das LiSyM Projekt.<\/p>\n\n\n\n<div style=\"height:100px\" aria-hidden=\"true\" class=\"wp-block-spacer\"><\/div>\n\n\n\n<h2 class=\"wp-block-heading\"><a href=\"https:\/\/fairdomhub.org\/projects\/54\">SBEpo SEEK<\/a><\/h2>\n\n\n\n<div class=\"wp-block-image\"><figure class=\"alignleft is-resized\"><a href=\"https:\/\/fairdomhub.org\/projects\/54\" target=\"_blank\" rel=\"http:\/\/seek.sbepo.de\/ noopener noreferrer\"><img loading=\"lazy\" decoding=\"async\" src=\"http:\/\/www.h-its.org\/wp-content\/uploads\/2014\/12\/logo_SBEpo-247x300.png\" alt=\"\" width=\"156\" height=\"190\" \/><\/a><\/figure><\/div>\n\n\n\n<p>Datenmanagement f\u00fcr das SBEpo Projekt in FAIRDOMHub.<\/p>\n\n\n\n<div style=\"height:100px\" aria-hidden=\"true\" class=\"wp-block-spacer\"><\/div>\n","protected":false},"excerpt":{"rendered":"<p>Datenbank f\u00fcr biochemische Reaktionskinetik SABIO-RK ist eine kuratierte, online zug\u00e4ngliche Datenbank f\u00fcr biochemische Reaktionen und deren detaillierten Informationen &#8230;<\/p>\n","protected":false},"author":24,"featured_media":40662,"parent":48,"menu_order":5,"comment_status":"closed","ping_status":"closed","template":"page-templates\/group.php","meta":{"_acf_changed":false,"inline_featured_image":false,"footnotes":""},"hits-research-group":[1304],"class_list":["post-4686","page","type-page","status-publish","has-post-thumbnail","hentry","hits-research-group-sdbv-de"],"acf":[],"yoast_head":"<!-- This site is optimized with the Yoast SEO plugin v27.4 - https:\/\/yoast.com\/product\/yoast-seo-wordpress\/ -->\n<title>Datensammlungen - HITS gGmbH<\/title>\n<meta name=\"robots\" content=\"index, follow, max-snippet:-1, max-image-preview:large, max-video-preview:-1\" \/>\n<link rel=\"canonical\" href=\"https:\/\/www.h-its.org\/de\/forschung\/sdbv\/datensammlungen\/\" \/>\n<meta property=\"og:locale\" content=\"de_DE\" \/>\n<meta property=\"og:type\" content=\"article\" \/>\n<meta property=\"og:title\" content=\"Datensammlungen - HITS gGmbH\" \/>\n<meta property=\"og:description\" content=\"Datenbank f\u00fcr biochemische Reaktionskinetik SABIO-RK ist eine kuratierte, online zug\u00e4ngliche Datenbank f\u00fcr biochemische Reaktionen und deren detaillierten Informationen ...\" \/>\n<meta property=\"og:url\" content=\"https:\/\/www.h-its.org\/de\/forschung\/sdbv\/datensammlungen\/\" \/>\n<meta property=\"og:site_name\" content=\"HITS gGmbH\" \/>\n<meta property=\"article:modified_time\" content=\"2023-05-23T10:10:53+00:00\" \/>\n<meta property=\"og:image\" content=\"https:\/\/www.h-its.org\/de\/wp-content\/uploads\/sites\/2\/2019\/12\/SDBV-title.jpg\" \/>\n\t<meta property=\"og:image:width\" content=\"1340\" \/>\n\t<meta property=\"og:image:height\" content=\"1340\" \/>\n\t<meta property=\"og:image:type\" content=\"image\/jpeg\" \/>\n<meta name=\"twitter:card\" content=\"summary_large_image\" \/>\n<script type=\"application\/ld+json\" class=\"yoast-schema-graph\">{\"@context\":\"https:\\\/\\\/schema.org\",\"@graph\":[{\"@type\":\"WebPage\",\"@id\":\"https:\\\/\\\/www.h-its.org\\\/de\\\/forschung\\\/sdbv\\\/datensammlungen\\\/\",\"url\":\"https:\\\/\\\/www.h-its.org\\\/de\\\/forschung\\\/sdbv\\\/datensammlungen\\\/\",\"name\":\"Datensammlungen - HITS gGmbH\",\"isPartOf\":{\"@id\":\"https:\\\/\\\/www.h-its.org\\\/de\\\/#website\"},\"primaryImageOfPage\":{\"@id\":\"https:\\\/\\\/www.h-its.org\\\/de\\\/forschung\\\/sdbv\\\/datensammlungen\\\/#primaryimage\"},\"image\":{\"@id\":\"https:\\\/\\\/www.h-its.org\\\/de\\\/forschung\\\/sdbv\\\/datensammlungen\\\/#primaryimage\"},\"thumbnailUrl\":\"https:\\\/\\\/www.h-its.org\\\/de\\\/wp-content\\\/uploads\\\/sites\\\/2\\\/2019\\\/12\\\/SDBV-title.jpg\",\"datePublished\":\"2014-12-04T13:38:05+00:00\",\"dateModified\":\"2023-05-23T10:10:53+00:00\",\"breadcrumb\":{\"@id\":\"https:\\\/\\\/www.h-its.org\\\/de\\\/forschung\\\/sdbv\\\/datensammlungen\\\/#breadcrumb\"},\"inLanguage\":\"de\",\"potentialAction\":[{\"@type\":\"ReadAction\",\"target\":[\"https:\\\/\\\/www.h-its.org\\\/de\\\/forschung\\\/sdbv\\\/datensammlungen\\\/\"]}]},{\"@type\":\"ImageObject\",\"inLanguage\":\"de\",\"@id\":\"https:\\\/\\\/www.h-its.org\\\/de\\\/forschung\\\/sdbv\\\/datensammlungen\\\/#primaryimage\",\"url\":\"https:\\\/\\\/www.h-its.org\\\/de\\\/wp-content\\\/uploads\\\/sites\\\/2\\\/2019\\\/12\\\/SDBV-title.jpg\",\"contentUrl\":\"https:\\\/\\\/www.h-its.org\\\/de\\\/wp-content\\\/uploads\\\/sites\\\/2\\\/2019\\\/12\\\/SDBV-title.jpg\",\"width\":1340,\"height\":1340},{\"@type\":\"BreadcrumbList\",\"@id\":\"https:\\\/\\\/www.h-its.org\\\/de\\\/forschung\\\/sdbv\\\/datensammlungen\\\/#breadcrumb\",\"itemListElement\":[{\"@type\":\"ListItem\",\"position\":1,\"name\":\"Home\",\"item\":\"https:\\\/\\\/www.h-its.org\\\/de\\\/\"},{\"@type\":\"ListItem\",\"position\":2,\"name\":\"Forschung am HITS\",\"item\":\"https:\\\/\\\/www.h-its.org\\\/de\\\/forschung\\\/\"},{\"@type\":\"ListItem\",\"position\":3,\"name\":\"Scientific Databases and Visualization (SDBV)\",\"item\":\"https:\\\/\\\/www.h-its.org\\\/de\\\/forschung\\\/sdbv\\\/\"},{\"@type\":\"ListItem\",\"position\":4,\"name\":\"Datensammlungen\"}]},{\"@type\":\"WebSite\",\"@id\":\"https:\\\/\\\/www.h-its.org\\\/de\\\/#website\",\"url\":\"https:\\\/\\\/www.h-its.org\\\/de\\\/\",\"name\":\"HITS gGmbH\",\"description\":\"Heidelberg Institute for Theoretical Studies\",\"potentialAction\":[{\"@type\":\"SearchAction\",\"target\":{\"@type\":\"EntryPoint\",\"urlTemplate\":\"https:\\\/\\\/www.h-its.org\\\/de\\\/?s={search_term_string}\"},\"query-input\":{\"@type\":\"PropertyValueSpecification\",\"valueRequired\":true,\"valueName\":\"search_term_string\"}}],\"inLanguage\":\"de\"}]}<\/script>\n<!-- \/ Yoast SEO plugin. -->","yoast_head_json":{"title":"Datensammlungen - HITS gGmbH","robots":{"index":"index","follow":"follow","max-snippet":"max-snippet:-1","max-image-preview":"max-image-preview:large","max-video-preview":"max-video-preview:-1"},"canonical":"https:\/\/www.h-its.org\/de\/forschung\/sdbv\/datensammlungen\/","og_locale":"de_DE","og_type":"article","og_title":"Datensammlungen - HITS gGmbH","og_description":"Datenbank f\u00fcr biochemische Reaktionskinetik SABIO-RK ist eine kuratierte, online zug\u00e4ngliche Datenbank f\u00fcr biochemische Reaktionen und deren detaillierten Informationen ...","og_url":"https:\/\/www.h-its.org\/de\/forschung\/sdbv\/datensammlungen\/","og_site_name":"HITS gGmbH","article_modified_time":"2023-05-23T10:10:53+00:00","og_image":[{"width":1340,"height":1340,"url":"https:\/\/www.h-its.org\/de\/wp-content\/uploads\/sites\/2\/2019\/12\/SDBV-title.jpg","type":"image\/jpeg"}],"twitter_card":"summary_large_image","schema":{"@context":"https:\/\/schema.org","@graph":[{"@type":"WebPage","@id":"https:\/\/www.h-its.org\/de\/forschung\/sdbv\/datensammlungen\/","url":"https:\/\/www.h-its.org\/de\/forschung\/sdbv\/datensammlungen\/","name":"Datensammlungen - HITS gGmbH","isPartOf":{"@id":"https:\/\/www.h-its.org\/de\/#website"},"primaryImageOfPage":{"@id":"https:\/\/www.h-its.org\/de\/forschung\/sdbv\/datensammlungen\/#primaryimage"},"image":{"@id":"https:\/\/www.h-its.org\/de\/forschung\/sdbv\/datensammlungen\/#primaryimage"},"thumbnailUrl":"https:\/\/www.h-its.org\/de\/wp-content\/uploads\/sites\/2\/2019\/12\/SDBV-title.jpg","datePublished":"2014-12-04T13:38:05+00:00","dateModified":"2023-05-23T10:10:53+00:00","breadcrumb":{"@id":"https:\/\/www.h-its.org\/de\/forschung\/sdbv\/datensammlungen\/#breadcrumb"},"inLanguage":"de","potentialAction":[{"@type":"ReadAction","target":["https:\/\/www.h-its.org\/de\/forschung\/sdbv\/datensammlungen\/"]}]},{"@type":"ImageObject","inLanguage":"de","@id":"https:\/\/www.h-its.org\/de\/forschung\/sdbv\/datensammlungen\/#primaryimage","url":"https:\/\/www.h-its.org\/de\/wp-content\/uploads\/sites\/2\/2019\/12\/SDBV-title.jpg","contentUrl":"https:\/\/www.h-its.org\/de\/wp-content\/uploads\/sites\/2\/2019\/12\/SDBV-title.jpg","width":1340,"height":1340},{"@type":"BreadcrumbList","@id":"https:\/\/www.h-its.org\/de\/forschung\/sdbv\/datensammlungen\/#breadcrumb","itemListElement":[{"@type":"ListItem","position":1,"name":"Home","item":"https:\/\/www.h-its.org\/de\/"},{"@type":"ListItem","position":2,"name":"Forschung am HITS","item":"https:\/\/www.h-its.org\/de\/forschung\/"},{"@type":"ListItem","position":3,"name":"Scientific Databases and Visualization (SDBV)","item":"https:\/\/www.h-its.org\/de\/forschung\/sdbv\/"},{"@type":"ListItem","position":4,"name":"Datensammlungen"}]},{"@type":"WebSite","@id":"https:\/\/www.h-its.org\/de\/#website","url":"https:\/\/www.h-its.org\/de\/","name":"HITS gGmbH","description":"Heidelberg Institute for Theoretical Studies","potentialAction":[{"@type":"SearchAction","target":{"@type":"EntryPoint","urlTemplate":"https:\/\/www.h-its.org\/de\/?s={search_term_string}"},"query-input":{"@type":"PropertyValueSpecification","valueRequired":true,"valueName":"search_term_string"}}],"inLanguage":"de"}]}},"publishpress_future_action":{"enabled":false,"date":"2026-05-01 12:58:38","action":"change-status","newStatus":"draft","terms":[],"taxonomy":"hits-research-group","extraData":[]},"publishpress_future_workflow_manual_trigger":{"enabledWorkflows":[]},"_links":{"self":[{"href":"https:\/\/www.h-its.org\/de\/wp-json\/wp\/v2\/pages\/4686","targetHints":{"allow":["GET"]}}],"collection":[{"href":"https:\/\/www.h-its.org\/de\/wp-json\/wp\/v2\/pages"}],"about":[{"href":"https:\/\/www.h-its.org\/de\/wp-json\/wp\/v2\/types\/page"}],"author":[{"embeddable":true,"href":"https:\/\/www.h-its.org\/de\/wp-json\/wp\/v2\/users\/24"}],"replies":[{"embeddable":true,"href":"https:\/\/www.h-its.org\/de\/wp-json\/wp\/v2\/comments?post=4686"}],"version-history":[{"count":22,"href":"https:\/\/www.h-its.org\/de\/wp-json\/wp\/v2\/pages\/4686\/revisions"}],"predecessor-version":[{"id":46549,"href":"https:\/\/www.h-its.org\/de\/wp-json\/wp\/v2\/pages\/4686\/revisions\/46549"}],"up":[{"embeddable":true,"href":"https:\/\/www.h-its.org\/de\/wp-json\/wp\/v2\/pages\/48"}],"wp:featuredmedia":[{"embeddable":true,"href":"https:\/\/www.h-its.org\/de\/wp-json\/wp\/v2\/media\/40662"}],"wp:attachment":[{"href":"https:\/\/www.h-its.org\/de\/wp-json\/wp\/v2\/media?parent=4686"}],"wp:term":[{"taxonomy":"hits-research-group","embeddable":true,"href":"https:\/\/www.h-its.org\/de\/wp-json\/wp\/v2\/hits-research-group?post=4686"}],"curies":[{"name":"wp","href":"https:\/\/api.w.org\/{rel}","templated":true}]}}