{"id":4731,"date":"2014-12-04T21:54:33","date_gmt":"2014-12-04T20:54:33","guid":{"rendered":"http:\/\/www.h-its.org\/?page_id=4731"},"modified":"2019-12-10T14:17:02","modified_gmt":"2019-12-10T13:17:02","slug":"pso","status":"publish","type":"page","link":"https:\/\/www.h-its.org\/de\/forschung\/pso\/","title":{"rendered":"Physics of Stellar Objects (PSO)"},"content":{"rendered":"\n<p>&#8222;Wir sind Sternenstaub&#8220; &nbsp;&#8211; die Materie, aus der wir geformt sind, ist zum gro\u00dfen Teil das Ergebnis von Prozessierung des primordialen Materials aus dem Urknall. Alle schwereren Elemente stammen aus der Nukleosynthese in Sternen und gigantischen stellaren Explosionen. Eine fundamentale Frage ist, wie dieses Material geformt wurde und wie es sich im Universum verteilt. Gleichzeitig machen stellare Objekte das Universum f\u00fcr uns in astronomischen Beobachtungen \u00fcberhaupt erst sichtbar. Sterne scheinen im optischen und anderen Teilen des elektromagnetischen Spektrums. Sie sind fundamentale Bausteine von Galaxien und aller gr\u00f6\u00dferen kosmologischen Strukturen.<\/p>\n\n\n\n<p>Unsere Forschungsgruppe &#8222;Physik stellarer Objekte&#8220; strebt mit Hilfe von aufwendigen numerischen Simulationen ein Verst\u00e4ndnis der Prozesse in Sternen und stellaren Explosionen an. Neu entwickelte numerische Techniken und die stetig wachsende Leistungsf\u00e4higkeit von Supercomputern erm\u00f6glichen eine Modellierung stellarer Objekte in bisher nicht erreichtem Detailreichtum und gro\u00dfer Genauigkeit.<\/p>\n\n\n\n<p>Ein Hauptziel unserer Gruppe ist die Modellierung von thermonuklearen Explosionen wei\u00dfer Zwergsterne, die zum astronomischen Ph\u00e4nomen der Supernovae vom Typ Ia f\u00fchren. Diese sind die Hauptquelle des Eisens im Universum und wurden als Abstandsindikatoren in der Kosmologie eingesetzt, was zur spektakul\u00e4ren Entdeckung der beschleunigten Expansion des Universums f\u00fchrte. Mehrdimensionale str\u00f6mungsmechanische Simulationen kombiniert mit Nukleosyntheserechnungen und Modellierung des Strahlungstransports ergeben ein detailliertes Bild der physikalischen Prozesse in Typ Ia Supernovae, werden aber auch auf andere Arten von kosmischen Explosionen angewendet.<\/p>\n\n\n\n<p>Die klassische astrophysikalische Theorie beschreibt Sterne als eindimensionale Objekte im hydrostatischen Gleichgewicht. Dieser Ansatz ist extrem erfolgreich. Er erkl\u00e4rt, warum wir Sterne in verschiedenen Konfigurationen beobachten, und liefert ein qualitatives Verst\u00e4ndnis der Sternentwicklung. Die hierbei verwendeten vereinfachenden Annahmen schr\u00e4nken jedoch die Vorhersagekraft solcher Modelle stark ein. Mit neu entwickelten numerischen Hilfsmitteln untersucht die Gruppe dynamische Phasen der Sternentwicklung in dreidimensionalen Simulationen. Unser Ziel ist es, eine neue Generation von Sternmodellen zu schaffen, die auf einer verbesserten Beschreibung der in ihnen ablaufenden physikalischen Prozesse basiert.<\/p>\n","protected":false},"excerpt":{"rendered":"<p>Die PSO Gruppe modelliert thermonuklearen Explosionen wei\u00dfer Zwergsterne, die zum astronomischen Ph\u00e4nomen der Supernovae des Typen Ia f\u00fchren.<\/p>\n","protected":false},"author":3,"featured_media":40659,"parent":4,"menu_order":9,"comment_status":"closed","ping_status":"closed","template":"page-templates\/group.php","meta":{"_acf_changed":false,"inline_featured_image":false,"footnotes":""},"hits-research-group":[1279],"class_list":["post-4731","page","type-page","status-publish","has-post-thumbnail","hentry","hits-research-group-pso-de"],"acf":[],"yoast_head":"<!-- This site is optimized with the Yoast SEO plugin v27.4 - https:\/\/yoast.com\/product\/yoast-seo-wordpress\/ -->\n<title>Physics of Stellar Objects (PSO) - HITS gGmbH<\/title>\n<meta name=\"robots\" content=\"index, follow, max-snippet:-1, max-image-preview:large, max-video-preview:-1\" \/>\n<link rel=\"canonical\" href=\"https:\/\/www.h-its.org\/de\/forschung\/pso\/\" \/>\n<meta property=\"og:locale\" content=\"de_DE\" \/>\n<meta property=\"og:type\" content=\"article\" \/>\n<meta property=\"og:title\" content=\"Physics of Stellar Objects (PSO) - HITS gGmbH\" \/>\n<meta property=\"og:description\" content=\"Die PSO Gruppe modelliert thermonuklearen Explosionen wei\u00dfer Zwergsterne, die zum astronomischen Ph\u00e4nomen der Supernovae des Typen Ia f\u00fchren.\" \/>\n<meta property=\"og:url\" content=\"https:\/\/www.h-its.org\/de\/forschung\/pso\/\" \/>\n<meta property=\"og:site_name\" content=\"HITS gGmbH\" \/>\n<meta property=\"article:modified_time\" content=\"2019-12-10T13:17:02+00:00\" \/>\n<meta property=\"og:image\" content=\"https:\/\/www.h-its.org\/de\/wp-content\/uploads\/sites\/2\/2019\/12\/PSO.jpg\" \/>\n\t<meta property=\"og:image:width\" content=\"1340\" \/>\n\t<meta property=\"og:image:height\" content=\"1340\" \/>\n\t<meta property=\"og:image:type\" content=\"image\/jpeg\" \/>\n<meta name=\"twitter:card\" content=\"summary_large_image\" \/>\n<meta name=\"twitter:label1\" content=\"Gesch\u00e4tzte Lesezeit\" \/>\n\t<meta name=\"twitter:data1\" content=\"2\u00a0Minuten\" \/>\n<script type=\"application\/ld+json\" class=\"yoast-schema-graph\">{\"@context\":\"https:\\\/\\\/schema.org\",\"@graph\":[{\"@type\":\"WebPage\",\"@id\":\"https:\\\/\\\/www.h-its.org\\\/de\\\/forschung\\\/pso\\\/\",\"url\":\"https:\\\/\\\/www.h-its.org\\\/de\\\/forschung\\\/pso\\\/\",\"name\":\"Physics of Stellar Objects (PSO) - HITS gGmbH\",\"isPartOf\":{\"@id\":\"https:\\\/\\\/www.h-its.org\\\/de\\\/#website\"},\"primaryImageOfPage\":{\"@id\":\"https:\\\/\\\/www.h-its.org\\\/de\\\/forschung\\\/pso\\\/#primaryimage\"},\"image\":{\"@id\":\"https:\\\/\\\/www.h-its.org\\\/de\\\/forschung\\\/pso\\\/#primaryimage\"},\"thumbnailUrl\":\"https:\\\/\\\/www.h-its.org\\\/de\\\/wp-content\\\/uploads\\\/sites\\\/2\\\/2019\\\/12\\\/PSO.jpg\",\"datePublished\":\"2014-12-04T20:54:33+00:00\",\"dateModified\":\"2019-12-10T13:17:02+00:00\",\"breadcrumb\":{\"@id\":\"https:\\\/\\\/www.h-its.org\\\/de\\\/forschung\\\/pso\\\/#breadcrumb\"},\"inLanguage\":\"de\",\"potentialAction\":[{\"@type\":\"ReadAction\",\"target\":[\"https:\\\/\\\/www.h-its.org\\\/de\\\/forschung\\\/pso\\\/\"]}]},{\"@type\":\"ImageObject\",\"inLanguage\":\"de\",\"@id\":\"https:\\\/\\\/www.h-its.org\\\/de\\\/forschung\\\/pso\\\/#primaryimage\",\"url\":\"https:\\\/\\\/www.h-its.org\\\/de\\\/wp-content\\\/uploads\\\/sites\\\/2\\\/2019\\\/12\\\/PSO.jpg\",\"contentUrl\":\"https:\\\/\\\/www.h-its.org\\\/de\\\/wp-content\\\/uploads\\\/sites\\\/2\\\/2019\\\/12\\\/PSO.jpg\",\"width\":1340,\"height\":1340},{\"@type\":\"BreadcrumbList\",\"@id\":\"https:\\\/\\\/www.h-its.org\\\/de\\\/forschung\\\/pso\\\/#breadcrumb\",\"itemListElement\":[{\"@type\":\"ListItem\",\"position\":1,\"name\":\"Home\",\"item\":\"https:\\\/\\\/www.h-its.org\\\/de\\\/\"},{\"@type\":\"ListItem\",\"position\":2,\"name\":\"Forschung am HITS\",\"item\":\"https:\\\/\\\/www.h-its.org\\\/de\\\/forschung\\\/\"},{\"@type\":\"ListItem\",\"position\":3,\"name\":\"Physics of Stellar Objects (PSO)\"}]},{\"@type\":\"WebSite\",\"@id\":\"https:\\\/\\\/www.h-its.org\\\/de\\\/#website\",\"url\":\"https:\\\/\\\/www.h-its.org\\\/de\\\/\",\"name\":\"HITS gGmbH\",\"description\":\"Heidelberg Institute for Theoretical Studies\",\"potentialAction\":[{\"@type\":\"SearchAction\",\"target\":{\"@type\":\"EntryPoint\",\"urlTemplate\":\"https:\\\/\\\/www.h-its.org\\\/de\\\/?s={search_term_string}\"},\"query-input\":{\"@type\":\"PropertyValueSpecification\",\"valueRequired\":true,\"valueName\":\"search_term_string\"}}],\"inLanguage\":\"de\"}]}<\/script>\n<!-- \/ Yoast SEO plugin. -->","yoast_head_json":{"title":"Physics of Stellar Objects (PSO) - HITS gGmbH","robots":{"index":"index","follow":"follow","max-snippet":"max-snippet:-1","max-image-preview":"max-image-preview:large","max-video-preview":"max-video-preview:-1"},"canonical":"https:\/\/www.h-its.org\/de\/forschung\/pso\/","og_locale":"de_DE","og_type":"article","og_title":"Physics of Stellar Objects (PSO) - HITS gGmbH","og_description":"Die PSO Gruppe modelliert thermonuklearen Explosionen wei\u00dfer Zwergsterne, die zum astronomischen Ph\u00e4nomen der Supernovae des Typen Ia f\u00fchren.","og_url":"https:\/\/www.h-its.org\/de\/forschung\/pso\/","og_site_name":"HITS gGmbH","article_modified_time":"2019-12-10T13:17:02+00:00","og_image":[{"width":1340,"height":1340,"url":"https:\/\/www.h-its.org\/de\/wp-content\/uploads\/sites\/2\/2019\/12\/PSO.jpg","type":"image\/jpeg"}],"twitter_card":"summary_large_image","twitter_misc":{"Gesch\u00e4tzte Lesezeit":"2\u00a0Minuten"},"schema":{"@context":"https:\/\/schema.org","@graph":[{"@type":"WebPage","@id":"https:\/\/www.h-its.org\/de\/forschung\/pso\/","url":"https:\/\/www.h-its.org\/de\/forschung\/pso\/","name":"Physics of Stellar Objects (PSO) - HITS gGmbH","isPartOf":{"@id":"https:\/\/www.h-its.org\/de\/#website"},"primaryImageOfPage":{"@id":"https:\/\/www.h-its.org\/de\/forschung\/pso\/#primaryimage"},"image":{"@id":"https:\/\/www.h-its.org\/de\/forschung\/pso\/#primaryimage"},"thumbnailUrl":"https:\/\/www.h-its.org\/de\/wp-content\/uploads\/sites\/2\/2019\/12\/PSO.jpg","datePublished":"2014-12-04T20:54:33+00:00","dateModified":"2019-12-10T13:17:02+00:00","breadcrumb":{"@id":"https:\/\/www.h-its.org\/de\/forschung\/pso\/#breadcrumb"},"inLanguage":"de","potentialAction":[{"@type":"ReadAction","target":["https:\/\/www.h-its.org\/de\/forschung\/pso\/"]}]},{"@type":"ImageObject","inLanguage":"de","@id":"https:\/\/www.h-its.org\/de\/forschung\/pso\/#primaryimage","url":"https:\/\/www.h-its.org\/de\/wp-content\/uploads\/sites\/2\/2019\/12\/PSO.jpg","contentUrl":"https:\/\/www.h-its.org\/de\/wp-content\/uploads\/sites\/2\/2019\/12\/PSO.jpg","width":1340,"height":1340},{"@type":"BreadcrumbList","@id":"https:\/\/www.h-its.org\/de\/forschung\/pso\/#breadcrumb","itemListElement":[{"@type":"ListItem","position":1,"name":"Home","item":"https:\/\/www.h-its.org\/de\/"},{"@type":"ListItem","position":2,"name":"Forschung am HITS","item":"https:\/\/www.h-its.org\/de\/forschung\/"},{"@type":"ListItem","position":3,"name":"Physics of Stellar Objects (PSO)"}]},{"@type":"WebSite","@id":"https:\/\/www.h-its.org\/de\/#website","url":"https:\/\/www.h-its.org\/de\/","name":"HITS gGmbH","description":"Heidelberg Institute for Theoretical Studies","potentialAction":[{"@type":"SearchAction","target":{"@type":"EntryPoint","urlTemplate":"https:\/\/www.h-its.org\/de\/?s={search_term_string}"},"query-input":{"@type":"PropertyValueSpecification","valueRequired":true,"valueName":"search_term_string"}}],"inLanguage":"de"}]}},"publishpress_future_action":{"enabled":false,"date":"2026-05-19 10:44:55","action":"change-status","newStatus":"draft","terms":[],"taxonomy":"hits-research-group","extraData":[]},"publishpress_future_workflow_manual_trigger":{"enabledWorkflows":[]},"_links":{"self":[{"href":"https:\/\/www.h-its.org\/de\/wp-json\/wp\/v2\/pages\/4731","targetHints":{"allow":["GET"]}}],"collection":[{"href":"https:\/\/www.h-its.org\/de\/wp-json\/wp\/v2\/pages"}],"about":[{"href":"https:\/\/www.h-its.org\/de\/wp-json\/wp\/v2\/types\/page"}],"author":[{"embeddable":true,"href":"https:\/\/www.h-its.org\/de\/wp-json\/wp\/v2\/users\/3"}],"replies":[{"embeddable":true,"href":"https:\/\/www.h-its.org\/de\/wp-json\/wp\/v2\/comments?post=4731"}],"version-history":[{"count":11,"href":"https:\/\/www.h-its.org\/de\/wp-json\/wp\/v2\/pages\/4731\/revisions"}],"predecessor-version":[{"id":37315,"href":"https:\/\/www.h-its.org\/de\/wp-json\/wp\/v2\/pages\/4731\/revisions\/37315"}],"up":[{"embeddable":true,"href":"https:\/\/www.h-its.org\/de\/wp-json\/wp\/v2\/pages\/4"}],"wp:featuredmedia":[{"embeddable":true,"href":"https:\/\/www.h-its.org\/de\/wp-json\/wp\/v2\/media\/40659"}],"wp:attachment":[{"href":"https:\/\/www.h-its.org\/de\/wp-json\/wp\/v2\/media?parent=4731"}],"wp:term":[{"taxonomy":"hits-research-group","embeddable":true,"href":"https:\/\/www.h-its.org\/de\/wp-json\/wp\/v2\/hits-research-group?post=4731"}],"curies":[{"name":"wp","href":"https:\/\/api.w.org\/{rel}","templated":true}]}}