{"id":48,"date":"2014-09-03T20:10:05","date_gmt":"2014-09-03T18:10:05","guid":{"rendered":"http:\/\/www.h-its.org\/de\/research\/sdbv\/"},"modified":"2019-08-19T16:19:03","modified_gmt":"2019-08-19T14:19:03","slug":"sdbv","status":"publish","type":"page","link":"https:\/\/www.h-its.org\/de\/forschung\/sdbv\/","title":{"rendered":"Scientific Databases and Visualization (SDBV)"},"content":{"rendered":"\n<p>Unser Ziel ist, die Datenspeicherung und die Suche nach Daten in den Lebenswissenschaften zu verbessern, so dass Dom\u00e4nenexperten, die keine Informatiker sind, Daten einfach speichern, suchen und verarbeiten k\u00f6nnen. Wir glauben, dass man durch die Ausf\u00fchrung realer Systeme und den Betrieb von Systemen f\u00fcr richtige Nutzer viel lernen kann. So erfahren wir, worauf sie Wert legen.<\/p>\n\n\n\n<p>Wir arbeiten mit Methoden aus der Informatik, vor allem aus den Bereichen Mensch-Maschine-Interaktion und Inhaltserschlie\u00dfung, sowie mit Dom\u00e4nenwissen. In den vergangenen 15 Jahren hat sich die Gruppe auf Lebenswissenschaften spezialisiert, ein Fachgebiet, in dem die Datenintegration eine enorme Herausforderung darstellt. Wir sind dabei vor allem an Daten an der Grenze zwischen <i>big data<\/i> und <i>small data<\/i> interessiert.<\/p>\n\n\n\n<p><\/p>\n","protected":false},"excerpt":{"rendered":"<p>Die SDBV Gruppe verbessert die Datenspeicherung und die Suche nach Daten in den Lebenswissenschaften, so dass Dom\u00e4nenexperten, die keine Informatiker &#8230;<\/p>\n","protected":false},"author":1,"featured_media":40662,"parent":4,"menu_order":10,"comment_status":"closed","ping_status":"closed","template":"page-templates\/group.php","meta":{"_acf_changed":false,"inline_featured_image":false,"footnotes":""},"hits-research-group":[1304],"class_list":["post-48","page","type-page","status-publish","has-post-thumbnail","hentry","hits-research-group-sdbv-de"],"acf":[],"yoast_head":"<!-- This site is optimized with the Yoast SEO plugin v27.2 - https:\/\/yoast.com\/product\/yoast-seo-wordpress\/ -->\n<title>Scientific Databases and Visualization (SDBV) - HITS gGmbH<\/title>\n<meta name=\"robots\" content=\"index, follow, max-snippet:-1, max-image-preview:large, max-video-preview:-1\" \/>\n<link rel=\"canonical\" href=\"https:\/\/www.h-its.org\/de\/forschung\/sdbv\/\" \/>\n<meta property=\"og:locale\" content=\"de_DE\" \/>\n<meta property=\"og:type\" content=\"article\" \/>\n<meta property=\"og:title\" content=\"Scientific Databases and Visualization (SDBV) - HITS gGmbH\" \/>\n<meta property=\"og:description\" content=\"Die SDBV Gruppe verbessert die Datenspeicherung und die Suche nach Daten in den Lebenswissenschaften, so dass Dom\u00e4nenexperten, die keine Informatiker ...\" \/>\n<meta property=\"og:url\" content=\"https:\/\/www.h-its.org\/de\/forschung\/sdbv\/\" \/>\n<meta property=\"og:site_name\" content=\"HITS gGmbH\" \/>\n<meta property=\"article:modified_time\" content=\"2019-08-19T14:19:03+00:00\" \/>\n<meta property=\"og:image\" content=\"https:\/\/www.h-its.org\/de\/wp-content\/uploads\/sites\/2\/2019\/12\/SDBV-title.jpg\" \/>\n\t<meta property=\"og:image:width\" content=\"1340\" \/>\n\t<meta property=\"og:image:height\" content=\"1340\" \/>\n\t<meta property=\"og:image:type\" content=\"image\/jpeg\" \/>\n<meta name=\"twitter:card\" content=\"summary_large_image\" \/>\n<meta name=\"twitter:label1\" content=\"Gesch\u00e4tzte Lesezeit\" \/>\n\t<meta name=\"twitter:data1\" content=\"1\u00a0Minute\" \/>\n<script type=\"application\/ld+json\" class=\"yoast-schema-graph\">{\"@context\":\"https:\/\/schema.org\",\"@graph\":[{\"@type\":\"WebPage\",\"@id\":\"https:\/\/www.h-its.org\/de\/forschung\/sdbv\/\",\"url\":\"https:\/\/www.h-its.org\/de\/forschung\/sdbv\/\",\"name\":\"Scientific Databases and Visualization (SDBV) - HITS gGmbH\",\"isPartOf\":{\"@id\":\"https:\/\/www.h-its.org\/de\/#website\"},\"primaryImageOfPage\":{\"@id\":\"https:\/\/www.h-its.org\/de\/forschung\/sdbv\/#primaryimage\"},\"image\":{\"@id\":\"https:\/\/www.h-its.org\/de\/forschung\/sdbv\/#primaryimage\"},\"thumbnailUrl\":\"https:\/\/www.h-its.org\/de\/wp-content\/uploads\/sites\/2\/2019\/12\/SDBV-title.jpg\",\"datePublished\":\"2014-09-03T18:10:05+00:00\",\"dateModified\":\"2019-08-19T14:19:03+00:00\",\"breadcrumb\":{\"@id\":\"https:\/\/www.h-its.org\/de\/forschung\/sdbv\/#breadcrumb\"},\"inLanguage\":\"de\",\"potentialAction\":[{\"@type\":\"ReadAction\",\"target\":[\"https:\/\/www.h-its.org\/de\/forschung\/sdbv\/\"]}]},{\"@type\":\"ImageObject\",\"inLanguage\":\"de\",\"@id\":\"https:\/\/www.h-its.org\/de\/forschung\/sdbv\/#primaryimage\",\"url\":\"https:\/\/www.h-its.org\/de\/wp-content\/uploads\/sites\/2\/2019\/12\/SDBV-title.jpg\",\"contentUrl\":\"https:\/\/www.h-its.org\/de\/wp-content\/uploads\/sites\/2\/2019\/12\/SDBV-title.jpg\",\"width\":1340,\"height\":1340},{\"@type\":\"BreadcrumbList\",\"@id\":\"https:\/\/www.h-its.org\/de\/forschung\/sdbv\/#breadcrumb\",\"itemListElement\":[{\"@type\":\"ListItem\",\"position\":1,\"name\":\"Home\",\"item\":\"https:\/\/www.h-its.org\/de\/\"},{\"@type\":\"ListItem\",\"position\":2,\"name\":\"Forschung am HITS\",\"item\":\"https:\/\/www.h-its.org\/de\/forschung\/\"},{\"@type\":\"ListItem\",\"position\":3,\"name\":\"Scientific Databases and Visualization (SDBV)\"}]},{\"@type\":\"WebSite\",\"@id\":\"https:\/\/www.h-its.org\/de\/#website\",\"url\":\"https:\/\/www.h-its.org\/de\/\",\"name\":\"HITS gGmbH\",\"description\":\"Heidelberg Institute for Theoretical Studies\",\"potentialAction\":[{\"@type\":\"SearchAction\",\"target\":{\"@type\":\"EntryPoint\",\"urlTemplate\":\"https:\/\/www.h-its.org\/de\/?s={search_term_string}\"},\"query-input\":{\"@type\":\"PropertyValueSpecification\",\"valueRequired\":true,\"valueName\":\"search_term_string\"}}],\"inLanguage\":\"de\"}]}<\/script>\n<!-- \/ Yoast SEO plugin. -->","yoast_head_json":{"title":"Scientific Databases and Visualization (SDBV) - HITS gGmbH","robots":{"index":"index","follow":"follow","max-snippet":"max-snippet:-1","max-image-preview":"max-image-preview:large","max-video-preview":"max-video-preview:-1"},"canonical":"https:\/\/www.h-its.org\/de\/forschung\/sdbv\/","og_locale":"de_DE","og_type":"article","og_title":"Scientific Databases and Visualization (SDBV) - HITS gGmbH","og_description":"Die SDBV Gruppe verbessert die Datenspeicherung und die Suche nach Daten in den Lebenswissenschaften, so dass Dom\u00e4nenexperten, die keine Informatiker ...","og_url":"https:\/\/www.h-its.org\/de\/forschung\/sdbv\/","og_site_name":"HITS gGmbH","article_modified_time":"2019-08-19T14:19:03+00:00","og_image":[{"width":1340,"height":1340,"url":"https:\/\/www.h-its.org\/de\/wp-content\/uploads\/sites\/2\/2019\/12\/SDBV-title.jpg","type":"image\/jpeg"}],"twitter_card":"summary_large_image","twitter_misc":{"Gesch\u00e4tzte Lesezeit":"1\u00a0Minute"},"schema":{"@context":"https:\/\/schema.org","@graph":[{"@type":"WebPage","@id":"https:\/\/www.h-its.org\/de\/forschung\/sdbv\/","url":"https:\/\/www.h-its.org\/de\/forschung\/sdbv\/","name":"Scientific Databases and Visualization (SDBV) - HITS gGmbH","isPartOf":{"@id":"https:\/\/www.h-its.org\/de\/#website"},"primaryImageOfPage":{"@id":"https:\/\/www.h-its.org\/de\/forschung\/sdbv\/#primaryimage"},"image":{"@id":"https:\/\/www.h-its.org\/de\/forschung\/sdbv\/#primaryimage"},"thumbnailUrl":"https:\/\/www.h-its.org\/de\/wp-content\/uploads\/sites\/2\/2019\/12\/SDBV-title.jpg","datePublished":"2014-09-03T18:10:05+00:00","dateModified":"2019-08-19T14:19:03+00:00","breadcrumb":{"@id":"https:\/\/www.h-its.org\/de\/forschung\/sdbv\/#breadcrumb"},"inLanguage":"de","potentialAction":[{"@type":"ReadAction","target":["https:\/\/www.h-its.org\/de\/forschung\/sdbv\/"]}]},{"@type":"ImageObject","inLanguage":"de","@id":"https:\/\/www.h-its.org\/de\/forschung\/sdbv\/#primaryimage","url":"https:\/\/www.h-its.org\/de\/wp-content\/uploads\/sites\/2\/2019\/12\/SDBV-title.jpg","contentUrl":"https:\/\/www.h-its.org\/de\/wp-content\/uploads\/sites\/2\/2019\/12\/SDBV-title.jpg","width":1340,"height":1340},{"@type":"BreadcrumbList","@id":"https:\/\/www.h-its.org\/de\/forschung\/sdbv\/#breadcrumb","itemListElement":[{"@type":"ListItem","position":1,"name":"Home","item":"https:\/\/www.h-its.org\/de\/"},{"@type":"ListItem","position":2,"name":"Forschung am HITS","item":"https:\/\/www.h-its.org\/de\/forschung\/"},{"@type":"ListItem","position":3,"name":"Scientific Databases and Visualization (SDBV)"}]},{"@type":"WebSite","@id":"https:\/\/www.h-its.org\/de\/#website","url":"https:\/\/www.h-its.org\/de\/","name":"HITS gGmbH","description":"Heidelberg Institute for Theoretical Studies","potentialAction":[{"@type":"SearchAction","target":{"@type":"EntryPoint","urlTemplate":"https:\/\/www.h-its.org\/de\/?s={search_term_string}"},"query-input":{"@type":"PropertyValueSpecification","valueRequired":true,"valueName":"search_term_string"}}],"inLanguage":"de"}]}},"publishpress_future_action":{"enabled":false,"date":"2026-04-16 11:24:06","action":"change-status","newStatus":"draft","terms":[],"taxonomy":"hits-research-group","extraData":[]},"publishpress_future_workflow_manual_trigger":{"enabledWorkflows":[]},"_links":{"self":[{"href":"https:\/\/www.h-its.org\/de\/wp-json\/wp\/v2\/pages\/48","targetHints":{"allow":["GET"]}}],"collection":[{"href":"https:\/\/www.h-its.org\/de\/wp-json\/wp\/v2\/pages"}],"about":[{"href":"https:\/\/www.h-its.org\/de\/wp-json\/wp\/v2\/types\/page"}],"author":[{"embeddable":true,"href":"https:\/\/www.h-its.org\/de\/wp-json\/wp\/v2\/users\/1"}],"replies":[{"embeddable":true,"href":"https:\/\/www.h-its.org\/de\/wp-json\/wp\/v2\/comments?post=48"}],"version-history":[{"count":15,"href":"https:\/\/www.h-its.org\/de\/wp-json\/wp\/v2\/pages\/48\/revisions"}],"predecessor-version":[{"id":39264,"href":"https:\/\/www.h-its.org\/de\/wp-json\/wp\/v2\/pages\/48\/revisions\/39264"}],"up":[{"embeddable":true,"href":"https:\/\/www.h-its.org\/de\/wp-json\/wp\/v2\/pages\/4"}],"wp:featuredmedia":[{"embeddable":true,"href":"https:\/\/www.h-its.org\/de\/wp-json\/wp\/v2\/media\/40662"}],"wp:attachment":[{"href":"https:\/\/www.h-its.org\/de\/wp-json\/wp\/v2\/media?parent=48"}],"wp:term":[{"taxonomy":"hits-research-group","embeddable":true,"href":"https:\/\/www.h-its.org\/de\/wp-json\/wp\/v2\/hits-research-group?post=48"}],"curies":[{"name":"wp","href":"https:\/\/api.w.org\/{rel}","templated":true}]}}