{"id":4964,"date":"2014-12-05T14:35:30","date_gmt":"2014-12-05T13:35:30","guid":{"rendered":"http:\/\/www.h-its.org\/?page_id=4964"},"modified":"2019-06-06T14:09:13","modified_gmt":"2019-06-06T12:09:13","slug":"projekte","status":"publish","type":"page","link":"https:\/\/www.h-its.org\/de\/forschung\/dmq\/projekte\/","title":{"rendered":"Projekte"},"content":{"rendered":"<div class=\"hits-blocks hits-projects-block \">\n        <div class=\"project-grid three-columns\">\n                  \n<div class=\"project-preview\">\n      <div class=\"image\">\n      <img loading=\"lazy\" decoding=\"async\" width=\"300\" height=\"225\" src=\"https:\/\/www.h-its.org\/de\/wp-content\/uploads\/sites\/2\/2025\/05\/Schmuckbild-300x225.jpg\" class=\"attachment-medium size-medium wp-post-image\" alt=\"\" 0=\"project-preview--post-thumbnail\" srcset=\"https:\/\/www.h-its.org\/de\/wp-content\/uploads\/sites\/2\/2025\/05\/Schmuckbild-300x225.jpg 300w, https:\/\/www.h-its.org\/de\/wp-content\/uploads\/sites\/2\/2025\/05\/Schmuckbild-768x576.jpg 768w, https:\/\/www.h-its.org\/de\/wp-content\/uploads\/sites\/2\/2025\/05\/Schmuckbild-640x480.jpg 640w, https:\/\/www.h-its.org\/de\/wp-content\/uploads\/sites\/2\/2025\/05\/Schmuckbild-1x1.jpg 1w, https:\/\/www.h-its.org\/de\/wp-content\/uploads\/sites\/2\/2025\/05\/Schmuckbild-420x315.jpg 420w, https:\/\/www.h-its.org\/de\/wp-content\/uploads\/sites\/2\/2025\/05\/Schmuckbild-610x458.jpg 610w, https:\/\/www.h-its.org\/de\/wp-content\/uploads\/sites\/2\/2025\/05\/Schmuckbild.jpg 1024w\" sizes=\"auto, (max-width: 639px) 98vw, (max-width: 1199px) 64vw, 300px\" \/>    <\/div>\n    <div class=\"project-preview--content\">\n    <p class=\"font-m font-normal font-primary\">DeepSAM: Machine Learning under Symmetries with Applications in Astronomy and Medicine<\/p>\n    <div class=\"meta\">\n      <div class=\"date\">20.05.2025<\/div>\n    <\/div>\n    <p>Viele Wissenschaftsfelder stehen, wenngleich in sehr unterschiedlichen Gr\u00f6\u00dfenordnungen und Proportionen, vor \u00e4hnlichen Herausforderungen. Ein Beispiel ist die sachgerechte automatisierte Verarbeitung &#8230;<\/p>\n    <a href=\"https:\/\/www.h-its.org\/de\/projects\/deepsam\/\">Mehr erfahren<\/a>\n  <\/div>\n<\/div>\n                  \n<div class=\"project-preview\">\n      <div class=\"image\">\n      <img loading=\"lazy\" decoding=\"async\" width=\"300\" height=\"189\" src=\"https:\/\/www.h-its.org\/de\/wp-content\/uploads\/sites\/2\/2023\/10\/webcompIF-300x189.jpg\" class=\"attachment-medium size-medium wp-post-image\" alt=\"HIER ALT-TEXT EINGEBEN\" 0=\"project-preview--post-thumbnail\" srcset=\"https:\/\/www.h-its.org\/de\/wp-content\/uploads\/sites\/2\/2023\/10\/webcompIF-300x189.jpg 300w, https:\/\/www.h-its.org\/de\/wp-content\/uploads\/sites\/2\/2023\/10\/webcompIF-1024x645.jpg 1024w, https:\/\/www.h-its.org\/de\/wp-content\/uploads\/sites\/2\/2023\/10\/webcompIF-768x484.jpg 768w, https:\/\/www.h-its.org\/de\/wp-content\/uploads\/sites\/2\/2023\/10\/webcompIF-1536x967.jpg 1536w, https:\/\/www.h-its.org\/de\/wp-content\/uploads\/sites\/2\/2023\/10\/webcompIF-640x403.jpg 640w, https:\/\/www.h-its.org\/de\/wp-content\/uploads\/sites\/2\/2023\/10\/webcompIF-1200x755.jpg 1200w, https:\/\/www.h-its.org\/de\/wp-content\/uploads\/sites\/2\/2023\/10\/webcompIF-2x1.jpg 2w, https:\/\/www.h-its.org\/de\/wp-content\/uploads\/sites\/2\/2023\/10\/webcompIF-420x264.jpg 420w, https:\/\/www.h-its.org\/de\/wp-content\/uploads\/sites\/2\/2023\/10\/webcompIF-610x384.jpg 610w, https:\/\/www.h-its.org\/de\/wp-content\/uploads\/sites\/2\/2023\/10\/webcompIF.jpg 1617w\" sizes=\"auto, (max-width: 639px) 98vw, (max-width: 1199px) 64vw, 300px\" \/>    <\/div>\n    <div class=\"project-preview--content\">\n    <p class=\"font-m font-normal font-primary\">CompIF: Effiziente Berechnung der intermolekularen Kr\u00e4fte f\u00fcr biomolekulare Simulationen<\/p>\n    <div class=\"meta\">\n      <div class=\"date\">31.10.2023<\/div>\n    <\/div>\n    <p>Die Struktur, Dynamik und Wechselwirkungen von Biomolek\u00fclen k\u00f6nnen mit Molek\u00fclsimulationen im Detail erforscht werden. Durch wiederholtes L\u00f6sen &#8230;<\/p>\n    <a href=\"https:\/\/www.h-its.org\/de\/projects\/compif\/\">Mehr erfahren<\/a>\n  <\/div>\n<\/div>\n                  \n<div class=\"project-preview\">\n      <div class=\"image\">\n      <img loading=\"lazy\" decoding=\"async\" width=\"300\" height=\"212\" src=\"https:\/\/www.h-its.org\/de\/wp-content\/uploads\/sites\/2\/2023\/03\/KI-Morph-Logo-and-3D-300x212.png\" class=\"attachment-medium size-medium wp-post-image\" alt=\"\" 0=\"project-preview--post-thumbnail\" srcset=\"https:\/\/www.h-its.org\/de\/wp-content\/uploads\/sites\/2\/2023\/03\/KI-Morph-Logo-and-3D-300x212.png 300w, https:\/\/www.h-its.org\/de\/wp-content\/uploads\/sites\/2\/2023\/03\/KI-Morph-Logo-and-3D-1024x724.png 1024w, https:\/\/www.h-its.org\/de\/wp-content\/uploads\/sites\/2\/2023\/03\/KI-Morph-Logo-and-3D-768x543.png 768w, https:\/\/www.h-its.org\/de\/wp-content\/uploads\/sites\/2\/2023\/03\/KI-Morph-Logo-and-3D-1536x1086.png 1536w, https:\/\/www.h-its.org\/de\/wp-content\/uploads\/sites\/2\/2023\/03\/KI-Morph-Logo-and-3D-2048x1448.png 2048w, https:\/\/www.h-its.org\/de\/wp-content\/uploads\/sites\/2\/2023\/03\/KI-Morph-Logo-and-3D-640x453.png 640w, https:\/\/www.h-its.org\/de\/wp-content\/uploads\/sites\/2\/2023\/03\/KI-Morph-Logo-and-3D-1200x849.png 1200w, https:\/\/www.h-its.org\/de\/wp-content\/uploads\/sites\/2\/2023\/03\/KI-Morph-Logo-and-3D-1920x1358.png 1920w, https:\/\/www.h-its.org\/de\/wp-content\/uploads\/sites\/2\/2023\/03\/KI-Morph-Logo-and-3D-1x1.png 1w, https:\/\/www.h-its.org\/de\/wp-content\/uploads\/sites\/2\/2023\/03\/KI-Morph-Logo-and-3D-420x297.png 420w, https:\/\/www.h-its.org\/de\/wp-content\/uploads\/sites\/2\/2023\/03\/KI-Morph-Logo-and-3D-610x431.png 610w\" sizes=\"auto, (max-width: 639px) 98vw, (max-width: 1199px) 64vw, 300px\" \/>    <\/div>\n    <div class=\"project-preview--content\">\n    <p class=\"font-m font-normal font-primary\">KI-Morph \u2013 Petabyte-scale image analysis<\/p>\n    <div class=\"meta\">\n      <div class=\"date\">1.03.2023<\/div>\n    <\/div>\n    <p>Aims &amp; Objectives The current rapid development of imaging methods for X-ray tomography&nbsp;has led to an increasing field of &#8230;<\/p>\n    <a href=\"https:\/\/www.h-its.org\/de\/projects\/ki-morph-petabyte-scale-image-analysis\/\">Mehr erfahren<\/a>\n  <\/div>\n<\/div>\n                  \n<div class=\"project-preview\">\n      <div class=\"image\">\n      <img loading=\"lazy\" decoding=\"async\" width=\"300\" height=\"200\" src=\"https:\/\/www.h-its.org\/de\/wp-content\/uploads\/sites\/2\/2015\/01\/bloodpump.png\" class=\"attachment-medium size-medium wp-post-image\" alt=\"\" 0=\"project-preview--post-thumbnail\" \/>    <\/div>\n    <div class=\"project-preview--content\">\n    <p class=\"font-m font-normal font-primary\">Uncertainty Quantification for blood pump simulation<\/p>\n    <div class=\"meta\">\n      <div class=\"date\">28.01.2015<\/div>\n    <\/div>\n    <p>Aims &amp; objectives The ventricular assist device (VAD) &#8211; blood pump &#8211; is one of the most important cardiac therapeutic instruments in the &#8230;<\/p>\n    <a href=\"https:\/\/www.h-its.org\/de\/projects\/uncertainty-quantification-for-blood-pump-simulation\/\">Mehr erfahren<\/a>\n  <\/div>\n<\/div>\n                  \n<div class=\"project-preview\">\n      <div class=\"image\">\n      <img loading=\"lazy\" decoding=\"async\" width=\"300\" height=\"218\" src=\"https:\/\/www.h-its.org\/de\/wp-content\/uploads\/sites\/2\/2015\/01\/frame-irg-006122-1-0013.jpg\" class=\"attachment-medium size-medium wp-post-image\" alt=\"\" 0=\"project-preview--post-thumbnail\" \/>    <\/div>\n    <div class=\"project-preview--content\">\n    <p class=\"font-m font-normal font-primary\">Large high-dimensional clustering<\/p>\n    <div class=\"meta\">\n      <div class=\"date\">28.01.2015<\/div>\n    <\/div>\n    <p>Aims &amp; objectives Today\u2019s scientific and industrial data-sets often cover all aspects of the well-known big data characteristics (value, velocity, &#8230;<\/p>\n    <a href=\"https:\/\/www.h-its.org\/de\/projects\/large-high-dimensional-clustering\/\">Mehr erfahren<\/a>\n  <\/div>\n<\/div>\n                  \n<div class=\"project-preview\">\n      <div class=\"image\">\n      <img loading=\"lazy\" decoding=\"async\" width=\"300\" height=\"200\" src=\"https:\/\/www.h-its.org\/de\/wp-content\/uploads\/sites\/2\/2015\/01\/Computer-scaled-300x200.jpg\" class=\"attachment-medium size-medium wp-post-image\" alt=\"\" 0=\"project-preview--post-thumbnail\" srcset=\"https:\/\/www.h-its.org\/de\/wp-content\/uploads\/sites\/2\/2015\/01\/Computer-scaled-300x200.jpg 300w, https:\/\/www.h-its.org\/de\/wp-content\/uploads\/sites\/2\/2015\/01\/Computer-scaled-1024x683.jpg 1024w, https:\/\/www.h-its.org\/de\/wp-content\/uploads\/sites\/2\/2015\/01\/Computer-scaled-768x512.jpg 768w, https:\/\/www.h-its.org\/de\/wp-content\/uploads\/sites\/2\/2015\/01\/Computer-scaled-1536x1024.jpg 1536w, https:\/\/www.h-its.org\/de\/wp-content\/uploads\/sites\/2\/2015\/01\/Computer-scaled-2048x1366.jpg 2048w, https:\/\/www.h-its.org\/de\/wp-content\/uploads\/sites\/2\/2015\/01\/Computer-scaled-640x427.jpg 640w, https:\/\/www.h-its.org\/de\/wp-content\/uploads\/sites\/2\/2015\/01\/Computer-scaled-1200x800.jpg 1200w, https:\/\/www.h-its.org\/de\/wp-content\/uploads\/sites\/2\/2015\/01\/Computer-scaled-1920x1280.jpg 1920w, https:\/\/www.h-its.org\/de\/wp-content\/uploads\/sites\/2\/2015\/01\/Computer-scaled-1x1.jpg 1w, https:\/\/www.h-its.org\/de\/wp-content\/uploads\/sites\/2\/2015\/01\/Computer-scaled-420x280.jpg 420w, https:\/\/www.h-its.org\/de\/wp-content\/uploads\/sites\/2\/2015\/01\/Computer-scaled-610x407.jpg 610w\" sizes=\"auto, (max-width: 639px) 98vw, (max-width: 1199px) 64vw, 300px\" \/>    <\/div>\n    <div class=\"project-preview--content\">\n    <p class=\"font-m font-normal font-primary\">Hardware-aware computing for Uncertainty Quantification<\/p>\n    <div class=\"meta\">\n      <div class=\"date\">27.01.2015<\/div>\n    <\/div>\n    <p>Aims &amp; Objectives In the last decades speeding up the computation of scientific applications was mostly achieved by increasing the frequency &#8230;<\/p>\n    <a href=\"https:\/\/www.h-its.org\/de\/projects\/hardware-aware-computing-for-uncertainty-quantification\/\">Mehr erfahren<\/a>\n  <\/div>\n<\/div>\n                  \n<div class=\"project-preview\">\n      <div class=\"image\">\n      <img loading=\"lazy\" decoding=\"async\" width=\"300\" height=\"225\" src=\"https:\/\/www.h-its.org\/de\/wp-content\/uploads\/sites\/2\/2015\/01\/Computing-300x225.jpg\" class=\"attachment-medium size-medium wp-post-image\" alt=\"\" 0=\"project-preview--post-thumbnail\" srcset=\"https:\/\/www.h-its.org\/de\/wp-content\/uploads\/sites\/2\/2015\/01\/Computing-300x225.jpg 300w, https:\/\/www.h-its.org\/de\/wp-content\/uploads\/sites\/2\/2015\/01\/Computing-1024x768.jpg 1024w, https:\/\/www.h-its.org\/de\/wp-content\/uploads\/sites\/2\/2015\/01\/Computing-768x576.jpg 768w, https:\/\/www.h-its.org\/de\/wp-content\/uploads\/sites\/2\/2015\/01\/Computing-1536x1152.jpg 1536w, https:\/\/www.h-its.org\/de\/wp-content\/uploads\/sites\/2\/2015\/01\/Computing-2048x1536.jpg 2048w, https:\/\/www.h-its.org\/de\/wp-content\/uploads\/sites\/2\/2015\/01\/Computing-640x480.jpg 640w, https:\/\/www.h-its.org\/de\/wp-content\/uploads\/sites\/2\/2015\/01\/Computing-1200x900.jpg 1200w, https:\/\/www.h-its.org\/de\/wp-content\/uploads\/sites\/2\/2015\/01\/Computing-1920x1440.jpg 1920w, https:\/\/www.h-its.org\/de\/wp-content\/uploads\/sites\/2\/2015\/01\/Computing-1x1.jpg 1w, https:\/\/www.h-its.org\/de\/wp-content\/uploads\/sites\/2\/2015\/01\/Computing-420x315.jpg 420w, https:\/\/www.h-its.org\/de\/wp-content\/uploads\/sites\/2\/2015\/01\/Computing-610x458.jpg 610w\" sizes=\"auto, (max-width: 639px) 98vw, (max-width: 1199px) 64vw, 300px\" \/>    <\/div>\n    <div class=\"project-preview--content\">\n    <p class=\"font-m font-normal font-primary\">Uncertainty Quantification and High-Performance Computing<\/p>\n    <div class=\"meta\">\n      <div class=\"date\">27.01.2015<\/div>\n    <\/div>\n    <p>Aims &amp; Objectives The increasing demand on the quality and reliability of numerical simulations of physical problems results in an increasing &#8230;<\/p>\n    <a href=\"https:\/\/www.h-its.org\/de\/projects\/uncertainty-quantification-and-high-performance-computing\/\">Mehr erfahren<\/a>\n  <\/div>\n<\/div>\n                  \n<div class=\"project-preview\">\n      <div class=\"image\">\n      <img loading=\"lazy\" decoding=\"async\" width=\"300\" height=\"192\" src=\"https:\/\/www.h-its.org\/de\/wp-content\/uploads\/sites\/2\/2014\/10\/dfg_pic.png\" class=\"attachment-medium size-medium wp-post-image\" alt=\"\" 0=\"project-preview--post-thumbnail\" \/>    <\/div>\n    <div class=\"project-preview--content\">\n    <p class=\"font-m font-normal font-primary\">Optimal Economic Power Flow<\/p>\n    <div class=\"meta\">\n      <div class=\"date\">26.01.2015<\/div>\n    <\/div>\n    <p>Aims &amp; objectives Against the background of liberalization of energy markets, increasing fuel costs and decentralized power generation by renewable energy &#8230;<\/p>\n    <a href=\"https:\/\/www.h-its.org\/de\/projects\/optimal-economic-power-flow-3\/\">Mehr erfahren<\/a>\n  <\/div>\n<\/div>\n                  \n<div class=\"project-preview\">\n      <div class=\"image\">\n      <img loading=\"lazy\" decoding=\"async\" width=\"211\" height=\"86\" src=\"https:\/\/www.h-its.org\/de\/wp-content\/uploads\/sites\/2\/2014\/10\/hiflow.png\" class=\"attachment-medium size-medium wp-post-image\" alt=\"\" 0=\"project-preview--post-thumbnail\" \/>    <\/div>\n    <div class=\"project-preview--content\">\n    <p class=\"font-m font-normal font-primary\">Software module development for Uncertainty Quantification in HiFlow3<\/p>\n    <div class=\"meta\">\n      <div class=\"date\">10.01.2015<\/div>\n    <\/div>\n    <p>Folgen Sie dem Link, um den Inhalt auf Englisch zu lesen.<\/p>\n    <a href=\"https:\/\/www.h-its.org\/de\/projects\/software-module-development-for-uncertainty-quantification-in-hiflow3-2\/\">Mehr erfahren<\/a>\n  <\/div>\n<\/div>\n        \n      <\/div>\n\n    <\/div>\n","protected":false},"excerpt":{"rendered":"","protected":false},"author":6,"featured_media":40642,"parent":38,"menu_order":3,"comment_status":"closed","ping_status":"closed","template":"page-templates\/group.php","meta":{"_acf_changed":false,"inline_featured_image":false,"footnotes":""},"hits-research-group":[1290],"class_list":["post-4964","page","type-page","status-publish","has-post-thumbnail","hentry","hits-research-group-dmq-de"],"acf":[],"yoast_head":"<!-- This site is optimized with the Yoast SEO plugin v27.2 - https:\/\/yoast.com\/product\/yoast-seo-wordpress\/ -->\n<title>Projekte - HITS gGmbH<\/title>\n<meta name=\"robots\" content=\"index, follow, max-snippet:-1, max-image-preview:large, max-video-preview:-1\" \/>\n<link rel=\"canonical\" href=\"https:\/\/www.h-its.org\/de\/forschung\/dmq\/projekte\/\" \/>\n<meta property=\"og:locale\" content=\"de_DE\" \/>\n<meta property=\"og:type\" content=\"article\" \/>\n<meta property=\"og:title\" content=\"Projekte - HITS gGmbH\" \/>\n<meta property=\"og:url\" content=\"https:\/\/www.h-its.org\/de\/forschung\/dmq\/projekte\/\" \/>\n<meta property=\"og:site_name\" content=\"HITS gGmbH\" \/>\n<meta property=\"article:modified_time\" content=\"2019-06-06T12:09:13+00:00\" \/>\n<meta property=\"og:image\" content=\"https:\/\/www.h-its.org\/de\/wp-content\/uploads\/sites\/2\/2019\/12\/DMQ.jpg\" \/>\n\t<meta property=\"og:image:width\" content=\"1340\" \/>\n\t<meta property=\"og:image:height\" content=\"1340\" \/>\n\t<meta property=\"og:image:type\" content=\"image\/jpeg\" \/>\n<meta name=\"twitter:card\" content=\"summary_large_image\" \/>\n<script type=\"application\/ld+json\" class=\"yoast-schema-graph\">{\"@context\":\"https:\/\/schema.org\",\"@graph\":[{\"@type\":\"WebPage\",\"@id\":\"https:\/\/www.h-its.org\/de\/forschung\/dmq\/projekte\/\",\"url\":\"https:\/\/www.h-its.org\/de\/forschung\/dmq\/projekte\/\",\"name\":\"Projekte - HITS gGmbH\",\"isPartOf\":{\"@id\":\"https:\/\/www.h-its.org\/de\/#website\"},\"primaryImageOfPage\":{\"@id\":\"https:\/\/www.h-its.org\/de\/forschung\/dmq\/projekte\/#primaryimage\"},\"image\":{\"@id\":\"https:\/\/www.h-its.org\/de\/forschung\/dmq\/projekte\/#primaryimage\"},\"thumbnailUrl\":\"https:\/\/www.h-its.org\/de\/wp-content\/uploads\/sites\/2\/2019\/12\/DMQ.jpg\",\"datePublished\":\"2014-12-05T13:35:30+00:00\",\"dateModified\":\"2019-06-06T12:09:13+00:00\",\"breadcrumb\":{\"@id\":\"https:\/\/www.h-its.org\/de\/forschung\/dmq\/projekte\/#breadcrumb\"},\"inLanguage\":\"de\",\"potentialAction\":[{\"@type\":\"ReadAction\",\"target\":[\"https:\/\/www.h-its.org\/de\/forschung\/dmq\/projekte\/\"]}]},{\"@type\":\"ImageObject\",\"inLanguage\":\"de\",\"@id\":\"https:\/\/www.h-its.org\/de\/forschung\/dmq\/projekte\/#primaryimage\",\"url\":\"https:\/\/www.h-its.org\/de\/wp-content\/uploads\/sites\/2\/2019\/12\/DMQ.jpg\",\"contentUrl\":\"https:\/\/www.h-its.org\/de\/wp-content\/uploads\/sites\/2\/2019\/12\/DMQ.jpg\",\"width\":1340,\"height\":1340},{\"@type\":\"BreadcrumbList\",\"@id\":\"https:\/\/www.h-its.org\/de\/forschung\/dmq\/projekte\/#breadcrumb\",\"itemListElement\":[{\"@type\":\"ListItem\",\"position\":1,\"name\":\"Home\",\"item\":\"https:\/\/www.h-its.org\/de\/\"},{\"@type\":\"ListItem\",\"position\":2,\"name\":\"Forschung am HITS\",\"item\":\"https:\/\/www.h-its.org\/de\/forschung\/\"},{\"@type\":\"ListItem\",\"position\":3,\"name\":\"Data Mining and Uncertainty Quantification (DMQ)\",\"item\":\"https:\/\/www.h-its.org\/de\/forschung\/dmq\/\"},{\"@type\":\"ListItem\",\"position\":4,\"name\":\"Projekte\"}]},{\"@type\":\"WebSite\",\"@id\":\"https:\/\/www.h-its.org\/de\/#website\",\"url\":\"https:\/\/www.h-its.org\/de\/\",\"name\":\"HITS gGmbH\",\"description\":\"Heidelberg Institute for Theoretical Studies\",\"potentialAction\":[{\"@type\":\"SearchAction\",\"target\":{\"@type\":\"EntryPoint\",\"urlTemplate\":\"https:\/\/www.h-its.org\/de\/?s={search_term_string}\"},\"query-input\":{\"@type\":\"PropertyValueSpecification\",\"valueRequired\":true,\"valueName\":\"search_term_string\"}}],\"inLanguage\":\"de\"}]}<\/script>\n<!-- \/ Yoast SEO plugin. -->","yoast_head_json":{"title":"Projekte - HITS gGmbH","robots":{"index":"index","follow":"follow","max-snippet":"max-snippet:-1","max-image-preview":"max-image-preview:large","max-video-preview":"max-video-preview:-1"},"canonical":"https:\/\/www.h-its.org\/de\/forschung\/dmq\/projekte\/","og_locale":"de_DE","og_type":"article","og_title":"Projekte - HITS gGmbH","og_url":"https:\/\/www.h-its.org\/de\/forschung\/dmq\/projekte\/","og_site_name":"HITS gGmbH","article_modified_time":"2019-06-06T12:09:13+00:00","og_image":[{"width":1340,"height":1340,"url":"https:\/\/www.h-its.org\/de\/wp-content\/uploads\/sites\/2\/2019\/12\/DMQ.jpg","type":"image\/jpeg"}],"twitter_card":"summary_large_image","schema":{"@context":"https:\/\/schema.org","@graph":[{"@type":"WebPage","@id":"https:\/\/www.h-its.org\/de\/forschung\/dmq\/projekte\/","url":"https:\/\/www.h-its.org\/de\/forschung\/dmq\/projekte\/","name":"Projekte - HITS gGmbH","isPartOf":{"@id":"https:\/\/www.h-its.org\/de\/#website"},"primaryImageOfPage":{"@id":"https:\/\/www.h-its.org\/de\/forschung\/dmq\/projekte\/#primaryimage"},"image":{"@id":"https:\/\/www.h-its.org\/de\/forschung\/dmq\/projekte\/#primaryimage"},"thumbnailUrl":"https:\/\/www.h-its.org\/de\/wp-content\/uploads\/sites\/2\/2019\/12\/DMQ.jpg","datePublished":"2014-12-05T13:35:30+00:00","dateModified":"2019-06-06T12:09:13+00:00","breadcrumb":{"@id":"https:\/\/www.h-its.org\/de\/forschung\/dmq\/projekte\/#breadcrumb"},"inLanguage":"de","potentialAction":[{"@type":"ReadAction","target":["https:\/\/www.h-its.org\/de\/forschung\/dmq\/projekte\/"]}]},{"@type":"ImageObject","inLanguage":"de","@id":"https:\/\/www.h-its.org\/de\/forschung\/dmq\/projekte\/#primaryimage","url":"https:\/\/www.h-its.org\/de\/wp-content\/uploads\/sites\/2\/2019\/12\/DMQ.jpg","contentUrl":"https:\/\/www.h-its.org\/de\/wp-content\/uploads\/sites\/2\/2019\/12\/DMQ.jpg","width":1340,"height":1340},{"@type":"BreadcrumbList","@id":"https:\/\/www.h-its.org\/de\/forschung\/dmq\/projekte\/#breadcrumb","itemListElement":[{"@type":"ListItem","position":1,"name":"Home","item":"https:\/\/www.h-its.org\/de\/"},{"@type":"ListItem","position":2,"name":"Forschung am HITS","item":"https:\/\/www.h-its.org\/de\/forschung\/"},{"@type":"ListItem","position":3,"name":"Data Mining and Uncertainty Quantification (DMQ)","item":"https:\/\/www.h-its.org\/de\/forschung\/dmq\/"},{"@type":"ListItem","position":4,"name":"Projekte"}]},{"@type":"WebSite","@id":"https:\/\/www.h-its.org\/de\/#website","url":"https:\/\/www.h-its.org\/de\/","name":"HITS gGmbH","description":"Heidelberg Institute for Theoretical Studies","potentialAction":[{"@type":"SearchAction","target":{"@type":"EntryPoint","urlTemplate":"https:\/\/www.h-its.org\/de\/?s={search_term_string}"},"query-input":{"@type":"PropertyValueSpecification","valueRequired":true,"valueName":"search_term_string"}}],"inLanguage":"de"}]}},"publishpress_future_action":{"enabled":false,"date":"2026-04-21 23:12:08","action":"change-status","newStatus":"draft","terms":[],"taxonomy":"hits-research-group","extraData":[]},"publishpress_future_workflow_manual_trigger":{"enabledWorkflows":[]},"_links":{"self":[{"href":"https:\/\/www.h-its.org\/de\/wp-json\/wp\/v2\/pages\/4964","targetHints":{"allow":["GET"]}}],"collection":[{"href":"https:\/\/www.h-its.org\/de\/wp-json\/wp\/v2\/pages"}],"about":[{"href":"https:\/\/www.h-its.org\/de\/wp-json\/wp\/v2\/types\/page"}],"author":[{"embeddable":true,"href":"https:\/\/www.h-its.org\/de\/wp-json\/wp\/v2\/users\/6"}],"replies":[{"embeddable":true,"href":"https:\/\/www.h-its.org\/de\/wp-json\/wp\/v2\/comments?post=4964"}],"version-history":[{"count":15,"href":"https:\/\/www.h-its.org\/de\/wp-json\/wp\/v2\/pages\/4964\/revisions"}],"predecessor-version":[{"id":37246,"href":"https:\/\/www.h-its.org\/de\/wp-json\/wp\/v2\/pages\/4964\/revisions\/37246"}],"up":[{"embeddable":true,"href":"https:\/\/www.h-its.org\/de\/wp-json\/wp\/v2\/pages\/38"}],"wp:featuredmedia":[{"embeddable":true,"href":"https:\/\/www.h-its.org\/de\/wp-json\/wp\/v2\/media\/40642"}],"wp:attachment":[{"href":"https:\/\/www.h-its.org\/de\/wp-json\/wp\/v2\/media?parent=4964"}],"wp:term":[{"taxonomy":"hits-research-group","embeddable":true,"href":"https:\/\/www.h-its.org\/de\/wp-json\/wp\/v2\/hits-research-group?post=4964"}],"curies":[{"name":"wp","href":"https:\/\/api.w.org\/{rel}","templated":true}]}}