{"id":50030,"date":"2025-07-15T16:55:51","date_gmt":"2025-07-15T14:55:51","guid":{"rendered":"https:\/\/www.h-its.org\/de\/?page_id=50030"},"modified":"2025-07-15T16:55:52","modified_gmt":"2025-07-15T14:55:52","slug":"barrierefreiheit","status":"publish","type":"page","link":"https:\/\/www.h-its.org\/de\/barrierefreiheit\/","title":{"rendered":"Barrierefreiheit"},"content":{"rendered":"\n<h2 class=\"wp-block-heading\"><strong>Erkl\u00e4rung zur Zug\u00e4nglichkeit der Website<\/strong><\/h2>\n\n\n\n<p>Diese Website strebt die Einhaltung der Richtlinien f\u00fcr barrierefreie Webinhalte (Web Content Accessibility Guidelines WCAG) 2.0 an. Die WCAG 2.0 definiert Anforderungen, um die Zug\u00e4nglichkeit f\u00fcr Menschen mit Behinderungen zu verbessern. Das HITS &nbsp;verpflichtet sich, eine zug\u00e4ngliche Website anzubieten, die der Stufe AA &nbsp;oder h\u00f6her der Web Content Accessibility Guidelines 2.1 des W3C entspricht. Wir bem\u00fchen uns um einen gleichberechtigten Zugang zu Informationen und Dienstleistungen f\u00fcr alle Benutzergruppen, einschlie\u00dflich Menschen mit Behinderungen.<\/p>\n\n\n\n<p>Wir haben die folgenden Zug\u00e4nglichkeitsfunktionen auf unserer Website implementiert, um die Benutzerfreundlichkeit f\u00fcr behinderte Menschen zu verbessern:<\/p>\n\n\n\n<p>Abk\u00fcrzungen zur Navigation: Jede Seite beginnt mit einem \u00fcbersichtlichen Men\u00fc, mit dem Sie direkt zum Hauptinhalt springen k\u00f6nnen. Sehende Benutzer, die mit der Tastatur navigieren, sehen diese Links auf dem Bildschirm, wenn sie die Tabulatortaste dr\u00fccken. Alle Seiten enthalten einen Link zur Homepage, ein Suchfeld, eine einheitliche Navigation auf oberster Ebene.<\/p>\n\n\n\n<p>Strukturiertes, semantisches Markup: HTML-\u00dcberschriften-Tags (von bis H1-2) werden verwendet, um die Struktur des Dokuments zu vermitteln, wobei H1 f\u00fcr Haupttitel und H2 f\u00fcr Untertitel verwendet wird.<\/p>\n\n\n\n<p>Alternativtext f\u00fcr Bilder: Die meisten Bilder auf unserer Website enthalten alternative Beschreibungen. Visualisierte Grafiken haben alternative Beschreibungen. Wir identifizieren und aktualisieren regelm\u00e4\u00dfig fr\u00fcher erstellte Bilder, die m\u00f6glicherweise noch keine alternativen Beschreibungen enthalten.<\/p>\n\n\n\n<p>Schriftgr\u00f6\u00dfen: Sie k\u00f6nnen die Schriftgr\u00f6\u00dfe auf unserer Website \u00fcber die Einstellungen Ihres Browsers nach Ihren W\u00fcnschen anpassen. Strg und + oder &#8211; ist bei den meisten Browsern eine Standardumschaltfunktion.<\/p>\n\n\n\n<p>Bildschirmaufl\u00f6sung: Die Website ist so konzipiert, dass Sie auf einer Vielzahl von Ger\u00e4ten und mit unterschiedlichen Bildschirmaufl\u00f6sungen angezeigt werden kann.<\/p>\n\n\n\n<p>Wir setzen regelm\u00e4\u00dfig Tools ein, um unsere Website auf Probleme und M\u00f6glichkeiten der Barrierefreiheit zu pr\u00fcfen, und machen die Barrierefreiheit zu einem wichtigen Bestandteil unseres Zeitplans f\u00fcr Verbesserung der Website.<\/p>\n\n\n\n<p>Diese Erkl\u00e4rung wurde am 13. Juni 2025 erstellt.<\/p>\n\n\n\n<p>Feedback und Kontaktangaben: Sind Ihnen M\u00e4ngel in der Zug\u00e4nglichkeit von Inhalten aufgefallen? Dann k\u00f6nnen Sie sich gern bei uns per E-Mail <a href=\"mailto:compliance@ktsv.de\" target=\"_blank\" rel=\"noreferrer noopener\">compliance@ktsv.de<\/a> melden.<\/p>\n\n\n\n<p><\/p>\n","protected":false},"excerpt":{"rendered":"<p>Erkl\u00e4rung zur Zug\u00e4nglichkeit der Website Diese Website strebt die Einhaltung der Richtlinien f\u00fcr barrierefreie Webinhalte (Web Content Accessibility &#8230;<\/p>\n","protected":false},"author":58,"featured_media":40609,"parent":0,"menu_order":0,"comment_status":"closed","ping_status":"closed","template":"","meta":{"_acf_changed":false,"inline_featured_image":false,"footnotes":""},"hits-research-group":[],"class_list":["post-50030","page","type-page","status-publish","has-post-thumbnail","hentry"],"acf":[],"yoast_head":"<!-- This site is optimized with the Yoast SEO plugin v27.4 - https:\/\/yoast.com\/product\/yoast-seo-wordpress\/ -->\n<title>Barrierefreiheit - HITS gGmbH<\/title>\n<meta name=\"robots\" content=\"index, follow, max-snippet:-1, max-image-preview:large, max-video-preview:-1\" \/>\n<link rel=\"canonical\" href=\"https:\/\/www.h-its.org\/de\/barrierefreiheit\/\" \/>\n<meta property=\"og:locale\" content=\"de_DE\" \/>\n<meta property=\"og:type\" content=\"article\" \/>\n<meta property=\"og:title\" content=\"Barrierefreiheit - HITS gGmbH\" \/>\n<meta property=\"og:description\" content=\"Erkl\u00e4rung zur Zug\u00e4nglichkeit der Website Diese Website strebt die Einhaltung der Richtlinien f\u00fcr barrierefreie Webinhalte (Web Content Accessibility ...\" \/>\n<meta property=\"og:url\" content=\"https:\/\/www.h-its.org\/de\/barrierefreiheit\/\" \/>\n<meta property=\"og:site_name\" content=\"HITS gGmbH\" \/>\n<meta property=\"article:modified_time\" content=\"2025-07-15T14:55:52+00:00\" \/>\n<meta property=\"og:image\" content=\"https:\/\/www.h-its.org\/de\/wp-content\/uploads\/sites\/2\/2019\/12\/HITS.jpg\" \/>\n\t<meta property=\"og:image:width\" content=\"1340\" \/>\n\t<meta property=\"og:image:height\" content=\"450\" \/>\n\t<meta property=\"og:image:type\" content=\"image\/jpeg\" \/>\n<meta name=\"twitter:card\" content=\"summary_large_image\" \/>\n<meta name=\"twitter:label1\" content=\"Gesch\u00e4tzte Lesezeit\" \/>\n\t<meta name=\"twitter:data1\" content=\"2\u00a0Minuten\" \/>\n<script type=\"application\/ld+json\" class=\"yoast-schema-graph\">{\"@context\":\"https:\\\/\\\/schema.org\",\"@graph\":[{\"@type\":\"WebPage\",\"@id\":\"https:\\\/\\\/www.h-its.org\\\/de\\\/barrierefreiheit\\\/\",\"url\":\"https:\\\/\\\/www.h-its.org\\\/de\\\/barrierefreiheit\\\/\",\"name\":\"Barrierefreiheit - HITS gGmbH\",\"isPartOf\":{\"@id\":\"https:\\\/\\\/www.h-its.org\\\/de\\\/#website\"},\"primaryImageOfPage\":{\"@id\":\"https:\\\/\\\/www.h-its.org\\\/de\\\/barrierefreiheit\\\/#primaryimage\"},\"image\":{\"@id\":\"https:\\\/\\\/www.h-its.org\\\/de\\\/barrierefreiheit\\\/#primaryimage\"},\"thumbnailUrl\":\"https:\\\/\\\/www.h-its.org\\\/de\\\/wp-content\\\/uploads\\\/sites\\\/2\\\/2019\\\/12\\\/HITS.jpg\",\"datePublished\":\"2025-07-15T14:55:51+00:00\",\"dateModified\":\"2025-07-15T14:55:52+00:00\",\"breadcrumb\":{\"@id\":\"https:\\\/\\\/www.h-its.org\\\/de\\\/barrierefreiheit\\\/#breadcrumb\"},\"inLanguage\":\"de\",\"potentialAction\":[{\"@type\":\"ReadAction\",\"target\":[\"https:\\\/\\\/www.h-its.org\\\/de\\\/barrierefreiheit\\\/\"]}]},{\"@type\":\"ImageObject\",\"inLanguage\":\"de\",\"@id\":\"https:\\\/\\\/www.h-its.org\\\/de\\\/barrierefreiheit\\\/#primaryimage\",\"url\":\"https:\\\/\\\/www.h-its.org\\\/de\\\/wp-content\\\/uploads\\\/sites\\\/2\\\/2019\\\/12\\\/HITS.jpg\",\"contentUrl\":\"https:\\\/\\\/www.h-its.org\\\/de\\\/wp-content\\\/uploads\\\/sites\\\/2\\\/2019\\\/12\\\/HITS.jpg\",\"width\":1340,\"height\":450},{\"@type\":\"BreadcrumbList\",\"@id\":\"https:\\\/\\\/www.h-its.org\\\/de\\\/barrierefreiheit\\\/#breadcrumb\",\"itemListElement\":[{\"@type\":\"ListItem\",\"position\":1,\"name\":\"Home\",\"item\":\"https:\\\/\\\/www.h-its.org\\\/de\\\/\"},{\"@type\":\"ListItem\",\"position\":2,\"name\":\"Barrierefreiheit\"}]},{\"@type\":\"WebSite\",\"@id\":\"https:\\\/\\\/www.h-its.org\\\/de\\\/#website\",\"url\":\"https:\\\/\\\/www.h-its.org\\\/de\\\/\",\"name\":\"HITS gGmbH\",\"description\":\"Heidelberg Institute for Theoretical Studies\",\"potentialAction\":[{\"@type\":\"SearchAction\",\"target\":{\"@type\":\"EntryPoint\",\"urlTemplate\":\"https:\\\/\\\/www.h-its.org\\\/de\\\/?s={search_term_string}\"},\"query-input\":{\"@type\":\"PropertyValueSpecification\",\"valueRequired\":true,\"valueName\":\"search_term_string\"}}],\"inLanguage\":\"de\"}]}<\/script>\n<!-- \/ Yoast SEO plugin. -->","yoast_head_json":{"title":"Barrierefreiheit - HITS gGmbH","robots":{"index":"index","follow":"follow","max-snippet":"max-snippet:-1","max-image-preview":"max-image-preview:large","max-video-preview":"max-video-preview:-1"},"canonical":"https:\/\/www.h-its.org\/de\/barrierefreiheit\/","og_locale":"de_DE","og_type":"article","og_title":"Barrierefreiheit - HITS gGmbH","og_description":"Erkl\u00e4rung zur Zug\u00e4nglichkeit der Website Diese Website strebt die Einhaltung der Richtlinien f\u00fcr barrierefreie Webinhalte (Web Content Accessibility ...","og_url":"https:\/\/www.h-its.org\/de\/barrierefreiheit\/","og_site_name":"HITS gGmbH","article_modified_time":"2025-07-15T14:55:52+00:00","og_image":[{"width":1340,"height":450,"url":"https:\/\/www.h-its.org\/de\/wp-content\/uploads\/sites\/2\/2019\/12\/HITS.jpg","type":"image\/jpeg"}],"twitter_card":"summary_large_image","twitter_misc":{"Gesch\u00e4tzte Lesezeit":"2\u00a0Minuten"},"schema":{"@context":"https:\/\/schema.org","@graph":[{"@type":"WebPage","@id":"https:\/\/www.h-its.org\/de\/barrierefreiheit\/","url":"https:\/\/www.h-its.org\/de\/barrierefreiheit\/","name":"Barrierefreiheit - HITS gGmbH","isPartOf":{"@id":"https:\/\/www.h-its.org\/de\/#website"},"primaryImageOfPage":{"@id":"https:\/\/www.h-its.org\/de\/barrierefreiheit\/#primaryimage"},"image":{"@id":"https:\/\/www.h-its.org\/de\/barrierefreiheit\/#primaryimage"},"thumbnailUrl":"https:\/\/www.h-its.org\/de\/wp-content\/uploads\/sites\/2\/2019\/12\/HITS.jpg","datePublished":"2025-07-15T14:55:51+00:00","dateModified":"2025-07-15T14:55:52+00:00","breadcrumb":{"@id":"https:\/\/www.h-its.org\/de\/barrierefreiheit\/#breadcrumb"},"inLanguage":"de","potentialAction":[{"@type":"ReadAction","target":["https:\/\/www.h-its.org\/de\/barrierefreiheit\/"]}]},{"@type":"ImageObject","inLanguage":"de","@id":"https:\/\/www.h-its.org\/de\/barrierefreiheit\/#primaryimage","url":"https:\/\/www.h-its.org\/de\/wp-content\/uploads\/sites\/2\/2019\/12\/HITS.jpg","contentUrl":"https:\/\/www.h-its.org\/de\/wp-content\/uploads\/sites\/2\/2019\/12\/HITS.jpg","width":1340,"height":450},{"@type":"BreadcrumbList","@id":"https:\/\/www.h-its.org\/de\/barrierefreiheit\/#breadcrumb","itemListElement":[{"@type":"ListItem","position":1,"name":"Home","item":"https:\/\/www.h-its.org\/de\/"},{"@type":"ListItem","position":2,"name":"Barrierefreiheit"}]},{"@type":"WebSite","@id":"https:\/\/www.h-its.org\/de\/#website","url":"https:\/\/www.h-its.org\/de\/","name":"HITS gGmbH","description":"Heidelberg Institute for Theoretical Studies","potentialAction":[{"@type":"SearchAction","target":{"@type":"EntryPoint","urlTemplate":"https:\/\/www.h-its.org\/de\/?s={search_term_string}"},"query-input":{"@type":"PropertyValueSpecification","valueRequired":true,"valueName":"search_term_string"}}],"inLanguage":"de"}]}},"publishpress_future_action":{"enabled":false,"date":"2026-04-24 17:42:20","action":"change-status","newStatus":"draft","terms":[],"taxonomy":"hits-research-group","extraData":[]},"publishpress_future_workflow_manual_trigger":{"enabledWorkflows":[]},"_links":{"self":[{"href":"https:\/\/www.h-its.org\/de\/wp-json\/wp\/v2\/pages\/50030","targetHints":{"allow":["GET"]}}],"collection":[{"href":"https:\/\/www.h-its.org\/de\/wp-json\/wp\/v2\/pages"}],"about":[{"href":"https:\/\/www.h-its.org\/de\/wp-json\/wp\/v2\/types\/page"}],"author":[{"embeddable":true,"href":"https:\/\/www.h-its.org\/de\/wp-json\/wp\/v2\/users\/58"}],"replies":[{"embeddable":true,"href":"https:\/\/www.h-its.org\/de\/wp-json\/wp\/v2\/comments?post=50030"}],"version-history":[{"count":1,"href":"https:\/\/www.h-its.org\/de\/wp-json\/wp\/v2\/pages\/50030\/revisions"}],"predecessor-version":[{"id":50031,"href":"https:\/\/www.h-its.org\/de\/wp-json\/wp\/v2\/pages\/50030\/revisions\/50031"}],"wp:featuredmedia":[{"embeddable":true,"href":"https:\/\/www.h-its.org\/de\/wp-json\/wp\/v2\/media\/40609"}],"wp:attachment":[{"href":"https:\/\/www.h-its.org\/de\/wp-json\/wp\/v2\/media?parent=50030"}],"wp:term":[{"taxonomy":"hits-research-group","embeddable":true,"href":"https:\/\/www.h-its.org\/de\/wp-json\/wp\/v2\/hits-research-group?post=50030"}],"curies":[{"name":"wp","href":"https:\/\/api.w.org\/{rel}","templated":true}]}}