{"id":5776,"date":"2014-12-11T21:58:00","date_gmt":"2014-12-11T20:58:00","guid":{"rendered":"http:\/\/www.h-its.org\/?page_id=5776"},"modified":"2019-10-16T17:18:40","modified_gmt":"2019-10-16T15:18:40","slug":"karriere","status":"publish","type":"page","link":"https:\/\/www.h-its.org\/de\/karriere\/","title":{"rendered":"Join HITS"},"content":{"rendered":"\n<p>Vielen Dank f\u00fcr Ihr Interesse an HITS. Auf den folgenden Seiten befinden sich alle Informationen rund um unsere offenen Stellenanzeigen, Hinweise zum Bewerbungsprozess sowie n\u00fctzliche Informationen zum Arbeitsumfeld am HITS. In der Alumni-Rubrik stellen wir unsere ehemaligen Forschungsgruppen vor und unsere HITS-Alumni erz\u00e4hlen, wie ihre Zeit am HITS ihr pers\u00f6nliches, aber auch berufliches Leben beeinflusst haben.<\/p>\n\n\n  <div class=\"hits-blocks hits-jobs-block section-wrapper with-background alignfull\">\n    <div class=\"section-wrapper--inner\">\n      <div class=\"section-wrapper--content\">\n\n              <div class=\"headline-button\">\n          <h2>Jobs<\/h2>\n                      <div class=\"headline-button--button-wrapper\">\n              <a href=\"http:\/\/www.h-its.org\/de\/hits-job\/\" class=\"button wp-block-button\">Alle Jobs<\/a>\n            <\/div>\n                  <\/div>\n      \n      <div class=\"people-block-grid two-columns\">\n        <!-- <div class=\"job-preview\">\n    <div class=\"job-image show-for-medium\">\n              <img decoding=\"async\" src=\"https:\/\/www.h-its.org\/de\/wp-content\/themes\/hits-theme\/dist\/assets\/images\/jobs-fallback-image.jpg\" alt=\"Job\" width=\"300\">\n          <\/div>\n  <div class=\"job-preview--content\">\n    <p>5.06.2024<\/p>\n    <a href=\"https:\/\/www.h-its.org\/de\/hits-job\/initiativbewerbung\/\"><p class=\"font-m font-normal font-primary\">Initiativbewerbung<\/p><\/a>\n    <p class=\"job\"><\/p>\n    <p class=\" show-for-medium\">Sie sind interessiert, unser Team am HITS zu verst\u00e4rken? Das freut uns!\u00a0Sie haben bei unseren aktuellen Ausschreibungen keine geeignete ...<\/p>\n    <a href=\"https:\/\/www.h-its.org\/de\/hits-job\/initiativbewerbung\/\">Mehr erfahren<\/a>\n  <\/div>\n<\/div> -->\n      <\/div>\n        <\/div>\n    <\/div>\n  <\/div>\n\n\n\n<div class=\"wp-block-columns alignwide has-2-columns is-layout-flex wp-container-core-columns-is-layout-9d6595d7 wp-block-columns-is-layout-flex\">\n<div class=\"wp-block-column is-layout-flow wp-block-column-is-layout-flow\">\n<h2 class=\"wp-block-heading\">Jetzt HITSter werden<\/h2>\n\n\n\n<p>Danke f\u00fcr Ihr Interesse am HITS. Sie k\u00f6nnen unsere aktuellen Stellenausschreibungen auf unserer Job Seite finden. Es besteht au\u00dferdem die M\u00f6glichkeit eine Initiativbewerbung zu schicken. <\/p>\n\n\n\n<div class=\"wp-block-button\"><a class=\"wp-block-button__link\" href=\"https:\/\/www.h-its.org\/de\/karriere\/jetzt-hitster-werden\/\">Mehr erfahren<\/a><\/div>\n\n\n\n<p><\/p>\n<\/div>\n\n\n\n<div class=\"wp-block-column is-layout-flow wp-block-column-is-layout-flow\">\n<h2 class=\"wp-block-heading\">Arbeiten am HITS<\/h2>\n\n\n\n<p>Das HITS hat es sich zum Ziel gesetzt, wissenschaftliche Exzellenz zu f\u00f6rdern. Zu diesem Zweck hat das Institut ideale Rahmenbedingungen geschaffen, damit die einzelnen Forschungsgruppen ihre Arbeit mit der gr\u00f6\u00dftm\u00f6glichen Forschungsfreiheit und administrativer Unterst\u00fctzung vorantreiben k\u00f6nnen. Hier gibt es eine \u00dcbersicht \u00fcber das Arbeits- und Forschungsumfeld am HITS.<br><\/p>\n\n\n\n<div class=\"wp-block-button\"><a class=\"wp-block-button__link\" href=\"https:\/\/www.h-its.org\/de\/karriere\/working-at-hits\/\">Mehr erfahren<\/a><\/div>\n\n\n\n<p><\/p>\n<\/div>\n<\/div>\n\n\n\n<div class=\"wp-block-group alignfull\"><div class=\"wp-block-group__inner-container is-layout-flow wp-block-group-is-layout-flow\">\n<h2 class=\"wp-block-heading\" id=\"alumni\">Unsere Alumni<\/h2>\n\n\n\n<p>Welchen Einfluss hatte ihre Zeit am HITS auf die Karriere unserer Alumni? In der folgenden Videoserie erz\u00e4hlen unsere Alumni, was sie am HITS gemacht haben, wie sie ihre Zeit hier erlebt haben und wie ihr Aufenthalt ihnen bei ihrer weiteren wissenschaftlichen Karriere geholfen hat. Hier und da teilen unsere Alumni auch ein paar lustige Anekdoten und sch\u00f6ne Erinnerungen.<\/p>\n\n\n\n<p><a href=\"https:\/\/www.h-its.org\/de\/karriere\/unsere-alumni\/\">Mehr erfahren<\/a><\/p>\n\n\n\n<div style=\"height:40px\" aria-hidden=\"true\" class=\"wp-block-spacer\"><\/div>\n\n\n\n<div class=\"wp-block-columns alignwide has-3-columns is-layout-flex wp-container-core-columns-is-layout-9d6595d7 wp-block-columns-is-layout-flex\">\n<div class=\"wp-block-column is-layout-flow wp-block-column-is-layout-flow\">\n<figure class=\"wp-block-embed-youtube wp-block-embed is-type-video is-provider-youtube wp-embed-aspect-16-9 wp-has-aspect-ratio\"><div class=\"wp-block-embed__wrapper\">\n<iframe loading=\"lazy\" title=\"What our Alumni say about work &amp; life at HITS #1\" width=\"500\" height=\"281\" src=\"https:\/\/www.youtube.com\/embed\/cRQmsKyIw7w?feature=oembed\" frameborder=\"0\" allow=\"accelerometer; autoplay; clipboard-write; encrypted-media; gyroscope; picture-in-picture; web-share\" referrerpolicy=\"strict-origin-when-cross-origin\" allowfullscreen><\/iframe>\n<\/div><\/figure>\n<\/div>\n\n\n\n<div class=\"wp-block-column is-layout-flow wp-block-column-is-layout-flow\">\n<figure class=\"wp-block-embed-youtube wp-block-embed is-type-video is-provider-youtube wp-embed-aspect-16-9 wp-has-aspect-ratio\"><div class=\"wp-block-embed__wrapper\">\n<iframe loading=\"lazy\" title=\"What our Alumni say about work &amp; life at HITS #2\" width=\"500\" height=\"281\" src=\"https:\/\/www.youtube.com\/embed\/rj-Mr4o9czg?start=9&#038;feature=oembed\" frameborder=\"0\" allow=\"accelerometer; autoplay; clipboard-write; encrypted-media; gyroscope; picture-in-picture; web-share\" referrerpolicy=\"strict-origin-when-cross-origin\" allowfullscreen><\/iframe>\n<\/div><\/figure>\n<\/div>\n\n\n\n<div class=\"wp-block-column is-layout-flow wp-block-column-is-layout-flow\">\n<figure class=\"wp-block-embed-youtube wp-block-embed is-type-video is-provider-youtube wp-embed-aspect-16-9 wp-has-aspect-ratio\"><div class=\"wp-block-embed__wrapper\">\n<iframe loading=\"lazy\" title=\"What our Alumni say about work &amp; life at HITS #3\" width=\"500\" height=\"281\" src=\"https:\/\/www.youtube.com\/embed\/yGM1lt80Ewc?start=38&#038;feature=oembed\" frameborder=\"0\" allow=\"accelerometer; autoplay; clipboard-write; encrypted-media; gyroscope; picture-in-picture; web-share\" referrerpolicy=\"strict-origin-when-cross-origin\" allowfullscreen><\/iframe>\n<\/div><\/figure>\n<\/div>\n<\/div>\n\n\n\n<h2 class=\"wp-block-heading\" id=\"ehemalige-gruppen\">Ehemalige Gruppen<\/h2>\n\n\n\n<p>Hier gibt es einen kleinen \u00dcberblick \u00fcber ehemalige Forschungsgruppen am HITS, der zeigt, was die Gruppen in ihrer Zeit an unserem Institut alles erforscht haben und wo sie nach ihrer Zeit am HITS weiterforschen.<\/p>\n\n\n\n<p><a href=\"https:\/\/www.h-its.org\/de\/karriere\/ehemalige-gruppen\/\">Mehr erfahren<\/a><\/p>\n\n\n<div class=\"hits-blocks hits-groups-block alignfull section-wrapper \">\n    <div class=\"section-wrapper--inner\">\n      \n      <div class=\"group-grid two-columns\">\n        <div class=\"group-preview\">\n      <div class=\"image-wrapper\">\n      <div class=\"image-inner\">\n        <img decoding=\"async\" src=\"https:\/\/www.h-its.org\/de\/wp-content\/uploads\/sites\/2\/2019\/12\/Alumni-CBI-420x420.jpg\" alt=\"Group Image\" \/>      <\/div>\n    <\/div>\n    <div class=\"group-preview--content\">\n    <p class=\"font-m font-normal font-primary\">Computational Biology<\/p>\n    <div class=\"show-for-medium\">\n      <!-- <p>Die CBI Gruppe entwickelte neue Ans\u00e4tze f\u00fcr die sogenannte \u201eDe-novo-Assemblierung\u201c, die Rekonstruktion von Genomsequenzen mit Hilfe von DNA-Sequenzierger\u00e4ten ...<\/p> -->\n      <p>Die CBI Gruppe entwickelte neue Ans\u00e4tze f\u00fcr die sogenannte \u201eDe-novo-Assemblierung\u201c, die Rekonstruktion von Genomsequenzen mit Hilfe von DNA-Sequenzierger\u00e4ten und bioinformatischen Methoden.<\/p>    <\/div>\n    <a href=\"https:\/\/www.h-its.org\/de\/forschung\/computational-biology-cbi-group\/\" class=\"read-more-button\">Mehr erfahren<\/a>\n  <\/div>\n<\/div>\n<div class=\"group-preview\">\n      <div class=\"image-wrapper\">\n      <div class=\"image-inner\">\n        <img decoding=\"async\" src=\"https:\/\/www.h-its.org\/de\/wp-content\/uploads\/sites\/2\/2019\/12\/ccc-header-banner-420x420.jpg\" alt=\"Group Image\" \/>      <\/div>\n    <\/div>\n    <div class=\"group-preview--content\">\n    <p class=\"font-m font-normal font-primary\">Computational Carbon Chemistry<\/p>\n    <div class=\"show-for-medium\">\n      <!-- <p>Die CCC Gruppe arbeitete mit den neuesten Methoden der Computerchemie, um funktionale organische Materialien zu untersuchen und auszuwerten.<\/p> -->\n      <p>Die CCC Gruppe arbeitete mit den neuesten Methoden der Computerchemie, um funktionale organische Materialien zu untersuchen und auszuwerten.<\/p>    <\/div>\n    <a href=\"https:\/\/www.h-its.org\/de\/forschung\/ccc\/\" class=\"read-more-button\">Mehr erfahren<\/a>\n  <\/div>\n<\/div>\n<div class=\"group-preview\">\n      <div class=\"image-wrapper\">\n      <div class=\"image-inner\">\n        <img decoding=\"async\" src=\"https:\/\/www.h-its.org\/de\/wp-content\/uploads\/sites\/2\/2019\/12\/GRG-420x420.jpg\" alt=\"Group Image\" \/>      <\/div>\n    <\/div>\n    <div class=\"group-preview--content\">\n    <p class=\"font-m font-normal font-primary\">Groups and Geometry<\/p>\n    <div class=\"show-for-medium\">\n      <!-- <p>Die GRG Gruppe besch\u00e4ftigte sich mit verschiedenen mathematischen Problemen aus dem Gebiet der Geometrie und Topologie, in denen das Zusammenspiel ...<\/p> -->\n      <p>Die GRG Gruppe besch\u00e4ftigte sich mit verschiedenen mathematischen Problemen aus dem Gebiet der Geometrie und Topologie, in denen das Zusammenspiel zwischen geometrischen R\u00e4umen.<\/p>    <\/div>\n    <a href=\"https:\/\/www.h-its.org\/de\/forschung\/grg\/\" class=\"read-more-button\">Mehr erfahren<\/a>\n  <\/div>\n<\/div>\n<div class=\"group-preview\">\n      <div class=\"image-wrapper\">\n      <div class=\"image-inner\">\n        <img decoding=\"async\" src=\"https:\/\/www.h-its.org\/de\/wp-content\/uploads\/sites\/2\/2019\/12\/Alumni-HAC-420x420.jpg\" alt=\"Group Image\" \/>      <\/div>\n    <\/div>\n    <div class=\"group-preview--content\">\n    <p class=\"font-m font-normal font-primary\">High Energy Astrophysics and Cosmology<\/p>\n    <div class=\"show-for-medium\">\n      <!-- <p>Die HAC Gruppe modellierte die zugrundeliegende Physik der kosmischen Strahlung, Magnetfelder und Plasmawellen detailgetreu im Computer und f\u00fchrten damit kosmologische ...<\/p> -->\n      <p>Die HAC Gruppe modellierte die zugrundeliegende Physik der kosmischen Strahlung, Magnetfelder und Plasmawellen detailgetreu im Computer und f\u00fchrten damit kosmologische Computersimulationen an Hochleistungsrechnern durch.<\/p>    <\/div>\n    <a href=\"https:\/\/www.h-its.org\/de\/forschung\/high-energy-astrophysics-and-cosmology-hac-gruppe\/\" class=\"read-more-button\">Mehr erfahren<\/a>\n  <\/div>\n<\/div>\n<div class=\"group-preview\">\n      <div class=\"image-wrapper\">\n      <div class=\"image-inner\">\n        <img decoding=\"async\" src=\"https:\/\/www.h-its.org\/de\/wp-content\/uploads\/sites\/2\/2019\/12\/Alumni-TAP-420x420.jpg\" alt=\"Group Image\" \/>      <\/div>\n    <\/div>\n    <div class=\"group-preview--content\">\n    <p class=\"font-m font-normal font-primary\">Theoretical Astrophysics<\/p>\n    <div class=\"show-for-medium\">\n      <!-- <p>Die TAP Gruppe simulierte die vielf\u00e4ltigen Formen und Gr\u00f6\u00dfen von Galaxien mit Supercomputern.<\/p> -->\n      <p>Die TAP Gruppe simulierte die vielf\u00e4ltigen Formen und Gr\u00f6\u00dfen von Galaxien mit Supercomputern.<\/p>    <\/div>\n    <a href=\"https:\/\/www.h-its.org\/de\/forschung\/theoretical-astrophysics-tap-group\/\" class=\"read-more-button\">Mehr erfahren<\/a>\n  <\/div>\n<\/div>\n      <\/div>\n    <\/div>\n\n<\/div>\n<\/div><\/div>\n","protected":false},"excerpt":{"rendered":"<p>Vielen Dank f\u00fcr Ihr Interesse an HITS. Auf den folgenden Seiten befinden sich alle Informationen rund um unsere offenen Stellenanzeigen, &#8230;<\/p>\n","protected":false},"author":6,"featured_media":40605,"parent":0,"menu_order":3,"comment_status":"closed","ping_status":"closed","template":"","meta":{"_acf_changed":false,"inline_featured_image":false,"footnotes":""},"hits-research-group":[1341],"class_list":["post-5776","page","type-page","status-publish","has-post-thumbnail","hentry","hits-research-group-administration-de"],"acf":[],"yoast_head":"<!-- This site is optimized with the Yoast SEO plugin v27.4 - https:\/\/yoast.com\/product\/yoast-seo-wordpress\/ -->\n<title>Join HITS - HITS gGmbH<\/title>\n<meta name=\"robots\" content=\"index, follow, max-snippet:-1, max-image-preview:large, max-video-preview:-1\" \/>\n<link rel=\"canonical\" href=\"https:\/\/www.h-its.org\/de\/karriere\/\" \/>\n<meta property=\"og:locale\" content=\"de_DE\" \/>\n<meta property=\"og:type\" content=\"article\" \/>\n<meta property=\"og:title\" content=\"Join HITS - HITS gGmbH\" \/>\n<meta property=\"og:description\" content=\"Vielen Dank f\u00fcr Ihr Interesse an HITS. Auf den folgenden Seiten befinden sich alle Informationen rund um unsere offenen Stellenanzeigen, ...\" \/>\n<meta property=\"og:url\" content=\"https:\/\/www.h-its.org\/de\/karriere\/\" \/>\n<meta property=\"og:site_name\" content=\"HITS gGmbH\" \/>\n<meta property=\"article:modified_time\" content=\"2019-10-16T15:18:40+00:00\" \/>\n<meta property=\"og:image\" content=\"https:\/\/www.h-its.org\/de\/wp-content\/uploads\/sites\/2\/2019\/12\/Karriere.jpg\" \/>\n\t<meta property=\"og:image:width\" content=\"1340\" \/>\n\t<meta property=\"og:image:height\" content=\"450\" \/>\n\t<meta property=\"og:image:type\" content=\"image\/jpeg\" \/>\n<meta name=\"twitter:card\" content=\"summary_large_image\" \/>\n<meta name=\"twitter:label1\" content=\"Gesch\u00e4tzte Lesezeit\" \/>\n\t<meta name=\"twitter:data1\" content=\"1\u00a0Minute\" \/>\n<script type=\"application\/ld+json\" class=\"yoast-schema-graph\">{\"@context\":\"https:\\\/\\\/schema.org\",\"@graph\":[{\"@type\":\"WebPage\",\"@id\":\"https:\\\/\\\/www.h-its.org\\\/de\\\/karriere\\\/\",\"url\":\"https:\\\/\\\/www.h-its.org\\\/de\\\/karriere\\\/\",\"name\":\"Join HITS - HITS gGmbH\",\"isPartOf\":{\"@id\":\"https:\\\/\\\/www.h-its.org\\\/de\\\/#website\"},\"primaryImageOfPage\":{\"@id\":\"https:\\\/\\\/www.h-its.org\\\/de\\\/karriere\\\/#primaryimage\"},\"image\":{\"@id\":\"https:\\\/\\\/www.h-its.org\\\/de\\\/karriere\\\/#primaryimage\"},\"thumbnailUrl\":\"https:\\\/\\\/www.h-its.org\\\/de\\\/wp-content\\\/uploads\\\/sites\\\/2\\\/2019\\\/12\\\/Karriere.jpg\",\"datePublished\":\"2014-12-11T20:58:00+00:00\",\"dateModified\":\"2019-10-16T15:18:40+00:00\",\"breadcrumb\":{\"@id\":\"https:\\\/\\\/www.h-its.org\\\/de\\\/karriere\\\/#breadcrumb\"},\"inLanguage\":\"de\",\"potentialAction\":[{\"@type\":\"ReadAction\",\"target\":[\"https:\\\/\\\/www.h-its.org\\\/de\\\/karriere\\\/\"]}]},{\"@type\":\"ImageObject\",\"inLanguage\":\"de\",\"@id\":\"https:\\\/\\\/www.h-its.org\\\/de\\\/karriere\\\/#primaryimage\",\"url\":\"https:\\\/\\\/www.h-its.org\\\/de\\\/wp-content\\\/uploads\\\/sites\\\/2\\\/2019\\\/12\\\/Karriere.jpg\",\"contentUrl\":\"https:\\\/\\\/www.h-its.org\\\/de\\\/wp-content\\\/uploads\\\/sites\\\/2\\\/2019\\\/12\\\/Karriere.jpg\",\"width\":1340,\"height\":450},{\"@type\":\"BreadcrumbList\",\"@id\":\"https:\\\/\\\/www.h-its.org\\\/de\\\/karriere\\\/#breadcrumb\",\"itemListElement\":[{\"@type\":\"ListItem\",\"position\":1,\"name\":\"Home\",\"item\":\"https:\\\/\\\/www.h-its.org\\\/de\\\/\"},{\"@type\":\"ListItem\",\"position\":2,\"name\":\"Join HITS\"}]},{\"@type\":\"WebSite\",\"@id\":\"https:\\\/\\\/www.h-its.org\\\/de\\\/#website\",\"url\":\"https:\\\/\\\/www.h-its.org\\\/de\\\/\",\"name\":\"HITS gGmbH\",\"description\":\"Heidelberg Institute for Theoretical Studies\",\"potentialAction\":[{\"@type\":\"SearchAction\",\"target\":{\"@type\":\"EntryPoint\",\"urlTemplate\":\"https:\\\/\\\/www.h-its.org\\\/de\\\/?s={search_term_string}\"},\"query-input\":{\"@type\":\"PropertyValueSpecification\",\"valueRequired\":true,\"valueName\":\"search_term_string\"}}],\"inLanguage\":\"de\"}]}<\/script>\n<!-- \/ Yoast SEO plugin. -->","yoast_head_json":{"title":"Join HITS - HITS gGmbH","robots":{"index":"index","follow":"follow","max-snippet":"max-snippet:-1","max-image-preview":"max-image-preview:large","max-video-preview":"max-video-preview:-1"},"canonical":"https:\/\/www.h-its.org\/de\/karriere\/","og_locale":"de_DE","og_type":"article","og_title":"Join HITS - HITS gGmbH","og_description":"Vielen Dank f\u00fcr Ihr Interesse an HITS. Auf den folgenden Seiten befinden sich alle Informationen rund um unsere offenen Stellenanzeigen, ...","og_url":"https:\/\/www.h-its.org\/de\/karriere\/","og_site_name":"HITS gGmbH","article_modified_time":"2019-10-16T15:18:40+00:00","og_image":[{"width":1340,"height":450,"url":"https:\/\/www.h-its.org\/de\/wp-content\/uploads\/sites\/2\/2019\/12\/Karriere.jpg","type":"image\/jpeg"}],"twitter_card":"summary_large_image","twitter_misc":{"Gesch\u00e4tzte Lesezeit":"1\u00a0Minute"},"schema":{"@context":"https:\/\/schema.org","@graph":[{"@type":"WebPage","@id":"https:\/\/www.h-its.org\/de\/karriere\/","url":"https:\/\/www.h-its.org\/de\/karriere\/","name":"Join HITS - HITS gGmbH","isPartOf":{"@id":"https:\/\/www.h-its.org\/de\/#website"},"primaryImageOfPage":{"@id":"https:\/\/www.h-its.org\/de\/karriere\/#primaryimage"},"image":{"@id":"https:\/\/www.h-its.org\/de\/karriere\/#primaryimage"},"thumbnailUrl":"https:\/\/www.h-its.org\/de\/wp-content\/uploads\/sites\/2\/2019\/12\/Karriere.jpg","datePublished":"2014-12-11T20:58:00+00:00","dateModified":"2019-10-16T15:18:40+00:00","breadcrumb":{"@id":"https:\/\/www.h-its.org\/de\/karriere\/#breadcrumb"},"inLanguage":"de","potentialAction":[{"@type":"ReadAction","target":["https:\/\/www.h-its.org\/de\/karriere\/"]}]},{"@type":"ImageObject","inLanguage":"de","@id":"https:\/\/www.h-its.org\/de\/karriere\/#primaryimage","url":"https:\/\/www.h-its.org\/de\/wp-content\/uploads\/sites\/2\/2019\/12\/Karriere.jpg","contentUrl":"https:\/\/www.h-its.org\/de\/wp-content\/uploads\/sites\/2\/2019\/12\/Karriere.jpg","width":1340,"height":450},{"@type":"BreadcrumbList","@id":"https:\/\/www.h-its.org\/de\/karriere\/#breadcrumb","itemListElement":[{"@type":"ListItem","position":1,"name":"Home","item":"https:\/\/www.h-its.org\/de\/"},{"@type":"ListItem","position":2,"name":"Join HITS"}]},{"@type":"WebSite","@id":"https:\/\/www.h-its.org\/de\/#website","url":"https:\/\/www.h-its.org\/de\/","name":"HITS gGmbH","description":"Heidelberg Institute for Theoretical Studies","potentialAction":[{"@type":"SearchAction","target":{"@type":"EntryPoint","urlTemplate":"https:\/\/www.h-its.org\/de\/?s={search_term_string}"},"query-input":{"@type":"PropertyValueSpecification","valueRequired":true,"valueName":"search_term_string"}}],"inLanguage":"de"}]}},"publishpress_future_action":{"enabled":false,"date":"2026-04-23 18:05:24","action":"change-status","newStatus":"draft","terms":[],"taxonomy":"hits-research-group","extraData":[]},"publishpress_future_workflow_manual_trigger":{"enabledWorkflows":[]},"_links":{"self":[{"href":"https:\/\/www.h-its.org\/de\/wp-json\/wp\/v2\/pages\/5776","targetHints":{"allow":["GET"]}}],"collection":[{"href":"https:\/\/www.h-its.org\/de\/wp-json\/wp\/v2\/pages"}],"about":[{"href":"https:\/\/www.h-its.org\/de\/wp-json\/wp\/v2\/types\/page"}],"author":[{"embeddable":true,"href":"https:\/\/www.h-its.org\/de\/wp-json\/wp\/v2\/users\/6"}],"replies":[{"embeddable":true,"href":"https:\/\/www.h-its.org\/de\/wp-json\/wp\/v2\/comments?post=5776"}],"version-history":[{"count":56,"href":"https:\/\/www.h-its.org\/de\/wp-json\/wp\/v2\/pages\/5776\/revisions"}],"predecessor-version":[{"id":50739,"href":"https:\/\/www.h-its.org\/de\/wp-json\/wp\/v2\/pages\/5776\/revisions\/50739"}],"wp:featuredmedia":[{"embeddable":true,"href":"https:\/\/www.h-its.org\/de\/wp-json\/wp\/v2\/media\/40605"}],"wp:attachment":[{"href":"https:\/\/www.h-its.org\/de\/wp-json\/wp\/v2\/media?parent=5776"}],"wp:term":[{"taxonomy":"hits-research-group","embeddable":true,"href":"https:\/\/www.h-its.org\/de\/wp-json\/wp\/v2\/hits-research-group?post=5776"}],"curies":[{"name":"wp","href":"https:\/\/api.w.org\/{rel}","templated":true}]}}