{"id":584,"date":"2014-10-08T10:33:05","date_gmt":"2014-10-08T08:33:05","guid":{"rendered":"http:\/\/www.h-its.org\/?page_id=584"},"modified":"2026-03-31T15:37:29","modified_gmt":"2026-03-31T13:37:29","slug":"journalist-in-residence-programm","status":"publish","type":"page","link":"https:\/\/www.h-its.org\/de\/medien\/journalist-in-residence-programm\/","title":{"rendered":"HITS Journalist in Residence Programm"},"content":{"rendered":"\n<h2 class=\"wp-block-heading\">\u00dcber das Programm<\/h2>\n\n\n\n<p>Unser Forschungsinstitut bietet erfahrenen Journalist*innen mit Fokus auf die Bereiche Naturwissenschaften, Mathematik oder Informatik einen Gastaufenthalt als \u201eJournalist in Residence\u201c an. Die oder der \u201eJournalist in Residence\u201c erh\u00e4lt die M\u00f6glichkeit eines drei- bis sechs-monatigen bezahlten Aufenthalts an unserem Institut, um sich w\u00e4hrend dieser Zeit mit unseren Forschenden auszutauschen und so einen Einblick in die Forschung des HITS zu erhalten. Die Ausschreibung f\u00fcr das Programm findet j\u00e4hrlich statt. <\/p>\n\n\n\n<h2 class=\"wp-block-heading\">Zielsetzung des Programms<\/h2>\n\n\n\n<p>Wir m\u00f6chten engagierten Journalist*innen die Gelegenheit geben, sich mit den verschiedenen Forschungsbereichen unseres Instituts vertraut zu machen und ihr Fachwissen je nach Interessenschwerpunkt zu vertiefen. Der Gastaufenthalt bietet den Journalist*innen Zeit und Raum, sich ohne Alltagsdruck in neue Themen einzuarbeiten und neue Projekte zu planen. Dar\u00fcber hinaus k\u00f6nnen sie sich w\u00e4hrend ihres Aufenthalts mit den Methoden und M\u00f6glichkeiten der sog. \u201edatengetriebenen Wissenschaft\u201c vertraut machen. Ein weiteres Ziel ist es, den Austausch zwischen Journalist*innen und den HITS-Forscher*innen zu f\u00f6rdern. Durch den t\u00e4glichen Kontakt mit den Wissenschaftler*innen k\u00f6nnen die Journalist*innen besser verstehen lernen, wie moderne Forschung funktioniert und im Gegenzug erhalten unsere HITS-Wissenschaftler*innen einen Einblick in die journalistische Arbeitswelt.<\/p>\n\n\n\n<h2 class=\"wp-block-heading\">Zielgruppe und Dauer<\/h2>\n\n\n\n<p>Der Gastaufenthalt ist sowohl f\u00fcr freiberufliche als auch f\u00fcr festangestellte Journalist*innen gedacht. Wichtig ist, dass sie sich auf Wissenschaftsjournalismus konzentrieren und mehrere Jahre Berufserfahrung mitbringen. Es gibt dabei keine Begrenzung auf bestimmte Medienbereiche \u2013 Print- oder Online-Journalismus genauso wie Radio oder Fernsehen sind gleicherma\u00dfen erw\u00fcnscht. Der Gastaufenhalt hat eine Dauer von drei bis sechs Monaten.<\/p>\n\n\n\n<h2 class=\"wp-block-heading\">Inhalt und Dotierung des Gastaufenthalts<\/h2>\n\n\n\n<p>Die Aktivit\u00e4ten der Journalist*innen w\u00e4hrend ihres Aufenthalts am HITS erstrecken sich in erster Linie auf folgende Bereiche:<\/p>\n\n\n\n<ul class=\"wp-block-list\">\n<li>Gegenseitiger Austausch mit den HITS-Forschenden <\/li>\n\n\n\n<li>Ein internes Seminar zum Thema Wissenschaftskommunikation\/-journalismus f\u00fcr unsere HITS-Wissenschaftler*innen<\/li>\n\n\n\n<li>Ein \u00f6ffentlicher Vortrag zum Thema Wissenschaftskommunikation\/-journalismus<\/li>\n\n\n\n<li>Recherche f\u00fcr m\u00f6gliche Projekte\/Publikationen<\/li>\n<\/ul>\n\n\n\n<p>Eine Gegenleistung von den Journalist\/-innen in Form einer Ver\u00f6ffentlichung mit Bezug zum HITS wird nicht gefordert. <strong>Der Gastaufenthalt dient ausdr\u00fccklich der F\u00f6rderung eines unabh\u00e4ngigen Journalismus.<\/strong><br>Der Gastaufenthalt ist mit \u20ac6.000 im Monat dotiert. Au\u00dferdem k\u00f6nnen die An- und Abreisekosten zum Aufenthalt als \u201eJournalist in Residence\u201c in Heidelberg nach vorheriger Absprache erstattet werden. Alle sonstigen Reisekosten, die w\u00e4hrend des Aufenthalts anfallen, sind mit der Verg\u00fctung abgegolten. Des Weiteren stellt das HITS f\u00fcr den Gastaufenthalt einen Arbeitsplatz &#8211; bei Bedarf mit PC und externem Monitor &#8211; zur Verf\u00fcgung.<\/p>\n\n\n\n<h2 class=\"wp-block-heading\">Bewerbungsunterlagen<\/h2>\n\n\n\n<p>Die Bewerbungsunterlagen m\u00fcssen folgende Dinge enthalten:<\/p>\n\n\n\n<ul class=\"wp-block-list\">\n<li>Anschreiben<\/li>\n\n\n\n<li>Lebenslauf<\/li>\n\n\n\n<li>Nachweis journalistischer T\u00e4tigkeit im Bereich Wissenschaft und Technologie: Maximal 5 Arbeitsproben. Bitte senden Sie Ihre Artikel im PDF-Format. Bei Texten, die weder Deutsch noch Englisch sind, sollte zumindest eine Arbeitsprobe ins Englische oder Deutsche \u00fcbersetzt eingereicht werden. Wenn Sie uns Audio- oder Videodateien zusenden m\u00f6chsten, senden Sie uns bitte wenn ein PDF-Dokument mit den Links zu den Beitr\u00e4gen. <\/li>\n\n\n\n<li>Motivationsschreiben: Wie wird die Zeit am HITS genutzt? Welche Projekte sind geplant? Welche Forschungsgruppen bzw. \u2013bereiche sind besonders interessant und wieso? (Maximal 2 Seiten)<\/li>\n\n\n\n<li>Bei festangestellten Journalist*innen: Empfehlungsschreiben der\/des Chefredakteur*in bzw. der Vorgesetzten<\/li>\n<\/ul>\n\n\n\n<p aria-label=\"Link zu einer externen Seite\">Bitte senden Sie uns die Bewerbungsunterlagen ausschlie\u00dflich \u00fcber das <a href=\"https:\/\/www.h-its.org\/de\/hits-job\/\" target=\"_blank\" rel=\"noreferrer noopener\">HITS-Bewerbungsportal <\/a>zu. <br>Gute Englischkenntnisse in Wort und Schrift sind Voraussetzung. Mitglieder unserer Auswahljury sind Wissenschaftsjournalist*innen sowie Wissenschaftler*innen des HITS und seiner Partnerorganisationen Universit\u00e4t Heidelberg und KIT. <\/p>\n\n\n\n<h2 class=\"wp-block-heading\">Ausschreibung und Bewerbungsfrist<\/h2>\n\n\n\n<p aria-label=\"Link zu einer externen Seite\">HITS &#8222;Journalist in Residence&#8220; 2026 ist die indische Wissenschaftsjournalistin <a href=\"https:\/\/www.h-its.org\/de\/2025\/12\/01\/monika-mondal-jir2026\/\" id=\"50276\">Monika Mondal<\/a>.<br>Die n\u00e4chste Ausschreibung f\u00fcr das Jahr 2027 beginnt im Sommer 2026.<\/p>\n\n\n\n<h2 class=\"wp-block-heading\">Fragen?<\/h2>\n\n\n\n<p aria-label=\"Link zu einer externen Seite\">Hier geht es zu den <a href=\"https:\/\/www.h-its.org\/de\/medien\/journalist-in-residence-programm\/fragen\/\" id=\"https:\/\/www.h-its.org\/de\/medien\/journalist-in-residence-programm\/fragen\/\">FAQ<\/a>.<\/p>\n\n\n\n<p><\/p>\n","protected":false},"excerpt":{"rendered":"<p>\u00dcber das Programm Unser Forschungsinstitut bietet erfahrenen Journalist*innen mit Fokus auf die Bereiche Naturwissenschaften, Mathematik oder Informatik einen Gastaufenthalt als \u201e&#8230;<\/p>\n","protected":false},"author":6,"featured_media":40628,"parent":31309,"menu_order":4,"comment_status":"closed","ping_status":"closed","template":"page-templates\/left-sidebar.php","meta":{"_acf_changed":false,"inline_featured_image":false,"footnotes":""},"hits-research-group":[1333],"class_list":["post-584","page","type-page","status-publish","has-post-thumbnail","hentry","hits-research-group-communications"],"acf":[],"yoast_head":"<!-- This site is optimized with the Yoast SEO plugin v27.2 - https:\/\/yoast.com\/product\/yoast-seo-wordpress\/ -->\n<title>HITS Journalist in Residence Programm - HITS gGmbH<\/title>\n<meta name=\"robots\" content=\"index, follow, max-snippet:-1, max-image-preview:large, max-video-preview:-1\" \/>\n<link rel=\"canonical\" href=\"https:\/\/www.h-its.org\/de\/medien\/journalist-in-residence-programm\/\" \/>\n<meta property=\"og:locale\" content=\"de_DE\" \/>\n<meta property=\"og:type\" content=\"article\" \/>\n<meta property=\"og:title\" content=\"HITS Journalist in Residence Programm - HITS gGmbH\" \/>\n<meta property=\"og:description\" content=\"\u00dcber das Programm Unser Forschungsinstitut bietet erfahrenen Journalist*innen mit Fokus auf die Bereiche Naturwissenschaften, Mathematik oder Informatik einen Gastaufenthalt als \u201e...\" \/>\n<meta property=\"og:url\" content=\"https:\/\/www.h-its.org\/de\/medien\/journalist-in-residence-programm\/\" \/>\n<meta property=\"og:site_name\" content=\"HITS gGmbH\" \/>\n<meta property=\"article:modified_time\" content=\"2026-03-31T13:37:29+00:00\" \/>\n<meta property=\"og:image\" content=\"https:\/\/www.h-its.org\/de\/wp-content\/uploads\/sites\/2\/2019\/12\/Jounalists.jpg\" \/>\n\t<meta property=\"og:image:width\" content=\"1340\" \/>\n\t<meta property=\"og:image:height\" content=\"450\" \/>\n\t<meta property=\"og:image:type\" content=\"image\/jpeg\" \/>\n<meta name=\"twitter:card\" content=\"summary_large_image\" \/>\n<meta name=\"twitter:label1\" content=\"Gesch\u00e4tzte Lesezeit\" \/>\n\t<meta name=\"twitter:data1\" content=\"4\u00a0Minuten\" \/>\n<script type=\"application\/ld+json\" class=\"yoast-schema-graph\">{\"@context\":\"https:\/\/schema.org\",\"@graph\":[{\"@type\":\"WebPage\",\"@id\":\"https:\/\/www.h-its.org\/de\/medien\/journalist-in-residence-programm\/\",\"url\":\"https:\/\/www.h-its.org\/de\/medien\/journalist-in-residence-programm\/\",\"name\":\"HITS Journalist in Residence Programm - HITS gGmbH\",\"isPartOf\":{\"@id\":\"https:\/\/www.h-its.org\/de\/#website\"},\"primaryImageOfPage\":{\"@id\":\"https:\/\/www.h-its.org\/de\/medien\/journalist-in-residence-programm\/#primaryimage\"},\"image\":{\"@id\":\"https:\/\/www.h-its.org\/de\/medien\/journalist-in-residence-programm\/#primaryimage\"},\"thumbnailUrl\":\"https:\/\/www.h-its.org\/de\/wp-content\/uploads\/sites\/2\/2019\/12\/Jounalists.jpg\",\"datePublished\":\"2014-10-08T08:33:05+00:00\",\"dateModified\":\"2026-03-31T13:37:29+00:00\",\"breadcrumb\":{\"@id\":\"https:\/\/www.h-its.org\/de\/medien\/journalist-in-residence-programm\/#breadcrumb\"},\"inLanguage\":\"de\",\"potentialAction\":[{\"@type\":\"ReadAction\",\"target\":[\"https:\/\/www.h-its.org\/de\/medien\/journalist-in-residence-programm\/\"]}]},{\"@type\":\"ImageObject\",\"inLanguage\":\"de\",\"@id\":\"https:\/\/www.h-its.org\/de\/medien\/journalist-in-residence-programm\/#primaryimage\",\"url\":\"https:\/\/www.h-its.org\/de\/wp-content\/uploads\/sites\/2\/2019\/12\/Jounalists.jpg\",\"contentUrl\":\"https:\/\/www.h-its.org\/de\/wp-content\/uploads\/sites\/2\/2019\/12\/Jounalists.jpg\",\"width\":1340,\"height\":450},{\"@type\":\"BreadcrumbList\",\"@id\":\"https:\/\/www.h-its.org\/de\/medien\/journalist-in-residence-programm\/#breadcrumb\",\"itemListElement\":[{\"@type\":\"ListItem\",\"position\":1,\"name\":\"Home\",\"item\":\"https:\/\/www.h-its.org\/de\/\"},{\"@type\":\"ListItem\",\"position\":2,\"name\":\"HITS-Kommunikation\",\"item\":\"https:\/\/www.h-its.org\/de\/medien\/\"},{\"@type\":\"ListItem\",\"position\":3,\"name\":\"HITS Journalist in Residence Programm\"}]},{\"@type\":\"WebSite\",\"@id\":\"https:\/\/www.h-its.org\/de\/#website\",\"url\":\"https:\/\/www.h-its.org\/de\/\",\"name\":\"HITS gGmbH\",\"description\":\"Heidelberg Institute for Theoretical Studies\",\"potentialAction\":[{\"@type\":\"SearchAction\",\"target\":{\"@type\":\"EntryPoint\",\"urlTemplate\":\"https:\/\/www.h-its.org\/de\/?s={search_term_string}\"},\"query-input\":{\"@type\":\"PropertyValueSpecification\",\"valueRequired\":true,\"valueName\":\"search_term_string\"}}],\"inLanguage\":\"de\"}]}<\/script>\n<!-- \/ Yoast SEO plugin. -->","yoast_head_json":{"title":"HITS Journalist in Residence Programm - HITS gGmbH","robots":{"index":"index","follow":"follow","max-snippet":"max-snippet:-1","max-image-preview":"max-image-preview:large","max-video-preview":"max-video-preview:-1"},"canonical":"https:\/\/www.h-its.org\/de\/medien\/journalist-in-residence-programm\/","og_locale":"de_DE","og_type":"article","og_title":"HITS Journalist in Residence Programm - HITS gGmbH","og_description":"\u00dcber das Programm Unser Forschungsinstitut bietet erfahrenen Journalist*innen mit Fokus auf die Bereiche Naturwissenschaften, Mathematik oder Informatik einen Gastaufenthalt als \u201e...","og_url":"https:\/\/www.h-its.org\/de\/medien\/journalist-in-residence-programm\/","og_site_name":"HITS gGmbH","article_modified_time":"2026-03-31T13:37:29+00:00","og_image":[{"width":1340,"height":450,"url":"https:\/\/www.h-its.org\/de\/wp-content\/uploads\/sites\/2\/2019\/12\/Jounalists.jpg","type":"image\/jpeg"}],"twitter_card":"summary_large_image","twitter_misc":{"Gesch\u00e4tzte Lesezeit":"4\u00a0Minuten"},"schema":{"@context":"https:\/\/schema.org","@graph":[{"@type":"WebPage","@id":"https:\/\/www.h-its.org\/de\/medien\/journalist-in-residence-programm\/","url":"https:\/\/www.h-its.org\/de\/medien\/journalist-in-residence-programm\/","name":"HITS Journalist in Residence Programm - HITS gGmbH","isPartOf":{"@id":"https:\/\/www.h-its.org\/de\/#website"},"primaryImageOfPage":{"@id":"https:\/\/www.h-its.org\/de\/medien\/journalist-in-residence-programm\/#primaryimage"},"image":{"@id":"https:\/\/www.h-its.org\/de\/medien\/journalist-in-residence-programm\/#primaryimage"},"thumbnailUrl":"https:\/\/www.h-its.org\/de\/wp-content\/uploads\/sites\/2\/2019\/12\/Jounalists.jpg","datePublished":"2014-10-08T08:33:05+00:00","dateModified":"2026-03-31T13:37:29+00:00","breadcrumb":{"@id":"https:\/\/www.h-its.org\/de\/medien\/journalist-in-residence-programm\/#breadcrumb"},"inLanguage":"de","potentialAction":[{"@type":"ReadAction","target":["https:\/\/www.h-its.org\/de\/medien\/journalist-in-residence-programm\/"]}]},{"@type":"ImageObject","inLanguage":"de","@id":"https:\/\/www.h-its.org\/de\/medien\/journalist-in-residence-programm\/#primaryimage","url":"https:\/\/www.h-its.org\/de\/wp-content\/uploads\/sites\/2\/2019\/12\/Jounalists.jpg","contentUrl":"https:\/\/www.h-its.org\/de\/wp-content\/uploads\/sites\/2\/2019\/12\/Jounalists.jpg","width":1340,"height":450},{"@type":"BreadcrumbList","@id":"https:\/\/www.h-its.org\/de\/medien\/journalist-in-residence-programm\/#breadcrumb","itemListElement":[{"@type":"ListItem","position":1,"name":"Home","item":"https:\/\/www.h-its.org\/de\/"},{"@type":"ListItem","position":2,"name":"HITS-Kommunikation","item":"https:\/\/www.h-its.org\/de\/medien\/"},{"@type":"ListItem","position":3,"name":"HITS Journalist in Residence Programm"}]},{"@type":"WebSite","@id":"https:\/\/www.h-its.org\/de\/#website","url":"https:\/\/www.h-its.org\/de\/","name":"HITS gGmbH","description":"Heidelberg Institute for Theoretical Studies","potentialAction":[{"@type":"SearchAction","target":{"@type":"EntryPoint","urlTemplate":"https:\/\/www.h-its.org\/de\/?s={search_term_string}"},"query-input":{"@type":"PropertyValueSpecification","valueRequired":true,"valueName":"search_term_string"}}],"inLanguage":"de"}]}},"publishpress_future_action":{"enabled":false,"date":"2026-04-22 00:10:06","action":"change-status","newStatus":"draft","terms":[],"taxonomy":"hits-research-group","extraData":[]},"publishpress_future_workflow_manual_trigger":{"enabledWorkflows":[]},"_links":{"self":[{"href":"https:\/\/www.h-its.org\/de\/wp-json\/wp\/v2\/pages\/584","targetHints":{"allow":["GET"]}}],"collection":[{"href":"https:\/\/www.h-its.org\/de\/wp-json\/wp\/v2\/pages"}],"about":[{"href":"https:\/\/www.h-its.org\/de\/wp-json\/wp\/v2\/types\/page"}],"author":[{"embeddable":true,"href":"https:\/\/www.h-its.org\/de\/wp-json\/wp\/v2\/users\/6"}],"replies":[{"embeddable":true,"href":"https:\/\/www.h-its.org\/de\/wp-json\/wp\/v2\/comments?post=584"}],"version-history":[{"count":56,"href":"https:\/\/www.h-its.org\/de\/wp-json\/wp\/v2\/pages\/584\/revisions"}],"predecessor-version":[{"id":50688,"href":"https:\/\/www.h-its.org\/de\/wp-json\/wp\/v2\/pages\/584\/revisions\/50688"}],"up":[{"embeddable":true,"href":"https:\/\/www.h-its.org\/de\/wp-json\/wp\/v2\/pages\/31309"}],"wp:featuredmedia":[{"embeddable":true,"href":"https:\/\/www.h-its.org\/de\/wp-json\/wp\/v2\/media\/40628"}],"wp:attachment":[{"href":"https:\/\/www.h-its.org\/de\/wp-json\/wp\/v2\/media?parent=584"}],"wp:term":[{"taxonomy":"hits-research-group","embeddable":true,"href":"https:\/\/www.h-its.org\/de\/wp-json\/wp\/v2\/hits-research-group?post=584"}],"curies":[{"name":"wp","href":"https:\/\/api.w.org\/{rel}","templated":true}]}}