{"id":6,"date":"2014-09-03T20:09:11","date_gmt":"2014-09-03T18:09:11","guid":{"rendered":"http:\/\/www.h-its.org\/de\/institute\/"},"modified":"2026-03-13T09:50:52","modified_gmt":"2026-03-13T08:50:52","slug":"institut","status":"publish","type":"page","link":"https:\/\/www.h-its.org\/de\/institut\/","title":{"rendered":"Institut"},"content":{"rendered":"\n<p>Das Heidelberger Institut f\u00fcr Theoretische Studien wurde 2010 von dem Physiker und SAP-Mitgr\u00fcnder <a href=\"http:\/\/www.h-its.org\/de\/institut\/gruender\/\" target=\"_blank\" rel=\"noreferrer noopener\">Klaus Tschira<\/a> (1940-2015) und der <a href=\"http:\/\/www.klaus-tschira-stiftung.de\/\" target=\"_blank\" rel=\"noreferrer noopener\">Klaus Tschira Stiftung<\/a> ins Leben gerufen.<\/p>\n\n\n\n<p>Als <a href=\"https:\/\/www.h-its.org\/de\/institut\/leitbild\/\">private, gemeinn\u00fctzige Forschungseinrichtung<\/a> betreibt das HITS <a href=\"https:\/\/www.h-its.org\/de\/forschung\/\">Grundlagenforschung<\/a> in den Naturwissenschaften, der Mathematik und der Informatik, dabei werden gro\u00dfe, komplexe Datenmengen verarbeitet, strukturiert und analysiert und computergest\u00fctzte Methoden und Software entwickelt.<\/p>\n\n\n\n<p>Hauptgesellschafterin der HITS gGmbH ist die HITS-Stiftung (siehe unten), eine Tochter der <a href=\"https:\/\/www.klaus-tschira-stiftung.de\/\" target=\"_blank\" rel=\"noreferrer noopener\">Klaus Tschira Stiftung <\/a>(KTS). Sie stellt die Grundfinanzierung der HITS gGmbH auf Dauer sicher, die Mittel daf\u00fcr erh\u00e4lt sie von der KTS. Weitere Gesellschafter sind die <a href=\"https:\/\/www.uni-heidelberg.de\/de\">Universit\u00e4t Heidelberg<\/a> und das <a href=\"https:\/\/www.kit.edu\/index.php\">Karlsruher Institut f\u00fcr Technologie (KIT)<\/a>. Mit beiden Universit\u00e4ten kooperiert das HITS bei gemeinsamen Auswahlverfahren f\u00fcr die Leitung neuer Forschungsgruppen, die zugleich mit einer Professur in Heidelberg oder Karlsruhe verbunden ist. Dar\u00fcber hinaus arbeitet das HITS mit weiteren Hochschulen und Forschungsinstituten sowie mit industriellen Partnern zusammen. Zu den wichtigsten Drittmittelgebern geh\u00f6ren das <a href=\"https:\/\/www.bmftr.bund.de\/\" target=\"_blank\" rel=\"noreferrer noopener\">Bundesministerium f\u00fcr Forschung, Technologie und Raumfahrt<\/a> (BMFTR), die <a aria-label=\" (opens in a new tab)\" href=\"https:\/\/www.dfg.de\/\" target=\"_blank\" rel=\"noreferrer noopener\">Deutsche Forschungsgemeinschaft<\/a> (DFG) und die <a aria-label=\" (opens in a new tab)\" href=\"https:\/\/europa.eu\/european-union\/index_de\" target=\"_blank\" rel=\"noreferrer noopener\">Europ\u00e4ische Union<\/a>.<\/p>\n\n\n\n<p>Ein <a href=\"https:\/\/www.h-its.org\/de\/institut\/wissenschaftlicher-beirat\/\">Wissenschaftlicher Beirat<\/a> aus international angesehenen Wissenschaftler\/-innen ber\u00e4t die <a href=\"https:\/\/www.h-its.org\/de\/institut\/institutsleitung\/\">Institutsleitung<\/a> bei der Umsetzung ihrer Aufgaben und organisiert die Evaluierung der wissenschaftlichen Gruppen.<\/p>\n\n\n\n<p>Der HITS-Campus befindet sich oberhalb des Heidelberger Schlosses, mit einem zweiten Standort ist das Institut im <a href=\"https:\/\/mathematikon.de\/\">\u201eMathematikon\u201c<\/a> auf dem Campus der Universit\u00e4t Heidelberg vertreten. Veranstaltungen wie <a href=\"https:\/\/www.h-its.org\/de\/events\/kategorie\/kolloquien\/\">Kolloquien<\/a> sowie wissenschaftliche Workshops und Konferenzen finden im benachbarten Tagungszentrum <a href=\"https:\/\/www.studio-villa-bosch.de\/\">Studio Villa Bosch<\/a> statt.<\/p>\n\n\n\n<p>Einen R\u00fcckblick auf die Geschichte des Instituts gibt die <a href=\"https:\/\/www.h-its.org\/de\/institut\/hitstory\/\">\u201eHITStory.\u201c<\/a><\/p>\n\n\n\n<p><\/p>\n\n\n\n<figure class=\"wp-block-gallery has-nested-images columns-default is-cropped wp-block-gallery-1 is-layout-flex wp-block-gallery-is-layout-flex\">\n<figure class=\"wp-block-image size-large\"><img loading=\"lazy\" decoding=\"async\" width=\"1024\" height=\"683\" data-id=\"40900\" src=\"https:\/\/www.h-its.org\/de\/wp-content\/uploads\/sites\/2\/2020\/03\/HITS_Campus-1-1024x683.jpg\" alt=\"\" class=\"wp-image-40900\" srcset=\"https:\/\/www.h-its.org\/de\/wp-content\/uploads\/sites\/2\/2020\/03\/HITS_Campus-1-1024x683.jpg 1024w, https:\/\/www.h-its.org\/de\/wp-content\/uploads\/sites\/2\/2020\/03\/HITS_Campus-1-300x200.jpg 300w, https:\/\/www.h-its.org\/de\/wp-content\/uploads\/sites\/2\/2020\/03\/HITS_Campus-1-768x512.jpg 768w, https:\/\/www.h-its.org\/de\/wp-content\/uploads\/sites\/2\/2020\/03\/HITS_Campus-1-1536x1024.jpg 1536w, https:\/\/www.h-its.org\/de\/wp-content\/uploads\/sites\/2\/2020\/03\/HITS_Campus-1-2048x1365.jpg 2048w, https:\/\/www.h-its.org\/de\/wp-content\/uploads\/sites\/2\/2020\/03\/HITS_Campus-1-640x427.jpg 640w, https:\/\/www.h-its.org\/de\/wp-content\/uploads\/sites\/2\/2020\/03\/HITS_Campus-1-1200x800.jpg 1200w, https:\/\/www.h-its.org\/de\/wp-content\/uploads\/sites\/2\/2020\/03\/HITS_Campus-1-1920x1280.jpg 1920w, https:\/\/www.h-its.org\/de\/wp-content\/uploads\/sites\/2\/2020\/03\/HITS_Campus-1-2x1.jpg 2w, https:\/\/www.h-its.org\/de\/wp-content\/uploads\/sites\/2\/2020\/03\/HITS_Campus-1-420x280.jpg 420w, https:\/\/www.h-its.org\/de\/wp-content\/uploads\/sites\/2\/2020\/03\/HITS_Campus-1-610x407.jpg 610w\" sizes=\"auto, (max-width: 639px) 98vw, (max-width: 1199px) 64vw, 770px\" \/><\/figure>\n\n\n\n<figure class=\"wp-block-image size-large\"><img loading=\"lazy\" decoding=\"async\" width=\"1024\" height=\"683\" data-id=\"40901\" src=\"https:\/\/www.h-its.org\/de\/wp-content\/uploads\/sites\/2\/2020\/03\/HITS_Campus-2-1024x683.jpg\" alt=\"\" class=\"wp-image-40901\" srcset=\"https:\/\/www.h-its.org\/de\/wp-content\/uploads\/sites\/2\/2020\/03\/HITS_Campus-2-1024x683.jpg 1024w, https:\/\/www.h-its.org\/de\/wp-content\/uploads\/sites\/2\/2020\/03\/HITS_Campus-2-300x200.jpg 300w, https:\/\/www.h-its.org\/de\/wp-content\/uploads\/sites\/2\/2020\/03\/HITS_Campus-2-768x512.jpg 768w, https:\/\/www.h-its.org\/de\/wp-content\/uploads\/sites\/2\/2020\/03\/HITS_Campus-2-1536x1024.jpg 1536w, https:\/\/www.h-its.org\/de\/wp-content\/uploads\/sites\/2\/2020\/03\/HITS_Campus-2-2048x1365.jpg 2048w, https:\/\/www.h-its.org\/de\/wp-content\/uploads\/sites\/2\/2020\/03\/HITS_Campus-2-640x427.jpg 640w, https:\/\/www.h-its.org\/de\/wp-content\/uploads\/sites\/2\/2020\/03\/HITS_Campus-2-1200x800.jpg 1200w, https:\/\/www.h-its.org\/de\/wp-content\/uploads\/sites\/2\/2020\/03\/HITS_Campus-2-1920x1280.jpg 1920w, https:\/\/www.h-its.org\/de\/wp-content\/uploads\/sites\/2\/2020\/03\/HITS_Campus-2-2x1.jpg 2w, https:\/\/www.h-its.org\/de\/wp-content\/uploads\/sites\/2\/2020\/03\/HITS_Campus-2-420x280.jpg 420w, https:\/\/www.h-its.org\/de\/wp-content\/uploads\/sites\/2\/2020\/03\/HITS_Campus-2-610x407.jpg 610w\" sizes=\"auto, (max-width: 639px) 98vw, (max-width: 1199px) 64vw, 770px\" \/><\/figure>\n\n\n\n<figure class=\"wp-block-image size-large\"><img loading=\"lazy\" decoding=\"async\" width=\"1024\" height=\"683\" data-id=\"40902\" src=\"https:\/\/www.h-its.org\/de\/wp-content\/uploads\/sites\/2\/2020\/03\/HITS_Campus-3-1024x683.jpg\" alt=\"\" class=\"wp-image-40902\" srcset=\"https:\/\/www.h-its.org\/de\/wp-content\/uploads\/sites\/2\/2020\/03\/HITS_Campus-3-1024x683.jpg 1024w, https:\/\/www.h-its.org\/de\/wp-content\/uploads\/sites\/2\/2020\/03\/HITS_Campus-3-300x200.jpg 300w, https:\/\/www.h-its.org\/de\/wp-content\/uploads\/sites\/2\/2020\/03\/HITS_Campus-3-768x512.jpg 768w, https:\/\/www.h-its.org\/de\/wp-content\/uploads\/sites\/2\/2020\/03\/HITS_Campus-3-1536x1024.jpg 1536w, https:\/\/www.h-its.org\/de\/wp-content\/uploads\/sites\/2\/2020\/03\/HITS_Campus-3-2048x1365.jpg 2048w, https:\/\/www.h-its.org\/de\/wp-content\/uploads\/sites\/2\/2020\/03\/HITS_Campus-3-640x427.jpg 640w, https:\/\/www.h-its.org\/de\/wp-content\/uploads\/sites\/2\/2020\/03\/HITS_Campus-3-1200x800.jpg 1200w, https:\/\/www.h-its.org\/de\/wp-content\/uploads\/sites\/2\/2020\/03\/HITS_Campus-3-1920x1280.jpg 1920w, https:\/\/www.h-its.org\/de\/wp-content\/uploads\/sites\/2\/2020\/03\/HITS_Campus-3-2x1.jpg 2w, https:\/\/www.h-its.org\/de\/wp-content\/uploads\/sites\/2\/2020\/03\/HITS_Campus-3-420x280.jpg 420w, https:\/\/www.h-its.org\/de\/wp-content\/uploads\/sites\/2\/2020\/03\/HITS_Campus-3-610x407.jpg 610w\" sizes=\"auto, (max-width: 639px) 98vw, (max-width: 1199px) 64vw, 770px\" \/><\/figure>\n\n\n\n<figure class=\"wp-block-image size-large\"><img loading=\"lazy\" decoding=\"async\" width=\"1024\" height=\"683\" data-id=\"40903\" src=\"https:\/\/www.h-its.org\/de\/wp-content\/uploads\/sites\/2\/2020\/03\/HITS_Campus-4-1024x683.jpg\" alt=\"\" class=\"wp-image-40903\" srcset=\"https:\/\/www.h-its.org\/de\/wp-content\/uploads\/sites\/2\/2020\/03\/HITS_Campus-4-1024x683.jpg 1024w, https:\/\/www.h-its.org\/de\/wp-content\/uploads\/sites\/2\/2020\/03\/HITS_Campus-4-300x200.jpg 300w, https:\/\/www.h-its.org\/de\/wp-content\/uploads\/sites\/2\/2020\/03\/HITS_Campus-4-768x512.jpg 768w, https:\/\/www.h-its.org\/de\/wp-content\/uploads\/sites\/2\/2020\/03\/HITS_Campus-4-1536x1024.jpg 1536w, https:\/\/www.h-its.org\/de\/wp-content\/uploads\/sites\/2\/2020\/03\/HITS_Campus-4-2048x1365.jpg 2048w, https:\/\/www.h-its.org\/de\/wp-content\/uploads\/sites\/2\/2020\/03\/HITS_Campus-4-640x427.jpg 640w, https:\/\/www.h-its.org\/de\/wp-content\/uploads\/sites\/2\/2020\/03\/HITS_Campus-4-1200x800.jpg 1200w, https:\/\/www.h-its.org\/de\/wp-content\/uploads\/sites\/2\/2020\/03\/HITS_Campus-4-1920x1280.jpg 1920w, https:\/\/www.h-its.org\/de\/wp-content\/uploads\/sites\/2\/2020\/03\/HITS_Campus-4-2x1.jpg 2w, https:\/\/www.h-its.org\/de\/wp-content\/uploads\/sites\/2\/2020\/03\/HITS_Campus-4-420x280.jpg 420w, https:\/\/www.h-its.org\/de\/wp-content\/uploads\/sites\/2\/2020\/03\/HITS_Campus-4-610x407.jpg 610w\" sizes=\"auto, (max-width: 639px) 98vw, (max-width: 1199px) 64vw, 770px\" \/><\/figure>\n\n\n\n<figure class=\"wp-block-image size-large\"><img loading=\"lazy\" decoding=\"async\" width=\"1024\" height=\"683\" data-id=\"40905\" src=\"https:\/\/www.h-its.org\/de\/wp-content\/uploads\/sites\/2\/2020\/03\/HITS_Campus-5-1024x683.jpg\" alt=\"\" class=\"wp-image-40905\" srcset=\"https:\/\/www.h-its.org\/de\/wp-content\/uploads\/sites\/2\/2020\/03\/HITS_Campus-5-1024x683.jpg 1024w, https:\/\/www.h-its.org\/de\/wp-content\/uploads\/sites\/2\/2020\/03\/HITS_Campus-5-300x200.jpg 300w, https:\/\/www.h-its.org\/de\/wp-content\/uploads\/sites\/2\/2020\/03\/HITS_Campus-5-768x512.jpg 768w, https:\/\/www.h-its.org\/de\/wp-content\/uploads\/sites\/2\/2020\/03\/HITS_Campus-5-1536x1024.jpg 1536w, https:\/\/www.h-its.org\/de\/wp-content\/uploads\/sites\/2\/2020\/03\/HITS_Campus-5-2048x1365.jpg 2048w, https:\/\/www.h-its.org\/de\/wp-content\/uploads\/sites\/2\/2020\/03\/HITS_Campus-5-640x427.jpg 640w, https:\/\/www.h-its.org\/de\/wp-content\/uploads\/sites\/2\/2020\/03\/HITS_Campus-5-1200x800.jpg 1200w, https:\/\/www.h-its.org\/de\/wp-content\/uploads\/sites\/2\/2020\/03\/HITS_Campus-5-1920x1280.jpg 1920w, https:\/\/www.h-its.org\/de\/wp-content\/uploads\/sites\/2\/2020\/03\/HITS_Campus-5-2x1.jpg 2w, https:\/\/www.h-its.org\/de\/wp-content\/uploads\/sites\/2\/2020\/03\/HITS_Campus-5-420x280.jpg 420w, https:\/\/www.h-its.org\/de\/wp-content\/uploads\/sites\/2\/2020\/03\/HITS_Campus-5-610x407.jpg 610w\" sizes=\"auto, (max-width: 639px) 98vw, (max-width: 1199px) 64vw, 770px\" \/><\/figure>\n\n\n\n<figure class=\"wp-block-image size-large\"><img loading=\"lazy\" decoding=\"async\" width=\"1024\" height=\"683\" data-id=\"40906\" src=\"https:\/\/www.h-its.org\/de\/wp-content\/uploads\/sites\/2\/2020\/03\/HITS_Campus-6-1024x683.jpg\" alt=\"\" class=\"wp-image-40906\" srcset=\"https:\/\/www.h-its.org\/de\/wp-content\/uploads\/sites\/2\/2020\/03\/HITS_Campus-6-1024x683.jpg 1024w, https:\/\/www.h-its.org\/de\/wp-content\/uploads\/sites\/2\/2020\/03\/HITS_Campus-6-300x200.jpg 300w, https:\/\/www.h-its.org\/de\/wp-content\/uploads\/sites\/2\/2020\/03\/HITS_Campus-6-768x512.jpg 768w, https:\/\/www.h-its.org\/de\/wp-content\/uploads\/sites\/2\/2020\/03\/HITS_Campus-6-1536x1024.jpg 1536w, https:\/\/www.h-its.org\/de\/wp-content\/uploads\/sites\/2\/2020\/03\/HITS_Campus-6-2048x1365.jpg 2048w, https:\/\/www.h-its.org\/de\/wp-content\/uploads\/sites\/2\/2020\/03\/HITS_Campus-6-640x427.jpg 640w, https:\/\/www.h-its.org\/de\/wp-content\/uploads\/sites\/2\/2020\/03\/HITS_Campus-6-1200x800.jpg 1200w, https:\/\/www.h-its.org\/de\/wp-content\/uploads\/sites\/2\/2020\/03\/HITS_Campus-6-1920x1280.jpg 1920w, https:\/\/www.h-its.org\/de\/wp-content\/uploads\/sites\/2\/2020\/03\/HITS_Campus-6-2x1.jpg 2w, https:\/\/www.h-its.org\/de\/wp-content\/uploads\/sites\/2\/2020\/03\/HITS_Campus-6-420x280.jpg 420w, https:\/\/www.h-its.org\/de\/wp-content\/uploads\/sites\/2\/2020\/03\/HITS_Campus-6-610x407.jpg 610w\" sizes=\"auto, (max-width: 639px) 98vw, (max-width: 1199px) 64vw, 770px\" \/><\/figure>\n\n\n\n<figure class=\"wp-block-image size-large\"><img loading=\"lazy\" decoding=\"async\" width=\"1024\" height=\"683\" data-id=\"40907\" src=\"https:\/\/www.h-its.org\/de\/wp-content\/uploads\/sites\/2\/2020\/03\/HITS_Campus-7-1024x683.jpg\" alt=\"\" class=\"wp-image-40907\" srcset=\"https:\/\/www.h-its.org\/de\/wp-content\/uploads\/sites\/2\/2020\/03\/HITS_Campus-7-1024x683.jpg 1024w, https:\/\/www.h-its.org\/de\/wp-content\/uploads\/sites\/2\/2020\/03\/HITS_Campus-7-300x200.jpg 300w, https:\/\/www.h-its.org\/de\/wp-content\/uploads\/sites\/2\/2020\/03\/HITS_Campus-7-768x512.jpg 768w, https:\/\/www.h-its.org\/de\/wp-content\/uploads\/sites\/2\/2020\/03\/HITS_Campus-7-640x427.jpg 640w, https:\/\/www.h-its.org\/de\/wp-content\/uploads\/sites\/2\/2020\/03\/HITS_Campus-7-1200x801.jpg 1200w, https:\/\/www.h-its.org\/de\/wp-content\/uploads\/sites\/2\/2020\/03\/HITS_Campus-7-1x1.jpg 1w, https:\/\/www.h-its.org\/de\/wp-content\/uploads\/sites\/2\/2020\/03\/HITS_Campus-7-420x280.jpg 420w, https:\/\/www.h-its.org\/de\/wp-content\/uploads\/sites\/2\/2020\/03\/HITS_Campus-7-610x407.jpg 610w, https:\/\/www.h-its.org\/de\/wp-content\/uploads\/sites\/2\/2020\/03\/HITS_Campus-7.jpg 1379w\" sizes=\"auto, (max-width: 639px) 98vw, (max-width: 1199px) 64vw, 770px\" \/><\/figure>\n<\/figure>\n\n\n\n<div class=\"wp-block-group alignfull\"><div class=\"wp-block-group__inner-container is-layout-flow wp-block-group-is-layout-flow\">\n<h2 class=\"wp-block-heading\">HITS-Stiftung<\/h2>\n\n\n\n<p>Die \u201cHITS-Stiftung\u201d ist eine rechtsf\u00e4hige Stiftung, deren Hauptaufgabe die Grundfinanzierung des HITS und des  <a href=\"https:\/\/heigit.org\/de\/willkommen\/\" target=\"_blank\" rel=\"noreferrer noopener\">HeiGIT <\/a>ist. Die daf\u00fcr notwendigen Mittel erh\u00e4lt sie von der Klaus Tschira Stiftung. Weitere Aufgaben der HITS-Stiftung sind:<\/p>\n\n\n\n<ul class=\"wp-block-list\">\n<li>die Organisation von wissenschaftlichen Veranstaltungen<\/li>\n\n\n\n<li>die Vermittlung wissenschaftlicher Ergebnisse an die breite \u00d6ffentlichkeit<\/li>\n\n\n\n<li>Kooperation mit internationalen Forschungseinrichtungen zur F\u00f6rderung des wissenschaftlichen Austauschs und der interdisziplin\u00e4ren Forschung<\/li>\n\n\n\n<li>finanzielle F\u00f6rderung von Forschungsprojekten<\/li>\n\n\n\n<li>finanzielle F\u00f6rderung von wissenschaftlichen Auszeichnungen und Preisen<\/li>\n\n\n\n<li>Stipendienvergabe an Studierende im Grund- und Aufbaustudium.<\/li>\n<\/ul>\n\n\n\n<p>Der Stiftungsrat besteht aus<\/p>\n\n\n\n<ul class=\"wp-block-list\">\n<li>Mitgliedern der Familie Tschira<\/li>\n<\/ul>\n\n\n\n<p>Der Vorstand besteht aus Rafael Lang und Dieter Kranzlm\u00fcller.<\/p>\n<\/div><\/div>\n\n\n\n<p><\/p>\n","protected":false},"excerpt":{"rendered":"<p>Das Heidelberger Institut f\u00fcr Theoretische Studien wurde 2010 von dem Physiker und SAP-Mitgr\u00fcnder Klaus Tschira (1940-2015) und der Klaus Tschira &#8230;<\/p>\n","protected":false},"author":1,"featured_media":40609,"parent":0,"menu_order":5,"comment_status":"closed","ping_status":"closed","template":"","meta":{"_acf_changed":false,"inline_featured_image":false,"footnotes":""},"hits-research-group":[],"class_list":["post-6","page","type-page","status-publish","has-post-thumbnail","hentry"],"acf":[],"yoast_head":"<!-- This site is optimized with the Yoast SEO plugin v27.4 - https:\/\/yoast.com\/product\/yoast-seo-wordpress\/ -->\n<title>Institut - HITS gGmbH<\/title>\n<meta name=\"robots\" content=\"index, follow, max-snippet:-1, max-image-preview:large, max-video-preview:-1\" \/>\n<link rel=\"canonical\" href=\"https:\/\/www.h-its.org\/de\/institut\/\" \/>\n<meta property=\"og:locale\" content=\"de_DE\" \/>\n<meta property=\"og:type\" content=\"article\" \/>\n<meta property=\"og:title\" content=\"Institut - HITS gGmbH\" \/>\n<meta property=\"og:description\" content=\"Das Heidelberger Institut f\u00fcr Theoretische Studien wurde 2010 von dem Physiker und SAP-Mitgr\u00fcnder Klaus Tschira (1940-2015) und der Klaus Tschira ...\" \/>\n<meta property=\"og:url\" content=\"https:\/\/www.h-its.org\/de\/institut\/\" \/>\n<meta property=\"og:site_name\" content=\"HITS gGmbH\" \/>\n<meta property=\"article:modified_time\" content=\"2026-03-13T08:50:52+00:00\" \/>\n<meta property=\"og:image\" content=\"https:\/\/www.h-its.org\/de\/wp-content\/uploads\/sites\/2\/2019\/12\/HITS.jpg\" \/>\n\t<meta property=\"og:image:width\" content=\"1340\" \/>\n\t<meta property=\"og:image:height\" content=\"450\" \/>\n\t<meta property=\"og:image:type\" content=\"image\/jpeg\" \/>\n<meta name=\"twitter:card\" content=\"summary_large_image\" \/>\n<meta name=\"twitter:label1\" content=\"Gesch\u00e4tzte Lesezeit\" \/>\n\t<meta name=\"twitter:data1\" content=\"4\u00a0Minuten\" \/>\n<script type=\"application\/ld+json\" class=\"yoast-schema-graph\">{\"@context\":\"https:\\\/\\\/schema.org\",\"@graph\":[{\"@type\":\"WebPage\",\"@id\":\"https:\\\/\\\/www.h-its.org\\\/de\\\/institut\\\/\",\"url\":\"https:\\\/\\\/www.h-its.org\\\/de\\\/institut\\\/\",\"name\":\"Institut - HITS gGmbH\",\"isPartOf\":{\"@id\":\"https:\\\/\\\/www.h-its.org\\\/de\\\/#website\"},\"primaryImageOfPage\":{\"@id\":\"https:\\\/\\\/www.h-its.org\\\/de\\\/institut\\\/#primaryimage\"},\"image\":{\"@id\":\"https:\\\/\\\/www.h-its.org\\\/de\\\/institut\\\/#primaryimage\"},\"thumbnailUrl\":\"https:\\\/\\\/www.h-its.org\\\/de\\\/wp-content\\\/uploads\\\/sites\\\/2\\\/2019\\\/12\\\/HITS.jpg\",\"datePublished\":\"2014-09-03T18:09:11+00:00\",\"dateModified\":\"2026-03-13T08:50:52+00:00\",\"breadcrumb\":{\"@id\":\"https:\\\/\\\/www.h-its.org\\\/de\\\/institut\\\/#breadcrumb\"},\"inLanguage\":\"de\",\"potentialAction\":[{\"@type\":\"ReadAction\",\"target\":[\"https:\\\/\\\/www.h-its.org\\\/de\\\/institut\\\/\"]}]},{\"@type\":\"ImageObject\",\"inLanguage\":\"de\",\"@id\":\"https:\\\/\\\/www.h-its.org\\\/de\\\/institut\\\/#primaryimage\",\"url\":\"https:\\\/\\\/www.h-its.org\\\/de\\\/wp-content\\\/uploads\\\/sites\\\/2\\\/2019\\\/12\\\/HITS.jpg\",\"contentUrl\":\"https:\\\/\\\/www.h-its.org\\\/de\\\/wp-content\\\/uploads\\\/sites\\\/2\\\/2019\\\/12\\\/HITS.jpg\",\"width\":1340,\"height\":450},{\"@type\":\"BreadcrumbList\",\"@id\":\"https:\\\/\\\/www.h-its.org\\\/de\\\/institut\\\/#breadcrumb\",\"itemListElement\":[{\"@type\":\"ListItem\",\"position\":1,\"name\":\"Home\",\"item\":\"https:\\\/\\\/www.h-its.org\\\/de\\\/\"},{\"@type\":\"ListItem\",\"position\":2,\"name\":\"Institut\"}]},{\"@type\":\"WebSite\",\"@id\":\"https:\\\/\\\/www.h-its.org\\\/de\\\/#website\",\"url\":\"https:\\\/\\\/www.h-its.org\\\/de\\\/\",\"name\":\"HITS gGmbH\",\"description\":\"Heidelberg Institute for Theoretical Studies\",\"potentialAction\":[{\"@type\":\"SearchAction\",\"target\":{\"@type\":\"EntryPoint\",\"urlTemplate\":\"https:\\\/\\\/www.h-its.org\\\/de\\\/?s={search_term_string}\"},\"query-input\":{\"@type\":\"PropertyValueSpecification\",\"valueRequired\":true,\"valueName\":\"search_term_string\"}}],\"inLanguage\":\"de\"}]}<\/script>\n<!-- \/ Yoast SEO plugin. -->","yoast_head_json":{"title":"Institut - HITS gGmbH","robots":{"index":"index","follow":"follow","max-snippet":"max-snippet:-1","max-image-preview":"max-image-preview:large","max-video-preview":"max-video-preview:-1"},"canonical":"https:\/\/www.h-its.org\/de\/institut\/","og_locale":"de_DE","og_type":"article","og_title":"Institut - HITS gGmbH","og_description":"Das Heidelberger Institut f\u00fcr Theoretische Studien wurde 2010 von dem Physiker und SAP-Mitgr\u00fcnder Klaus Tschira (1940-2015) und der Klaus Tschira ...","og_url":"https:\/\/www.h-its.org\/de\/institut\/","og_site_name":"HITS gGmbH","article_modified_time":"2026-03-13T08:50:52+00:00","og_image":[{"width":1340,"height":450,"url":"https:\/\/www.h-its.org\/de\/wp-content\/uploads\/sites\/2\/2019\/12\/HITS.jpg","type":"image\/jpeg"}],"twitter_card":"summary_large_image","twitter_misc":{"Gesch\u00e4tzte Lesezeit":"4\u00a0Minuten"},"schema":{"@context":"https:\/\/schema.org","@graph":[{"@type":"WebPage","@id":"https:\/\/www.h-its.org\/de\/institut\/","url":"https:\/\/www.h-its.org\/de\/institut\/","name":"Institut - HITS gGmbH","isPartOf":{"@id":"https:\/\/www.h-its.org\/de\/#website"},"primaryImageOfPage":{"@id":"https:\/\/www.h-its.org\/de\/institut\/#primaryimage"},"image":{"@id":"https:\/\/www.h-its.org\/de\/institut\/#primaryimage"},"thumbnailUrl":"https:\/\/www.h-its.org\/de\/wp-content\/uploads\/sites\/2\/2019\/12\/HITS.jpg","datePublished":"2014-09-03T18:09:11+00:00","dateModified":"2026-03-13T08:50:52+00:00","breadcrumb":{"@id":"https:\/\/www.h-its.org\/de\/institut\/#breadcrumb"},"inLanguage":"de","potentialAction":[{"@type":"ReadAction","target":["https:\/\/www.h-its.org\/de\/institut\/"]}]},{"@type":"ImageObject","inLanguage":"de","@id":"https:\/\/www.h-its.org\/de\/institut\/#primaryimage","url":"https:\/\/www.h-its.org\/de\/wp-content\/uploads\/sites\/2\/2019\/12\/HITS.jpg","contentUrl":"https:\/\/www.h-its.org\/de\/wp-content\/uploads\/sites\/2\/2019\/12\/HITS.jpg","width":1340,"height":450},{"@type":"BreadcrumbList","@id":"https:\/\/www.h-its.org\/de\/institut\/#breadcrumb","itemListElement":[{"@type":"ListItem","position":1,"name":"Home","item":"https:\/\/www.h-its.org\/de\/"},{"@type":"ListItem","position":2,"name":"Institut"}]},{"@type":"WebSite","@id":"https:\/\/www.h-its.org\/de\/#website","url":"https:\/\/www.h-its.org\/de\/","name":"HITS gGmbH","description":"Heidelberg Institute for Theoretical Studies","potentialAction":[{"@type":"SearchAction","target":{"@type":"EntryPoint","urlTemplate":"https:\/\/www.h-its.org\/de\/?s={search_term_string}"},"query-input":{"@type":"PropertyValueSpecification","valueRequired":true,"valueName":"search_term_string"}}],"inLanguage":"de"}]}},"publishpress_future_action":{"enabled":false,"date":"2026-04-26 09:35:32","action":"change-status","newStatus":"draft","terms":[],"taxonomy":"hits-research-group","extraData":[]},"publishpress_future_workflow_manual_trigger":{"enabledWorkflows":[]},"_links":{"self":[{"href":"https:\/\/www.h-its.org\/de\/wp-json\/wp\/v2\/pages\/6","targetHints":{"allow":["GET"]}}],"collection":[{"href":"https:\/\/www.h-its.org\/de\/wp-json\/wp\/v2\/pages"}],"about":[{"href":"https:\/\/www.h-its.org\/de\/wp-json\/wp\/v2\/types\/page"}],"author":[{"embeddable":true,"href":"https:\/\/www.h-its.org\/de\/wp-json\/wp\/v2\/users\/1"}],"replies":[{"embeddable":true,"href":"https:\/\/www.h-its.org\/de\/wp-json\/wp\/v2\/comments?post=6"}],"version-history":[{"count":50,"href":"https:\/\/www.h-its.org\/de\/wp-json\/wp\/v2\/pages\/6\/revisions"}],"predecessor-version":[{"id":50617,"href":"https:\/\/www.h-its.org\/de\/wp-json\/wp\/v2\/pages\/6\/revisions\/50617"}],"wp:featuredmedia":[{"embeddable":true,"href":"https:\/\/www.h-its.org\/de\/wp-json\/wp\/v2\/media\/40609"}],"wp:attachment":[{"href":"https:\/\/www.h-its.org\/de\/wp-json\/wp\/v2\/media?parent=6"}],"wp:term":[{"taxonomy":"hits-research-group","embeddable":true,"href":"https:\/\/www.h-its.org\/de\/wp-json\/wp\/v2\/hits-research-group?post=6"}],"curies":[{"name":"wp","href":"https:\/\/api.w.org\/{rel}","templated":true}]}}