{"id":6387,"date":"2014-12-17T11:57:12","date_gmt":"2014-12-17T10:57:12","guid":{"rendered":"http:\/\/www.h-its.org\/?page_id=6387"},"modified":"2025-11-10T14:58:57","modified_gmt":"2025-11-10T13:58:57","slug":"wissenschaftlicher-beirat","status":"publish","type":"page","link":"https:\/\/www.h-its.org\/de\/institut\/wissenschaftlicher-beirat\/","title":{"rendered":"Wissenschaftlicher Beirat"},"content":{"rendered":"\n<p>Der wissenschaftliche Beirat (Englisch: Scientific Advisory Board, kurz SAB) des HITS besteht aus international angesehenen Wissenschaftlern und Wissenschaftlerinnen. Er ber\u00e4t und unterst\u00fctzt das HITS-Management bei der Durchf\u00fchrung ihrer Aufgaben. Insbesondere organisiert der wissenschaftliche Beirat die regelm\u00e4\u00dfige Evaluierung aller HITS-Forschungsgruppen. In diesem kontinuierlichen Prozess werden jedes Jahr drei bis vier Forschungsgruppen begutachtet. Der wissenschaftliche Beirat berichtet die Ergebnisse dem HITS-Management und unterbreitet Vorschl\u00e4ge zur weiteren Verbesserung der Forschungsleistung des Instituts.<\/p>\n\n\n\n<p>Der Wissenschaftliche Beirat trat im November 2014 zu einer konstituierenden Sitzung zusammen und besteht derzeit aus folgenden Mitgliedern (Stand Dezember 2024):<\/p>\n\n\n<div class=\"hits-blocks hits-people-block alignfull\">\n  <div class=\"section-wrapper \">\n    <div class=\"section-wrapper--inner no-padding\">\n      <div class=\"people-block-grid two-columns\">\n        <div class=\"member-preview\">\n    <div class=\"profile-image\">\n              <img loading=\"lazy\" decoding=\"async\" width=\"130\" height=\"167\" src=\"https:\/\/www.h-its.org\/de\/wp-content\/uploads\/sites\/2\/2017\/01\/Alex_Szalay-scaled.jpg\" class=\"attachment-member-preview size-member-preview wp-post-image\" alt=\"\" \/>          <\/div>\n  <div class=\"member-preview--content\">\n    <a href=\"https:\/\/www.h-its.org\/de\/people\/about-alex-szalay\/\"><p class=\"font-m font-normal font-primary\">Prof. Dr. Alex Szalay<\/p><\/a>\n                <div class=\"member-social\">\n                                                                      <\/div>\n      <a href=\"https:\/\/www.h-its.org\/de\/people\/about-alex-szalay\/\">Mehr Informationen<\/a>\n\n  <\/div>\n<\/div>\n<div class=\"member-preview\">\n    <div class=\"profile-image\">\n              <img loading=\"lazy\" decoding=\"async\" width=\"130\" height=\"174\" src=\"https:\/\/www.h-its.org\/de\/wp-content\/uploads\/sites\/2\/2024\/07\/Barbara_Ercolano-130x174.png\" class=\"attachment-member-preview size-member-preview wp-post-image\" alt=\"\" srcset=\"https:\/\/www.h-its.org\/de\/wp-content\/uploads\/sites\/2\/2024\/07\/Barbara_Ercolano-130x174.png 130w, https:\/\/www.h-its.org\/de\/wp-content\/uploads\/sites\/2\/2024\/07\/Barbara_Ercolano-1x1.png 1w\" sizes=\"auto, (max-width: 639px) 98vw, (max-width: 1199px) 64vw, 130px\" \/>          <\/div>\n  <div class=\"member-preview--content\">\n    <a href=\"https:\/\/www.h-its.org\/de\/people\/barbara-ercolano\/\"><p class=\"font-m font-normal font-primary\">Prof. Dr. Barbara Ercolano<\/p><\/a>\n                <div class=\"member-social\">\n                                                                      <\/div>\n      <a href=\"https:\/\/www.h-its.org\/de\/people\/barbara-ercolano\/\">Mehr Informationen<\/a>\n\n  <\/div>\n<\/div>\n<div class=\"member-preview\">\n    <div class=\"profile-image\">\n              <img loading=\"lazy\" decoding=\"async\" width=\"130\" height=\"174\" src=\"https:\/\/www.h-its.org\/de\/wp-content\/uploads\/sites\/2\/2020\/04\/HITS-SAB-4_Jeffrey_Brock-scaled-130x174.jpg\" class=\"attachment-member-preview size-member-preview wp-post-image\" alt=\"\" srcset=\"https:\/\/www.h-its.org\/de\/wp-content\/uploads\/sites\/2\/2020\/04\/HITS-SAB-4_Jeffrey_Brock-scaled-130x174.jpg 130w, https:\/\/www.h-its.org\/de\/wp-content\/uploads\/sites\/2\/2020\/04\/HITS-SAB-4_Jeffrey_Brock-scaled-1x1.jpg 1w\" sizes=\"auto, (max-width: 639px) 98vw, (max-width: 1199px) 64vw, 130px\" \/>          <\/div>\n  <div class=\"member-preview--content\">\n    <a href=\"https:\/\/www.h-its.org\/de\/people\/jeffrey-brock\/\"><p class=\"font-m font-normal font-primary\">Prof. Dr. Jeffrey Brock<\/p><\/a>\n                <div class=\"member-social\">\n                                                                      <\/div>\n      <a href=\"https:\/\/www.h-its.org\/de\/people\/jeffrey-brock\/\">Mehr Informationen<\/a>\n\n  <\/div>\n<\/div>\n<div class=\"member-preview\">\n    <div class=\"profile-image\">\n              <img loading=\"lazy\" decoding=\"async\" width=\"125\" height=\"174\" src=\"https:\/\/www.h-its.org\/de\/wp-content\/uploads\/sites\/2\/2017\/01\/Thomas_Lengauer_Foto_Christof_Rieken_fuer_die_Leopodina_DSC_8406.jpg\" class=\"attachment-member-preview size-member-preview wp-post-image\" alt=\"\" \/>          <\/div>\n  <div class=\"member-preview--content\">\n    <a href=\"https:\/\/www.h-its.org\/de\/people\/about-thomas-lengauer\/\"><p class=\"font-m font-normal font-primary\">Prof. Dr. Dr. Thomas Lengauer, Vorsitz<\/p><\/a>\n                <div class=\"member-social\">\n                                                                      <\/div>\n      <a href=\"https:\/\/www.h-its.org\/de\/people\/about-thomas-lengauer\/\">Mehr Informationen<\/a>\n\n  <\/div>\n<\/div>\n<div class=\"member-preview\">\n    <div class=\"profile-image\">\n              <img loading=\"lazy\" decoding=\"async\" width=\"130\" height=\"174\" src=\"https:\/\/www.h-its.org\/de\/wp-content\/uploads\/sites\/2\/2024\/01\/Viola_Vogel_ETH_Email-130x174.jpg\" class=\"attachment-member-preview size-member-preview wp-post-image\" alt=\"\" srcset=\"https:\/\/www.h-its.org\/de\/wp-content\/uploads\/sites\/2\/2024\/01\/Viola_Vogel_ETH_Email-130x174.jpg 130w, https:\/\/www.h-its.org\/de\/wp-content\/uploads\/sites\/2\/2024\/01\/Viola_Vogel_ETH_Email-226x300.jpg 226w, https:\/\/www.h-its.org\/de\/wp-content\/uploads\/sites\/2\/2024\/01\/Viola_Vogel_ETH_Email-770x1024.jpg 770w, https:\/\/www.h-its.org\/de\/wp-content\/uploads\/sites\/2\/2024\/01\/Viola_Vogel_ETH_Email-768x1021.jpg 768w, https:\/\/www.h-its.org\/de\/wp-content\/uploads\/sites\/2\/2024\/01\/Viola_Vogel_ETH_Email-1155x1536.jpg 1155w, https:\/\/www.h-its.org\/de\/wp-content\/uploads\/sites\/2\/2024\/01\/Viola_Vogel_ETH_Email-1540x2048.jpg 1540w, https:\/\/www.h-its.org\/de\/wp-content\/uploads\/sites\/2\/2024\/01\/Viola_Vogel_ETH_Email-640x851.jpg 640w, https:\/\/www.h-its.org\/de\/wp-content\/uploads\/sites\/2\/2024\/01\/Viola_Vogel_ETH_Email-1024x1362.jpg 1024w, https:\/\/www.h-its.org\/de\/wp-content\/uploads\/sites\/2\/2024\/01\/Viola_Vogel_ETH_Email-1200x1596.jpg 1200w, https:\/\/www.h-its.org\/de\/wp-content\/uploads\/sites\/2\/2024\/01\/Viola_Vogel_ETH_Email-1x1.jpg 1w, https:\/\/www.h-its.org\/de\/wp-content\/uploads\/sites\/2\/2024\/01\/Viola_Vogel_ETH_Email-420x559.jpg 420w, https:\/\/www.h-its.org\/de\/wp-content\/uploads\/sites\/2\/2024\/01\/Viola_Vogel_ETH_Email-610x811.jpg 610w, https:\/\/www.h-its.org\/de\/wp-content\/uploads\/sites\/2\/2024\/01\/Viola_Vogel_ETH_Email.jpg 1776w\" sizes=\"auto, (max-width: 639px) 98vw, (max-width: 1199px) 64vw, 130px\" \/>          <\/div>\n  <div class=\"member-preview--content\">\n    <a href=\"https:\/\/www.h-its.org\/de\/people\/about-viola-vogel\/\"><p class=\"font-m font-normal font-primary\">Prof. Dr. Viola Vogel<\/p><\/a>\n                <div class=\"member-social\">\n                                                                      <\/div>\n      <a href=\"https:\/\/www.h-its.org\/de\/people\/about-viola-vogel\/\">Mehr Informationen<\/a>\n\n  <\/div>\n<\/div>\n      <\/div>\n    <\/div>\n  <\/div>\n<\/div>\n","protected":false},"excerpt":{"rendered":"<p>Der wissenschaftliche Beirat (Englisch: Scientific Advisory Board, kurz SAB) des HITS besteht aus international angesehenen Wissenschaftlern und Wissenschaftlerinnen. Er ber\u00e4t &#8230;<\/p>\n","protected":false},"author":3,"featured_media":50251,"parent":6,"menu_order":0,"comment_status":"closed","ping_status":"closed","template":"","meta":{"_acf_changed":false,"inline_featured_image":false,"footnotes":""},"hits-research-group":[1341],"class_list":["post-6387","page","type-page","status-publish","has-post-thumbnail","hentry","hits-research-group-administration-de"],"acf":[],"yoast_head":"<!-- This site is optimized with the Yoast SEO plugin v27.4 - https:\/\/yoast.com\/product\/yoast-seo-wordpress\/ -->\n<title>Wissenschaftlicher Beirat - HITS gGmbH<\/title>\n<meta name=\"robots\" content=\"index, follow, max-snippet:-1, max-image-preview:large, max-video-preview:-1\" \/>\n<link rel=\"canonical\" href=\"https:\/\/www.h-its.org\/de\/institut\/wissenschaftlicher-beirat\/\" \/>\n<meta property=\"og:locale\" content=\"de_DE\" \/>\n<meta property=\"og:type\" content=\"article\" \/>\n<meta property=\"og:title\" content=\"Wissenschaftlicher Beirat - HITS gGmbH\" \/>\n<meta property=\"og:description\" content=\"Der wissenschaftliche Beirat (Englisch: Scientific Advisory Board, kurz SAB) des HITS besteht aus international angesehenen Wissenschaftlern und Wissenschaftlerinnen. Er ber\u00e4t ...\" \/>\n<meta property=\"og:url\" content=\"https:\/\/www.h-its.org\/de\/institut\/wissenschaftlicher-beirat\/\" \/>\n<meta property=\"og:site_name\" content=\"HITS gGmbH\" \/>\n<meta property=\"article:modified_time\" content=\"2025-11-10T13:58:57+00:00\" \/>\n<meta property=\"og:image\" content=\"https:\/\/www.h-its.org\/de\/wp-content\/uploads\/sites\/2\/2025\/11\/HITS-Gruppe10.25-2_16x9_web-scaled-e1762783129135.jpg\" \/>\n\t<meta property=\"og:image:width\" content=\"2522\" \/>\n\t<meta property=\"og:image:height\" content=\"1152\" \/>\n\t<meta property=\"og:image:type\" content=\"image\/jpeg\" \/>\n<meta name=\"twitter:card\" content=\"summary_large_image\" \/>\n<meta name=\"twitter:label1\" content=\"Gesch\u00e4tzte Lesezeit\" \/>\n\t<meta name=\"twitter:data1\" content=\"1\u00a0Minute\" \/>\n<script type=\"application\/ld+json\" class=\"yoast-schema-graph\">{\"@context\":\"https:\\\/\\\/schema.org\",\"@graph\":[{\"@type\":\"WebPage\",\"@id\":\"https:\\\/\\\/www.h-its.org\\\/de\\\/institut\\\/wissenschaftlicher-beirat\\\/\",\"url\":\"https:\\\/\\\/www.h-its.org\\\/de\\\/institut\\\/wissenschaftlicher-beirat\\\/\",\"name\":\"Wissenschaftlicher Beirat - HITS gGmbH\",\"isPartOf\":{\"@id\":\"https:\\\/\\\/www.h-its.org\\\/de\\\/#website\"},\"primaryImageOfPage\":{\"@id\":\"https:\\\/\\\/www.h-its.org\\\/de\\\/institut\\\/wissenschaftlicher-beirat\\\/#primaryimage\"},\"image\":{\"@id\":\"https:\\\/\\\/www.h-its.org\\\/de\\\/institut\\\/wissenschaftlicher-beirat\\\/#primaryimage\"},\"thumbnailUrl\":\"https:\\\/\\\/www.h-its.org\\\/de\\\/wp-content\\\/uploads\\\/sites\\\/2\\\/2025\\\/11\\\/HITS-Gruppe10.25-2_16x9_web-scaled-e1762783129135.jpg\",\"datePublished\":\"2014-12-17T10:57:12+00:00\",\"dateModified\":\"2025-11-10T13:58:57+00:00\",\"breadcrumb\":{\"@id\":\"https:\\\/\\\/www.h-its.org\\\/de\\\/institut\\\/wissenschaftlicher-beirat\\\/#breadcrumb\"},\"inLanguage\":\"de\",\"potentialAction\":[{\"@type\":\"ReadAction\",\"target\":[\"https:\\\/\\\/www.h-its.org\\\/de\\\/institut\\\/wissenschaftlicher-beirat\\\/\"]}]},{\"@type\":\"ImageObject\",\"inLanguage\":\"de\",\"@id\":\"https:\\\/\\\/www.h-its.org\\\/de\\\/institut\\\/wissenschaftlicher-beirat\\\/#primaryimage\",\"url\":\"https:\\\/\\\/www.h-its.org\\\/de\\\/wp-content\\\/uploads\\\/sites\\\/2\\\/2025\\\/11\\\/HITS-Gruppe10.25-2_16x9_web-scaled-e1762783129135.jpg\",\"contentUrl\":\"https:\\\/\\\/www.h-its.org\\\/de\\\/wp-content\\\/uploads\\\/sites\\\/2\\\/2025\\\/11\\\/HITS-Gruppe10.25-2_16x9_web-scaled-e1762783129135.jpg\",\"width\":2522,\"height\":1152,\"caption\":\"HITS Scientific Advisory Board 2025\"},{\"@type\":\"BreadcrumbList\",\"@id\":\"https:\\\/\\\/www.h-its.org\\\/de\\\/institut\\\/wissenschaftlicher-beirat\\\/#breadcrumb\",\"itemListElement\":[{\"@type\":\"ListItem\",\"position\":1,\"name\":\"Home\",\"item\":\"https:\\\/\\\/www.h-its.org\\\/de\\\/\"},{\"@type\":\"ListItem\",\"position\":2,\"name\":\"Institut\",\"item\":\"https:\\\/\\\/www.h-its.org\\\/de\\\/institut\\\/\"},{\"@type\":\"ListItem\",\"position\":3,\"name\":\"Wissenschaftlicher Beirat\"}]},{\"@type\":\"WebSite\",\"@id\":\"https:\\\/\\\/www.h-its.org\\\/de\\\/#website\",\"url\":\"https:\\\/\\\/www.h-its.org\\\/de\\\/\",\"name\":\"HITS gGmbH\",\"description\":\"Heidelberg Institute for Theoretical Studies\",\"potentialAction\":[{\"@type\":\"SearchAction\",\"target\":{\"@type\":\"EntryPoint\",\"urlTemplate\":\"https:\\\/\\\/www.h-its.org\\\/de\\\/?s={search_term_string}\"},\"query-input\":{\"@type\":\"PropertyValueSpecification\",\"valueRequired\":true,\"valueName\":\"search_term_string\"}}],\"inLanguage\":\"de\"}]}<\/script>\n<!-- \/ Yoast SEO plugin. -->","yoast_head_json":{"title":"Wissenschaftlicher Beirat - HITS gGmbH","robots":{"index":"index","follow":"follow","max-snippet":"max-snippet:-1","max-image-preview":"max-image-preview:large","max-video-preview":"max-video-preview:-1"},"canonical":"https:\/\/www.h-its.org\/de\/institut\/wissenschaftlicher-beirat\/","og_locale":"de_DE","og_type":"article","og_title":"Wissenschaftlicher Beirat - HITS gGmbH","og_description":"Der wissenschaftliche Beirat (Englisch: Scientific Advisory Board, kurz SAB) des HITS besteht aus international angesehenen Wissenschaftlern und Wissenschaftlerinnen. Er ber\u00e4t ...","og_url":"https:\/\/www.h-its.org\/de\/institut\/wissenschaftlicher-beirat\/","og_site_name":"HITS gGmbH","article_modified_time":"2025-11-10T13:58:57+00:00","og_image":[{"width":2522,"height":1152,"url":"https:\/\/www.h-its.org\/de\/wp-content\/uploads\/sites\/2\/2025\/11\/HITS-Gruppe10.25-2_16x9_web-scaled-e1762783129135.jpg","type":"image\/jpeg"}],"twitter_card":"summary_large_image","twitter_misc":{"Gesch\u00e4tzte Lesezeit":"1\u00a0Minute"},"schema":{"@context":"https:\/\/schema.org","@graph":[{"@type":"WebPage","@id":"https:\/\/www.h-its.org\/de\/institut\/wissenschaftlicher-beirat\/","url":"https:\/\/www.h-its.org\/de\/institut\/wissenschaftlicher-beirat\/","name":"Wissenschaftlicher Beirat - HITS gGmbH","isPartOf":{"@id":"https:\/\/www.h-its.org\/de\/#website"},"primaryImageOfPage":{"@id":"https:\/\/www.h-its.org\/de\/institut\/wissenschaftlicher-beirat\/#primaryimage"},"image":{"@id":"https:\/\/www.h-its.org\/de\/institut\/wissenschaftlicher-beirat\/#primaryimage"},"thumbnailUrl":"https:\/\/www.h-its.org\/de\/wp-content\/uploads\/sites\/2\/2025\/11\/HITS-Gruppe10.25-2_16x9_web-scaled-e1762783129135.jpg","datePublished":"2014-12-17T10:57:12+00:00","dateModified":"2025-11-10T13:58:57+00:00","breadcrumb":{"@id":"https:\/\/www.h-its.org\/de\/institut\/wissenschaftlicher-beirat\/#breadcrumb"},"inLanguage":"de","potentialAction":[{"@type":"ReadAction","target":["https:\/\/www.h-its.org\/de\/institut\/wissenschaftlicher-beirat\/"]}]},{"@type":"ImageObject","inLanguage":"de","@id":"https:\/\/www.h-its.org\/de\/institut\/wissenschaftlicher-beirat\/#primaryimage","url":"https:\/\/www.h-its.org\/de\/wp-content\/uploads\/sites\/2\/2025\/11\/HITS-Gruppe10.25-2_16x9_web-scaled-e1762783129135.jpg","contentUrl":"https:\/\/www.h-its.org\/de\/wp-content\/uploads\/sites\/2\/2025\/11\/HITS-Gruppe10.25-2_16x9_web-scaled-e1762783129135.jpg","width":2522,"height":1152,"caption":"HITS Scientific Advisory Board 2025"},{"@type":"BreadcrumbList","@id":"https:\/\/www.h-its.org\/de\/institut\/wissenschaftlicher-beirat\/#breadcrumb","itemListElement":[{"@type":"ListItem","position":1,"name":"Home","item":"https:\/\/www.h-its.org\/de\/"},{"@type":"ListItem","position":2,"name":"Institut","item":"https:\/\/www.h-its.org\/de\/institut\/"},{"@type":"ListItem","position":3,"name":"Wissenschaftlicher Beirat"}]},{"@type":"WebSite","@id":"https:\/\/www.h-its.org\/de\/#website","url":"https:\/\/www.h-its.org\/de\/","name":"HITS gGmbH","description":"Heidelberg Institute for Theoretical Studies","potentialAction":[{"@type":"SearchAction","target":{"@type":"EntryPoint","urlTemplate":"https:\/\/www.h-its.org\/de\/?s={search_term_string}"},"query-input":{"@type":"PropertyValueSpecification","valueRequired":true,"valueName":"search_term_string"}}],"inLanguage":"de"}]}},"publishpress_future_action":{"enabled":false,"date":"2026-04-23 01:21:07","action":"change-status","newStatus":"draft","terms":[],"taxonomy":"hits-research-group","extraData":[]},"publishpress_future_workflow_manual_trigger":{"enabledWorkflows":[]},"_links":{"self":[{"href":"https:\/\/www.h-its.org\/de\/wp-json\/wp\/v2\/pages\/6387","targetHints":{"allow":["GET"]}}],"collection":[{"href":"https:\/\/www.h-its.org\/de\/wp-json\/wp\/v2\/pages"}],"about":[{"href":"https:\/\/www.h-its.org\/de\/wp-json\/wp\/v2\/types\/page"}],"author":[{"embeddable":true,"href":"https:\/\/www.h-its.org\/de\/wp-json\/wp\/v2\/users\/3"}],"replies":[{"embeddable":true,"href":"https:\/\/www.h-its.org\/de\/wp-json\/wp\/v2\/comments?post=6387"}],"version-history":[{"count":22,"href":"https:\/\/www.h-its.org\/de\/wp-json\/wp\/v2\/pages\/6387\/revisions"}],"predecessor-version":[{"id":49512,"href":"https:\/\/www.h-its.org\/de\/wp-json\/wp\/v2\/pages\/6387\/revisions\/49512"}],"up":[{"embeddable":true,"href":"https:\/\/www.h-its.org\/de\/wp-json\/wp\/v2\/pages\/6"}],"wp:featuredmedia":[{"embeddable":true,"href":"https:\/\/www.h-its.org\/de\/wp-json\/wp\/v2\/media\/50251"}],"wp:attachment":[{"href":"https:\/\/www.h-its.org\/de\/wp-json\/wp\/v2\/media?parent=6387"}],"wp:term":[{"taxonomy":"hits-research-group","embeddable":true,"href":"https:\/\/www.h-its.org\/de\/wp-json\/wp\/v2\/hits-research-group?post=6387"}],"curies":[{"name":"wp","href":"https:\/\/api.w.org\/{rel}","templated":true}]}}