{"id":72,"date":"2014-09-03T20:11:03","date_gmt":"2014-09-03T18:11:03","guid":{"rendered":"http:\/\/www.h-its.org\/de\/institute\/management\/"},"modified":"2025-01-21T10:05:57","modified_gmt":"2025-01-21T09:05:57","slug":"institutsleitung","status":"publish","type":"page","link":"https:\/\/www.h-its.org\/de\/institut\/institutsleitung\/","title":{"rendered":"Institutsleitung"},"content":{"rendered":"\n<p>Die Leitung des HITS besteht aus der Gesch\u00e4ftsf\u00fchrerin Dr. Gesa Sch\u00f6nberger und dem\/der Wissenschaftlichen Direktor*in, der\/die zugleich als Prokurist*in des Instituts fungiert. Der\/die Wissenschaftliche Direktor*in wird von den HITS-Gesellschaftern aus dem Kreis der Forschungsgruppenleiter*innen bestimmt. Er oder sie vertritt das Institut in allen wissenschaftlichen Angelegenheiten gegen\u00fcber Partnern und der \u00d6ffentlichkeit.<\/p>\n\n\n<div class=\"hits-blocks hits-people-block alignfull\">\n  <div class=\"section-wrapper \">\n    <div class=\"section-wrapper--inner no-padding\">\n      <div class=\"people-block-grid two-columns\">\n        <div class=\"member-preview\">\n    <div class=\"profile-image\">\n              <img loading=\"lazy\" decoding=\"async\" width=\"130\" height=\"174\" src=\"https:\/\/www.h-its.org\/de\/wp-content\/uploads\/sites\/2\/2020\/10\/Gesa_Sch\u00f6nberger-scaled-130x174.jpg\" class=\"attachment-member-preview size-member-preview wp-post-image\" alt=\"\" srcset=\"https:\/\/www.h-its.org\/de\/wp-content\/uploads\/sites\/2\/2020\/10\/Gesa_Sch\u00f6nberger-scaled-130x174.jpg 130w, https:\/\/www.h-its.org\/de\/wp-content\/uploads\/sites\/2\/2020\/10\/Gesa_Sch\u00f6nberger-scaled-1x1.jpg 1w\" sizes=\"auto, (max-width: 639px) 98vw, (max-width: 1199px) 64vw, 130px\" \/>          <\/div>\n  <div class=\"member-preview--content\">\n    <a href=\"https:\/\/www.h-its.org\/de\/people\/dr-gesa-schonberger\/\"><p class=\"font-m font-normal font-primary\">Dr. Gesa Sch\u00f6nberger<\/p><\/a>\n          <p class=\"job\">Gesch\u00e4ftsf\u00fchrerin<\/p>\n              <p class=\"phone\">Telefon: +49 6221 \u2013 533 200<\/p>\n            <div class=\"member-social\">\n              <a href=\"mailto:g&#101;%73%61&#46;s%63h&#111;%65&#110;%62e%72&#103;er&#64;&#104;&#45;i%74s%2eo&#114;&#103;\" class=\"iconbutton small mail\" aria-label=\"Soziale medien link\"><\/a>\n                                                                      <\/div>\n      <a href=\"https:\/\/www.h-its.org\/de\/people\/dr-gesa-schonberger\/\">Mehr Informationen<\/a>\n\n  <\/div>\n<\/div>\n<div class=\"member-preview\">\n    <div class=\"profile-image\">\n              <img loading=\"lazy\" decoding=\"async\" width=\"130\" height=\"174\" src=\"https:\/\/www.h-its.org\/de\/wp-content\/uploads\/sites\/2\/2019\/02\/Kai_01-130x174.jpg\" class=\"attachment-member-preview size-member-preview wp-post-image\" alt=\"\" srcset=\"https:\/\/www.h-its.org\/de\/wp-content\/uploads\/sites\/2\/2019\/02\/Kai_01-130x174.jpg 130w, https:\/\/www.h-its.org\/de\/wp-content\/uploads\/sites\/2\/2019\/02\/Kai_01-225x300.jpg 225w, https:\/\/www.h-its.org\/de\/wp-content\/uploads\/sites\/2\/2019\/02\/Kai_01-768x1024.jpg 768w, https:\/\/www.h-its.org\/de\/wp-content\/uploads\/sites\/2\/2019\/02\/Kai_01-1152x1536.jpg 1152w, https:\/\/www.h-its.org\/de\/wp-content\/uploads\/sites\/2\/2019\/02\/Kai_01-1536x2048.jpg 1536w, https:\/\/www.h-its.org\/de\/wp-content\/uploads\/sites\/2\/2019\/02\/Kai_01-640x853.jpg 640w, https:\/\/www.h-its.org\/de\/wp-content\/uploads\/sites\/2\/2019\/02\/Kai_01-1024x1365.jpg 1024w, https:\/\/www.h-its.org\/de\/wp-content\/uploads\/sites\/2\/2019\/02\/Kai_01-1200x1600.jpg 1200w, https:\/\/www.h-its.org\/de\/wp-content\/uploads\/sites\/2\/2019\/02\/Kai_01-scaled.jpg 1920w, https:\/\/www.h-its.org\/de\/wp-content\/uploads\/sites\/2\/2019\/02\/Kai_01-1x1.jpg 1w, https:\/\/www.h-its.org\/de\/wp-content\/uploads\/sites\/2\/2019\/02\/Kai_01-420x560.jpg 420w, https:\/\/www.h-its.org\/de\/wp-content\/uploads\/sites\/2\/2019\/02\/Kai_01-610x813.jpg 610w\" sizes=\"auto, (max-width: 639px) 98vw, (max-width: 1199px) 64vw, 130px\" \/>          <\/div>\n  <div class=\"member-preview--content\">\n    <a href=\"https:\/\/www.h-its.org\/de\/people\/dr-kai-polsterer\/\"><p class=\"font-m font-normal font-primary\">Dr. Kai Polsterer<\/p><\/a>\n          <p class=\"job\">Gruppenleiter und Wissenschaftlicher Direktor (2025-2027)<\/p>\n              <p class=\"phone\">Telefon: +49 6221 \u2013 533 \u2013 314<\/p>\n            <div class=\"member-social\">\n              <a href=\"mailto:&#107;a%69.p&#111;&#108;%73%74er%65r&#64;&#104;%2d%69%74%73%2e%6fr&#103;\" class=\"iconbutton small mail\" aria-label=\"Soziale medien link\"><\/a>\n                                            <a href=\"https:\/\/www.linkedin.com\/in\/kai-polsterer-50867b165\/\" class=\"iconbutton small linkedin\" aria-label=\"Soziale medien link\"><\/a>\n                                        <\/div>\n      <a href=\"https:\/\/www.h-its.org\/de\/people\/dr-kai-polsterer\/\">Mehr Informationen<\/a>\n\n  <\/div>\n<\/div>\n<div class=\"member-preview\">\n    <div class=\"profile-image\">\n              <img loading=\"lazy\" decoding=\"async\" width=\"130\" height=\"174\" src=\"https:\/\/www.h-its.org\/de\/wp-content\/uploads\/sites\/2\/2024\/12\/Rebecca_Wade_2_3_DSC00095-130x174.jpg\" class=\"attachment-member-preview size-member-preview wp-post-image\" alt=\"\" srcset=\"https:\/\/www.h-its.org\/de\/wp-content\/uploads\/sites\/2\/2024\/12\/Rebecca_Wade_2_3_DSC00095-130x174.jpg 130w, https:\/\/www.h-its.org\/de\/wp-content\/uploads\/sites\/2\/2024\/12\/Rebecca_Wade_2_3_DSC00095-1x1.jpg 1w\" sizes=\"auto, (max-width: 639px) 98vw, (max-width: 1199px) 64vw, 130px\" \/>          <\/div>\n  <div class=\"member-preview--content\">\n    <a href=\"https:\/\/www.h-its.org\/de\/people\/rebecca-wade\/\"><p class=\"font-m font-normal font-primary\">Prof. Dr. Rebecca Wade<\/p><\/a>\n          <p class=\"job\">Principal Investigator und stellvertretende Wissenschaftliche Direktorin (HITS)<\/p>\n              <p class=\"phone\">Telefon: +49 6221 533 247<\/p>\n            <div class=\"member-social\">\n              <a href=\"mailto:r%65bec%63%61&#46;&#119;ad%65&#64;%68-&#105;&#116;%73%2eo&#114;&#103;\" class=\"iconbutton small mail\" aria-label=\"Soziale medien link\"><\/a>\n                                                        <a href=\"https:\/\/scholar.google.de\/citations?user=eq_o0N0AAAAJ\" class=\"iconbutton small scholar\" aria-label=\"Soziale medien link\"><\/a>\n                    <a href=\"https:\/\/github.com\/HITS-MCM\" class=\"iconbutton small github\" aria-label=\"Soziale medien link\"><\/a>\n                          <a href=\"https:\/\/www.h-its.org\/people\/prof-dr-rebecca-wade\/\" class=\"iconbutton small web\" aria-label=\"Soziale medien link\"><\/a>\n          <\/div>\n      <a href=\"https:\/\/www.h-its.org\/de\/people\/rebecca-wade\/\">Mehr Informationen<\/a>\n\n  <\/div>\n<\/div>\n      <\/div>\n    <\/div>\n  <\/div>\n<\/div>\n\n\n\n<div style=\"height:100px\" aria-hidden=\"true\" class=\"wp-block-spacer\"><\/div>\n\n\n<div class=\"hits-blocks hits-people-block alignfull\">\n  <div class=\"section-wrapper \">\n    <div class=\"section-wrapper--inner no-padding\">\n      <div class=\"people-block-grid two-columns\">\n        <div class=\"member-preview\">\n    <div class=\"profile-image\">\n              <img loading=\"lazy\" decoding=\"async\" width=\"130\" height=\"174\" src=\"https:\/\/www.h-its.org\/de\/wp-content\/uploads\/sites\/2\/2014\/10\/Rebekka-Riehl-130x174.png\" class=\"attachment-member-preview size-member-preview wp-post-image\" alt=\"\" srcset=\"https:\/\/www.h-its.org\/de\/wp-content\/uploads\/sites\/2\/2014\/10\/Rebekka-Riehl-130x174.png 130w, https:\/\/www.h-its.org\/de\/wp-content\/uploads\/sites\/2\/2014\/10\/Rebekka-Riehl-1x1.png 1w\" sizes=\"auto, (max-width: 639px) 98vw, (max-width: 1199px) 64vw, 130px\" \/>          <\/div>\n  <div class=\"member-preview--content\">\n    <a href=\"https:\/\/www.h-its.org\/de\/people\/rebekka-riehl\/\"><p class=\"font-m font-normal font-primary\">Rebekka Riehl<\/p><\/a>\n          <p class=\"job\">Pers\u00f6nliche Referentin der Gesch\u00e4ftsf\u00fchrerin <\/p>\n              <p class=\"phone\">Telefon: +49 6221 \u2013 533 \u2013 246<\/p>\n            <div class=\"member-social\">\n              <a href=\"mailto:%72e&#98;e&#107;k%61%2e%72i%65h%6c&#64;h&#45;&#105;&#116;&#115;.%6f&#114;%67\" class=\"iconbutton small mail\" aria-label=\"Soziale medien link\"><\/a>\n                                                                      <\/div>\n      <a href=\"https:\/\/www.h-its.org\/de\/people\/rebekka-riehl\/\">Mehr Informationen<\/a>\n\n  <\/div>\n<\/div>\n<div class=\"member-preview\">\n    <div class=\"profile-image\">\n              <img loading=\"lazy\" decoding=\"async\" width=\"130\" height=\"174\" src=\"https:\/\/www.h-its.org\/de\/wp-content\/uploads\/sites\/2\/2021\/06\/Barbara_Port-130x174.jpg\" class=\"attachment-member-preview size-member-preview wp-post-image\" alt=\"\" srcset=\"https:\/\/www.h-its.org\/de\/wp-content\/uploads\/sites\/2\/2021\/06\/Barbara_Port-130x174.jpg 130w, https:\/\/www.h-its.org\/de\/wp-content\/uploads\/sites\/2\/2021\/06\/Barbara_Port-1x1.jpg 1w\" sizes=\"auto, (max-width: 639px) 98vw, (max-width: 1199px) 64vw, 130px\" \/>          <\/div>\n  <div class=\"member-preview--content\">\n    <a href=\"https:\/\/www.h-its.org\/de\/people\/dr-barbara-port\/\"><p class=\"font-m font-normal font-primary\">Dr. Barbara Port<\/p><\/a>\n          <p class=\"job\">Wissenschaftliche Referentin<\/p>\n              <p class=\"phone\">Telefon: +49 (0)6221 \u2013 533 \u2013 224<\/p>\n            <div class=\"member-social\">\n              <a href=\"mailto:&#66;&#97;%72%62ara.%50%6fr&#116;&#64;&#104;&#45;%69t&#115;&#46;o%72%67\" class=\"iconbutton small mail\" aria-label=\"Soziale medien link\"><\/a>\n                                                                      <\/div>\n      <a href=\"https:\/\/www.h-its.org\/de\/people\/dr-barbara-port\/\">Mehr Informationen<\/a>\n\n  <\/div>\n<\/div>\n      <\/div>\n    <\/div>\n  <\/div>\n<\/div>\n","protected":false},"excerpt":{"rendered":"<p>Die Leitung des HITS besteht aus der Gesch\u00e4ftsf\u00fchrerin Dr. Gesa Sch\u00f6nberger und dem\/der Wissenschaftlichen Direktor*in, der\/&#8230;<\/p>\n","protected":false},"author":1,"featured_media":40609,"parent":6,"menu_order":0,"comment_status":"closed","ping_status":"closed","template":"","meta":{"_acf_changed":false,"inline_featured_image":false,"footnotes":""},"hits-research-group":[1341],"class_list":["post-72","page","type-page","status-publish","has-post-thumbnail","hentry","hits-research-group-administration-de"],"acf":[],"yoast_head":"<!-- This site is optimized with the Yoast SEO plugin v27.2 - https:\/\/yoast.com\/product\/yoast-seo-wordpress\/ -->\n<title>Institutsleitung - HITS gGmbH<\/title>\n<meta name=\"robots\" content=\"index, follow, max-snippet:-1, max-image-preview:large, max-video-preview:-1\" \/>\n<link rel=\"canonical\" href=\"https:\/\/www.h-its.org\/de\/institut\/institutsleitung\/\" \/>\n<meta property=\"og:locale\" content=\"de_DE\" \/>\n<meta property=\"og:type\" content=\"article\" \/>\n<meta property=\"og:title\" content=\"Institutsleitung - HITS gGmbH\" \/>\n<meta property=\"og:description\" content=\"Die Leitung des HITS besteht aus der Gesch\u00e4ftsf\u00fchrerin Dr. Gesa Sch\u00f6nberger und dem\/der Wissenschaftlichen Direktor*in, der\/...\" \/>\n<meta property=\"og:url\" content=\"https:\/\/www.h-its.org\/de\/institut\/institutsleitung\/\" \/>\n<meta property=\"og:site_name\" content=\"HITS gGmbH\" \/>\n<meta property=\"article:modified_time\" content=\"2025-01-21T09:05:57+00:00\" \/>\n<meta property=\"og:image\" content=\"https:\/\/www.h-its.org\/de\/wp-content\/uploads\/sites\/2\/2019\/12\/HITS.jpg\" \/>\n\t<meta property=\"og:image:width\" content=\"1340\" \/>\n\t<meta property=\"og:image:height\" content=\"450\" \/>\n\t<meta property=\"og:image:type\" content=\"image\/jpeg\" \/>\n<meta name=\"twitter:card\" content=\"summary_large_image\" \/>\n<meta name=\"twitter:label1\" content=\"Gesch\u00e4tzte Lesezeit\" \/>\n\t<meta name=\"twitter:data1\" content=\"1\u00a0Minute\" \/>\n<script type=\"application\/ld+json\" class=\"yoast-schema-graph\">{\"@context\":\"https:\/\/schema.org\",\"@graph\":[{\"@type\":\"WebPage\",\"@id\":\"https:\/\/www.h-its.org\/de\/institut\/institutsleitung\/\",\"url\":\"https:\/\/www.h-its.org\/de\/institut\/institutsleitung\/\",\"name\":\"Institutsleitung - HITS gGmbH\",\"isPartOf\":{\"@id\":\"https:\/\/www.h-its.org\/de\/#website\"},\"primaryImageOfPage\":{\"@id\":\"https:\/\/www.h-its.org\/de\/institut\/institutsleitung\/#primaryimage\"},\"image\":{\"@id\":\"https:\/\/www.h-its.org\/de\/institut\/institutsleitung\/#primaryimage\"},\"thumbnailUrl\":\"https:\/\/www.h-its.org\/de\/wp-content\/uploads\/sites\/2\/2019\/12\/HITS.jpg\",\"datePublished\":\"2014-09-03T18:11:03+00:00\",\"dateModified\":\"2025-01-21T09:05:57+00:00\",\"breadcrumb\":{\"@id\":\"https:\/\/www.h-its.org\/de\/institut\/institutsleitung\/#breadcrumb\"},\"inLanguage\":\"de\",\"potentialAction\":[{\"@type\":\"ReadAction\",\"target\":[\"https:\/\/www.h-its.org\/de\/institut\/institutsleitung\/\"]}]},{\"@type\":\"ImageObject\",\"inLanguage\":\"de\",\"@id\":\"https:\/\/www.h-its.org\/de\/institut\/institutsleitung\/#primaryimage\",\"url\":\"https:\/\/www.h-its.org\/de\/wp-content\/uploads\/sites\/2\/2019\/12\/HITS.jpg\",\"contentUrl\":\"https:\/\/www.h-its.org\/de\/wp-content\/uploads\/sites\/2\/2019\/12\/HITS.jpg\",\"width\":1340,\"height\":450},{\"@type\":\"BreadcrumbList\",\"@id\":\"https:\/\/www.h-its.org\/de\/institut\/institutsleitung\/#breadcrumb\",\"itemListElement\":[{\"@type\":\"ListItem\",\"position\":1,\"name\":\"Home\",\"item\":\"https:\/\/www.h-its.org\/de\/\"},{\"@type\":\"ListItem\",\"position\":2,\"name\":\"Institut\",\"item\":\"https:\/\/www.h-its.org\/de\/institut\/\"},{\"@type\":\"ListItem\",\"position\":3,\"name\":\"Institutsleitung\"}]},{\"@type\":\"WebSite\",\"@id\":\"https:\/\/www.h-its.org\/de\/#website\",\"url\":\"https:\/\/www.h-its.org\/de\/\",\"name\":\"HITS gGmbH\",\"description\":\"Heidelberg Institute for Theoretical Studies\",\"potentialAction\":[{\"@type\":\"SearchAction\",\"target\":{\"@type\":\"EntryPoint\",\"urlTemplate\":\"https:\/\/www.h-its.org\/de\/?s={search_term_string}\"},\"query-input\":{\"@type\":\"PropertyValueSpecification\",\"valueRequired\":true,\"valueName\":\"search_term_string\"}}],\"inLanguage\":\"de\"}]}<\/script>\n<!-- \/ Yoast SEO plugin. -->","yoast_head_json":{"title":"Institutsleitung - HITS gGmbH","robots":{"index":"index","follow":"follow","max-snippet":"max-snippet:-1","max-image-preview":"max-image-preview:large","max-video-preview":"max-video-preview:-1"},"canonical":"https:\/\/www.h-its.org\/de\/institut\/institutsleitung\/","og_locale":"de_DE","og_type":"article","og_title":"Institutsleitung - HITS gGmbH","og_description":"Die Leitung des HITS besteht aus der Gesch\u00e4ftsf\u00fchrerin Dr. Gesa Sch\u00f6nberger und dem\/der Wissenschaftlichen Direktor*in, der\/...","og_url":"https:\/\/www.h-its.org\/de\/institut\/institutsleitung\/","og_site_name":"HITS gGmbH","article_modified_time":"2025-01-21T09:05:57+00:00","og_image":[{"width":1340,"height":450,"url":"https:\/\/www.h-its.org\/de\/wp-content\/uploads\/sites\/2\/2019\/12\/HITS.jpg","type":"image\/jpeg"}],"twitter_card":"summary_large_image","twitter_misc":{"Gesch\u00e4tzte Lesezeit":"1\u00a0Minute"},"schema":{"@context":"https:\/\/schema.org","@graph":[{"@type":"WebPage","@id":"https:\/\/www.h-its.org\/de\/institut\/institutsleitung\/","url":"https:\/\/www.h-its.org\/de\/institut\/institutsleitung\/","name":"Institutsleitung - HITS gGmbH","isPartOf":{"@id":"https:\/\/www.h-its.org\/de\/#website"},"primaryImageOfPage":{"@id":"https:\/\/www.h-its.org\/de\/institut\/institutsleitung\/#primaryimage"},"image":{"@id":"https:\/\/www.h-its.org\/de\/institut\/institutsleitung\/#primaryimage"},"thumbnailUrl":"https:\/\/www.h-its.org\/de\/wp-content\/uploads\/sites\/2\/2019\/12\/HITS.jpg","datePublished":"2014-09-03T18:11:03+00:00","dateModified":"2025-01-21T09:05:57+00:00","breadcrumb":{"@id":"https:\/\/www.h-its.org\/de\/institut\/institutsleitung\/#breadcrumb"},"inLanguage":"de","potentialAction":[{"@type":"ReadAction","target":["https:\/\/www.h-its.org\/de\/institut\/institutsleitung\/"]}]},{"@type":"ImageObject","inLanguage":"de","@id":"https:\/\/www.h-its.org\/de\/institut\/institutsleitung\/#primaryimage","url":"https:\/\/www.h-its.org\/de\/wp-content\/uploads\/sites\/2\/2019\/12\/HITS.jpg","contentUrl":"https:\/\/www.h-its.org\/de\/wp-content\/uploads\/sites\/2\/2019\/12\/HITS.jpg","width":1340,"height":450},{"@type":"BreadcrumbList","@id":"https:\/\/www.h-its.org\/de\/institut\/institutsleitung\/#breadcrumb","itemListElement":[{"@type":"ListItem","position":1,"name":"Home","item":"https:\/\/www.h-its.org\/de\/"},{"@type":"ListItem","position":2,"name":"Institut","item":"https:\/\/www.h-its.org\/de\/institut\/"},{"@type":"ListItem","position":3,"name":"Institutsleitung"}]},{"@type":"WebSite","@id":"https:\/\/www.h-its.org\/de\/#website","url":"https:\/\/www.h-its.org\/de\/","name":"HITS gGmbH","description":"Heidelberg Institute for Theoretical Studies","potentialAction":[{"@type":"SearchAction","target":{"@type":"EntryPoint","urlTemplate":"https:\/\/www.h-its.org\/de\/?s={search_term_string}"},"query-input":{"@type":"PropertyValueSpecification","valueRequired":true,"valueName":"search_term_string"}}],"inLanguage":"de"}]}},"publishpress_future_action":{"enabled":false,"date":"2026-04-16 21:18:20","action":"change-status","newStatus":"draft","terms":[],"taxonomy":"hits-research-group","extraData":[]},"publishpress_future_workflow_manual_trigger":{"enabledWorkflows":[]},"_links":{"self":[{"href":"https:\/\/www.h-its.org\/de\/wp-json\/wp\/v2\/pages\/72","targetHints":{"allow":["GET"]}}],"collection":[{"href":"https:\/\/www.h-its.org\/de\/wp-json\/wp\/v2\/pages"}],"about":[{"href":"https:\/\/www.h-its.org\/de\/wp-json\/wp\/v2\/types\/page"}],"author":[{"embeddable":true,"href":"https:\/\/www.h-its.org\/de\/wp-json\/wp\/v2\/users\/1"}],"replies":[{"embeddable":true,"href":"https:\/\/www.h-its.org\/de\/wp-json\/wp\/v2\/comments?post=72"}],"version-history":[{"count":62,"href":"https:\/\/www.h-its.org\/de\/wp-json\/wp\/v2\/pages\/72\/revisions"}],"predecessor-version":[{"id":49573,"href":"https:\/\/www.h-its.org\/de\/wp-json\/wp\/v2\/pages\/72\/revisions\/49573"}],"up":[{"embeddable":true,"href":"https:\/\/www.h-its.org\/de\/wp-json\/wp\/v2\/pages\/6"}],"wp:featuredmedia":[{"embeddable":true,"href":"https:\/\/www.h-its.org\/de\/wp-json\/wp\/v2\/media\/40609"}],"wp:attachment":[{"href":"https:\/\/www.h-its.org\/de\/wp-json\/wp\/v2\/media?parent=72"}],"wp:term":[{"taxonomy":"hits-research-group","embeddable":true,"href":"https:\/\/www.h-its.org\/de\/wp-json\/wp\/v2\/hits-research-group?post=72"}],"curies":[{"name":"wp","href":"https:\/\/api.w.org\/{rel}","templated":true}]}}