{"id":74,"date":"2014-09-03T20:11:04","date_gmt":"2014-09-03T18:11:04","guid":{"rendered":"http:\/\/www.h-its.org\/de\/institute\/admin\/"},"modified":"2025-09-09T15:46:08","modified_gmt":"2025-09-09T13:46:08","slug":"verwaltung","status":"publish","type":"page","link":"https:\/\/www.h-its.org\/de\/institut\/verwaltung\/","title":{"rendered":"Verwaltung"},"content":{"rendered":"\n<p>Die Aufgabe der Administrations-Gruppe am HITS ist eigentlich klar: Sie bietet den Forschungsgruppen Unterst\u00fctzung in allen b\u00fcrokratischen Belangen, damit diese sich auf das konzentrieren k\u00f6nnen, was sie am besten k\u00f6nnen: Wissenschaft. Unsere helfende Funktion schlie\u00dft alle relevanten Bereiche ein, seien es nun Arbeitsvertr\u00e4ge, Budgetverwaltung oder Berichte \u00fcber Projekte von Dritten.<\/p>\n\n\n<div class=\"hits-blocks hits-people-block alignfull\">\n  <div class=\"section-wrapper \">\n    <div class=\"section-wrapper--inner no-padding\">\n      <div class=\"people-block-grid two-columns\">\n              <\/div>\n    <\/div>\n  <\/div>\n<\/div>\n\n\n<div class=\"hits-blocks hits-people-block alignfull\">\n  <div class=\"section-wrapper \">\n    <div class=\"section-wrapper--inner no-padding\">\n      <div class=\"people-block-grid two-columns\">\n        <div class=\"member-preview\">\n    <div class=\"profile-image\">\n              <img loading=\"lazy\" decoding=\"async\" width=\"90\" height=\"120\" src=\"https:\/\/www.h-its.org\/de\/wp-content\/uploads\/sites\/2\/2014\/10\/Dummybild1.jpg\" class=\"attachment-member-preview size-member-preview wp-post-image\" alt=\"\" \/>          <\/div>\n  <div class=\"member-preview--content\">\n    <a href=\"https:\/\/www.h-its.org\/de\/people\/back-office\/\"><p class=\"font-m font-normal font-primary\">Back office<\/p><\/a>\n          <p class=\"job\">Inventary Control, Library<\/p>\n              <p class=\"phone\">Telefon: +49 6221 &#8211; 533 &#8211; 203<\/p>\n            <div class=\"member-social\">\n              <a href=\"mailto:a%64&#109;&#105;n&#46;bo&#64;h%2d%69%74&#115;&#46;o&#114;%67\" class=\"iconbutton small mail\" aria-label=\"Soziale medien link\"><\/a>\n                                                                      <\/div>\n      <a href=\"https:\/\/www.h-its.org\/de\/people\/back-office\/\">Mehr Informationen<\/a>\n\n  <\/div>\n<\/div>\n<div class=\"member-preview\">\n    <div class=\"profile-image\">\n              <img loading=\"lazy\" decoding=\"async\" width=\"130\" height=\"174\" src=\"https:\/\/www.h-its.org\/de\/wp-content\/uploads\/sites\/2\/2021\/06\/Barbara_Port-130x174.jpg\" class=\"attachment-member-preview size-member-preview wp-post-image\" alt=\"\" srcset=\"https:\/\/www.h-its.org\/de\/wp-content\/uploads\/sites\/2\/2021\/06\/Barbara_Port-130x174.jpg 130w, https:\/\/www.h-its.org\/de\/wp-content\/uploads\/sites\/2\/2021\/06\/Barbara_Port-1x1.jpg 1w\" sizes=\"auto, (max-width: 639px) 98vw, (max-width: 1199px) 64vw, 130px\" \/>          <\/div>\n  <div class=\"member-preview--content\">\n    <a href=\"https:\/\/www.h-its.org\/de\/people\/dr-barbara-port\/\"><p class=\"font-m font-normal font-primary\">Dr. Barbara Port<\/p><\/a>\n          <p class=\"job\">Wissenschaftliche Referentin<\/p>\n              <p class=\"phone\">Telefon: +49 (0)6221 \u2013 533 \u2013 224<\/p>\n            <div class=\"member-social\">\n              <a href=\"mailto:&#66;%61r%62&#97;&#114;&#97;.&#80;o&#114;%74%40&#104;%2d&#105;t%73.%6f&#114;g\" class=\"iconbutton small mail\" aria-label=\"Soziale medien link\"><\/a>\n                                                                      <\/div>\n      <a href=\"https:\/\/www.h-its.org\/de\/people\/dr-barbara-port\/\">Mehr Informationen<\/a>\n\n  <\/div>\n<\/div>\n<div class=\"member-preview\">\n    <div class=\"profile-image\">\n              <img loading=\"lazy\" decoding=\"async\" width=\"130\" height=\"174\" src=\"https:\/\/www.h-its.org\/de\/wp-content\/uploads\/sites\/2\/2014\/10\/Christina_01-130x174.jpg\" class=\"attachment-member-preview size-member-preview wp-post-image\" alt=\"\" srcset=\"https:\/\/www.h-its.org\/de\/wp-content\/uploads\/sites\/2\/2014\/10\/Christina_01-130x174.jpg 130w, https:\/\/www.h-its.org\/de\/wp-content\/uploads\/sites\/2\/2014\/10\/Christina_01-1x1.jpg 1w\" sizes=\"auto, (max-width: 639px) 98vw, (max-width: 1199px) 64vw, 130px\" \/>          <\/div>\n  <div class=\"member-preview--content\">\n    <a href=\"https:\/\/www.h-its.org\/de\/people\/christina-blach\/\"><p class=\"font-m font-normal font-primary\">Christina Blach<\/p><\/a>\n          <p class=\"job\">Administration<\/p>\n              <p class=\"phone\">Telefon: +49 6221 &#8211; 533 &#8211;\u00a0262<\/p>\n            <div class=\"member-social\">\n              <a href=\"mailto:%63hr&#105;%73ti&#110;&#97;&#46;b&#108;%61%63h%40&#104;%2d%69%74%73%2e&#111;rg\" class=\"iconbutton small mail\" aria-label=\"Soziale medien link\"><\/a>\n                                                                      <\/div>\n      <a href=\"https:\/\/www.h-its.org\/de\/people\/christina-blach\/\">Mehr Informationen<\/a>\n\n  <\/div>\n<\/div>\n<div class=\"member-preview\">\n    <div class=\"profile-image\">\n              <img loading=\"lazy\" decoding=\"async\" width=\"130\" height=\"174\" src=\"https:\/\/www.h-its.org\/de\/wp-content\/uploads\/sites\/2\/2025\/09\/Darija_01-130x174.jpg\" class=\"attachment-member-preview size-member-preview wp-post-image\" alt=\"\" srcset=\"https:\/\/www.h-its.org\/de\/wp-content\/uploads\/sites\/2\/2025\/09\/Darija_01-130x174.jpg 130w, https:\/\/www.h-its.org\/de\/wp-content\/uploads\/sites\/2\/2025\/09\/Darija_01-1x1.jpg 1w\" sizes=\"auto, (max-width: 639px) 98vw, (max-width: 1199px) 64vw, 130px\" \/>          <\/div>\n  <div class=\"member-preview--content\">\n    <a href=\"https:\/\/www.h-its.org\/de\/people\/darija-stein\/\"><p class=\"font-m font-normal font-primary\">Darija Stein<\/p><\/a>\n          <p class=\"job\">Team Assistant Front Office<\/p>\n              <p class=\"phone\">Telefon: +49 (0)6221 \u2013 533 \u2013 201<\/p>\n            <div class=\"member-social\">\n              <a href=\"mailto:&#68;&#97;&#114;ij%61&#46;&#83;&#116;ei%6e&#64;%68-&#105;%74%73.&#111;r%67\" class=\"iconbutton small mail\" aria-label=\"Soziale medien link\"><\/a>\n                                                                      <\/div>\n      <a href=\"https:\/\/www.h-its.org\/de\/people\/darija-stein\/\">Mehr Informationen<\/a>\n\n  <\/div>\n<\/div>\n<div class=\"member-preview\">\n    <div class=\"profile-image\">\n              <img loading=\"lazy\" decoding=\"async\" width=\"130\" height=\"174\" src=\"https:\/\/www.h-its.org\/de\/wp-content\/uploads\/sites\/2\/2020\/10\/Frauke_Bley-1-scaled-130x174.jpg\" class=\"attachment-member-preview size-member-preview wp-post-image\" alt=\"\" srcset=\"https:\/\/www.h-its.org\/de\/wp-content\/uploads\/sites\/2\/2020\/10\/Frauke_Bley-1-scaled-130x174.jpg 130w, https:\/\/www.h-its.org\/de\/wp-content\/uploads\/sites\/2\/2020\/10\/Frauke_Bley-1-scaled-1x1.jpg 1w\" sizes=\"auto, (max-width: 639px) 98vw, (max-width: 1199px) 64vw, 130px\" \/>          <\/div>\n  <div class=\"member-preview--content\">\n    <a href=\"https:\/\/www.h-its.org\/de\/people\/frauke-bley\/\"><p class=\"font-m font-normal font-primary\">Frauke Bley<\/p><\/a>\n          <p class=\"job\">Human Resources<\/p>\n              <p class=\"phone\">Telefon: +49 6221 &#8211; 533 &#8211; 327<\/p>\n            <div class=\"member-social\">\n              <a href=\"mailto:&#102;ra%75&#107;%65&#46;ble&#121;&#64;%68-it%73.org\" class=\"iconbutton small mail\" aria-label=\"Soziale medien link\"><\/a>\n                                                                      <\/div>\n      <a href=\"https:\/\/www.h-its.org\/de\/people\/frauke-bley\/\">Mehr Informationen<\/a>\n\n  <\/div>\n<\/div>\n<div class=\"member-preview\">\n    <div class=\"profile-image\">\n              <img loading=\"lazy\" decoding=\"async\" width=\"130\" height=\"174\" src=\"https:\/\/www.h-its.org\/de\/wp-content\/uploads\/sites\/2\/2023\/05\/40I9482-Bearbeitet-130x174.jpg\" class=\"attachment-member-preview size-member-preview wp-post-image\" alt=\"\" \/>          <\/div>\n  <div class=\"member-preview--content\">\n    <a href=\"https:\/\/www.h-its.org\/de\/people\/harald-haas\/\"><p class=\"font-m font-normal font-primary\">Harald Haas<\/p><\/a>\n          <p class=\"job\">Controlling, Team Lead Grant Administration<\/p>\n              <p class=\"phone\">Telefon: +49 (0)6221 \u2013 533 \u2013 219<\/p>\n            <div class=\"member-social\">\n              <a href=\"mailto:H&#97;&#114;al%64%2e%48%61%61s&#64;h%2di&#116;&#115;&#46;&#111;&#114;g\" class=\"iconbutton small mail\" aria-label=\"Soziale medien link\"><\/a>\n                                                                      <\/div>\n      <a href=\"https:\/\/www.h-its.org\/de\/people\/harald-haas\/\">Mehr Informationen<\/a>\n\n  <\/div>\n<\/div>\n<div class=\"member-preview\">\n    <div class=\"profile-image\">\n              <img loading=\"lazy\" decoding=\"async\" width=\"130\" height=\"174\" src=\"https:\/\/www.h-its.org\/de\/wp-content\/uploads\/sites\/2\/2019\/05\/people-fallback-image.jpg\" class=\"attachment-member-preview size-member-preview\" alt=\"\" \/>          <\/div>\n  <div class=\"member-preview--content\">\n    <a href=\"https:\/\/www.h-its.org\/de\/people\/ingrid-kraling\/\"><p class=\"font-m font-normal font-primary\">Ingrid Kr\u00e4ling<\/p><\/a>\n          <p class=\"job\">Controlling<\/p>\n              <p class=\"phone\">Telefon: +49 6221 &#8211; 533 &#8211;\u00a0308<\/p>\n            <div class=\"member-social\">\n              <a href=\"mailto:&#105;n&#103;%72i&#100;&#46;&#107;r%61%65%6c%69&#110;%67&#64;h%2d%69&#116;%73.%6fr%67\" class=\"iconbutton small mail\" aria-label=\"Soziale medien link\"><\/a>\n                                                                      <\/div>\n      <a href=\"https:\/\/www.h-its.org\/de\/people\/ingrid-kraling\/\">Mehr Informationen<\/a>\n\n  <\/div>\n<\/div>\n<div class=\"member-preview\">\n    <div class=\"profile-image\">\n              <img loading=\"lazy\" decoding=\"async\" width=\"116\" height=\"174\" src=\"https:\/\/www.h-its.org\/de\/wp-content\/uploads\/sites\/2\/2018\/01\/Irina_Zaichenko-scaled.jpg\" class=\"attachment-member-preview size-member-preview wp-post-image\" alt=\"\" \/>          <\/div>\n  <div class=\"member-preview--content\">\n    <a href=\"https:\/\/www.h-its.org\/de\/people\/irina-zaichenko\/\"><p class=\"font-m font-normal font-primary\">Irina Zaichenko<\/p><\/a>\n          <p class=\"job\">Accounting<\/p>\n              <p class=\"phone\">Telefon: +49 6221 &#8211; 533 &#8211;\u00a0204<\/p>\n            <div class=\"member-social\">\n              <a href=\"mailto:i%72ina.%7a&#97;i%63&#104;e&#110;&#107;o%40%68-%69&#116;&#115;%2eo&#114;&#103;\" class=\"iconbutton small mail\" aria-label=\"Soziale medien link\"><\/a>\n                                                                      <\/div>\n      <a href=\"https:\/\/www.h-its.org\/de\/people\/irina-zaichenko\/\">Mehr Informationen<\/a>\n\n  <\/div>\n<\/div>\n<div class=\"member-preview\">\n    <div class=\"profile-image\">\n              <img loading=\"lazy\" decoding=\"async\" width=\"130\" height=\"174\" src=\"https:\/\/www.h-its.org\/de\/wp-content\/uploads\/sites\/2\/2023\/10\/DSC02851-130x174.jpg\" class=\"attachment-member-preview size-member-preview wp-post-image\" alt=\"\" srcset=\"https:\/\/www.h-its.org\/de\/wp-content\/uploads\/sites\/2\/2023\/10\/DSC02851-130x174.jpg 130w, https:\/\/www.h-its.org\/de\/wp-content\/uploads\/sites\/2\/2023\/10\/DSC02851-1x1.jpg 1w\" sizes=\"auto, (max-width: 639px) 98vw, (max-width: 1199px) 64vw, 130px\" \/>          <\/div>\n  <div class=\"member-preview--content\">\n    <a href=\"https:\/\/www.h-its.org\/de\/people\/jason-vay-disterhoft\/\"><p class=\"font-m font-normal font-primary\">Jason Vay-Disterhoeft<\/p><\/a>\n          <p class=\"job\">Team Assistent HR<\/p>\n              <p class=\"phone\">Telefon: +49 (0)6221 \u2013 533 \u2013 332<\/p>\n            <div class=\"member-social\">\n              <a href=\"mailto:Jas&#111;n%2eV&#97;%79-%44%69%73%74%65&#114;%68oe%66%74&#64;%68&#45;%69%74s&#46;%6f&#114;&#103;\" class=\"iconbutton small mail\" aria-label=\"Soziale medien link\"><\/a>\n                                                                      <\/div>\n      <a href=\"https:\/\/www.h-its.org\/de\/people\/jason-vay-disterhoft\/\">Mehr Informationen<\/a>\n\n  <\/div>\n<\/div>\n<div class=\"member-preview\">\n    <div class=\"profile-image\">\n              <img loading=\"lazy\" decoding=\"async\" width=\"130\" height=\"174\" src=\"https:\/\/www.h-its.org\/de\/wp-content\/uploads\/sites\/2\/2019\/05\/people-fallback-image.jpg\" class=\"attachment-member-preview size-member-preview\" alt=\"\" \/>          <\/div>\n  <div class=\"member-preview--content\">\n    <a href=\"https:\/\/www.h-its.org\/de\/people\/jessica-herbert\/\"><p class=\"font-m font-normal font-primary\">Jessica Herbert<\/p><\/a>\n          <p class=\"job\">Accounting<\/p>\n              <p class=\"phone\">Telefon: +49 (0)6221 \u2013 533 \u2013 323<\/p>\n            <div class=\"member-social\">\n              <a href=\"mailto:%4a%65s&#115;i&#99;%61%2eHe%72%62ert%40%68-i&#116;&#115;.&#111;%72%67\" class=\"iconbutton small mail\" aria-label=\"Soziale medien link\"><\/a>\n                                                                      <\/div>\n      <a href=\"https:\/\/www.h-its.org\/de\/people\/jessica-herbert\/\">Mehr Informationen<\/a>\n\n  <\/div>\n<\/div>\n<div class=\"member-preview\">\n    <div class=\"profile-image\">\n              <img loading=\"lazy\" decoding=\"async\" width=\"130\" height=\"174\" src=\"https:\/\/www.h-its.org\/de\/wp-content\/uploads\/sites\/2\/2019\/05\/people-fallback-image.jpg\" class=\"attachment-member-preview size-member-preview\" alt=\"\" \/>          <\/div>\n  <div class=\"member-preview--content\">\n    <a href=\"https:\/\/www.h-its.org\/de\/people\/karl-buchholz\/\"><p class=\"font-m font-normal font-primary\">Karl Buchholz<\/p><\/a>\n          <p class=\"job\">Student Worker<\/p>\n                <div class=\"member-social\">\n              <a href=\"mailto:&#107;&#97;r%6c&#46;&#98;uch&#104;&#111;l%7a&#64;%68%2d&#105;ts&#46;&#111;&#114;&#103;\" class=\"iconbutton small mail\" aria-label=\"Soziale medien link\"><\/a>\n                                                                      <\/div>\n      <a href=\"https:\/\/www.h-its.org\/de\/people\/karl-buchholz\/\">Mehr Informationen<\/a>\n\n  <\/div>\n<\/div>\n<div class=\"member-preview\">\n    <div class=\"profile-image\">\n              <img loading=\"lazy\" decoding=\"async\" width=\"130\" height=\"174\" src=\"https:\/\/www.h-its.org\/de\/wp-content\/uploads\/sites\/2\/2014\/10\/Rebekka-Riehl-130x174.png\" class=\"attachment-member-preview size-member-preview wp-post-image\" alt=\"\" srcset=\"https:\/\/www.h-its.org\/de\/wp-content\/uploads\/sites\/2\/2014\/10\/Rebekka-Riehl-130x174.png 130w, https:\/\/www.h-its.org\/de\/wp-content\/uploads\/sites\/2\/2014\/10\/Rebekka-Riehl-1x1.png 1w\" sizes=\"auto, (max-width: 639px) 98vw, (max-width: 1199px) 64vw, 130px\" \/>          <\/div>\n  <div class=\"member-preview--content\">\n    <a href=\"https:\/\/www.h-its.org\/de\/people\/rebekka-riehl\/\"><p class=\"font-m font-normal font-primary\">Rebekka Riehl<\/p><\/a>\n          <p class=\"job\">Pers\u00f6nliche Referentin der Gesch\u00e4ftsf\u00fchrerin <\/p>\n              <p class=\"phone\">Telefon: +49 6221 \u2013 533 \u2013 246<\/p>\n            <div class=\"member-social\">\n              <a href=\"mailto:re&#98;%65%6bka%2e%72ie%68%6c&#64;h&#45;%69&#116;&#115;&#46;%6fr%67\" class=\"iconbutton small mail\" aria-label=\"Soziale medien link\"><\/a>\n                                                                      <\/div>\n      <a href=\"https:\/\/www.h-its.org\/de\/people\/rebekka-riehl\/\">Mehr Informationen<\/a>\n\n  <\/div>\n<\/div>\n<div class=\"member-preview\">\n    <div class=\"profile-image\">\n              <img loading=\"lazy\" decoding=\"async\" width=\"130\" height=\"174\" src=\"https:\/\/www.h-its.org\/de\/wp-content\/uploads\/sites\/2\/2019\/05\/people-fallback-image.jpg\" class=\"attachment-member-preview size-member-preview\" alt=\"\" \/>          <\/div>\n  <div class=\"member-preview--content\">\n    <a href=\"https:\/\/www.h-its.org\/de\/people\/silvia-galbusera\/\"><p class=\"font-m font-normal font-primary\">Silvia Galbusera<\/p><\/a>\n          <p class=\"job\">Human Resources<\/p>\n              <p class=\"phone\">Telefon: +49 (0)6221 \u2013 533 \u2013 280<\/p>\n            <div class=\"member-social\">\n              <a href=\"mailto:&#83;%69&#108;v&#105;a%2eGa&#108;&#98;&#117;&#115;%65r&#97;%40%68&#45;it%73&#46;%6fr&#103;\" class=\"iconbutton small mail\" aria-label=\"Soziale medien link\"><\/a>\n                                                                      <\/div>\n      <a href=\"https:\/\/www.h-its.org\/de\/people\/silvia-galbusera\/\">Mehr Informationen<\/a>\n\n  <\/div>\n<\/div>\n<div class=\"member-preview\">\n    <div class=\"profile-image\">\n              <img loading=\"lazy\" decoding=\"async\" width=\"130\" height=\"174\" src=\"https:\/\/www.h-its.org\/de\/wp-content\/uploads\/sites\/2\/2021\/11\/Yashasvini-130x174.jpg\" class=\"attachment-member-preview size-member-preview wp-post-image\" alt=\"\" \/>          <\/div>\n  <div class=\"member-preview--content\">\n    <a href=\"https:\/\/www.h-its.org\/de\/people\/yashasvini-balachandra\/\"><p class=\"font-m font-normal font-primary\">Yashasvini Balachandra<\/p><\/a>\n          <p class=\"job\">Controlling<\/p>\n              <p class=\"phone\">Telefon: +49 (0)6221 \u2013 533 \u2013 330<\/p>\n            <div class=\"member-social\">\n              <a href=\"mailto:&#89;&#97;&#115;ha%73%76&#105;&#110;i%2eB&#97;la%63%68a%6e%64&#114;&#97;&#64;&#104;-%69t&#115;.o%72g\" class=\"iconbutton small mail\" aria-label=\"Soziale medien link\"><\/a>\n                                                                      <\/div>\n      <a href=\"https:\/\/www.h-its.org\/de\/people\/yashasvini-balachandra\/\">Mehr Informationen<\/a>\n\n  <\/div>\n<\/div>\n      <\/div>\n    <\/div>\n  <\/div>\n<\/div>\n","protected":false},"excerpt":{"rendered":"<p>Die Aufgabe der Administrations-Gruppe am HITS ist eigentlich klar: Sie bietet den Forschungsgruppen Unterst\u00fctzung in allen b\u00fcrokratischen Belangen, damit &#8230;<\/p>\n","protected":false},"author":1,"featured_media":50120,"parent":6,"menu_order":0,"comment_status":"closed","ping_status":"closed","template":"","meta":{"_acf_changed":false,"inline_featured_image":false,"footnotes":""},"hits-research-group":[1341],"class_list":["post-74","page","type-page","status-publish","has-post-thumbnail","hentry","hits-research-group-administration-de"],"acf":[],"yoast_head":"<!-- This site is optimized with the Yoast SEO plugin v27.4 - https:\/\/yoast.com\/product\/yoast-seo-wordpress\/ -->\n<title>Verwaltung - HITS gGmbH<\/title>\n<meta name=\"robots\" content=\"index, follow, max-snippet:-1, max-image-preview:large, max-video-preview:-1\" \/>\n<link rel=\"canonical\" href=\"https:\/\/www.h-its.org\/de\/institut\/verwaltung\/\" \/>\n<meta property=\"og:locale\" content=\"de_DE\" \/>\n<meta property=\"og:type\" content=\"article\" \/>\n<meta property=\"og:title\" content=\"Verwaltung - HITS gGmbH\" \/>\n<meta property=\"og:description\" content=\"Die Aufgabe der Administrations-Gruppe am HITS ist eigentlich klar: Sie bietet den Forschungsgruppen Unterst\u00fctzung in allen b\u00fcrokratischen Belangen, damit ...\" \/>\n<meta property=\"og:url\" content=\"https:\/\/www.h-its.org\/de\/institut\/verwaltung\/\" \/>\n<meta property=\"og:site_name\" content=\"HITS gGmbH\" \/>\n<meta property=\"article:modified_time\" content=\"2025-09-09T13:46:08+00:00\" \/>\n<meta property=\"og:image\" content=\"https:\/\/www.h-its.org\/de\/wp-content\/uploads\/sites\/2\/2025\/09\/HITS_Admin_AR_40I9377-scaled.jpg\" \/>\n\t<meta property=\"og:image:width\" content=\"2560\" \/>\n\t<meta property=\"og:image:height\" content=\"1706\" \/>\n\t<meta property=\"og:image:type\" content=\"image\/jpeg\" \/>\n<meta name=\"twitter:card\" content=\"summary_large_image\" \/>\n<meta name=\"twitter:label1\" content=\"Gesch\u00e4tzte Lesezeit\" \/>\n\t<meta name=\"twitter:data1\" content=\"1\u00a0Minute\" \/>\n<script type=\"application\/ld+json\" class=\"yoast-schema-graph\">{\"@context\":\"https:\\\/\\\/schema.org\",\"@graph\":[{\"@type\":\"WebPage\",\"@id\":\"https:\\\/\\\/www.h-its.org\\\/de\\\/institut\\\/verwaltung\\\/\",\"url\":\"https:\\\/\\\/www.h-its.org\\\/de\\\/institut\\\/verwaltung\\\/\",\"name\":\"Verwaltung - HITS gGmbH\",\"isPartOf\":{\"@id\":\"https:\\\/\\\/www.h-its.org\\\/de\\\/#website\"},\"primaryImageOfPage\":{\"@id\":\"https:\\\/\\\/www.h-its.org\\\/de\\\/institut\\\/verwaltung\\\/#primaryimage\"},\"image\":{\"@id\":\"https:\\\/\\\/www.h-its.org\\\/de\\\/institut\\\/verwaltung\\\/#primaryimage\"},\"thumbnailUrl\":\"https:\\\/\\\/www.h-its.org\\\/de\\\/wp-content\\\/uploads\\\/sites\\\/2\\\/2025\\\/09\\\/HITS_Admin_AR_40I9377-scaled.jpg\",\"datePublished\":\"2014-09-03T18:11:04+00:00\",\"dateModified\":\"2025-09-09T13:46:08+00:00\",\"breadcrumb\":{\"@id\":\"https:\\\/\\\/www.h-its.org\\\/de\\\/institut\\\/verwaltung\\\/#breadcrumb\"},\"inLanguage\":\"de\",\"potentialAction\":[{\"@type\":\"ReadAction\",\"target\":[\"https:\\\/\\\/www.h-its.org\\\/de\\\/institut\\\/verwaltung\\\/\"]}]},{\"@type\":\"ImageObject\",\"inLanguage\":\"de\",\"@id\":\"https:\\\/\\\/www.h-its.org\\\/de\\\/institut\\\/verwaltung\\\/#primaryimage\",\"url\":\"https:\\\/\\\/www.h-its.org\\\/de\\\/wp-content\\\/uploads\\\/sites\\\/2\\\/2025\\\/09\\\/HITS_Admin_AR_40I9377-scaled.jpg\",\"contentUrl\":\"https:\\\/\\\/www.h-its.org\\\/de\\\/wp-content\\\/uploads\\\/sites\\\/2\\\/2025\\\/09\\\/HITS_Admin_AR_40I9377-scaled.jpg\",\"width\":2560,\"height\":1706,\"caption\":\"HITS-Administration 2024\"},{\"@type\":\"BreadcrumbList\",\"@id\":\"https:\\\/\\\/www.h-its.org\\\/de\\\/institut\\\/verwaltung\\\/#breadcrumb\",\"itemListElement\":[{\"@type\":\"ListItem\",\"position\":1,\"name\":\"Home\",\"item\":\"https:\\\/\\\/www.h-its.org\\\/de\\\/\"},{\"@type\":\"ListItem\",\"position\":2,\"name\":\"Institut\",\"item\":\"https:\\\/\\\/www.h-its.org\\\/de\\\/institut\\\/\"},{\"@type\":\"ListItem\",\"position\":3,\"name\":\"Verwaltung\"}]},{\"@type\":\"WebSite\",\"@id\":\"https:\\\/\\\/www.h-its.org\\\/de\\\/#website\",\"url\":\"https:\\\/\\\/www.h-its.org\\\/de\\\/\",\"name\":\"HITS gGmbH\",\"description\":\"Heidelberg Institute for Theoretical Studies\",\"potentialAction\":[{\"@type\":\"SearchAction\",\"target\":{\"@type\":\"EntryPoint\",\"urlTemplate\":\"https:\\\/\\\/www.h-its.org\\\/de\\\/?s={search_term_string}\"},\"query-input\":{\"@type\":\"PropertyValueSpecification\",\"valueRequired\":true,\"valueName\":\"search_term_string\"}}],\"inLanguage\":\"de\"}]}<\/script>\n<!-- \/ Yoast SEO plugin. -->","yoast_head_json":{"title":"Verwaltung - HITS gGmbH","robots":{"index":"index","follow":"follow","max-snippet":"max-snippet:-1","max-image-preview":"max-image-preview:large","max-video-preview":"max-video-preview:-1"},"canonical":"https:\/\/www.h-its.org\/de\/institut\/verwaltung\/","og_locale":"de_DE","og_type":"article","og_title":"Verwaltung - HITS gGmbH","og_description":"Die Aufgabe der Administrations-Gruppe am HITS ist eigentlich klar: Sie bietet den Forschungsgruppen Unterst\u00fctzung in allen b\u00fcrokratischen Belangen, damit ...","og_url":"https:\/\/www.h-its.org\/de\/institut\/verwaltung\/","og_site_name":"HITS gGmbH","article_modified_time":"2025-09-09T13:46:08+00:00","og_image":[{"width":2560,"height":1706,"url":"https:\/\/www.h-its.org\/de\/wp-content\/uploads\/sites\/2\/2025\/09\/HITS_Admin_AR_40I9377-scaled.jpg","type":"image\/jpeg"}],"twitter_card":"summary_large_image","twitter_misc":{"Gesch\u00e4tzte Lesezeit":"1\u00a0Minute"},"schema":{"@context":"https:\/\/schema.org","@graph":[{"@type":"WebPage","@id":"https:\/\/www.h-its.org\/de\/institut\/verwaltung\/","url":"https:\/\/www.h-its.org\/de\/institut\/verwaltung\/","name":"Verwaltung - HITS gGmbH","isPartOf":{"@id":"https:\/\/www.h-its.org\/de\/#website"},"primaryImageOfPage":{"@id":"https:\/\/www.h-its.org\/de\/institut\/verwaltung\/#primaryimage"},"image":{"@id":"https:\/\/www.h-its.org\/de\/institut\/verwaltung\/#primaryimage"},"thumbnailUrl":"https:\/\/www.h-its.org\/de\/wp-content\/uploads\/sites\/2\/2025\/09\/HITS_Admin_AR_40I9377-scaled.jpg","datePublished":"2014-09-03T18:11:04+00:00","dateModified":"2025-09-09T13:46:08+00:00","breadcrumb":{"@id":"https:\/\/www.h-its.org\/de\/institut\/verwaltung\/#breadcrumb"},"inLanguage":"de","potentialAction":[{"@type":"ReadAction","target":["https:\/\/www.h-its.org\/de\/institut\/verwaltung\/"]}]},{"@type":"ImageObject","inLanguage":"de","@id":"https:\/\/www.h-its.org\/de\/institut\/verwaltung\/#primaryimage","url":"https:\/\/www.h-its.org\/de\/wp-content\/uploads\/sites\/2\/2025\/09\/HITS_Admin_AR_40I9377-scaled.jpg","contentUrl":"https:\/\/www.h-its.org\/de\/wp-content\/uploads\/sites\/2\/2025\/09\/HITS_Admin_AR_40I9377-scaled.jpg","width":2560,"height":1706,"caption":"HITS-Administration 2024"},{"@type":"BreadcrumbList","@id":"https:\/\/www.h-its.org\/de\/institut\/verwaltung\/#breadcrumb","itemListElement":[{"@type":"ListItem","position":1,"name":"Home","item":"https:\/\/www.h-its.org\/de\/"},{"@type":"ListItem","position":2,"name":"Institut","item":"https:\/\/www.h-its.org\/de\/institut\/"},{"@type":"ListItem","position":3,"name":"Verwaltung"}]},{"@type":"WebSite","@id":"https:\/\/www.h-its.org\/de\/#website","url":"https:\/\/www.h-its.org\/de\/","name":"HITS gGmbH","description":"Heidelberg Institute for Theoretical Studies","potentialAction":[{"@type":"SearchAction","target":{"@type":"EntryPoint","urlTemplate":"https:\/\/www.h-its.org\/de\/?s={search_term_string}"},"query-input":{"@type":"PropertyValueSpecification","valueRequired":true,"valueName":"search_term_string"}}],"inLanguage":"de"}]}},"publishpress_future_action":{"enabled":false,"date":"2026-04-24 17:34:26","action":"change-status","newStatus":"draft","terms":[],"taxonomy":"hits-research-group","extraData":[]},"publishpress_future_workflow_manual_trigger":{"enabledWorkflows":[]},"_links":{"self":[{"href":"https:\/\/www.h-its.org\/de\/wp-json\/wp\/v2\/pages\/74","targetHints":{"allow":["GET"]}}],"collection":[{"href":"https:\/\/www.h-its.org\/de\/wp-json\/wp\/v2\/pages"}],"about":[{"href":"https:\/\/www.h-its.org\/de\/wp-json\/wp\/v2\/types\/page"}],"author":[{"embeddable":true,"href":"https:\/\/www.h-its.org\/de\/wp-json\/wp\/v2\/users\/1"}],"replies":[{"embeddable":true,"href":"https:\/\/www.h-its.org\/de\/wp-json\/wp\/v2\/comments?post=74"}],"version-history":[{"count":33,"href":"https:\/\/www.h-its.org\/de\/wp-json\/wp\/v2\/pages\/74\/revisions"}],"predecessor-version":[{"id":50119,"href":"https:\/\/www.h-its.org\/de\/wp-json\/wp\/v2\/pages\/74\/revisions\/50119"}],"up":[{"embeddable":true,"href":"https:\/\/www.h-its.org\/de\/wp-json\/wp\/v2\/pages\/6"}],"wp:featuredmedia":[{"embeddable":true,"href":"https:\/\/www.h-its.org\/de\/wp-json\/wp\/v2\/media\/50120"}],"wp:attachment":[{"href":"https:\/\/www.h-its.org\/de\/wp-json\/wp\/v2\/media?parent=74"}],"wp:term":[{"taxonomy":"hits-research-group","embeddable":true,"href":"https:\/\/www.h-its.org\/de\/wp-json\/wp\/v2\/hits-research-group?post=74"}],"curies":[{"name":"wp","href":"https:\/\/api.w.org\/{rel}","templated":true}]}}