{"id":76,"date":"2014-09-03T20:11:05","date_gmt":"2014-09-03T18:11:05","guid":{"rendered":"http:\/\/www.h-its.org\/de\/institute\/its\/"},"modified":"2019-12-10T12:08:54","modified_gmt":"2019-12-10T11:08:54","slug":"its","status":"publish","type":"page","link":"https:\/\/www.h-its.org\/de\/institut\/its\/","title":{"rendered":"IT Services"},"content":{"rendered":"\n<p>Die IT Services-Gruppe (ITS) wurde im Juli 2013 gegr\u00fcndet und \u00fcbernimmt seitdem die Verantwortung f\u00fcr den gesamten IT-Bereich. Ziel der ITS ist es, koh\u00e4renten IT-Service bereit zu stellen, der die Anliegen und Bed\u00fcrfnisse aller HITS-Forschungsgruppen mit einbezieht. Ihre Hauptaufgabe besteht im Management des Rechenzentrums und Netzwerks des Instituts sowie der Verwaltung und Instandhaltung aller HITS-Computersysteme. Eine weitere wichtige Aufgabe der Gruppe ist der technische Support und die Fortbildung der Nutzer am HITS. So hilft sie nicht nur bei der L\u00f6sung allt\u00e4glicher Computerprobleme, sondern organisiert auch interne Workshops, bei denen zum Beispiel die effiziente Nutzung des HPC-Clusters erkl\u00e4rt wird oder neue Technologien vorgestellt werden.<\/p>\n\n\n<div class=\"hits-blocks hits-people-block alignfull\">\n  <div class=\"section-wrapper \">\n    <div class=\"section-wrapper--inner no-padding\">\n      <div class=\"people-block-grid two-columns\">\n        <div class=\"member-preview\">\n    <div class=\"profile-image\">\n              <img loading=\"lazy\" decoding=\"async\" width=\"130\" height=\"174\" src=\"https:\/\/www.h-its.org\/de\/wp-content\/uploads\/sites\/2\/2019\/02\/Kai_01-130x174.jpg\" class=\"attachment-member-preview size-member-preview wp-post-image\" alt=\"\" srcset=\"https:\/\/www.h-its.org\/de\/wp-content\/uploads\/sites\/2\/2019\/02\/Kai_01-130x174.jpg 130w, https:\/\/www.h-its.org\/de\/wp-content\/uploads\/sites\/2\/2019\/02\/Kai_01-225x300.jpg 225w, https:\/\/www.h-its.org\/de\/wp-content\/uploads\/sites\/2\/2019\/02\/Kai_01-768x1024.jpg 768w, https:\/\/www.h-its.org\/de\/wp-content\/uploads\/sites\/2\/2019\/02\/Kai_01-1152x1536.jpg 1152w, https:\/\/www.h-its.org\/de\/wp-content\/uploads\/sites\/2\/2019\/02\/Kai_01-1536x2048.jpg 1536w, https:\/\/www.h-its.org\/de\/wp-content\/uploads\/sites\/2\/2019\/02\/Kai_01-640x853.jpg 640w, https:\/\/www.h-its.org\/de\/wp-content\/uploads\/sites\/2\/2019\/02\/Kai_01-1024x1365.jpg 1024w, https:\/\/www.h-its.org\/de\/wp-content\/uploads\/sites\/2\/2019\/02\/Kai_01-1200x1600.jpg 1200w, https:\/\/www.h-its.org\/de\/wp-content\/uploads\/sites\/2\/2019\/02\/Kai_01-scaled.jpg 1920w, https:\/\/www.h-its.org\/de\/wp-content\/uploads\/sites\/2\/2019\/02\/Kai_01-1x1.jpg 1w, https:\/\/www.h-its.org\/de\/wp-content\/uploads\/sites\/2\/2019\/02\/Kai_01-420x560.jpg 420w, https:\/\/www.h-its.org\/de\/wp-content\/uploads\/sites\/2\/2019\/02\/Kai_01-610x813.jpg 610w\" sizes=\"auto, (max-width: 639px) 98vw, (max-width: 1199px) 64vw, 130px\" \/>          <\/div>\n  <div class=\"member-preview--content\">\n    <a href=\"https:\/\/www.h-its.org\/de\/people\/dr-kai-polsterer-2\/\"><p class=\"font-m font-normal font-primary\">Dr. Kai Polsterer<\/p><\/a>\n          <p class=\"job\">Amtierender Gruppenleiter und Wissenschaftlicher Direktor (2025-2027)<\/p>\n              <p class=\"phone\">Telefon: +49 6221 \u2013 533 \u2013 314<\/p>\n            <div class=\"member-social\">\n              <a href=\"mailto:&#107;%61&#105;.%70o%6cste%72&#101;%72&#64;%68%2d&#105;t&#115;.%6f&#114;&#103;\" class=\"iconbutton small mail\" aria-label=\"Soziale medien link\"><\/a>\n                                            <a href=\"https:\/\/www.linkedin.com\/in\/kai-polsterer-50867b165\/\" class=\"iconbutton small linkedin\" aria-label=\"Soziale medien link\"><\/a>\n                                        <\/div>\n      <a href=\"https:\/\/www.h-its.org\/de\/people\/dr-kai-polsterer-2\/\">Mehr Informationen<\/a>\n\n  <\/div>\n<\/div>\n      <\/div>\n    <\/div>\n  <\/div>\n<\/div>\n\n\n<div class=\"hits-blocks hits-people-block alignfull\">\n  <div class=\"section-wrapper \">\n    <div class=\"section-wrapper--inner no-padding\">\n      <div class=\"people-block-grid two-columns\">\n        <div class=\"member-preview\">\n    <div class=\"profile-image\">\n              <img loading=\"lazy\" decoding=\"async\" width=\"130\" height=\"174\" src=\"https:\/\/www.h-its.org\/de\/wp-content\/uploads\/sites\/2\/2020\/05\/Andreas_Ulrich-scaled-130x174.jpg\" class=\"attachment-member-preview size-member-preview wp-post-image\" alt=\"\" srcset=\"https:\/\/www.h-its.org\/de\/wp-content\/uploads\/sites\/2\/2020\/05\/Andreas_Ulrich-scaled-130x174.jpg 130w, https:\/\/www.h-its.org\/de\/wp-content\/uploads\/sites\/2\/2020\/05\/Andreas_Ulrich-scaled-1x1.jpg 1w\" sizes=\"auto, (max-width: 639px) 98vw, (max-width: 1199px) 64vw, 130px\" \/>          <\/div>\n  <div class=\"member-preview--content\">\n    <a href=\"https:\/\/www.h-its.org\/de\/people\/andreas-ulrich\/\"><p class=\"font-m font-normal font-primary\">Andreas Ulrich<\/p><\/a>\n          <p class=\"job\">System Administrator<\/p>\n              <p class=\"phone\">Telefon: +49 6221 \u2013 533 \u2013 268<\/p>\n            <div class=\"member-social\">\n                                                                      <\/div>\n      <a href=\"https:\/\/www.h-its.org\/de\/people\/andreas-ulrich\/\">Mehr Informationen<\/a>\n\n  <\/div>\n<\/div>\n<div class=\"member-preview\">\n    <div class=\"profile-image\">\n              <img loading=\"lazy\" decoding=\"async\" width=\"130\" height=\"174\" src=\"https:\/\/www.h-its.org\/de\/wp-content\/uploads\/sites\/2\/2019\/05\/people-fallback-image.jpg\" class=\"attachment-member-preview size-member-preview\" alt=\"\" \/>          <\/div>\n  <div class=\"member-preview--content\">\n    <a href=\"https:\/\/www.h-its.org\/de\/people\/dr-bernd-doser\/\"><p class=\"font-m font-normal font-primary\">Dr. Bernd Doser<\/p><\/a>\n          <p class=\"job\">Senior Software Developer<\/p>\n              <p class=\"phone\">Telefon: +49 6221 \u2013 533 \u2013 237<\/p>\n            <div class=\"member-social\">\n              <a href=\"mailto:&#98;&#101;%72n%64%2e%64%6f%73e&#114;%40&#104;&#45;&#105;&#116;%73.&#111;%72g\" class=\"iconbutton small mail\" aria-label=\"Soziale medien link\"><\/a>\n                                                                      <\/div>\n      <a href=\"https:\/\/www.h-its.org\/de\/people\/dr-bernd-doser\/\">Mehr Informationen<\/a>\n\n  <\/div>\n<\/div>\n<div class=\"member-preview\">\n    <div class=\"profile-image\">\n              <img loading=\"lazy\" decoding=\"async\" width=\"130\" height=\"174\" src=\"https:\/\/www.h-its.org\/de\/wp-content\/uploads\/sites\/2\/2019\/05\/people-fallback-image.jpg\" class=\"attachment-member-preview size-member-preview\" alt=\"\" \/>          <\/div>\n  <div class=\"member-preview--content\">\n    <a href=\"https:\/\/www.h-its.org\/de\/people\/christiane-luttermann\/\"><p class=\"font-m font-normal font-primary\">Christiane Luttermann<\/p><\/a>\n          <p class=\"job\">Team Assistant IT<\/p>\n              <p class=\"phone\">Telefon: +49 (0)6221 \u2013 533 \u2013 229<\/p>\n            <div class=\"member-social\">\n              <a href=\"mailto:&#67;&#104;%72i%73%74&#105;a&#110;%65.Lut&#116;e&#114;&#109;a&#110;%6e%40%68%2di%74&#115;.&#111;&#114;%67\" class=\"iconbutton small mail\" aria-label=\"Soziale medien link\"><\/a>\n                                                                      <\/div>\n      <a href=\"https:\/\/www.h-its.org\/de\/people\/christiane-luttermann\/\">Mehr Informationen<\/a>\n\n  <\/div>\n<\/div>\n<div class=\"member-preview\">\n    <div class=\"profile-image\">\n              <img loading=\"lazy\" decoding=\"async\" width=\"130\" height=\"174\" src=\"https:\/\/www.h-its.org\/de\/wp-content\/uploads\/sites\/2\/2025\/09\/HITS-Team-10.25-18-130x174.jpg\" class=\"attachment-member-preview size-member-preview wp-post-image\" alt=\"\" srcset=\"https:\/\/www.h-its.org\/de\/wp-content\/uploads\/sites\/2\/2025\/09\/HITS-Team-10.25-18-130x174.jpg 130w, https:\/\/www.h-its.org\/de\/wp-content\/uploads\/sites\/2\/2025\/09\/HITS-Team-10.25-18-1x1.jpg 1w\" sizes=\"auto, (max-width: 639px) 98vw, (max-width: 1199px) 64vw, 130px\" \/>          <\/div>\n  <div class=\"member-preview--content\">\n    <a href=\"https:\/\/www.h-its.org\/de\/people\/dr-felix-bangerter\/\"><p class=\"font-m font-normal font-primary\">Dr. Felix Bangerter<\/p><\/a>\n          <p class=\"job\">HPC System Administrator<\/p>\n              <p class=\"phone\">Telefon: +49 (0)6221 \u2013 533 \u2013 211<\/p>\n            <div class=\"member-social\">\n              <a href=\"mailto:%46eli&#120;.B%61&#110;&#103;%65r&#116;&#101;r&#64;h-&#105;&#116;&#115;.o&#114;g\" class=\"iconbutton small mail\" aria-label=\"Soziale medien link\"><\/a>\n                                                                      <\/div>\n      <a href=\"https:\/\/www.h-its.org\/de\/people\/dr-felix-bangerter\/\">Mehr Informationen<\/a>\n\n  <\/div>\n<\/div>\n<div class=\"member-preview\">\n    <div class=\"profile-image\">\n              <img loading=\"lazy\" decoding=\"async\" width=\"130\" height=\"174\" src=\"https:\/\/www.h-its.org\/de\/wp-content\/uploads\/sites\/2\/2024\/01\/MW_130x174.jpg\" class=\"attachment-member-preview size-member-preview wp-post-image\" alt=\"\" srcset=\"https:\/\/www.h-its.org\/de\/wp-content\/uploads\/sites\/2\/2024\/01\/MW_130x174.jpg 130w, https:\/\/www.h-its.org\/de\/wp-content\/uploads\/sites\/2\/2024\/01\/MW_130x174-1x1.jpg 1w\" sizes=\"auto, (max-width: 639px) 98vw, (max-width: 1199px) 64vw, 130px\" \/>          <\/div>\n  <div class=\"member-preview--content\">\n    <a href=\"https:\/\/www.h-its.org\/de\/people\/martin-wendt\/\"><p class=\"font-m font-normal font-primary\">Martin Wendt<\/p><\/a>\n          <p class=\"job\">System Administrator<\/p>\n              <p class=\"phone\">Telefon: +49 (0)6221 \u2013 533 \u2013 271<\/p>\n            <div class=\"member-social\">\n              <a href=\"mailto:&#77;&#97;%72t&#105;n&#46;&#87;e&#110;dt%40h&#45;%69&#116;&#115;%2e%6fr&#103;\" class=\"iconbutton small mail\" aria-label=\"Soziale medien link\"><\/a>\n                                                                      <\/div>\n      <a href=\"https:\/\/www.h-its.org\/de\/people\/martin-wendt\/\">Mehr Informationen<\/a>\n\n  <\/div>\n<\/div>\n<div class=\"member-preview\">\n    <div class=\"profile-image\">\n              <img loading=\"lazy\" decoding=\"async\" width=\"130\" height=\"174\" src=\"https:\/\/www.h-its.org\/de\/wp-content\/uploads\/sites\/2\/2020\/05\/Taufan_Zimmer-scaled-130x174.jpg\" class=\"attachment-member-preview size-member-preview wp-post-image\" alt=\"\" srcset=\"https:\/\/www.h-its.org\/de\/wp-content\/uploads\/sites\/2\/2020\/05\/Taufan_Zimmer-scaled-130x174.jpg 130w, https:\/\/www.h-its.org\/de\/wp-content\/uploads\/sites\/2\/2020\/05\/Taufan_Zimmer-scaled-1x1.jpg 1w\" sizes=\"auto, (max-width: 639px) 98vw, (max-width: 1199px) 64vw, 130px\" \/>          <\/div>\n  <div class=\"member-preview--content\">\n    <a href=\"https:\/\/www.h-its.org\/de\/people\/taufan-zimmer\/\"><p class=\"font-m font-normal font-primary\">Taufan Zimmer<\/p><\/a>\n          <p class=\"job\">HPC System Administrator<\/p>\n              <p class=\"phone\">Telefon: +49 6221 &#8211; 533 &#8211; 230<\/p>\n            <div class=\"member-social\">\n              <a href=\"mailto:&#84;a%75%66a%6e.Z&#105;%6dm&#101;%72&#64;%68-%69&#116;%73.%6f%72g\" class=\"iconbutton small mail\" aria-label=\"Soziale medien link\"><\/a>\n                                                                      <\/div>\n      <a href=\"https:\/\/www.h-its.org\/de\/people\/taufan-zimmer\/\">Mehr Informationen<\/a>\n\n  <\/div>\n<\/div>\n      <\/div>\n    <\/div>\n  <\/div>\n<\/div>\n","protected":false},"excerpt":{"rendered":"<p>Die IT Services-Gruppe (ITS) wurde im Juli 2013 gegr\u00fcndet und \u00fcbernimmt seitdem die Verantwortung f\u00fcr den gesamten IT-Bereich. Ziel der &#8230;<\/p>\n","protected":false},"author":1,"featured_media":40619,"parent":6,"menu_order":0,"comment_status":"closed","ping_status":"closed","template":"","meta":{"_acf_changed":false,"inline_featured_image":false,"footnotes":""},"hits-research-group":[1341],"class_list":["post-76","page","type-page","status-publish","has-post-thumbnail","hentry","hits-research-group-administration-de"],"acf":[],"yoast_head":"<!-- This site is optimized with the Yoast SEO plugin v27.2 - https:\/\/yoast.com\/product\/yoast-seo-wordpress\/ -->\n<title>IT Services - HITS gGmbH<\/title>\n<meta name=\"robots\" content=\"index, follow, max-snippet:-1, max-image-preview:large, max-video-preview:-1\" \/>\n<link rel=\"canonical\" href=\"https:\/\/www.h-its.org\/de\/institut\/its\/\" \/>\n<meta property=\"og:locale\" content=\"de_DE\" \/>\n<meta property=\"og:type\" content=\"article\" \/>\n<meta property=\"og:title\" content=\"IT Services - HITS gGmbH\" \/>\n<meta property=\"og:description\" content=\"Die IT Services-Gruppe (ITS) wurde im Juli 2013 gegr\u00fcndet und \u00fcbernimmt seitdem die Verantwortung f\u00fcr den gesamten IT-Bereich. Ziel der ...\" \/>\n<meta property=\"og:url\" content=\"https:\/\/www.h-its.org\/de\/institut\/its\/\" \/>\n<meta property=\"og:site_name\" content=\"HITS gGmbH\" \/>\n<meta property=\"article:modified_time\" content=\"2019-12-10T11:08:54+00:00\" \/>\n<meta property=\"og:image\" content=\"https:\/\/www.h-its.org\/de\/wp-content\/uploads\/sites\/2\/2019\/12\/IT.jpg\" \/>\n\t<meta property=\"og:image:width\" content=\"1340\" \/>\n\t<meta property=\"og:image:height\" content=\"450\" \/>\n\t<meta property=\"og:image:type\" content=\"image\/jpeg\" \/>\n<meta name=\"twitter:card\" content=\"summary_large_image\" \/>\n<meta name=\"twitter:label1\" content=\"Gesch\u00e4tzte Lesezeit\" \/>\n\t<meta name=\"twitter:data1\" content=\"1\u00a0Minute\" \/>\n<script type=\"application\/ld+json\" class=\"yoast-schema-graph\">{\"@context\":\"https:\/\/schema.org\",\"@graph\":[{\"@type\":\"WebPage\",\"@id\":\"https:\/\/www.h-its.org\/de\/institut\/its\/\",\"url\":\"https:\/\/www.h-its.org\/de\/institut\/its\/\",\"name\":\"IT Services - HITS gGmbH\",\"isPartOf\":{\"@id\":\"https:\/\/www.h-its.org\/de\/#website\"},\"primaryImageOfPage\":{\"@id\":\"https:\/\/www.h-its.org\/de\/institut\/its\/#primaryimage\"},\"image\":{\"@id\":\"https:\/\/www.h-its.org\/de\/institut\/its\/#primaryimage\"},\"thumbnailUrl\":\"https:\/\/www.h-its.org\/de\/wp-content\/uploads\/sites\/2\/2019\/12\/IT.jpg\",\"datePublished\":\"2014-09-03T18:11:05+00:00\",\"dateModified\":\"2019-12-10T11:08:54+00:00\",\"breadcrumb\":{\"@id\":\"https:\/\/www.h-its.org\/de\/institut\/its\/#breadcrumb\"},\"inLanguage\":\"de\",\"potentialAction\":[{\"@type\":\"ReadAction\",\"target\":[\"https:\/\/www.h-its.org\/de\/institut\/its\/\"]}]},{\"@type\":\"ImageObject\",\"inLanguage\":\"de\",\"@id\":\"https:\/\/www.h-its.org\/de\/institut\/its\/#primaryimage\",\"url\":\"https:\/\/www.h-its.org\/de\/wp-content\/uploads\/sites\/2\/2019\/12\/IT.jpg\",\"contentUrl\":\"https:\/\/www.h-its.org\/de\/wp-content\/uploads\/sites\/2\/2019\/12\/IT.jpg\",\"width\":1340,\"height\":450},{\"@type\":\"BreadcrumbList\",\"@id\":\"https:\/\/www.h-its.org\/de\/institut\/its\/#breadcrumb\",\"itemListElement\":[{\"@type\":\"ListItem\",\"position\":1,\"name\":\"Home\",\"item\":\"https:\/\/www.h-its.org\/de\/\"},{\"@type\":\"ListItem\",\"position\":2,\"name\":\"Institut\",\"item\":\"https:\/\/www.h-its.org\/de\/institut\/\"},{\"@type\":\"ListItem\",\"position\":3,\"name\":\"IT Services\"}]},{\"@type\":\"WebSite\",\"@id\":\"https:\/\/www.h-its.org\/de\/#website\",\"url\":\"https:\/\/www.h-its.org\/de\/\",\"name\":\"HITS gGmbH\",\"description\":\"Heidelberg Institute for Theoretical Studies\",\"potentialAction\":[{\"@type\":\"SearchAction\",\"target\":{\"@type\":\"EntryPoint\",\"urlTemplate\":\"https:\/\/www.h-its.org\/de\/?s={search_term_string}\"},\"query-input\":{\"@type\":\"PropertyValueSpecification\",\"valueRequired\":true,\"valueName\":\"search_term_string\"}}],\"inLanguage\":\"de\"}]}<\/script>\n<!-- \/ Yoast SEO plugin. -->","yoast_head_json":{"title":"IT Services - HITS gGmbH","robots":{"index":"index","follow":"follow","max-snippet":"max-snippet:-1","max-image-preview":"max-image-preview:large","max-video-preview":"max-video-preview:-1"},"canonical":"https:\/\/www.h-its.org\/de\/institut\/its\/","og_locale":"de_DE","og_type":"article","og_title":"IT Services - HITS gGmbH","og_description":"Die IT Services-Gruppe (ITS) wurde im Juli 2013 gegr\u00fcndet und \u00fcbernimmt seitdem die Verantwortung f\u00fcr den gesamten IT-Bereich. Ziel der ...","og_url":"https:\/\/www.h-its.org\/de\/institut\/its\/","og_site_name":"HITS gGmbH","article_modified_time":"2019-12-10T11:08:54+00:00","og_image":[{"width":1340,"height":450,"url":"https:\/\/www.h-its.org\/de\/wp-content\/uploads\/sites\/2\/2019\/12\/IT.jpg","type":"image\/jpeg"}],"twitter_card":"summary_large_image","twitter_misc":{"Gesch\u00e4tzte Lesezeit":"1\u00a0Minute"},"schema":{"@context":"https:\/\/schema.org","@graph":[{"@type":"WebPage","@id":"https:\/\/www.h-its.org\/de\/institut\/its\/","url":"https:\/\/www.h-its.org\/de\/institut\/its\/","name":"IT Services - HITS gGmbH","isPartOf":{"@id":"https:\/\/www.h-its.org\/de\/#website"},"primaryImageOfPage":{"@id":"https:\/\/www.h-its.org\/de\/institut\/its\/#primaryimage"},"image":{"@id":"https:\/\/www.h-its.org\/de\/institut\/its\/#primaryimage"},"thumbnailUrl":"https:\/\/www.h-its.org\/de\/wp-content\/uploads\/sites\/2\/2019\/12\/IT.jpg","datePublished":"2014-09-03T18:11:05+00:00","dateModified":"2019-12-10T11:08:54+00:00","breadcrumb":{"@id":"https:\/\/www.h-its.org\/de\/institut\/its\/#breadcrumb"},"inLanguage":"de","potentialAction":[{"@type":"ReadAction","target":["https:\/\/www.h-its.org\/de\/institut\/its\/"]}]},{"@type":"ImageObject","inLanguage":"de","@id":"https:\/\/www.h-its.org\/de\/institut\/its\/#primaryimage","url":"https:\/\/www.h-its.org\/de\/wp-content\/uploads\/sites\/2\/2019\/12\/IT.jpg","contentUrl":"https:\/\/www.h-its.org\/de\/wp-content\/uploads\/sites\/2\/2019\/12\/IT.jpg","width":1340,"height":450},{"@type":"BreadcrumbList","@id":"https:\/\/www.h-its.org\/de\/institut\/its\/#breadcrumb","itemListElement":[{"@type":"ListItem","position":1,"name":"Home","item":"https:\/\/www.h-its.org\/de\/"},{"@type":"ListItem","position":2,"name":"Institut","item":"https:\/\/www.h-its.org\/de\/institut\/"},{"@type":"ListItem","position":3,"name":"IT Services"}]},{"@type":"WebSite","@id":"https:\/\/www.h-its.org\/de\/#website","url":"https:\/\/www.h-its.org\/de\/","name":"HITS gGmbH","description":"Heidelberg Institute for Theoretical Studies","potentialAction":[{"@type":"SearchAction","target":{"@type":"EntryPoint","urlTemplate":"https:\/\/www.h-its.org\/de\/?s={search_term_string}"},"query-input":{"@type":"PropertyValueSpecification","valueRequired":true,"valueName":"search_term_string"}}],"inLanguage":"de"}]}},"publishpress_future_action":{"enabled":false,"date":"2026-04-20 11:26:24","action":"change-status","newStatus":"draft","terms":[],"taxonomy":"hits-research-group","extraData":[]},"publishpress_future_workflow_manual_trigger":{"enabledWorkflows":[]},"_links":{"self":[{"href":"https:\/\/www.h-its.org\/de\/wp-json\/wp\/v2\/pages\/76","targetHints":{"allow":["GET"]}}],"collection":[{"href":"https:\/\/www.h-its.org\/de\/wp-json\/wp\/v2\/pages"}],"about":[{"href":"https:\/\/www.h-its.org\/de\/wp-json\/wp\/v2\/types\/page"}],"author":[{"embeddable":true,"href":"https:\/\/www.h-its.org\/de\/wp-json\/wp\/v2\/users\/1"}],"replies":[{"embeddable":true,"href":"https:\/\/www.h-its.org\/de\/wp-json\/wp\/v2\/comments?post=76"}],"version-history":[{"count":24,"href":"https:\/\/www.h-its.org\/de\/wp-json\/wp\/v2\/pages\/76\/revisions"}],"predecessor-version":[{"id":50224,"href":"https:\/\/www.h-its.org\/de\/wp-json\/wp\/v2\/pages\/76\/revisions\/50224"}],"up":[{"embeddable":true,"href":"https:\/\/www.h-its.org\/de\/wp-json\/wp\/v2\/pages\/6"}],"wp:featuredmedia":[{"embeddable":true,"href":"https:\/\/www.h-its.org\/de\/wp-json\/wp\/v2\/media\/40619"}],"wp:attachment":[{"href":"https:\/\/www.h-its.org\/de\/wp-json\/wp\/v2\/media?parent=76"}],"wp:term":[{"taxonomy":"hits-research-group","embeddable":true,"href":"https:\/\/www.h-its.org\/de\/wp-json\/wp\/v2\/hits-research-group?post=76"}],"curies":[{"name":"wp","href":"https:\/\/api.w.org\/{rel}","templated":true}]}}